{"id":11108,"date":"2022-08-11T14:46:42","date_gmt":"2022-08-11T12:46:42","guid":{"rendered":"https:\/\/strangercam.com\/?page_id=11108"},"modified":"2023-08-21T11:40:39","modified_gmt":"2023-08-21T09:40:39","slug":"camround","status":"publish","type":"page","link":"https:\/\/strangercam.com\/tr\/camround\/","title":{"rendered":"Camround"},"content":{"rendered":"<p>G\u00fcn\u00fcm\u00fcz d\u00fcnyas\u0131nda kendinizi yaln\u0131z ve konu\u015facak kimseniz yokmu\u015f gibi hissetmek \u00e7ok kolay. E\u011fer bir yol ar\u0131yorsan\u0131z <a href=\"https:\/\/strangercam.com\/tr\/coomeet\/\">tan\u0131\u015fmak<\/a> yeni insanlar ve arkada\u015flar edinmek, Camround sizin i\u00e7in m\u00fckemmel bir uygulama! Camround sizi d\u00fcnyan\u0131n her yerinden rastgele insanlarla bulu\u015fturan bir sosyal a\u011f uygulamas\u0131d\u0131r.<\/p>\n<h2>Camround nedir?<\/h2>\n<p>Camround, rastgele insanlarla tan\u0131\u015fman\u0131za ve yeni arkada\u015flar edinmenize yard\u0131mc\u0131 olan yeni bir sosyal a\u011f sitesidir. Kullan\u0131m\u0131 basittir; sadece kaydolun ve d\u00fcnyan\u0131n her yerinden insanlarla sohbet etmeye ba\u015flay\u0131n. Camround yeni insanlarla tan\u0131\u015fmak, farkl\u0131 k\u00fclt\u00fcrler hakk\u0131nda bilgi edinmek ve yeni arkada\u015flar edinmek i\u00e7in harika bir yoldur.<\/p>\n<h2>Camround nas\u0131l \u00e7al\u0131\u015f\u0131r?<\/h2>\n<p>Camround, d\u00fcnyan\u0131n her yerinden insanlar\u0131 birbirine ba\u011flayan bir sosyal a\u011f sitesidir. Kullan\u0131m\u0131 basittir - sadece kaydolun ve sohbete ba\u015flay\u0131n! Yeni arkada\u015flarla tan\u0131\u015fabilir, yeni k\u00fclt\u00fcrler \u00f6\u011frenebilir ve hatta belki de a\u015fk\u0131 bulabilirsiniz!<\/p>\n<h2>Camround'nin Art\u0131lar\u0131 ve Eksileri<\/h2>\n<p>\u0130nsanlarla tan\u0131\u015fmak ve arkada\u015f edinmek i\u00e7in yeni bir yol ar\u0131yorsan\u0131z, Camround'nin sizin i\u00e7in do\u011fru se\u00e7im olup olmad\u0131\u011f\u0131n\u0131 merak ediyor olabilirsiniz. Bu blog yaz\u0131s\u0131nda, Camround'yi kullanman\u0131n baz\u0131 art\u0131lar\u0131n\u0131 ve eksilerini g\u00f6zden ge\u00e7irece\u011fiz, b\u00f6ylece sizin i\u00e7in do\u011fru olup olmad\u0131\u011f\u0131na kendiniz karar verebilirsiniz.<\/p>\n<h4>Art\u0131lar\u0131:<\/h4>\n<ul>\n<li style=\"font-weight: 400;\" aria-level=\"1\">Camround d\u00fcnyan\u0131n her yerinden yeni insanlarla tan\u0131\u015fmak i\u00e7in harika bir yoldur. \u0130lgi alanlar\u0131n\u0131z\u0131 payla\u015fan insanlarla ba\u011flant\u0131 kurabilirsiniz ve kiminle tan\u0131\u015fabilece\u011finizi asla bilemezsiniz!<\/li>\n<li style=\"font-weight: 400;\" aria-level=\"1\">\u00c7evrimi\u00e7i sosyalle\u015fmenin e\u011flenceli ve kolay bir yoludur. \u0130nsanlarla kolayca sohbet ba\u015flatabilirsiniz ve hen\u00fcz haz\u0131r de\u011filseniz y\u00fcz y\u00fcze g\u00f6r\u00fc\u015fmek i\u00e7in herhangi bir bask\u0131 yoktur.<\/li>\n<li style=\"font-weight: 400;\" aria-level=\"1\">Camround'nin kullan\u0131m\u0131 \u00fccretsizdir, bu nedenle herhangi bir taahh\u00fctte bulunmadan deneyebilirsiniz.<\/li>\n<\/ul>\n<h4>Eksiler:<\/h4>\n<ul>\n<li style=\"font-weight: 400;\" aria-level=\"1\">\u00c7\u00fcnk\u00fc Camround rastgele bir <a href=\"https:\/\/strangercam.com\/tr\/chatroulette\/\">sohbet<\/a> sahas\u0131nda, her zaman uygunsuz davran\u0131\u015flarla veya y\u0131rt\u0131c\u0131 hayvanlarla kar\u015f\u0131la\u015fma potansiyeli vard\u0131r. Dikkatli olmazsan\u0131z, kendinizi tehlikeli bir durumun i\u00e7inde bulabilirsiniz.<\/li>\n<li style=\"font-weight: 400;\" aria-level=\"1\">Dikkatli olmazsan\u0131z Camround'de \u00e7ok fazla zaman kaybetme potansiyeli de vard\u0131r. Ger\u00e7ekten hi\u00e7bir \u015fey ba\u015faramadan saatlerce sohbet etmenin i\u00e7ine \u00e7ekilmek kolayd\u0131r<\/li>\n<\/ul>\n<h2>Camround'nin \u00f6nemli \u00f6zellikleri<\/h2>\n<p>Camround'nin \u00f6nemli \u00f6zelliklerinden biri, rastgele insanlarla tan\u0131\u015fman\u0131za ve yeni arkada\u015flar edinmenize yard\u0131mc\u0131 olmas\u0131d\u0131r. D\u00fcnyan\u0131n her yerinden insanlarla ba\u011flant\u0131 kurman\u0131z\u0131 sa\u011flayan bir sosyal a\u011f sitesidir. Camround ile ilgili en iyi b\u00f6l\u00fcm, kullan\u0131m\u0131n\u0131n tamamen \u00fccretsiz olmas\u0131d\u0131r!<\/p>\n<p>Camround'nin bir di\u011fer harika \u00f6zelli\u011fi de size farkl\u0131 k\u00fclt\u00fcrler hakk\u0131nda bilgi edinme f\u0131rsat\u0131 sunmas\u0131d\u0131r. D\u00fcnyan\u0131n farkl\u0131 yerlerinden gelen insanlarla etkile\u015fime girebilir ve onlar\u0131n gelenek ve g\u00f6reneklerini \u00f6\u011frenebilirsiniz. Bu, ufkunuzu geni\u015fletmek ve \u00e7evrenizdeki d\u00fcnyay\u0131 daha iyi anlamak i\u00e7in harika bir yoldur.<\/p>\n<p>Camround ayn\u0131 zamanda eski arkada\u015flar\u0131n\u0131zla ileti\u015fimde kalmak i\u00e7in de harika bir yoldur. Eski s\u0131n\u0131f arkada\u015flar\u0131n\u0131zla yeniden ba\u011flant\u0131 kurabilir, hatta ilgi alanlar\u0131n\u0131z\u0131 payla\u015fan yeni arkada\u015flar edinebilirsiniz. Camround sizin i\u00e7in en \u00f6nemli ki\u015filerle ba\u011flant\u0131da kalman\u0131z\u0131 kolayla\u015ft\u0131r\u0131r.<\/p>\n<p>\u00d6yleyse ne bekliyorsunuz? Camround'ye bug\u00fcn kaydolun ve d\u00fcnyan\u0131n her yerinden yeni insanlarla tan\u0131\u015fmaya ba\u015flay\u0131n!<\/p>\n<h2>Camround'den en iyi \u015fekilde nas\u0131l yararlan\u0131l\u0131r?<\/h2>\n<p>Yeni arkada\u015flar edinmek ve rastgele insanlarla tan\u0131\u015fmak istiyorsan\u0131z, Camround sizin i\u00e7in m\u00fckemmel bir yer! \u0130\u015fte deneyiminizden en iyi \u015fekilde nas\u0131l yararlanabilece\u011finize dair baz\u0131 ipu\u00e7lar\u0131:<\/p>\n<ul>\n<li style=\"font-weight: 400;\" aria-level=\"1\">Kendiniz olun! Arkada\u015f edinmenin en iyi yolu kendiniz olmak ve ba\u015fkalar\u0131n\u0131n ger\u00e7ek sizi tan\u0131mas\u0131na izin vermektir.<\/li>\n<li style=\"font-weight: 400;\" aria-level=\"1\">Yeni insanlarla tan\u0131\u015fmaya a\u00e7\u0131k olun. Tan\u0131mad\u0131\u011f\u0131n\u0131z biriyle sohbet etmekten korkmay\u0131n.<\/li>\n<li style=\"font-weight: 400;\" aria-level=\"1\">Toplulu\u011fa dahil olun. Camround toplulu\u011funda her zaman e\u011flenceli \u015feyler oluyor, bu y\u00fczden dahil olun ve e\u011flenceye kat\u0131l\u0131n!<\/li>\n<li style=\"font-weight: 400;\" aria-level=\"1\">Sayg\u0131l\u0131 olun. Ayn\u0131 fikirde olmasan\u0131z bile ba\u015fkalar\u0131na ve onlar\u0131n fikirlerine sayg\u0131l\u0131 olmay\u0131 unutmay\u0131n.<\/li>\n<li style=\"font-weight: 400;\" aria-level=\"1\">\u0130yi e\u011flenceler! Yeni arkada\u015flar edinmek keyifli olmal\u0131d\u0131r, bu y\u00fczden rahatlad\u0131\u011f\u0131n\u0131zdan ve e\u011flendi\u011finizden emin olun!<\/li>\n<\/ul>\n<h2>Camround neden bu kadar pop\u00fcler rastgele g\u00f6r\u00fcnt\u00fcl\u00fc sohbet platformudur?<\/h2>\n<p><a href=\"https:\/\/strangercam.com\/tr\/chathub\/\">Rastgele g\u00f6r\u00fcnt\u00fcl\u00fc sohbet<\/a> Camround gibi platformlar, insanlar \u00e7evrimi\u00e7i olarak ba\u015fkalar\u0131yla ba\u011flant\u0131 kurman\u0131n yeni yollar\u0131n\u0131 arad\u0131k\u00e7a giderek daha pop\u00fcler hale geliyor. Camround'nin bu kadar pop\u00fcler olmas\u0131n\u0131n, d\u00fcnyan\u0131n her yerinden yeni insanlarla tan\u0131\u015fma olana\u011f\u0131 ve kullan\u0131m\u0131n\u0131n \u00fccretsiz olmas\u0131 gibi bir\u00e7ok nedeni var.<\/p>\n<p>Camround ile ilgili en iyi \u015feylerden biri, kullan\u0131c\u0131lara d\u00fcnyan\u0131n her yerinden yeni insanlarla tan\u0131\u015fma f\u0131rsat\u0131 vermesidir. Nerede olursan\u0131z olun, giri\u015f yapabilir ve yeni biriyle sohbet etmeye ba\u015flayabilirsiniz. Bu, yeni arkada\u015flar edinmek ve sosyal \u00e7evrenizi geni\u015fletmek i\u00e7in harika bir yoldur.<\/p>\n<p>Camround'nin bu kadar pop\u00fcler olmas\u0131n\u0131n bir ba\u015fka nedeni de kullan\u0131m\u0131n\u0131n \u00fccretsiz olmas\u0131d\u0131r. Kaydolmak veya sohbet etmek i\u00e7in herhangi bir \u015fey \u00f6demenize gerek yoktur, bu da onu herkes i\u00e7in eri\u015filebilir k\u0131lar. Bu ayn\u0131 zamanda reklam olmad\u0131\u011f\u0131 anlam\u0131na gelir, b\u00f6ylece herhangi bir kesinti olmadan konu\u015fmalar\u0131n\u0131z\u0131n keyfini \u00e7\u0131karabilirsiniz.<\/p>\n<p>Yeni insanlarla tan\u0131\u015fmak i\u00e7in e\u011flenceli ve kolay bir yol ar\u0131yorsan\u0131z, Camround kesinlikle g\u00f6z atmaya de\u011fer.<\/p>\n<h2>Rastgele bir g\u00f6r\u00fcnt\u00fcl\u00fc sohbet platformu kullan\u0131rken ne beklemeli?<\/h2>\n<p>Rastgele bir <a href=\"https:\/\/strangercam.com\/tr\/rabbit-video-chat\/\">g\u00f6r\u00fcnt\u00fcl\u00fc sohbet<\/a> platformu yeni insanlarla tan\u0131\u015fmak ve yeni arkada\u015flar edinmek i\u00e7in harika bir yol olabilir. Ancak, b\u00f6yle bir platformu kullan\u0131rken akl\u0131n\u0131zda bulundurman\u0131z gereken baz\u0131 \u015feyler vard\u0131r.<\/p>\n<p>\u00d6ncelikle, rastgele bir g\u00f6r\u00fcnt\u00fcl\u00fc sohbet platformunda tan\u0131\u015ft\u0131\u011f\u0131n\u0131z herkesin s\u00f6yledikleri ki\u015fi olmayaca\u011f\u0131n\u0131 unutmay\u0131n. Bu platformlar\u0131 \u015f\u00fcphelenmeyen kullan\u0131c\u0131lar\u0131 avlamak i\u00e7in kullanan doland\u0131r\u0131c\u0131lar ve avc\u0131lar var. Rastgele bir g\u00f6r\u00fcnt\u00fcl\u00fc sohbet platformunda tan\u0131\u015ft\u0131\u011f\u0131n\u0131z herhangi biriyle etkile\u015fime girerken sa\u011fduyulu ve dikkatli oldu\u011funuzdan emin olun.<\/p>\n<p>\u0130kinci olarak, rastgele bir g\u00f6r\u00fcnt\u00fcl\u00fc sohbet platformunda tan\u0131\u015ft\u0131\u011f\u0131n\u0131z baz\u0131 ki\u015filerin sizinle konu\u015fmakla ilgilenmeyebilece\u011fini unutmay\u0131n. Birisi ilgisiz veya tepkisiz g\u00f6r\u00fcn\u00fcyorsa, bunu ki\u015fisel olarak almay\u0131n; sadece ba\u015fka birine ge\u00e7in.<\/p>\n<p>Son olarak, rastgele bir g\u00f6r\u00fcnt\u00fcl\u00fc sohbet platformunda tan\u0131\u015ft\u0131\u011f\u0131n\u0131z hi\u00e7 kimseye ki\u015fisel bilgilerinizi vermeyin veya para g\u00f6ndermeyin.<\/p>\n<h2>Kullan\u0131m\u0131 G\u00fcvenli mi?<\/h2>\n<p>\u00c7evrimi\u00e7i g\u00fcvenlik s\u00f6z konusu oldu\u011funda, Camround, kullan\u0131c\u0131lar\u0131n\u0131n doland\u0131r\u0131c\u0131lardan ve doland\u0131r\u0131c\u0131lardan korunmas\u0131n\u0131 sa\u011flamak i\u00e7in \u00f6nlemler al\u0131r. Site, \u00fcyelerinin kimliklerini do\u011frulamak i\u00e7in do\u011frulama sistemleri kullan\u0131r ve ayr\u0131ca s\u0131k\u0131 bir anti-spam politikas\u0131na sahiptir. Ek olarak, Camround, etkile\u015fimlerini yaln\u0131zca site taraf\u0131ndan do\u011frulanm\u0131\u015f olanlarla s\u0131n\u0131rlamak isteyen kullan\u0131c\u0131lar i\u00e7in g\u00fcvenli bir mod sunar.<\/p>\n<h2>Camround'ye alternatifler<\/h2>\n<p>Camround i\u00e7in baz\u0131 alternatifler mi ar\u0131yorsunuz? \u0130\u015fte rastgele insanlarla tan\u0131\u015fman\u0131n ve yeni arkada\u015flar edinmenin di\u011fer birka\u00e7 yolu:<\/p>\n<ul>\n<li style=\"font-weight: 400;\" aria-level=\"1\">Cam4 - Cam4 rastgele insanlarla g\u00f6r\u00fcnt\u00fcl\u00fc sohbet etmenizi sa\u011flayan bir sitedir. Ayn\u0131 \u00f6zelliklere sahip olmamas\u0131 d\u0131\u015f\u0131nda Camround'ye \u00e7ok benzer.<\/li>\n<li style=\"font-weight: 400;\" aria-level=\"1\"><a href=\"https:\/\/strangercam.com\/tr\/omegle\/\">Omegle<\/a> rastgele insanlarla g\u00f6r\u00fcnt\u00fcl\u00fc sohbet etmenizi sa\u011flayan ba\u015fka bir sitedir. Camround kadar \u00e7ok \u00f6zelli\u011fe sahip de\u011fil, ancak yine de harika bir se\u00e7enek.<\/li>\n<li style=\"font-weight: 400;\" aria-level=\"1\">Chaturbate: Camround'ye harika bir alternatif olan Chaturbate, milyonlarca kullan\u0131c\u0131s\u0131 olan canl\u0131 bir web kameras\u0131 platformudur.<\/li>\n<\/ul>\n<h2>Sonu\u00e7<\/h2>\n<p>Camround yeni arkada\u015flar edinmek ve rastgele insanlarla tan\u0131\u015fmak i\u00e7in harika bir uygulamad\u0131r. Kullan\u0131m\u0131 kolay ve \u00fccretsizdir, bu y\u00fczden denemenizi engelleyen hi\u00e7bir \u015fey yoktur. \u0130ster sohbet edecek birini ar\u0131yor olun, ister biriyle y\u00fcz y\u00fcze g\u00f6r\u00fc\u015fmek istiyor olun, Camround kesinlikle g\u00f6z atmaya de\u011fer.<\/p>","protected":false},"excerpt":{"rendered":"<p>In today&#8217;s world, it&#8217;s easy to feel alone and like you don&#8217;t have anyone to talk to. If you&#8217;re looking for a way to meet new people and make friends, Camround is the perfect app for you! Camround is a social networking app that connects you with random people from all over the world. What [&hellip;]<\/p>\n","protected":false},"author":6,"featured_media":559,"parent":0,"menu_order":0,"comment_status":"closed","ping_status":"closed","template":"","meta":{"footnotes":""},"class_list":["post-11108","page","type-page","status-publish","has-post-thumbnail","hentry"],"yoast_head":"<!-- This site is optimized with the Yoast SEO plugin v27.4 - https:\/\/yoast.com\/product\/yoast-seo-wordpress\/ -->\n<title>Camround - Chat with strangers on StrangerCam.com<\/title>\n<meta name=\"description\" content=\"Like Camround? Come chat with more than 5.000.000 strangers on Stranger Cam for Free! Turn on your cam and find new friends &amp; maby a match!\" \/>\n<meta name=\"robots\" content=\"index, follow, max-snippet:-1, max-image-preview:large, max-video-preview:-1\" \/>\n<link rel=\"canonical\" href=\"https:\/\/strangercam.com\/tr\/camround\/\" \/>\n<meta property=\"og:locale\" content=\"tr_TR\" \/>\n<meta property=\"og:type\" content=\"article\" \/>\n<meta property=\"og:title\" content=\"Camround - Chat with strangers on StrangerCam.com\" \/>\n<meta property=\"og:description\" content=\"Like Camround? Come chat with more than 5.000.000 strangers on Stranger Cam for Free! Turn on your cam and find new friends &amp; maby a match!\" \/>\n<meta property=\"og:url\" content=\"https:\/\/strangercam.com\/tr\/camround\/\" \/>\n<meta property=\"og:site_name\" content=\"Strangercam\" \/>\n<meta property=\"article:publisher\" content=\"https:\/\/www.facebook.com\/strangercam\" \/>\n<meta property=\"article:modified_time\" content=\"2023-08-21T09:40:39+00:00\" \/>\n<meta property=\"og:image\" content=\"https:\/\/strangercam.com\/wp-content\/uploads\/2020\/11\/stranger-cam-1.png\" \/>\n\t<meta property=\"og:image:width\" content=\"800\" \/>\n\t<meta property=\"og:image:height\" content=\"800\" \/>\n\t<meta property=\"og:image:type\" content=\"image\/png\" \/>\n<meta name=\"twitter:card\" content=\"summary_large_image\" \/>\n<meta name=\"twitter:site\" content=\"@strangercamapp\" \/>\n<meta name=\"twitter:label1\" content=\"Tahmini okuma s\u00fcresi\" \/>\n\t<meta name=\"twitter:data1\" content=\"6 dakika\" \/>\n<script type=\"application\/ld+json\" class=\"yoast-schema-graph\">{\"@context\":\"https:\\\/\\\/schema.org\",\"@graph\":[{\"@type\":\"WebPage\",\"@id\":\"https:\\\/\\\/strangercam.com\\\/camround\\\/\",\"url\":\"https:\\\/\\\/strangercam.com\\\/camround\\\/\",\"name\":\"Camround - Chat with strangers on StrangerCam.com\",\"isPartOf\":{\"@id\":\"https:\\\/\\\/strangercam.com\\\/#website\"},\"primaryImageOfPage\":{\"@id\":\"https:\\\/\\\/strangercam.com\\\/camround\\\/#primaryimage\"},\"image\":{\"@id\":\"https:\\\/\\\/strangercam.com\\\/camround\\\/#primaryimage\"},\"thumbnailUrl\":\"https:\\\/\\\/strangercam.com\\\/wp-content\\\/uploads\\\/2020\\\/11\\\/stranger-cam-1.png\",\"datePublished\":\"2022-08-11T12:46:42+00:00\",\"dateModified\":\"2023-08-21T09:40:39+00:00\",\"description\":\"Like Camround? Come chat with more than 5.000.000 strangers on Stranger Cam for Free! Turn on your cam and find new friends & maby a match!\",\"breadcrumb\":{\"@id\":\"https:\\\/\\\/strangercam.com\\\/camround\\\/#breadcrumb\"},\"inLanguage\":\"tr\",\"potentialAction\":[{\"@type\":\"ReadAction\",\"target\":[\"https:\\\/\\\/strangercam.com\\\/camround\\\/\"]}]},{\"@type\":\"ImageObject\",\"inLanguage\":\"tr\",\"@id\":\"https:\\\/\\\/strangercam.com\\\/camround\\\/#primaryimage\",\"url\":\"https:\\\/\\\/strangercam.com\\\/wp-content\\\/uploads\\\/2020\\\/11\\\/stranger-cam-1.png\",\"contentUrl\":\"https:\\\/\\\/strangercam.com\\\/wp-content\\\/uploads\\\/2020\\\/11\\\/stranger-cam-1.png\",\"width\":800,\"height\":800,\"caption\":\"stranger cam random video chat\"},{\"@type\":\"BreadcrumbList\",\"@id\":\"https:\\\/\\\/strangercam.com\\\/camround\\\/#breadcrumb\",\"itemListElement\":[{\"@type\":\"ListItem\",\"position\":1,\"name\":\"Home\",\"item\":\"https:\\\/\\\/strangercam.com\\\/\"},{\"@type\":\"ListItem\",\"position\":2,\"name\":\"Camround\"}]},{\"@type\":\"WebSite\",\"@id\":\"https:\\\/\\\/strangercam.com\\\/#website\",\"url\":\"https:\\\/\\\/strangercam.com\\\/\",\"name\":\"Strangercam\",\"description\":\"Random Video Chat with Strangers\",\"publisher\":{\"@id\":\"https:\\\/\\\/strangercam.com\\\/#organization\"},\"alternateName\":\"Strangercam.com\",\"potentialAction\":[{\"@type\":\"SearchAction\",\"target\":{\"@type\":\"EntryPoint\",\"urlTemplate\":\"https:\\\/\\\/strangercam.com\\\/?s={search_term_string}\"},\"query-input\":{\"@type\":\"PropertyValueSpecification\",\"valueRequired\":true,\"valueName\":\"search_term_string\"}}],\"inLanguage\":\"tr\"},{\"@type\":\"Organization\",\"@id\":\"https:\\\/\\\/strangercam.com\\\/#organization\",\"name\":\"Strangercam\",\"alternateName\":\"Strangercam.com\",\"url\":\"https:\\\/\\\/strangercam.com\\\/\",\"logo\":{\"@type\":\"ImageObject\",\"inLanguage\":\"tr\",\"@id\":\"https:\\\/\\\/strangercam.com\\\/#\\\/schema\\\/logo\\\/image\\\/\",\"url\":\"https:\\\/\\\/strangercam.com\\\/wp-content\\\/uploads\\\/2020\\\/11\\\/cropped-new-favicon-black.png\",\"contentUrl\":\"https:\\\/\\\/strangercam.com\\\/wp-content\\\/uploads\\\/2020\\\/11\\\/cropped-new-favicon-black.png\",\"width\":512,\"height\":512,\"caption\":\"Strangercam\"},\"image\":{\"@id\":\"https:\\\/\\\/strangercam.com\\\/#\\\/schema\\\/logo\\\/image\\\/\"},\"sameAs\":[\"https:\\\/\\\/www.facebook.com\\\/strangercam\",\"https:\\\/\\\/x.com\\\/strangercamapp\"]}]}<\/script>\n<!-- \/ Yoast SEO plugin. -->","yoast_head_json":{"title":"Camround - StrangerCam.com'da yabanc\u0131larla sohbet edin","description":"Camround'yi be\u011fendiniz mi? Gelin Stranger Cam'de 5.000.000'dan fazla yabanc\u0131yla \u00dccretsiz sohbet edin! Kameran\u0131z\u0131 a\u00e7\u0131n ve yeni arkada\u015flar ve belki bir e\u015fle\u015fme bulun!","robots":{"index":"index","follow":"follow","max-snippet":"max-snippet:-1","max-image-preview":"max-image-preview:large","max-video-preview":"max-video-preview:-1"},"canonical":"https:\/\/strangercam.com\/tr\/camround\/","og_locale":"tr_TR","og_type":"article","og_title":"Camround - Chat with strangers on StrangerCam.com","og_description":"Like Camround? Come chat with more than 5.000.000 strangers on Stranger Cam for Free! Turn on your cam and find new friends & maby a match!","og_url":"https:\/\/strangercam.com\/tr\/camround\/","og_site_name":"Strangercam","article_publisher":"https:\/\/www.facebook.com\/strangercam","article_modified_time":"2023-08-21T09:40:39+00:00","og_image":[{"width":800,"height":800,"url":"https:\/\/strangercam.com\/wp-content\/uploads\/2020\/11\/stranger-cam-1.png","type":"image\/png"}],"twitter_card":"summary_large_image","twitter_site":"@strangercamapp","twitter_misc":{"Tahmini okuma s\u00fcresi":"6 dakika"},"schema":{"@context":"https:\/\/schema.org","@graph":[{"@type":"WebPage","@id":"https:\/\/strangercam.com\/camround\/","url":"https:\/\/strangercam.com\/camround\/","name":"Camround - StrangerCam.com'da yabanc\u0131larla sohbet edin","isPartOf":{"@id":"https:\/\/strangercam.com\/#website"},"primaryImageOfPage":{"@id":"https:\/\/strangercam.com\/camround\/#primaryimage"},"image":{"@id":"https:\/\/strangercam.com\/camround\/#primaryimage"},"thumbnailUrl":"https:\/\/strangercam.com\/wp-content\/uploads\/2020\/11\/stranger-cam-1.png","datePublished":"2022-08-11T12:46:42+00:00","dateModified":"2023-08-21T09:40:39+00:00","description":"Camround'yi be\u011fendiniz mi? Gelin Stranger Cam'de 5.000.000'dan fazla yabanc\u0131yla \u00dccretsiz sohbet edin! Kameran\u0131z\u0131 a\u00e7\u0131n ve yeni arkada\u015flar ve belki bir e\u015fle\u015fme bulun!","breadcrumb":{"@id":"https:\/\/strangercam.com\/camround\/#breadcrumb"},"inLanguage":"tr","potentialAction":[{"@type":"ReadAction","target":["https:\/\/strangercam.com\/camround\/"]}]},{"@type":"ImageObject","inLanguage":"tr","@id":"https:\/\/strangercam.com\/camround\/#primaryimage","url":"https:\/\/strangercam.com\/wp-content\/uploads\/2020\/11\/stranger-cam-1.png","contentUrl":"https:\/\/strangercam.com\/wp-content\/uploads\/2020\/11\/stranger-cam-1.png","width":800,"height":800,"caption":"stranger cam random video chat"},{"@type":"BreadcrumbList","@id":"https:\/\/strangercam.com\/camround\/#breadcrumb","itemListElement":[{"@type":"ListItem","position":1,"name":"Home","item":"https:\/\/strangercam.com\/"},{"@type":"ListItem","position":2,"name":"Camround"}]},{"@type":"WebSite","@id":"https:\/\/strangercam.com\/#website","url":"https:\/\/strangercam.com\/","name":"Strangercam","description":"Yabanc\u0131larla Rastgele G\u00f6r\u00fcnt\u00fcl\u00fc Sohbet","publisher":{"@id":"https:\/\/strangercam.com\/#organization"},"alternateName":"Strangercam.com","potentialAction":[{"@type":"SearchAction","target":{"@type":"EntryPoint","urlTemplate":"https:\/\/strangercam.com\/?s={search_term_string}"},"query-input":{"@type":"PropertyValueSpecification","valueRequired":true,"valueName":"search_term_string"}}],"inLanguage":"tr"},{"@type":"Organization","@id":"https:\/\/strangercam.com\/#organization","name":"Strangercam","alternateName":"Strangercam.com","url":"https:\/\/strangercam.com\/","logo":{"@type":"ImageObject","inLanguage":"tr","@id":"https:\/\/strangercam.com\/#\/schema\/logo\/image\/","url":"https:\/\/strangercam.com\/wp-content\/uploads\/2020\/11\/cropped-new-favicon-black.png","contentUrl":"https:\/\/strangercam.com\/wp-content\/uploads\/2020\/11\/cropped-new-favicon-black.png","width":512,"height":512,"caption":"Strangercam"},"image":{"@id":"https:\/\/strangercam.com\/#\/schema\/logo\/image\/"},"sameAs":["https:\/\/www.facebook.com\/strangercam","https:\/\/x.com\/strangercamapp"]}]}},"_links":{"self":[{"href":"https:\/\/strangercam.com\/tr\/wp-json\/wp\/v2\/pages\/11108","targetHints":{"allow":["GET"]}}],"collection":[{"href":"https:\/\/strangercam.com\/tr\/wp-json\/wp\/v2\/pages"}],"about":[{"href":"https:\/\/strangercam.com\/tr\/wp-json\/wp\/v2\/types\/page"}],"author":[{"embeddable":true,"href":"https:\/\/strangercam.com\/tr\/wp-json\/wp\/v2\/users\/6"}],"replies":[{"embeddable":true,"href":"https:\/\/strangercam.com\/tr\/wp-json\/wp\/v2\/comments?post=11108"}],"version-history":[{"count":0,"href":"https:\/\/strangercam.com\/tr\/wp-json\/wp\/v2\/pages\/11108\/revisions"}],"wp:featuredmedia":[{"embeddable":true,"href":"https:\/\/strangercam.com\/tr\/wp-json\/wp\/v2\/media\/559"}],"wp:attachment":[{"href":"https:\/\/strangercam.com\/tr\/wp-json\/wp\/v2\/media?parent=11108"}],"curies":[{"name":"wp","href":"https:\/\/api.w.org\/{rel}","templated":true}]}}