{"id":11074,"date":"2022-07-25T15:08:03","date_gmt":"2022-07-25T13:08:03","guid":{"rendered":"https:\/\/strangercam.com\/?page_id=11074"},"modified":"2023-08-21T12:24:41","modified_gmt":"2023-08-21T10:24:41","slug":"chatliv","status":"publish","type":"page","link":"https:\/\/strangercam.com\/tr\/chatliv\/","title":{"rendered":"Chatliv"},"content":{"rendered":"<p>G\u00fcn\u00fcm\u00fczde ve \u00e7a\u011f\u0131m\u0131zda, d\u00fcnyan\u0131n her yerinden insanlarla ba\u011flant\u0131 kurmak her zamankinden daha kolay. Sadece birka\u00e7 t\u0131klama ile arkada\u015f listenize yeni birini ekleyebilirsiniz - nerede ya\u015f\u0131yor olurlarsa olsunlar. Chatliv rastgele bir video <a href=\"https:\/\/strangercam.com\/tr\/chathub\/\">sohbet<\/a> kolayla\u015ft\u0131ran bir platform <a href=\"https:\/\/strangercam.com\/tr\/coomeet\/\">tan\u0131\u015fmak<\/a> yeni insanlar ve d\u00fcnyan\u0131n her yerinden arkada\u015flar edinin.<\/p>\n<h2>Chatliv nedir?<\/h2>\n<p>Chatliv, yeni arkada\u015flar edinmek i\u00e7in m\u00fckemmel olan yeni bir g\u00f6r\u00fcnt\u00fcl\u00fc sohbet platformudur. Chatliv'nin en iyi yan\u0131 tamamen rastgele olmas\u0131d\u0131r, bu y\u00fczden kiminle tan\u0131\u015faca\u011f\u0131n\u0131z\u0131 asla bilemezsiniz. \u0130ster yeni bir en iyi arkada\u015f ister sadece sohbet edecek birini ar\u0131yor olun, Chatliv sizin i\u00e7in m\u00fckemmel bir yer.<\/p>\n<h2>Chatliv nas\u0131l kullan\u0131l\u0131r<\/h2>\n<p>Arkada\u015f edinmek i\u00e7in yeni bir yol ar\u0131yorsan\u0131z, Chatliv harika bir se\u00e7enektir. Bu rastgele g\u00f6r\u00fcnt\u00fcl\u00fc sohbet platformu, d\u00fcnyan\u0131n her yerinden insanlarla ba\u011flant\u0131 kurman\u0131z\u0131 sa\u011flar. \u0130\u015fte nas\u0131l kullan\u0131laca\u011f\u0131:<\/p>\n<ol>\n<li style=\"font-weight: 400;\" aria-level=\"1\">Chatliv web sitesine gidin ve bir hesap olu\u015fturun. Ad\u0131n\u0131z\u0131, e-posta adresinizi ve bir parola girmeniz gerekecektir.<\/li>\n<li style=\"font-weight: 400;\" aria-level=\"1\">Giri\u015f yapt\u0131ktan sonra, \u00e7evrimi\u00e7i kullan\u0131c\u0131lar\u0131n bir listesini g\u00f6rebileceksiniz. Ad\u0131na t\u0131klayarak sohbet etmek i\u00e7in birini se\u00e7in.<\/li>\n<li style=\"font-weight: 400;\" aria-level=\"1\">Daha sonra birbirinizi tan\u0131yabilece\u011finiz \u00f6zel bir sohbet odas\u0131na y\u00f6nlendirileceksiniz. Haz\u0131r oldu\u011funuzda, g\u00f6r\u00fcnt\u00fcl\u00fc sohbet ba\u015flatmak i\u00e7in \u201cG\u00f6r\u00fcnt\u00fcl\u00fc Arama\u201d d\u00fc\u011fmesine t\u0131klay\u0131n.<\/li>\n<li style=\"font-weight: 400;\" aria-level=\"1\">\u0130\u015fte bu kadar! \u0130stedi\u011finiz kadar sohbet etmeye devam edebilir veya istedi\u011finiz zaman ba\u015fka bir kullan\u0131c\u0131ya ge\u00e7ebilirsiniz.<\/li>\n<\/ol>\n<p>Chatliv yeni insanlarla tan\u0131\u015fmak ve d\u00fcnyan\u0131n her yerinden arkada\u015f edinmek i\u00e7in harika bir yoldur. \u00d6yleyse bug\u00fcn bir deneyin!<\/p>\n<h2>Chatliv neden bu kadar pop\u00fcler rastgele g\u00f6r\u00fcnt\u00fcl\u00fc sohbet platformudur?<\/h2>\n<p>Chatliv'nin bu kadar pop\u00fcler bir rastgele g\u00f6r\u00fcnt\u00fcl\u00fc sohbet platformu olmas\u0131n\u0131n bir\u00e7ok nedeni var. Birincisi, d\u00fcnyan\u0131n her yerinden yeni insanlarla tan\u0131\u015fmak i\u00e7in harika bir yoldur. Farkl\u0131 \u00fclkelerden insanlarla sohbet edebilir ve k\u00fclt\u00fcrleri hakk\u0131nda bilgi edinebilirsiniz. Ek olarak, Chatliv, uzakta ya\u015fayan arkada\u015flar\u0131n\u0131z ve aile \u00fcyelerinizle ileti\u015fim halinde olmak i\u00e7in kolay ve rahat bir yol sa\u011flar. Dahas\u0131, platform kullan\u0131c\u0131lar\u0131n birbirleriyle ileti\u015fim kurmalar\u0131 i\u00e7in g\u00fcvenli ve emniyetli bir ortam sunar. Son olarak, Chatliv herhangi bir kay\u0131t veya \u00fccret gerektirmeyen \u00fccretsiz bir hizmettir.<\/p>\n<h2>Chatliv'nin faydalar\u0131<\/h2>\n<p>Yeni arkada\u015flar edinmenin e\u011flenceli ve kolay bir yolunu ar\u0131yorsan\u0131z, Chatliv sizin i\u00e7in m\u00fckemmel bir platformdur. Rastgele g\u00f6r\u00fcnt\u00fcl\u00fc sohbet \u00f6zelli\u011fi ile d\u00fcnyan\u0131n her yerinden insanlarla ba\u011flant\u0131 kurabilir ve onlarla ger\u00e7ek zamanl\u0131 olarak sohbet edebilirsiniz. Bu sadece yeni insanlarla tan\u0131\u015fmak i\u00e7in harika bir yol de\u011fil, ayn\u0131 zamanda farkl\u0131 k\u00fclt\u00fcrler ve ya\u015fam tarzlar\u0131 hakk\u0131nda da bilgi edinebilirsiniz. \u00d6yleyse ne bekliyorsunuz? Chatliv'yi bug\u00fcn deneyin!<\/p>\n<h2>Chatliv'nin dezavantajlar\u0131<\/h2>\n<p>Chatliv platformunun kullanmadan \u00f6nce g\u00f6z \u00f6n\u00fcnde bulundurulmas\u0131 gereken baz\u0131 dezavantajlar\u0131 vard\u0131r. \u0130lk olarak, site yaln\u0131zca \u0130ngilizce olarak mevcuttur, bu da di\u011fer \u00fclkelerdeki kullan\u0131c\u0131lar i\u00e7in \u00e7ekicili\u011fini s\u0131n\u0131rlayabilir. \u0130kincisi, site t\u00fcm kullan\u0131c\u0131lar\u0131n eri\u015femeyece\u011fi bir web kameras\u0131 ve mikrofon gerektiriyor. Son olarak, sitenin eri\u015fmek i\u00e7in premium \u00fcyelik gerektiren bir dizi \u00f6zelli\u011fi vard\u0131r, bu da onu yaln\u0131zca \u00fccretsiz bir g\u00f6r\u00fcnt\u00fcl\u00fc sohbet platformu arayan kullan\u0131c\u0131lar i\u00e7in daha az \u00e7ekici hale getirebilir.<\/p>\n<h2>Chatliv'den en iyi \u015fekilde nas\u0131l yararlan\u0131l\u0131r?<\/h2>\n<p>Yeni insanlarla tan\u0131\u015fmak i\u00e7in e\u011flenceli ve kolay bir yol ar\u0131yorsan\u0131z, Chatliv'ye kesinlikle g\u00f6z atmal\u0131s\u0131n\u0131z. \u0130\u015fte bu rastgele g\u00f6r\u00fcnt\u00fcl\u00fc sohbet platformundan en iyi \u015fekilde nas\u0131l yararlanabilece\u011finize dair baz\u0131 ipu\u00e7lar\u0131:<\/p>\n<ol>\n<li style=\"font-weight: 400;\" aria-level=\"1\">Kendiniz olun - Bu muhtemelen en \u00f6nemli ipucudur. Sadece kendiniz olun ve rahatlay\u0131n, gerisi kendili\u011finden gelecektir.<\/li>\n<li style=\"font-weight: 400;\" aria-level=\"1\">Sohbet ba\u015flatmaktan korkmay\u0131n - Tan\u0131mad\u0131\u011f\u0131n\u0131z biriyle sohbet ba\u015flatmak g\u00f6z\u00fcn\u00fcz\u00fc korkutabilir, ama devam edin! Muhtemelen onlar da en az sizin kadar gergindir.<\/li>\n<li style=\"font-weight: 400;\" aria-level=\"1\">Sorular sorun - Konu\u015ftu\u011funuz ki\u015fiye kendisi hakk\u0131nda sorular sorarak onu tan\u0131y\u0131n.<\/li>\n<li style=\"font-weight: 400;\" aria-level=\"1\">\u0130yi e\u011flenceler! - G\u00fcn\u00fcn sonunda, Chatliv tamamen e\u011flenmek ve yeni insanlarla tan\u0131\u015fmakla ilgilidir. Bu y\u00fczden sadece rahatlay\u0131n ve e\u011flenin!<\/li>\n<\/ol>\n<h2>Chatliv kullan\u0131m\u0131 g\u00fcvenli midir?<\/h2>\n<p>Chatliv yeni arkada\u015flar ve ba\u011flant\u0131lar kurmak i\u00e7in g\u00fcvenli ve emniyetli bir platformdur. Site, kullan\u0131c\u0131lar\u0131n gizlili\u011fini ve g\u00fcvenli\u011fini korumak i\u00e7in kat\u0131 politikalara sahiptir ve t\u00fcm kullan\u0131c\u0131 etkile\u015fimlerinin sayg\u0131l\u0131 ve olumlu olmas\u0131n\u0131 sa\u011flamak i\u00e7in \u00f6nlemler al\u0131r. Kullan\u0131c\u0131lar herhangi bir k\u00fcf\u00fcrl\u00fc veya uygunsuz davran\u0131\u015f\u0131 bildirebilir ve Chatliv herhangi bir endi\u015feyi ara\u015ft\u0131rmak ve ele almak i\u00e7in harekete ge\u00e7ecektir.<\/p>\n<h2>Chatliv'ye alternatifler<\/h2>\n<p>D\u0131\u015far\u0131da Chatliv'ye bir\u00e7ok alternatif var. Yeni arkada\u015flar edinmek i\u00e7in rastgele bir g\u00f6r\u00fcnt\u00fcl\u00fc sohbet platformu ar\u0131yorsan\u0131z, i\u015fte en iyi se\u00e7imlerimizden baz\u0131lar\u0131:<\/p>\n<ol>\n<li style=\"font-weight: 400;\" aria-level=\"1\"><a href=\"https:\/\/strangercam.com\/tr\/omegle\/\">Omegle<\/a>: Bu platform y\u0131llard\u0131r var ve piyasadaki en pop\u00fcler rastgele sohbet platformlar\u0131ndan biri. Kullan\u0131m\u0131 basittir ve d\u00fcnyan\u0131n her yerinden insanlarla ba\u011flant\u0131 kurabilirsiniz.<\/li>\n<li style=\"font-weight: 400;\" aria-level=\"1\"><a href=\"https:\/\/strangercam.com\/tr\/chatroulette\/\">Chatroulette<\/a>: Bir ba\u015fka iyi bilinen se\u00e7enek olan Chatroulette, d\u00fcnyan\u0131n her yerinden insanlarla ba\u011flant\u0131 kurabilece\u011finiz rastgele bir sohbet platformu olmas\u0131 a\u00e7\u0131s\u0131ndan Omegle'ye benzer.<\/li>\n<li style=\"font-weight: 400;\" aria-level=\"1\">Tinychat: Tinychat, grup sohbetine daha fazla odakland\u0131\u011f\u0131 i\u00e7in di\u011fer iki se\u00e7enekten biraz farkl\u0131d\u0131r. Genel odalar olu\u015fturabilir veya bu odalara kat\u0131labilir ya da arkada\u015flar\u0131n\u0131zla \u00f6zel bir sohbet ba\u015flatabilirsiniz.<\/li>\n<li style=\"font-weight: 400;\" aria-level=\"1\">Fruzo: Fruzo, g\u00f6r\u00fcnt\u00fcl\u00fc sohbet yoluyla insanlar\u0131 birbirine ba\u011flamaya odaklanan ba\u015fka bir se\u00e7enektir. Bununla birlikte, onu di\u011ferlerinden ay\u0131ran \u015fey, ilgi alanlar\u0131na g\u00f6re insanlarla da ba\u011flant\u0131 kurabilmenizdir, bu da hobilerinizi veya tutkular\u0131n\u0131z\u0131 payla\u015fan sohbet edecek birini bulman\u0131z\u0131 kolayla\u015ft\u0131r\u0131r.<\/li>\n<li style=\"font-weight: 400;\" aria-level=\"1\">Chatible: Chatible giderek daha pop\u00fcler hale gelen yeni bir se\u00e7enektir. Di\u011fer platformlara benzer \u015fekilde<\/li>\n<\/ol>\n<h2>Sonu\u00e7<\/h2>\n<p>Arkada\u015f edinmek i\u00e7in yeni bir yol ar\u0131yorsan\u0131z, Chatliv harika bir se\u00e7enek olabilir. Bu, d\u00fcnyan\u0131n her yerinden insanlarla ba\u011flant\u0131 kurman\u0131z\u0131 sa\u011flayan rastgele bir g\u00f6r\u00fcnt\u00fcl\u00fc sohbet platformudur. Onlarla her \u015fey hakk\u0131nda sohbet edebilirsiniz ve kiminle tan\u0131\u015faca\u011f\u0131n\u0131z\u0131 veya ne t\u00fcr ilgin\u00e7 sohbetler yapaca\u011f\u0131n\u0131z\u0131 asla bilemezsiniz. Kendinizi yaln\u0131z hissediyorsan\u0131z veya sadece yeni insanlarla tan\u0131\u015fmak istiyorsan\u0131z, Chatliv'yi deneyin.<\/p>","protected":false},"excerpt":{"rendered":"<p>In this day and age, it&#8217;s easier than ever to connect with people from all over the world. With just a few clicks, you can add someone new to your list of friends &#8211; no matter where they live. Chatliv is a random video chat platform that makes it easy to meet new people and [&hellip;]<\/p>\n","protected":false},"author":6,"featured_media":559,"parent":0,"menu_order":0,"comment_status":"closed","ping_status":"closed","template":"","meta":{"footnotes":""},"class_list":["post-11074","page","type-page","status-publish","has-post-thumbnail","hentry"],"yoast_head":"<!-- This site is optimized with the Yoast SEO plugin v27.4 - https:\/\/yoast.com\/product\/yoast-seo-wordpress\/ -->\n<title>Chatliv - Video Chat for Free on StrangerCam.com<\/title>\n<meta name=\"description\" content=\"Chat with random strangers like Chatliv! Come chat with more than 5.000.000 strangers on Strangercam.com for Free!\" \/>\n<meta name=\"robots\" content=\"index, follow, max-snippet:-1, max-image-preview:large, max-video-preview:-1\" \/>\n<link rel=\"canonical\" href=\"https:\/\/strangercam.com\/tr\/chatliv\/\" \/>\n<meta property=\"og:locale\" content=\"tr_TR\" \/>\n<meta property=\"og:type\" content=\"article\" \/>\n<meta property=\"og:title\" content=\"Chatliv - Video Chat for Free on StrangerCam.com\" \/>\n<meta property=\"og:description\" content=\"Chat with random strangers like Chatliv! Come chat with more than 5.000.000 strangers on Strangercam.com for Free!\" \/>\n<meta property=\"og:url\" content=\"https:\/\/strangercam.com\/tr\/chatliv\/\" \/>\n<meta property=\"og:site_name\" content=\"Strangercam\" \/>\n<meta property=\"article:publisher\" content=\"https:\/\/www.facebook.com\/strangercam\" \/>\n<meta property=\"article:modified_time\" content=\"2023-08-21T10:24:41+00:00\" \/>\n<meta property=\"og:image\" content=\"https:\/\/strangercam.com\/wp-content\/uploads\/2020\/11\/stranger-cam-1.png\" \/>\n\t<meta property=\"og:image:width\" content=\"800\" \/>\n\t<meta property=\"og:image:height\" content=\"800\" \/>\n\t<meta property=\"og:image:type\" content=\"image\/png\" \/>\n<meta name=\"twitter:card\" content=\"summary_large_image\" \/>\n<meta name=\"twitter:site\" content=\"@strangercamapp\" \/>\n<meta name=\"twitter:label1\" content=\"Tahmini okuma s\u00fcresi\" \/>\n\t<meta name=\"twitter:data1\" content=\"5 dakika\" \/>\n<script type=\"application\/ld+json\" class=\"yoast-schema-graph\">{\"@context\":\"https:\\\/\\\/schema.org\",\"@graph\":[{\"@type\":\"WebPage\",\"@id\":\"https:\\\/\\\/strangercam.com\\\/chatliv\\\/\",\"url\":\"https:\\\/\\\/strangercam.com\\\/chatliv\\\/\",\"name\":\"Chatliv - Video Chat for Free on StrangerCam.com\",\"isPartOf\":{\"@id\":\"https:\\\/\\\/strangercam.com\\\/#website\"},\"primaryImageOfPage\":{\"@id\":\"https:\\\/\\\/strangercam.com\\\/chatliv\\\/#primaryimage\"},\"image\":{\"@id\":\"https:\\\/\\\/strangercam.com\\\/chatliv\\\/#primaryimage\"},\"thumbnailUrl\":\"https:\\\/\\\/strangercam.com\\\/wp-content\\\/uploads\\\/2020\\\/11\\\/stranger-cam-1.png\",\"datePublished\":\"2022-07-25T13:08:03+00:00\",\"dateModified\":\"2023-08-21T10:24:41+00:00\",\"description\":\"Chat with random strangers like Chatliv! Come chat with more than 5.000.000 strangers on Strangercam.com for Free!\",\"breadcrumb\":{\"@id\":\"https:\\\/\\\/strangercam.com\\\/chatliv\\\/#breadcrumb\"},\"inLanguage\":\"tr\",\"potentialAction\":[{\"@type\":\"ReadAction\",\"target\":[\"https:\\\/\\\/strangercam.com\\\/chatliv\\\/\"]}]},{\"@type\":\"ImageObject\",\"inLanguage\":\"tr\",\"@id\":\"https:\\\/\\\/strangercam.com\\\/chatliv\\\/#primaryimage\",\"url\":\"https:\\\/\\\/strangercam.com\\\/wp-content\\\/uploads\\\/2020\\\/11\\\/stranger-cam-1.png\",\"contentUrl\":\"https:\\\/\\\/strangercam.com\\\/wp-content\\\/uploads\\\/2020\\\/11\\\/stranger-cam-1.png\",\"width\":800,\"height\":800,\"caption\":\"stranger cam random video chat\"},{\"@type\":\"BreadcrumbList\",\"@id\":\"https:\\\/\\\/strangercam.com\\\/chatliv\\\/#breadcrumb\",\"itemListElement\":[{\"@type\":\"ListItem\",\"position\":1,\"name\":\"Home\",\"item\":\"https:\\\/\\\/strangercam.com\\\/\"},{\"@type\":\"ListItem\",\"position\":2,\"name\":\"Chatliv\"}]},{\"@type\":\"WebSite\",\"@id\":\"https:\\\/\\\/strangercam.com\\\/#website\",\"url\":\"https:\\\/\\\/strangercam.com\\\/\",\"name\":\"Strangercam\",\"description\":\"Random Video Chat with Strangers\",\"publisher\":{\"@id\":\"https:\\\/\\\/strangercam.com\\\/#organization\"},\"alternateName\":\"Strangercam.com\",\"potentialAction\":[{\"@type\":\"SearchAction\",\"target\":{\"@type\":\"EntryPoint\",\"urlTemplate\":\"https:\\\/\\\/strangercam.com\\\/?s={search_term_string}\"},\"query-input\":{\"@type\":\"PropertyValueSpecification\",\"valueRequired\":true,\"valueName\":\"search_term_string\"}}],\"inLanguage\":\"tr\"},{\"@type\":\"Organization\",\"@id\":\"https:\\\/\\\/strangercam.com\\\/#organization\",\"name\":\"Strangercam\",\"alternateName\":\"Strangercam.com\",\"url\":\"https:\\\/\\\/strangercam.com\\\/\",\"logo\":{\"@type\":\"ImageObject\",\"inLanguage\":\"tr\",\"@id\":\"https:\\\/\\\/strangercam.com\\\/#\\\/schema\\\/logo\\\/image\\\/\",\"url\":\"https:\\\/\\\/strangercam.com\\\/wp-content\\\/uploads\\\/2020\\\/11\\\/cropped-new-favicon-black.png\",\"contentUrl\":\"https:\\\/\\\/strangercam.com\\\/wp-content\\\/uploads\\\/2020\\\/11\\\/cropped-new-favicon-black.png\",\"width\":512,\"height\":512,\"caption\":\"Strangercam\"},\"image\":{\"@id\":\"https:\\\/\\\/strangercam.com\\\/#\\\/schema\\\/logo\\\/image\\\/\"},\"sameAs\":[\"https:\\\/\\\/www.facebook.com\\\/strangercam\",\"https:\\\/\\\/x.com\\\/strangercamapp\"]}]}<\/script>\n<!-- \/ Yoast SEO plugin. -->","yoast_head_json":{"title":"Chatliv - StrangerCam.com'da \u00dccretsiz G\u00f6r\u00fcnt\u00fcl\u00fc Sohbet","description":"Chatliv gibi rastgele yabanc\u0131larla sohbet edin! Gelin Strangercam.com'da 5.000.000'dan fazla yabanc\u0131yla \u00dccretsiz sohbet edin!","robots":{"index":"index","follow":"follow","max-snippet":"max-snippet:-1","max-image-preview":"max-image-preview:large","max-video-preview":"max-video-preview:-1"},"canonical":"https:\/\/strangercam.com\/tr\/chatliv\/","og_locale":"tr_TR","og_type":"article","og_title":"Chatliv - Video Chat for Free on StrangerCam.com","og_description":"Chat with random strangers like Chatliv! Come chat with more than 5.000.000 strangers on Strangercam.com for Free!","og_url":"https:\/\/strangercam.com\/tr\/chatliv\/","og_site_name":"Strangercam","article_publisher":"https:\/\/www.facebook.com\/strangercam","article_modified_time":"2023-08-21T10:24:41+00:00","og_image":[{"width":800,"height":800,"url":"https:\/\/strangercam.com\/wp-content\/uploads\/2020\/11\/stranger-cam-1.png","type":"image\/png"}],"twitter_card":"summary_large_image","twitter_site":"@strangercamapp","twitter_misc":{"Tahmini okuma s\u00fcresi":"5 dakika"},"schema":{"@context":"https:\/\/schema.org","@graph":[{"@type":"WebPage","@id":"https:\/\/strangercam.com\/chatliv\/","url":"https:\/\/strangercam.com\/chatliv\/","name":"Chatliv - StrangerCam.com'da \u00dccretsiz G\u00f6r\u00fcnt\u00fcl\u00fc Sohbet","isPartOf":{"@id":"https:\/\/strangercam.com\/#website"},"primaryImageOfPage":{"@id":"https:\/\/strangercam.com\/chatliv\/#primaryimage"},"image":{"@id":"https:\/\/strangercam.com\/chatliv\/#primaryimage"},"thumbnailUrl":"https:\/\/strangercam.com\/wp-content\/uploads\/2020\/11\/stranger-cam-1.png","datePublished":"2022-07-25T13:08:03+00:00","dateModified":"2023-08-21T10:24:41+00:00","description":"Chatliv gibi rastgele yabanc\u0131larla sohbet edin! Gelin Strangercam.com'da 5.000.000'dan fazla yabanc\u0131yla \u00dccretsiz sohbet edin!","breadcrumb":{"@id":"https:\/\/strangercam.com\/chatliv\/#breadcrumb"},"inLanguage":"tr","potentialAction":[{"@type":"ReadAction","target":["https:\/\/strangercam.com\/chatliv\/"]}]},{"@type":"ImageObject","inLanguage":"tr","@id":"https:\/\/strangercam.com\/chatliv\/#primaryimage","url":"https:\/\/strangercam.com\/wp-content\/uploads\/2020\/11\/stranger-cam-1.png","contentUrl":"https:\/\/strangercam.com\/wp-content\/uploads\/2020\/11\/stranger-cam-1.png","width":800,"height":800,"caption":"stranger cam random video chat"},{"@type":"BreadcrumbList","@id":"https:\/\/strangercam.com\/chatliv\/#breadcrumb","itemListElement":[{"@type":"ListItem","position":1,"name":"Home","item":"https:\/\/strangercam.com\/"},{"@type":"ListItem","position":2,"name":"Chatliv"}]},{"@type":"WebSite","@id":"https:\/\/strangercam.com\/#website","url":"https:\/\/strangercam.com\/","name":"Strangercam","description":"Yabanc\u0131larla Rastgele G\u00f6r\u00fcnt\u00fcl\u00fc Sohbet","publisher":{"@id":"https:\/\/strangercam.com\/#organization"},"alternateName":"Strangercam.com","potentialAction":[{"@type":"SearchAction","target":{"@type":"EntryPoint","urlTemplate":"https:\/\/strangercam.com\/?s={search_term_string}"},"query-input":{"@type":"PropertyValueSpecification","valueRequired":true,"valueName":"search_term_string"}}],"inLanguage":"tr"},{"@type":"Organization","@id":"https:\/\/strangercam.com\/#organization","name":"Strangercam","alternateName":"Strangercam.com","url":"https:\/\/strangercam.com\/","logo":{"@type":"ImageObject","inLanguage":"tr","@id":"https:\/\/strangercam.com\/#\/schema\/logo\/image\/","url":"https:\/\/strangercam.com\/wp-content\/uploads\/2020\/11\/cropped-new-favicon-black.png","contentUrl":"https:\/\/strangercam.com\/wp-content\/uploads\/2020\/11\/cropped-new-favicon-black.png","width":512,"height":512,"caption":"Strangercam"},"image":{"@id":"https:\/\/strangercam.com\/#\/schema\/logo\/image\/"},"sameAs":["https:\/\/www.facebook.com\/strangercam","https:\/\/x.com\/strangercamapp"]}]}},"_links":{"self":[{"href":"https:\/\/strangercam.com\/tr\/wp-json\/wp\/v2\/pages\/11074","targetHints":{"allow":["GET"]}}],"collection":[{"href":"https:\/\/strangercam.com\/tr\/wp-json\/wp\/v2\/pages"}],"about":[{"href":"https:\/\/strangercam.com\/tr\/wp-json\/wp\/v2\/types\/page"}],"author":[{"embeddable":true,"href":"https:\/\/strangercam.com\/tr\/wp-json\/wp\/v2\/users\/6"}],"replies":[{"embeddable":true,"href":"https:\/\/strangercam.com\/tr\/wp-json\/wp\/v2\/comments?post=11074"}],"version-history":[{"count":0,"href":"https:\/\/strangercam.com\/tr\/wp-json\/wp\/v2\/pages\/11074\/revisions"}],"wp:featuredmedia":[{"embeddable":true,"href":"https:\/\/strangercam.com\/tr\/wp-json\/wp\/v2\/media\/559"}],"wp:attachment":[{"href":"https:\/\/strangercam.com\/tr\/wp-json\/wp\/v2\/media?parent=11074"}],"curies":[{"name":"wp","href":"https:\/\/api.w.org\/{rel}","templated":true}]}}