{"id":10182,"date":"2022-05-30T14:44:10","date_gmt":"2022-05-30T12:44:10","guid":{"rendered":"https:\/\/strangercam.com\/?page_id=10182"},"modified":"2023-08-21T12:24:41","modified_gmt":"2023-08-21T10:24:41","slug":"funyo","status":"publish","type":"page","link":"https:\/\/strangercam.com\/tr\/funyo\/","title":{"rendered":"Funyo"},"content":{"rendered":"<p>FunYo, kameran\u0131z\u0131 kullanarak d\u00fcnyan\u0131n her yerinden rastgele insanlar\u0131 birbirine ba\u011flaman\u0131za yard\u0131mc\u0131 olur. Kay\u0131t olmaya gerek yoktur ve FunYo'nun kullan\u0131m\u0131 tamamen \u00fccretsizdir! Hizmetin kullan\u0131m\u0131 basittir ve belirli \u00fclkelerdeki ki\u015filerle veya sadece a\u015fa\u011f\u0131daki ki\u015filerle etkile\u015fim kurma se\u00e7ene\u011fi gibi heyecan verici \u00f6zellikler sunuyoruz <a href=\"https:\/\/strangercam.com\/tr\/kizlarla-goruntulu-sohbet\/\">K\u0131zlar<\/a>.<\/p>\n<h3>Funyo Arkada\u015fl\u0131k Uygulamas\u0131n\u0131n Ana \u00d6zellikleri<\/h3>\n<p>A\u015fa\u011f\u0131da, Funyo arkada\u015fl\u0131k uygulamas\u0131 hakk\u0131nda bilmeniz gereken t\u00fcm ayr\u0131nt\u0131lar\u0131 a\u00e7\u0131klad\u0131k:<\/p>\n<h4>Funyo Rastgele Yabanc\u0131larla Sohbet Etmenizi Sa\u011flayan Bir Uygulamad\u0131r.<\/h4>\n<p>\u00dccretsiz rastgele <a href=\"https:\/\/strangercam.com\/tr\/chatroulette\/\">sohbet<\/a> Funyo'de d\u00fcnyan\u0131n her yerinden yeni insanlarla etkile\u015fim kurmak i\u00e7in ideal bir yoldur. Hepinizin \u015fu anda ger\u00e7ekle\u015fmekte olan web kameras\u0131 sohbetlerine ba\u011flanman\u0131z\u0131 kolayla\u015ft\u0131rmaya odaklanan basit bir sistem olu\u015fturduk! Rastgele Sohbet, Webcam K\u0131zlar\u0131 ve E\u015fcinsel Sohbet \u00fc\u00e7 ak\u0131ll\u0131 yoldur <a href=\"https:\/\/strangercam.com\/tr\/bazoocam\/\">cam<\/a> yabanc\u0131larla konu\u015fmak. Her <a href=\"https:\/\/strangercam.com\/tr\/chathub\/\">rastgele g\u00f6r\u00fcnt\u00fcl\u00fc sohbet<\/a> sistemi, sizi web kameralar\u0131n\u0131 canl\u0131 yay\u0131nlayan ve web kameralar\u0131n\u0131 canl\u0131 yay\u0131nlamak isteyen y\u00fczlerce ba\u015fka insanla <a href=\"https:\/\/strangercam.com\/tr\/coomeet\/\">tan\u0131\u015fmak<\/a> t\u0131pk\u0131 senin gibi yeni insanlar. Funyo'nin modaya uygun ve e\u011flenceli web kameras\u0131 konu\u015fmalar\u0131yla bug\u00fcn sosyalle\u015fmeye ba\u015flay\u0131n!<\/p>\n<h4>K\u0131zlarla \u00dccretsiz Sohbet Edin<\/h4>\n<p>Muhte\u015fem kamera k\u0131zlar\u0131yla \u00e7evrimi\u00e7i konu\u015fmak i\u00e7in gizli \u00fccretler \u00f6demek zorunda kalmaktan b\u0131kt\u0131n\u0131z m\u0131? Funyo herkes i\u00e7in \u00fccretsiz k\u0131z web kameralar\u0131 ile sizin i\u00e7in bir cevaba sahip! Kamera k\u0131zlar\u0131 b\u00f6l\u00fcm\u00fcm\u00fczde \u00e7ok \u00e7e\u015fitli fantastik canl\u0131 kameralar\u0131 ke\u015ffedebilir ve k\u0131zlarla sonsuz bir s\u00fcre boyunca \u00fccretsiz olarak g\u00f6r\u00fcnt\u00fcl\u00fc g\u00f6r\u00fc\u015fme yapabilirsiniz. D\u00fcnyan\u0131n her yerinden \u00e7e\u015fitli kategorilerde web kameralar\u0131n\u0131 yay\u0131nlayan k\u0131zlar\u0131 ke\u015ffedin ve onlarla hemen \u00fccretsiz sohbet etmeye ba\u015flay\u0131n!<\/p>\n<h4>\u00dccretsiz Gay Sohbet<\/h4>\n<p>Funyo'nin \u00e7evrimi\u00e7i \u00fccretsiz e\u015fcinsel g\u00f6r\u00fcnt\u00fcl\u00fc aramas\u0131yla, \u015fu anda web kameralar\u0131n\u0131 g\u00f6steren binlerce erkek bulabilirsiniz! Rastgele e\u015fcinsel sohbet, normal rastgele ki\u015fi sohbetinden farkl\u0131 olarak, sizi yaln\u0131zca erkeklerle ili\u015fkilendirir. D\u00fcnyan\u0131n her yerinden e\u015fcinsel, biseks\u00fcel ve merakl\u0131 erkekler sizinle tan\u0131\u015fmaya haz\u0131r. \u00c7o\u011fu e\u015fcinsel kamera sitesi e\u015fcinsel kameralara eri\u015fmek i\u00e7in \u00f6deme gerektirir, ancak Funyo'de sizi ger\u00e7ek insanlarla temasa ge\u00e7iriyoruz, b\u00f6ylece web kameras\u0131 sohbetine e\u015fcinsel bir kamera olabilir ve biraz e\u011flenebilirsiniz.<\/p>\n<h3>Sonu\u00e7<\/h3>\n<p>Chatrandom, kullan\u0131c\u0131 taban\u0131 a\u00e7\u0131s\u0131ndan Funyo'ye g\u00f6re b\u00fcy\u00fck s\u0131\u00e7ramalar yapt\u0131 ve Funyo'de daha fazla ki\u015fi \u00e7evrimi\u00e7i oldu. Ayn\u0131 sebepten dolay\u0131 bu \u015fekilde ortaya \u00e7\u0131kt\u0131. Ancak, Funyo'de hala ziyaret etmeyi ilgin\u00e7 k\u0131lacak kadar birey var. \u00d6yleyse, www.funyo.com adresine gidin ve hayat\u0131n\u0131z\u0131n her par\u00e7as\u0131n\u0131n tad\u0131n\u0131 \u00e7\u0131karmaya ba\u015flay\u0131n.<\/p>","protected":false},"excerpt":{"rendered":"<p>Using your camera, FunYo helps to connect random people from all over the world. There is no need to register, and FunYo is completely free to use! The service is simple to use, and we provide exciting features such as the option to interact with individuals in specified countries or just with girls. Main Features [&hellip;]<\/p>\n","protected":false},"author":6,"featured_media":559,"parent":0,"menu_order":0,"comment_status":"closed","ping_status":"closed","template":"","meta":{"footnotes":""},"class_list":["post-10182","page","type-page","status-publish","has-post-thumbnail","hentry"],"yoast_head":"<!-- This site is optimized with the Yoast SEO plugin v26.9 - https:\/\/yoast.com\/product\/yoast-seo-wordpress\/ -->\n<title>Funyo - Chat Roulette Anonymously - Cam on StrangerCam.com<\/title>\n<meta name=\"description\" content=\"Like Funyo? Come chat with more than 5.000.000 strangers on Stranger Cam for Free! Turn on your cam and find new friends &amp; maby a match!\" \/>\n<meta name=\"robots\" content=\"index, follow, max-snippet:-1, max-image-preview:large, max-video-preview:-1\" \/>\n<link rel=\"canonical\" href=\"https:\/\/strangercam.com\/tr\/funyo\/\" \/>\n<meta property=\"og:locale\" content=\"tr_TR\" \/>\n<meta property=\"og:type\" content=\"article\" \/>\n<meta property=\"og:title\" content=\"Funyo - Chat Roulette Anonymously - Cam on StrangerCam.com\" \/>\n<meta property=\"og:description\" content=\"Like Funyo? Come chat with more than 5.000.000 strangers on Stranger Cam for Free! Turn on your cam and find new friends &amp; maby a match!\" \/>\n<meta property=\"og:url\" content=\"https:\/\/strangercam.com\/tr\/funyo\/\" \/>\n<meta property=\"og:site_name\" content=\"Strangercam\" \/>\n<meta property=\"article:publisher\" content=\"https:\/\/www.facebook.com\/strangercam\" \/>\n<meta property=\"article:modified_time\" content=\"2023-08-21T10:24:41+00:00\" \/>\n<meta property=\"og:image\" content=\"https:\/\/strangercam.com\/wp-content\/uploads\/2020\/11\/stranger-cam-1.png\" \/>\n\t<meta property=\"og:image:width\" content=\"800\" \/>\n\t<meta property=\"og:image:height\" content=\"800\" \/>\n\t<meta property=\"og:image:type\" content=\"image\/png\" \/>\n<meta name=\"twitter:card\" content=\"summary_large_image\" \/>\n<meta name=\"twitter:site\" content=\"@strangercamapp\" \/>\n<meta name=\"twitter:label1\" content=\"Tahmini okuma s\u00fcresi\" \/>\n\t<meta name=\"twitter:data1\" content=\"2 dakika\" \/>\n<script type=\"application\/ld+json\" class=\"yoast-schema-graph\">{\"@context\":\"https:\/\/schema.org\",\"@graph\":[{\"@type\":\"WebPage\",\"@id\":\"https:\/\/strangercam.com\/funyo\/\",\"url\":\"https:\/\/strangercam.com\/funyo\/\",\"name\":\"Funyo - Chat Roulette Anonymously - Cam on StrangerCam.com\",\"isPartOf\":{\"@id\":\"https:\/\/strangercam.com\/#website\"},\"primaryImageOfPage\":{\"@id\":\"https:\/\/strangercam.com\/funyo\/#primaryimage\"},\"image\":{\"@id\":\"https:\/\/strangercam.com\/funyo\/#primaryimage\"},\"thumbnailUrl\":\"https:\/\/strangercam.com\/wp-content\/uploads\/2020\/11\/stranger-cam-1.png\",\"datePublished\":\"2022-05-30T12:44:10+00:00\",\"dateModified\":\"2023-08-21T10:24:41+00:00\",\"description\":\"Like Funyo? Come chat with more than 5.000.000 strangers on Stranger Cam for Free! Turn on your cam and find new friends & maby a match!\",\"breadcrumb\":{\"@id\":\"https:\/\/strangercam.com\/funyo\/#breadcrumb\"},\"inLanguage\":\"tr\",\"potentialAction\":[{\"@type\":\"ReadAction\",\"target\":[\"https:\/\/strangercam.com\/funyo\/\"]}]},{\"@type\":\"ImageObject\",\"inLanguage\":\"tr\",\"@id\":\"https:\/\/strangercam.com\/funyo\/#primaryimage\",\"url\":\"https:\/\/strangercam.com\/wp-content\/uploads\/2020\/11\/stranger-cam-1.png\",\"contentUrl\":\"https:\/\/strangercam.com\/wp-content\/uploads\/2020\/11\/stranger-cam-1.png\",\"width\":800,\"height\":800,\"caption\":\"stranger cam random video chat\"},{\"@type\":\"BreadcrumbList\",\"@id\":\"https:\/\/strangercam.com\/funyo\/#breadcrumb\",\"itemListElement\":[{\"@type\":\"ListItem\",\"position\":1,\"name\":\"Home\",\"item\":\"https:\/\/strangercam.com\/\"},{\"@type\":\"ListItem\",\"position\":2,\"name\":\"Funyo\"}]},{\"@type\":\"WebSite\",\"@id\":\"https:\/\/strangercam.com\/#website\",\"url\":\"https:\/\/strangercam.com\/\",\"name\":\"Strangercam\",\"description\":\"Random Video Chat with Strangers\",\"publisher\":{\"@id\":\"https:\/\/strangercam.com\/#organization\"},\"alternateName\":\"Strangercam.com\",\"potentialAction\":[{\"@type\":\"SearchAction\",\"target\":{\"@type\":\"EntryPoint\",\"urlTemplate\":\"https:\/\/strangercam.com\/?s={search_term_string}\"},\"query-input\":{\"@type\":\"PropertyValueSpecification\",\"valueRequired\":true,\"valueName\":\"search_term_string\"}}],\"inLanguage\":\"tr\"},{\"@type\":\"Organization\",\"@id\":\"https:\/\/strangercam.com\/#organization\",\"name\":\"Strangercam\",\"alternateName\":\"Strangercam.com\",\"url\":\"https:\/\/strangercam.com\/\",\"logo\":{\"@type\":\"ImageObject\",\"inLanguage\":\"tr\",\"@id\":\"https:\/\/strangercam.com\/#\/schema\/logo\/image\/\",\"url\":\"https:\/\/strangercam.com\/wp-content\/uploads\/2020\/11\/cropped-new-favicon-black.png\",\"contentUrl\":\"https:\/\/strangercam.com\/wp-content\/uploads\/2020\/11\/cropped-new-favicon-black.png\",\"width\":512,\"height\":512,\"caption\":\"Strangercam\"},\"image\":{\"@id\":\"https:\/\/strangercam.com\/#\/schema\/logo\/image\/\"},\"sameAs\":[\"https:\/\/www.facebook.com\/strangercam\",\"https:\/\/x.com\/strangercamapp\"]}]}<\/script>\n<!-- \/ Yoast SEO plugin. -->","yoast_head_json":{"title":"Funyo - Anonim Rulet Sohbeti - StrangerCam.com'da Kamera","description":"Funyo'yi be\u011fendiniz mi? Gelin Stranger Cam'de 5.000.000'dan fazla yabanc\u0131yla \u00dccretsiz sohbet edin! Kameran\u0131z\u0131 a\u00e7\u0131n ve yeni arkada\u015flar ve belki bir e\u015fle\u015fme bulun!","robots":{"index":"index","follow":"follow","max-snippet":"max-snippet:-1","max-image-preview":"max-image-preview:large","max-video-preview":"max-video-preview:-1"},"canonical":"https:\/\/strangercam.com\/tr\/funyo\/","og_locale":"tr_TR","og_type":"article","og_title":"Funyo - Chat Roulette Anonymously - Cam on StrangerCam.com","og_description":"Like Funyo? Come chat with more than 5.000.000 strangers on Stranger Cam for Free! Turn on your cam and find new friends & maby a match!","og_url":"https:\/\/strangercam.com\/tr\/funyo\/","og_site_name":"Strangercam","article_publisher":"https:\/\/www.facebook.com\/strangercam","article_modified_time":"2023-08-21T10:24:41+00:00","og_image":[{"width":800,"height":800,"url":"https:\/\/strangercam.com\/wp-content\/uploads\/2020\/11\/stranger-cam-1.png","type":"image\/png"}],"twitter_card":"summary_large_image","twitter_site":"@strangercamapp","twitter_misc":{"Tahmini okuma s\u00fcresi":"2 dakika"},"schema":{"@context":"https:\/\/schema.org","@graph":[{"@type":"WebPage","@id":"https:\/\/strangercam.com\/funyo\/","url":"https:\/\/strangercam.com\/funyo\/","name":"Funyo - Anonim Rulet Sohbeti - StrangerCam.com'da Kamera","isPartOf":{"@id":"https:\/\/strangercam.com\/#website"},"primaryImageOfPage":{"@id":"https:\/\/strangercam.com\/funyo\/#primaryimage"},"image":{"@id":"https:\/\/strangercam.com\/funyo\/#primaryimage"},"thumbnailUrl":"https:\/\/strangercam.com\/wp-content\/uploads\/2020\/11\/stranger-cam-1.png","datePublished":"2022-05-30T12:44:10+00:00","dateModified":"2023-08-21T10:24:41+00:00","description":"Funyo'yi be\u011fendiniz mi? Gelin Stranger Cam'de 5.000.000'dan fazla yabanc\u0131yla \u00dccretsiz sohbet edin! Kameran\u0131z\u0131 a\u00e7\u0131n ve yeni arkada\u015flar ve belki bir e\u015fle\u015fme bulun!","breadcrumb":{"@id":"https:\/\/strangercam.com\/funyo\/#breadcrumb"},"inLanguage":"tr","potentialAction":[{"@type":"ReadAction","target":["https:\/\/strangercam.com\/funyo\/"]}]},{"@type":"ImageObject","inLanguage":"tr","@id":"https:\/\/strangercam.com\/funyo\/#primaryimage","url":"https:\/\/strangercam.com\/wp-content\/uploads\/2020\/11\/stranger-cam-1.png","contentUrl":"https:\/\/strangercam.com\/wp-content\/uploads\/2020\/11\/stranger-cam-1.png","width":800,"height":800,"caption":"stranger cam random video chat"},{"@type":"BreadcrumbList","@id":"https:\/\/strangercam.com\/funyo\/#breadcrumb","itemListElement":[{"@type":"ListItem","position":1,"name":"Home","item":"https:\/\/strangercam.com\/"},{"@type":"ListItem","position":2,"name":"Funyo"}]},{"@type":"WebSite","@id":"https:\/\/strangercam.com\/#website","url":"https:\/\/strangercam.com\/","name":"Strangercam","description":"Yabanc\u0131larla Rastgele G\u00f6r\u00fcnt\u00fcl\u00fc Sohbet","publisher":{"@id":"https:\/\/strangercam.com\/#organization"},"alternateName":"Strangercam.com","potentialAction":[{"@type":"SearchAction","target":{"@type":"EntryPoint","urlTemplate":"https:\/\/strangercam.com\/?s={search_term_string}"},"query-input":{"@type":"PropertyValueSpecification","valueRequired":true,"valueName":"search_term_string"}}],"inLanguage":"tr"},{"@type":"Organization","@id":"https:\/\/strangercam.com\/#organization","name":"Strangercam","alternateName":"Strangercam.com","url":"https:\/\/strangercam.com\/","logo":{"@type":"ImageObject","inLanguage":"tr","@id":"https:\/\/strangercam.com\/#\/schema\/logo\/image\/","url":"https:\/\/strangercam.com\/wp-content\/uploads\/2020\/11\/cropped-new-favicon-black.png","contentUrl":"https:\/\/strangercam.com\/wp-content\/uploads\/2020\/11\/cropped-new-favicon-black.png","width":512,"height":512,"caption":"Strangercam"},"image":{"@id":"https:\/\/strangercam.com\/#\/schema\/logo\/image\/"},"sameAs":["https:\/\/www.facebook.com\/strangercam","https:\/\/x.com\/strangercamapp"]}]}},"_links":{"self":[{"href":"https:\/\/strangercam.com\/tr\/wp-json\/wp\/v2\/pages\/10182","targetHints":{"allow":["GET"]}}],"collection":[{"href":"https:\/\/strangercam.com\/tr\/wp-json\/wp\/v2\/pages"}],"about":[{"href":"https:\/\/strangercam.com\/tr\/wp-json\/wp\/v2\/types\/page"}],"author":[{"embeddable":true,"href":"https:\/\/strangercam.com\/tr\/wp-json\/wp\/v2\/users\/6"}],"replies":[{"embeddable":true,"href":"https:\/\/strangercam.com\/tr\/wp-json\/wp\/v2\/comments?post=10182"}],"version-history":[{"count":0,"href":"https:\/\/strangercam.com\/tr\/wp-json\/wp\/v2\/pages\/10182\/revisions"}],"wp:featuredmedia":[{"embeddable":true,"href":"https:\/\/strangercam.com\/tr\/wp-json\/wp\/v2\/media\/559"}],"wp:attachment":[{"href":"https:\/\/strangercam.com\/tr\/wp-json\/wp\/v2\/media?parent=10182"}],"curies":[{"name":"wp","href":"https:\/\/api.w.org\/{rel}","templated":true}]}}