{"id":10160,"date":"2022-05-30T14:40:58","date_gmt":"2022-05-30T12:40:58","guid":{"rendered":"https:\/\/strangercam.com\/?page_id=10160"},"modified":"2023-08-21T11:40:39","modified_gmt":"2023-08-21T09:40:39","slug":"chateek","status":"publish","type":"page","link":"https:\/\/strangercam.com\/tr\/chateek\/","title":{"rendered":"Chateek"},"content":{"rendered":"<p>\u0130nsanlar birbirlerinden binlerce kilometre uzakta ya\u015f\u0131yor olsalar bile internet \u00fczerinden birbirleriyle \u00fccretsiz olarak konu\u015fabiliyorlar. Ancak hangi web sitesini ziyaret edece\u011finize nas\u0131l karar verirsiniz? Hangi ara\u00e7lar harika arkada\u015flar olman\u0131n yan\u0131 s\u0131ra k\u0131zlarla, erkeklerle ve hatta uzun mesafeli a\u015fk ili\u015fkileriyle tan\u0131\u015fman\u0131za yard\u0131mc\u0131 olacak?<\/p>\n<p>\u0130nternet bulu\u015fmas\u0131, yeni insanlarla tan\u0131\u015fman\u0131n ve hemen ileti\u015fim kurmaya ba\u015flaman\u0131n e\u011flenceli bir yoludur. Chateek dot come, g\u00fcvenli ve emniyetli web sitelerinin en iyi listesini olu\u015fturdu. Web sitemiz, y\u00fcksek e\u011fitimli ve iyi rastgele insanlarla ileti\u015fime ge\u00e7menizi sa\u011flar. Bu video <a href=\"https:\/\/strangercam.com\/tr\/chathub\/\">sohbet<\/a> hemen bir ki\u015fi se\u00e7menize ve onunla ger\u00e7ek zamanl\u0131 olarak konu\u015fman\u0131za olanak tan\u0131r. Bu t\u00fcr tan\u0131d\u0131klar olduk\u00e7a ilgin\u00e7tir \u00e7\u00fcnk\u00fc internet tart\u0131\u015fmas\u0131 se\u00e7ti\u011finiz her \u015fey hakk\u0131nda konu\u015fman\u0131za izin verir.<\/p>\n<h3>Kullan\u0131c\u0131lar\u0131n Daha Geni\u015f Havuzu - Herkesin Tercihlerine Uygun \u00c7ok \u00c7e\u015fitli Sohbetler Var.<\/h3>\n<p>Her \u015feyden \u00f6nce, Chateek.com yeni bir ili\u015fkiye ba\u015flamak, \u00e7\u0131kmak ve hatta \u00e7\u0131lg\u0131nca a\u015f\u0131k olmak i\u00e7in en iyi yerdir! \u0130nternette etkile\u015fimli bir konu\u015fma i\u00e7in isteyebilece\u011finiz her \u015feye sahipseniz, hayat\u0131n\u0131z\u0131 \u00f6nemli \u00f6l\u00e7\u00fcde zenginle\u015ftirebilirsiniz. Basit metin sohbetleri art\u0131k pop\u00fcler de\u011fil \u00e7\u00fcnk\u00fc muhataplar zay\u0131f bir etkile\u015fim seviyesine sahip. Bununla birlikte, g\u00f6r\u00fcnt\u00fcl\u00fc bir sohbette hala birbirinizi g\u00f6r\u00fcr ve ger\u00e7ek bir diyalo\u011fa kat\u0131l\u0131rs\u0131n\u0131z. Hi\u00e7bir \u015fey binlerce kilometre uzaktaki biriyle g\u00f6r\u00fcnt\u00fcl\u00fc sohbet yoluyla ileti\u015fim kurman\u0131n yerini tutamaz.<\/p>\n<p>En pop\u00fcler g\u00f6r\u00fcnt\u00fcl\u00fc konu\u015fmalar aras\u0131nda web sitemizde g\u00f6r\u00fclebilir:<\/p>\n<ul>\n<li><a href=\"https:\/\/strangercam.com\/tr\/chatroulette\/\">ChatRoulette<\/a>.<\/li>\n<li><a href=\"https:\/\/strangercam.com\/tr\/omegle\/\">Omegle<\/a> bir g\u00f6r\u00fcnt\u00fcl\u00fc sohbet uygulamas\u0131d\u0131r.<\/li>\n<li>Rus\u00e7a Chatroulette.<\/li>\n<li><a href=\"https:\/\/strangercam.com\/tr\/bazoocam\/\">bazoocam<\/a>.<\/li>\n<li>ChatRandom.<\/li>\n<li>Camzap.<\/li>\n<li><a href=\"https:\/\/strangercam.com\/tr\/coomeet\/\">Coomeet<\/a>.<\/li>\n<li>\u00d6rne\u011fin Wowchat.<\/li>\n<\/ul>\n<h3>\u0130nsanlar\u0131 Birbirine Ba\u011flamak \u0130\u00e7in H\u0131zl\u0131 Bir Video Konferans Sitesi<\/h3>\n<p>Buna an\u0131nda sohbet denir \u00e7\u00fcnk\u00fc hemen konu\u015fmaya ba\u015flayabilirsiniz. \u00c7evrimi\u00e7i tart\u0131\u015fmalar\u0131m\u0131zda en k\u0131sa s\u00fcrede biriyle tan\u0131\u015fabilirsiniz. Bu t\u00fcr kurlar genellikle Skype, ICQ, telefon numaralar\u0131 ve sosyal medya profillerine ba\u011flant\u0131lar gibi ileti\u015fim bilgilerinin payla\u015f\u0131lmas\u0131yla sonu\u00e7lan\u0131r. Dahas\u0131, y\u00fcz y\u00fcze g\u00f6r\u00fc\u015fme \u015fans\u0131 da y\u00fcksektir. Ancak, g\u00f6r\u00fcnt\u00fcl\u00fc sohbetler bazen gizlili\u011finizi tehlikeye atabilir.<\/p>\n<h3>Chateek dot Com Platformu Nas\u0131l Kullan\u0131l\u0131r?<\/h3>\n<p>\u015eimdi tek yapman\u0131z gereken web kameras\u0131n\u0131 a\u00e7mak ve harika bir ileti\u015fimin i\u00e7ine dalmak. Ve bu do\u011fru \u00e7\u00fcnk\u00fc burada sadece romantizm m\u00fcmk\u00fcn de\u011fil, ayn\u0131 zamanda yurtd\u0131\u015f\u0131ndaki insanlarla \u00e7\u0131kmak da m\u00fcmk\u00fcn. Bu bir t\u00fcr internet arkada\u015fl\u0131k hizmetidir.<\/p>\n<h3>Sonu\u00e7<\/h3>\n<p>Chateek nokta com, birden fazla platformda do\u011fru ki\u015fileri bulman\u0131z\u0131 sa\u011flayan en iyi platformdur.<\/p>","protected":false},"excerpt":{"rendered":"<p>People can speak with one another for free over the internet, even if they reside thousands of kilometers apart. But how do you decide which website to visit? What tools will help you meet girls, guys, and even long-distance love relationships in addition to becoming wonderful friends? Internet dating is a fun way to meet [&hellip;]<\/p>\n","protected":false},"author":6,"featured_media":559,"parent":0,"menu_order":0,"comment_status":"closed","ping_status":"closed","template":"","meta":{"footnotes":""},"class_list":["post-10160","page","type-page","status-publish","has-post-thumbnail","hentry"],"yoast_head":"<!-- This site is optimized with the Yoast SEO plugin v26.9 - https:\/\/yoast.com\/product\/yoast-seo-wordpress\/ -->\n<title>Chateek - Chat Roulette Anonymously - Cam on StrangerCam.com<\/title>\n<meta name=\"description\" content=\"Like Chateek? Come chat with more than 5.000.000 strangers on Stranger Cam for Free! Turn on your cam and find new friends &amp; maby a match!\" \/>\n<meta name=\"robots\" content=\"index, follow, max-snippet:-1, max-image-preview:large, max-video-preview:-1\" \/>\n<link rel=\"canonical\" href=\"https:\/\/strangercam.com\/tr\/chateek\/\" \/>\n<meta property=\"og:locale\" content=\"tr_TR\" \/>\n<meta property=\"og:type\" content=\"article\" \/>\n<meta property=\"og:title\" content=\"Chateek - Chat Roulette Anonymously - Cam on StrangerCam.com\" \/>\n<meta property=\"og:description\" content=\"Like Chateek? Come chat with more than 5.000.000 strangers on Stranger Cam for Free! Turn on your cam and find new friends &amp; maby a match!\" \/>\n<meta property=\"og:url\" content=\"https:\/\/strangercam.com\/tr\/chateek\/\" \/>\n<meta property=\"og:site_name\" content=\"Strangercam\" \/>\n<meta property=\"article:publisher\" content=\"https:\/\/www.facebook.com\/strangercam\" \/>\n<meta property=\"article:modified_time\" content=\"2023-08-21T09:40:39+00:00\" \/>\n<meta property=\"og:image\" content=\"https:\/\/strangercam.com\/wp-content\/uploads\/2020\/11\/stranger-cam-1.png\" \/>\n\t<meta property=\"og:image:width\" content=\"800\" \/>\n\t<meta property=\"og:image:height\" content=\"800\" \/>\n\t<meta property=\"og:image:type\" content=\"image\/png\" \/>\n<meta name=\"twitter:card\" content=\"summary_large_image\" \/>\n<meta name=\"twitter:site\" content=\"@strangercamapp\" \/>\n<meta name=\"twitter:label1\" content=\"Tahmini okuma s\u00fcresi\" \/>\n\t<meta name=\"twitter:data1\" content=\"2 dakika\" \/>\n<script type=\"application\/ld+json\" class=\"yoast-schema-graph\">{\"@context\":\"https:\/\/schema.org\",\"@graph\":[{\"@type\":\"WebPage\",\"@id\":\"https:\/\/strangercam.com\/chateek\/\",\"url\":\"https:\/\/strangercam.com\/chateek\/\",\"name\":\"Chateek - Chat Roulette Anonymously - Cam on StrangerCam.com\",\"isPartOf\":{\"@id\":\"https:\/\/strangercam.com\/#website\"},\"primaryImageOfPage\":{\"@id\":\"https:\/\/strangercam.com\/chateek\/#primaryimage\"},\"image\":{\"@id\":\"https:\/\/strangercam.com\/chateek\/#primaryimage\"},\"thumbnailUrl\":\"https:\/\/strangercam.com\/wp-content\/uploads\/2020\/11\/stranger-cam-1.png\",\"datePublished\":\"2022-05-30T12:40:58+00:00\",\"dateModified\":\"2023-08-21T09:40:39+00:00\",\"description\":\"Like Chateek? Come chat with more than 5.000.000 strangers on Stranger Cam for Free! Turn on your cam and find new friends & maby a match!\",\"breadcrumb\":{\"@id\":\"https:\/\/strangercam.com\/chateek\/#breadcrumb\"},\"inLanguage\":\"tr\",\"potentialAction\":[{\"@type\":\"ReadAction\",\"target\":[\"https:\/\/strangercam.com\/chateek\/\"]}]},{\"@type\":\"ImageObject\",\"inLanguage\":\"tr\",\"@id\":\"https:\/\/strangercam.com\/chateek\/#primaryimage\",\"url\":\"https:\/\/strangercam.com\/wp-content\/uploads\/2020\/11\/stranger-cam-1.png\",\"contentUrl\":\"https:\/\/strangercam.com\/wp-content\/uploads\/2020\/11\/stranger-cam-1.png\",\"width\":800,\"height\":800,\"caption\":\"stranger cam random video chat\"},{\"@type\":\"BreadcrumbList\",\"@id\":\"https:\/\/strangercam.com\/chateek\/#breadcrumb\",\"itemListElement\":[{\"@type\":\"ListItem\",\"position\":1,\"name\":\"Home\",\"item\":\"https:\/\/strangercam.com\/\"},{\"@type\":\"ListItem\",\"position\":2,\"name\":\"Chateek\"}]},{\"@type\":\"WebSite\",\"@id\":\"https:\/\/strangercam.com\/#website\",\"url\":\"https:\/\/strangercam.com\/\",\"name\":\"Strangercam\",\"description\":\"Random Video Chat with Strangers\",\"publisher\":{\"@id\":\"https:\/\/strangercam.com\/#organization\"},\"alternateName\":\"Strangercam.com\",\"potentialAction\":[{\"@type\":\"SearchAction\",\"target\":{\"@type\":\"EntryPoint\",\"urlTemplate\":\"https:\/\/strangercam.com\/?s={search_term_string}\"},\"query-input\":{\"@type\":\"PropertyValueSpecification\",\"valueRequired\":true,\"valueName\":\"search_term_string\"}}],\"inLanguage\":\"tr\"},{\"@type\":\"Organization\",\"@id\":\"https:\/\/strangercam.com\/#organization\",\"name\":\"Strangercam\",\"alternateName\":\"Strangercam.com\",\"url\":\"https:\/\/strangercam.com\/\",\"logo\":{\"@type\":\"ImageObject\",\"inLanguage\":\"tr\",\"@id\":\"https:\/\/strangercam.com\/#\/schema\/logo\/image\/\",\"url\":\"https:\/\/strangercam.com\/wp-content\/uploads\/2020\/11\/cropped-new-favicon-black.png\",\"contentUrl\":\"https:\/\/strangercam.com\/wp-content\/uploads\/2020\/11\/cropped-new-favicon-black.png\",\"width\":512,\"height\":512,\"caption\":\"Strangercam\"},\"image\":{\"@id\":\"https:\/\/strangercam.com\/#\/schema\/logo\/image\/\"},\"sameAs\":[\"https:\/\/www.facebook.com\/strangercam\",\"https:\/\/x.com\/strangercamapp\"]}]}<\/script>\n<!-- \/ Yoast SEO plugin. -->","yoast_head_json":{"title":"Chateek - Anonim Rulet Sohbeti - StrangerCam.com'da Kamera","description":"Chateek'yi be\u011fendiniz mi? Gelin Stranger Cam'de 5.000.000'dan fazla yabanc\u0131yla \u00dccretsiz sohbet edin! Kameran\u0131z\u0131 a\u00e7\u0131n ve yeni arkada\u015flar ve belki bir e\u015fle\u015fme bulun!","robots":{"index":"index","follow":"follow","max-snippet":"max-snippet:-1","max-image-preview":"max-image-preview:large","max-video-preview":"max-video-preview:-1"},"canonical":"https:\/\/strangercam.com\/tr\/chateek\/","og_locale":"tr_TR","og_type":"article","og_title":"Chateek - Chat Roulette Anonymously - Cam on StrangerCam.com","og_description":"Like Chateek? Come chat with more than 5.000.000 strangers on Stranger Cam for Free! Turn on your cam and find new friends & maby a match!","og_url":"https:\/\/strangercam.com\/tr\/chateek\/","og_site_name":"Strangercam","article_publisher":"https:\/\/www.facebook.com\/strangercam","article_modified_time":"2023-08-21T09:40:39+00:00","og_image":[{"width":800,"height":800,"url":"https:\/\/strangercam.com\/wp-content\/uploads\/2020\/11\/stranger-cam-1.png","type":"image\/png"}],"twitter_card":"summary_large_image","twitter_site":"@strangercamapp","twitter_misc":{"Tahmini okuma s\u00fcresi":"2 dakika"},"schema":{"@context":"https:\/\/schema.org","@graph":[{"@type":"WebPage","@id":"https:\/\/strangercam.com\/chateek\/","url":"https:\/\/strangercam.com\/chateek\/","name":"Chateek - Anonim Rulet Sohbeti - StrangerCam.com'da Kamera","isPartOf":{"@id":"https:\/\/strangercam.com\/#website"},"primaryImageOfPage":{"@id":"https:\/\/strangercam.com\/chateek\/#primaryimage"},"image":{"@id":"https:\/\/strangercam.com\/chateek\/#primaryimage"},"thumbnailUrl":"https:\/\/strangercam.com\/wp-content\/uploads\/2020\/11\/stranger-cam-1.png","datePublished":"2022-05-30T12:40:58+00:00","dateModified":"2023-08-21T09:40:39+00:00","description":"Chateek'yi be\u011fendiniz mi? Gelin Stranger Cam'de 5.000.000'dan fazla yabanc\u0131yla \u00dccretsiz sohbet edin! Kameran\u0131z\u0131 a\u00e7\u0131n ve yeni arkada\u015flar ve belki bir e\u015fle\u015fme bulun!","breadcrumb":{"@id":"https:\/\/strangercam.com\/chateek\/#breadcrumb"},"inLanguage":"tr","potentialAction":[{"@type":"ReadAction","target":["https:\/\/strangercam.com\/chateek\/"]}]},{"@type":"ImageObject","inLanguage":"tr","@id":"https:\/\/strangercam.com\/chateek\/#primaryimage","url":"https:\/\/strangercam.com\/wp-content\/uploads\/2020\/11\/stranger-cam-1.png","contentUrl":"https:\/\/strangercam.com\/wp-content\/uploads\/2020\/11\/stranger-cam-1.png","width":800,"height":800,"caption":"stranger cam random video chat"},{"@type":"BreadcrumbList","@id":"https:\/\/strangercam.com\/chateek\/#breadcrumb","itemListElement":[{"@type":"ListItem","position":1,"name":"Home","item":"https:\/\/strangercam.com\/"},{"@type":"ListItem","position":2,"name":"Chateek"}]},{"@type":"WebSite","@id":"https:\/\/strangercam.com\/#website","url":"https:\/\/strangercam.com\/","name":"Strangercam","description":"Yabanc\u0131larla Rastgele G\u00f6r\u00fcnt\u00fcl\u00fc Sohbet","publisher":{"@id":"https:\/\/strangercam.com\/#organization"},"alternateName":"Strangercam.com","potentialAction":[{"@type":"SearchAction","target":{"@type":"EntryPoint","urlTemplate":"https:\/\/strangercam.com\/?s={search_term_string}"},"query-input":{"@type":"PropertyValueSpecification","valueRequired":true,"valueName":"search_term_string"}}],"inLanguage":"tr"},{"@type":"Organization","@id":"https:\/\/strangercam.com\/#organization","name":"Strangercam","alternateName":"Strangercam.com","url":"https:\/\/strangercam.com\/","logo":{"@type":"ImageObject","inLanguage":"tr","@id":"https:\/\/strangercam.com\/#\/schema\/logo\/image\/","url":"https:\/\/strangercam.com\/wp-content\/uploads\/2020\/11\/cropped-new-favicon-black.png","contentUrl":"https:\/\/strangercam.com\/wp-content\/uploads\/2020\/11\/cropped-new-favicon-black.png","width":512,"height":512,"caption":"Strangercam"},"image":{"@id":"https:\/\/strangercam.com\/#\/schema\/logo\/image\/"},"sameAs":["https:\/\/www.facebook.com\/strangercam","https:\/\/x.com\/strangercamapp"]}]}},"_links":{"self":[{"href":"https:\/\/strangercam.com\/tr\/wp-json\/wp\/v2\/pages\/10160","targetHints":{"allow":["GET"]}}],"collection":[{"href":"https:\/\/strangercam.com\/tr\/wp-json\/wp\/v2\/pages"}],"about":[{"href":"https:\/\/strangercam.com\/tr\/wp-json\/wp\/v2\/types\/page"}],"author":[{"embeddable":true,"href":"https:\/\/strangercam.com\/tr\/wp-json\/wp\/v2\/users\/6"}],"replies":[{"embeddable":true,"href":"https:\/\/strangercam.com\/tr\/wp-json\/wp\/v2\/comments?post=10160"}],"version-history":[{"count":0,"href":"https:\/\/strangercam.com\/tr\/wp-json\/wp\/v2\/pages\/10160\/revisions"}],"wp:featuredmedia":[{"embeddable":true,"href":"https:\/\/strangercam.com\/tr\/wp-json\/wp\/v2\/media\/559"}],"wp:attachment":[{"href":"https:\/\/strangercam.com\/tr\/wp-json\/wp\/v2\/media?parent=10160"}],"curies":[{"name":"wp","href":"https:\/\/api.w.org\/{rel}","templated":true}]}}