{"id":10138,"date":"2022-05-30T14:33:56","date_gmt":"2022-05-30T12:33:56","guid":{"rendered":"https:\/\/strangercam.com\/?page_id=10138"},"modified":"2023-08-21T12:24:42","modified_gmt":"2023-08-21T10:24:42","slug":"omega","status":"publish","type":"page","link":"https:\/\/strangercam.com\/tr\/omega\/","title":{"rendered":"Omega"},"content":{"rendered":"<p>Omega yeni ve geli\u015ftirilmi\u015f bir <a href=\"https:\/\/strangercam.com\/tr\/omegle\/\">Omegle<\/a> o, gibi <a href=\"https:\/\/strangercam.com\/tr\/ometv\/\">OmeTv<\/a>, LivU, DODO, Chamet, HOLLA ve Facha. Ayr\u0131ca, sesli konu\u015fmalarda, rastgele videolarda d\u00fcnyan\u0131n her yerinden bireylerle ileti\u015fim kurman\u0131za ve yeni arkada\u015flar edinmenize olanak tan\u0131r. <a href=\"https:\/\/strangercam.com\/tr\/chatroulette\/\">sohbet<\/a>, ve ki\u015fiden ki\u015fiye mesajla\u015fma. Yeni ve geli\u015ftirilmi\u015f Omegle olan Omega, tek bir dokunu\u015fla sizi 100'den fazla \u00fclkeden \u00e7ok say\u0131da insanla bulu\u015fturacak. Spontane kar\u015f\u0131la\u015fmalar sosyal \u00e7evrenizi geni\u015fletirken, rastgele g\u00f6r\u00fcnt\u00fcl\u00fc aramalar ve sohbetler insanlar\u0131 yak\u0131nla\u015ft\u0131r\u0131r.<\/p>\n<p>Omega'nin otomatik AI koruma \u015femas\u0131, t\u00fcm canl\u0131 video konu\u015fmalar\u0131n\u0131z\u0131 ve canl\u0131 sohbet oturumlar\u0131n\u0131z\u0131 g\u00fcvence alt\u0131na alarak herhangi bir ihlal veya kabul edilemez davran\u0131\u015fla kar\u015f\u0131la\u015fmaman\u0131z\u0131 sa\u011flar.<\/p>\n<h3>Omega'nin En \u0130yi Arkada\u015fl\u0131k Platformunun Ana \u00d6zellikleri<\/h3>\n<p>A\u015fa\u011f\u0131da, Omega en iyi tan\u0131\u015fma platformlar\u0131n\u0131n en \u00f6nemli \u00f6zelliklerinden baz\u0131lar\u0131 verilmi\u015ftir:<\/p>\n<ul>\n<li>Canl\u0131 Konu\u015fma ve Canl\u0131 G\u00f6r\u00fcnt\u00fcl\u00fc Sohbet. Platform, herhangi bir ki\u015fiyle \u00e7evrimi\u00e7i ileti\u015fim kurman\u0131z\u0131 sa\u011flar.<\/li>\n<li>DM'ler. Ayr\u0131ca Omega platformunda arkada\u015flar\u0131n\u0131zla do\u011frudan \u00e7evrimi\u00e7i sohbet edebilirsiniz.<\/li>\n<li>B\u00f6lge ve Cinsiyet Filtresi. E\u011fer etkile\u015fime ge\u00e7mek isterseniz ve <a href=\"https:\/\/strangercam.com\/tr\/coomeet\/\">tan\u0131\u015fmak<\/a> Belirli ki\u015filer, filtre sizin i\u00e7in do\u011fru ki\u015filere eri\u015fmenize yard\u0131mc\u0131 olabilir.<\/li>\n<li>Hediyeler. Ba\u015fka bir ki\u015fiye ger\u00e7ek bir sevgi g\u00f6stermek istiyorsan\u0131z, o ki\u015fiye \u00e7evrimi\u00e7i hediye verebilirsiniz.<\/li>\n<\/ul>\n<h3>Neden Omega Platformunu Arkada\u015fl\u0131k Ama\u00e7l\u0131 Kullanmal\u0131s\u0131n\u0131z?<\/h3>\n<p>A\u015fa\u011f\u0131da, bizi di\u011fer mevcut \u00e7evrimi\u00e7i uygulamalardan ay\u0131ran en \u00f6nemli nedenlerden baz\u0131lar\u0131 yer almaktad\u0131r:<\/p>\n<ul>\n<li>Rastgele ger\u00e7ek zamanl\u0131 g\u00f6r\u00fcnt\u00fcl\u00fc sohbette d\u00fcnyan\u0131n her yerinden yeni insanlarla tan\u0131\u015f\u0131n!<\/li>\n<li>Yabanc\u0131larla yeni tan\u0131\u015fmalar yapmay\u0131 seven bireyler i\u00e7in keyifli, g\u00fcvenli ve sa\u011fl\u0131kl\u0131 bir \u00e7evrimi\u00e7i topluluk olu\u015fturuyoruz.<\/li>\n<li>Omega - yeni ve geli\u015ftirilmi\u015f Omegle grubunda d\u00fcnyan\u0131n d\u00f6rt bir yan\u0131ndan tan\u0131mad\u0131\u011f\u0131n\u0131z ki\u015filerle FaceTime yapabilir, her birinin anlatacak muhte\u015fem hikayeleri ve deneyimleri olan farkl\u0131 ve heyecan verici ki\u015filerle g\u00f6r\u00fc\u015febilirsiniz.<\/li>\n<li>\u00d6zel olarak tasarlanm\u0131\u015f her bir rastgele video konferans, ya\u015fam boyu s\u00fcrecek yeni bir ba\u011f kurma olas\u0131l\u0131\u011f\u0131 ile de\u011ferli ve k\u0131ymetlidir.<\/li>\n<li>Ayr\u0131ca ki\u015fisel mesajlar ve \u00e7evrimi\u00e7i rastgele video konferans yoluyla eski arkada\u015flar\u0131n\u0131zla yeniden ba\u011flant\u0131 kurabilirsiniz.<\/li>\n<li>Canl\u0131 tart\u0131\u015fmalar yoluyla yeni ba\u011flant\u0131lar kurmak, farkl\u0131 k\u00fclt\u00fcrler hakk\u0131nda bilgi edinmek ve ufkunuzu geni\u015fletmek i\u00e7in rastgele e\u015fle\u015fin.<\/li>\n<li>Platformun m\u00fc\u015fteri deste\u011fi de olduk\u00e7a duyarl\u0131. Her \u015fikayete dakikalar i\u00e7inde yan\u0131t verirler. Ekip, platformda herhangi bir endi\u015fe veya korku olmadan harika bir deneyim ya\u015faman\u0131z\u0131 sa\u011flar. En b\u00fcy\u00fc\u011f\u00fc olan Omega'yi kullanmaktan keyif alaca\u011f\u0131n\u0131z\u0131 i\u00e7tenlikle umuyoruz. <a href=\"https:\/\/strangercam.com\/tr\/chathub\/\">rastgele g\u00f6r\u00fcnt\u00fcl\u00fc sohbet<\/a> ve canl\u0131 sohbet arac\u0131 mevcut!<\/li>\n<\/ul>\n<h3>Sonu\u00e7<\/h3>\n<p>Omega, do\u011fru ki\u015fiyle ileti\u015fim kurman\u0131za ve sizi t\u00fcm d\u00fcnyada mutlu ve \u00f6nemli hissettiren bir ruh e\u015fi bulman\u0131za yard\u0131mc\u0131 olan keyifli bir platformdur.<\/p>","protected":false},"excerpt":{"rendered":"<p>Omega is a new and improved Omegle that, like OmeTv, LivU, DODO, Chamet, HOLLA, and Facha. It also enables you to communicate and make some new friends with individuals all over the world in voice conversations, random video chat, and messaging in person to person. Omega, the new and improved Omegle, will link you with [&hellip;]<\/p>\n","protected":false},"author":6,"featured_media":559,"parent":0,"menu_order":0,"comment_status":"closed","ping_status":"closed","template":"","meta":{"footnotes":""},"class_list":["post-10138","page","type-page","status-publish","has-post-thumbnail","hentry"],"yoast_head":"<!-- This site is optimized with the Yoast SEO plugin v27.4 - https:\/\/yoast.com\/product\/yoast-seo-wordpress\/ -->\n<title>Omega - Chat Roulette Anonymously - Cam on StrangerCam.com<\/title>\n<meta name=\"description\" content=\"Like Omega? Come chat with more than 5.000.000 strangers on Stranger Cam for Free! Turn on your cam and find new friends &amp; maby a match!\" \/>\n<meta name=\"robots\" content=\"index, follow, max-snippet:-1, max-image-preview:large, max-video-preview:-1\" \/>\n<link rel=\"canonical\" href=\"https:\/\/strangercam.com\/tr\/omega\/\" \/>\n<meta property=\"og:locale\" content=\"tr_TR\" \/>\n<meta property=\"og:type\" content=\"article\" \/>\n<meta property=\"og:title\" content=\"Omega - Chat Roulette Anonymously - Cam on StrangerCam.com\" \/>\n<meta property=\"og:description\" content=\"Like Omega? Come chat with more than 5.000.000 strangers on Stranger Cam for Free! Turn on your cam and find new friends &amp; maby a match!\" \/>\n<meta property=\"og:url\" content=\"https:\/\/strangercam.com\/tr\/omega\/\" \/>\n<meta property=\"og:site_name\" content=\"Strangercam\" \/>\n<meta property=\"article:publisher\" content=\"https:\/\/www.facebook.com\/strangercam\" \/>\n<meta property=\"article:modified_time\" content=\"2023-08-21T10:24:42+00:00\" \/>\n<meta property=\"og:image\" content=\"https:\/\/strangercam.com\/wp-content\/uploads\/2020\/11\/stranger-cam-1.png\" \/>\n\t<meta property=\"og:image:width\" content=\"800\" \/>\n\t<meta property=\"og:image:height\" content=\"800\" \/>\n\t<meta property=\"og:image:type\" content=\"image\/png\" \/>\n<meta name=\"twitter:card\" content=\"summary_large_image\" \/>\n<meta name=\"twitter:site\" content=\"@strangercamapp\" \/>\n<meta name=\"twitter:label1\" content=\"Tahmini okuma s\u00fcresi\" \/>\n\t<meta name=\"twitter:data1\" content=\"2 dakika\" \/>\n<script type=\"application\/ld+json\" class=\"yoast-schema-graph\">{\"@context\":\"https:\\\/\\\/schema.org\",\"@graph\":[{\"@type\":\"WebPage\",\"@id\":\"https:\\\/\\\/strangercam.com\\\/omega\\\/\",\"url\":\"https:\\\/\\\/strangercam.com\\\/omega\\\/\",\"name\":\"Omega - Chat Roulette Anonymously - Cam on StrangerCam.com\",\"isPartOf\":{\"@id\":\"https:\\\/\\\/strangercam.com\\\/#website\"},\"primaryImageOfPage\":{\"@id\":\"https:\\\/\\\/strangercam.com\\\/omega\\\/#primaryimage\"},\"image\":{\"@id\":\"https:\\\/\\\/strangercam.com\\\/omega\\\/#primaryimage\"},\"thumbnailUrl\":\"https:\\\/\\\/strangercam.com\\\/wp-content\\\/uploads\\\/2020\\\/11\\\/stranger-cam-1.png\",\"datePublished\":\"2022-05-30T12:33:56+00:00\",\"dateModified\":\"2023-08-21T10:24:42+00:00\",\"description\":\"Like Omega? Come chat with more than 5.000.000 strangers on Stranger Cam for Free! Turn on your cam and find new friends & maby a match!\",\"breadcrumb\":{\"@id\":\"https:\\\/\\\/strangercam.com\\\/omega\\\/#breadcrumb\"},\"inLanguage\":\"tr\",\"potentialAction\":[{\"@type\":\"ReadAction\",\"target\":[\"https:\\\/\\\/strangercam.com\\\/omega\\\/\"]}]},{\"@type\":\"ImageObject\",\"inLanguage\":\"tr\",\"@id\":\"https:\\\/\\\/strangercam.com\\\/omega\\\/#primaryimage\",\"url\":\"https:\\\/\\\/strangercam.com\\\/wp-content\\\/uploads\\\/2020\\\/11\\\/stranger-cam-1.png\",\"contentUrl\":\"https:\\\/\\\/strangercam.com\\\/wp-content\\\/uploads\\\/2020\\\/11\\\/stranger-cam-1.png\",\"width\":800,\"height\":800,\"caption\":\"stranger cam random video chat\"},{\"@type\":\"BreadcrumbList\",\"@id\":\"https:\\\/\\\/strangercam.com\\\/omega\\\/#breadcrumb\",\"itemListElement\":[{\"@type\":\"ListItem\",\"position\":1,\"name\":\"Home\",\"item\":\"https:\\\/\\\/strangercam.com\\\/\"},{\"@type\":\"ListItem\",\"position\":2,\"name\":\"Omega\"}]},{\"@type\":\"WebSite\",\"@id\":\"https:\\\/\\\/strangercam.com\\\/#website\",\"url\":\"https:\\\/\\\/strangercam.com\\\/\",\"name\":\"Strangercam\",\"description\":\"Random Video Chat with Strangers\",\"publisher\":{\"@id\":\"https:\\\/\\\/strangercam.com\\\/#organization\"},\"alternateName\":\"Strangercam.com\",\"potentialAction\":[{\"@type\":\"SearchAction\",\"target\":{\"@type\":\"EntryPoint\",\"urlTemplate\":\"https:\\\/\\\/strangercam.com\\\/?s={search_term_string}\"},\"query-input\":{\"@type\":\"PropertyValueSpecification\",\"valueRequired\":true,\"valueName\":\"search_term_string\"}}],\"inLanguage\":\"tr\"},{\"@type\":\"Organization\",\"@id\":\"https:\\\/\\\/strangercam.com\\\/#organization\",\"name\":\"Strangercam\",\"alternateName\":\"Strangercam.com\",\"url\":\"https:\\\/\\\/strangercam.com\\\/\",\"logo\":{\"@type\":\"ImageObject\",\"inLanguage\":\"tr\",\"@id\":\"https:\\\/\\\/strangercam.com\\\/#\\\/schema\\\/logo\\\/image\\\/\",\"url\":\"https:\\\/\\\/strangercam.com\\\/wp-content\\\/uploads\\\/2020\\\/11\\\/cropped-new-favicon-black.png\",\"contentUrl\":\"https:\\\/\\\/strangercam.com\\\/wp-content\\\/uploads\\\/2020\\\/11\\\/cropped-new-favicon-black.png\",\"width\":512,\"height\":512,\"caption\":\"Strangercam\"},\"image\":{\"@id\":\"https:\\\/\\\/strangercam.com\\\/#\\\/schema\\\/logo\\\/image\\\/\"},\"sameAs\":[\"https:\\\/\\\/www.facebook.com\\\/strangercam\",\"https:\\\/\\\/x.com\\\/strangercamapp\"]}]}<\/script>\n<!-- \/ Yoast SEO plugin. -->","yoast_head_json":{"title":"Omega - Anonim Rulet Sohbeti - StrangerCam.com'da Kamera","description":"Omega'yi be\u011fendiniz mi? Gelin Stranger Cam'de 5.000.000'dan fazla yabanc\u0131yla \u00dccretsiz sohbet edin! Kameran\u0131z\u0131 a\u00e7\u0131n ve yeni arkada\u015flar ve belki bir e\u015fle\u015fme bulun!","robots":{"index":"index","follow":"follow","max-snippet":"max-snippet:-1","max-image-preview":"max-image-preview:large","max-video-preview":"max-video-preview:-1"},"canonical":"https:\/\/strangercam.com\/tr\/omega\/","og_locale":"tr_TR","og_type":"article","og_title":"Omega - Chat Roulette Anonymously - Cam on StrangerCam.com","og_description":"Like Omega? Come chat with more than 5.000.000 strangers on Stranger Cam for Free! Turn on your cam and find new friends & maby a match!","og_url":"https:\/\/strangercam.com\/tr\/omega\/","og_site_name":"Strangercam","article_publisher":"https:\/\/www.facebook.com\/strangercam","article_modified_time":"2023-08-21T10:24:42+00:00","og_image":[{"width":800,"height":800,"url":"https:\/\/strangercam.com\/wp-content\/uploads\/2020\/11\/stranger-cam-1.png","type":"image\/png"}],"twitter_card":"summary_large_image","twitter_site":"@strangercamapp","twitter_misc":{"Tahmini okuma s\u00fcresi":"2 dakika"},"schema":{"@context":"https:\/\/schema.org","@graph":[{"@type":"WebPage","@id":"https:\/\/strangercam.com\/omega\/","url":"https:\/\/strangercam.com\/omega\/","name":"Omega - Anonim Rulet Sohbeti - StrangerCam.com'da Kamera","isPartOf":{"@id":"https:\/\/strangercam.com\/#website"},"primaryImageOfPage":{"@id":"https:\/\/strangercam.com\/omega\/#primaryimage"},"image":{"@id":"https:\/\/strangercam.com\/omega\/#primaryimage"},"thumbnailUrl":"https:\/\/strangercam.com\/wp-content\/uploads\/2020\/11\/stranger-cam-1.png","datePublished":"2022-05-30T12:33:56+00:00","dateModified":"2023-08-21T10:24:42+00:00","description":"Omega'yi be\u011fendiniz mi? Gelin Stranger Cam'de 5.000.000'dan fazla yabanc\u0131yla \u00dccretsiz sohbet edin! Kameran\u0131z\u0131 a\u00e7\u0131n ve yeni arkada\u015flar ve belki bir e\u015fle\u015fme bulun!","breadcrumb":{"@id":"https:\/\/strangercam.com\/omega\/#breadcrumb"},"inLanguage":"tr","potentialAction":[{"@type":"ReadAction","target":["https:\/\/strangercam.com\/omega\/"]}]},{"@type":"ImageObject","inLanguage":"tr","@id":"https:\/\/strangercam.com\/omega\/#primaryimage","url":"https:\/\/strangercam.com\/wp-content\/uploads\/2020\/11\/stranger-cam-1.png","contentUrl":"https:\/\/strangercam.com\/wp-content\/uploads\/2020\/11\/stranger-cam-1.png","width":800,"height":800,"caption":"stranger cam random video chat"},{"@type":"BreadcrumbList","@id":"https:\/\/strangercam.com\/omega\/#breadcrumb","itemListElement":[{"@type":"ListItem","position":1,"name":"Home","item":"https:\/\/strangercam.com\/"},{"@type":"ListItem","position":2,"name":"Omega"}]},{"@type":"WebSite","@id":"https:\/\/strangercam.com\/#website","url":"https:\/\/strangercam.com\/","name":"Strangercam","description":"Yabanc\u0131larla Rastgele G\u00f6r\u00fcnt\u00fcl\u00fc Sohbet","publisher":{"@id":"https:\/\/strangercam.com\/#organization"},"alternateName":"Strangercam.com","potentialAction":[{"@type":"SearchAction","target":{"@type":"EntryPoint","urlTemplate":"https:\/\/strangercam.com\/?s={search_term_string}"},"query-input":{"@type":"PropertyValueSpecification","valueRequired":true,"valueName":"search_term_string"}}],"inLanguage":"tr"},{"@type":"Organization","@id":"https:\/\/strangercam.com\/#organization","name":"Strangercam","alternateName":"Strangercam.com","url":"https:\/\/strangercam.com\/","logo":{"@type":"ImageObject","inLanguage":"tr","@id":"https:\/\/strangercam.com\/#\/schema\/logo\/image\/","url":"https:\/\/strangercam.com\/wp-content\/uploads\/2020\/11\/cropped-new-favicon-black.png","contentUrl":"https:\/\/strangercam.com\/wp-content\/uploads\/2020\/11\/cropped-new-favicon-black.png","width":512,"height":512,"caption":"Strangercam"},"image":{"@id":"https:\/\/strangercam.com\/#\/schema\/logo\/image\/"},"sameAs":["https:\/\/www.facebook.com\/strangercam","https:\/\/x.com\/strangercamapp"]}]}},"_links":{"self":[{"href":"https:\/\/strangercam.com\/tr\/wp-json\/wp\/v2\/pages\/10138","targetHints":{"allow":["GET"]}}],"collection":[{"href":"https:\/\/strangercam.com\/tr\/wp-json\/wp\/v2\/pages"}],"about":[{"href":"https:\/\/strangercam.com\/tr\/wp-json\/wp\/v2\/types\/page"}],"author":[{"embeddable":true,"href":"https:\/\/strangercam.com\/tr\/wp-json\/wp\/v2\/users\/6"}],"replies":[{"embeddable":true,"href":"https:\/\/strangercam.com\/tr\/wp-json\/wp\/v2\/comments?post=10138"}],"version-history":[{"count":0,"href":"https:\/\/strangercam.com\/tr\/wp-json\/wp\/v2\/pages\/10138\/revisions"}],"wp:featuredmedia":[{"embeddable":true,"href":"https:\/\/strangercam.com\/tr\/wp-json\/wp\/v2\/media\/559"}],"wp:attachment":[{"href":"https:\/\/strangercam.com\/tr\/wp-json\/wp\/v2\/media?parent=10138"}],"curies":[{"name":"wp","href":"https:\/\/api.w.org\/{rel}","templated":true}]}}