{"id":10116,"date":"2022-05-30T14:29:33","date_gmt":"2022-05-30T12:29:33","guid":{"rendered":"https:\/\/strangercam.com\/?page_id=10116"},"modified":"2023-08-21T12:39:40","modified_gmt":"2023-08-21T10:39:40","slug":"stickam","status":"publish","type":"page","link":"https:\/\/strangercam.com\/tr\/stickam\/","title":{"rendered":"Stickam"},"content":{"rendered":"<p>Stickam 2005 y\u0131l\u0131nda canl\u0131 yay\u0131n video payla\u015f\u0131m sitesi olarak kurulmu\u015ftur. Stickam, kullan\u0131c\u0131lar\u0131n foto\u011fraf, ses ve video y\u00fcklemesine izin veriyordu, <a href=\"https:\/\/strangercam.com\/tr\/rabbit-video-chat\/\">Video<\/a>ve en \u00f6nemlisi, <a href=\"https:\/\/strangercam.com\/tr\/mili\/\">canl\u0131<\/a> video konferans ak\u0131\u015f\u0131. Web sitesi h\u0131zla b\u00fcy\u00fcyerek MTV, G4 TV, CBS Radio, NATPE, CES ve di\u011fer \u00e7e\u015fitli mecralardan canl\u0131 \u015fovlar ve olu\u015fturulan i\u00e7eriklerin yan\u0131 s\u0131ra \u00e7e\u015fitli gruplar\u0131n ve \u00fcnl\u00fclerin canl\u0131 konserlerini ve \u015fovlar\u0131n\u0131 da b\u00fcnyesine katt\u0131.<\/p>\n<p>Stickam, canl\u0131 video yay\u0131n\u0131na ek olarak, bireylerin kamera ak\u0131\u015flar\u0131n\u0131 bir Flash oynat\u0131c\u0131 arac\u0131l\u0131\u011f\u0131yla di\u011fer sitelere dahil etmelerine olanak tan\u0131r. Bir web kameras\u0131 yay\u0131n\u0131n\u0131 ba\u015fka bir siteye \u201cyap\u0131\u015ft\u0131rma\u201d yetene\u011fi \u201cStickam\u201d olarak adland\u0131r\u0131ld\u0131.\u201d<\/p>\n<h2>Stickam Nas\u0131l \u00c7al\u0131\u015f\u0131r?<\/h2>\n<p>Kullan\u0131c\u0131 Canl\u0131 <a href=\"https:\/\/strangercam.com\/tr\/chatroulette\/\">Sohbet<\/a> web kameralar\u0131n\u0131n kamera ak\u0131\u015f\u0131n\u0131 internet \u00fczerinden yay\u0131nlamak i\u00e7in. Kullan\u0131c\u0131 canl\u0131 yay\u0131n\u0131 kimin g\u00f6rebilece\u011fini kontrol edebiliyordu. Ger\u00e7ek yay\u0131n odas\u0131nda yedi kamera pozisyonu vard\u0131. En b\u00fcy\u00fc\u011f\u00fc <a href=\"https:\/\/strangercam.com\/tr\/1v1-chat\/\">bir<\/a> sohbetin yarat\u0131c\u0131s\u0131 i\u00e7indi. Kalan alt\u0131 yer ise alt\u0131 ki\u015finin daha canl\u0131 web kameras\u0131 yay\u0131n\u0131 yapmas\u0131 i\u00e7in ayr\u0131lm\u0131\u015ft\u0131. Kullan\u0131c\u0131lar canl\u0131 sohbeti, geleneksel bir sohbet sitesinde bulabileceklerine benzer bir sohbet kutusu arac\u0131l\u0131\u011f\u0131yla ileti\u015fim kurmak i\u00e7in de kullanabiliyordu. Asi ya da tehditkar davranan ki\u015filer ana kullan\u0131c\u0131 taraf\u0131ndan \u201ctekmelenebilir\u201d ya da yasaklanabilir. Ana kullan\u0131c\u0131 ayr\u0131ca, ana kullan\u0131c\u0131 bunu yapamazsa kullan\u0131c\u0131lar\u0131 kald\u0131rabilecek g\u00fcvenilir ki\u015filer olan moderat\u00f6rler de atayabilir.<\/p>\n<h2>Web Sitesinin Ana \u00d6zellikleri<\/h2>\n<p>A\u015fa\u011f\u0131da Stickam platformunun en \u00f6nemli \u00f6zelliklerinden baz\u0131lar\u0131 yer almaktad\u0131r:<\/p>\n<h3>Hesab\u0131n\u0131z\u0131 etkinle\u015ftirin<\/h3>\n<p>Birka\u00e7 dakika i\u00e7inde, herkes Stickam'de \u201ccanl\u0131 yay\u0131na\u201d ge\u00e7ebilir ve bilgisayarlar\u0131ndan, iPhone'lar\u0131ndan veya iPad'lerinden video ak\u0131\u015flar\u0131 yay\u0131nlayabilir. Stickam ayn\u0131 zamanda HD ve ticari yay\u0131n ak\u0131\u015flar\u0131n\u0131 HD ve di\u011fer yay\u0131n ak\u0131\u015flar\u0131na ba\u011flayarak iletmek i\u00e7in de kullan\u0131labilir. <a href=\"https:\/\/strangercam.com\/tr\/camzey\/\">kameralar<\/a>, i\u015flemciler ve ses giri\u015fleri.<\/p>\n<h3>Sosyal medyaya giri\u015f yap\u0131n<\/h3>\n<p>Stickam sosyal giri\u015f sistemini, \u015firketin etkinli\u011fi canl\u0131 yay\u0131nlamak i\u00e7in Maker Studios ile ortakl\u0131k yapt\u0131\u011f\u0131 VidCon 2012'de tan\u0131tt\u0131. Stickam'deki yay\u0131nc\u0131lar, arkada\u015flar\u0131n\u0131n ve hayranlar\u0131n\u0131n tart\u0131\u015fma forumlar\u0131na girmelerini sa\u011flamak i\u00e7in Linkedin, Facebook, Instagram, Tumblr, Google, Myspace veya Gmail'i kullanabilir. Yay\u0131nc\u0131lar odalar\u0131ndaki ki\u015fi say\u0131s\u0131n\u0131 daha da s\u0131n\u0131rlayabilirler.<\/p>\n<h3>VIP'ler i\u00e7in Program<\/h3>\n<p>Stickam A\u011fustos 2012 itibariyle b\u00f6yle bir VIP kullan\u0131c\u0131 program\u0131na sahipti. VIP program\u0131na kat\u0131lanlar reklams\u0131z eri\u015fim, \"kimler canl\u0131\" sekmesinde bir yer, remiks pazar\u0131ndan 25 jeton ve profil foto\u011fraflar\u0131nda bir Premium rozeti ald\u0131lar.<\/p>\n<h3>Ak\u0131\u015f i\u00e7in API<\/h3>\n<p>2008 y\u0131l\u0131nda \u015firket ayr\u0131ca bir beyaz etiket \u00e7\u00f6z\u00fcm\u00fc olan StreamAPI'yi (daha \u00f6nce Stickam API) sundu. StreamAPI, m\u00fc\u015fterilerin herhangi bir programlama bilgisi gerektirmeden uygulamalar\u0131na veya web sitelerine canl\u0131 ak\u0131\u015f yerle\u015ftirmelerine olanak tan\u0131yan bir beyaz etiket \u015firketiydi.<\/p>\n<h2>Sonu\u00e7<\/h2>\n<p>Stickam, \u00e7evrimi\u00e7i arkada\u015f edinmek i\u00e7in g\u00fcvenilir ve y\u00fcksek kaliteli bir platformdur.<\/p>","protected":false},"excerpt":{"rendered":"<p>Stickam was established in 2005 as a live-streaming video-sharing site. Stickam allowed users to upload photos, audio, video, and, most importantly, live stream video conferencing. The website quickly grew to incorporate live shows and created content from MTV, G4 TV, CBS Radio, NATPE, CES, and a variety of other outlets, as well as live concerts [&hellip;]<\/p>\n","protected":false},"author":6,"featured_media":559,"parent":0,"menu_order":0,"comment_status":"closed","ping_status":"closed","template":"","meta":{"footnotes":""},"class_list":["post-10116","page","type-page","status-publish","has-post-thumbnail","hentry"],"yoast_head":"<!-- This site is optimized with the Yoast SEO plugin v26.9 - https:\/\/yoast.com\/product\/yoast-seo-wordpress\/ -->\n<title>Stickam - Chat Roulette Anonymously - Cam on StrangerCam.com<\/title>\n<meta name=\"description\" content=\"Like Stickam? Come chat with more than 5.000.000 strangers on Stranger Cam for Free! Turn on your cam and find new friends &amp; maby a match!\" \/>\n<meta name=\"robots\" content=\"index, follow, max-snippet:-1, max-image-preview:large, max-video-preview:-1\" \/>\n<link rel=\"canonical\" href=\"https:\/\/strangercam.com\/tr\/stickam\/\" \/>\n<meta property=\"og:locale\" content=\"tr_TR\" \/>\n<meta property=\"og:type\" content=\"article\" \/>\n<meta property=\"og:title\" content=\"Stickam - Chat Roulette Anonymously - Cam on StrangerCam.com\" \/>\n<meta property=\"og:description\" content=\"Like Stickam? Come chat with more than 5.000.000 strangers on Stranger Cam for Free! Turn on your cam and find new friends &amp; maby a match!\" \/>\n<meta property=\"og:url\" content=\"https:\/\/strangercam.com\/tr\/stickam\/\" \/>\n<meta property=\"og:site_name\" content=\"Strangercam\" \/>\n<meta property=\"article:publisher\" content=\"https:\/\/www.facebook.com\/strangercam\" \/>\n<meta property=\"article:modified_time\" content=\"2023-08-21T10:39:40+00:00\" \/>\n<meta property=\"og:image\" content=\"https:\/\/strangercam.com\/wp-content\/uploads\/2020\/11\/stranger-cam-1.png\" \/>\n\t<meta property=\"og:image:width\" content=\"800\" \/>\n\t<meta property=\"og:image:height\" content=\"800\" \/>\n\t<meta property=\"og:image:type\" content=\"image\/png\" \/>\n<meta name=\"twitter:card\" content=\"summary_large_image\" \/>\n<meta name=\"twitter:site\" content=\"@strangercamapp\" \/>\n<meta name=\"twitter:label1\" content=\"Tahmini okuma s\u00fcresi\" \/>\n\t<meta name=\"twitter:data1\" content=\"2 dakika\" \/>\n<script type=\"application\/ld+json\" class=\"yoast-schema-graph\">{\"@context\":\"https:\/\/schema.org\",\"@graph\":[{\"@type\":\"WebPage\",\"@id\":\"https:\/\/strangercam.com\/stickam\/\",\"url\":\"https:\/\/strangercam.com\/stickam\/\",\"name\":\"Stickam - Chat Roulette Anonymously - Cam on StrangerCam.com\",\"isPartOf\":{\"@id\":\"https:\/\/strangercam.com\/#website\"},\"primaryImageOfPage\":{\"@id\":\"https:\/\/strangercam.com\/stickam\/#primaryimage\"},\"image\":{\"@id\":\"https:\/\/strangercam.com\/stickam\/#primaryimage\"},\"thumbnailUrl\":\"https:\/\/strangercam.com\/wp-content\/uploads\/2020\/11\/stranger-cam-1.png\",\"datePublished\":\"2022-05-30T12:29:33+00:00\",\"dateModified\":\"2023-08-21T10:39:40+00:00\",\"description\":\"Like Stickam? Come chat with more than 5.000.000 strangers on Stranger Cam for Free! Turn on your cam and find new friends & maby a match!\",\"breadcrumb\":{\"@id\":\"https:\/\/strangercam.com\/stickam\/#breadcrumb\"},\"inLanguage\":\"tr\",\"potentialAction\":[{\"@type\":\"ReadAction\",\"target\":[\"https:\/\/strangercam.com\/stickam\/\"]}]},{\"@type\":\"ImageObject\",\"inLanguage\":\"tr\",\"@id\":\"https:\/\/strangercam.com\/stickam\/#primaryimage\",\"url\":\"https:\/\/strangercam.com\/wp-content\/uploads\/2020\/11\/stranger-cam-1.png\",\"contentUrl\":\"https:\/\/strangercam.com\/wp-content\/uploads\/2020\/11\/stranger-cam-1.png\",\"width\":800,\"height\":800,\"caption\":\"stranger cam random video chat\"},{\"@type\":\"BreadcrumbList\",\"@id\":\"https:\/\/strangercam.com\/stickam\/#breadcrumb\",\"itemListElement\":[{\"@type\":\"ListItem\",\"position\":1,\"name\":\"Home\",\"item\":\"https:\/\/strangercam.com\/\"},{\"@type\":\"ListItem\",\"position\":2,\"name\":\"Stickam\"}]},{\"@type\":\"WebSite\",\"@id\":\"https:\/\/strangercam.com\/#website\",\"url\":\"https:\/\/strangercam.com\/\",\"name\":\"Strangercam\",\"description\":\"Random Video Chat with Strangers\",\"publisher\":{\"@id\":\"https:\/\/strangercam.com\/#organization\"},\"alternateName\":\"Strangercam.com\",\"potentialAction\":[{\"@type\":\"SearchAction\",\"target\":{\"@type\":\"EntryPoint\",\"urlTemplate\":\"https:\/\/strangercam.com\/?s={search_term_string}\"},\"query-input\":{\"@type\":\"PropertyValueSpecification\",\"valueRequired\":true,\"valueName\":\"search_term_string\"}}],\"inLanguage\":\"tr\"},{\"@type\":\"Organization\",\"@id\":\"https:\/\/strangercam.com\/#organization\",\"name\":\"Strangercam\",\"alternateName\":\"Strangercam.com\",\"url\":\"https:\/\/strangercam.com\/\",\"logo\":{\"@type\":\"ImageObject\",\"inLanguage\":\"tr\",\"@id\":\"https:\/\/strangercam.com\/#\/schema\/logo\/image\/\",\"url\":\"https:\/\/strangercam.com\/wp-content\/uploads\/2020\/11\/cropped-new-favicon-black.png\",\"contentUrl\":\"https:\/\/strangercam.com\/wp-content\/uploads\/2020\/11\/cropped-new-favicon-black.png\",\"width\":512,\"height\":512,\"caption\":\"Strangercam\"},\"image\":{\"@id\":\"https:\/\/strangercam.com\/#\/schema\/logo\/image\/\"},\"sameAs\":[\"https:\/\/www.facebook.com\/strangercam\",\"https:\/\/x.com\/strangercamapp\"]}]}<\/script>\n<!-- \/ Yoast SEO plugin. -->","yoast_head_json":{"title":"Stickam - Anonim Rulet Sohbeti - StrangerCam.com'da Kamera","description":"Stickam'yi be\u011fendiniz mi? Gelin Stranger Cam'de 5.000.000'dan fazla yabanc\u0131yla \u00dccretsiz sohbet edin! Kameran\u0131z\u0131 a\u00e7\u0131n ve yeni arkada\u015flar ve belki bir e\u015fle\u015fme bulun!","robots":{"index":"index","follow":"follow","max-snippet":"max-snippet:-1","max-image-preview":"max-image-preview:large","max-video-preview":"max-video-preview:-1"},"canonical":"https:\/\/strangercam.com\/tr\/stickam\/","og_locale":"tr_TR","og_type":"article","og_title":"Stickam - Chat Roulette Anonymously - Cam on StrangerCam.com","og_description":"Like Stickam? Come chat with more than 5.000.000 strangers on Stranger Cam for Free! Turn on your cam and find new friends & maby a match!","og_url":"https:\/\/strangercam.com\/tr\/stickam\/","og_site_name":"Strangercam","article_publisher":"https:\/\/www.facebook.com\/strangercam","article_modified_time":"2023-08-21T10:39:40+00:00","og_image":[{"width":800,"height":800,"url":"https:\/\/strangercam.com\/wp-content\/uploads\/2020\/11\/stranger-cam-1.png","type":"image\/png"}],"twitter_card":"summary_large_image","twitter_site":"@strangercamapp","twitter_misc":{"Tahmini okuma s\u00fcresi":"2 dakika"},"schema":{"@context":"https:\/\/schema.org","@graph":[{"@type":"WebPage","@id":"https:\/\/strangercam.com\/stickam\/","url":"https:\/\/strangercam.com\/stickam\/","name":"Stickam - Anonim Rulet Sohbeti - StrangerCam.com'da Kamera","isPartOf":{"@id":"https:\/\/strangercam.com\/#website"},"primaryImageOfPage":{"@id":"https:\/\/strangercam.com\/stickam\/#primaryimage"},"image":{"@id":"https:\/\/strangercam.com\/stickam\/#primaryimage"},"thumbnailUrl":"https:\/\/strangercam.com\/wp-content\/uploads\/2020\/11\/stranger-cam-1.png","datePublished":"2022-05-30T12:29:33+00:00","dateModified":"2023-08-21T10:39:40+00:00","description":"Stickam'yi be\u011fendiniz mi? Gelin Stranger Cam'de 5.000.000'dan fazla yabanc\u0131yla \u00dccretsiz sohbet edin! Kameran\u0131z\u0131 a\u00e7\u0131n ve yeni arkada\u015flar ve belki bir e\u015fle\u015fme bulun!","breadcrumb":{"@id":"https:\/\/strangercam.com\/stickam\/#breadcrumb"},"inLanguage":"tr","potentialAction":[{"@type":"ReadAction","target":["https:\/\/strangercam.com\/stickam\/"]}]},{"@type":"ImageObject","inLanguage":"tr","@id":"https:\/\/strangercam.com\/stickam\/#primaryimage","url":"https:\/\/strangercam.com\/wp-content\/uploads\/2020\/11\/stranger-cam-1.png","contentUrl":"https:\/\/strangercam.com\/wp-content\/uploads\/2020\/11\/stranger-cam-1.png","width":800,"height":800,"caption":"stranger cam random video chat"},{"@type":"BreadcrumbList","@id":"https:\/\/strangercam.com\/stickam\/#breadcrumb","itemListElement":[{"@type":"ListItem","position":1,"name":"Home","item":"https:\/\/strangercam.com\/"},{"@type":"ListItem","position":2,"name":"Stickam"}]},{"@type":"WebSite","@id":"https:\/\/strangercam.com\/#website","url":"https:\/\/strangercam.com\/","name":"Strangercam","description":"Yabanc\u0131larla Rastgele G\u00f6r\u00fcnt\u00fcl\u00fc Sohbet","publisher":{"@id":"https:\/\/strangercam.com\/#organization"},"alternateName":"Strangercam.com","potentialAction":[{"@type":"SearchAction","target":{"@type":"EntryPoint","urlTemplate":"https:\/\/strangercam.com\/?s={search_term_string}"},"query-input":{"@type":"PropertyValueSpecification","valueRequired":true,"valueName":"search_term_string"}}],"inLanguage":"tr"},{"@type":"Organization","@id":"https:\/\/strangercam.com\/#organization","name":"Strangercam","alternateName":"Strangercam.com","url":"https:\/\/strangercam.com\/","logo":{"@type":"ImageObject","inLanguage":"tr","@id":"https:\/\/strangercam.com\/#\/schema\/logo\/image\/","url":"https:\/\/strangercam.com\/wp-content\/uploads\/2020\/11\/cropped-new-favicon-black.png","contentUrl":"https:\/\/strangercam.com\/wp-content\/uploads\/2020\/11\/cropped-new-favicon-black.png","width":512,"height":512,"caption":"Strangercam"},"image":{"@id":"https:\/\/strangercam.com\/#\/schema\/logo\/image\/"},"sameAs":["https:\/\/www.facebook.com\/strangercam","https:\/\/x.com\/strangercamapp"]}]}},"_links":{"self":[{"href":"https:\/\/strangercam.com\/tr\/wp-json\/wp\/v2\/pages\/10116","targetHints":{"allow":["GET"]}}],"collection":[{"href":"https:\/\/strangercam.com\/tr\/wp-json\/wp\/v2\/pages"}],"about":[{"href":"https:\/\/strangercam.com\/tr\/wp-json\/wp\/v2\/types\/page"}],"author":[{"embeddable":true,"href":"https:\/\/strangercam.com\/tr\/wp-json\/wp\/v2\/users\/6"}],"replies":[{"embeddable":true,"href":"https:\/\/strangercam.com\/tr\/wp-json\/wp\/v2\/comments?post=10116"}],"version-history":[{"count":0,"href":"https:\/\/strangercam.com\/tr\/wp-json\/wp\/v2\/pages\/10116\/revisions"}],"wp:featuredmedia":[{"embeddable":true,"href":"https:\/\/strangercam.com\/tr\/wp-json\/wp\/v2\/media\/559"}],"wp:attachment":[{"href":"https:\/\/strangercam.com\/tr\/wp-json\/wp\/v2\/media?parent=10116"}],"curies":[{"name":"wp","href":"https:\/\/api.w.org\/{rel}","templated":true}]}}