{"id":10096,"date":"2022-05-30T14:20:25","date_gmt":"2022-05-30T12:20:25","guid":{"rendered":"https:\/\/strangercam.com\/?page_id=10096"},"modified":"2023-08-21T12:42:59","modified_gmt":"2023-08-21T10:42:59","slug":"tandoo","status":"publish","type":"page","link":"https:\/\/strangercam.com\/tr\/tandoo\/","title":{"rendered":"Tandoo"},"content":{"rendered":"<p>Tandoo bir <a href=\"https:\/\/strangercam.com\/tr\/chat4free\/\">\u00fccretsiz<\/a> \u00e7evrimi\u00e7i kooperatif <a href=\"https:\/\/strangercam.com\/tr\/mili\/\">canl\u0131<\/a> Video <a href=\"https:\/\/strangercam.com\/tr\/chatroulette\/\">sohbet<\/a> sa\u011flayan uygulama <a href=\"https:\/\/strangercam.com\/tr\/coomeet\/\">tan\u0131\u015fmak<\/a> d\u00fcnyan\u0131n her yerinden yeni insanlar! Yabanc\u0131larla posta, sesli sohbet veya <a href=\"https:\/\/strangercam.com\/tr\/rabbit-video-chat\/\">g\u00f6r\u00fcnt\u00fcl\u00fc sohbet<\/a>. K\u00fc\u00e7\u00fck oyunlara kat\u0131larak ve partilere kat\u0131larak daha da fazla keyif al\u0131n! Her fonksiyon sohbet etmek ve yeni tan\u0131d\u0131klar edinmek i\u00e7in ayarlanm\u0131\u015ft\u0131r. Muazzam bir e\u011flence ve mutluluk ya\u015famak i\u00e7in hemen \u015fimdi bize kat\u0131l\u0131n.<\/p>\n<h3>Tandoo.Com'un Ana \u00d6zellikleri<\/h3>\n<p>Tandoo.Com'un temel \u00f6zelliklerini a\u015fa\u011f\u0131da sizlere sunduk:<\/p>\n<ul>\n<li>Ger\u00e7ek Zamanl\u0131 G\u00f6r\u00fcnt\u00fcl\u00fc Sohbet: \u00d6zel g\u00f6r\u00fcnt\u00fcl\u00fc ve sesli sohbet \u00f6zelli\u011fi ile arkada\u015flar\u0131n\u0131zla y\u00fcz y\u00fcze ileti\u015fim kurabilirsiniz. Ayr\u0131ca dil engellerinin ortadan kald\u0131r\u0131lmas\u0131na yard\u0131mc\u0131 olmak i\u00e7in ger\u00e7ek zamanl\u0131 terc\u00fcmeye sahibiz. G\u00fczellik geli\u015ftirmeleri ve efektleri de desteklenmektedir.<\/li>\n<li>Basit Olan Sesli Sohbet: Sesli sohbet kulland\u0131\u011f\u0131n\u0131zda kalbinizi ve ruhunuzu insanlarla payla\u015fmak daha kolay ve daha az streslidir.<\/li>\n<li>Mutlak Ger\u00e7ek Ki\u015filer: Tandoo'nin herhangi bir hileli kullan\u0131c\u0131s\u0131 yoktur. Yeni arkada\u015flar edinmek i\u00e7in daha iyi zaman ge\u00e7irece\u011finize inan\u0131yoruz. Y\u00fcksek kaliteli kullan\u0131c\u0131lar\u0131 dikkatlice filtreliyor ve profillerini do\u011frulama s\u00fcrecimizden ge\u00e7iriyoruz.<\/li>\n<li>D\u00fcnyan\u0131n D\u00f6rt Bir Yan\u0131ndan Arkada\u015fl\u0131klar: B\u00f6lgenizde ya da uzak yerlerde ve \u00fclkelerde benzer ilgi alanlar\u0131na sahip ki\u015fileri arayarak yeni tan\u0131d\u0131klar bulun.<\/li>\n<li>Rastgele Tavsiye Ekle: Yeni tan\u0131d\u0131klar edinmek i\u00e7in en etkili y\u00f6ntem. Telefon veya video konferans aras\u0131nda se\u00e7im yap\u0131n ve bo\u015f zamanlar\u0131n\u0131zda sohbet etmek i\u00e7in arkada\u015flar\u0131n\u0131zla bulu\u015fun.<\/li>\n<li>Joining Parti Odas\u0131 \u00e7ok e\u011flenceli: Join bize ger\u00e7ek zamanl\u0131 olarak! \u00dccretsiz olarak canl\u0131 yay\u0131n izleyebilir ve ayn\u0131 anda en fazla 5 kullan\u0131c\u0131yla sohbet edebilirsiniz!<\/li>\n<li>Oynanacak K\u00fc\u00e7\u00fck Oyunlar: Bir arkada\u015f\u0131n\u0131zla \u00f6zel bir sohbet odas\u0131 ve metin konu\u015fmas\u0131 yapacaks\u0131n\u0131z. Arkada\u015flar\u0131n\u0131za hediyeler verin ve onlar\u0131 daha iyi tan\u0131mak i\u00e7in Secret Truth oynay\u0131n!<\/li>\n<\/ul>\n<h3>Tandoo.Com Taraf\u0131ndan Sunulan Ana Hizmetler<\/h3>\n<p>Platform taraf\u0131ndan sunulan en iyi hizmetlerden baz\u0131lar\u0131 a\u015fa\u011f\u0131dad\u0131r:<\/p>\n<ul>\n<li>Tandoo, d\u00fcnyan\u0131n her yerindeki kullan\u0131c\u0131larla y\u00fcz y\u00fcze g\u00f6r\u00fc\u015fmeler yapman\u0131z\u0131 sa\u011flar.<\/li>\n<li>G\u00f6r\u00fcnt\u00fcl\u00fc ve sesli sohbetin her ikisi de mevcuttur.<\/li>\n<li>D\u00fcnyan\u0131n her yerinden benzer ilgi alanlar\u0131na sahip arkada\u015flar edinin.<\/li>\n<li>Rastgele e\u015fle\u015fin ve kiminle tan\u0131\u015ft\u0131\u011f\u0131n\u0131za \u015fa\u015f\u0131r\u0131n.<\/li>\n<li>Fikirlerinizi bir grup bireyle tart\u0131\u015f\u0131n.<\/li>\n<\/ul>\n<h3>Sonu\u00e7<\/h3>\n<p>Bu, en iyi zaman\u0131 ge\u00e7irmek i\u00e7in do\u011fru ki\u015fiyle tan\u0131\u015fmak i\u00e7in en iyi platformlardan biridir. Yabanc\u0131larla posta, sesli sohbet veya g\u00f6r\u00fcnt\u00fcl\u00fc sohbet yoluyla ileti\u015fim kurulabilir. Basit oyunlara kat\u0131larak ve partilere ev sahipli\u011fi yaparak daha da fazla keyif al\u0131n! Her i\u015flev konu\u015fmak ve yeni tan\u0131d\u0131klar edinmek i\u00e7in ayarlanm\u0131\u015ft\u0131r. Join hemen \u015fimdi!<\/p>","protected":false},"excerpt":{"rendered":"<p>Tandoo is a free online cooperative live video chat application that lets you meet new people from all around the world! Strangers can be contacted via mail, voice chat, or video chat. Have even more pleasure by participating in small games and attending parties! Every function is set up for chatting and making new acquaintances. [&hellip;]<\/p>\n","protected":false},"author":6,"featured_media":559,"parent":0,"menu_order":0,"comment_status":"closed","ping_status":"closed","template":"","meta":{"footnotes":""},"class_list":["post-10096","page","type-page","status-publish","has-post-thumbnail","hentry"],"yoast_head":"<!-- This site is optimized with the Yoast SEO plugin v27.4 - https:\/\/yoast.com\/product\/yoast-seo-wordpress\/ -->\n<title>Tandoo - Chat Roulette Anonymously - Cam on StrangerCam.com<\/title>\n<meta name=\"description\" content=\"Like Tandoo? Come chat with more than 5.000.000 strangers on Stranger Cam for Free! Turn on your cam and find new friends &amp; maby a match!\" \/>\n<meta name=\"robots\" content=\"index, follow, max-snippet:-1, max-image-preview:large, max-video-preview:-1\" \/>\n<link rel=\"canonical\" href=\"https:\/\/strangercam.com\/tr\/tandoo\/\" \/>\n<meta property=\"og:locale\" content=\"tr_TR\" \/>\n<meta property=\"og:type\" content=\"article\" \/>\n<meta property=\"og:title\" content=\"Tandoo - Chat Roulette Anonymously - Cam on StrangerCam.com\" \/>\n<meta property=\"og:description\" content=\"Like Tandoo? Come chat with more than 5.000.000 strangers on Stranger Cam for Free! Turn on your cam and find new friends &amp; maby a match!\" \/>\n<meta property=\"og:url\" content=\"https:\/\/strangercam.com\/tr\/tandoo\/\" \/>\n<meta property=\"og:site_name\" content=\"Strangercam\" \/>\n<meta property=\"article:publisher\" content=\"https:\/\/www.facebook.com\/strangercam\" \/>\n<meta property=\"article:modified_time\" content=\"2023-08-21T10:42:59+00:00\" \/>\n<meta property=\"og:image\" content=\"https:\/\/strangercam.com\/wp-content\/uploads\/2020\/11\/stranger-cam-1.png\" \/>\n\t<meta property=\"og:image:width\" content=\"800\" \/>\n\t<meta property=\"og:image:height\" content=\"800\" \/>\n\t<meta property=\"og:image:type\" content=\"image\/png\" \/>\n<meta name=\"twitter:card\" content=\"summary_large_image\" \/>\n<meta name=\"twitter:site\" content=\"@strangercamapp\" \/>\n<meta name=\"twitter:label1\" content=\"Tahmini okuma s\u00fcresi\" \/>\n\t<meta name=\"twitter:data1\" content=\"2 dakika\" \/>\n<script type=\"application\/ld+json\" class=\"yoast-schema-graph\">{\"@context\":\"https:\\\/\\\/schema.org\",\"@graph\":[{\"@type\":\"WebPage\",\"@id\":\"https:\\\/\\\/strangercam.com\\\/tandoo\\\/\",\"url\":\"https:\\\/\\\/strangercam.com\\\/tandoo\\\/\",\"name\":\"Tandoo - Chat Roulette Anonymously - Cam on StrangerCam.com\",\"isPartOf\":{\"@id\":\"https:\\\/\\\/strangercam.com\\\/#website\"},\"primaryImageOfPage\":{\"@id\":\"https:\\\/\\\/strangercam.com\\\/tandoo\\\/#primaryimage\"},\"image\":{\"@id\":\"https:\\\/\\\/strangercam.com\\\/tandoo\\\/#primaryimage\"},\"thumbnailUrl\":\"https:\\\/\\\/strangercam.com\\\/wp-content\\\/uploads\\\/2020\\\/11\\\/stranger-cam-1.png\",\"datePublished\":\"2022-05-30T12:20:25+00:00\",\"dateModified\":\"2023-08-21T10:42:59+00:00\",\"description\":\"Like Tandoo? Come chat with more than 5.000.000 strangers on Stranger Cam for Free! Turn on your cam and find new friends & maby a match!\",\"breadcrumb\":{\"@id\":\"https:\\\/\\\/strangercam.com\\\/tandoo\\\/#breadcrumb\"},\"inLanguage\":\"tr\",\"potentialAction\":[{\"@type\":\"ReadAction\",\"target\":[\"https:\\\/\\\/strangercam.com\\\/tandoo\\\/\"]}]},{\"@type\":\"ImageObject\",\"inLanguage\":\"tr\",\"@id\":\"https:\\\/\\\/strangercam.com\\\/tandoo\\\/#primaryimage\",\"url\":\"https:\\\/\\\/strangercam.com\\\/wp-content\\\/uploads\\\/2020\\\/11\\\/stranger-cam-1.png\",\"contentUrl\":\"https:\\\/\\\/strangercam.com\\\/wp-content\\\/uploads\\\/2020\\\/11\\\/stranger-cam-1.png\",\"width\":800,\"height\":800,\"caption\":\"stranger cam random video chat\"},{\"@type\":\"BreadcrumbList\",\"@id\":\"https:\\\/\\\/strangercam.com\\\/tandoo\\\/#breadcrumb\",\"itemListElement\":[{\"@type\":\"ListItem\",\"position\":1,\"name\":\"Home\",\"item\":\"https:\\\/\\\/strangercam.com\\\/\"},{\"@type\":\"ListItem\",\"position\":2,\"name\":\"Tandoo\"}]},{\"@type\":\"WebSite\",\"@id\":\"https:\\\/\\\/strangercam.com\\\/#website\",\"url\":\"https:\\\/\\\/strangercam.com\\\/\",\"name\":\"Strangercam\",\"description\":\"Random Video Chat with Strangers\",\"publisher\":{\"@id\":\"https:\\\/\\\/strangercam.com\\\/#organization\"},\"alternateName\":\"Strangercam.com\",\"potentialAction\":[{\"@type\":\"SearchAction\",\"target\":{\"@type\":\"EntryPoint\",\"urlTemplate\":\"https:\\\/\\\/strangercam.com\\\/?s={search_term_string}\"},\"query-input\":{\"@type\":\"PropertyValueSpecification\",\"valueRequired\":true,\"valueName\":\"search_term_string\"}}],\"inLanguage\":\"tr\"},{\"@type\":\"Organization\",\"@id\":\"https:\\\/\\\/strangercam.com\\\/#organization\",\"name\":\"Strangercam\",\"alternateName\":\"Strangercam.com\",\"url\":\"https:\\\/\\\/strangercam.com\\\/\",\"logo\":{\"@type\":\"ImageObject\",\"inLanguage\":\"tr\",\"@id\":\"https:\\\/\\\/strangercam.com\\\/#\\\/schema\\\/logo\\\/image\\\/\",\"url\":\"https:\\\/\\\/strangercam.com\\\/wp-content\\\/uploads\\\/2020\\\/11\\\/cropped-new-favicon-black.png\",\"contentUrl\":\"https:\\\/\\\/strangercam.com\\\/wp-content\\\/uploads\\\/2020\\\/11\\\/cropped-new-favicon-black.png\",\"width\":512,\"height\":512,\"caption\":\"Strangercam\"},\"image\":{\"@id\":\"https:\\\/\\\/strangercam.com\\\/#\\\/schema\\\/logo\\\/image\\\/\"},\"sameAs\":[\"https:\\\/\\\/www.facebook.com\\\/strangercam\",\"https:\\\/\\\/x.com\\\/strangercamapp\"]}]}<\/script>\n<!-- \/ Yoast SEO plugin. -->","yoast_head_json":{"title":"Tandoo - Anonim Rulet Sohbeti - StrangerCam.com'da Kamera","description":"Tandoo'yi be\u011fendiniz mi? Gelin Stranger Cam'de 5.000.000'dan fazla yabanc\u0131yla \u00dccretsiz sohbet edin! Kameran\u0131z\u0131 a\u00e7\u0131n ve yeni arkada\u015flar ve belki bir e\u015fle\u015fme bulun!","robots":{"index":"index","follow":"follow","max-snippet":"max-snippet:-1","max-image-preview":"max-image-preview:large","max-video-preview":"max-video-preview:-1"},"canonical":"https:\/\/strangercam.com\/tr\/tandoo\/","og_locale":"tr_TR","og_type":"article","og_title":"Tandoo - Chat Roulette Anonymously - Cam on StrangerCam.com","og_description":"Like Tandoo? Come chat with more than 5.000.000 strangers on Stranger Cam for Free! Turn on your cam and find new friends & maby a match!","og_url":"https:\/\/strangercam.com\/tr\/tandoo\/","og_site_name":"Strangercam","article_publisher":"https:\/\/www.facebook.com\/strangercam","article_modified_time":"2023-08-21T10:42:59+00:00","og_image":[{"width":800,"height":800,"url":"https:\/\/strangercam.com\/wp-content\/uploads\/2020\/11\/stranger-cam-1.png","type":"image\/png"}],"twitter_card":"summary_large_image","twitter_site":"@strangercamapp","twitter_misc":{"Tahmini okuma s\u00fcresi":"2 dakika"},"schema":{"@context":"https:\/\/schema.org","@graph":[{"@type":"WebPage","@id":"https:\/\/strangercam.com\/tandoo\/","url":"https:\/\/strangercam.com\/tandoo\/","name":"Tandoo - Anonim Rulet Sohbeti - StrangerCam.com'da Kamera","isPartOf":{"@id":"https:\/\/strangercam.com\/#website"},"primaryImageOfPage":{"@id":"https:\/\/strangercam.com\/tandoo\/#primaryimage"},"image":{"@id":"https:\/\/strangercam.com\/tandoo\/#primaryimage"},"thumbnailUrl":"https:\/\/strangercam.com\/wp-content\/uploads\/2020\/11\/stranger-cam-1.png","datePublished":"2022-05-30T12:20:25+00:00","dateModified":"2023-08-21T10:42:59+00:00","description":"Tandoo'yi be\u011fendiniz mi? Gelin Stranger Cam'de 5.000.000'dan fazla yabanc\u0131yla \u00dccretsiz sohbet edin! Kameran\u0131z\u0131 a\u00e7\u0131n ve yeni arkada\u015flar ve belki bir e\u015fle\u015fme bulun!","breadcrumb":{"@id":"https:\/\/strangercam.com\/tandoo\/#breadcrumb"},"inLanguage":"tr","potentialAction":[{"@type":"ReadAction","target":["https:\/\/strangercam.com\/tandoo\/"]}]},{"@type":"ImageObject","inLanguage":"tr","@id":"https:\/\/strangercam.com\/tandoo\/#primaryimage","url":"https:\/\/strangercam.com\/wp-content\/uploads\/2020\/11\/stranger-cam-1.png","contentUrl":"https:\/\/strangercam.com\/wp-content\/uploads\/2020\/11\/stranger-cam-1.png","width":800,"height":800,"caption":"stranger cam random video chat"},{"@type":"BreadcrumbList","@id":"https:\/\/strangercam.com\/tandoo\/#breadcrumb","itemListElement":[{"@type":"ListItem","position":1,"name":"Home","item":"https:\/\/strangercam.com\/"},{"@type":"ListItem","position":2,"name":"Tandoo"}]},{"@type":"WebSite","@id":"https:\/\/strangercam.com\/#website","url":"https:\/\/strangercam.com\/","name":"Strangercam","description":"Yabanc\u0131larla Rastgele G\u00f6r\u00fcnt\u00fcl\u00fc Sohbet","publisher":{"@id":"https:\/\/strangercam.com\/#organization"},"alternateName":"Strangercam.com","potentialAction":[{"@type":"SearchAction","target":{"@type":"EntryPoint","urlTemplate":"https:\/\/strangercam.com\/?s={search_term_string}"},"query-input":{"@type":"PropertyValueSpecification","valueRequired":true,"valueName":"search_term_string"}}],"inLanguage":"tr"},{"@type":"Organization","@id":"https:\/\/strangercam.com\/#organization","name":"Strangercam","alternateName":"Strangercam.com","url":"https:\/\/strangercam.com\/","logo":{"@type":"ImageObject","inLanguage":"tr","@id":"https:\/\/strangercam.com\/#\/schema\/logo\/image\/","url":"https:\/\/strangercam.com\/wp-content\/uploads\/2020\/11\/cropped-new-favicon-black.png","contentUrl":"https:\/\/strangercam.com\/wp-content\/uploads\/2020\/11\/cropped-new-favicon-black.png","width":512,"height":512,"caption":"Strangercam"},"image":{"@id":"https:\/\/strangercam.com\/#\/schema\/logo\/image\/"},"sameAs":["https:\/\/www.facebook.com\/strangercam","https:\/\/x.com\/strangercamapp"]}]}},"_links":{"self":[{"href":"https:\/\/strangercam.com\/tr\/wp-json\/wp\/v2\/pages\/10096","targetHints":{"allow":["GET"]}}],"collection":[{"href":"https:\/\/strangercam.com\/tr\/wp-json\/wp\/v2\/pages"}],"about":[{"href":"https:\/\/strangercam.com\/tr\/wp-json\/wp\/v2\/types\/page"}],"author":[{"embeddable":true,"href":"https:\/\/strangercam.com\/tr\/wp-json\/wp\/v2\/users\/6"}],"replies":[{"embeddable":true,"href":"https:\/\/strangercam.com\/tr\/wp-json\/wp\/v2\/comments?post=10096"}],"version-history":[{"count":0,"href":"https:\/\/strangercam.com\/tr\/wp-json\/wp\/v2\/pages\/10096\/revisions"}],"wp:featuredmedia":[{"embeddable":true,"href":"https:\/\/strangercam.com\/tr\/wp-json\/wp\/v2\/media\/559"}],"wp:attachment":[{"href":"https:\/\/strangercam.com\/tr\/wp-json\/wp\/v2\/media?parent=10096"}],"curies":[{"name":"wp","href":"https:\/\/api.w.org\/{rel}","templated":true}]}}