{"id":10069,"date":"2022-05-30T14:07:33","date_gmt":"2022-05-30T12:07:33","guid":{"rendered":"https:\/\/strangercam.com\/?page_id=10069"},"modified":"2023-08-21T11:40:39","modified_gmt":"2023-08-21T09:40:39","slug":"camfrog","status":"publish","type":"page","link":"https:\/\/strangercam.com\/tr\/camfrog\/","title":{"rendered":"Camfrog"},"content":{"rendered":"<p>Camshare Camfrog'yi piyasaya s\u00fcrd\u00fc <a href=\"https:\/\/strangercam.com\/tr\/rabbit-video-chat\/\">Video<\/a> <a href=\"https:\/\/strangercam.com\/tr\/chatroulette\/\">sohbet<\/a> ve \u00e7evrimi\u00e7i mesajla\u015fma istemcisini Ekim 2003'te kurdu. T\u00fcketicilerin \u015funlar\u0131 yapmas\u0131n\u0131 sa\u011flar <a href=\"https:\/\/strangercam.com\/tr\/coomeet\/\">g\u00f6r\u00fcnt\u00fcl\u00fc sohbet<\/a> d\u00fcnyan\u0131n her yerinden insanlarla sohbet edebilir ve sohbet odalar\u0131nda yolda\u015flar bulabilir. Y\u00fcksek internete sahip Camfrog t\u00fcketicileri kendi video konferans gruplar\u0131n\u0131 olu\u015fturabilir ve y\u00f6netebilir.<\/p>\n<h3>Camfrog.com'un Ana \u00d6zellikleri<\/h3>\n<p>Arkada\u015fl\u0131k uygulamas\u0131n\u0131n en \u00f6nemli \u00f6zelliklerinden baz\u0131lar\u0131 a\u015fa\u011f\u0131dad\u0131r:<\/p>\n<ul>\n<li>Camfrog, canl\u0131 web kameras\u0131 sohbet sitelerimizde (herhangi bir cihazda!) d\u00fcnyan\u0131n her yerinden arkada\u015flar edinebilece\u011finiz \u00fccretsiz bir video konferans toplulu\u011fudur.<\/li>\n<li>Canl\u0131 video tart\u0131\u015fma forumlar\u0131m\u0131za kat\u0131larak k\u0131sa s\u00fcrede yeni arkada\u015flar edineceksiniz!<\/li>\n<li>Y\u00fczlerce canl\u0131 yay\u0131n sohbet sitemizden bir di\u011ferinde, <a href=\"https:\/\/strangercam.com\/tr\/yabancilarla-goruntulu-sohbet\/\">yabanc\u0131larla g\u00f6r\u00fcnt\u00fcl\u00fc sohbet<\/a> En sevdi\u011finiz grup sohbetlerinde, konular\u0131 tart\u0131\u015f\u0131n, arkada\u015flar\u0131n\u0131zla video konferans yap\u0131n ve tan\u0131d\u0131klar\u0131n\u0131zla ve \u00e7ekici sinyallerle kayna\u015f\u0131n.<\/li>\n<li>Gizli olabilir ve Camfrog'deki herhangi biriyle g\u00f6r\u00fcnt\u00fcl\u00fc sohbet edebilir veya genel g\u00f6r\u00fcnt\u00fcl\u00fc sohbet odalar\u0131m\u0131zda arkada\u015flar\u0131n\u0131z\u0131n yan\u0131nda kendiniz olabilirsiniz.<\/li>\n<li>\u0130lginizi \u00e7eken g\u00f6r\u00fcnt\u00fcl\u00fc \u00e7evrimi\u00e7i sohbetlerde, sonsuz say\u0131da y\u00fcksek kaliteli canl\u0131 kamera g\u00f6r\u00fcnt\u00fcleyebilirsiniz. Y\u00fczlerce insan ayn\u0131 anda g\u00f6r\u00fclebilir, bu y\u00fczden iyi vakit ge\u00e7irmeye haz\u0131r olun!<\/li>\n<\/ul>\n<h3>Kamera, Metin, Sesli veya G\u00f6r\u00fcnt\u00fcl\u00fc Sohbetlere Kat\u0131lmak \u0130\u00e7in Gerekli Bir Ara\u00e7 De\u011fildir.<\/h3>\n<p>Camfrog G\u00f6r\u00fcnt\u00fcl\u00fc Sohbet, on binlerce ki\u015finin ger\u00e7ek zamanl\u0131 g\u00f6r\u00fcnt\u00fcl\u00fc, sesli ve metin sohbetlerine kat\u0131lmas\u0131na olanak tan\u0131yan modern bir sohbet yaz\u0131l\u0131m\u0131d\u0131r. Program, di\u011fer sohbet odas\u0131 \u00fcyelerini ayn\u0131 anda g\u00f6r\u00fcnt\u00fclemenizi, konu\u015fman\u0131z\u0131 ve onlara yazman\u0131z\u0131 sa\u011flar. T\u00fcm g\u00f6r\u00fcnt\u00fcl\u00fc sohbetler i\u00e7in bir Web kameras\u0131na ihtiyac\u0131n\u0131z yoktur, b\u00f6ylece bir Web kameran\u0131z olmasa bile kat\u0131labilirsiniz. Camfrog sohbet odalar\u0131 \u00f6zel veya genel olabilir ve bunlardan cep veya ev telefonlar\u0131yla ileti\u015fim kurabilirsiniz.<\/p>\n<h3>Ara\u00e7lar Re\u015fit Olmayanlar\u0131 Bilgilerini A\u00e7\u0131klamaktan veya Alakas\u0131z Sohbet Odalar\u0131na Kat\u0131lmaktan Korur.<\/h3>\n<p>Instant Messenger'\u0131 kullan\u0131rken, Camfrog G\u00f6r\u00fcnt\u00fcl\u00fc Sohbet'teki \u00e7e\u015fitli izleme yaz\u0131l\u0131mlar\u0131, re\u015fit olmayanlar\u0131 \u00e7ok fazla ki\u015fisel bilgi if\u015fa etmekten ve belirli sohbet odalar\u0131na kat\u0131lmaktan etkili bir \u015fekilde korur. Gizlilik ve G\u00fcvenlik, Video ve Ses, Ar\u015fiv, Diller ve K\u0131sayol Tu\u015flar\u0131 Skype rakibinde bulunan di\u011fer se\u00e7enekler aras\u0131ndad\u0131r.<\/p>\n<h3>Sonu\u00e7<\/h3>\n<p>Yabanc\u0131larla konu\u015fabilir, hobilerinizi tart\u0131\u015fmak ve kendinizi halka tan\u0131tmak i\u00e7in bir web kameras\u0131 ve canl\u0131 yay\u0131n kurabilir veya kameradan \u00e7ekiniyorsan\u0131z daha ki\u015fisel bir konu\u015fma i\u00e7in kameradan kameraya g\u00f6r\u00fcnt\u00fcl\u00fc sohbete kat\u0131labilirsiniz. Ba\u015flay\u0131n <a href=\"https:\/\/strangercam.com\/tr\/shagle\/\">yeti\u015fkin<\/a> ger\u00e7ek arkada\u015fl\u0131klar kurmak i\u00e7in sohbet edin. Rastgele sohbet odalar\u0131m\u0131zda denemeye ba\u015flay\u0131n!<\/p>","protected":false},"excerpt":{"rendered":"<p>Camshare launched Camfrog, a video chat and online messaging client, in October 2003. It enables consumers to video chat with people all around the world and finds companions in chat rooms. Camfrog consumers with high internet can create and manage their own videoconferencing groups. Main Features of Camfrog.com Following are some of the top features [&hellip;]<\/p>\n","protected":false},"author":6,"featured_media":559,"parent":0,"menu_order":0,"comment_status":"closed","ping_status":"closed","template":"","meta":{"footnotes":""},"class_list":["post-10069","page","type-page","status-publish","has-post-thumbnail","hentry"],"yoast_head":"<!-- This site is optimized with the Yoast SEO plugin v26.9 - https:\/\/yoast.com\/product\/yoast-seo-wordpress\/ -->\n<title>Camfrog - Chat Roulette Anonymously - Cam on StrangerCam.com<\/title>\n<meta name=\"description\" content=\"Like Camfrog? Come chat with more than 5.000.000 strangers on Stranger Cam for Free! Turn on your cam and find new friends &amp; maby a match!\" \/>\n<meta name=\"robots\" content=\"index, follow, max-snippet:-1, max-image-preview:large, max-video-preview:-1\" \/>\n<link rel=\"canonical\" href=\"https:\/\/strangercam.com\/tr\/camfrog\/\" \/>\n<meta property=\"og:locale\" content=\"tr_TR\" \/>\n<meta property=\"og:type\" content=\"article\" \/>\n<meta property=\"og:title\" content=\"Camfrog - Chat Roulette Anonymously - Cam on StrangerCam.com\" \/>\n<meta property=\"og:description\" content=\"Like Camfrog? Come chat with more than 5.000.000 strangers on Stranger Cam for Free! Turn on your cam and find new friends &amp; maby a match!\" \/>\n<meta property=\"og:url\" content=\"https:\/\/strangercam.com\/tr\/camfrog\/\" \/>\n<meta property=\"og:site_name\" content=\"Strangercam\" \/>\n<meta property=\"article:publisher\" content=\"https:\/\/www.facebook.com\/strangercam\" \/>\n<meta property=\"article:modified_time\" content=\"2023-08-21T09:40:39+00:00\" \/>\n<meta property=\"og:image\" content=\"https:\/\/strangercam.com\/wp-content\/uploads\/2020\/11\/stranger-cam-1.png\" \/>\n\t<meta property=\"og:image:width\" content=\"800\" \/>\n\t<meta property=\"og:image:height\" content=\"800\" \/>\n\t<meta property=\"og:image:type\" content=\"image\/png\" \/>\n<meta name=\"twitter:card\" content=\"summary_large_image\" \/>\n<meta name=\"twitter:site\" content=\"@strangercamapp\" \/>\n<meta name=\"twitter:label1\" content=\"Tahmini okuma s\u00fcresi\" \/>\n\t<meta name=\"twitter:data1\" content=\"2 dakika\" \/>\n<script type=\"application\/ld+json\" class=\"yoast-schema-graph\">{\"@context\":\"https:\/\/schema.org\",\"@graph\":[{\"@type\":\"WebPage\",\"@id\":\"https:\/\/strangercam.com\/camfrog\/\",\"url\":\"https:\/\/strangercam.com\/camfrog\/\",\"name\":\"Camfrog - Chat Roulette Anonymously - Cam on StrangerCam.com\",\"isPartOf\":{\"@id\":\"https:\/\/strangercam.com\/#website\"},\"primaryImageOfPage\":{\"@id\":\"https:\/\/strangercam.com\/camfrog\/#primaryimage\"},\"image\":{\"@id\":\"https:\/\/strangercam.com\/camfrog\/#primaryimage\"},\"thumbnailUrl\":\"https:\/\/strangercam.com\/wp-content\/uploads\/2020\/11\/stranger-cam-1.png\",\"datePublished\":\"2022-05-30T12:07:33+00:00\",\"dateModified\":\"2023-08-21T09:40:39+00:00\",\"description\":\"Like Camfrog? Come chat with more than 5.000.000 strangers on Stranger Cam for Free! Turn on your cam and find new friends & maby a match!\",\"breadcrumb\":{\"@id\":\"https:\/\/strangercam.com\/camfrog\/#breadcrumb\"},\"inLanguage\":\"tr\",\"potentialAction\":[{\"@type\":\"ReadAction\",\"target\":[\"https:\/\/strangercam.com\/camfrog\/\"]}]},{\"@type\":\"ImageObject\",\"inLanguage\":\"tr\",\"@id\":\"https:\/\/strangercam.com\/camfrog\/#primaryimage\",\"url\":\"https:\/\/strangercam.com\/wp-content\/uploads\/2020\/11\/stranger-cam-1.png\",\"contentUrl\":\"https:\/\/strangercam.com\/wp-content\/uploads\/2020\/11\/stranger-cam-1.png\",\"width\":800,\"height\":800,\"caption\":\"stranger cam random video chat\"},{\"@type\":\"BreadcrumbList\",\"@id\":\"https:\/\/strangercam.com\/camfrog\/#breadcrumb\",\"itemListElement\":[{\"@type\":\"ListItem\",\"position\":1,\"name\":\"Home\",\"item\":\"https:\/\/strangercam.com\/\"},{\"@type\":\"ListItem\",\"position\":2,\"name\":\"Camfrog\"}]},{\"@type\":\"WebSite\",\"@id\":\"https:\/\/strangercam.com\/#website\",\"url\":\"https:\/\/strangercam.com\/\",\"name\":\"Strangercam\",\"description\":\"Random Video Chat with Strangers\",\"publisher\":{\"@id\":\"https:\/\/strangercam.com\/#organization\"},\"alternateName\":\"Strangercam.com\",\"potentialAction\":[{\"@type\":\"SearchAction\",\"target\":{\"@type\":\"EntryPoint\",\"urlTemplate\":\"https:\/\/strangercam.com\/?s={search_term_string}\"},\"query-input\":{\"@type\":\"PropertyValueSpecification\",\"valueRequired\":true,\"valueName\":\"search_term_string\"}}],\"inLanguage\":\"tr\"},{\"@type\":\"Organization\",\"@id\":\"https:\/\/strangercam.com\/#organization\",\"name\":\"Strangercam\",\"alternateName\":\"Strangercam.com\",\"url\":\"https:\/\/strangercam.com\/\",\"logo\":{\"@type\":\"ImageObject\",\"inLanguage\":\"tr\",\"@id\":\"https:\/\/strangercam.com\/#\/schema\/logo\/image\/\",\"url\":\"https:\/\/strangercam.com\/wp-content\/uploads\/2020\/11\/cropped-new-favicon-black.png\",\"contentUrl\":\"https:\/\/strangercam.com\/wp-content\/uploads\/2020\/11\/cropped-new-favicon-black.png\",\"width\":512,\"height\":512,\"caption\":\"Strangercam\"},\"image\":{\"@id\":\"https:\/\/strangercam.com\/#\/schema\/logo\/image\/\"},\"sameAs\":[\"https:\/\/www.facebook.com\/strangercam\",\"https:\/\/x.com\/strangercamapp\"]}]}<\/script>\n<!-- \/ Yoast SEO plugin. -->","yoast_head_json":{"title":"Camfrog - Anonim Rulet Sohbeti - StrangerCam.com'da Kamera","description":"Camfrog'yi be\u011fendiniz mi? Gelin Stranger Cam'de 5.000.000'dan fazla yabanc\u0131yla \u00dccretsiz sohbet edin! Kameran\u0131z\u0131 a\u00e7\u0131n ve yeni arkada\u015flar ve belki bir e\u015fle\u015fme bulun!","robots":{"index":"index","follow":"follow","max-snippet":"max-snippet:-1","max-image-preview":"max-image-preview:large","max-video-preview":"max-video-preview:-1"},"canonical":"https:\/\/strangercam.com\/tr\/camfrog\/","og_locale":"tr_TR","og_type":"article","og_title":"Camfrog - Chat Roulette Anonymously - Cam on StrangerCam.com","og_description":"Like Camfrog? Come chat with more than 5.000.000 strangers on Stranger Cam for Free! Turn on your cam and find new friends & maby a match!","og_url":"https:\/\/strangercam.com\/tr\/camfrog\/","og_site_name":"Strangercam","article_publisher":"https:\/\/www.facebook.com\/strangercam","article_modified_time":"2023-08-21T09:40:39+00:00","og_image":[{"width":800,"height":800,"url":"https:\/\/strangercam.com\/wp-content\/uploads\/2020\/11\/stranger-cam-1.png","type":"image\/png"}],"twitter_card":"summary_large_image","twitter_site":"@strangercamapp","twitter_misc":{"Tahmini okuma s\u00fcresi":"2 dakika"},"schema":{"@context":"https:\/\/schema.org","@graph":[{"@type":"WebPage","@id":"https:\/\/strangercam.com\/camfrog\/","url":"https:\/\/strangercam.com\/camfrog\/","name":"Camfrog - Anonim Rulet Sohbeti - StrangerCam.com'da Kamera","isPartOf":{"@id":"https:\/\/strangercam.com\/#website"},"primaryImageOfPage":{"@id":"https:\/\/strangercam.com\/camfrog\/#primaryimage"},"image":{"@id":"https:\/\/strangercam.com\/camfrog\/#primaryimage"},"thumbnailUrl":"https:\/\/strangercam.com\/wp-content\/uploads\/2020\/11\/stranger-cam-1.png","datePublished":"2022-05-30T12:07:33+00:00","dateModified":"2023-08-21T09:40:39+00:00","description":"Camfrog'yi be\u011fendiniz mi? Gelin Stranger Cam'de 5.000.000'dan fazla yabanc\u0131yla \u00dccretsiz sohbet edin! Kameran\u0131z\u0131 a\u00e7\u0131n ve yeni arkada\u015flar ve belki bir e\u015fle\u015fme bulun!","breadcrumb":{"@id":"https:\/\/strangercam.com\/camfrog\/#breadcrumb"},"inLanguage":"tr","potentialAction":[{"@type":"ReadAction","target":["https:\/\/strangercam.com\/camfrog\/"]}]},{"@type":"ImageObject","inLanguage":"tr","@id":"https:\/\/strangercam.com\/camfrog\/#primaryimage","url":"https:\/\/strangercam.com\/wp-content\/uploads\/2020\/11\/stranger-cam-1.png","contentUrl":"https:\/\/strangercam.com\/wp-content\/uploads\/2020\/11\/stranger-cam-1.png","width":800,"height":800,"caption":"stranger cam random video chat"},{"@type":"BreadcrumbList","@id":"https:\/\/strangercam.com\/camfrog\/#breadcrumb","itemListElement":[{"@type":"ListItem","position":1,"name":"Home","item":"https:\/\/strangercam.com\/"},{"@type":"ListItem","position":2,"name":"Camfrog"}]},{"@type":"WebSite","@id":"https:\/\/strangercam.com\/#website","url":"https:\/\/strangercam.com\/","name":"Strangercam","description":"Yabanc\u0131larla Rastgele G\u00f6r\u00fcnt\u00fcl\u00fc Sohbet","publisher":{"@id":"https:\/\/strangercam.com\/#organization"},"alternateName":"Strangercam.com","potentialAction":[{"@type":"SearchAction","target":{"@type":"EntryPoint","urlTemplate":"https:\/\/strangercam.com\/?s={search_term_string}"},"query-input":{"@type":"PropertyValueSpecification","valueRequired":true,"valueName":"search_term_string"}}],"inLanguage":"tr"},{"@type":"Organization","@id":"https:\/\/strangercam.com\/#organization","name":"Strangercam","alternateName":"Strangercam.com","url":"https:\/\/strangercam.com\/","logo":{"@type":"ImageObject","inLanguage":"tr","@id":"https:\/\/strangercam.com\/#\/schema\/logo\/image\/","url":"https:\/\/strangercam.com\/wp-content\/uploads\/2020\/11\/cropped-new-favicon-black.png","contentUrl":"https:\/\/strangercam.com\/wp-content\/uploads\/2020\/11\/cropped-new-favicon-black.png","width":512,"height":512,"caption":"Strangercam"},"image":{"@id":"https:\/\/strangercam.com\/#\/schema\/logo\/image\/"},"sameAs":["https:\/\/www.facebook.com\/strangercam","https:\/\/x.com\/strangercamapp"]}]}},"_links":{"self":[{"href":"https:\/\/strangercam.com\/tr\/wp-json\/wp\/v2\/pages\/10069","targetHints":{"allow":["GET"]}}],"collection":[{"href":"https:\/\/strangercam.com\/tr\/wp-json\/wp\/v2\/pages"}],"about":[{"href":"https:\/\/strangercam.com\/tr\/wp-json\/wp\/v2\/types\/page"}],"author":[{"embeddable":true,"href":"https:\/\/strangercam.com\/tr\/wp-json\/wp\/v2\/users\/6"}],"replies":[{"embeddable":true,"href":"https:\/\/strangercam.com\/tr\/wp-json\/wp\/v2\/comments?post=10069"}],"version-history":[{"count":0,"href":"https:\/\/strangercam.com\/tr\/wp-json\/wp\/v2\/pages\/10069\/revisions"}],"wp:featuredmedia":[{"embeddable":true,"href":"https:\/\/strangercam.com\/tr\/wp-json\/wp\/v2\/media\/559"}],"wp:attachment":[{"href":"https:\/\/strangercam.com\/tr\/wp-json\/wp\/v2\/media?parent=10069"}],"curies":[{"name":"wp","href":"https:\/\/api.w.org\/{rel}","templated":true}]}}