{"id":10047,"date":"2022-05-30T13:54:47","date_gmt":"2022-05-30T11:54:47","guid":{"rendered":"https:\/\/strangercam.com\/?page_id=10047"},"modified":"2023-08-21T12:24:42","modified_gmt":"2023-08-21T10:24:42","slug":"livu","status":"publish","type":"page","link":"https:\/\/strangercam.com\/tr\/livu\/","title":{"rendered":"Livu"},"content":{"rendered":"<p>Livu'nin amac\u0131, bireylerin k\u00fclt\u00fcrler, diller ve s\u0131n\u0131rlar aras\u0131nda g\u00fcvenli ve emniyetli bir ortamda anlaml\u0131 bir \u015fekilde etkile\u015fime girmelerine olanak tan\u0131yarak yeni bir k\u00fcresel toplulu\u011fu bir araya getirmektir. Livu ger\u00e7ek zamanl\u0131 bir <a href=\"https:\/\/strangercam.com\/tr\/rabbit-video-chat\/\">Video<\/a> <a href=\"https:\/\/strangercam.com\/tr\/chatingly\/\">sohbet<\/a> Bireyleri sadece bir d\u00fc\u011fmeye basarak birbirine ba\u011flayan, ilgin\u00e7 ve anlaml\u0131 bir \u00e7evrimi\u00e7i sosyal etkile\u015fim kurmalar\u0131n\u0131 sa\u011flayan platform. LivU Video Konferans, Video E\u015fle\u015ftirme ve Metin \u0130leti\u015fimi sa\u011flar. <a href=\"https:\/\/strangercam.com\/tr\/chatroulette\/\">Sohbet<\/a> B\u00f6ylece kullan\u0131c\u0131lar\u0131m\u0131z arkada\u015flar\u0131yla kendilerine en uygun \u015fekilde ba\u011flant\u0131 kurabilir ve onlar\u0131 anlayabilirler.<\/p>\n<h3>\u00c7evrimi\u00e7i Platformdaki Ki\u015filerle Uygun Bir \u015eekilde \u0130leti\u015fim Kurmak<\/h3>\n<p>\u00c7e\u015fitli kullan\u0131c\u0131lar\u0131 g\u00f6r\u00fcnt\u00fclemek ve birinden di\u011ferine ge\u00e7mek i\u00e7in Android ak\u0131ll\u0131 telefonunuzu kullanabilirsiniz <a href=\"https:\/\/strangercam.com\/tr\/nextcam\/\">sonraki<\/a>, yaln\u0131zca sohbet etmek istedi\u011finiz ki\u015filerle sohbet edin. Biriyle bir ba\u011flant\u0131n\u0131z varsa onunla sohbet etmeye devam edebilirsiniz. Bununla birlikte, biri sizi rahats\u0131z ederse veya onunla ileti\u015fim kurmak istemiyorsan\u0131z, h\u0131zl\u0131 bir \u015fekilde bir sonraki ki\u015fiye ge\u00e7ebilirsiniz. Yaln\u0131zca erkeklerle, yaln\u0131zca kad\u0131nlarla veya her ikisiyle de konu\u015fmak isteyip istemedi\u011finizi se\u00e7ebilirsiniz.<\/p>\n<h3>Bulan\u0131k \u0130\u015flev - Livu Uygulamas\u0131n\u0131n \u0130lgin\u00e7 \u00d6zelli\u011finin Tad\u0131n\u0131 \u00c7\u0131kar\u0131n<\/h3>\n<p>Telefonun kameras\u0131 y\u00fcz\u00fcn\u00fczde ortalanmam\u0131\u015fsa g\u00f6r\u00fcnt\u00fc bulan\u0131k g\u00f6r\u00fcnecektir, bu da LivU'nun varsay\u0131lan olarak verdi\u011fi al\u0131\u015f\u0131lmad\u0131k bir g\u00fcvenlik \u00f6zelli\u011fidir. Bu i\u015flev, potansiyel olarak rahats\u0131z edici materyalleri okumak zorunda kalmaman\u0131z\u0131 sa\u011flar. LivU, yeni arkada\u015flar edinmenizi, te\u015fvik edici konu\u015fmalar yapman\u0131z\u0131 ve muhtemelen yeni arkada\u015flar edinmenizi sa\u011flayan e\u011flenceli bir teknolojidir.<\/p>\n<h3>Bu Son Derece Geli\u015fmi\u015f Teknolojik D\u00fcnyada Kullan\u0131c\u0131lar \u0130\u00e7in Son Derece G\u00fcvenli ve Emniyetli Bir Uygulama<\/h3>\n<p>G\u00fcvenli\u011finize ve gizlili\u011finize de\u011fer veriyor ve g\u00fcvenli \u00fcr\u00fcn ve hizmetler sunmak i\u00e7in her t\u00fcrl\u00fc \u00e7abay\u0131 g\u00f6steriyoruz. D\u00fczenli g\u00fcvenlik denetimlerimize ek olarak, bir b\u00fct\u00fcn olarak g\u00fcvenlik toplulu\u011funun katk\u0131lar\u0131na de\u011fer veriyoruz ve organize, i\u015fbirlik\u00e7i ve \u015feffaf bir \u015fekilde sunulan potansiyel g\u00fcvenlik sorunlar\u0131na ili\u015fkin her t\u00fcrl\u00fc raporu memnuniyetle kar\u015f\u0131l\u0131yoruz.<\/p>\n<h3>LivU'da birini nas\u0131l ke\u015ffediyorsunuz?<\/h3>\n<p>Ba\u015flamak i\u00e7in l\u00fctfen uygulamaya giri\u015f yap\u0131n, \"Ara \"y\u0131 se\u00e7in ve butona bas\u0131n. D\u00fcnyan\u0131n her yerinden insanlarla etkile\u015fim kurma f\u0131rsat\u0131n\u0131 yakalayacaks\u0131n\u0131z. Ekranda, di\u011fer t\u00fcm \u00fcyelerin takma adlar\u0131n\u0131, ya\u015flar\u0131n\u0131 ve ikamet ettikleri \u00fclkeleri g\u00f6receksiniz.<\/p>\n<p>Ki\u015fiyi be\u011fenmeniz durumunda, bir sonraki kayd\u0131rabilir ve ba\u015fka bir se\u00e7enek bulabilirsiniz. Platformdaki herhangi birine yerle\u015fmek zorlay\u0131c\u0131 de\u011fildir. Se\u00e7iminize sayg\u0131 duyuyoruz. Bu nedenle, birini filtreleme ve ke\u015ffetme s\u00fcrecinin tamam\u0131n\u0131 olabildi\u011fince uygun hale getirdik.<\/p>\n<h3>Sonu\u00e7<\/h3>\n<p>LivU bir <a href=\"https:\/\/strangercam.com\/tr\/coomeet\/\">g\u00f6r\u00fcnt\u00fcl\u00fc sohbet<\/a> d\u00fcnyan\u0131n her yerinden di\u011fer bir\u00e7ok insanla ger\u00e7ekten rastgele g\u00f6r\u00fcnt\u00fcl\u00fc sohbetler yapman\u0131z\u0131 sa\u011flayan uygulama.<\/p>","protected":false},"excerpt":{"rendered":"<p>Livu&#8217;s purpose is to bring a new global community together by allowing individuals to engage meaningfully across cultures, languages, and boundaries in a safe and secure environment. Livu is a real-time video chatting platform that connects individuals with only a press of a button, allowing them to have an interesting and meaningful online social interaction. [&hellip;]<\/p>\n","protected":false},"author":6,"featured_media":559,"parent":0,"menu_order":0,"comment_status":"closed","ping_status":"closed","template":"","meta":{"footnotes":""},"class_list":["post-10047","page","type-page","status-publish","has-post-thumbnail","hentry"],"yoast_head":"<!-- This site is optimized with the Yoast SEO plugin v27.4 - https:\/\/yoast.com\/product\/yoast-seo-wordpress\/ -->\n<title>Livu - Chat Roulette Anonymously - Cam on StrangerCam.com<\/title>\n<meta name=\"description\" content=\"Like Livu? Come chat with more than 5.000.000 strangers on Stranger Cam for Free! Turn on your cam and find new friends &amp; maby a match!\" \/>\n<meta name=\"robots\" content=\"index, follow, max-snippet:-1, max-image-preview:large, max-video-preview:-1\" \/>\n<link rel=\"canonical\" href=\"https:\/\/strangercam.com\/tr\/livu\/\" \/>\n<meta property=\"og:locale\" content=\"tr_TR\" \/>\n<meta property=\"og:type\" content=\"article\" \/>\n<meta property=\"og:title\" content=\"Livu - Chat Roulette Anonymously - Cam on StrangerCam.com\" \/>\n<meta property=\"og:description\" content=\"Like Livu? Come chat with more than 5.000.000 strangers on Stranger Cam for Free! Turn on your cam and find new friends &amp; maby a match!\" \/>\n<meta property=\"og:url\" content=\"https:\/\/strangercam.com\/tr\/livu\/\" \/>\n<meta property=\"og:site_name\" content=\"Strangercam\" \/>\n<meta property=\"article:publisher\" content=\"https:\/\/www.facebook.com\/strangercam\" \/>\n<meta property=\"article:modified_time\" content=\"2023-08-21T10:24:42+00:00\" \/>\n<meta property=\"og:image\" content=\"https:\/\/strangercam.com\/wp-content\/uploads\/2020\/11\/stranger-cam-1.png\" \/>\n\t<meta property=\"og:image:width\" content=\"800\" \/>\n\t<meta property=\"og:image:height\" content=\"800\" \/>\n\t<meta property=\"og:image:type\" content=\"image\/png\" \/>\n<meta name=\"twitter:card\" content=\"summary_large_image\" \/>\n<meta name=\"twitter:site\" content=\"@strangercamapp\" \/>\n<meta name=\"twitter:label1\" content=\"Tahmini okuma s\u00fcresi\" \/>\n\t<meta name=\"twitter:data1\" content=\"2 dakika\" \/>\n<script type=\"application\/ld+json\" class=\"yoast-schema-graph\">{\"@context\":\"https:\\\/\\\/schema.org\",\"@graph\":[{\"@type\":\"WebPage\",\"@id\":\"https:\\\/\\\/strangercam.com\\\/livu\\\/\",\"url\":\"https:\\\/\\\/strangercam.com\\\/livu\\\/\",\"name\":\"Livu - Chat Roulette Anonymously - Cam on StrangerCam.com\",\"isPartOf\":{\"@id\":\"https:\\\/\\\/strangercam.com\\\/#website\"},\"primaryImageOfPage\":{\"@id\":\"https:\\\/\\\/strangercam.com\\\/livu\\\/#primaryimage\"},\"image\":{\"@id\":\"https:\\\/\\\/strangercam.com\\\/livu\\\/#primaryimage\"},\"thumbnailUrl\":\"https:\\\/\\\/strangercam.com\\\/wp-content\\\/uploads\\\/2020\\\/11\\\/stranger-cam-1.png\",\"datePublished\":\"2022-05-30T11:54:47+00:00\",\"dateModified\":\"2023-08-21T10:24:42+00:00\",\"description\":\"Like Livu? Come chat with more than 5.000.000 strangers on Stranger Cam for Free! Turn on your cam and find new friends & maby a match!\",\"breadcrumb\":{\"@id\":\"https:\\\/\\\/strangercam.com\\\/livu\\\/#breadcrumb\"},\"inLanguage\":\"tr\",\"potentialAction\":[{\"@type\":\"ReadAction\",\"target\":[\"https:\\\/\\\/strangercam.com\\\/livu\\\/\"]}]},{\"@type\":\"ImageObject\",\"inLanguage\":\"tr\",\"@id\":\"https:\\\/\\\/strangercam.com\\\/livu\\\/#primaryimage\",\"url\":\"https:\\\/\\\/strangercam.com\\\/wp-content\\\/uploads\\\/2020\\\/11\\\/stranger-cam-1.png\",\"contentUrl\":\"https:\\\/\\\/strangercam.com\\\/wp-content\\\/uploads\\\/2020\\\/11\\\/stranger-cam-1.png\",\"width\":800,\"height\":800,\"caption\":\"stranger cam random video chat\"},{\"@type\":\"BreadcrumbList\",\"@id\":\"https:\\\/\\\/strangercam.com\\\/livu\\\/#breadcrumb\",\"itemListElement\":[{\"@type\":\"ListItem\",\"position\":1,\"name\":\"Home\",\"item\":\"https:\\\/\\\/strangercam.com\\\/\"},{\"@type\":\"ListItem\",\"position\":2,\"name\":\"Livu\"}]},{\"@type\":\"WebSite\",\"@id\":\"https:\\\/\\\/strangercam.com\\\/#website\",\"url\":\"https:\\\/\\\/strangercam.com\\\/\",\"name\":\"Strangercam\",\"description\":\"Random Video Chat with Strangers\",\"publisher\":{\"@id\":\"https:\\\/\\\/strangercam.com\\\/#organization\"},\"alternateName\":\"Strangercam.com\",\"potentialAction\":[{\"@type\":\"SearchAction\",\"target\":{\"@type\":\"EntryPoint\",\"urlTemplate\":\"https:\\\/\\\/strangercam.com\\\/?s={search_term_string}\"},\"query-input\":{\"@type\":\"PropertyValueSpecification\",\"valueRequired\":true,\"valueName\":\"search_term_string\"}}],\"inLanguage\":\"tr\"},{\"@type\":\"Organization\",\"@id\":\"https:\\\/\\\/strangercam.com\\\/#organization\",\"name\":\"Strangercam\",\"alternateName\":\"Strangercam.com\",\"url\":\"https:\\\/\\\/strangercam.com\\\/\",\"logo\":{\"@type\":\"ImageObject\",\"inLanguage\":\"tr\",\"@id\":\"https:\\\/\\\/strangercam.com\\\/#\\\/schema\\\/logo\\\/image\\\/\",\"url\":\"https:\\\/\\\/strangercam.com\\\/wp-content\\\/uploads\\\/2020\\\/11\\\/cropped-new-favicon-black.png\",\"contentUrl\":\"https:\\\/\\\/strangercam.com\\\/wp-content\\\/uploads\\\/2020\\\/11\\\/cropped-new-favicon-black.png\",\"width\":512,\"height\":512,\"caption\":\"Strangercam\"},\"image\":{\"@id\":\"https:\\\/\\\/strangercam.com\\\/#\\\/schema\\\/logo\\\/image\\\/\"},\"sameAs\":[\"https:\\\/\\\/www.facebook.com\\\/strangercam\",\"https:\\\/\\\/x.com\\\/strangercamapp\"]}]}<\/script>\n<!-- \/ Yoast SEO plugin. -->","yoast_head_json":{"title":"Livu - Anonim Rulet Sohbeti - StrangerCam.com'da Kamera","description":"Livu'yi be\u011fendiniz mi? Gelin Stranger Cam'de 5.000.000'dan fazla yabanc\u0131yla \u00dccretsiz sohbet edin! Kameran\u0131z\u0131 a\u00e7\u0131n ve yeni arkada\u015flar ve belki bir e\u015fle\u015fme bulun!","robots":{"index":"index","follow":"follow","max-snippet":"max-snippet:-1","max-image-preview":"max-image-preview:large","max-video-preview":"max-video-preview:-1"},"canonical":"https:\/\/strangercam.com\/tr\/livu\/","og_locale":"tr_TR","og_type":"article","og_title":"Livu - Chat Roulette Anonymously - Cam on StrangerCam.com","og_description":"Like Livu? Come chat with more than 5.000.000 strangers on Stranger Cam for Free! Turn on your cam and find new friends & maby a match!","og_url":"https:\/\/strangercam.com\/tr\/livu\/","og_site_name":"Strangercam","article_publisher":"https:\/\/www.facebook.com\/strangercam","article_modified_time":"2023-08-21T10:24:42+00:00","og_image":[{"width":800,"height":800,"url":"https:\/\/strangercam.com\/wp-content\/uploads\/2020\/11\/stranger-cam-1.png","type":"image\/png"}],"twitter_card":"summary_large_image","twitter_site":"@strangercamapp","twitter_misc":{"Tahmini okuma s\u00fcresi":"2 dakika"},"schema":{"@context":"https:\/\/schema.org","@graph":[{"@type":"WebPage","@id":"https:\/\/strangercam.com\/livu\/","url":"https:\/\/strangercam.com\/livu\/","name":"Livu - Anonim Rulet Sohbeti - StrangerCam.com'da Kamera","isPartOf":{"@id":"https:\/\/strangercam.com\/#website"},"primaryImageOfPage":{"@id":"https:\/\/strangercam.com\/livu\/#primaryimage"},"image":{"@id":"https:\/\/strangercam.com\/livu\/#primaryimage"},"thumbnailUrl":"https:\/\/strangercam.com\/wp-content\/uploads\/2020\/11\/stranger-cam-1.png","datePublished":"2022-05-30T11:54:47+00:00","dateModified":"2023-08-21T10:24:42+00:00","description":"Livu'yi be\u011fendiniz mi? Gelin Stranger Cam'de 5.000.000'dan fazla yabanc\u0131yla \u00dccretsiz sohbet edin! Kameran\u0131z\u0131 a\u00e7\u0131n ve yeni arkada\u015flar ve belki bir e\u015fle\u015fme bulun!","breadcrumb":{"@id":"https:\/\/strangercam.com\/livu\/#breadcrumb"},"inLanguage":"tr","potentialAction":[{"@type":"ReadAction","target":["https:\/\/strangercam.com\/livu\/"]}]},{"@type":"ImageObject","inLanguage":"tr","@id":"https:\/\/strangercam.com\/livu\/#primaryimage","url":"https:\/\/strangercam.com\/wp-content\/uploads\/2020\/11\/stranger-cam-1.png","contentUrl":"https:\/\/strangercam.com\/wp-content\/uploads\/2020\/11\/stranger-cam-1.png","width":800,"height":800,"caption":"stranger cam random video chat"},{"@type":"BreadcrumbList","@id":"https:\/\/strangercam.com\/livu\/#breadcrumb","itemListElement":[{"@type":"ListItem","position":1,"name":"Home","item":"https:\/\/strangercam.com\/"},{"@type":"ListItem","position":2,"name":"Livu"}]},{"@type":"WebSite","@id":"https:\/\/strangercam.com\/#website","url":"https:\/\/strangercam.com\/","name":"Strangercam","description":"Yabanc\u0131larla Rastgele G\u00f6r\u00fcnt\u00fcl\u00fc Sohbet","publisher":{"@id":"https:\/\/strangercam.com\/#organization"},"alternateName":"Strangercam.com","potentialAction":[{"@type":"SearchAction","target":{"@type":"EntryPoint","urlTemplate":"https:\/\/strangercam.com\/?s={search_term_string}"},"query-input":{"@type":"PropertyValueSpecification","valueRequired":true,"valueName":"search_term_string"}}],"inLanguage":"tr"},{"@type":"Organization","@id":"https:\/\/strangercam.com\/#organization","name":"Strangercam","alternateName":"Strangercam.com","url":"https:\/\/strangercam.com\/","logo":{"@type":"ImageObject","inLanguage":"tr","@id":"https:\/\/strangercam.com\/#\/schema\/logo\/image\/","url":"https:\/\/strangercam.com\/wp-content\/uploads\/2020\/11\/cropped-new-favicon-black.png","contentUrl":"https:\/\/strangercam.com\/wp-content\/uploads\/2020\/11\/cropped-new-favicon-black.png","width":512,"height":512,"caption":"Strangercam"},"image":{"@id":"https:\/\/strangercam.com\/#\/schema\/logo\/image\/"},"sameAs":["https:\/\/www.facebook.com\/strangercam","https:\/\/x.com\/strangercamapp"]}]}},"_links":{"self":[{"href":"https:\/\/strangercam.com\/tr\/wp-json\/wp\/v2\/pages\/10047","targetHints":{"allow":["GET"]}}],"collection":[{"href":"https:\/\/strangercam.com\/tr\/wp-json\/wp\/v2\/pages"}],"about":[{"href":"https:\/\/strangercam.com\/tr\/wp-json\/wp\/v2\/types\/page"}],"author":[{"embeddable":true,"href":"https:\/\/strangercam.com\/tr\/wp-json\/wp\/v2\/users\/6"}],"replies":[{"embeddable":true,"href":"https:\/\/strangercam.com\/tr\/wp-json\/wp\/v2\/comments?post=10047"}],"version-history":[{"count":0,"href":"https:\/\/strangercam.com\/tr\/wp-json\/wp\/v2\/pages\/10047\/revisions"}],"wp:featuredmedia":[{"embeddable":true,"href":"https:\/\/strangercam.com\/tr\/wp-json\/wp\/v2\/media\/559"}],"wp:attachment":[{"href":"https:\/\/strangercam.com\/tr\/wp-json\/wp\/v2\/media?parent=10047"}],"curies":[{"name":"wp","href":"https:\/\/api.w.org\/{rel}","templated":true}]}}