{"id":1004,"date":"2021-01-10T16:44:29","date_gmt":"2021-01-10T14:44:29","guid":{"rendered":"https:\/\/strangercam.com\/?page_id=1004"},"modified":"2023-08-21T12:24:41","modified_gmt":"2023-08-21T10:24:41","slug":"emerald-chat","status":"publish","type":"page","link":"https:\/\/strangercam.com\/tr\/emerald-chat\/","title":{"rendered":"Emerald Chat"},"content":{"rendered":"<p>G\u00fcn\u00fcm\u00fczde \u00e7o\u011fu insan hedeflerine ula\u015fmak i\u00e7in yo\u011fun bir ya\u015fam tarz\u0131 s\u00fcrd\u00fcr\u00fcyor. Sonu\u00e7 olarak, duygular\u0131n\u0131 ve di\u011fer \u015feyleri payla\u015fmak i\u00e7in yeni arkada\u015flar edinmeyi zor buluyorlar. Teknolojinin her ge\u00e7en g\u00fcn h\u0131zla geli\u015fmesiyle birlikte, yeni ili\u015fkiler kurmaya yard\u0131mc\u0131 olabilecek yabanc\u0131larla kolayca ba\u011flant\u0131 kurmak basit bir s\u00fcre\u00e7 haline geliyor. G\u00fcn\u00fcm\u00fczde, yeni arkada\u015fl\u0131klar kurmak isteyen kullan\u0131c\u0131lar\u0131n beklentilerini kar\u015f\u0131lamay\u0131 ama\u00e7layan web platformlar\u0131 ve mobil uygulamalar bulunmaktad\u0131r. <a href=\"https:\/\/strangercam.com\/tr\/chatroulette\/\">sohbet<\/a> di\u011ferleriyle kolayca. Ayn\u0131 zamanda, do\u011fru olan\u0131 se\u00e7mek i\u00e7in bunlar\u0131 y\u00fcksek dikkatle de\u011ferlendirmek gerekir.<\/p>\n<h2>Yeni insanlarla tan\u0131\u015fmak i\u00e7in z\u00fcmr\u00fct web platformu<\/h2>\n<p>Emerald, yeni insanlarla \u00e7evrimi\u00e7i olarak h\u0131zl\u0131 bir \u015fekilde tan\u0131\u015fmak i\u00e7in tasarlanm\u0131\u015f bir web platformudur. Platform, kullan\u0131c\u0131lar\u0131n hayat\u0131n farkl\u0131 kesimlerinden ilgin\u00e7 ki\u015fileri m\u00fcmk\u00fcn olan en k\u0131sa s\u00fcrede bulmalar\u0131n\u0131 sa\u011flar. Benzer ilgi alanlar\u0131na sahip insanlarla ileti\u015fim kurman\u0131n yollar\u0131n\u0131 sunar. Yabanc\u0131larla sohbet etmek isteyen herkes bu platformu kullanabilir \u00e7\u00fcnk\u00fc en iyi \u00f6zellikleri sunar. Asl\u0131nda platform, \u00f6zel olan\u0131 basit ad\u0131mlarla tan\u0131mlamak isteyenler i\u00e7in do\u011fru yer. Ayn\u0131 zamanda, kullan\u0131c\u0131lar sohbet etmeden \u00f6nce talimatlar\u0131 dikkatlice okumal\u0131d\u0131r.<\/p>\n<h2>Nas\u0131l \u00e7al\u0131\u015f\u0131yor?<\/h2>\n<p>EmeraldChat'in a\u015fa\u011f\u0131dakilere alternatif oldu\u011fu iddia edilmektedir <a href=\"https:\/\/strangercam.com\/tr\/omegle\/\">Omegle<\/a> ve kullan\u0131c\u0131 aray\u00fcz\u00fc hemen hemen ayn\u0131d\u0131r. Omegle gibi, kay\u0131t olmak i\u00e7in \u00e7ok fazla bilgi gerektirmez ve bir <a href=\"https:\/\/strangercam.com\/tr\/yabancilarla-goruntulu-sohbet\/\">yabanc\u0131larla g\u00f6r\u00fcnt\u00fcl\u00fc sohbet<\/a> Serbest\u00e7e.<\/p>\n<p>Yabanc\u0131larla g\u00f6r\u00fcnt\u00fcl\u00fc sohbete ba\u015flamak i\u00e7in ana sayfaya gitmeniz ve ba\u015flat d\u00fc\u011fmesine t\u0131klaman\u0131z gerekir. Ard\u0131ndan erkek-kad\u0131n cinsiyetini se\u00e7in, bundan sonra sizden bir se\u00e7enek se\u00e7meniz istenecektir<\/p>\n<ul>\n<li>Bire bir Metin sohbeti<\/li>\n<li><a href=\"https:\/\/strangercam.com\/tr\/rabbit-video-chat\/\">G\u00f6r\u00fcnt\u00fcl\u00fc Sohbet<\/a><\/li>\n<li>Grup Sohbeti<\/li>\n<\/ul>\n<h3>Bire bir Metin sohbeti:<\/h3>\n<p>Bire bir sohbette, yaln\u0131zca bir ki\u015fiyle sohbet etme se\u00e7ene\u011fine sahip olursunuz ve bu ki\u015fiyi 13 farkl\u0131 hashtag aras\u0131ndan se\u00e7ebilirsiniz ve ilgilendi\u011finiz hashtag'e t\u0131klad\u0131\u011f\u0131n\u0131zda Emerald sizin i\u00e7in bir e\u015fle\u015fme bulacak ve ard\u0131ndan o ki\u015fiyle sohbet etmeye ba\u015flayabilirsiniz.<\/p>\n<h3>G\u00f6r\u00fcnt\u00fcl\u00fc sohbet<\/h3>\n<p>Bire bir metin sohbetinde, bir ki\u015fiyle yaln\u0131zca metin sohbeti yapabilirsiniz. Di\u011fer ki\u015fiyi bir web kameras\u0131 arac\u0131l\u0131\u011f\u0131yla g\u00f6rmek istiyorsan\u0131z, g\u00f6r\u00fcnt\u00fcl\u00fc sohbet se\u00e7ene\u011fini se\u00e7meniz gerekecektir. Bir\u00e7ok ki\u015fi bu se\u00e7ene\u011fi tercih ediyor ve yabanc\u0131larla g\u00f6r\u00fcnt\u00fcl\u00fc sohbet etmek istiyor. \u0130yi arkada\u015flar veya romantizm bulabilece\u011finiz veya zaman\u0131nda arkada\u015fl\u0131\u011f\u0131n tad\u0131n\u0131 \u00e7\u0131karabilece\u011finiz yerdir. G\u00f6r\u00fcnt\u00fcl\u00fc sohbeti kullan\u0131rken daha dikkatli olunmal\u0131 ve herhangi bir yabanc\u0131ya asla ki\u015fisel bilgi veya bunun gibi bir \u015fey s\u00f6ylenmemelidir, \u00e7\u00fcnk\u00fc bir\u00e7ok \u00e7evrimi\u00e7i doland\u0131r\u0131c\u0131 her zaman doland\u0131rmak i\u00e7in masum insanlar aramaktad\u0131r.<\/p>\n<h3>Grup sohbeti<\/h3>\n<p>Emerald grup sohbeti \u00f6zellikleri, kullan\u0131c\u0131lar\u0131na ortak ilgi alanlar\u0131n\u0131 payla\u015fan farkl\u0131 gruplara kat\u0131lma f\u0131rsat\u0131 sunar. Kullan\u0131c\u0131lar ilgilendikleri hashtagleri se\u00e7erek grup sohbetine kat\u0131labilirler.<\/p>\n<h2>Emerald web platformunda bulunan \u00f6zellikler nelerdir?<\/h2>\n<p>Web platformu, kullan\u0131c\u0131lar\u0131n daha iyi bir deneyim sa\u011flamak i\u00e7in k\u0131sa mesajlar ve g\u00f6r\u00fcnt\u00fcl\u00fc sohbetlerle sohbet etmelerine olanak tan\u0131r. Bunun yan\u0131 s\u0131ra, z\u00fcmr\u00fct sohbet web platformu, kullan\u0131c\u0131lar\u0131n herhangi bir zorluk ya\u015famadan foto\u011fraf ve medya dosyalar\u0131n\u0131 payla\u015fmalar\u0131n\u0131 sa\u011flar. Kullan\u0131c\u0131lar istedikleri zaman bu platformda e\u015fle\u015fmeleri cinsiyete ve konuma g\u00f6re filtreleyebilirler. <a href=\"https:\/\/strangercam.com\/tr\/coomeet\/\">tan\u0131\u015fmak<\/a> yeni insanlar. Kay\u0131t i\u015flemi, bir ki\u015finin d\u00fcnyan\u0131n farkl\u0131 yerlerinden iyi arkada\u015flar aramas\u0131n\u0131 sa\u011flayan basittir. Web platformunun kullan\u0131m\u0131 \u00fccretsiz oldu\u011fundan, bir ki\u015finin m\u00fcmk\u00fcn olan en k\u0131sa s\u00fcrede ba\u015fkalar\u0131yla ba\u011flant\u0131 kurmas\u0131n\u0131 sa\u011flar.<\/p>\n<h2>Z\u00fcmr\u00fct sohbet uygulamas\u0131 taraf\u0131ndan sunulan \u00f6zellikler<\/h2>\n<p>Uygulama \u015fu anda benzersiz \u00f6zelliklerle gelecek olan geli\u015ftirme a\u015famas\u0131ndad\u0131r. Bunlardan baz\u0131lar\u0131 hafiflik, \u00f6zelle\u015ftirme, s\u0131k g\u00fcncellemeler, tam zamanl\u0131 moderasyon ve m\u00fckemmel deste\u011fi i\u00e7erir. Kullan\u0131c\u0131lar\u0131n ba\u015fkalar\u0131yla y\u00fcksek h\u0131zlarda arama yapmalar\u0131n\u0131 sa\u011flayan t\u00fcm mobil cihazlarda \u00e7al\u0131\u015facakt\u0131r. Detaylar hakk\u0131nda daha fazla bilgi edinmek isteyenler, m\u00fckemmel niteliklere sahip birini bulmaya ba\u015flaman\u0131za yard\u0131mc\u0131 olabilecek resmi web sitesini ziyaret edebilirler. Z\u00fcmr\u00fct sohbet web platformu, her \u015feyi g\u00fcvenli bir ortamda payla\u015fmak i\u00e7in farkl\u0131 yerlerde yeni ili\u015fkiler kurman\u0131n uygun yollar\u0131n\u0131 sunar. \u00d6te yandan, platformu kullanmadan \u00f6nce h\u00fck\u00fcm ve ko\u015fullar\u0131 do\u011fru bir \u015fekilde okumak zorunludur.<\/p>\n<h2>Fiyatland\u0131rma<\/h2>\n<p>Emerald, temel hizmetlerini \u00fccretsiz olarak sunan bir g\u00f6r\u00fcnt\u00fcl\u00fc sohbet yabanc\u0131 uygulamas\u0131d\u0131r. Ancak her zaman bir \u00fcyelik sat\u0131n alabilir ve baz\u0131 ekstra avantajlardan yararlanabilirsiniz. \u0130ki t\u00fcr \u00fcyelik program\u0131 sunar.<\/p>\n<ul>\n<li>Z\u00fcmr\u00fct Alt\u0131n \u00dcyelik<\/li>\n<li>Z\u00fcmr\u00fct \u015e\u00f6hretler Salonu<\/li>\n<\/ul>\n<h3>Z\u00fcmr\u00fct Alt\u0131n \u00dcyelik<\/h3>\n<p>Emerald kullan\u0131c\u0131lar\u0131 ayda 3.89$ \u00f6deyerek alt\u0131n \u00fcyeli\u011fe abone olabilirler. Emerald gold \u00fcyeleri, cinsiyet filtreleri ve kullan\u0131c\u0131lar\u0131n adlar\u0131n\u0131n yan\u0131nda mavi tik i\u015fareti gibi bir\u00e7ok premium \u00f6zelli\u011fin keyfini \u00e7\u0131karabilir.<\/p>\n<h3>Z\u00fcmr\u00fct \u015e\u00f6hretler Salonu<\/h3>\n<p>Emerald kullan\u0131c\u0131lar\u0131 ayda 8.89$ \u00f6deyerek Emerald \u015f\u00f6hret salonuna girebilirler. Emerald Hall of Fame kullan\u0131c\u0131lar\u0131n\u0131n profili en iyi sonu\u00e7larda g\u00f6r\u00fcn\u00fcr ve bir\u00e7ok arkada\u015fl\u0131k iste\u011fi al\u0131r ve sonu\u00e7ta d\u00fcnyan\u0131n her yerinden insanlarla sohbet etme \u015fans\u0131 elde eder.<\/p>\n<h2>Kullan\u0131m\u0131 g\u00fcvenli mi?<\/h2>\n<p>Bir\u00e7ok insan art\u0131k yeni arkada\u015flar bulmak, romantizm ya\u015famak ya da zaman \u00f6ld\u00fcrmek i\u00e7in g\u00f6r\u00fcnt\u00fcl\u00fc sohbet uygulamalar\u0131n\u0131 kullan\u0131yor. Ancak bir\u00e7ok yabanc\u0131 g\u00f6r\u00fcnt\u00fcl\u00fc sohbet uygulamas\u0131 hi\u00e7 g\u00fcvenli de\u011fildir, ya \u00e7evrimi\u00e7i doland\u0131r\u0131c\u0131larla ve uygunsuz i\u00e7erikle doludur ya da gizlilik riski vard\u0131r. EmeraldChat'in her \u015feyde Omegle ve kopyalanan Omegle'nin alternatifi oldu\u011fu iddia ediliyor, ancak burada eksik g\u00f6r\u00fcn\u00fcyorlar. Emerald'\u0131n mobil uygulamas\u0131na ihtiya\u00e7 duymad\u0131\u011f\u0131 i\u00e7in hala geli\u015ftirme a\u015famas\u0131ndad\u0131r, ancak onu kullanabilirsiniz ve web sitesiyle ayn\u0131 kullan\u0131c\u0131 dostu g\u00f6sterge tablosuna sahiptir.<\/p>","protected":false},"excerpt":{"rendered":"<p>Most people are having a busy lifestyle today to accomplish their goals. As a result, they find it difficult to make new friends for sharing their emotions and other things. With technologies are growing fast day by day, it becomes a simple process to connect with strangers easily that can help build new relationships. Nowadays, [&hellip;]<\/p>\n","protected":false},"author":6,"featured_media":559,"parent":0,"menu_order":0,"comment_status":"closed","ping_status":"closed","template":"","meta":{"footnotes":""},"class_list":["post-1004","page","type-page","status-publish","has-post-thumbnail","hentry"],"yoast_head":"<!-- This site is optimized with the Yoast SEO plugin v26.9 - https:\/\/yoast.com\/product\/yoast-seo-wordpress\/ -->\n<title>Emerald Chat - Cam with Strangers on StrangerCam.com<\/title>\n<meta name=\"description\" content=\"Like Emerald Chat? Come chat with more than 5.000.000 strangers on Stranger Cam for Free! Turn on your cam and find new friends!\" \/>\n<meta name=\"robots\" content=\"index, follow, max-snippet:-1, max-image-preview:large, max-video-preview:-1\" \/>\n<link rel=\"canonical\" href=\"https:\/\/strangercam.com\/tr\/emerald-chat\/\" \/>\n<meta property=\"og:locale\" content=\"tr_TR\" \/>\n<meta property=\"og:type\" content=\"article\" \/>\n<meta property=\"og:title\" content=\"Emerald Chat - Cam with Strangers on StrangerCam.com\" \/>\n<meta property=\"og:description\" content=\"Like Emerald Chat? Come chat with more than 5.000.000 strangers on Stranger Cam for Free! Turn on your cam and find new friends!\" \/>\n<meta property=\"og:url\" content=\"https:\/\/strangercam.com\/tr\/emerald-chat\/\" \/>\n<meta property=\"og:site_name\" content=\"Strangercam\" \/>\n<meta property=\"article:publisher\" content=\"https:\/\/www.facebook.com\/strangercam\" \/>\n<meta property=\"article:modified_time\" content=\"2023-08-21T10:24:41+00:00\" \/>\n<meta property=\"og:image\" content=\"https:\/\/strangercam.com\/wp-content\/uploads\/2020\/11\/stranger-cam-1.png\" \/>\n\t<meta property=\"og:image:width\" content=\"800\" \/>\n\t<meta property=\"og:image:height\" content=\"800\" \/>\n\t<meta property=\"og:image:type\" content=\"image\/png\" \/>\n<meta name=\"twitter:card\" content=\"summary_large_image\" \/>\n<meta name=\"twitter:site\" content=\"@strangercamapp\" \/>\n<meta name=\"twitter:label1\" content=\"Tahmini okuma s\u00fcresi\" \/>\n\t<meta name=\"twitter:data1\" content=\"5 dakika\" \/>\n<script type=\"application\/ld+json\" class=\"yoast-schema-graph\">{\"@context\":\"https:\/\/schema.org\",\"@graph\":[{\"@type\":\"WebPage\",\"@id\":\"https:\/\/strangercam.com\/emerald-chat\/\",\"url\":\"https:\/\/strangercam.com\/emerald-chat\/\",\"name\":\"Emerald Chat - Cam with Strangers on StrangerCam.com\",\"isPartOf\":{\"@id\":\"https:\/\/strangercam.com\/#website\"},\"primaryImageOfPage\":{\"@id\":\"https:\/\/strangercam.com\/emerald-chat\/#primaryimage\"},\"image\":{\"@id\":\"https:\/\/strangercam.com\/emerald-chat\/#primaryimage\"},\"thumbnailUrl\":\"https:\/\/strangercam.com\/wp-content\/uploads\/2020\/11\/stranger-cam-1.png\",\"datePublished\":\"2021-01-10T14:44:29+00:00\",\"dateModified\":\"2023-08-21T10:24:41+00:00\",\"description\":\"Like Emerald Chat? Come chat with more than 5.000.000 strangers on Stranger Cam for Free! Turn on your cam and find new friends!\",\"breadcrumb\":{\"@id\":\"https:\/\/strangercam.com\/emerald-chat\/#breadcrumb\"},\"inLanguage\":\"tr\",\"potentialAction\":[{\"@type\":\"ReadAction\",\"target\":[\"https:\/\/strangercam.com\/emerald-chat\/\"]}]},{\"@type\":\"ImageObject\",\"inLanguage\":\"tr\",\"@id\":\"https:\/\/strangercam.com\/emerald-chat\/#primaryimage\",\"url\":\"https:\/\/strangercam.com\/wp-content\/uploads\/2020\/11\/stranger-cam-1.png\",\"contentUrl\":\"https:\/\/strangercam.com\/wp-content\/uploads\/2020\/11\/stranger-cam-1.png\",\"width\":800,\"height\":800,\"caption\":\"stranger cam random video chat\"},{\"@type\":\"BreadcrumbList\",\"@id\":\"https:\/\/strangercam.com\/emerald-chat\/#breadcrumb\",\"itemListElement\":[{\"@type\":\"ListItem\",\"position\":1,\"name\":\"Home\",\"item\":\"https:\/\/strangercam.com\/\"},{\"@type\":\"ListItem\",\"position\":2,\"name\":\"Emerald Chat\"}]},{\"@type\":\"WebSite\",\"@id\":\"https:\/\/strangercam.com\/#website\",\"url\":\"https:\/\/strangercam.com\/\",\"name\":\"Strangercam\",\"description\":\"Random Video Chat with Strangers\",\"publisher\":{\"@id\":\"https:\/\/strangercam.com\/#organization\"},\"alternateName\":\"Strangercam.com\",\"potentialAction\":[{\"@type\":\"SearchAction\",\"target\":{\"@type\":\"EntryPoint\",\"urlTemplate\":\"https:\/\/strangercam.com\/?s={search_term_string}\"},\"query-input\":{\"@type\":\"PropertyValueSpecification\",\"valueRequired\":true,\"valueName\":\"search_term_string\"}}],\"inLanguage\":\"tr\"},{\"@type\":\"Organization\",\"@id\":\"https:\/\/strangercam.com\/#organization\",\"name\":\"Strangercam\",\"alternateName\":\"Strangercam.com\",\"url\":\"https:\/\/strangercam.com\/\",\"logo\":{\"@type\":\"ImageObject\",\"inLanguage\":\"tr\",\"@id\":\"https:\/\/strangercam.com\/#\/schema\/logo\/image\/\",\"url\":\"https:\/\/strangercam.com\/wp-content\/uploads\/2020\/11\/cropped-new-favicon-black.png\",\"contentUrl\":\"https:\/\/strangercam.com\/wp-content\/uploads\/2020\/11\/cropped-new-favicon-black.png\",\"width\":512,\"height\":512,\"caption\":\"Strangercam\"},\"image\":{\"@id\":\"https:\/\/strangercam.com\/#\/schema\/logo\/image\/\"},\"sameAs\":[\"https:\/\/www.facebook.com\/strangercam\",\"https:\/\/x.com\/strangercamapp\"]}]}<\/script>\n<!-- \/ Yoast SEO plugin. -->","yoast_head_json":{"title":"Emerald Chat - StrangerCam.com'da Yabanc\u0131larla Kamera","description":"Emerald Chat'yi be\u011fendiniz mi? Gelin Stranger Cam'de 5.000.000'dan fazla yabanc\u0131yla \u00dccretsiz sohbet edin! Kameran\u0131z\u0131 a\u00e7\u0131n ve yeni arkada\u015flar bulun!","robots":{"index":"index","follow":"follow","max-snippet":"max-snippet:-1","max-image-preview":"max-image-preview:large","max-video-preview":"max-video-preview:-1"},"canonical":"https:\/\/strangercam.com\/tr\/emerald-chat\/","og_locale":"tr_TR","og_type":"article","og_title":"Emerald Chat - Cam with Strangers on StrangerCam.com","og_description":"Like Emerald Chat? Come chat with more than 5.000.000 strangers on Stranger Cam for Free! Turn on your cam and find new friends!","og_url":"https:\/\/strangercam.com\/tr\/emerald-chat\/","og_site_name":"Strangercam","article_publisher":"https:\/\/www.facebook.com\/strangercam","article_modified_time":"2023-08-21T10:24:41+00:00","og_image":[{"width":800,"height":800,"url":"https:\/\/strangercam.com\/wp-content\/uploads\/2020\/11\/stranger-cam-1.png","type":"image\/png"}],"twitter_card":"summary_large_image","twitter_site":"@strangercamapp","twitter_misc":{"Tahmini okuma s\u00fcresi":"5 dakika"},"schema":{"@context":"https:\/\/schema.org","@graph":[{"@type":"WebPage","@id":"https:\/\/strangercam.com\/emerald-chat\/","url":"https:\/\/strangercam.com\/emerald-chat\/","name":"Emerald Chat - StrangerCam.com'da Yabanc\u0131larla Kamera","isPartOf":{"@id":"https:\/\/strangercam.com\/#website"},"primaryImageOfPage":{"@id":"https:\/\/strangercam.com\/emerald-chat\/#primaryimage"},"image":{"@id":"https:\/\/strangercam.com\/emerald-chat\/#primaryimage"},"thumbnailUrl":"https:\/\/strangercam.com\/wp-content\/uploads\/2020\/11\/stranger-cam-1.png","datePublished":"2021-01-10T14:44:29+00:00","dateModified":"2023-08-21T10:24:41+00:00","description":"Emerald Chat'yi be\u011fendiniz mi? Gelin Stranger Cam'de 5.000.000'dan fazla yabanc\u0131yla \u00dccretsiz sohbet edin! Kameran\u0131z\u0131 a\u00e7\u0131n ve yeni arkada\u015flar bulun!","breadcrumb":{"@id":"https:\/\/strangercam.com\/emerald-chat\/#breadcrumb"},"inLanguage":"tr","potentialAction":[{"@type":"ReadAction","target":["https:\/\/strangercam.com\/emerald-chat\/"]}]},{"@type":"ImageObject","inLanguage":"tr","@id":"https:\/\/strangercam.com\/emerald-chat\/#primaryimage","url":"https:\/\/strangercam.com\/wp-content\/uploads\/2020\/11\/stranger-cam-1.png","contentUrl":"https:\/\/strangercam.com\/wp-content\/uploads\/2020\/11\/stranger-cam-1.png","width":800,"height":800,"caption":"stranger cam random video chat"},{"@type":"BreadcrumbList","@id":"https:\/\/strangercam.com\/emerald-chat\/#breadcrumb","itemListElement":[{"@type":"ListItem","position":1,"name":"Home","item":"https:\/\/strangercam.com\/"},{"@type":"ListItem","position":2,"name":"Emerald Chat"}]},{"@type":"WebSite","@id":"https:\/\/strangercam.com\/#website","url":"https:\/\/strangercam.com\/","name":"Strangercam","description":"Yabanc\u0131larla Rastgele G\u00f6r\u00fcnt\u00fcl\u00fc Sohbet","publisher":{"@id":"https:\/\/strangercam.com\/#organization"},"alternateName":"Strangercam.com","potentialAction":[{"@type":"SearchAction","target":{"@type":"EntryPoint","urlTemplate":"https:\/\/strangercam.com\/?s={search_term_string}"},"query-input":{"@type":"PropertyValueSpecification","valueRequired":true,"valueName":"search_term_string"}}],"inLanguage":"tr"},{"@type":"Organization","@id":"https:\/\/strangercam.com\/#organization","name":"Strangercam","alternateName":"Strangercam.com","url":"https:\/\/strangercam.com\/","logo":{"@type":"ImageObject","inLanguage":"tr","@id":"https:\/\/strangercam.com\/#\/schema\/logo\/image\/","url":"https:\/\/strangercam.com\/wp-content\/uploads\/2020\/11\/cropped-new-favicon-black.png","contentUrl":"https:\/\/strangercam.com\/wp-content\/uploads\/2020\/11\/cropped-new-favicon-black.png","width":512,"height":512,"caption":"Strangercam"},"image":{"@id":"https:\/\/strangercam.com\/#\/schema\/logo\/image\/"},"sameAs":["https:\/\/www.facebook.com\/strangercam","https:\/\/x.com\/strangercamapp"]}]}},"_links":{"self":[{"href":"https:\/\/strangercam.com\/tr\/wp-json\/wp\/v2\/pages\/1004","targetHints":{"allow":["GET"]}}],"collection":[{"href":"https:\/\/strangercam.com\/tr\/wp-json\/wp\/v2\/pages"}],"about":[{"href":"https:\/\/strangercam.com\/tr\/wp-json\/wp\/v2\/types\/page"}],"author":[{"embeddable":true,"href":"https:\/\/strangercam.com\/tr\/wp-json\/wp\/v2\/users\/6"}],"replies":[{"embeddable":true,"href":"https:\/\/strangercam.com\/tr\/wp-json\/wp\/v2\/comments?post=1004"}],"version-history":[{"count":0,"href":"https:\/\/strangercam.com\/tr\/wp-json\/wp\/v2\/pages\/1004\/revisions"}],"wp:featuredmedia":[{"embeddable":true,"href":"https:\/\/strangercam.com\/tr\/wp-json\/wp\/v2\/media\/559"}],"wp:attachment":[{"href":"https:\/\/strangercam.com\/tr\/wp-json\/wp\/v2\/media?parent=1004"}],"curies":[{"name":"wp","href":"https:\/\/api.w.org\/{rel}","templated":true}]}}