{"id":10021,"date":"2022-05-30T13:39:35","date_gmt":"2022-05-30T11:39:35","guid":{"rendered":"https:\/\/strangercam.com\/?page_id=10021"},"modified":"2023-08-21T12:38:00","modified_gmt":"2023-08-21T10:38:00","slug":"randochat","status":"publish","type":"page","link":"https:\/\/strangercam.com\/tr\/randochat\/","title":{"rendered":"Randochat"},"content":{"rendered":"<p>RandoChat rastgele bir <a href=\"https:\/\/strangercam.com\/tr\/chatroulette\/\">sohbet<\/a> yapman\u0131z\u0131 sa\u011flayan program <a href=\"https:\/\/strangercam.com\/tr\/coomeet\/\">tan\u0131\u015fmak<\/a> anonim olarak yeni insanlar. Bir hesap olu\u015fturman\u0131za veya giri\u015f yapman\u0131za gerek yoktur. Tek bir dokunu\u015fla bire bir sohbet ba\u015flatabilirsiniz. Web sitesi, \u00e7evrimi\u00e7i olarak yeni insanlarla etkile\u015fim kurmak i\u00e7in kullan\u0131m\u0131 kolay bir platform sunar. Randochat en y\u00fcksek kalitede m\u00fc\u015fteri destek hizmetleri sunar.<\/p>\n<h3>Randochat Arkada\u015fl\u0131k Uygulamas\u0131 Nas\u0131l Kullan\u0131l\u0131r?<\/h3>\n<p>Sisteme kaydolan di\u011fer kullan\u0131c\u0131larla ileti\u015fim kurman\u0131za olanak tan\u0131yan ak\u0131ll\u0131 telefon uygulamas\u0131n\u0131 kullanabilirsiniz. Kullan\u0131c\u0131lar, web sitesinin ilgin\u00e7 \u00f6zelliklerinden yararlanmak i\u00e7in herhangi bir \u00fccret \u00f6demek zorunda de\u011fildir. Bu tamamen <a href=\"https:\/\/strangercam.com\/tr\/chat4free\/\">\u00fccretsiz<\/a> kullan\u0131c\u0131lar i\u00e7in. Kay\u0131t olmaya gerek yoktur. Bu paket standart bir SMS hizmetine benzer \u015fekilde \u00e7al\u0131\u015f\u0131r ve hem metin hem de g\u00f6r\u00fcnt\u00fc iletmenize olanak tan\u0131r. Bu sistemin rastgeleli\u011fi onu kullanmay\u0131 \u00e7ok e\u011flenceli hale getirir.<\/p>\n<h3>Web Sitesi Randochat'nin Ana \u00d6zellikleri<\/h3>\n<p>A\u015fa\u011f\u0131da Randochat'nin en \u00f6nemli \u00f6zelliklerinden baz\u0131lar\u0131 yer almaktad\u0131r:<\/p>\n<ul>\n<li>RandoChat'i arkada\u015f\u0131n\u0131z yap\u0131n. Yeni insanlarla etkile\u015fim kurarken <a href=\"https:\/\/strangercam.com\/tr\/chatingly\/\">sohbet<\/a> anonim olarak! Tamamen \u00fccretsiz bir hizmettir.<\/li>\n<li>Verilerin Saklanmamas\u0131. Konu\u015fmalar\u0131n\u0131z sunucular\u0131m\u0131zda yaln\u0131zca s\u0131n\u0131rl\u0131 bir s\u00fcre i\u00e7in saklan\u0131r ve sohbet arkada\u015f\u0131n\u0131za g\u00f6nderildikten sonra kald\u0131r\u0131l\u0131r.<\/li>\n<li>Bu yaz\u0131l\u0131m\u0131 kullanmak i\u00e7in en az 18 ya\u015f\u0131nda olman\u0131z gerekmektedir. \u00c7\u0131plakl\u0131k, \u0131rk\u00e7\u0131 veya sald\u0131rgan materyaller gibi uygunsuz i\u00e7erikler y\u00fcklemeyin. Ko\u015fullar\u0131m\u0131z\u0131 ihlal etti\u011finiz tespit edilirse, hesab\u0131n\u0131z s\u00fcresiz olarak ask\u0131ya al\u0131nabilir.<\/li>\n<li>Veri g\u00fcvenli\u011fi. Geli\u015ftiricilerin verilerinizi nas\u0131l elde etti\u011fini ve payla\u015ft\u0131\u011f\u0131n\u0131 bilmek, g\u00fcvenli\u011fe y\u00f6nelik ilk ad\u0131md\u0131r. Veri gizlili\u011fi ve mahremiyeti uygulamalar\u0131n\u0131z, siteyi nas\u0131l kulland\u0131\u011f\u0131n\u0131za, nerede kulland\u0131\u011f\u0131n\u0131za ve <a href=\"https:\/\/strangercam.com\/tr\/mili\/\">canl\u0131<\/a>ve ka\u00e7 ya\u015f\u0131nda oldu\u011funuz. Bu bilgiler, gelecekte g\u00fcncelleyebilecek olan geli\u015ftirici taraf\u0131ndan sa\u011flanm\u0131\u015ft\u0131r.<\/li>\n<li>\u00dc\u00e7\u00fcnc\u00fc taraflarla veri payla\u015f\u0131m\u0131 olmayacakt\u0131r. Web sitesi, verileri \u00e7e\u015fitli ama\u00e7lar i\u00e7in kullanabilecek reklamverenlere vermeyecektir. M\u00fc\u015fteri hizmetleri ile ileti\u015fime ge\u00e7erek yap\u0131lan payla\u015f\u0131m beyanlar\u0131 hakk\u0131nda daha fazla bilgi edinebilirsiniz.<\/li>\n<li>Bu veri t\u00fcrleri bu uygulama taraf\u0131ndan toplanabilir. Bu, web sitesinin ki\u015fisel bilgilerinizi, foto\u011fraflar\u0131n\u0131z\u0131 veya videolar\u0131n\u0131z\u0131 payla\u015fmad\u0131\u011f\u0131 veya saklamad\u0131\u011f\u0131 anlam\u0131na gelir. Aktar\u0131m s\u0131ras\u0131nda veriler \u015fifrelenir.<\/li>\n<li>Verilerin Kald\u0131r\u0131lmas\u0131. \u00c7evrimi\u00e7i olarak yay\u0131nlanan verilerden rahats\u0131z olman\u0131z durumunda, verilerinizin kald\u0131r\u0131lmas\u0131n\u0131 isteyebilirsiniz.<\/li>\n<\/ul>\n<h3>Sonu\u00e7<\/h3>\n<p>Randochat, do\u011fru insanlarla \u00e7evrimi\u00e7i etkile\u015fim kurmak i\u00e7in m\u00fckemmel kalitede bir platformdur. Sevdi\u011finiz ki\u015fiye ula\u015fmak i\u00e7in filtreleri kullanabilir ve birlikte harika zaman ge\u00e7irebilirsiniz.<\/p>","protected":false},"excerpt":{"rendered":"<p>RandoChat is a random chat program that allows you to meet new people anonymously. There is no need to establish an account or log in. With a single tap, you may start a one-on-one conversation. The website offers an easy-to-use platform for interacting with new people online. The Randochat offers the highest quality customer support [&hellip;]<\/p>\n","protected":false},"author":6,"featured_media":559,"parent":0,"menu_order":0,"comment_status":"closed","ping_status":"closed","template":"","meta":{"footnotes":""},"class_list":["post-10021","page","type-page","status-publish","has-post-thumbnail","hentry"],"yoast_head":"<!-- This site is optimized with the Yoast SEO plugin v26.9 - https:\/\/yoast.com\/product\/yoast-seo-wordpress\/ -->\n<title>Randochat - Chat Roulette Anonymously - Cam on StrangerCam.com<\/title>\n<meta name=\"description\" content=\"Like Randochat? Come chat with more than 5.000.000 strangers on Stranger Cam for Free! Turn on your cam and find new friends &amp; maby a match!\" \/>\n<meta name=\"robots\" content=\"index, follow, max-snippet:-1, max-image-preview:large, max-video-preview:-1\" \/>\n<link rel=\"canonical\" href=\"https:\/\/strangercam.com\/tr\/randochat\/\" \/>\n<meta property=\"og:locale\" content=\"tr_TR\" \/>\n<meta property=\"og:type\" content=\"article\" \/>\n<meta property=\"og:title\" content=\"Randochat - Chat Roulette Anonymously - Cam on StrangerCam.com\" \/>\n<meta property=\"og:description\" content=\"Like Randochat? Come chat with more than 5.000.000 strangers on Stranger Cam for Free! Turn on your cam and find new friends &amp; maby a match!\" \/>\n<meta property=\"og:url\" content=\"https:\/\/strangercam.com\/tr\/randochat\/\" \/>\n<meta property=\"og:site_name\" content=\"Strangercam\" \/>\n<meta property=\"article:publisher\" content=\"https:\/\/www.facebook.com\/strangercam\" \/>\n<meta property=\"article:modified_time\" content=\"2023-08-21T10:38:00+00:00\" \/>\n<meta property=\"og:image\" content=\"https:\/\/strangercam.com\/wp-content\/uploads\/2020\/11\/stranger-cam-1.png\" \/>\n\t<meta property=\"og:image:width\" content=\"800\" \/>\n\t<meta property=\"og:image:height\" content=\"800\" \/>\n\t<meta property=\"og:image:type\" content=\"image\/png\" \/>\n<meta name=\"twitter:card\" content=\"summary_large_image\" \/>\n<meta name=\"twitter:site\" content=\"@strangercamapp\" \/>\n<meta name=\"twitter:label1\" content=\"Tahmini okuma s\u00fcresi\" \/>\n\t<meta name=\"twitter:data1\" content=\"2 dakika\" \/>\n<script type=\"application\/ld+json\" class=\"yoast-schema-graph\">{\"@context\":\"https:\/\/schema.org\",\"@graph\":[{\"@type\":\"WebPage\",\"@id\":\"https:\/\/strangercam.com\/randochat\/\",\"url\":\"https:\/\/strangercam.com\/randochat\/\",\"name\":\"Randochat - Chat Roulette Anonymously - Cam on StrangerCam.com\",\"isPartOf\":{\"@id\":\"https:\/\/strangercam.com\/#website\"},\"primaryImageOfPage\":{\"@id\":\"https:\/\/strangercam.com\/randochat\/#primaryimage\"},\"image\":{\"@id\":\"https:\/\/strangercam.com\/randochat\/#primaryimage\"},\"thumbnailUrl\":\"https:\/\/strangercam.com\/wp-content\/uploads\/2020\/11\/stranger-cam-1.png\",\"datePublished\":\"2022-05-30T11:39:35+00:00\",\"dateModified\":\"2023-08-21T10:38:00+00:00\",\"description\":\"Like Randochat? Come chat with more than 5.000.000 strangers on Stranger Cam for Free! Turn on your cam and find new friends & maby a match!\",\"breadcrumb\":{\"@id\":\"https:\/\/strangercam.com\/randochat\/#breadcrumb\"},\"inLanguage\":\"tr\",\"potentialAction\":[{\"@type\":\"ReadAction\",\"target\":[\"https:\/\/strangercam.com\/randochat\/\"]}]},{\"@type\":\"ImageObject\",\"inLanguage\":\"tr\",\"@id\":\"https:\/\/strangercam.com\/randochat\/#primaryimage\",\"url\":\"https:\/\/strangercam.com\/wp-content\/uploads\/2020\/11\/stranger-cam-1.png\",\"contentUrl\":\"https:\/\/strangercam.com\/wp-content\/uploads\/2020\/11\/stranger-cam-1.png\",\"width\":800,\"height\":800,\"caption\":\"stranger cam random video chat\"},{\"@type\":\"BreadcrumbList\",\"@id\":\"https:\/\/strangercam.com\/randochat\/#breadcrumb\",\"itemListElement\":[{\"@type\":\"ListItem\",\"position\":1,\"name\":\"Home\",\"item\":\"https:\/\/strangercam.com\/\"},{\"@type\":\"ListItem\",\"position\":2,\"name\":\"Randochat\"}]},{\"@type\":\"WebSite\",\"@id\":\"https:\/\/strangercam.com\/#website\",\"url\":\"https:\/\/strangercam.com\/\",\"name\":\"Strangercam\",\"description\":\"Random Video Chat with Strangers\",\"publisher\":{\"@id\":\"https:\/\/strangercam.com\/#organization\"},\"alternateName\":\"Strangercam.com\",\"potentialAction\":[{\"@type\":\"SearchAction\",\"target\":{\"@type\":\"EntryPoint\",\"urlTemplate\":\"https:\/\/strangercam.com\/?s={search_term_string}\"},\"query-input\":{\"@type\":\"PropertyValueSpecification\",\"valueRequired\":true,\"valueName\":\"search_term_string\"}}],\"inLanguage\":\"tr\"},{\"@type\":\"Organization\",\"@id\":\"https:\/\/strangercam.com\/#organization\",\"name\":\"Strangercam\",\"alternateName\":\"Strangercam.com\",\"url\":\"https:\/\/strangercam.com\/\",\"logo\":{\"@type\":\"ImageObject\",\"inLanguage\":\"tr\",\"@id\":\"https:\/\/strangercam.com\/#\/schema\/logo\/image\/\",\"url\":\"https:\/\/strangercam.com\/wp-content\/uploads\/2020\/11\/cropped-new-favicon-black.png\",\"contentUrl\":\"https:\/\/strangercam.com\/wp-content\/uploads\/2020\/11\/cropped-new-favicon-black.png\",\"width\":512,\"height\":512,\"caption\":\"Strangercam\"},\"image\":{\"@id\":\"https:\/\/strangercam.com\/#\/schema\/logo\/image\/\"},\"sameAs\":[\"https:\/\/www.facebook.com\/strangercam\",\"https:\/\/x.com\/strangercamapp\"]}]}<\/script>\n<!-- \/ Yoast SEO plugin. -->","yoast_head_json":{"title":"Randochat - Anonim Rulet Sohbeti - StrangerCam.com'da Kamera","description":"Randochat'yi be\u011fendiniz mi? Gelin Stranger Cam'de 5.000.000'dan fazla yabanc\u0131yla \u00dccretsiz sohbet edin! Kameran\u0131z\u0131 a\u00e7\u0131n ve yeni arkada\u015flar ve belki bir e\u015fle\u015fme bulun!","robots":{"index":"index","follow":"follow","max-snippet":"max-snippet:-1","max-image-preview":"max-image-preview:large","max-video-preview":"max-video-preview:-1"},"canonical":"https:\/\/strangercam.com\/tr\/randochat\/","og_locale":"tr_TR","og_type":"article","og_title":"Randochat - Chat Roulette Anonymously - Cam on StrangerCam.com","og_description":"Like Randochat? Come chat with more than 5.000.000 strangers on Stranger Cam for Free! Turn on your cam and find new friends & maby a match!","og_url":"https:\/\/strangercam.com\/tr\/randochat\/","og_site_name":"Strangercam","article_publisher":"https:\/\/www.facebook.com\/strangercam","article_modified_time":"2023-08-21T10:38:00+00:00","og_image":[{"width":800,"height":800,"url":"https:\/\/strangercam.com\/wp-content\/uploads\/2020\/11\/stranger-cam-1.png","type":"image\/png"}],"twitter_card":"summary_large_image","twitter_site":"@strangercamapp","twitter_misc":{"Tahmini okuma s\u00fcresi":"2 dakika"},"schema":{"@context":"https:\/\/schema.org","@graph":[{"@type":"WebPage","@id":"https:\/\/strangercam.com\/randochat\/","url":"https:\/\/strangercam.com\/randochat\/","name":"Randochat - Anonim Rulet Sohbeti - StrangerCam.com'da Kamera","isPartOf":{"@id":"https:\/\/strangercam.com\/#website"},"primaryImageOfPage":{"@id":"https:\/\/strangercam.com\/randochat\/#primaryimage"},"image":{"@id":"https:\/\/strangercam.com\/randochat\/#primaryimage"},"thumbnailUrl":"https:\/\/strangercam.com\/wp-content\/uploads\/2020\/11\/stranger-cam-1.png","datePublished":"2022-05-30T11:39:35+00:00","dateModified":"2023-08-21T10:38:00+00:00","description":"Randochat'yi be\u011fendiniz mi? Gelin Stranger Cam'de 5.000.000'dan fazla yabanc\u0131yla \u00dccretsiz sohbet edin! Kameran\u0131z\u0131 a\u00e7\u0131n ve yeni arkada\u015flar ve belki bir e\u015fle\u015fme bulun!","breadcrumb":{"@id":"https:\/\/strangercam.com\/randochat\/#breadcrumb"},"inLanguage":"tr","potentialAction":[{"@type":"ReadAction","target":["https:\/\/strangercam.com\/randochat\/"]}]},{"@type":"ImageObject","inLanguage":"tr","@id":"https:\/\/strangercam.com\/randochat\/#primaryimage","url":"https:\/\/strangercam.com\/wp-content\/uploads\/2020\/11\/stranger-cam-1.png","contentUrl":"https:\/\/strangercam.com\/wp-content\/uploads\/2020\/11\/stranger-cam-1.png","width":800,"height":800,"caption":"stranger cam random video chat"},{"@type":"BreadcrumbList","@id":"https:\/\/strangercam.com\/randochat\/#breadcrumb","itemListElement":[{"@type":"ListItem","position":1,"name":"Home","item":"https:\/\/strangercam.com\/"},{"@type":"ListItem","position":2,"name":"Randochat"}]},{"@type":"WebSite","@id":"https:\/\/strangercam.com\/#website","url":"https:\/\/strangercam.com\/","name":"Strangercam","description":"Yabanc\u0131larla Rastgele G\u00f6r\u00fcnt\u00fcl\u00fc Sohbet","publisher":{"@id":"https:\/\/strangercam.com\/#organization"},"alternateName":"Strangercam.com","potentialAction":[{"@type":"SearchAction","target":{"@type":"EntryPoint","urlTemplate":"https:\/\/strangercam.com\/?s={search_term_string}"},"query-input":{"@type":"PropertyValueSpecification","valueRequired":true,"valueName":"search_term_string"}}],"inLanguage":"tr"},{"@type":"Organization","@id":"https:\/\/strangercam.com\/#organization","name":"Strangercam","alternateName":"Strangercam.com","url":"https:\/\/strangercam.com\/","logo":{"@type":"ImageObject","inLanguage":"tr","@id":"https:\/\/strangercam.com\/#\/schema\/logo\/image\/","url":"https:\/\/strangercam.com\/wp-content\/uploads\/2020\/11\/cropped-new-favicon-black.png","contentUrl":"https:\/\/strangercam.com\/wp-content\/uploads\/2020\/11\/cropped-new-favicon-black.png","width":512,"height":512,"caption":"Strangercam"},"image":{"@id":"https:\/\/strangercam.com\/#\/schema\/logo\/image\/"},"sameAs":["https:\/\/www.facebook.com\/strangercam","https:\/\/x.com\/strangercamapp"]}]}},"_links":{"self":[{"href":"https:\/\/strangercam.com\/tr\/wp-json\/wp\/v2\/pages\/10021","targetHints":{"allow":["GET"]}}],"collection":[{"href":"https:\/\/strangercam.com\/tr\/wp-json\/wp\/v2\/pages"}],"about":[{"href":"https:\/\/strangercam.com\/tr\/wp-json\/wp\/v2\/types\/page"}],"author":[{"embeddable":true,"href":"https:\/\/strangercam.com\/tr\/wp-json\/wp\/v2\/users\/6"}],"replies":[{"embeddable":true,"href":"https:\/\/strangercam.com\/tr\/wp-json\/wp\/v2\/comments?post=10021"}],"version-history":[{"count":0,"href":"https:\/\/strangercam.com\/tr\/wp-json\/wp\/v2\/pages\/10021\/revisions"}],"wp:featuredmedia":[{"embeddable":true,"href":"https:\/\/strangercam.com\/tr\/wp-json\/wp\/v2\/media\/559"}],"wp:attachment":[{"href":"https:\/\/strangercam.com\/tr\/wp-json\/wp\/v2\/media?parent=10021"}],"curies":[{"name":"wp","href":"https:\/\/api.w.org\/{rel}","templated":true}]}}