{"id":9827,"date":"2022-03-01T17:29:57","date_gmt":"2022-03-01T15:29:57","guid":{"rendered":"https:\/\/strangercam.com\/?page_id=9827"},"modified":"2025-06-16T14:18:35","modified_gmt":"2025-06-16T12:18:35","slug":"2257-uttalande-om-overensstammelse","status":"publish","type":"page","link":"https:\/\/strangercam.com\/sv\/2257-compliance-statement\/","title":{"rendered":"2257 F\u00f6rs\u00e4kran om efterlevnad"},"content":{"rendered":"<p data-start=\"274\" data-end=\"560\">I enlighet med amerikansk lag 18 U.S.C. Section 2257 (Child Protection and Obscenity Enforcement Act of 1988) och andra internationella lagar, ska alla modeller som f\u00f6rekommer p\u00e5 tj\u00e4nster eller plattformar som l\u00e4nkas eller h\u00e4nvisas till av <a href=\"https:\/\/strangercam.com\/sv\/\">Strangercam<\/a>.com har, s\u00e5vitt vi k\u00e4nner till, fyllt 18 \u00e5r.<\/p>\n<h2 data-start=\"562\" data-end=\"1047\">Ansvarsfriskrivning f\u00f6r affiliate<\/h2>\n<p data-start=\"562\" data-end=\"1047\">Strangercam.com \u00e4ger eller driver inte n\u00e5gon webbkamera eller <a href=\"https:\/\/strangercam.com\/sv\/rabbit-video-chat\/\">video<\/a> <a href=\"https:\/\/strangercam.com\/sv\/chatroulette\/\">chatt<\/a> verktyg, plattformar eller tj\u00e4nster som presenteras eller l\u00e4nkas p\u00e5 v\u00e5r webbplats. Vi \u00e4r en affiliate- och granskningswebbplats <a href=\"https:\/\/strangercam.com\/sv\/only2chat\/\">endast<\/a>; D\u00e4rf\u00f6r anst\u00e4ller, kontrakterar, hanterar eller organiserar vi inga projekt eller evenemang som involverar modeller. Efterlevnad av 18 U.S.C. avsnitt 2257, inklusive alla krav p\u00e5 lagring av dokument och \u00e5ldersverifiering, \u00e4r det enda ansvaret f\u00f6r v\u00e5ra affiliatepartners och de plattformar de driver.<\/p>\n<h2 data-start=\"1049\" data-end=\"1350\">Inneh\u00e5ll fr\u00e5n tredje part<\/h2>\n<p data-start=\"1049\" data-end=\"1350\">Strangercam.com producerar, hostar eller hanterar INTE n\u00e5got av det material som publiceras p\u00e5 tredje parts webbplatser som vi l\u00e4nkar till. Allt anv\u00e4ndargenererat inneh\u00e5ll eller modellinneh\u00e5ll som finns tillg\u00e4ngligt p\u00e5 dessa plattformar kontrolleras och regleras av respektive webbplatsoperat\u00f6rer, inte av Strangercam.com.<\/p>\n<p data-start=\"1352\" data-end=\"1674\">V\u00e5r roll \u00e4r enbart att granska, rekommendera och tillhandah\u00e5lla affiliatel\u00e4nkar till externa plattformar och tj\u00e4nster. Varje person som registrerar sig eller anv\u00e4nder tj\u00e4nster via l\u00e4nkar p\u00e5 Strangercam.com g\u00f6r det direkt och oberoende p\u00e5 tredjepartsplattformar, utan n\u00e5got deltagande eller engagemang fr\u00e5n Strangercam.com eller dess representanter.<\/p>\n<h2 data-start=\"1676\" data-end=\"1946\">\u00d6vervakning och inneh\u00e5llsstandarder<\/h2>\n<p data-start=\"1676\" data-end=\"1946\">Strangercam.com varken godk\u00e4nner eller st\u00f6djer skapandet eller publiceringen av obscent material. Vi f\u00f6rbeh\u00e5ller oss r\u00e4tten att ta bort l\u00e4nkar eller referenser till externt inneh\u00e5ll som enligt v\u00e5r mening \u00e4r uppenbart obscent, oanst\u00e4ndigt eller \u00e4rekr\u00e4nkande.<\/p>\n<h2 data-start=\"1948\" data-end=\"2136\">Inneh\u00e5ll av Strangercam.com<\/h2>\n<p data-start=\"1948\" data-end=\"2136\">Allt inneh\u00e5ll som produceras av Strangercam.com eller dess representanter \u00e4r inte erotiskt eller pornografiskt och omfattas d\u00e4rf\u00f6r inte av amerikansk lag 18 U.S.C. Section 2257.<\/p>\n<h2 data-start=\"2138\" data-end=\"2503\">Dokumentlagring och efterlevnad<\/h2>\n<p data-start=\"2138\" data-end=\"2503\">Alla \u00e5ldersverifieringsregister och dokument som kr\u00e4vs enligt amerikansk lag 18 U.S.C. avsnitt 2257 uppr\u00e4tth\u00e5lls av v\u00e5ra affiliate-partner och operat\u00f6rerna av de tredjepartsplattformar som vi l\u00e4nkar till. Strangercam.com lagrar eller underh\u00e5ller inte n\u00e5gra 2257-dokument, eftersom vi inte driver eller producerar n\u00e5got inneh\u00e5ll som kr\u00e4ver s\u00e5dan efterlevnad.<\/p>\n<p data-start=\"2505\" data-end=\"2624\">Om du har fr\u00e5gor eller funderingar kring efterlevnad, v\u00e4nligen kontakta operat\u00f6rerna av tredjepartsplattformarna direkt.<\/p>","protected":false},"excerpt":{"rendered":"<p>In accordance with US law 18 U.S.C. Section 2257 (Child Protection and Obscenity Enforcement Act of 1988) and other international acts, all models appearing on services or platforms linked or referenced by Strangercam.com have, to the best of our knowledge, reached the age of 18 years. Affiliate Disclaimer Strangercam.com does not own or operate any [&hellip;]<\/p>\n","protected":false},"author":1,"featured_media":0,"parent":0,"menu_order":0,"comment_status":"closed","ping_status":"closed","template":"","meta":{"footnotes":""},"class_list":["post-9827","page","type-page","status-publish","hentry"],"yoast_head":"<!-- This site is optimized with the Yoast SEO plugin v27.4 - https:\/\/yoast.com\/product\/yoast-seo-wordpress\/ -->\n<title>2257 Compliance Statement - Strangercam<\/title>\n<meta name=\"robots\" content=\"index, follow, max-snippet:-1, max-image-preview:large, max-video-preview:-1\" \/>\n<link rel=\"canonical\" href=\"https:\/\/strangercam.com\/sv\/2257-uttalande-om-overensstammelse\/\" \/>\n<meta property=\"og:locale\" content=\"sv_SE\" \/>\n<meta property=\"og:type\" content=\"article\" \/>\n<meta property=\"og:title\" content=\"2257 Compliance Statement - Strangercam\" \/>\n<meta property=\"og:description\" content=\"In accordance with US law 18 U.S.C. Section 2257 (Child Protection and Obscenity Enforcement Act of 1988) and other international acts, all models appearing on services or platforms linked or referenced by Strangercam.com have, to the best of our knowledge, reached the age of 18 years. Affiliate Disclaimer Strangercam.com does not own or operate any [&hellip;]\" \/>\n<meta property=\"og:url\" content=\"https:\/\/strangercam.com\/sv\/2257-uttalande-om-overensstammelse\/\" \/>\n<meta property=\"og:site_name\" content=\"Strangercam\" \/>\n<meta property=\"article:publisher\" content=\"https:\/\/www.facebook.com\/strangercam\" \/>\n<meta property=\"article:modified_time\" content=\"2025-06-16T12:18:35+00:00\" \/>\n<meta property=\"og:image\" content=\"https:\/\/strangercam.com\/wp-content\/uploads\/2021\/10\/Untitled-2.png\" \/>\n\t<meta property=\"og:image:width\" content=\"800\" \/>\n\t<meta property=\"og:image:height\" content=\"532\" \/>\n\t<meta property=\"og:image:type\" content=\"image\/png\" \/>\n<meta name=\"twitter:card\" content=\"summary_large_image\" \/>\n<meta name=\"twitter:site\" content=\"@strangercamapp\" \/>\n<meta name=\"twitter:label1\" content=\"Ber\u00e4knad l\u00e4stid\" \/>\n\t<meta name=\"twitter:data1\" content=\"2 minuter\" \/>\n<script type=\"application\/ld+json\" class=\"yoast-schema-graph\">{\"@context\":\"https:\\\/\\\/schema.org\",\"@graph\":[{\"@type\":\"WebPage\",\"@id\":\"https:\\\/\\\/strangercam.com\\\/2257-compliance-statement\\\/\",\"url\":\"https:\\\/\\\/strangercam.com\\\/2257-compliance-statement\\\/\",\"name\":\"2257 Compliance Statement - Strangercam\",\"isPartOf\":{\"@id\":\"https:\\\/\\\/strangercam.com\\\/#website\"},\"datePublished\":\"2022-03-01T15:29:57+00:00\",\"dateModified\":\"2025-06-16T12:18:35+00:00\",\"breadcrumb\":{\"@id\":\"https:\\\/\\\/strangercam.com\\\/2257-compliance-statement\\\/#breadcrumb\"},\"inLanguage\":\"sv-SE\",\"potentialAction\":[{\"@type\":\"ReadAction\",\"target\":[\"https:\\\/\\\/strangercam.com\\\/2257-compliance-statement\\\/\"]}]},{\"@type\":\"BreadcrumbList\",\"@id\":\"https:\\\/\\\/strangercam.com\\\/2257-compliance-statement\\\/#breadcrumb\",\"itemListElement\":[{\"@type\":\"ListItem\",\"position\":1,\"name\":\"Home\",\"item\":\"https:\\\/\\\/strangercam.com\\\/\"},{\"@type\":\"ListItem\",\"position\":2,\"name\":\"2257 Compliance Statement\"}]},{\"@type\":\"WebSite\",\"@id\":\"https:\\\/\\\/strangercam.com\\\/#website\",\"url\":\"https:\\\/\\\/strangercam.com\\\/\",\"name\":\"Strangercam\",\"description\":\"Random Video Chat with Strangers\",\"publisher\":{\"@id\":\"https:\\\/\\\/strangercam.com\\\/#organization\"},\"alternateName\":\"Strangercam.com\",\"potentialAction\":[{\"@type\":\"SearchAction\",\"target\":{\"@type\":\"EntryPoint\",\"urlTemplate\":\"https:\\\/\\\/strangercam.com\\\/?s={search_term_string}\"},\"query-input\":{\"@type\":\"PropertyValueSpecification\",\"valueRequired\":true,\"valueName\":\"search_term_string\"}}],\"inLanguage\":\"sv-SE\"},{\"@type\":\"Organization\",\"@id\":\"https:\\\/\\\/strangercam.com\\\/#organization\",\"name\":\"Strangercam\",\"alternateName\":\"Strangercam.com\",\"url\":\"https:\\\/\\\/strangercam.com\\\/\",\"logo\":{\"@type\":\"ImageObject\",\"inLanguage\":\"sv-SE\",\"@id\":\"https:\\\/\\\/strangercam.com\\\/#\\\/schema\\\/logo\\\/image\\\/\",\"url\":\"https:\\\/\\\/strangercam.com\\\/wp-content\\\/uploads\\\/2020\\\/11\\\/cropped-new-favicon-black.png\",\"contentUrl\":\"https:\\\/\\\/strangercam.com\\\/wp-content\\\/uploads\\\/2020\\\/11\\\/cropped-new-favicon-black.png\",\"width\":512,\"height\":512,\"caption\":\"Strangercam\"},\"image\":{\"@id\":\"https:\\\/\\\/strangercam.com\\\/#\\\/schema\\\/logo\\\/image\\\/\"},\"sameAs\":[\"https:\\\/\\\/www.facebook.com\\\/strangercam\",\"https:\\\/\\\/x.com\\\/strangercamapp\"]}]}<\/script>\n<!-- \/ Yoast SEO plugin. -->","yoast_head_json":{"title":"2257 F\u00f6rs\u00e4kran om \u00f6verensst\u00e4mmelse - Strangercam","robots":{"index":"index","follow":"follow","max-snippet":"max-snippet:-1","max-image-preview":"max-image-preview:large","max-video-preview":"max-video-preview:-1"},"canonical":"https:\/\/strangercam.com\/sv\/2257-uttalande-om-overensstammelse\/","og_locale":"sv_SE","og_type":"article","og_title":"2257 Compliance Statement - Strangercam","og_description":"In accordance with US law 18 U.S.C. Section 2257 (Child Protection and Obscenity Enforcement Act of 1988) and other international acts, all models appearing on services or platforms linked or referenced by Strangercam.com have, to the best of our knowledge, reached the age of 18 years. Affiliate Disclaimer Strangercam.com does not own or operate any [&hellip;]","og_url":"https:\/\/strangercam.com\/sv\/2257-uttalande-om-overensstammelse\/","og_site_name":"Strangercam","article_publisher":"https:\/\/www.facebook.com\/strangercam","article_modified_time":"2025-06-16T12:18:35+00:00","og_image":[{"width":800,"height":532,"url":"https:\/\/strangercam.com\/wp-content\/uploads\/2021\/10\/Untitled-2.png","type":"image\/png"}],"twitter_card":"summary_large_image","twitter_site":"@strangercamapp","twitter_misc":{"Ber\u00e4knad l\u00e4stid":"2 minuter"},"schema":{"@context":"https:\/\/schema.org","@graph":[{"@type":"WebPage","@id":"https:\/\/strangercam.com\/2257-compliance-statement\/","url":"https:\/\/strangercam.com\/2257-compliance-statement\/","name":"2257 F\u00f6rs\u00e4kran om \u00f6verensst\u00e4mmelse - Strangercam","isPartOf":{"@id":"https:\/\/strangercam.com\/#website"},"datePublished":"2022-03-01T15:29:57+00:00","dateModified":"2025-06-16T12:18:35+00:00","breadcrumb":{"@id":"https:\/\/strangercam.com\/2257-compliance-statement\/#breadcrumb"},"inLanguage":"sv-SE","potentialAction":[{"@type":"ReadAction","target":["https:\/\/strangercam.com\/2257-compliance-statement\/"]}]},{"@type":"BreadcrumbList","@id":"https:\/\/strangercam.com\/2257-compliance-statement\/#breadcrumb","itemListElement":[{"@type":"ListItem","position":1,"name":"Home","item":"https:\/\/strangercam.com\/"},{"@type":"ListItem","position":2,"name":"2257 Compliance Statement"}]},{"@type":"WebSite","@id":"https:\/\/strangercam.com\/#website","url":"https:\/\/strangercam.com\/","name":"Strangercam","description":"Slumpm\u00e4ssig videochatt med fr\u00e4mlingar","publisher":{"@id":"https:\/\/strangercam.com\/#organization"},"alternateName":"Strangercam.com","potentialAction":[{"@type":"SearchAction","target":{"@type":"EntryPoint","urlTemplate":"https:\/\/strangercam.com\/?s={search_term_string}"},"query-input":{"@type":"PropertyValueSpecification","valueRequired":true,"valueName":"search_term_string"}}],"inLanguage":"sv-SE"},{"@type":"Organization","@id":"https:\/\/strangercam.com\/#organization","name":"Strangercam","alternateName":"Strangercam.com","url":"https:\/\/strangercam.com\/","logo":{"@type":"ImageObject","inLanguage":"sv-SE","@id":"https:\/\/strangercam.com\/#\/schema\/logo\/image\/","url":"https:\/\/strangercam.com\/wp-content\/uploads\/2020\/11\/cropped-new-favicon-black.png","contentUrl":"https:\/\/strangercam.com\/wp-content\/uploads\/2020\/11\/cropped-new-favicon-black.png","width":512,"height":512,"caption":"Strangercam"},"image":{"@id":"https:\/\/strangercam.com\/#\/schema\/logo\/image\/"},"sameAs":["https:\/\/www.facebook.com\/strangercam","https:\/\/x.com\/strangercamapp"]}]}},"_links":{"self":[{"href":"https:\/\/strangercam.com\/sv\/wp-json\/wp\/v2\/pages\/9827","targetHints":{"allow":["GET"]}}],"collection":[{"href":"https:\/\/strangercam.com\/sv\/wp-json\/wp\/v2\/pages"}],"about":[{"href":"https:\/\/strangercam.com\/sv\/wp-json\/wp\/v2\/types\/page"}],"author":[{"embeddable":true,"href":"https:\/\/strangercam.com\/sv\/wp-json\/wp\/v2\/users\/1"}],"replies":[{"embeddable":true,"href":"https:\/\/strangercam.com\/sv\/wp-json\/wp\/v2\/comments?post=9827"}],"version-history":[{"count":1,"href":"https:\/\/strangercam.com\/sv\/wp-json\/wp\/v2\/pages\/9827\/revisions"}],"predecessor-version":[{"id":12877,"href":"https:\/\/strangercam.com\/sv\/wp-json\/wp\/v2\/pages\/9827\/revisions\/12877"}],"wp:attachment":[{"href":"https:\/\/strangercam.com\/sv\/wp-json\/wp\/v2\/media?parent=9827"}],"curies":[{"name":"wp","href":"https:\/\/api.w.org\/{rel}","templated":true}]}}