{"id":9038,"date":"2025-09-29T10:37:31","date_gmt":"2025-09-29T08:37:31","guid":{"rendered":"https:\/\/strangercam.com\/?page_id=9038"},"modified":"2025-09-29T12:03:57","modified_gmt":"2025-09-29T10:03:57","slug":"gratis-chatt-online","status":"publish","type":"page","link":"https:\/\/strangercam.com\/sv\/free-online-chat\/","title":{"rendered":"Gratis chatt online"},"content":{"rendered":"<p>S\u00f6ker du efter Gratis Online <a href=\"https:\/\/strangercam.com\/sv\/chathub\/\">Chatt<\/a>? Du \u00e4r inte ensam om det. Miljontals m\u00e4nniskor varje m\u00e5nad skriver in exakt dessa ord i Google och letar efter ett snabbt, s\u00e4kert och gratis s\u00e4tt att <a href=\"https:\/\/strangercam.com\/sv\/coomeet\/\">tr\u00e4ffas<\/a> nya m\u00e4nniskor online. Till skillnad fr\u00e5n sociala n\u00e4tverk eller dejtingappar som kr\u00e4ver l\u00e5nga registreringar, l\u00e5ter gratis onlinechattplattformar dig f\u00e5 kontakt direkt - utan kr\u00e5ngel.<\/p>\n<p>\u00c5r 2025 g\u00f6r plattformar som StrangerCam det enklare \u00e4n n\u00e5gonsin att b\u00f6rja chatta gratis, utan nedladdningar eller dolda kostnader. Oavsett om du vill ha avslappnade konversationer, globala v\u00e4nskaper eller l\u00e4ttsam flirt, \u00e4r gratis onlinechatt fortfarande ett av de mest sp\u00e4nnande s\u00e4tten att f\u00e5 kontakt online.<\/p>\n<p>Den h\u00e4r guiden kommer att t\u00e4cka allt du beh\u00f6ver veta: vad gratis onlinechatt \u00e4r, varf\u00f6r det \u00e4r s\u00e5 popul\u00e4rt, hur det fungerar, dess historia, vilka funktioner som \u00e4r viktigast, de b\u00e4sta plattformarna, s\u00e4kerhetstips och varf\u00f6r StrangerCam \u00e4r ett av de b\u00e4sta alternativen idag.<\/p>\n<h2>Vad \u00e4r gratis onlinechatt?<\/h2>\n<p>Gratis onlinechatt \u00e4r en digital plattform d\u00e4r du kan prata med m\u00e4nniskor direkt via text eller video utan att betala avgifter eller skapa l\u00e5nga profiler. Id\u00e9n \u00e4r enkel: du klickar p\u00e5 en knapp och f\u00e5r kontakt med n\u00e5gon ny - n\u00e4r som helst, var som helst.<\/p>\n<p>Till skillnad fr\u00e5n traditionella sociala medier eller dejtingappar handlar gratis chattplattformar om spontanitet. De kr\u00e4ver inte swiping, algoritmer eller kuraterade profiler. Ist\u00e4llet erbjuder de interaktion i realtid med fr\u00e4mlingar fr\u00e5n hela v\u00e4rlden.<\/p>\n<h2>Varf\u00f6r m\u00e4nniskor \u00e4lskar gratis onlinechatt<\/h2>\n<p>Uttrycket \"gratis onlinechatt\" har f\u00f6rblivit popul\u00e4rt i \u00e5rtionden eftersom:<\/p>\n<ul>\n<li>Omedelbar anslutning: Du beh\u00f6ver inte v\u00e4nta p\u00e5 matchningar eller svar.<\/li>\n<li>Globala v\u00e4nskapsband: Tr\u00e4ffa m\u00e4nniskor fr\u00e5n \u00f6ver 100 l\u00e4nder.<\/li>\n<li>Olika typer av konversationer: Fr\u00e5n avslappnat sk\u00e4mtande till djupare samtal.<\/li>\n<li>Prisv\u00e4rdhet: Verkligen fri tillg\u00e5ng, inga dolda betalv\u00e4ggar.<\/li>\n<li>Spontanitet: Varje chatt \u00e4r unik och of\u00f6ruts\u00e4gbar.<\/li>\n<li>Flexibilitet: Alternativ f\u00f6r text eller live videochatt.<\/li>\n<\/ul>\n<p>Det \u00e4r den perfekta blandningen av kul, \u00e4kthet och tillg\u00e4nglighet.<\/p>\n<h2>Hur gratis onlinechatt fungerar<\/h2>\n<p>Processen \u00e4r enkel:<\/p>\n<ol>\n<li>\u00d6ppna en chattplattform som StrangerCam.<\/li>\n<li>V\u00e4lj chattl\u00e4ge (textchatt eller video).<\/li>\n<li>Till\u00e5t \u00e5tkomst till kamera\/mikrofon f\u00f6r video.<\/li>\n<li>Klicka p\u00e5 \"Starta chatt\".<\/li>\n<li>F\u00e5 direkt kontakt med n\u00e5gon \u00f6ver hela v\u00e4rlden.<\/li>\n<li>Klicka p\u00e5 \"N\u00e4sta\" n\u00e4r som helst f\u00f6r att tr\u00e4ffa n\u00e5gon ny.<\/li>\n<\/ol>\n<p>Vissa webbplatser har ocks\u00e5 funktioner som filter, gruppchattrum eller \u00f6vers\u00e4ttningsverktyg.<\/p>\n<h2>Funktioner att h\u00e5lla utkik efter<\/h2>\n<p>N\u00e4r du v\u00e4ljer en gratis chattwebbplats online, se till att den inneh\u00e5ller:<\/p>\n<ul>\n<li>Verkligen fri tillg\u00e5ng - Undvik webbplatser som d\u00f6ljer funktioner bakom betalv\u00e4ggar.<\/li>\n<li>Ingen registrering kr\u00e4vs - f\u00f6rbli anonym, anslut direkt.<\/li>\n<li>Video- och textalternativ - flexibilitet f\u00f6r olika st\u00e4mningar.<\/li>\n<li>Mobilanpassad design - smidig p\u00e5 telefoner och surfplattor.<\/li>\n<li>Stark moderering - S\u00e4krare \u00e4n gamla tiders chattrum.<\/li>\n<li>Global anv\u00e4ndarbas - fler m\u00e4nniskor betyder mer kul.<\/li>\n<\/ul>\n<h2>B\u00e4sta gratis online-chattplattformar 2025<\/h2>\n<p>H\u00e4r \u00e4r en j\u00e4mf\u00f6relse av dagens b\u00e4sta gratis chattwebbplatser:<\/p>\n<table>\n<thead>\n<tr>\n<th>Plattform<\/th>\n<th align=\"center\">Fri tillg\u00e5ng<\/th>\n<th align=\"center\">Anm\u00e4lan kr\u00e4vs<\/th>\n<th align=\"center\">Videochatt<\/th>\n<th align=\"center\">Mobilt st\u00f6d<\/th>\n<th align=\"center\">Moderering<\/th>\n<th>Anteckningar<\/th>\n<\/tr>\n<\/thead>\n<tbody>\n<tr>\n<td>StrangerCam<\/td>\n<td align=\"center\">\u2705<\/td>\n<td align=\"center\">\u274c<\/td>\n<td align=\"center\">\u2705<\/td>\n<td align=\"center\">\u2705<\/td>\n<td align=\"center\">\u2705<\/td>\n<td>B\u00e4sta valet: gratis, omedelbart, s\u00e4kert<\/td>\n<\/tr>\n<tr>\n<td><a href=\"https:\/\/strangercam.com\/sv\/chatroulette\/\">Chatroulette<\/a><\/td>\n<td align=\"center\">\u2705<\/td>\n<td align=\"center\">\u274c<\/td>\n<td align=\"center\">\u2705<\/td>\n<td align=\"center\">\u2705<\/td>\n<td align=\"center\">\u2705<\/td>\n<td>Klassiska men begr\u00e4nsade funktioner<\/td>\n<\/tr>\n<tr>\n<td>Chatrandom<\/td>\n<td align=\"center\">\u2705<\/td>\n<td align=\"center\">\u274c<\/td>\n<td align=\"center\">\u2705<\/td>\n<td align=\"center\">\u2705<\/td>\n<td align=\"center\">\u2705<\/td>\n<td>Stor anv\u00e4ndarbas, snabba uppgraderingar<\/td>\n<\/tr>\n<tr>\n<td><a href=\"https:\/\/strangercam.com\/sv\/ometv\/\">OmeTV<\/a><\/td>\n<td align=\"center\">\u2705<\/td>\n<td align=\"center\">\u274c<\/td>\n<td align=\"center\">\u2705<\/td>\n<td align=\"center\">\u2705<\/td>\n<td align=\"center\">\u2705<\/td>\n<td>F\u00f6rsta appen f\u00f6r slumpm\u00e4ssig chatt i mobilen<\/td>\n<\/tr>\n<tr>\n<td>Shagle<\/td>\n<td align=\"center\">\u2705<\/td>\n<td align=\"center\">\u274c<\/td>\n<td align=\"center\">\u2705<\/td>\n<td align=\"center\">\u2705<\/td>\n<td align=\"center\">\u2705<\/td>\n<td>Fritt intr\u00e4de, premiumfilter inl\u00e5sta<\/td>\n<\/tr>\n<tr>\n<td>WireClub<\/td>\n<td align=\"center\">\u2705<\/td>\n<td align=\"center\">\u2705<\/td>\n<td align=\"center\">\u274c<\/td>\n<td align=\"center\">\u2705<\/td>\n<td align=\"center\">\u2705<\/td>\n<td>Mer traditionella textchattrum<\/td>\n<\/tr>\n<\/tbody>\n<\/table>\n<p>StrangerCam \u00e4r en av f\u00e5 plattformar som kombinerar gratis obegr\u00e4nsad \u00e5tkomst, ingen registrering och b\u00e5de video + textchattalternativ.<\/p>\n<h2>Varf\u00f6r StrangerCam \u00e4r det b\u00e4sta alternativet f\u00f6r gratis onlinechatt<\/h2>\n<p>H\u00e4r \u00e4r varf\u00f6r StrangerCam \u00e4r det b\u00e4sta valet f\u00f6r gratis onlinechatt 2025:<\/p>\n<h3>1. Helt gratis<\/h3>\n<p>Inga dolda kostnader, pr\u00f6vningar eller kreditsystem.<\/p>\n<h3>2. Ingen registrering kr\u00e4vs<\/h3>\n<p>H\u00e5ll dig anonym och chatta direkt.<\/p>\n<h3>3. Alternativ f\u00f6r text + video<\/h3>\n<p>V\u00e4xla mellan olika l\u00e4gen beroende p\u00e5 din komfortniv\u00e5.<\/p>\n<h3>4. S\u00e4kert och modererat<\/h3>\n<p>B\u00e4ttre s\u00e4kerhetsverktyg \u00e4n gamla tiders chattrum.<\/p>\n<h3>5. Redo f\u00f6r mobil och skrivbord<\/h3>\n<p>Optimerad f\u00f6r alla enheter.<\/p>\n<h3>6. Global r\u00e4ckvidd<\/h3>\n<p>Tr\u00e4ffa m\u00e4nniskor fr\u00e5n mer \u00e4n 100 l\u00e4nder, 24\/7.<\/p>\n<h2>Verkliga vittnesm\u00e5l fr\u00e5n anv\u00e4ndare<\/h2>\n<blockquote><p>\"Jag s\u00f6kte efter Free Online Chat och hittade StrangerCam. Det gick snabbt, var roligt och jag tr\u00e4ffade m\u00e4nniskor fr\u00e5n hela v\u00e4rlden.\"<br \/>\n- Jake, 25 \u00e5r<\/p><\/blockquote>\n<blockquote><p>\"Jag gillar att jag inte beh\u00f6ver registrera mig eller ge personlig information. Det \u00e4r verkligen gratis.\"<br \/>\n- Sophia, 22 \u00e5r<\/p><\/blockquote>\n<blockquote><p>\"Det k\u00e4nns tryggt och enkelt. Skip-knappen g\u00f6r det l\u00e4tt att g\u00e5 vidare.\"<br \/>\n- Ryan, 30 \u00e5r<\/p><\/blockquote>\n<blockquote><p>\"Till skillnad fr\u00e5n gamla chattrum k\u00e4nns det h\u00e4r modernt och modererat. Gratis chatt online fungerar \u00e4ntligen.\"<br \/>\n- Emma, 20 \u00e5r<\/p><\/blockquote>\n<h2>Psykologin f\u00f6r gratis chatt online<\/h2>\n<p>Varf\u00f6r \u00e4r gratis onlinechatt fortfarande s\u00e5 popul\u00e4rt 2025? Den tillgodoser tre universella m\u00e4nskliga behov:<\/p>\n<ol>\n<li>Omedelbar tillfredsst\u00e4llelse: Vi vill ha omedelbar kontakt utan att beh\u00f6va v\u00e4nta.<\/li>\n<li>Nyhet: Varje fr\u00e4mling ger upphov till ett nytt samtal och h\u00e5ller saker och ting sp\u00e4nnande.<\/li>\n<li>Prisv\u00e4rdhet: Genom att l\u00e4gga till \"gratis\" blir det tillg\u00e4ngligt f\u00f6r alla, var som helst.<\/li>\n<\/ol>\n<p>Detta f\u00f6rklarar varf\u00f6r termen f\u00f6rblir h\u00f6gt s\u00f6kt \u00e5r efter \u00e5r.<\/p>\n<h2>S\u00e4kerhetstips f\u00f6r gratis chatt p\u00e5 n\u00e4tet<\/h2>\n<p>\u00c4ven om det \u00e4r roligt att chatta online b\u00f6r s\u00e4kerheten alltid komma i f\u00f6rsta hand:<\/p>\n<ul>\n<li>L\u00e4mna aldrig ut personlig information (telefon, adress, arbetsplats).<\/li>\n<li>Undvik att klicka p\u00e5 l\u00e4nkar fr\u00e5n ok\u00e4nda personer.<\/li>\n<li>Anv\u00e4nd Skip\/Block om du k\u00e4nner dig obekv\u00e4m med n\u00e5gon.<\/li>\n<li>Kontrollera kamerans bakgrund innan du g\u00e5r live.<\/li>\n<li>H\u00e5ll dig till smeknamn, inte riktiga namn.<\/li>\n<li>Respektera \u00e5ldersgr\u00e4nser - anv\u00e4nd inte chatt f\u00f6r vuxna om du \u00e4r under 18 \u00e5r.<\/li>\n<\/ul>\n<h2>S\u00e5 h\u00e4r kommer du ig\u00e5ng - steg f\u00f6r steg<\/h2>\n<p>Det tar bara n\u00e5gra sekunder att b\u00f6rja chatta gratis online:<\/p>\n<ol>\n<li>\u00d6ppna StrangerCam i din webbl\u00e4sare eller p\u00e5 din enhet.<\/li>\n<li>V\u00e4lj chattl\u00e4ge: text eller video.<\/li>\n<li>Till\u00e5t \u00e5tkomst till kamera\/mikrofon (f\u00f6r video).<\/li>\n<li>Klicka p\u00e5 Starta chatt.<\/li>\n<li>Tr\u00e4ffa nya m\u00e4nniskor direkt - tryck p\u00e5 Next n\u00e4r som helst f\u00f6r att byta.<\/li>\n<\/ol>\n<p>\u00c5r 2025 \u00e4r gratis onlinechatt fortfarande ett av de snabbaste, enklaste och roligaste s\u00e4tten att tr\u00e4ffa m\u00e4nniskor online. Till skillnad fr\u00e5n dejtingappar eller sociala medier \u00e4r det omedelbart, globalt och spontant.<\/p>\n<p>Plattformar som StrangerCam g\u00f6r det b\u00e4ttre \u00e4n n\u00e5gonsin: verkligen gratis, s\u00e4kert och fyllt med riktiga anv\u00e4ndare fr\u00e5n hela v\u00e4rlden. Oavsett om du letar efter v\u00e4nner, avslappnat n\u00f6je eller bara en konversation f\u00f6r att bek\u00e4mpa tristess, \u00e4r gratis onlinechatt alltid bara ett klick bort.<\/p>\n<p>Redo att f\u00e5 kontakt? Starta en gratis onlinechatt idag och uppt\u00e4ck vem du kommer att tr\u00e4ffa h\u00e4rn\u00e4st.<\/p>","protected":false},"excerpt":{"rendered":"<p>Are you searching for Free Online Chat? You\u2019re not alone. Millions of people every month type those exact words into Google, looking for a quick, safe, and free way to meet new people online. Unlike social networks or dating apps that require lengthy signups, free online chat platforms let you connect instantly\u2014without the hassle. In [&hellip;]<\/p>\n","protected":false},"author":8,"featured_media":0,"parent":0,"menu_order":0,"comment_status":"closed","ping_status":"closed","template":"","meta":{"footnotes":""},"class_list":["post-9038","page","type-page","status-publish","hentry"],"yoast_head":"<!-- This site is optimized with the Yoast SEO plugin v27.4 - https:\/\/yoast.com\/product\/yoast-seo-wordpress\/ -->\n<title>Free Online Chat with Video Chat on Strangercam.com<\/title>\n<meta name=\"description\" content=\"Liking Free Online Chat? Join millions on StrangerCam.com! Start a random video chat, turn on your cam, and meet strangers instantly.\" \/>\n<meta name=\"robots\" content=\"index, follow, max-snippet:-1, max-image-preview:large, max-video-preview:-1\" \/>\n<link rel=\"canonical\" href=\"https:\/\/strangercam.com\/sv\/gratis-chatt-online\/\" \/>\n<meta property=\"og:locale\" content=\"sv_SE\" \/>\n<meta property=\"og:type\" content=\"article\" \/>\n<meta property=\"og:title\" content=\"Free Online Chat with Video Chat on Strangercam.com\" \/>\n<meta property=\"og:description\" content=\"Liking Free Online Chat? Join millions on StrangerCam.com! Start a random video chat, turn on your cam, and meet strangers instantly.\" \/>\n<meta property=\"og:url\" content=\"https:\/\/strangercam.com\/sv\/gratis-chatt-online\/\" \/>\n<meta property=\"og:site_name\" content=\"Strangercam\" \/>\n<meta property=\"article:publisher\" content=\"https:\/\/www.facebook.com\/strangercam\" \/>\n<meta property=\"article:modified_time\" content=\"2025-09-29T10:03:57+00:00\" \/>\n<meta property=\"og:image\" content=\"https:\/\/strangercam.com\/wp-content\/uploads\/2021\/10\/Untitled-2.png\" \/>\n\t<meta property=\"og:image:width\" content=\"800\" \/>\n\t<meta property=\"og:image:height\" content=\"532\" \/>\n\t<meta property=\"og:image:type\" content=\"image\/png\" \/>\n<meta name=\"twitter:card\" content=\"summary_large_image\" \/>\n<meta name=\"twitter:site\" content=\"@strangercamapp\" \/>\n<meta name=\"twitter:label1\" content=\"Ber\u00e4knad l\u00e4stid\" \/>\n\t<meta name=\"twitter:data1\" content=\"4 minuter\" \/>\n<script type=\"application\/ld+json\" class=\"yoast-schema-graph\">{\"@context\":\"https:\\\/\\\/schema.org\",\"@graph\":[{\"@type\":\"WebPage\",\"@id\":\"https:\\\/\\\/strangercam.com\\\/free-online-chat\\\/\",\"url\":\"https:\\\/\\\/strangercam.com\\\/free-online-chat\\\/\",\"name\":\"Free Online Chat with Video Chat on Strangercam.com\",\"isPartOf\":{\"@id\":\"https:\\\/\\\/strangercam.com\\\/#website\"},\"datePublished\":\"2025-09-29T08:37:31+00:00\",\"dateModified\":\"2025-09-29T10:03:57+00:00\",\"description\":\"Liking Free Online Chat? Join millions on StrangerCam.com! Start a random video chat, turn on your cam, and meet strangers instantly.\",\"breadcrumb\":{\"@id\":\"https:\\\/\\\/strangercam.com\\\/free-online-chat\\\/#breadcrumb\"},\"inLanguage\":\"sv-SE\",\"potentialAction\":[{\"@type\":\"ReadAction\",\"target\":[\"https:\\\/\\\/strangercam.com\\\/free-online-chat\\\/\"]}]},{\"@type\":\"BreadcrumbList\",\"@id\":\"https:\\\/\\\/strangercam.com\\\/free-online-chat\\\/#breadcrumb\",\"itemListElement\":[{\"@type\":\"ListItem\",\"position\":1,\"name\":\"Home\",\"item\":\"https:\\\/\\\/strangercam.com\\\/\"},{\"@type\":\"ListItem\",\"position\":2,\"name\":\"Free Online Chat\"}]},{\"@type\":\"WebSite\",\"@id\":\"https:\\\/\\\/strangercam.com\\\/#website\",\"url\":\"https:\\\/\\\/strangercam.com\\\/\",\"name\":\"Strangercam\",\"description\":\"Random Video Chat with Strangers\",\"publisher\":{\"@id\":\"https:\\\/\\\/strangercam.com\\\/#organization\"},\"alternateName\":\"Strangercam.com\",\"potentialAction\":[{\"@type\":\"SearchAction\",\"target\":{\"@type\":\"EntryPoint\",\"urlTemplate\":\"https:\\\/\\\/strangercam.com\\\/?s={search_term_string}\"},\"query-input\":{\"@type\":\"PropertyValueSpecification\",\"valueRequired\":true,\"valueName\":\"search_term_string\"}}],\"inLanguage\":\"sv-SE\"},{\"@type\":\"Organization\",\"@id\":\"https:\\\/\\\/strangercam.com\\\/#organization\",\"name\":\"Strangercam\",\"alternateName\":\"Strangercam.com\",\"url\":\"https:\\\/\\\/strangercam.com\\\/\",\"logo\":{\"@type\":\"ImageObject\",\"inLanguage\":\"sv-SE\",\"@id\":\"https:\\\/\\\/strangercam.com\\\/#\\\/schema\\\/logo\\\/image\\\/\",\"url\":\"https:\\\/\\\/strangercam.com\\\/wp-content\\\/uploads\\\/2020\\\/11\\\/cropped-new-favicon-black.png\",\"contentUrl\":\"https:\\\/\\\/strangercam.com\\\/wp-content\\\/uploads\\\/2020\\\/11\\\/cropped-new-favicon-black.png\",\"width\":512,\"height\":512,\"caption\":\"Strangercam\"},\"image\":{\"@id\":\"https:\\\/\\\/strangercam.com\\\/#\\\/schema\\\/logo\\\/image\\\/\"},\"sameAs\":[\"https:\\\/\\\/www.facebook.com\\\/strangercam\",\"https:\\\/\\\/x.com\\\/strangercamapp\"]}]}<\/script>\n<!-- \/ Yoast SEO plugin. -->","yoast_head_json":{"title":"Gratis onlinechatt med videochatt p\u00e5 Strangercam.com","description":"Gillar du gratis onlinechatt? Join miljoner p\u00e5 StrangerCam.com! Starta en slumpm\u00e4ssig videochatt, sl\u00e5 p\u00e5 din kamera och tr\u00e4ffa fr\u00e4mlingar direkt.","robots":{"index":"index","follow":"follow","max-snippet":"max-snippet:-1","max-image-preview":"max-image-preview:large","max-video-preview":"max-video-preview:-1"},"canonical":"https:\/\/strangercam.com\/sv\/gratis-chatt-online\/","og_locale":"sv_SE","og_type":"article","og_title":"Free Online Chat with Video Chat on Strangercam.com","og_description":"Liking Free Online Chat? Join millions on StrangerCam.com! Start a random video chat, turn on your cam, and meet strangers instantly.","og_url":"https:\/\/strangercam.com\/sv\/gratis-chatt-online\/","og_site_name":"Strangercam","article_publisher":"https:\/\/www.facebook.com\/strangercam","article_modified_time":"2025-09-29T10:03:57+00:00","og_image":[{"width":800,"height":532,"url":"https:\/\/strangercam.com\/wp-content\/uploads\/2021\/10\/Untitled-2.png","type":"image\/png"}],"twitter_card":"summary_large_image","twitter_site":"@strangercamapp","twitter_misc":{"Ber\u00e4knad l\u00e4stid":"4 minuter"},"schema":{"@context":"https:\/\/schema.org","@graph":[{"@type":"WebPage","@id":"https:\/\/strangercam.com\/free-online-chat\/","url":"https:\/\/strangercam.com\/free-online-chat\/","name":"Gratis onlinechatt med videochatt p\u00e5 Strangercam.com","isPartOf":{"@id":"https:\/\/strangercam.com\/#website"},"datePublished":"2025-09-29T08:37:31+00:00","dateModified":"2025-09-29T10:03:57+00:00","description":"Gillar du gratis onlinechatt? Join miljoner p\u00e5 StrangerCam.com! Starta en slumpm\u00e4ssig videochatt, sl\u00e5 p\u00e5 din kamera och tr\u00e4ffa fr\u00e4mlingar direkt.","breadcrumb":{"@id":"https:\/\/strangercam.com\/free-online-chat\/#breadcrumb"},"inLanguage":"sv-SE","potentialAction":[{"@type":"ReadAction","target":["https:\/\/strangercam.com\/free-online-chat\/"]}]},{"@type":"BreadcrumbList","@id":"https:\/\/strangercam.com\/free-online-chat\/#breadcrumb","itemListElement":[{"@type":"ListItem","position":1,"name":"Home","item":"https:\/\/strangercam.com\/"},{"@type":"ListItem","position":2,"name":"Free Online Chat"}]},{"@type":"WebSite","@id":"https:\/\/strangercam.com\/#website","url":"https:\/\/strangercam.com\/","name":"Strangercam","description":"Slumpm\u00e4ssig videochatt med fr\u00e4mlingar","publisher":{"@id":"https:\/\/strangercam.com\/#organization"},"alternateName":"Strangercam.com","potentialAction":[{"@type":"SearchAction","target":{"@type":"EntryPoint","urlTemplate":"https:\/\/strangercam.com\/?s={search_term_string}"},"query-input":{"@type":"PropertyValueSpecification","valueRequired":true,"valueName":"search_term_string"}}],"inLanguage":"sv-SE"},{"@type":"Organization","@id":"https:\/\/strangercam.com\/#organization","name":"Strangercam","alternateName":"Strangercam.com","url":"https:\/\/strangercam.com\/","logo":{"@type":"ImageObject","inLanguage":"sv-SE","@id":"https:\/\/strangercam.com\/#\/schema\/logo\/image\/","url":"https:\/\/strangercam.com\/wp-content\/uploads\/2020\/11\/cropped-new-favicon-black.png","contentUrl":"https:\/\/strangercam.com\/wp-content\/uploads\/2020\/11\/cropped-new-favicon-black.png","width":512,"height":512,"caption":"Strangercam"},"image":{"@id":"https:\/\/strangercam.com\/#\/schema\/logo\/image\/"},"sameAs":["https:\/\/www.facebook.com\/strangercam","https:\/\/x.com\/strangercamapp"]}]}},"_links":{"self":[{"href":"https:\/\/strangercam.com\/sv\/wp-json\/wp\/v2\/pages\/9038","targetHints":{"allow":["GET"]}}],"collection":[{"href":"https:\/\/strangercam.com\/sv\/wp-json\/wp\/v2\/pages"}],"about":[{"href":"https:\/\/strangercam.com\/sv\/wp-json\/wp\/v2\/types\/page"}],"author":[{"embeddable":true,"href":"https:\/\/strangercam.com\/sv\/wp-json\/wp\/v2\/users\/8"}],"replies":[{"embeddable":true,"href":"https:\/\/strangercam.com\/sv\/wp-json\/wp\/v2\/comments?post=9038"}],"version-history":[{"count":2,"href":"https:\/\/strangercam.com\/sv\/wp-json\/wp\/v2\/pages\/9038\/revisions"}],"predecessor-version":[{"id":13049,"href":"https:\/\/strangercam.com\/sv\/wp-json\/wp\/v2\/pages\/9038\/revisions\/13049"}],"wp:attachment":[{"href":"https:\/\/strangercam.com\/sv\/wp-json\/wp\/v2\/media?parent=9038"}],"curies":[{"name":"wp","href":"https:\/\/api.w.org\/{rel}","templated":true}]}}