{"id":881,"date":"2020-12-02T19:15:37","date_gmt":"2020-12-02T17:15:37","guid":{"rendered":"https:\/\/strangercam.com\/?page_id=881"},"modified":"2023-08-21T12:34:45","modified_gmt":"2023-08-21T10:34:45","slug":"ometv","status":"publish","type":"page","link":"https:\/\/strangercam.com\/sv\/ometv\/","title":{"rendered":"OmeTV"},"content":{"rendered":"<p>OmeTV \u00e4r en <a href=\"https:\/\/strangercam.com\/sv\/rabbit-video-chat\/\">video<\/a> <a href=\"https:\/\/strangercam.com\/sv\/chatroulette\/\">chatt<\/a> webbplats och app som du kan prata med fr\u00e4mlingar med. Denna webbplats l\u00e5ter dig prata med n\u00e5gon slumpm\u00e4ssig fr\u00e4mling med bara ett klick p\u00e5 en knapp. Webbplatsen s\u00e4ger att det \u00e4r det b\u00e4sta alternativet till <a href=\"https:\/\/strangercam.com\/sv\/omegle\/\">Omegle<\/a> Tv. Appen f\u00f6r OmeTv finns tillg\u00e4nglig f\u00f6r Android och iOS.<\/p>\n<p>Dag eller natt, det spelar ingen roll s\u00e5 l\u00e4nge du vill chatta; OmeTv finns d\u00e4r f\u00f6r att ge dig m\u00e5nga m\u00f6jligheter. Cirka 10 miljoner m\u00e4nniskor \u00e4r registrerade p\u00e5 OmeTv. Du kan chatta fritt med dessa m\u00e4nniskor. Plattformen l\u00e5ter dig ocks\u00e5 v\u00e4lja och v\u00e4lja bland miljontals m\u00e4nniskor.<\/p>\n<p>Deras enda syfte \u00e4r att f\u00e5 m\u00e4nniskor att <a href=\"https:\/\/strangercam.com\/sv\/coomeet\/\">tr\u00e4ffas<\/a> fler och fler m\u00e4nniskor; de kan ta kaffe praktiskt taget fr\u00e5n bekv\u00e4mligheten i sitt hem eller dela sina k\u00e4nslor med dem. Med hj\u00e4lp av den h\u00e4r appen kommer du aldrig att k\u00e4nna dig ensam. Det ger dig en chans att f\u00e5 nya v\u00e4nner.<\/p>\n<h3>\u00c5ldersgr\u00e4ns f\u00f6r OmeTV - F\u00f6ljs eller ignoreras?<\/h3>\n<p>En av de mest st\u00f6rande sakerna med appen \u00e4r att \u00e4ven om den informerar om att anv\u00e4ndaren m\u00e5ste vara 18+, men det g\u00f6rs ingen verifiering f\u00f6r att validera detta. Det konstateras att appen anv\u00e4ndes av m\u00e5nga ton\u00e5ringar under 18 \u00e5r.<\/p>\n<p>Du beh\u00f6ver inget konto p\u00e5 OmeTv; logga bara in via Facebook, s\u00e5 \u00e4r du redo att chatta med en slumpm\u00e4ssig fr\u00e4mling.<\/p>\n<h3>Vad kan f\u00e5 dig bannlyst?<\/h3>\n<p>Appen kommer med flera begr\u00e4nsningar. F\u00f6r att utf\u00f6ra de \u00e5tg\u00e4rder som n\u00e4mns nedan kan du bli f\u00f6rbjuden.<\/p>\n<ul>\n<li style=\"font-weight: 400;\" aria-level=\"1\">Beg\u00e4ran om virtuell <a href=\"https:\/\/strangercam.com\/sv\/shagle\/\">sex<\/a> eller nakenhet.<\/li>\n<li style=\"font-weight: 400;\" aria-level=\"1\">Visning av ol\u00e4mpliga bilder och videor.<\/li>\n<li style=\"font-weight: 400;\" aria-level=\"1\">Respektl\u00f6sa aktiviteter som vulgaritet, sk\u00e4llsord mot religion eller ras, depressiva kommentarer etc.<\/li>\n<li style=\"font-weight: 400;\" aria-level=\"1\">Spamming \u00e4r inte till\u00e5tet. Appen f\u00f6rbjuder dig att dela l\u00e4nkar till andra webbplatser.<\/li>\n<\/ul>\n<h3>Villkor och anvisningar<\/h3>\n<p>OmeTv har tydligt n\u00e4mnt att de kan anv\u00e4nda din video var som helst. Enligt deras villkor kan du beh\u00e5lla upphovsr\u00e4tten men har inget att s\u00e4ga om vad och var inneh\u00e5llet i dina videor kommer att str\u00f6mmas.<\/p>\n<p>OmeTv \u00e4r inte redo att acceptera n\u00e5gra skulder p\u00e5 sig sj\u00e4lv. De s\u00e4ger att anv\u00e4ndarna \u00e4r ensamt ansvariga f\u00f6r allt som kan g\u00e5 fel.<\/p>\n<h3>Integritetspolicy<\/h3>\n<p>F\u00f6retaget har \u00e5tagit sig att skydda dina personuppgifter och v\u00e4rna om r\u00e4tten till personlig integritet. Sekretess \u00e4r en grundl\u00e4ggande r\u00e4ttighet f\u00f6r varje m\u00e4nniska. Brott mot denna r\u00e4ttighet leder till m\u00e5nga komplikationer. F\u00f6r att undvika s\u00e5dana sv\u00e5righeter utvecklade OmeTv fr\u00e5n f\u00f6rsta dagen denna strikta strategi.<\/p>\n<p>Webbplatsen tar ansvar f\u00f6r behandlingen av dina uppgifter s\u00e5 l\u00e4nge de agerar som personuppgiftsansvarig. De kan beh\u00f6va grundl\u00e4ggande information som din profilbild, namn, telefonnummer, adress och tidszon n\u00e4r du skapar en profil fr\u00e5n ett konto p\u00e5 sociala medier.<\/p>\n<p>Webbplatsen har inte f\u00f6r avsikt att f\u00e5 n\u00e5gon annan information eller tillg\u00e5ng till dina uppgifter \u00e4n denna. \u00c4ven detta g\u00f6rs f\u00f6r att g\u00f6ra din upplevelse p\u00e5 webbplatsen smidigare.<\/p>\n<p>Din personliga information kan delas med f\u00f6ljande;<\/p>\n<ul>\n<li style=\"font-weight: 400;\" aria-level=\"1\">Eftersom det \u00e4r en dejtingapp kan din personliga information, t.ex. ditt namn, din \u00e5lder, ditt k\u00f6n, din plats och dina offentliga bilder, vara synlig f\u00f6r andra anv\u00e4ndare.<\/li>\n<li style=\"font-weight: 400;\" aria-level=\"1\">Webbplatsen kan komma att l\u00e4mna ut dina personuppgifter och uppgifter till f\u00f6rs\u00e4kringsgivare. Dessa uppgifter kan ocks\u00e5 komma att delas med banker och professionella r\u00e5dgivare f\u00f6r t\u00e4ckning av f\u00f6rs\u00e4kringsbelopp och hantering av kostnader.<\/li>\n<li style=\"font-weight: 400;\" aria-level=\"1\">Dina transaktionsuppgifter kommer att delas med webbplatsens betalningsleverant\u00f6rer, till exempel Google, PayPal, Interkassa, SecurionPay, Apple och SMSBILL.<\/li>\n<\/ul>\n<h3>Andra problem<\/h3>\n<p>Det finns vissa funktioner i appen som \u00e4r problematiska. Den har ett spionl\u00e4ge, med vilket en tredje person kan lyssna p\u00e5 en privat chatt. Spycam \u00e4r en betydande risk f\u00f6r alla individers integritet. Eftersom det \u00e4r anonymt kan det ta fram det v\u00e4rsta hos m\u00e4nniskor. Det kan till och med anv\u00e4ndas f\u00f6r utpressning.<\/p>\n<p>Dessutom \u00e4r det bara n\u00e5gra dussin moderatorer som kontrollerar inneh\u00e5llet. De r\u00e4cker inte f\u00f6r att uppt\u00e4cka om massiv trafik p\u00e5 10 miljoner \u00e4r s\u00e4ker. Det s\u00e4gs ofta att den mer omfattande trafiken \u00e4r b\u00e4ttre f\u00f6r dejtingsajter. Men det \u00e4r ocks\u00e5 utmanande att hantera den trafiken. M\u00e5nga hackare och brottslingar kan ocks\u00e5 g\u00e5 med i plattformen p\u00e5 grund av den lilla kontrollen och balansen.<\/p>\n<p>18+-begr\u00e4nsningarna verkar saknas p\u00e5 webbplatsen. M\u00e5nga ton\u00e5ringar under arton \u00e5r har g\u00e5tt med p\u00e5 webbplatsen. De \u00e4r alla utsatta f\u00f6r den yttre v\u00e4rlden. Det kan vara farligt f\u00f6r dem eftersom det \u00e4r l\u00e4tt att manipulera barn i denna \u00e5lder.<\/p>\n<h3>Recensioner av Trustpilot<\/h3>\n<p>M\u00e5nga m\u00e4nniskor p\u00e5 Trustpilot har klagat p\u00e5 att de blev avst\u00e4ngda p\u00e5 grund av andras handlingar. F\u00f6r att upph\u00e4va dig ber de ocks\u00e5 om donationer. Detta visar f\u00f6retagets skuggiga natur.<\/p>\n<p>Men det finns alltid en annan sida av historien. Du kan anv\u00e4nda webbplatsen f\u00f6r att hitta den sidan sj\u00e4lv!<\/p>\n<h3>Klagom\u00e5lsf\u00f6rfarande<\/h3>\n<p>Du \u00e4r inte ensam!<\/p>\n<p>OmeTv \u00e4r en s\u00e4ker plats f\u00f6r alla. Om n\u00e5got eller n\u00e5gon st\u00f6r dig kan du klaga p\u00e5 dem till tj\u00e4nstem\u00e4n. Denna funktion introduceras f\u00f6r att f\u00e5 m\u00e4nniskor att k\u00e4nna sig trygga n\u00e4r de anv\u00e4nder OmeTv.<\/p>\n<p>Du kan l\u00e4mna in ett klagom\u00e5l mot alla anv\u00e4ndare som du anser bryter mot plattformens roller. F\u00f6r att g\u00f6ra ditt klagom\u00e5l mer effektivt kan du bifoga sk\u00e4rmdumpar av chatten och annan relaterad information f\u00f6r att g\u00f6ra det l\u00e4ttare f\u00f6r myndigheterna att hitta, identifiera och l\u00f6sa problemet.<\/p>\n<p>Om det kommer in f\u00f6r m\u00e5nga klagom\u00e5l mot en anv\u00e4ndare kommer webbplatsen automatiskt att f\u00f6rbjuda denne att anv\u00e4nda dess tj\u00e4nster. Det g\u00f6rs f\u00f6r att s\u00e4kerst\u00e4lla andra anv\u00e4ndares s\u00e4kerhet. Men innan man vidtar n\u00e5gra allvarliga \u00e5tg\u00e4rder analyseras allt noggrant.<\/p>\n<h3>Anv\u00e4nda det eller inte?<\/h3>\n<p>Vi anser att anv\u00e4ndarnas integritet b\u00f6r prioriteras. Om inte, s\u00e5 b\u00f6r den \u00e5tminstone respekteras!<\/p>\n<p>Men det verkar som om OmeTv inte \u00e4r villig att g\u00f6ra det. Det n\u00e4mns i deras sekretesspolicy att de kan dela dina uppgifter med tredje part. Att kompromissa med dina uppgifter \u00e4r inte ett alternativ. Det \u00e4r d\u00e4rf\u00f6r det \u00e4r b\u00e4ttre att undvika det.<\/p>\n<p>Ist\u00e4llet kan du anv\u00e4nda <a href=\"https:\/\/strangercam.com\/sv\/\">Strangercam<\/a>. Det \u00e4r ett b\u00e4ttre och mer p\u00e5litligt online videochattrum. Du kan tr\u00e4ffa nya m\u00e4nniskor och chatta med dem. Och du beh\u00f6ver inte oroa dig f\u00f6r dina data och integritet eftersom stangercam ger maximal s\u00e4kerhet och skyddar dina data.<\/p>\n<h3>Slutsats<\/h3>\n<p>Det finns m\u00e5nga fr\u00e5gor som r\u00f6r denna webbplats. Det har sagts att <a href=\"https:\/\/play.google.com\/\">Google Play<\/a>\u00a0och App Store b\u00f6r granska s\u00e5dana appar. De b\u00f6r inte till\u00e5ta att appar som inte validerar \u00e5ldern p\u00e5 r\u00e4tt s\u00e4tt och som saknar f\u00f6r\u00e4ldrakontroll l\u00e4ggs till p\u00e5 deras plattformar.<\/p>\n<p>Att f\u00f6rb\u00e4ttra deras integritetspolicy kan \u00f6ka deras trov\u00e4rdighet. Men f\u00f6r n\u00e4rvarande finns det andra s\u00e4krare alternativ att v\u00e4lja mellan p\u00e5 marknaden.<\/p>","protected":false},"excerpt":{"rendered":"<p>OmeTV is a video chat website and app using which you can talk to strangers. This website allows you to talk to any random stranger with just a click of a button. The website says that it is the best alternative to Omegle Tv. The app for OmeTv is available for android and iOS. Day [&hellip;]<\/p>\n","protected":false},"author":6,"featured_media":559,"parent":0,"menu_order":0,"comment_status":"closed","ping_status":"closed","template":"","meta":{"footnotes":""},"class_list":["post-881","page","type-page","status-publish","has-post-thumbnail","hentry"],"yoast_head":"<!-- This site is optimized with the Yoast SEO plugin v27.4 - https:\/\/yoast.com\/product\/yoast-seo-wordpress\/ -->\n<title>OmeTV - Omegle Random Chat Alternative on StrangerCam.com<\/title>\n<meta name=\"description\" content=\"Like OmeTV? Come chat with more than 5.000.000 strangers on Stranger Cam for Free! Turn on your cam and find new friends &amp; maby a match!\" \/>\n<meta name=\"robots\" content=\"index, follow, max-snippet:-1, max-image-preview:large, max-video-preview:-1\" \/>\n<link rel=\"canonical\" href=\"https:\/\/strangercam.com\/sv\/ometv\/\" \/>\n<meta property=\"og:locale\" content=\"sv_SE\" \/>\n<meta property=\"og:type\" content=\"article\" \/>\n<meta property=\"og:title\" content=\"OmeTV - Omegle Random Chat Alternative on StrangerCam.com\" \/>\n<meta property=\"og:description\" content=\"Like OmeTV? Come chat with more than 5.000.000 strangers on Stranger Cam for Free! Turn on your cam and find new friends &amp; maby a match!\" \/>\n<meta property=\"og:url\" content=\"https:\/\/strangercam.com\/sv\/ometv\/\" \/>\n<meta property=\"og:site_name\" content=\"Strangercam\" \/>\n<meta property=\"article:publisher\" content=\"https:\/\/www.facebook.com\/strangercam\" \/>\n<meta property=\"article:modified_time\" content=\"2023-08-21T10:34:45+00:00\" \/>\n<meta property=\"og:image\" content=\"https:\/\/strangercam.com\/wp-content\/uploads\/2020\/11\/stranger-cam-1.png\" \/>\n\t<meta property=\"og:image:width\" content=\"800\" \/>\n\t<meta property=\"og:image:height\" content=\"800\" \/>\n\t<meta property=\"og:image:type\" content=\"image\/png\" \/>\n<meta name=\"twitter:card\" content=\"summary_large_image\" \/>\n<meta name=\"twitter:site\" content=\"@strangercamapp\" \/>\n<meta name=\"twitter:label1\" content=\"Ber\u00e4knad l\u00e4stid\" \/>\n\t<meta name=\"twitter:data1\" content=\"5 minuter\" \/>\n<script type=\"application\/ld+json\" class=\"yoast-schema-graph\">{\"@context\":\"https:\\\/\\\/schema.org\",\"@graph\":[{\"@type\":\"WebPage\",\"@id\":\"https:\\\/\\\/strangercam.com\\\/ometv\\\/\",\"url\":\"https:\\\/\\\/strangercam.com\\\/ometv\\\/\",\"name\":\"OmeTV - Omegle Random Chat Alternative on StrangerCam.com\",\"isPartOf\":{\"@id\":\"https:\\\/\\\/strangercam.com\\\/#website\"},\"primaryImageOfPage\":{\"@id\":\"https:\\\/\\\/strangercam.com\\\/ometv\\\/#primaryimage\"},\"image\":{\"@id\":\"https:\\\/\\\/strangercam.com\\\/ometv\\\/#primaryimage\"},\"thumbnailUrl\":\"https:\\\/\\\/strangercam.com\\\/wp-content\\\/uploads\\\/2020\\\/11\\\/stranger-cam-1.png\",\"datePublished\":\"2020-12-02T17:15:37+00:00\",\"dateModified\":\"2023-08-21T10:34:45+00:00\",\"description\":\"Like OmeTV? Come chat with more than 5.000.000 strangers on Stranger Cam for Free! Turn on your cam and find new friends & maby a match!\",\"breadcrumb\":{\"@id\":\"https:\\\/\\\/strangercam.com\\\/ometv\\\/#breadcrumb\"},\"inLanguage\":\"sv-SE\",\"potentialAction\":[{\"@type\":\"ReadAction\",\"target\":[\"https:\\\/\\\/strangercam.com\\\/ometv\\\/\"]}]},{\"@type\":\"ImageObject\",\"inLanguage\":\"sv-SE\",\"@id\":\"https:\\\/\\\/strangercam.com\\\/ometv\\\/#primaryimage\",\"url\":\"https:\\\/\\\/strangercam.com\\\/wp-content\\\/uploads\\\/2020\\\/11\\\/stranger-cam-1.png\",\"contentUrl\":\"https:\\\/\\\/strangercam.com\\\/wp-content\\\/uploads\\\/2020\\\/11\\\/stranger-cam-1.png\",\"width\":800,\"height\":800,\"caption\":\"stranger cam random video chat\"},{\"@type\":\"BreadcrumbList\",\"@id\":\"https:\\\/\\\/strangercam.com\\\/ometv\\\/#breadcrumb\",\"itemListElement\":[{\"@type\":\"ListItem\",\"position\":1,\"name\":\"Home\",\"item\":\"https:\\\/\\\/strangercam.com\\\/\"},{\"@type\":\"ListItem\",\"position\":2,\"name\":\"OmeTV\"}]},{\"@type\":\"WebSite\",\"@id\":\"https:\\\/\\\/strangercam.com\\\/#website\",\"url\":\"https:\\\/\\\/strangercam.com\\\/\",\"name\":\"Strangercam\",\"description\":\"Random Video Chat with Strangers\",\"publisher\":{\"@id\":\"https:\\\/\\\/strangercam.com\\\/#organization\"},\"alternateName\":\"Strangercam.com\",\"potentialAction\":[{\"@type\":\"SearchAction\",\"target\":{\"@type\":\"EntryPoint\",\"urlTemplate\":\"https:\\\/\\\/strangercam.com\\\/?s={search_term_string}\"},\"query-input\":{\"@type\":\"PropertyValueSpecification\",\"valueRequired\":true,\"valueName\":\"search_term_string\"}}],\"inLanguage\":\"sv-SE\"},{\"@type\":\"Organization\",\"@id\":\"https:\\\/\\\/strangercam.com\\\/#organization\",\"name\":\"Strangercam\",\"alternateName\":\"Strangercam.com\",\"url\":\"https:\\\/\\\/strangercam.com\\\/\",\"logo\":{\"@type\":\"ImageObject\",\"inLanguage\":\"sv-SE\",\"@id\":\"https:\\\/\\\/strangercam.com\\\/#\\\/schema\\\/logo\\\/image\\\/\",\"url\":\"https:\\\/\\\/strangercam.com\\\/wp-content\\\/uploads\\\/2020\\\/11\\\/cropped-new-favicon-black.png\",\"contentUrl\":\"https:\\\/\\\/strangercam.com\\\/wp-content\\\/uploads\\\/2020\\\/11\\\/cropped-new-favicon-black.png\",\"width\":512,\"height\":512,\"caption\":\"Strangercam\"},\"image\":{\"@id\":\"https:\\\/\\\/strangercam.com\\\/#\\\/schema\\\/logo\\\/image\\\/\"},\"sameAs\":[\"https:\\\/\\\/www.facebook.com\\\/strangercam\",\"https:\\\/\\\/x.com\\\/strangercamapp\"]}]}<\/script>\n<!-- \/ Yoast SEO plugin. -->","yoast_head_json":{"title":"OmeTV - Omegle Slumpm\u00e4ssig Chat Alternative p\u00e5 StrangerCam.com","description":"Gillar du OmeTV? Kom och chatta med mer \u00e4n 5.000.000 fr\u00e4mlingar p\u00e5 Stranger Cam helt gratis! Sl\u00e5 p\u00e5 din kamera och hitta nya v\u00e4nner och kanske en match!","robots":{"index":"index","follow":"follow","max-snippet":"max-snippet:-1","max-image-preview":"max-image-preview:large","max-video-preview":"max-video-preview:-1"},"canonical":"https:\/\/strangercam.com\/sv\/ometv\/","og_locale":"sv_SE","og_type":"article","og_title":"OmeTV - Omegle Random Chat Alternative on StrangerCam.com","og_description":"Like OmeTV? Come chat with more than 5.000.000 strangers on Stranger Cam for Free! Turn on your cam and find new friends & maby a match!","og_url":"https:\/\/strangercam.com\/sv\/ometv\/","og_site_name":"Strangercam","article_publisher":"https:\/\/www.facebook.com\/strangercam","article_modified_time":"2023-08-21T10:34:45+00:00","og_image":[{"width":800,"height":800,"url":"https:\/\/strangercam.com\/wp-content\/uploads\/2020\/11\/stranger-cam-1.png","type":"image\/png"}],"twitter_card":"summary_large_image","twitter_site":"@strangercamapp","twitter_misc":{"Ber\u00e4knad l\u00e4stid":"5 minuter"},"schema":{"@context":"https:\/\/schema.org","@graph":[{"@type":"WebPage","@id":"https:\/\/strangercam.com\/ometv\/","url":"https:\/\/strangercam.com\/ometv\/","name":"OmeTV - Omegle Slumpm\u00e4ssig Chat Alternative p\u00e5 StrangerCam.com","isPartOf":{"@id":"https:\/\/strangercam.com\/#website"},"primaryImageOfPage":{"@id":"https:\/\/strangercam.com\/ometv\/#primaryimage"},"image":{"@id":"https:\/\/strangercam.com\/ometv\/#primaryimage"},"thumbnailUrl":"https:\/\/strangercam.com\/wp-content\/uploads\/2020\/11\/stranger-cam-1.png","datePublished":"2020-12-02T17:15:37+00:00","dateModified":"2023-08-21T10:34:45+00:00","description":"Gillar du OmeTV? Kom och chatta med mer \u00e4n 5.000.000 fr\u00e4mlingar p\u00e5 Stranger Cam helt gratis! Sl\u00e5 p\u00e5 din kamera och hitta nya v\u00e4nner och kanske en match!","breadcrumb":{"@id":"https:\/\/strangercam.com\/ometv\/#breadcrumb"},"inLanguage":"sv-SE","potentialAction":[{"@type":"ReadAction","target":["https:\/\/strangercam.com\/ometv\/"]}]},{"@type":"ImageObject","inLanguage":"sv-SE","@id":"https:\/\/strangercam.com\/ometv\/#primaryimage","url":"https:\/\/strangercam.com\/wp-content\/uploads\/2020\/11\/stranger-cam-1.png","contentUrl":"https:\/\/strangercam.com\/wp-content\/uploads\/2020\/11\/stranger-cam-1.png","width":800,"height":800,"caption":"stranger cam random video chat"},{"@type":"BreadcrumbList","@id":"https:\/\/strangercam.com\/ometv\/#breadcrumb","itemListElement":[{"@type":"ListItem","position":1,"name":"Home","item":"https:\/\/strangercam.com\/"},{"@type":"ListItem","position":2,"name":"OmeTV"}]},{"@type":"WebSite","@id":"https:\/\/strangercam.com\/#website","url":"https:\/\/strangercam.com\/","name":"Strangercam","description":"Slumpm\u00e4ssig videochatt med fr\u00e4mlingar","publisher":{"@id":"https:\/\/strangercam.com\/#organization"},"alternateName":"Strangercam.com","potentialAction":[{"@type":"SearchAction","target":{"@type":"EntryPoint","urlTemplate":"https:\/\/strangercam.com\/?s={search_term_string}"},"query-input":{"@type":"PropertyValueSpecification","valueRequired":true,"valueName":"search_term_string"}}],"inLanguage":"sv-SE"},{"@type":"Organization","@id":"https:\/\/strangercam.com\/#organization","name":"Strangercam","alternateName":"Strangercam.com","url":"https:\/\/strangercam.com\/","logo":{"@type":"ImageObject","inLanguage":"sv-SE","@id":"https:\/\/strangercam.com\/#\/schema\/logo\/image\/","url":"https:\/\/strangercam.com\/wp-content\/uploads\/2020\/11\/cropped-new-favicon-black.png","contentUrl":"https:\/\/strangercam.com\/wp-content\/uploads\/2020\/11\/cropped-new-favicon-black.png","width":512,"height":512,"caption":"Strangercam"},"image":{"@id":"https:\/\/strangercam.com\/#\/schema\/logo\/image\/"},"sameAs":["https:\/\/www.facebook.com\/strangercam","https:\/\/x.com\/strangercamapp"]}]}},"_links":{"self":[{"href":"https:\/\/strangercam.com\/sv\/wp-json\/wp\/v2\/pages\/881","targetHints":{"allow":["GET"]}}],"collection":[{"href":"https:\/\/strangercam.com\/sv\/wp-json\/wp\/v2\/pages"}],"about":[{"href":"https:\/\/strangercam.com\/sv\/wp-json\/wp\/v2\/types\/page"}],"author":[{"embeddable":true,"href":"https:\/\/strangercam.com\/sv\/wp-json\/wp\/v2\/users\/6"}],"replies":[{"embeddable":true,"href":"https:\/\/strangercam.com\/sv\/wp-json\/wp\/v2\/comments?post=881"}],"version-history":[{"count":0,"href":"https:\/\/strangercam.com\/sv\/wp-json\/wp\/v2\/pages\/881\/revisions"}],"wp:featuredmedia":[{"embeddable":true,"href":"https:\/\/strangercam.com\/sv\/wp-json\/wp\/v2\/media\/559"}],"wp:attachment":[{"href":"https:\/\/strangercam.com\/sv\/wp-json\/wp\/v2\/media?parent=881"}],"curies":[{"name":"wp","href":"https:\/\/api.w.org\/{rel}","templated":true}]}}