{"id":8708,"date":"2021-10-27T09:29:55","date_gmt":"2021-10-27T07:29:55","guid":{"rendered":"https:\/\/strangercam.com\/?page_id=8708"},"modified":"2025-02-04T09:47:53","modified_gmt":"2025-02-04T07:47:53","slug":"mocospace","status":"publish","type":"page","link":"https:\/\/strangercam.com\/sv\/mocospace\/","title":{"rendered":"MocoSpace"},"content":{"rendered":"<p>Letar du efter en social plattform d\u00e4r du b\u00e5de kan <a href=\"https:\/\/strangercam.com\/sv\/chatroulette\/\">chatt<\/a> med v\u00e4nner och njuta av avslappnade spel n\u00e4r du \u00e4r p\u00e5 spr\u00e5ng? MocoSpace kan vara den perfekta l\u00f6sningen. Genom att kombinera community-drivna funktioner med en inbyggd spelupplevelse sticker MocoSpace ut bland traditionella chatt- och sociala n\u00e4tverksappar. Nedan kommer vi att utforska MocoSpace:s viktigaste funktioner, hur den fungerar och vad som g\u00f6r den till en livlig m\u00f6tesplats online.<\/p>\n<h2>Vad \u00e4r MocoSpace?<\/h2>\n<p>MocoSpace \u00e4r ett mobilfokuserat <strong>plattform f\u00f6r sociala n\u00e4tverk<\/strong> som erbjuder:<\/p>\n<ul>\n<li><strong>Chattrum och forum<\/strong>: <a href=\"https:\/\/strangercam.com\/sv\/coomeet\/\">M\u00f6te<\/a> nya m\u00e4nniskor eller tr\u00e4ffa v\u00e4nner i chattutrymmen med olika teman.<\/li>\n<li><strong>Sociala spel<\/strong>: Njut av en rad avslappnade, webbl\u00e4sarbaserade spel - perfekt f\u00f6r snabb underh\u00e5llning.<\/li>\n<li><strong>Anv\u00e4ndarprofiler<\/strong>: Anpassa ditt utrymme med foton, statusar och personlig information.<\/li>\n<li><strong>V\u00e4n- och f\u00f6ljarfunktioner<\/strong>: F\u00e5 kontakt med m\u00e4nniskor \u00f6ver hela v\u00e4rlden eller skapa en krets av n\u00e4ra onlinev\u00e4nner.<\/li>\n<\/ul>\n<p>MocoSpace \u00e4r l\u00e4tt och anv\u00e4ndarv\u00e4nlig och fungerar smidigt p\u00e5 olika enheter, s\u00e5 att du kan logga in var du \u00e4n befinner dig.<\/p>\n<h2>Viktiga funktioner<\/h2>\n<h3>1. Chattrum och meddelandehantering<\/h3>\n<p>K\u00e4rnan i MocoSpace \u00e4r dess chattfunktion:<\/p>\n<ul>\n<li><strong>Chattrum f\u00f6r grupper<\/strong>: G\u00e5 med i \u00e4mnesspecifika chattar - sport, film eller till och med lokala m\u00f6ten - f\u00f6r att hitta likasinnade anv\u00e4ndare.<\/li>\n<li><strong>Privat meddelandehantering<\/strong>: Utbyt personliga meddelanden med v\u00e4nner eller nya kontakter utan att l\u00e4mna plattformen.<\/li>\n<li><strong><a href=\"https:\/\/strangercam.com\/sv\/rabbit-video-chat\/\">Video<\/a> och r\u00f6st (begr\u00e4nsad)<\/strong>: Vissa funktioner till\u00e5ter korta r\u00f6stmeddelanden eller videouppladdningar, vilket g\u00f6r konversationerna mer personliga.<\/li>\n<\/ul>\n<h3>2. Socialt spelande<\/h3>\n<p>MocoSpace \u00e4r v\u00e4rd f\u00f6r en m\u00e4ngd olika <strong>HTML5-baserade spel<\/strong> du kan spela solo eller t\u00e4vla:<\/p>\n<ul>\n<li><strong>Arkadklassiker<\/strong>: Enkla spel i retrostil som \u00e4r perfekta f\u00f6r snabba pauser.<\/li>\n<li><strong>Strategi och rollspel<\/strong>: Bygg allianser, utveckla virtuella kungad\u00f6men och samarbeta med v\u00e4nner.<\/li>\n<li><strong>Ledartavlor<\/strong>: F\u00f6lj dina framsteg och t\u00e4vla mot andra spelare i ditt n\u00e4tverk.<\/li>\n<\/ul>\n<h3>3. Anpassning av profil<\/h3>\n<p>Din MocoSpace-profil fungerar som en personlig minisajt:<\/p>\n<ul>\n<li><strong>Uppladdning av foton<\/strong>: Skapa album f\u00f6r att visa upp h\u00f6jdpunkterna i ditt liv.<\/li>\n<li><strong>Bio- och statusuppdateringar<\/strong>: L\u00e5t andra veta vad du h\u00e5ller p\u00e5 med eller vilket hum\u00f6r du \u00e4r p\u00e5.<\/li>\n<li><strong>Teman och skins<\/strong>: Anpassa din sidas utseende och k\u00e4nsla f\u00f6r att sticka ut.<\/li>\n<\/ul>\n<h3>4. Gemenskapsfunktioner<\/h3>\n<p>MocoSpace integrerar sociala element som hj\u00e4lper anv\u00e4ndarna att f\u00e5 en djupare kontakt:<\/p>\n<ul>\n<li><strong>V\u00e4nner och f\u00f6ljare<\/strong>: Ut\u00f6ka ditt n\u00e4tverk genom att l\u00e4gga till anv\u00e4ndare eller f\u00f6lja profiler som delar dina intressen.<\/li>\n<li><strong>Forum och grupper<\/strong>: Diskutera trendiga \u00e4mnen eller nischade intressen med s\u00e4rskilda grupper.<\/li>\n<li><strong>Meddelanden<\/strong>: H\u00e5ll dig uppdaterad om v\u00e4nf\u00f6rfr\u00e5gningar, gruppinbjudningar och spelutmaningar.<\/li>\n<\/ul>\n<h2>Hur MocoSpace fungerar<\/h2>\n<h3>1. Snabb registrering<\/h3>\n<p>Du kan skapa ett MocoSpace-konto med hj\u00e4lp av:<\/p>\n<ul>\n<li><strong>E-post<\/strong>: En standardiserad steg-f\u00f6r-steg-registrering.<\/li>\n<li><strong>Facebook\/Google<\/strong>: Snabba inloggningsalternativ f\u00f6r att l\u00e4nka dina konton p\u00e5 sociala medier.<\/li>\n<\/ul>\n<p>N\u00e4r du har registrerat dig kan du redigera dina profiluppgifter och v\u00e4lja spelintressen eller \u00f6nskade chattrum f\u00f6r att komma ig\u00e5ng.<\/p>\n<h3>2. Hitta v\u00e4nner och roliga saker<\/h3>\n<p>En viktig f\u00f6rdel med MocoSpace \u00e4r hur enkelt du kan <strong>tr\u00e4ffa nya m\u00e4nniskor<\/strong>:<\/p>\n<ul>\n<li>S\u00f6k efter anv\u00e4ndare efter \u00e5lder, plats eller gemensamma intressen.<\/li>\n<li>Hoppa in i \u00f6ppna chattrum om musik, filmer, spel och mycket mer.<\/li>\n<li>G\u00e5 med i spellobbyn f\u00f6r att hitta spelkompisar och t\u00e4vla om toppresultat.<\/li>\n<\/ul>\n<h3>3. Niv\u00e5h\u00f6jning genom spelande<\/h3>\n<p>M\u00e5nga <strong>MocoSpace spel<\/strong> bel\u00f6na dig med po\u00e4ng och m\u00e4rken:<\/p>\n<ul>\n<li>Tj\u00e4na valuta i spelet f\u00f6r att k\u00f6pa uppgraderingar eller power-ups.<\/li>\n<li>Dra nytta av eventbonusar eller tidsbegr\u00e4nsade utmaningar.<\/li>\n<li>Kl\u00e4ttra p\u00e5 topplistor f\u00f6r att visa upp din spelskicklighet.<\/li>\n<\/ul>\n<h2>S\u00e4kerhet och m\u00e5ttfullhet<\/h2>\n<p>Liksom alla onlinen\u00e4tverk hanterar MocoSpace potentiella problem kring integritet och uppf\u00f6rande:<\/p>\n<ul>\n<li><strong>Block- och rapportverktyg<\/strong>: Ta snabbt bort o\u00f6nskade interaktioner eller flagga misst\u00e4nkta konton.<\/li>\n<li><strong>Gemenskapens riktlinjer<\/strong>: Tydliga regler f\u00f6r acceptabelt beteende, med m\u00f6jlighet till avst\u00e4ngning av kontot vid \u00f6vertr\u00e4delse.<\/li>\n<li><strong>Kontroll av profilens integritet<\/strong>: Begr\u00e4nsa vem som kan se dina foton, inl\u00e4gg eller chattinbjudningar.<\/li>\n<\/ul>\n<h2>Int\u00e4ktsgenerering och premiumfunktioner<\/h2>\n<p>MocoSpace \u00e4r <strong><a href=\"https:\/\/strangercam.com\/sv\/chatta4gratis\/\">fri<\/a> att g\u00e5 med<\/strong> och anv\u00e4nda, men plattformen erbjuder ocks\u00e5 valfria betalda uppgraderingar:<\/p>\n<ul>\n<li><strong>Virtuell valuta (Moco Gold)<\/strong>: Spendera p\u00e5 avataruppgraderingar, exklusiva spelobjekt eller profilteman.<\/li>\n<li><strong>Annonsfri upplevelse<\/strong>: Ta bort annonser f\u00f6r snabbare och renare surfning.<\/li>\n<li><strong>S\u00e4rskilda f\u00f6rm\u00e5ner<\/strong>: F\u00e5 extra g\u00e5vor eller bonusar i vissa spel, tillg\u00e4ngliga via k\u00f6p i appen.<\/li>\n<\/ul>\n<h2>F\u00f6r- och nackdelar<\/h2>\n<p>Ingen plattform \u00e4r perfekt, och MocoSpace \u00e4r inget undantag. H\u00e4r \u00e4r en balanserad look:<\/p>\n<table>\n<thead>\n<tr>\n<th>Proffs<\/th>\n<th>Nackdelar<\/th>\n<\/tr>\n<\/thead>\n<tbody>\n<tr>\n<td>\n<ul>\n<li>Kombinerar chatt och sociala spel i en och samma app<\/li>\n<li>Anv\u00e4ndarv\u00e4nlig och l\u00e4ttviktig, perfekt f\u00f6r mobila<\/li>\n<li>Samh\u00e4llsdrivet, med flera intressebaserade forum<\/li>\n<li>Enkel registrering och snabb onboarding<\/li>\n<li>Gratis att anv\u00e4nda, med valfria premiumprodukter<\/li>\n<\/ul>\n<\/td>\n<td>\n<ul>\n<li>Chattrum kan ibland inneh\u00e5lla skr\u00e4ppost eller <a href=\"https:\/\/strangercam.com\/sv\/shagle\/\">vuxen<\/a> inneh\u00e5ll<\/li>\n<li>Begr\u00e4nsade avancerade sekretessinst\u00e4llningar j\u00e4mf\u00f6rt med vanliga sociala appar<\/li>\n<li>Vissa premiumfunktioner kan bli kostsamma p\u00e5 sikt<\/li>\n<li>F\u00e4rre avancerade eller uppslukande spel j\u00e4mf\u00f6rt med dedikerade spelplattformar<\/li>\n<\/ul>\n<\/td>\n<\/tr>\n<\/tbody>\n<\/table>\n<h2>Tips f\u00f6r att f\u00e5 ut mesta m\u00f6jliga av MocoSpace<\/h2>\n<h3>1. Anpassa din profil<\/h3>\n<p>I\u00f6gonfallande teman och en kortfattad biografi kan hj\u00e4lpa dig att locka till dig v\u00e4nner eller spelpartners som delar dina intressen.<\/p>\n<h3>2. G\u00e5 med i aktiva chattrum<\/h3>\n<p>G\u00e5 in i rummen n\u00e4r det \u00e4r som mest hektiskt f\u00f6r att hitta livliga diskussioner och f\u00e5 snabbare kontakter.<\/p>\n<h3>3. Utforska olika spel<\/h3>\n<p>Att byta mellan olika genrer kan ge dig nya erfarenheter och hj\u00e4lpa dig att tr\u00e4ffa nya m\u00e4nniskor.<\/p>\n<h3>4. Uppr\u00e4tth\u00e5lla etikett p\u00e5 n\u00e4tet<\/h3>\n<p>F\u00f6lj riktlinjerna och behandla andra anv\u00e4ndare respektfullt f\u00f6r att fr\u00e4mja en positiv och trevlig gemenskap.<\/p>\n<h2>Slutsats<\/h2>\n<p>MocoSpace erbjuder en distinkt social upplevelse genom att blanda chatt och spel i en enda mobilv\u00e4nlig plattform. Oavsett om du vill starta konversationer i chattrum, utmana v\u00e4nner i avslappnade HTML5-spel eller ut\u00f6ka din sociala krets i allm\u00e4nhet, erbjuder MocoSpace verktyg och aktiviteter som h\u00e5ller upplevelsen livlig och engagerande. Med anv\u00e4ndarv\u00e4nliga funktioner och en aktiv global gemenskap \u00e4r det ett roligt alternativ f\u00f6r dem som vill ha lite extra underh\u00e5llning tillsammans med sitt sociala n\u00e4tverkande. Om du \u00e4r redo att tr\u00e4ffa nya m\u00e4nniskor och njuta av lite l\u00e4tt spelande, ge MocoSpace ett f\u00f6rs\u00f6k.<\/p>","protected":false},"excerpt":{"rendered":"<p>Looking for a social platform where you can both chat with friends and enjoy casual games on the go? MocoSpace might just be the perfect fit. Combining community-driven features with a built-in gaming experience, MocoSpace stands out among traditional chat and social networking apps. Below, we\u2019ll explore MocoSpace\u2019s key features, how it works, and what [&hellip;]<\/p>\n","protected":false},"author":6,"featured_media":0,"parent":0,"menu_order":0,"comment_status":"closed","ping_status":"closed","template":"","meta":{"footnotes":""},"class_list":["post-8708","page","type-page","status-publish","hentry"],"yoast_head":"<!-- This site is optimized with the Yoast SEO plugin v26.9 - https:\/\/yoast.com\/product\/yoast-seo-wordpress\/ -->\n<title>MocoSpace - Anonymous Chat For Two - StrangerCam.com<\/title>\n<meta name=\"description\" content=\"Like MocoSpace? Come chat with more than 5.000.000 strangers on Stranger Cam for Free! Turn on your cam and find new friends &amp; maby a match!\" \/>\n<meta name=\"robots\" content=\"index, follow, max-snippet:-1, max-image-preview:large, max-video-preview:-1\" \/>\n<link rel=\"canonical\" href=\"https:\/\/strangercam.com\/sv\/mocospace\/\" \/>\n<meta property=\"og:locale\" content=\"sv_SE\" \/>\n<meta property=\"og:type\" content=\"article\" \/>\n<meta property=\"og:title\" content=\"MocoSpace - Anonymous Chat For Two - StrangerCam.com\" \/>\n<meta property=\"og:description\" content=\"Like MocoSpace? Come chat with more than 5.000.000 strangers on Stranger Cam for Free! Turn on your cam and find new friends &amp; maby a match!\" \/>\n<meta property=\"og:url\" content=\"https:\/\/strangercam.com\/sv\/mocospace\/\" \/>\n<meta property=\"og:site_name\" content=\"Strangercam\" \/>\n<meta property=\"article:publisher\" content=\"https:\/\/www.facebook.com\/strangercam\" \/>\n<meta property=\"article:modified_time\" content=\"2025-02-04T07:47:53+00:00\" \/>\n<meta property=\"og:image\" content=\"https:\/\/strangercam.com\/wp-content\/uploads\/2021\/10\/Untitled-2.png\" \/>\n\t<meta property=\"og:image:width\" content=\"800\" \/>\n\t<meta property=\"og:image:height\" content=\"532\" \/>\n\t<meta property=\"og:image:type\" content=\"image\/png\" \/>\n<meta name=\"twitter:card\" content=\"summary_large_image\" \/>\n<meta name=\"twitter:site\" content=\"@strangercamapp\" \/>\n<meta name=\"twitter:label1\" content=\"Ber\u00e4knad l\u00e4stid\" \/>\n\t<meta name=\"twitter:data1\" content=\"4 minuter\" \/>\n<script type=\"application\/ld+json\" class=\"yoast-schema-graph\">{\"@context\":\"https:\/\/schema.org\",\"@graph\":[{\"@type\":\"WebPage\",\"@id\":\"https:\/\/strangercam.com\/mocospace\/\",\"url\":\"https:\/\/strangercam.com\/mocospace\/\",\"name\":\"MocoSpace - Anonymous Chat For Two - StrangerCam.com\",\"isPartOf\":{\"@id\":\"https:\/\/strangercam.com\/#website\"},\"datePublished\":\"2021-10-27T07:29:55+00:00\",\"dateModified\":\"2025-02-04T07:47:53+00:00\",\"description\":\"Like MocoSpace? Come chat with more than 5.000.000 strangers on Stranger Cam for Free! Turn on your cam and find new friends & maby a match!\",\"breadcrumb\":{\"@id\":\"https:\/\/strangercam.com\/mocospace\/#breadcrumb\"},\"inLanguage\":\"sv-SE\",\"potentialAction\":[{\"@type\":\"ReadAction\",\"target\":[\"https:\/\/strangercam.com\/mocospace\/\"]}]},{\"@type\":\"BreadcrumbList\",\"@id\":\"https:\/\/strangercam.com\/mocospace\/#breadcrumb\",\"itemListElement\":[{\"@type\":\"ListItem\",\"position\":1,\"name\":\"Home\",\"item\":\"https:\/\/strangercam.com\/\"},{\"@type\":\"ListItem\",\"position\":2,\"name\":\"MocoSpace\"}]},{\"@type\":\"WebSite\",\"@id\":\"https:\/\/strangercam.com\/#website\",\"url\":\"https:\/\/strangercam.com\/\",\"name\":\"Strangercam\",\"description\":\"Random Video Chat with Strangers\",\"publisher\":{\"@id\":\"https:\/\/strangercam.com\/#organization\"},\"alternateName\":\"Strangercam.com\",\"potentialAction\":[{\"@type\":\"SearchAction\",\"target\":{\"@type\":\"EntryPoint\",\"urlTemplate\":\"https:\/\/strangercam.com\/?s={search_term_string}\"},\"query-input\":{\"@type\":\"PropertyValueSpecification\",\"valueRequired\":true,\"valueName\":\"search_term_string\"}}],\"inLanguage\":\"sv-SE\"},{\"@type\":\"Organization\",\"@id\":\"https:\/\/strangercam.com\/#organization\",\"name\":\"Strangercam\",\"alternateName\":\"Strangercam.com\",\"url\":\"https:\/\/strangercam.com\/\",\"logo\":{\"@type\":\"ImageObject\",\"inLanguage\":\"sv-SE\",\"@id\":\"https:\/\/strangercam.com\/#\/schema\/logo\/image\/\",\"url\":\"https:\/\/strangercam.com\/wp-content\/uploads\/2020\/11\/cropped-new-favicon-black.png\",\"contentUrl\":\"https:\/\/strangercam.com\/wp-content\/uploads\/2020\/11\/cropped-new-favicon-black.png\",\"width\":512,\"height\":512,\"caption\":\"Strangercam\"},\"image\":{\"@id\":\"https:\/\/strangercam.com\/#\/schema\/logo\/image\/\"},\"sameAs\":[\"https:\/\/www.facebook.com\/strangercam\",\"https:\/\/x.com\/strangercamapp\"]}]}<\/script>\n<!-- \/ Yoast SEO plugin. -->","yoast_head_json":{"title":"MocoSpace - Anonym chatt f\u00f6r tv\u00e5 - StrangerCam.com","description":"Gillar du MocoSpace? Kom och chatta med mer \u00e4n 5.000.000 fr\u00e4mlingar p\u00e5 Stranger Cam helt gratis! Sl\u00e5 p\u00e5 din kamera och hitta nya v\u00e4nner och kanske en match!","robots":{"index":"index","follow":"follow","max-snippet":"max-snippet:-1","max-image-preview":"max-image-preview:large","max-video-preview":"max-video-preview:-1"},"canonical":"https:\/\/strangercam.com\/sv\/mocospace\/","og_locale":"sv_SE","og_type":"article","og_title":"MocoSpace - Anonymous Chat For Two - StrangerCam.com","og_description":"Like MocoSpace? Come chat with more than 5.000.000 strangers on Stranger Cam for Free! Turn on your cam and find new friends & maby a match!","og_url":"https:\/\/strangercam.com\/sv\/mocospace\/","og_site_name":"Strangercam","article_publisher":"https:\/\/www.facebook.com\/strangercam","article_modified_time":"2025-02-04T07:47:53+00:00","og_image":[{"width":800,"height":532,"url":"https:\/\/strangercam.com\/wp-content\/uploads\/2021\/10\/Untitled-2.png","type":"image\/png"}],"twitter_card":"summary_large_image","twitter_site":"@strangercamapp","twitter_misc":{"Ber\u00e4knad l\u00e4stid":"4 minuter"},"schema":{"@context":"https:\/\/schema.org","@graph":[{"@type":"WebPage","@id":"https:\/\/strangercam.com\/mocospace\/","url":"https:\/\/strangercam.com\/mocospace\/","name":"MocoSpace - Anonym chatt f\u00f6r tv\u00e5 - StrangerCam.com","isPartOf":{"@id":"https:\/\/strangercam.com\/#website"},"datePublished":"2021-10-27T07:29:55+00:00","dateModified":"2025-02-04T07:47:53+00:00","description":"Gillar du MocoSpace? Kom och chatta med mer \u00e4n 5.000.000 fr\u00e4mlingar p\u00e5 Stranger Cam helt gratis! Sl\u00e5 p\u00e5 din kamera och hitta nya v\u00e4nner och kanske en match!","breadcrumb":{"@id":"https:\/\/strangercam.com\/mocospace\/#breadcrumb"},"inLanguage":"sv-SE","potentialAction":[{"@type":"ReadAction","target":["https:\/\/strangercam.com\/mocospace\/"]}]},{"@type":"BreadcrumbList","@id":"https:\/\/strangercam.com\/mocospace\/#breadcrumb","itemListElement":[{"@type":"ListItem","position":1,"name":"Home","item":"https:\/\/strangercam.com\/"},{"@type":"ListItem","position":2,"name":"MocoSpace"}]},{"@type":"WebSite","@id":"https:\/\/strangercam.com\/#website","url":"https:\/\/strangercam.com\/","name":"Strangercam","description":"Slumpm\u00e4ssig videochatt med fr\u00e4mlingar","publisher":{"@id":"https:\/\/strangercam.com\/#organization"},"alternateName":"Strangercam.com","potentialAction":[{"@type":"SearchAction","target":{"@type":"EntryPoint","urlTemplate":"https:\/\/strangercam.com\/?s={search_term_string}"},"query-input":{"@type":"PropertyValueSpecification","valueRequired":true,"valueName":"search_term_string"}}],"inLanguage":"sv-SE"},{"@type":"Organization","@id":"https:\/\/strangercam.com\/#organization","name":"Strangercam","alternateName":"Strangercam.com","url":"https:\/\/strangercam.com\/","logo":{"@type":"ImageObject","inLanguage":"sv-SE","@id":"https:\/\/strangercam.com\/#\/schema\/logo\/image\/","url":"https:\/\/strangercam.com\/wp-content\/uploads\/2020\/11\/cropped-new-favicon-black.png","contentUrl":"https:\/\/strangercam.com\/wp-content\/uploads\/2020\/11\/cropped-new-favicon-black.png","width":512,"height":512,"caption":"Strangercam"},"image":{"@id":"https:\/\/strangercam.com\/#\/schema\/logo\/image\/"},"sameAs":["https:\/\/www.facebook.com\/strangercam","https:\/\/x.com\/strangercamapp"]}]}},"_links":{"self":[{"href":"https:\/\/strangercam.com\/sv\/wp-json\/wp\/v2\/pages\/8708","targetHints":{"allow":["GET"]}}],"collection":[{"href":"https:\/\/strangercam.com\/sv\/wp-json\/wp\/v2\/pages"}],"about":[{"href":"https:\/\/strangercam.com\/sv\/wp-json\/wp\/v2\/types\/page"}],"author":[{"embeddable":true,"href":"https:\/\/strangercam.com\/sv\/wp-json\/wp\/v2\/users\/6"}],"replies":[{"embeddable":true,"href":"https:\/\/strangercam.com\/sv\/wp-json\/wp\/v2\/comments?post=8708"}],"version-history":[{"count":1,"href":"https:\/\/strangercam.com\/sv\/wp-json\/wp\/v2\/pages\/8708\/revisions"}],"predecessor-version":[{"id":12690,"href":"https:\/\/strangercam.com\/sv\/wp-json\/wp\/v2\/pages\/8708\/revisions\/12690"}],"wp:attachment":[{"href":"https:\/\/strangercam.com\/sv\/wp-json\/wp\/v2\/media?parent=8708"}],"curies":[{"name":"wp","href":"https:\/\/api.w.org\/{rel}","templated":true}]}}