{"id":8588,"date":"2021-10-18T11:30:39","date_gmt":"2021-10-18T09:30:39","guid":{"rendered":"https:\/\/strangercam.com\/?page_id=8588"},"modified":"2023-08-21T12:47:57","modified_gmt":"2023-08-21T10:47:57","slug":"wireclub","status":"publish","type":"page","link":"https:\/\/strangercam.com\/sv\/wireclub\/","title":{"rendered":"Wireclub"},"content":{"rendered":"<p>Det kan vara s\u00e5 att du har h\u00f6rt dina v\u00e4nner skryta med att ha flera online <a href=\"https:\/\/strangercam.com\/sv\/chatroulette\/\">chatt<\/a> konton och f\u00e5 nya v\u00e4nner. Det \u00e4r tillr\u00e4ckligt bra f\u00f6r att locka dig att prova att \u00f6ppna ett konto hos wireclub f\u00f6r att b\u00f6rja chatta med likasinnade m\u00e4nniskor. Du kommer s\u00e4kert att njuta av upplevelsen och sp\u00e4nningen som du kommer att f\u00e5 fr\u00e5n onlinechatt med fr\u00e4mlingar. Det \u00e4r n\u00e5got som inte kan f\u00f6rklaras men som k\u00e4nns personligen.<\/p>\n<p>Har du n\u00e5gonsin funderat p\u00e5 att skaffa dig nya v\u00e4nner \u00f6ver hela v\u00e4rlden? Om inte, \u00e4r det dags att t\u00e4nka p\u00e5 denna fantastiska upplevelse. Det \u00e4r s\u00e5 bra att ens t\u00e4nka p\u00e5 att ha en person som du kan diskutera vad som helst med utan r\u00e4dsla. Wireclub ger dig denna fantastiska m\u00f6jlighet.<br \/>\nWireclub l\u00e5ter dig v\u00e4lja bland hundratals gratis chattrum. Du kan ocks\u00e5 n\u00e5 dina meddelanden och chattrum. Andra m\u00e4nniskor kommer att g\u00e5 med i ditt chattrum, och du kan prata med dem.<\/p>\n<p>S\u00e5, vad v\u00e4ntar du p\u00e5? G\u00e5 och registrera dig p\u00e5 en g\u00e5ng!<\/p>\n<h2>Utnyttja chattm\u00f6ten<\/h2>\n<p>\u00c4ven om det finns mobiltelefoner att chatta med \u00e4r det ganska s\u00e4llsynt att du st\u00f6ter p\u00e5 n\u00e5gon som inte \u00e4r k\u00e4nd i ditt n\u00e4tverk. Att ringa utl\u00e4ndska v\u00e4nner inneb\u00e4r dessutom att du m\u00e5ste betala en enorm r\u00e4kning. Men med onlinechattrum kan du chatta gratis.<br \/>\nVissa portaler som Wireclub till\u00e5ter ocks\u00e5 <a href=\"https:\/\/strangercam.com\/sv\/rabbit-video-chat\/\">video<\/a> chattar. Det betyder att ni b\u00e5da kan se varandra i realtid och chatta utan st\u00f6rningar. Du beh\u00f6ver inte heller bli st\u00f6rd av uppbl\u00e5sta telefonr\u00e4kningar. Allt \u00e4r tillg\u00e4ngligt h\u00e4r. Du kan ringa vem som helst utan att oroa dig f\u00f6r stora r\u00e4kningar.<\/p>\n<h2>Anonymt l\u00e4ge<\/h2>\n<p>Det \u00e4r l\u00e4tt att chatta med m\u00e4nniskor vi k\u00e4nner. Det har dock visat sig att m\u00e4nniskor ofta blir besvikna n\u00e4r de f\u00f6rs\u00f6ker dela med sig av sin verkliga personlighet och sina \u00e4rliga k\u00e4nslor till andra m\u00e4nniskor i sin omgivning. Det \u00e4r en sorglig verklighet.<\/p>\n<p>Wireclub gjorde en utm\u00e4rkt anstr\u00e4ngning f\u00f6r att eliminera detta problem. De ger s\u00e5dana m\u00e4nniskor ett utm\u00e4rkt tillf\u00e4lle att prata med n\u00e5gon utan r\u00e4dsla. Du kan v\u00e4lja det land du \u00e4r intresserad av och k\u00f6n efter eget val. Sedan kommer du att riktas till den mest l\u00e4mpliga personen enligt dina beskrivna preferenser.<\/p>\n<p>Du kan sedan prata med den personen i ett helt anonymt l\u00e4ge. De vet inte vem du \u00e4r, och de kommer aldrig att f\u00e5 reda p\u00e5 det. S\u00e5 det \u00e4r din s\u00e4kra <a href=\"https:\/\/strangercam.com\/sv\/mocospace\/\">utrymme<\/a>. S\u00e4g vad du vill s\u00e4ga och fr\u00e5ga vad du vill fr\u00e5ga!<\/p>\n<h2>Faciliteter som erbjuds<\/h2>\n<p>Onlinechattrum ger dig m\u00f6jlighet att chatta gratis med k\u00e4nda personer och fr\u00e4mlingar. Vissa kan kr\u00e4va att du betalar en liten summa f\u00f6r att njuta av privat chatt i ditt val av \u00e4mnen. F\u00f6rst \u00e4r det klokt av dig att g\u00f6ra lite forskning och g\u00e5 med i en ansedd portal som wireclub. P\u00e5 det h\u00e4r s\u00e4ttet kan du vara s\u00e4ker och vara fri fr\u00e5n alla bekymmer.<\/p>\n<h2>Gratis livechatt<\/h2>\n<p>Gratis <a href=\"https:\/\/strangercam.com\/sv\/mili\/\">leva<\/a> chatta? Endast Wireclub kan g\u00f6ra det!<\/p>\n<p>Ja, du l\u00e4ste r\u00e4tt! Gratis livechatt med m\u00e4nniskor \u00f6ver hela v\u00e4rlden. Du beh\u00f6ver inte oroa dig f\u00f6r ditt kontosaldo. Allt du beh\u00f6ver oroa dig f\u00f6r \u00e4r att hitta r\u00e4tt person att prata med!<\/p>\n<p>Varje onlinechattplattform erbjuder n\u00e5got unikt, och det unika som Wireclub erbjuder \u00e4r dess gratis livechattfaciliteter. Allt \u00e4r gratis. Du beh\u00f6ver bara anv\u00e4nda denna fantastiska m\u00f6jlighet till din f\u00f6rdel.<\/p>\n<p>Gratis livechatt \u00e4r en m\u00f6jlighet till chatt i realtid. V\u00e5rt system kommer att hitta en l\u00e4mplig matchning f\u00f6r dig. Wireclub kommer att ansluta dig till personen som sitter i andra \u00e4nden efter att du har best\u00e4mt dig f\u00f6r att chatta med personen. Det kommer inte att finnas n\u00e5gra avgifter alls f\u00f6r hela denna process. Du kan njuta av allt detta utan kostnad.<\/p>\n<h2>Vidta l\u00e4mpliga f\u00f6rsiktighets\u00e5tg\u00e4rder<\/h2>\n<p>Att prata med en fr\u00e4mling f\u00f6r f\u00f6rsta g\u00e5ngen kan verka ganska intressant. Men l\u00e5t dig inte ryckas med. Underh\u00e5ll inte fr\u00e4mlingar genom att ge dem dina uppgifter, till exempel ditt kontaktnummer eller din adress. Flera fall kan f\u00f6rs\u00e4tta dig i besv\u00e4rliga situationer p\u00e5 grund av felaktiga beslut. Om det \u00e4r f\u00f6rsta g\u00e5ngen du bes\u00f6ker en ny chattportal, f\u00f6rs\u00f6k att bara h\u00e5lla dig till k\u00e4nda personer. N\u00e4r du avslutar chatt-sessionen, kom ih\u00e5g att rensa bort cookies och sessionshistorik fr\u00e5n din smartphone eller laptop. Det kan finnas tjuvlyssnare som spanar efter oskyldiga m\u00e4nniskor. De kanske v\u00e4ntar t\u00e5lmodigt p\u00e5 att f\u00e5 r\u00e5na dig p\u00e5 dina viktiga uppgifter som bankkonto, kreditkortsuppgifter och annan viktig information.<\/p>\n<p>Se till att du inte anv\u00e4nder en annan webbl\u00e4sare f\u00f6r att komma \u00e5t ditt kreditkort eller bankkonto n\u00e4r du chattar, eftersom det inte \u00e4r s\u00e4kert. Om du har f\u00e5tt en ny v\u00e4n kan du bara chatta eller sms:a med honom eller henne. Undvik <a href=\"https:\/\/strangercam.com\/sv\/bazoocam\/\">kam<\/a> sessioner.<\/p>\n<p>Genom att vidta l\u00e4mpliga f\u00f6rsiktighets\u00e5tg\u00e4rder kan du h\u00e5lla dig s\u00e4ker och njuta av att f\u00e5 nya v\u00e4nner p\u00e5 n\u00e4tet.<\/p>\n<h2>Gratis chattrum<\/h2>\n<p>Vad kan vara b\u00e4ttre \u00e4n att f\u00e5 saker du \u00f6nskar dig gratis!<\/p>\n<p>Det \u00e4r det som g\u00f6r Wireclub till en otrolig och anv\u00e4ndarorienterad online videochattplattform. Du kan chatta inom rum gratis. Allt du beh\u00f6ver \u00e4r att logga in. Det finns tusentals m\u00e4nniskor i ett enda chattrum. Om du inte \u00e4r en folkm\u00e4ngdsperson kan du ocks\u00e5 hitta dig sj\u00e4lv i ett mindre tr\u00e5ngt chattrum. Det finns m\u00e5nga alternativ att v\u00e4lja mellan efter dina behov och \u00f6nskem\u00e5l.<\/p>\n<p>Gratis chattrum \u00e4r en fantastisk k\u00e4lla till avkoppling. Du kan chatta med vem som helst och dela med dig av dina k\u00e4nslor och tankar utan att vara r\u00e4dd f\u00f6r att bli d\u00f6md. Dessa chattrum ger en h\u00e4lsosam upplevelse av att chatta med fr\u00e4mlingar.<\/p>","protected":false},"excerpt":{"rendered":"<p>It could be that you have heard your friends boasting of having several online chat accounts and making new friends. It is good enough to lure you to try opening an account with wireclub to initiate chatting with like-minded people. You are sure to enjoy the experience and thrill that you are to derive from [&hellip;]<\/p>\n","protected":false},"author":6,"featured_media":559,"parent":0,"menu_order":0,"comment_status":"closed","ping_status":"closed","template":"","meta":{"footnotes":""},"class_list":["post-8588","page","type-page","status-publish","has-post-thumbnail","hentry"],"yoast_head":"<!-- This site is optimized with the Yoast SEO plugin v26.9 - https:\/\/yoast.com\/product\/yoast-seo-wordpress\/ -->\n<title>Wireclub - Anonymous Chat For Two - Cam on StrangerCam.com<\/title>\n<meta name=\"description\" content=\"Like Wireclub? Come chat with more than 5.000.000 strangers on Stranger Cam for Free! Turn on your cam and find new friends &amp; maby a match!\" \/>\n<meta name=\"robots\" content=\"index, follow, max-snippet:-1, max-image-preview:large, max-video-preview:-1\" \/>\n<link rel=\"canonical\" href=\"https:\/\/strangercam.com\/sv\/wireclub\/\" \/>\n<meta property=\"og:locale\" content=\"sv_SE\" \/>\n<meta property=\"og:type\" content=\"article\" \/>\n<meta property=\"og:title\" content=\"Wireclub - Anonymous Chat For Two - Cam on StrangerCam.com\" \/>\n<meta property=\"og:description\" content=\"Like Wireclub? Come chat with more than 5.000.000 strangers on Stranger Cam for Free! Turn on your cam and find new friends &amp; maby a match!\" \/>\n<meta property=\"og:url\" content=\"https:\/\/strangercam.com\/sv\/wireclub\/\" \/>\n<meta property=\"og:site_name\" content=\"Strangercam\" \/>\n<meta property=\"article:publisher\" content=\"https:\/\/www.facebook.com\/strangercam\" \/>\n<meta property=\"article:modified_time\" content=\"2023-08-21T10:47:57+00:00\" \/>\n<meta property=\"og:image\" content=\"https:\/\/strangercam.com\/wp-content\/uploads\/2020\/11\/stranger-cam-1.png\" \/>\n\t<meta property=\"og:image:width\" content=\"800\" \/>\n\t<meta property=\"og:image:height\" content=\"800\" \/>\n\t<meta property=\"og:image:type\" content=\"image\/png\" \/>\n<meta name=\"twitter:card\" content=\"summary_large_image\" \/>\n<meta name=\"twitter:site\" content=\"@strangercamapp\" \/>\n<meta name=\"twitter:label1\" content=\"Ber\u00e4knad l\u00e4stid\" \/>\n\t<meta name=\"twitter:data1\" content=\"4 minuter\" \/>\n<script type=\"application\/ld+json\" class=\"yoast-schema-graph\">{\"@context\":\"https:\/\/schema.org\",\"@graph\":[{\"@type\":\"WebPage\",\"@id\":\"https:\/\/strangercam.com\/wireclub\/\",\"url\":\"https:\/\/strangercam.com\/wireclub\/\",\"name\":\"Wireclub - Anonymous Chat For Two - Cam on StrangerCam.com\",\"isPartOf\":{\"@id\":\"https:\/\/strangercam.com\/#website\"},\"primaryImageOfPage\":{\"@id\":\"https:\/\/strangercam.com\/wireclub\/#primaryimage\"},\"image\":{\"@id\":\"https:\/\/strangercam.com\/wireclub\/#primaryimage\"},\"thumbnailUrl\":\"https:\/\/strangercam.com\/wp-content\/uploads\/2020\/11\/stranger-cam-1.png\",\"datePublished\":\"2021-10-18T09:30:39+00:00\",\"dateModified\":\"2023-08-21T10:47:57+00:00\",\"description\":\"Like Wireclub? Come chat with more than 5.000.000 strangers on Stranger Cam for Free! Turn on your cam and find new friends & maby a match!\",\"breadcrumb\":{\"@id\":\"https:\/\/strangercam.com\/wireclub\/#breadcrumb\"},\"inLanguage\":\"sv-SE\",\"potentialAction\":[{\"@type\":\"ReadAction\",\"target\":[\"https:\/\/strangercam.com\/wireclub\/\"]}]},{\"@type\":\"ImageObject\",\"inLanguage\":\"sv-SE\",\"@id\":\"https:\/\/strangercam.com\/wireclub\/#primaryimage\",\"url\":\"https:\/\/strangercam.com\/wp-content\/uploads\/2020\/11\/stranger-cam-1.png\",\"contentUrl\":\"https:\/\/strangercam.com\/wp-content\/uploads\/2020\/11\/stranger-cam-1.png\",\"width\":800,\"height\":800,\"caption\":\"stranger cam random video chat\"},{\"@type\":\"BreadcrumbList\",\"@id\":\"https:\/\/strangercam.com\/wireclub\/#breadcrumb\",\"itemListElement\":[{\"@type\":\"ListItem\",\"position\":1,\"name\":\"Home\",\"item\":\"https:\/\/strangercam.com\/\"},{\"@type\":\"ListItem\",\"position\":2,\"name\":\"Wireclub\"}]},{\"@type\":\"WebSite\",\"@id\":\"https:\/\/strangercam.com\/#website\",\"url\":\"https:\/\/strangercam.com\/\",\"name\":\"Strangercam\",\"description\":\"Random Video Chat with Strangers\",\"publisher\":{\"@id\":\"https:\/\/strangercam.com\/#organization\"},\"alternateName\":\"Strangercam.com\",\"potentialAction\":[{\"@type\":\"SearchAction\",\"target\":{\"@type\":\"EntryPoint\",\"urlTemplate\":\"https:\/\/strangercam.com\/?s={search_term_string}\"},\"query-input\":{\"@type\":\"PropertyValueSpecification\",\"valueRequired\":true,\"valueName\":\"search_term_string\"}}],\"inLanguage\":\"sv-SE\"},{\"@type\":\"Organization\",\"@id\":\"https:\/\/strangercam.com\/#organization\",\"name\":\"Strangercam\",\"alternateName\":\"Strangercam.com\",\"url\":\"https:\/\/strangercam.com\/\",\"logo\":{\"@type\":\"ImageObject\",\"inLanguage\":\"sv-SE\",\"@id\":\"https:\/\/strangercam.com\/#\/schema\/logo\/image\/\",\"url\":\"https:\/\/strangercam.com\/wp-content\/uploads\/2020\/11\/cropped-new-favicon-black.png\",\"contentUrl\":\"https:\/\/strangercam.com\/wp-content\/uploads\/2020\/11\/cropped-new-favicon-black.png\",\"width\":512,\"height\":512,\"caption\":\"Strangercam\"},\"image\":{\"@id\":\"https:\/\/strangercam.com\/#\/schema\/logo\/image\/\"},\"sameAs\":[\"https:\/\/www.facebook.com\/strangercam\",\"https:\/\/x.com\/strangercamapp\"]}]}<\/script>\n<!-- \/ Yoast SEO plugin. -->","yoast_head_json":{"title":"Wireclub - Anonym chatt f\u00f6r tv\u00e5 - Cam p\u00e5 StrangerCam.com","description":"Gillar du Wireclub? Kom och chatta med mer \u00e4n 5.000.000 fr\u00e4mlingar p\u00e5 Stranger Cam helt gratis! Sl\u00e5 p\u00e5 din kamera och hitta nya v\u00e4nner och kanske en match!","robots":{"index":"index","follow":"follow","max-snippet":"max-snippet:-1","max-image-preview":"max-image-preview:large","max-video-preview":"max-video-preview:-1"},"canonical":"https:\/\/strangercam.com\/sv\/wireclub\/","og_locale":"sv_SE","og_type":"article","og_title":"Wireclub - Anonymous Chat For Two - Cam on StrangerCam.com","og_description":"Like Wireclub? Come chat with more than 5.000.000 strangers on Stranger Cam for Free! Turn on your cam and find new friends & maby a match!","og_url":"https:\/\/strangercam.com\/sv\/wireclub\/","og_site_name":"Strangercam","article_publisher":"https:\/\/www.facebook.com\/strangercam","article_modified_time":"2023-08-21T10:47:57+00:00","og_image":[{"width":800,"height":800,"url":"https:\/\/strangercam.com\/wp-content\/uploads\/2020\/11\/stranger-cam-1.png","type":"image\/png"}],"twitter_card":"summary_large_image","twitter_site":"@strangercamapp","twitter_misc":{"Ber\u00e4knad l\u00e4stid":"4 minuter"},"schema":{"@context":"https:\/\/schema.org","@graph":[{"@type":"WebPage","@id":"https:\/\/strangercam.com\/wireclub\/","url":"https:\/\/strangercam.com\/wireclub\/","name":"Wireclub - Anonym chatt f\u00f6r tv\u00e5 - Cam p\u00e5 StrangerCam.com","isPartOf":{"@id":"https:\/\/strangercam.com\/#website"},"primaryImageOfPage":{"@id":"https:\/\/strangercam.com\/wireclub\/#primaryimage"},"image":{"@id":"https:\/\/strangercam.com\/wireclub\/#primaryimage"},"thumbnailUrl":"https:\/\/strangercam.com\/wp-content\/uploads\/2020\/11\/stranger-cam-1.png","datePublished":"2021-10-18T09:30:39+00:00","dateModified":"2023-08-21T10:47:57+00:00","description":"Gillar du Wireclub? Kom och chatta med mer \u00e4n 5.000.000 fr\u00e4mlingar p\u00e5 Stranger Cam helt gratis! Sl\u00e5 p\u00e5 din kamera och hitta nya v\u00e4nner och kanske en match!","breadcrumb":{"@id":"https:\/\/strangercam.com\/wireclub\/#breadcrumb"},"inLanguage":"sv-SE","potentialAction":[{"@type":"ReadAction","target":["https:\/\/strangercam.com\/wireclub\/"]}]},{"@type":"ImageObject","inLanguage":"sv-SE","@id":"https:\/\/strangercam.com\/wireclub\/#primaryimage","url":"https:\/\/strangercam.com\/wp-content\/uploads\/2020\/11\/stranger-cam-1.png","contentUrl":"https:\/\/strangercam.com\/wp-content\/uploads\/2020\/11\/stranger-cam-1.png","width":800,"height":800,"caption":"stranger cam random video chat"},{"@type":"BreadcrumbList","@id":"https:\/\/strangercam.com\/wireclub\/#breadcrumb","itemListElement":[{"@type":"ListItem","position":1,"name":"Home","item":"https:\/\/strangercam.com\/"},{"@type":"ListItem","position":2,"name":"Wireclub"}]},{"@type":"WebSite","@id":"https:\/\/strangercam.com\/#website","url":"https:\/\/strangercam.com\/","name":"Strangercam","description":"Slumpm\u00e4ssig videochatt med fr\u00e4mlingar","publisher":{"@id":"https:\/\/strangercam.com\/#organization"},"alternateName":"Strangercam.com","potentialAction":[{"@type":"SearchAction","target":{"@type":"EntryPoint","urlTemplate":"https:\/\/strangercam.com\/?s={search_term_string}"},"query-input":{"@type":"PropertyValueSpecification","valueRequired":true,"valueName":"search_term_string"}}],"inLanguage":"sv-SE"},{"@type":"Organization","@id":"https:\/\/strangercam.com\/#organization","name":"Strangercam","alternateName":"Strangercam.com","url":"https:\/\/strangercam.com\/","logo":{"@type":"ImageObject","inLanguage":"sv-SE","@id":"https:\/\/strangercam.com\/#\/schema\/logo\/image\/","url":"https:\/\/strangercam.com\/wp-content\/uploads\/2020\/11\/cropped-new-favicon-black.png","contentUrl":"https:\/\/strangercam.com\/wp-content\/uploads\/2020\/11\/cropped-new-favicon-black.png","width":512,"height":512,"caption":"Strangercam"},"image":{"@id":"https:\/\/strangercam.com\/#\/schema\/logo\/image\/"},"sameAs":["https:\/\/www.facebook.com\/strangercam","https:\/\/x.com\/strangercamapp"]}]}},"_links":{"self":[{"href":"https:\/\/strangercam.com\/sv\/wp-json\/wp\/v2\/pages\/8588","targetHints":{"allow":["GET"]}}],"collection":[{"href":"https:\/\/strangercam.com\/sv\/wp-json\/wp\/v2\/pages"}],"about":[{"href":"https:\/\/strangercam.com\/sv\/wp-json\/wp\/v2\/types\/page"}],"author":[{"embeddable":true,"href":"https:\/\/strangercam.com\/sv\/wp-json\/wp\/v2\/users\/6"}],"replies":[{"embeddable":true,"href":"https:\/\/strangercam.com\/sv\/wp-json\/wp\/v2\/comments?post=8588"}],"version-history":[{"count":0,"href":"https:\/\/strangercam.com\/sv\/wp-json\/wp\/v2\/pages\/8588\/revisions"}],"wp:featuredmedia":[{"embeddable":true,"href":"https:\/\/strangercam.com\/sv\/wp-json\/wp\/v2\/media\/559"}],"wp:attachment":[{"href":"https:\/\/strangercam.com\/sv\/wp-json\/wp\/v2\/media?parent=8588"}],"curies":[{"name":"wp","href":"https:\/\/api.w.org\/{rel}","templated":true}]}}