{"id":8554,"date":"2021-10-18T10:33:50","date_gmt":"2021-10-18T08:33:50","guid":{"rendered":"https:\/\/strangercam.com\/?page_id=8554"},"modified":"2025-01-23T12:08:04","modified_gmt":"2025-01-23T10:08:04","slug":"aterbetalning","status":"publish","type":"page","link":"https:\/\/strangercam.com\/sv\/aterbetalning\/","title":{"rendered":"\u00c5terbetalningar &amp; Chargeback"},"content":{"rendered":"<p>Tack f\u00f6r att du anv\u00e4nder v\u00e5r webbplats. Observera att all fakturering, \u00e5terbetalning och kundsupport f\u00f6r tj\u00e4nster som k\u00f6ps via l\u00e4nkar p\u00e5 v\u00e5r webbplats hanteras av <a href=\"https:\/\/strangercam.com\/sv\/coomeet\/\">Coomeet<\/a>. Som affiliate behandlar vi inte betalningar, utf\u00e4rdar \u00e5terbetalningar eller hanterar kundf\u00f6rfr\u00e5gningar f\u00f6r dessa transaktioner.<\/p>\n<ol>\n<li><strong>Digitala produkter och tj\u00e4nster<\/strong><br \/>\nV\u00e5r webbplats kan marknadsf\u00f6ra icke-materiella, o\u00e5terkalleliga digitala produkter och tj\u00e4nster som erbjuds av Coomeet. Innan du g\u00f6r ett k\u00f6p, v\u00e4nligen granska produkten eller tj\u00e4nsten detaljer noggrant f\u00f6r att se till att det uppfyller dina f\u00f6rv\u00e4ntningar. Om du har n\u00e5gra fr\u00e5gor om produktens eller tj\u00e4nstens natur, v\u00e4nligen kontakta Coomeet: s supportteam f\u00f6r f\u00f6rtydligande innan du forts\u00e4tter med din betalning.<\/li>\n<li><strong>\u00c5terbetalning<\/strong><br \/>\nEftersom Coomeet hanterar fakturering kommer de att avg\u00f6ra om du \u00e4r ber\u00e4ttigad till \u00e5terbetalning enligt deras policy. \u00c5terbetalningar kan beviljas under s\u00e4rskilda omst\u00e4ndigheter (t.ex. dubbla betalningar eller tekniska fel). F\u00f6r att beg\u00e4ra en \u00e5terbetalning, f\u00f6lj Coomeet:s angivna process och kontakta deras supportteam med f\u00f6ljande information:<\/p>\n<ul>\n<li>Betalningsdag, betalningsbelopp och betalningsmetod<\/li>\n<li>Order-\/betalnings-\/transaktionsnummer (eller andra identifierande uppgifter)<\/li>\n<li>Orsak till beg\u00e4ran om \u00e5terbetalning<\/li>\n<\/ul>\n<p>Om en \u00e5terbetalning godk\u00e4nns, observera att kreditkorts- eller bankbehandlingstiderna kan variera och vanligtvis varierar fr\u00e5n 3-10 arbetsdagar. Eventuella fr\u00e5gor om status eller tidpunkt f\u00f6r din \u00e5terbetalning ska riktas till Coomeet:s kundsupport.<\/li>\n<li><strong>\u00c5terkrav<\/strong><br \/>\nI h\u00e4ndelse av en chargeback kommer Coomeet att genomf\u00f6ra en grundlig unders\u00f6kning av transaktionen. Var medveten om att initiering av en falsk eller bedr\u00e4glig chargeback kan leda till begr\u00e4nsningar av ditt konto och framtida medlemskap. Om du beh\u00f6ver hj\u00e4lp eller f\u00f6rtydligande ang\u00e5ende din fakturering, v\u00e4nligen kontakta Coomeet:s supportteam innan du anv\u00e4nder dig av en chargeback.<\/li>\n<li><strong>L\u00e4nkar och tj\u00e4nster fr\u00e5n tredje part<\/strong><br \/>\nV\u00e5r webbplats kan l\u00e4nka till externa webbplatser och applikationer som drivs av tredje part (inklusive Coomeet). Kunder som k\u00f6per produkter eller tj\u00e4nster fr\u00e5n dessa leverant\u00f6rer omfattas av respektive leverant\u00f6rs villkor och \u00e5terbetalningsf\u00f6rfaranden. Om du upplever n\u00e5gra problem eller har funderingar, v\u00e4nligen kontakta den relevanta tredjepartsleverant\u00f6ren direkt.<\/li>\n<li><strong>Kontakta oss<\/strong><br \/>\nOm du har n\u00e5gra allm\u00e4nna fr\u00e5gor ang\u00e5ende v\u00e5r anknytning till Coomeet eller inneh\u00e5llet p\u00e5 v\u00e5r webbplats, v\u00e4nligen kontakta <a href=\"https:\/\/strangercam.com\/sv\/chatta4gratis\/\">fri<\/a> att n\u00e5 ut till oss via v\u00e5r kontaktsida. Observera dock att alla fr\u00e5gor om fakturering och \u00e5terbetalning m\u00e5ste riktas till Coomeet:s kundsupport.<\/li>\n<\/ol>\n<p>Tack f\u00f6r din f\u00f6rst\u00e5else och ditt samarbete. Vi uppskattar ditt st\u00f6d och str\u00e4var efter att s\u00e4kerst\u00e4lla en smidig upplevelse.<\/p>","protected":false},"excerpt":{"rendered":"<p>Thank you for using our Website. Please note that all billing, chargebacks, and customer support for services purchased through links on our Website are handled by Coomeet. As an affiliate, we do not process payments, issue refunds, or manage customer inquiries for these transactions. Digital Products &amp; Services Our Website may promote non-tangible, irrevocable digital [&hellip;]<\/p>\n","protected":false},"author":1,"featured_media":0,"parent":0,"menu_order":0,"comment_status":"closed","ping_status":"closed","template":"","meta":{"footnotes":""},"class_list":["post-8554","page","type-page","status-publish","hentry"],"yoast_head":"<!-- This site is optimized with the Yoast SEO plugin v26.9 - https:\/\/yoast.com\/product\/yoast-seo-wordpress\/ -->\n<title>Refunds &amp; Chargeback - Strangercam<\/title>\n<meta name=\"robots\" content=\"index, follow, max-snippet:-1, max-image-preview:large, max-video-preview:-1\" \/>\n<link rel=\"canonical\" href=\"https:\/\/strangercam.com\/sv\/aterbetalning\/\" \/>\n<meta property=\"og:locale\" content=\"sv_SE\" \/>\n<meta property=\"og:type\" content=\"article\" \/>\n<meta property=\"og:title\" content=\"Refunds &amp; Chargeback - Strangercam\" \/>\n<meta property=\"og:description\" content=\"Thank you for using our Website. Please note that all billing, chargebacks, and customer support for services purchased through links on our Website are handled by Coomeet. As an affiliate, we do not process payments, issue refunds, or manage customer inquiries for these transactions. Digital Products &amp; Services Our Website may promote non-tangible, irrevocable digital [&hellip;]\" \/>\n<meta property=\"og:url\" content=\"https:\/\/strangercam.com\/sv\/aterbetalning\/\" \/>\n<meta property=\"og:site_name\" content=\"Strangercam\" \/>\n<meta property=\"article:publisher\" content=\"https:\/\/www.facebook.com\/strangercam\" \/>\n<meta property=\"article:modified_time\" content=\"2025-01-23T10:08:04+00:00\" \/>\n<meta property=\"og:image\" content=\"https:\/\/strangercam.com\/wp-content\/uploads\/2021\/10\/Untitled-2.png\" \/>\n\t<meta property=\"og:image:width\" content=\"800\" \/>\n\t<meta property=\"og:image:height\" content=\"532\" \/>\n\t<meta property=\"og:image:type\" content=\"image\/png\" \/>\n<meta name=\"twitter:card\" content=\"summary_large_image\" \/>\n<meta name=\"twitter:site\" content=\"@strangercamapp\" \/>\n<meta name=\"twitter:label1\" content=\"Ber\u00e4knad l\u00e4stid\" \/>\n\t<meta name=\"twitter:data1\" content=\"2 minuter\" \/>\n<script type=\"application\/ld+json\" class=\"yoast-schema-graph\">{\"@context\":\"https:\/\/schema.org\",\"@graph\":[{\"@type\":\"WebPage\",\"@id\":\"https:\/\/strangercam.com\/refund\/\",\"url\":\"https:\/\/strangercam.com\/refund\/\",\"name\":\"Refunds & Chargeback - Strangercam\",\"isPartOf\":{\"@id\":\"https:\/\/strangercam.com\/#website\"},\"datePublished\":\"2021-10-18T08:33:50+00:00\",\"dateModified\":\"2025-01-23T10:08:04+00:00\",\"breadcrumb\":{\"@id\":\"https:\/\/strangercam.com\/refund\/#breadcrumb\"},\"inLanguage\":\"sv-SE\",\"potentialAction\":[{\"@type\":\"ReadAction\",\"target\":[\"https:\/\/strangercam.com\/refund\/\"]}]},{\"@type\":\"BreadcrumbList\",\"@id\":\"https:\/\/strangercam.com\/refund\/#breadcrumb\",\"itemListElement\":[{\"@type\":\"ListItem\",\"position\":1,\"name\":\"Home\",\"item\":\"https:\/\/strangercam.com\/\"},{\"@type\":\"ListItem\",\"position\":2,\"name\":\"Refunds &#038; Chargeback\"}]},{\"@type\":\"WebSite\",\"@id\":\"https:\/\/strangercam.com\/#website\",\"url\":\"https:\/\/strangercam.com\/\",\"name\":\"Strangercam\",\"description\":\"Random Video Chat with Strangers\",\"publisher\":{\"@id\":\"https:\/\/strangercam.com\/#organization\"},\"alternateName\":\"Strangercam.com\",\"potentialAction\":[{\"@type\":\"SearchAction\",\"target\":{\"@type\":\"EntryPoint\",\"urlTemplate\":\"https:\/\/strangercam.com\/?s={search_term_string}\"},\"query-input\":{\"@type\":\"PropertyValueSpecification\",\"valueRequired\":true,\"valueName\":\"search_term_string\"}}],\"inLanguage\":\"sv-SE\"},{\"@type\":\"Organization\",\"@id\":\"https:\/\/strangercam.com\/#organization\",\"name\":\"Strangercam\",\"alternateName\":\"Strangercam.com\",\"url\":\"https:\/\/strangercam.com\/\",\"logo\":{\"@type\":\"ImageObject\",\"inLanguage\":\"sv-SE\",\"@id\":\"https:\/\/strangercam.com\/#\/schema\/logo\/image\/\",\"url\":\"https:\/\/strangercam.com\/wp-content\/uploads\/2020\/11\/cropped-new-favicon-black.png\",\"contentUrl\":\"https:\/\/strangercam.com\/wp-content\/uploads\/2020\/11\/cropped-new-favicon-black.png\",\"width\":512,\"height\":512,\"caption\":\"Strangercam\"},\"image\":{\"@id\":\"https:\/\/strangercam.com\/#\/schema\/logo\/image\/\"},\"sameAs\":[\"https:\/\/www.facebook.com\/strangercam\",\"https:\/\/x.com\/strangercamapp\"]}]}<\/script>\n<!-- \/ Yoast SEO plugin. -->","yoast_head_json":{"title":"\u00c5terbetalningar &amp; Chargeback - Strangercam","robots":{"index":"index","follow":"follow","max-snippet":"max-snippet:-1","max-image-preview":"max-image-preview:large","max-video-preview":"max-video-preview:-1"},"canonical":"https:\/\/strangercam.com\/sv\/aterbetalning\/","og_locale":"sv_SE","og_type":"article","og_title":"Refunds & Chargeback - Strangercam","og_description":"Thank you for using our Website. Please note that all billing, chargebacks, and customer support for services purchased through links on our Website are handled by Coomeet. As an affiliate, we do not process payments, issue refunds, or manage customer inquiries for these transactions. Digital Products &amp; Services Our Website may promote non-tangible, irrevocable digital [&hellip;]","og_url":"https:\/\/strangercam.com\/sv\/aterbetalning\/","og_site_name":"Strangercam","article_publisher":"https:\/\/www.facebook.com\/strangercam","article_modified_time":"2025-01-23T10:08:04+00:00","og_image":[{"width":800,"height":532,"url":"https:\/\/strangercam.com\/wp-content\/uploads\/2021\/10\/Untitled-2.png","type":"image\/png"}],"twitter_card":"summary_large_image","twitter_site":"@strangercamapp","twitter_misc":{"Ber\u00e4knad l\u00e4stid":"2 minuter"},"schema":{"@context":"https:\/\/schema.org","@graph":[{"@type":"WebPage","@id":"https:\/\/strangercam.com\/refund\/","url":"https:\/\/strangercam.com\/refund\/","name":"\u00c5terbetalningar &amp; Chargeback - Strangercam","isPartOf":{"@id":"https:\/\/strangercam.com\/#website"},"datePublished":"2021-10-18T08:33:50+00:00","dateModified":"2025-01-23T10:08:04+00:00","breadcrumb":{"@id":"https:\/\/strangercam.com\/refund\/#breadcrumb"},"inLanguage":"sv-SE","potentialAction":[{"@type":"ReadAction","target":["https:\/\/strangercam.com\/refund\/"]}]},{"@type":"BreadcrumbList","@id":"https:\/\/strangercam.com\/refund\/#breadcrumb","itemListElement":[{"@type":"ListItem","position":1,"name":"Home","item":"https:\/\/strangercam.com\/"},{"@type":"ListItem","position":2,"name":"Refunds &#038; Chargeback"}]},{"@type":"WebSite","@id":"https:\/\/strangercam.com\/#website","url":"https:\/\/strangercam.com\/","name":"Strangercam","description":"Slumpm\u00e4ssig videochatt med fr\u00e4mlingar","publisher":{"@id":"https:\/\/strangercam.com\/#organization"},"alternateName":"Strangercam.com","potentialAction":[{"@type":"SearchAction","target":{"@type":"EntryPoint","urlTemplate":"https:\/\/strangercam.com\/?s={search_term_string}"},"query-input":{"@type":"PropertyValueSpecification","valueRequired":true,"valueName":"search_term_string"}}],"inLanguage":"sv-SE"},{"@type":"Organization","@id":"https:\/\/strangercam.com\/#organization","name":"Strangercam","alternateName":"Strangercam.com","url":"https:\/\/strangercam.com\/","logo":{"@type":"ImageObject","inLanguage":"sv-SE","@id":"https:\/\/strangercam.com\/#\/schema\/logo\/image\/","url":"https:\/\/strangercam.com\/wp-content\/uploads\/2020\/11\/cropped-new-favicon-black.png","contentUrl":"https:\/\/strangercam.com\/wp-content\/uploads\/2020\/11\/cropped-new-favicon-black.png","width":512,"height":512,"caption":"Strangercam"},"image":{"@id":"https:\/\/strangercam.com\/#\/schema\/logo\/image\/"},"sameAs":["https:\/\/www.facebook.com\/strangercam","https:\/\/x.com\/strangercamapp"]}]}},"_links":{"self":[{"href":"https:\/\/strangercam.com\/sv\/wp-json\/wp\/v2\/pages\/8554","targetHints":{"allow":["GET"]}}],"collection":[{"href":"https:\/\/strangercam.com\/sv\/wp-json\/wp\/v2\/pages"}],"about":[{"href":"https:\/\/strangercam.com\/sv\/wp-json\/wp\/v2\/types\/page"}],"author":[{"embeddable":true,"href":"https:\/\/strangercam.com\/sv\/wp-json\/wp\/v2\/users\/1"}],"replies":[{"embeddable":true,"href":"https:\/\/strangercam.com\/sv\/wp-json\/wp\/v2\/comments?post=8554"}],"version-history":[{"count":1,"href":"https:\/\/strangercam.com\/sv\/wp-json\/wp\/v2\/pages\/8554\/revisions"}],"predecessor-version":[{"id":12667,"href":"https:\/\/strangercam.com\/sv\/wp-json\/wp\/v2\/pages\/8554\/revisions\/12667"}],"wp:attachment":[{"href":"https:\/\/strangercam.com\/sv\/wp-json\/wp\/v2\/media?parent=8554"}],"curies":[{"name":"wp","href":"https:\/\/api.w.org\/{rel}","templated":true}]}}