{"id":8446,"date":"2021-10-06T19:55:53","date_gmt":"2021-10-06T17:55:53","guid":{"rendered":"https:\/\/strangercam.com\/?page_id=8446"},"modified":"2023-08-04T11:12:26","modified_gmt":"2023-08-04T09:12:26","slug":"kontakt","status":"publish","type":"page","link":"https:\/\/strangercam.com\/sv\/contact\/","title":{"rendered":"Kontakta oss"},"content":{"rendered":"<p>Om du beh\u00f6ver hj\u00e4lp eller har n\u00e5gra fr\u00e5gor om v\u00e5r tj\u00e4nst finns vi h\u00e4r f\u00f6r att hj\u00e4lpa dig! Men innan du kontaktar oss f\u00f6resl\u00e5r vi att du l\u00e4ser igenom svaren p\u00e5 v\u00e5ra vanligaste fr\u00e5gor nedan. Vi har m\u00e4rkt att m\u00e5nga anv\u00e4ndare hittar de l\u00f6sningar de s\u00f6ker utan att beh\u00f6va v\u00e4nta p\u00e5 ett svar fr\u00e5n v\u00e5rt team.<\/p>\n<h2>Vanliga fr\u00e5gor och svar (FAQ)<\/h2>\n<p><strong>1. Kommer mitt k\u00f6p att f\u00f6rnyas automatiskt?<\/strong><\/p>\n<p>Ja, ditt k\u00f6p kommer att f\u00f6rnyas automatiskt om du har tecknat en prenumeration p\u00e5 <a href=\"https:\/\/strangercam.com\/sv\/\">Strangercam<\/a> Premium. Om du vill s\u00e4ga upp din prenumeration, g\u00e5 till v\u00e5r <a href=\"http:\/\/cs.segpay.com\/\">anpassad supportsida<\/a> och ange dina betalningsuppgifter. Du kommer d\u00e5 att kunna avbryta f\u00f6rnyelsen av din prenumeration. Om du har k\u00f6pt ett Diamonds-paket kommer du inte att faktureras igen eftersom de \u00e4r eng\u00e5ngsk\u00f6p.<\/p>\n<p><strong>2. Kan jag radera mitt konto?<\/strong><\/p>\n<p>F\u00f6r n\u00e4rvarande kan du inte radera ditt konto eftersom vi inte lagrar eller h\u00e5ller n\u00e5gra personuppgifter. Vi f\u00f6rb\u00e4ttrar kontinuerligt v\u00e5ra system och vi planerar att inkludera ett alternativ f\u00f6r radering av profiler i framtiden.<\/p>\n<p><strong>3. Kan jag bli avblockerad?<\/strong><\/p>\n<p>N\u00e4r v\u00e5rt granskningsteam p\u00e5 Strangercam.com har blockerat en anv\u00e4ndare \u00e4r beslutet slutgiltigt och avblockeringar kan inte beg\u00e4ras.<\/p>\n<p><strong>4. Kan jag f\u00e5 pengarna tillbaka?<\/strong><\/p>\n<p>Vi ber er v\u00e4nligen att h\u00e4nvisa till <a href=\"https:\/\/strangercam.com\/sv\/aterbetalning\/\">\u00e5terbetalningspolicy finns tillg\u00e4nglig p\u00e5 v\u00e5r webbplats<\/a>. Denna policy ger tydliga riktlinjer f\u00f6r de situationer d\u00e4r vi kan komma att \u00e5terbetala ett k\u00f6p.<\/p>\n<h3>Beh\u00f6ver du fortfarande hj\u00e4lp?<\/h3>\n<p>Om din fr\u00e5ga inte t\u00e4cktes ovan, tveka inte att kontakta oss med hj\u00e4lp av formul\u00e4ret nedan. Vi str\u00e4var efter att besvara alla f\u00f6rfr\u00e5gningar s\u00e5 snabbt som m\u00f6jligt, men v\u00e4nligen r\u00e4kna med upp till 24 timmar f\u00f6r ett svar. Vi uppskattar ditt t\u00e5lamod och ser fram emot att hj\u00e4lpa dig!<\/p>","protected":false},"excerpt":{"rendered":"<p>If you need assistance or have any questions about our service, we&#8217;re here to help! But before you reach out, we suggest you review the answers to our most frequently asked questions below. We&#8217;ve found that many users find the solutions they&#8217;re looking for without having to wait for a response from our team. Frequently [&hellip;]<\/p>\n","protected":false},"author":1,"featured_media":0,"parent":0,"menu_order":0,"comment_status":"closed","ping_status":"closed","template":"","meta":{"footnotes":""},"class_list":["post-8446","page","type-page","status-publish","hentry"],"yoast_head":"<!-- This site is optimized with the Yoast SEO plugin v27.4 - https:\/\/yoast.com\/product\/yoast-seo-wordpress\/ -->\n<title>Contact Us - Strangercam<\/title>\n<meta name=\"robots\" content=\"index, follow, max-snippet:-1, max-image-preview:large, max-video-preview:-1\" \/>\n<link rel=\"canonical\" href=\"https:\/\/strangercam.com\/sv\/kontakt\/\" \/>\n<meta property=\"og:locale\" content=\"sv_SE\" \/>\n<meta property=\"og:type\" content=\"article\" \/>\n<meta property=\"og:title\" content=\"Contact Us - Strangercam\" \/>\n<meta property=\"og:description\" content=\"If you need assistance or have any questions about our service, we&#8217;re here to help! But before you reach out, we suggest you review the answers to our most frequently asked questions below. We&#8217;ve found that many users find the solutions they&#8217;re looking for without having to wait for a response from our team. Frequently [&hellip;]\" \/>\n<meta property=\"og:url\" content=\"https:\/\/strangercam.com\/sv\/kontakt\/\" \/>\n<meta property=\"og:site_name\" content=\"Strangercam\" \/>\n<meta property=\"article:publisher\" content=\"https:\/\/www.facebook.com\/strangercam\" \/>\n<meta property=\"article:modified_time\" content=\"2023-08-04T09:12:26+00:00\" \/>\n<meta property=\"og:image\" content=\"https:\/\/strangercam.com\/wp-content\/uploads\/2021\/10\/Untitled-2.png\" \/>\n\t<meta property=\"og:image:width\" content=\"800\" \/>\n\t<meta property=\"og:image:height\" content=\"532\" \/>\n\t<meta property=\"og:image:type\" content=\"image\/png\" \/>\n<meta name=\"twitter:card\" content=\"summary_large_image\" \/>\n<meta name=\"twitter:site\" content=\"@strangercamapp\" \/>\n<meta name=\"twitter:label1\" content=\"Ber\u00e4knad l\u00e4stid\" \/>\n\t<meta name=\"twitter:data1\" content=\"2 minuter\" \/>\n<script type=\"application\/ld+json\" class=\"yoast-schema-graph\">{\"@context\":\"https:\\\/\\\/schema.org\",\"@graph\":[{\"@type\":\"WebPage\",\"@id\":\"https:\\\/\\\/strangercam.com\\\/contact\\\/\",\"url\":\"https:\\\/\\\/strangercam.com\\\/contact\\\/\",\"name\":\"Contact Us - Strangercam\",\"isPartOf\":{\"@id\":\"https:\\\/\\\/strangercam.com\\\/#website\"},\"datePublished\":\"2021-10-06T17:55:53+00:00\",\"dateModified\":\"2023-08-04T09:12:26+00:00\",\"breadcrumb\":{\"@id\":\"https:\\\/\\\/strangercam.com\\\/contact\\\/#breadcrumb\"},\"inLanguage\":\"sv-SE\",\"potentialAction\":[{\"@type\":\"ReadAction\",\"target\":[\"https:\\\/\\\/strangercam.com\\\/contact\\\/\"]}]},{\"@type\":\"BreadcrumbList\",\"@id\":\"https:\\\/\\\/strangercam.com\\\/contact\\\/#breadcrumb\",\"itemListElement\":[{\"@type\":\"ListItem\",\"position\":1,\"name\":\"Home\",\"item\":\"https:\\\/\\\/strangercam.com\\\/\"},{\"@type\":\"ListItem\",\"position\":2,\"name\":\"Contact Us\"}]},{\"@type\":\"WebSite\",\"@id\":\"https:\\\/\\\/strangercam.com\\\/#website\",\"url\":\"https:\\\/\\\/strangercam.com\\\/\",\"name\":\"Strangercam\",\"description\":\"Random Video Chat with Strangers\",\"publisher\":{\"@id\":\"https:\\\/\\\/strangercam.com\\\/#organization\"},\"alternateName\":\"Strangercam.com\",\"potentialAction\":[{\"@type\":\"SearchAction\",\"target\":{\"@type\":\"EntryPoint\",\"urlTemplate\":\"https:\\\/\\\/strangercam.com\\\/?s={search_term_string}\"},\"query-input\":{\"@type\":\"PropertyValueSpecification\",\"valueRequired\":true,\"valueName\":\"search_term_string\"}}],\"inLanguage\":\"sv-SE\"},{\"@type\":\"Organization\",\"@id\":\"https:\\\/\\\/strangercam.com\\\/#organization\",\"name\":\"Strangercam\",\"alternateName\":\"Strangercam.com\",\"url\":\"https:\\\/\\\/strangercam.com\\\/\",\"logo\":{\"@type\":\"ImageObject\",\"inLanguage\":\"sv-SE\",\"@id\":\"https:\\\/\\\/strangercam.com\\\/#\\\/schema\\\/logo\\\/image\\\/\",\"url\":\"https:\\\/\\\/strangercam.com\\\/wp-content\\\/uploads\\\/2020\\\/11\\\/cropped-new-favicon-black.png\",\"contentUrl\":\"https:\\\/\\\/strangercam.com\\\/wp-content\\\/uploads\\\/2020\\\/11\\\/cropped-new-favicon-black.png\",\"width\":512,\"height\":512,\"caption\":\"Strangercam\"},\"image\":{\"@id\":\"https:\\\/\\\/strangercam.com\\\/#\\\/schema\\\/logo\\\/image\\\/\"},\"sameAs\":[\"https:\\\/\\\/www.facebook.com\\\/strangercam\",\"https:\\\/\\\/x.com\\\/strangercamapp\"]}]}<\/script>\n<!-- \/ Yoast SEO plugin. -->","yoast_head_json":{"title":"Kontakta oss - Strangercam","robots":{"index":"index","follow":"follow","max-snippet":"max-snippet:-1","max-image-preview":"max-image-preview:large","max-video-preview":"max-video-preview:-1"},"canonical":"https:\/\/strangercam.com\/sv\/kontakt\/","og_locale":"sv_SE","og_type":"article","og_title":"Contact Us - Strangercam","og_description":"If you need assistance or have any questions about our service, we&#8217;re here to help! But before you reach out, we suggest you review the answers to our most frequently asked questions below. We&#8217;ve found that many users find the solutions they&#8217;re looking for without having to wait for a response from our team. Frequently [&hellip;]","og_url":"https:\/\/strangercam.com\/sv\/kontakt\/","og_site_name":"Strangercam","article_publisher":"https:\/\/www.facebook.com\/strangercam","article_modified_time":"2023-08-04T09:12:26+00:00","og_image":[{"width":800,"height":532,"url":"https:\/\/strangercam.com\/wp-content\/uploads\/2021\/10\/Untitled-2.png","type":"image\/png"}],"twitter_card":"summary_large_image","twitter_site":"@strangercamapp","twitter_misc":{"Ber\u00e4knad l\u00e4stid":"2 minuter"},"schema":{"@context":"https:\/\/schema.org","@graph":[{"@type":"WebPage","@id":"https:\/\/strangercam.com\/contact\/","url":"https:\/\/strangercam.com\/contact\/","name":"Kontakta oss - Strangercam","isPartOf":{"@id":"https:\/\/strangercam.com\/#website"},"datePublished":"2021-10-06T17:55:53+00:00","dateModified":"2023-08-04T09:12:26+00:00","breadcrumb":{"@id":"https:\/\/strangercam.com\/contact\/#breadcrumb"},"inLanguage":"sv-SE","potentialAction":[{"@type":"ReadAction","target":["https:\/\/strangercam.com\/contact\/"]}]},{"@type":"BreadcrumbList","@id":"https:\/\/strangercam.com\/contact\/#breadcrumb","itemListElement":[{"@type":"ListItem","position":1,"name":"Home","item":"https:\/\/strangercam.com\/"},{"@type":"ListItem","position":2,"name":"Contact Us"}]},{"@type":"WebSite","@id":"https:\/\/strangercam.com\/#website","url":"https:\/\/strangercam.com\/","name":"Strangercam","description":"Slumpm\u00e4ssig videochatt med fr\u00e4mlingar","publisher":{"@id":"https:\/\/strangercam.com\/#organization"},"alternateName":"Strangercam.com","potentialAction":[{"@type":"SearchAction","target":{"@type":"EntryPoint","urlTemplate":"https:\/\/strangercam.com\/?s={search_term_string}"},"query-input":{"@type":"PropertyValueSpecification","valueRequired":true,"valueName":"search_term_string"}}],"inLanguage":"sv-SE"},{"@type":"Organization","@id":"https:\/\/strangercam.com\/#organization","name":"Strangercam","alternateName":"Strangercam.com","url":"https:\/\/strangercam.com\/","logo":{"@type":"ImageObject","inLanguage":"sv-SE","@id":"https:\/\/strangercam.com\/#\/schema\/logo\/image\/","url":"https:\/\/strangercam.com\/wp-content\/uploads\/2020\/11\/cropped-new-favicon-black.png","contentUrl":"https:\/\/strangercam.com\/wp-content\/uploads\/2020\/11\/cropped-new-favicon-black.png","width":512,"height":512,"caption":"Strangercam"},"image":{"@id":"https:\/\/strangercam.com\/#\/schema\/logo\/image\/"},"sameAs":["https:\/\/www.facebook.com\/strangercam","https:\/\/x.com\/strangercamapp"]}]}},"_links":{"self":[{"href":"https:\/\/strangercam.com\/sv\/wp-json\/wp\/v2\/pages\/8446","targetHints":{"allow":["GET"]}}],"collection":[{"href":"https:\/\/strangercam.com\/sv\/wp-json\/wp\/v2\/pages"}],"about":[{"href":"https:\/\/strangercam.com\/sv\/wp-json\/wp\/v2\/types\/page"}],"author":[{"embeddable":true,"href":"https:\/\/strangercam.com\/sv\/wp-json\/wp\/v2\/users\/1"}],"replies":[{"embeddable":true,"href":"https:\/\/strangercam.com\/sv\/wp-json\/wp\/v2\/comments?post=8446"}],"version-history":[{"count":0,"href":"https:\/\/strangercam.com\/sv\/wp-json\/wp\/v2\/pages\/8446\/revisions"}],"wp:attachment":[{"href":"https:\/\/strangercam.com\/sv\/wp-json\/wp\/v2\/media?parent=8446"}],"curies":[{"name":"wp","href":"https:\/\/api.w.org\/{rel}","templated":true}]}}