{"id":8386,"date":"2024-09-19T11:35:24","date_gmt":"2024-09-19T09:35:24","guid":{"rendered":"https:\/\/strangercam.com\/?page_id=8386"},"modified":"2024-09-19T11:37:00","modified_gmt":"2024-09-19T09:37:00","slug":"chat-avenue","status":"publish","type":"page","link":"https:\/\/strangercam.com\/sv\/chat-avenue\/","title":{"rendered":"Chat Avenue"},"content":{"rendered":"<p><a href=\"https:\/\/strangercam.com\/sv\/chatroulette\/\">Chatt<\/a> Avenue, \u00e4ven k\u00e4nd som Chat Ave, \u00e4r en av de \u00e4ldsta och mest popul\u00e4ra onlinechattplattformarna som finns tillg\u00e4ngliga idag. Den grundades \u00e5r 2000 och har vuxit till en livlig gemenskap d\u00e4r miljontals m\u00e4nniskor fr\u00e5n hela v\u00e4rlden samlas f\u00f6r att konversera, f\u00e5 nya v\u00e4nner och dela erfarenheter. Med \u00f6ver 7 miljoner bes\u00f6kare varje m\u00e5nad erbjuder Chat Avenue en dynamisk milj\u00f6 f\u00f6r b\u00e5de nya och erfarna chattentusiaster.<\/p>\n<h2>Vad \u00e4r Chat Avenue?<\/h2>\n<p>Chat Avenue \u00e4r en onlineplattform som ger anv\u00e4ndare tillg\u00e5ng till gratis chattrum som t\u00e4cker ett brett spektrum av \u00e4mnen och intressen. Fr\u00e5n avslappnade konversationer till mer fokuserade diskussioner, Chat Avenue har n\u00e5got f\u00f6r alla. Plattformen \u00e4r utformad f\u00f6r att vara anv\u00e4ndarv\u00e4nlig och tillg\u00e4nglig f\u00f6r m\u00e4nniskor i alla \u00e5ldrar och bakgrunder, vilket g\u00f6r det enkelt f\u00f6r alla att g\u00e5 med och b\u00f6rja chatta direkt.<\/p>\n<h2>Varf\u00f6r v\u00e4lja Chat Avenue?<\/h2>\n<p>Det finns flera sk\u00e4l till varf\u00f6r Chat Avenue sticker ut som en f\u00f6rstklassig onlinechattplattform:<\/p>\n<ul>\n<li><strong>Olika chattrum:<\/strong> Med 20 olika chattrum att v\u00e4lja mellan kan du hitta det som passar dina intressen perfekt. Oavsett om du gillar musik, sport, teknik eller letar efter \u00e5ldersspecifika chattrum finns det en <a href=\"https:\/\/strangercam.com\/sv\/mocospace\/\">utrymme<\/a> f\u00f6r dig.<\/li>\n<li><strong>Anv\u00e4ndarv\u00e4nligt gr\u00e4nssnitt:<\/strong> Plattformen \u00e4r utformad f\u00f6r alla, oavsett \u00e5lder eller teknisk expertis. Dess enkla layout g\u00f6r det enkelt att navigera och b\u00f6rja chatta utan kr\u00e5ngel.<\/li>\n<li><strong>Global gemenskap:<\/strong> F\u00e5 kontakt med tusentals m\u00e4nniskor fr\u00e5n olika l\u00e4nder, kulturer och bakgrunder. Vidga dina vyer och l\u00e4r dig nya perspektiv genom att delta i konversationer med m\u00e4nniskor fr\u00e5n hela v\u00e4rlden.<\/li>\n<li><strong>Sekretess och anonymitet:<\/strong> Chat Avenue l\u00e5ter dig logga in som \u201cg\u00e4stanv\u00e4ndare\u201d, vilket s\u00e4kerst\u00e4ller att din identitet f\u00f6rblir konfidentiell. Du beh\u00f6ver inte ange n\u00e5gon e-postadress, profil p\u00e5 sociala medier eller n\u00e5gon annan personlig information f\u00f6r att b\u00f6rja chatta.<\/li>\n<li><strong>Gratis att anv\u00e4nda:<\/strong> Chat Avenue \u00e4r helt gratis. Du kan g\u00e5 med i vilket chattrum som helst utan n\u00e5gra avgifter eller dolda avgifter.<\/li>\n<\/ul>\n<h2>Hur man anv\u00e4nder Chat Avenue<\/h2>\n<p>Att anv\u00e4nda Chat Avenue \u00e4r enkelt och okomplicerat. H\u00e4r \u00e4r en steg-f\u00f6r-steg-guide:<\/p>\n<ol>\n<li><strong>Bes\u00f6k webbplatsen:<\/strong> G\u00e5 till Chat Avenue:s hemsida.<\/li>\n<li><strong>V\u00e4lj ett chattrum:<\/strong> Bl\u00e4ddra igenom de 20 tillg\u00e4ngliga chattrummen och v\u00e4lj ett som passar dina intressen. Bland alternativen finns Teen Chat, Adult Chat, Music Chat, Sports Chat, Technology Chat, Dating Chat, LGBTQ+ Chat och mycket mer.<\/li>\n<li><strong>Ange ett anv\u00e4ndarnamn:<\/strong> Du kan logga in som g\u00e4st genom att helt enkelt v\u00e4lja ett anv\u00e4ndarnamn. Det finns inget behov av registrering eller att l\u00e4mna n\u00e5gon personlig information.<\/li>\n<li><strong>B\u00f6rja chatta:<\/strong> N\u00e4r du har skrivit in ditt anv\u00e4ndarnamn kommer du till chattrummet d\u00e4r du omedelbart kan b\u00f6rja interagera med andra anv\u00e4ndare.<\/li>\n<\/ol>\n<h2>Tillg\u00e4ngliga chattrum<\/h2>\n<p>F\u00f6r att hj\u00e4lpa dig att hitta ditt perfekta chattrum, h\u00e4r \u00e4r en sammanfattning av de tillg\u00e4ngliga alternativen:<\/p>\n<ul>\n<li><strong>Teen Chat:<\/strong> Utformad f\u00f6r anv\u00e4ndare i \u00e5ldern 13-19 \u00e5r och ger en s\u00e4ker plats f\u00f6r att f\u00e5 kontakt med j\u00e4mn\u00e5riga.<\/li>\n<li><strong>Chatt f\u00f6r vuxna:<\/strong> \u00d6ppet f\u00f6r anv\u00e4ndare 18+ f\u00f6r mogna konversationer om olika \u00e4mnen.<\/li>\n<li><strong>Musikchatt:<\/strong> Diskutera dina favoritartister, album och genrer med andra musikentusiaster.<\/li>\n<li><strong>Sportchatt:<\/strong> Samarbeta med fans av olika sporter, dela med dig av h\u00f6jdpunkter fr\u00e5n matcher och diskutera kommande evenemang.<\/li>\n<li><strong>Teknikchatt:<\/strong> Prata om de senaste prylarna, programvarorna och tekniktrenderna.<\/li>\n<li><strong>Dejtingchatt:<\/strong> <a href=\"https:\/\/strangercam.com\/sv\/coomeet\/\">M\u00f6te<\/a> nya m\u00e4nniskor som letar efter relationer eller v\u00e4nskap.<\/li>\n<li><strong>HBTQ+ chatt:<\/strong> Ett st\u00f6djande utrymme f\u00f6r medlemmar i HBTQ+-samh\u00e4llet att f\u00e5 kontakt och dela erfarenheter.<\/li>\n<li><strong>Allm\u00e4n chatt:<\/strong> F\u00f6r avslappnade samtal om en m\u00e4ngd olika \u00e4mnen med en varierad grupp m\u00e4nniskor.<\/li>\n<li><strong>Andra intressebaserade rum:<\/strong> Inklusive men inte begr\u00e4nsat till Video Games Chat, Anime Chat och mer.<\/li>\n<\/ul>\n<h2>Tips f\u00f6r att f\u00e5 ut mesta m\u00f6jliga av Chat Avenue<\/h2>\n<p>T\u00e4nk p\u00e5 f\u00f6ljande tips f\u00f6r att f\u00f6rb\u00e4ttra din upplevelse p\u00e5 Chat Avenue:<\/p>\n<ul>\n<li><strong>Inled samtal:<\/strong> Tveka inte att starta en chatt med ett enkelt \u201cHej\u201d eller \u201cHej\u201d. Att ta det f\u00f6rsta steget kan leda till engagerande och meningsfulla diskussioner.<\/li>\n<li><strong>Ha ett \u00f6ppet sinne:<\/strong> Omfamna m\u00e5ngfalden i samh\u00e4llet. M\u00e4nniskor fr\u00e5n olika bakgrunder bidrar till rika och upplysande samtal.<\/li>\n<li><strong>Respektera andra:<\/strong> Var alltid h\u00f6vlig och f\u00f6rst\u00e5ende i alla sammanhang. Detta fr\u00e4mjar en positiv milj\u00f6 f\u00f6r alla.<\/li>\n<li><strong>Hantera avvisanden p\u00e5 ett v\u00e4rdigt s\u00e4tt:<\/strong> Det \u00e4r inte s\u00e4kert att alla svarar eller delar samma intressen, och det \u00e4r okej. G\u00e5 vidare till nya kontakter utan att ta det personligt.<\/li>\n<li><strong>\u00d6vning ger f\u00e4rdighet:<\/strong> Ju mer du engagerar dig, desto mer bekv\u00e4m blir du. Med tiden kommer chattandet att k\u00e4nnas mer naturligt och trevligt.<\/li>\n<\/ul>\n<h2>Att \u00f6vervinna vanliga r\u00e4dslor<\/h2>\n<p>Att inleda samtal med fr\u00e4mlingar p\u00e5 n\u00e4tet kan vara skr\u00e4mmande, s\u00e4rskilt om du \u00e4r nyb\u00f6rjare. H\u00e4r \u00e4r n\u00e5gra s\u00e4tt att \u00f6vervinna vanliga r\u00e4dslor:<\/p>\n<ul>\n<li><strong>Bek\u00e4mpa \u00e5ngest:<\/strong> Det \u00e4r normalt att k\u00e4nna sig nerv\u00f6s n\u00e4r man b\u00f6rjar. Kom ih\u00e5g att alla har varit nyb\u00f6rjare en g\u00e5ng i tiden och att de flesta anv\u00e4ndare \u00e4r v\u00e4nliga och \u00f6ppna f\u00f6r samtal.<\/li>\n<li><strong>Var dig sj\u00e4lv:<\/strong> Med \u00e4kthet kommer man l\u00e5ngt. Genuina interaktioner leder ofta till meningsfulla kontakter och v\u00e4nskap.<\/li>\n<li><strong>H\u00e5ll dig positiv:<\/strong> Fokusera p\u00e5 att njuta av upplevelsen snarare \u00e4n att oroa dig f\u00f6r resultatet. Ha kul med dina samtal och stressa inte \u00f6ver mindre bakslag.<\/li>\n<li><strong>Var inte r\u00e4dd f\u00f6r att bli avvisad:<\/strong> Det \u00e4r inte alla interaktioner som leder till en varaktig kontakt, och det \u00e4r helt okej. Beh\u00e5ll en positiv attityd och forts\u00e4tt att engagera dig i andra.<\/li>\n<\/ul>\n<h2>Omfamna m\u00e5ngfald p\u00e5 Chat Avenue<\/h2>\n<p>Chat Avenue hyllar m\u00e5ngfald och inkludering. Plattformen erbjuder specialiserade chattrum som tillgodoser olika intressen och samh\u00e4llen, vilket s\u00e4kerst\u00e4ller att alla kan hitta en plats d\u00e4r de k\u00e4nner sig bekv\u00e4ma:<\/p>\n<ul>\n<li><strong>Intressebaserade rum:<\/strong> Ta kontakt med personer som delar dina hobbies eller passioner, t.ex. musik, sport, teknik eller spel.<\/li>\n<li><strong>Gemensamma rum:<\/strong> Engagera dig i specifika grupper och samh\u00e4llen i en st\u00f6djande milj\u00f6, inklusive chattrum f\u00f6r HBTQ+ och andra minoritetsgrupper.<\/li>\n<li><strong>\u00c5ldersspecifika rum:<\/strong> Oavsett om du \u00e4r ton\u00e5ring eller vuxen finns det \u00e5ldersanpassade chattrum som \u00e4r utformade f\u00f6r att garantera s\u00e4kerhet och relevans.<\/li>\n<\/ul>\n<h2>S\u00e4kerhet och m\u00e5ttfullhet<\/h2>\n<p>Din s\u00e4kerhet \u00e4r en prioritet p\u00e5 Chat Avenue. Plattformen har flera funktioner p\u00e5 plats f\u00f6r att s\u00e4kerst\u00e4lla en s\u00e4ker och trevlig upplevelse:<\/p>\n<ul>\n<li><strong>Aktiva moderatorer:<\/strong> Varje chattrum \u00f6vervakas av moderatorer som arbetar f\u00f6r att uppr\u00e4tth\u00e5lla en respektfull milj\u00f6 genom att till\u00e4mpa gemenskapens riktlinjer.<\/li>\n<li><strong>Rapporteringssystem:<\/strong> Anv\u00e4ndare kan rapportera ol\u00e4mpligt beteende, trakasserier eller brott mot reglerna, som omedelbart \u00e5tg\u00e4rdas av modereringsteamet.<\/li>\n<li><strong>Efterlevnad av riktlinjer:<\/strong> Alla anv\u00e4ndare f\u00f6rv\u00e4ntas f\u00f6lja gemenskapens riktlinjer f\u00f6r att fr\u00e4mja en positiv atmosf\u00e4r. Respektl\u00f6st eller skadligt beteende tolereras inte.<\/li>\n<\/ul>\n<h2>Vanliga fr\u00e5gor<\/h2>\n<p>H\u00e4r \u00e4r n\u00e5gra vanliga fr\u00e5gor om Chat Avenue:<\/p>\n<p><strong>F: \u00c4r Chat Avenue gratis att anv\u00e4nda?<\/strong><\/p>\n<p>S: Ja, Chat Avenue \u00e4r helt gratis. Du kan g\u00e5 med i alla chattrum utan n\u00e5gra avgifter eller avgifter.<\/p>\n<p><strong>Q: M\u00e5ste jag registrera ett konto?<\/strong><\/p>\n<p>S: Ingen registrering kr\u00e4vs. Du kan logga in som g\u00e4st genom att v\u00e4lja ett anv\u00e4ndarnamn, vilket g\u00f6r att du kan vara anonym.<\/p>\n<p><strong>Q: Kan jag anv\u00e4nda Chat Avenue p\u00e5 min mobila enhet?<\/strong><\/p>\n<p>S: Ja, Chat Avenue \u00e4r tillg\u00e4ngligt i b\u00e5de station\u00e4ra och mobila webbl\u00e4sare, vilket g\u00f6r det bekv\u00e4mt att chatta var du \u00e4n \u00e4r.<\/p>\n<p><strong>F: \u00c4r Chat Avenue s\u00e4kert?<\/strong><\/p>\n<p>A: Chat Avenue har \u00e5tg\u00e4rder p\u00e5 plats f\u00f6r att s\u00e4kerst\u00e4lla anv\u00e4ndarnas s\u00e4kerhet, inklusive aktiv moderering och rapporteringssystem. Det \u00e4r dock alltid viktigt att vara f\u00f6rsiktig och inte dela med sig av personlig information online.<\/p>\n<p><strong>F: Vad ska jag g\u00f6ra om jag st\u00f6ter p\u00e5 ol\u00e4mpligt beteende?<\/strong><\/p>\n<p>S: Du kan rapportera anv\u00e4ndaren till moderatorerna, som kommer att vidta l\u00e4mpliga \u00e5tg\u00e4rder. Det \u00e4r viktigt att h\u00e5lla communityn s\u00e4ker och respektfull.<\/p>\n<h2>Vittnesm\u00e5l<\/h2>\n<p>H\u00e4r \u00e4r n\u00e5gra erfarenheter som delats av Chat Avenue-anv\u00e4ndare:<\/p>\n<p><em>\"Jag har <a href=\"https:\/\/strangercam.com\/sv\/chamet\/\">met<\/a> s\u00e5 m\u00e5nga fantastiska m\u00e4nniskor p\u00e5 Chat Avenue. Det \u00e4r otroligt hur l\u00e4tt det \u00e4r att f\u00e5 kontakt med andra som delar mina intressen!\u201d<\/em> - Alex T.<\/p>\n<p><em>\u201cJag \u00e4r blyg i verkliga livet, men Chat Ave har gett mig sj\u00e4lvf\u00f6rtroende att starta konversationer och f\u00e5 nya v\u00e4nner.\u201d<\/em> - Maria S.<\/p>\n<p><em>\u201cM\u00e5ngfalden p\u00e5 Chat Avenue \u00e4r fantastisk. Jag har l\u00e4rt mig s\u00e5 mycket av m\u00e4nniskor \u00f6ver hela v\u00e4rlden.\u201d<\/em> - Jamal K.<\/p>\n<h2>Ytterligare resurser<\/h2>\n<p>F\u00f6r mer information och tips om chattar p\u00e5 n\u00e4tet, se dessa resurser:<\/p>\n<ul>\n<li><strong>Tips f\u00f6r s\u00e4ker chatt online:<\/strong> L\u00e4r dig hur du skyddar dig och f\u00e5r en s\u00e4ker chattupplevelse.<\/li>\n<li><strong>Hur man f\u00e5r v\u00e4nner p\u00e5 n\u00e4tet:<\/strong> Uppt\u00e4ck strategier f\u00f6r att skapa meningsfulla kontakter p\u00e5 internet.<\/li>\n<li><strong>F\u00f6rdelarna med online-communities:<\/strong> Utforska hur onlineplattformar som Chat Avenue kan berika ditt sociala liv.<\/li>\n<\/ul>\n<h2>F\u00f6lj Chat Avenue p\u00e5 sociala medier<\/h2>\n<p>H\u00e5ll dig uppdaterad med de senaste nyheterna och uppdateringarna genom att f\u00f6lja Chat Avenue p\u00e5 sociala medier:<\/p>\n<ul>\n<li><strong>Facebook<\/strong><\/li>\n<li><strong>Twitter<\/strong><\/li>\n<li><strong>Instagram<\/strong><\/li>\n<\/ul>\n<h2>Slutsats<\/h2>\n<p>Chat Avenue \u00e4r din ink\u00f6rsport till en v\u00e4rld av konversationer och v\u00e4nskap. Dess anv\u00e4ndarv\u00e4nliga design, engagemang f\u00f6r integritet och m\u00e5ngsidiga gemenskap g\u00f6r det till en idealisk plattform f\u00f6r alla som vill f\u00e5 kontakt online. Oavsett om du s\u00f6ker avslappnade chattar, meningsfulla diskussioner eller helt enkelt vill tr\u00e4ffa nya m\u00e4nniskor, har Chat Avenue n\u00e5got att erbjuda. S\u00e5 varf\u00f6r v\u00e4nta? Bli en del av Chat Avenue-communityn idag och b\u00f6rja utforska de o\u00e4ndliga m\u00f6jligheterna! Med bara n\u00e5gra klick kan du dyka in i engagerande diskussioner och tr\u00e4ffa fascinerande m\u00e4nniskor fr\u00e5n alla samh\u00e4llsskikt. Chat Avenue v\u00e4lkomnar dig till en v\u00e4rld d\u00e4r kommunikation inte k\u00e4nner n\u00e5gra gr\u00e4nser.<\/p>\n<h2>G\u00e5 med i Chat Avenue idag och ut\u00f6ka din v\u00e4rld<\/h2>\n<p>Med sitt omfattande utbud av chattrum och sin globala anv\u00e4ndarbas ger Chat Avenue en o\u00f6vertr\u00e4ffad m\u00f6jlighet att vidga dina vyer. Oavsett om du vill f\u00e5 nya v\u00e4nner, dela dina intressen eller bara njuta av en avslappnad konversation, \u00e4r Chat Avenue platsen att vara p\u00e5. Kom ih\u00e5g att kommunikation \u00e4r nyckeln till att bygga kontakter, och Chat Avenue g\u00f6r det enklare \u00e4n n\u00e5gonsin att n\u00e5 ut och f\u00e5 kontakt med andra. S\u00e5 logga in, v\u00e4lj ett chattrum och b\u00f6rja din resa idag!<\/p>","protected":false},"excerpt":{"rendered":"<p>Chat Avenue, also known as Chat Ave, is one of the oldest and most popular online chat platforms available today. Established in 2000, it has grown into a vibrant community where millions of people from around the globe come together to converse, make new friends, and share experiences. With over 7 million visitors each month, [&hellip;]<\/p>\n","protected":false},"author":6,"featured_media":0,"parent":0,"menu_order":0,"comment_status":"closed","ping_status":"closed","template":"","meta":{"footnotes":""},"class_list":["post-8386","page","type-page","status-publish","hentry"],"yoast_head":"<!-- This site is optimized with the Yoast SEO plugin v26.9 - https:\/\/yoast.com\/product\/yoast-seo-wordpress\/ -->\n<title>Chat Avenue - Free Video Chat Rooms - StrangerCam.com<\/title>\n<meta name=\"description\" content=\"Discover Chat Avenue, the ultimate online platform connecting you to free chat rooms and a global community. Join Chat Ave today!\" \/>\n<meta name=\"robots\" content=\"index, follow, max-snippet:-1, max-image-preview:large, max-video-preview:-1\" \/>\n<link rel=\"canonical\" href=\"https:\/\/strangercam.com\/sv\/chat-avenue\/\" \/>\n<meta property=\"og:locale\" content=\"sv_SE\" \/>\n<meta property=\"og:type\" content=\"article\" \/>\n<meta property=\"og:title\" content=\"Chat Avenue - Free Video Chat Rooms - StrangerCam.com\" \/>\n<meta property=\"og:description\" content=\"Discover Chat Avenue, the ultimate online platform connecting you to free chat rooms and a global community. Join Chat Ave today!\" \/>\n<meta property=\"og:url\" content=\"https:\/\/strangercam.com\/sv\/chat-avenue\/\" \/>\n<meta property=\"og:site_name\" content=\"Strangercam\" \/>\n<meta property=\"article:publisher\" content=\"https:\/\/www.facebook.com\/strangercam\" \/>\n<meta property=\"article:modified_time\" content=\"2024-09-19T09:37:00+00:00\" \/>\n<meta property=\"og:image\" content=\"https:\/\/strangercam.com\/wp-content\/uploads\/2021\/10\/Untitled-2.png\" \/>\n\t<meta property=\"og:image:width\" content=\"800\" \/>\n\t<meta property=\"og:image:height\" content=\"532\" \/>\n\t<meta property=\"og:image:type\" content=\"image\/png\" \/>\n<meta name=\"twitter:card\" content=\"summary_large_image\" \/>\n<meta name=\"twitter:site\" content=\"@strangercamapp\" \/>\n<meta name=\"twitter:label1\" content=\"Ber\u00e4knad l\u00e4stid\" \/>\n\t<meta name=\"twitter:data1\" content=\"7 minuter\" \/>\n<script type=\"application\/ld+json\" class=\"yoast-schema-graph\">{\"@context\":\"https:\/\/schema.org\",\"@graph\":[{\"@type\":\"WebPage\",\"@id\":\"https:\/\/strangercam.com\/chat-avenue\/\",\"url\":\"https:\/\/strangercam.com\/chat-avenue\/\",\"name\":\"Chat Avenue - Free Video Chat Rooms - StrangerCam.com\",\"isPartOf\":{\"@id\":\"https:\/\/strangercam.com\/#website\"},\"datePublished\":\"2024-09-19T09:35:24+00:00\",\"dateModified\":\"2024-09-19T09:37:00+00:00\",\"description\":\"Discover Chat Avenue, the ultimate online platform connecting you to free chat rooms and a global community. Join Chat Ave today!\",\"breadcrumb\":{\"@id\":\"https:\/\/strangercam.com\/chat-avenue\/#breadcrumb\"},\"inLanguage\":\"sv-SE\",\"potentialAction\":[{\"@type\":\"ReadAction\",\"target\":[\"https:\/\/strangercam.com\/chat-avenue\/\"]}]},{\"@type\":\"BreadcrumbList\",\"@id\":\"https:\/\/strangercam.com\/chat-avenue\/#breadcrumb\",\"itemListElement\":[{\"@type\":\"ListItem\",\"position\":1,\"name\":\"Home\",\"item\":\"https:\/\/strangercam.com\/\"},{\"@type\":\"ListItem\",\"position\":2,\"name\":\"Chat Avenue\"}]},{\"@type\":\"WebSite\",\"@id\":\"https:\/\/strangercam.com\/#website\",\"url\":\"https:\/\/strangercam.com\/\",\"name\":\"Strangercam\",\"description\":\"Random Video Chat with Strangers\",\"publisher\":{\"@id\":\"https:\/\/strangercam.com\/#organization\"},\"alternateName\":\"Strangercam.com\",\"potentialAction\":[{\"@type\":\"SearchAction\",\"target\":{\"@type\":\"EntryPoint\",\"urlTemplate\":\"https:\/\/strangercam.com\/?s={search_term_string}\"},\"query-input\":{\"@type\":\"PropertyValueSpecification\",\"valueRequired\":true,\"valueName\":\"search_term_string\"}}],\"inLanguage\":\"sv-SE\"},{\"@type\":\"Organization\",\"@id\":\"https:\/\/strangercam.com\/#organization\",\"name\":\"Strangercam\",\"alternateName\":\"Strangercam.com\",\"url\":\"https:\/\/strangercam.com\/\",\"logo\":{\"@type\":\"ImageObject\",\"inLanguage\":\"sv-SE\",\"@id\":\"https:\/\/strangercam.com\/#\/schema\/logo\/image\/\",\"url\":\"https:\/\/strangercam.com\/wp-content\/uploads\/2020\/11\/cropped-new-favicon-black.png\",\"contentUrl\":\"https:\/\/strangercam.com\/wp-content\/uploads\/2020\/11\/cropped-new-favicon-black.png\",\"width\":512,\"height\":512,\"caption\":\"Strangercam\"},\"image\":{\"@id\":\"https:\/\/strangercam.com\/#\/schema\/logo\/image\/\"},\"sameAs\":[\"https:\/\/www.facebook.com\/strangercam\",\"https:\/\/x.com\/strangercamapp\"]}]}<\/script>\n<!-- \/ Yoast SEO plugin. -->","yoast_head_json":{"title":"Chat Avenue - Gratis videochattrum - StrangerCam.com","description":"Uppt\u00e4ck Chat Avenue, den ultimata onlineplattformen som kopplar dig till gratis chattrum och en global gemenskap. G\u00e5 med i Chat Ave idag!","robots":{"index":"index","follow":"follow","max-snippet":"max-snippet:-1","max-image-preview":"max-image-preview:large","max-video-preview":"max-video-preview:-1"},"canonical":"https:\/\/strangercam.com\/sv\/chat-avenue\/","og_locale":"sv_SE","og_type":"article","og_title":"Chat Avenue - Free Video Chat Rooms - StrangerCam.com","og_description":"Discover Chat Avenue, the ultimate online platform connecting you to free chat rooms and a global community. Join Chat Ave today!","og_url":"https:\/\/strangercam.com\/sv\/chat-avenue\/","og_site_name":"Strangercam","article_publisher":"https:\/\/www.facebook.com\/strangercam","article_modified_time":"2024-09-19T09:37:00+00:00","og_image":[{"width":800,"height":532,"url":"https:\/\/strangercam.com\/wp-content\/uploads\/2021\/10\/Untitled-2.png","type":"image\/png"}],"twitter_card":"summary_large_image","twitter_site":"@strangercamapp","twitter_misc":{"Ber\u00e4knad l\u00e4stid":"7 minuter"},"schema":{"@context":"https:\/\/schema.org","@graph":[{"@type":"WebPage","@id":"https:\/\/strangercam.com\/chat-avenue\/","url":"https:\/\/strangercam.com\/chat-avenue\/","name":"Chat Avenue - Gratis videochattrum - StrangerCam.com","isPartOf":{"@id":"https:\/\/strangercam.com\/#website"},"datePublished":"2024-09-19T09:35:24+00:00","dateModified":"2024-09-19T09:37:00+00:00","description":"Uppt\u00e4ck Chat Avenue, den ultimata onlineplattformen som kopplar dig till gratis chattrum och en global gemenskap. G\u00e5 med i Chat Ave idag!","breadcrumb":{"@id":"https:\/\/strangercam.com\/chat-avenue\/#breadcrumb"},"inLanguage":"sv-SE","potentialAction":[{"@type":"ReadAction","target":["https:\/\/strangercam.com\/chat-avenue\/"]}]},{"@type":"BreadcrumbList","@id":"https:\/\/strangercam.com\/chat-avenue\/#breadcrumb","itemListElement":[{"@type":"ListItem","position":1,"name":"Home","item":"https:\/\/strangercam.com\/"},{"@type":"ListItem","position":2,"name":"Chat Avenue"}]},{"@type":"WebSite","@id":"https:\/\/strangercam.com\/#website","url":"https:\/\/strangercam.com\/","name":"Strangercam","description":"Slumpm\u00e4ssig videochatt med fr\u00e4mlingar","publisher":{"@id":"https:\/\/strangercam.com\/#organization"},"alternateName":"Strangercam.com","potentialAction":[{"@type":"SearchAction","target":{"@type":"EntryPoint","urlTemplate":"https:\/\/strangercam.com\/?s={search_term_string}"},"query-input":{"@type":"PropertyValueSpecification","valueRequired":true,"valueName":"search_term_string"}}],"inLanguage":"sv-SE"},{"@type":"Organization","@id":"https:\/\/strangercam.com\/#organization","name":"Strangercam","alternateName":"Strangercam.com","url":"https:\/\/strangercam.com\/","logo":{"@type":"ImageObject","inLanguage":"sv-SE","@id":"https:\/\/strangercam.com\/#\/schema\/logo\/image\/","url":"https:\/\/strangercam.com\/wp-content\/uploads\/2020\/11\/cropped-new-favicon-black.png","contentUrl":"https:\/\/strangercam.com\/wp-content\/uploads\/2020\/11\/cropped-new-favicon-black.png","width":512,"height":512,"caption":"Strangercam"},"image":{"@id":"https:\/\/strangercam.com\/#\/schema\/logo\/image\/"},"sameAs":["https:\/\/www.facebook.com\/strangercam","https:\/\/x.com\/strangercamapp"]}]}},"_links":{"self":[{"href":"https:\/\/strangercam.com\/sv\/wp-json\/wp\/v2\/pages\/8386","targetHints":{"allow":["GET"]}}],"collection":[{"href":"https:\/\/strangercam.com\/sv\/wp-json\/wp\/v2\/pages"}],"about":[{"href":"https:\/\/strangercam.com\/sv\/wp-json\/wp\/v2\/types\/page"}],"author":[{"embeddable":true,"href":"https:\/\/strangercam.com\/sv\/wp-json\/wp\/v2\/users\/6"}],"replies":[{"embeddable":true,"href":"https:\/\/strangercam.com\/sv\/wp-json\/wp\/v2\/comments?post=8386"}],"version-history":[{"count":0,"href":"https:\/\/strangercam.com\/sv\/wp-json\/wp\/v2\/pages\/8386\/revisions"}],"wp:attachment":[{"href":"https:\/\/strangercam.com\/sv\/wp-json\/wp\/v2\/media?parent=8386"}],"curies":[{"name":"wp","href":"https:\/\/api.w.org\/{rel}","templated":true}]}}