{"id":7865,"date":"2021-09-17T14:33:59","date_gmt":"2021-09-17T12:33:59","guid":{"rendered":"https:\/\/strangercam.com\/?page_id=7865"},"modified":"2023-08-21T12:41:23","modified_gmt":"2023-08-21T10:41:23","slug":"talk-with-stranger","status":"publish","type":"page","link":"https:\/\/strangercam.com\/sv\/talk-with-stranger\/","title":{"rendered":"Talk With Stranger"},"content":{"rendered":"<p>Internet har revolutionerat hur m\u00e4nniskor kommunicerar med varandra. M\u00e4nniskor \u00e4r mer engagerade i sina smartphones \u00e4n n\u00e5gonsin, och kartl\u00e4gger och delar information med <a href=\"https:\/\/strangercam.com\/sv\/1v1-chat\/\">en<\/a> en annan. Det finns m\u00e5nga f\u00f6rdelar med online <a href=\"https:\/\/strangercam.com\/sv\/chatingly\/\">chattar<\/a>. Du kan <a href=\"https:\/\/strangercam.com\/sv\/coomeet\/\">tr\u00e4ffas<\/a> m\u00e4nniskor med liknande intressen och det \u00f6kar ditt sj\u00e4lvf\u00f6rtroende. Det g\u00f6r ocks\u00e5 att du kan h\u00e5lla kontakten med dina n\u00e4ra och k\u00e4ra.\u00a0<b>Talk With Stranger <\/b>\u00e4r tillg\u00e4nglig f\u00f6r b\u00e5de ton\u00e5ringar och vuxna. F\u00f6r att vara s\u00e4ker m\u00e5ste du vidta n\u00f6dv\u00e4ndiga f\u00f6rsiktighets\u00e5tg\u00e4rder.<\/p>\n<h2>Chatt p\u00e5 n\u00e4tet<\/h2>\n<ul>\n<li>Chattportaler p\u00e5 n\u00e4tet g\u00f6r att du kan tr\u00e4ffa nya m\u00e4nniskor. Chattportaler online g\u00f6r att du kan tr\u00e4ffa m\u00e4nniskor n\u00e4r som helst p\u00e5 dygnet. Du kan ocks\u00e5 v\u00e4lja vilken portal och grupp du \u00e4r intresserad av. Det h\u00e4r \u00e4r det b\u00e4sta: du beh\u00f6ver inte l\u00e4mna ditt hus f\u00f6r att uppn\u00e5 ditt m\u00e5l. Du kan helt enkelt anv\u00e4nda din telefon eller b\u00e4rbara dator f\u00f6r att kommunicera med andra via <b>Talk With Stranger<\/b>.<\/li>\n<li>Sj\u00e4lvf\u00f6rtroende och sj\u00e4lvk\u00e4nsla: Onlinechattar med fr\u00e4mlingar kan \u00f6ka ditt sj\u00e4lvf\u00f6rtroende och din sj\u00e4lvk\u00e4nsla. Om du k\u00e4nner dig ensam eller har brustet hj\u00e4rta \u00e4r detta \u00e4nnu viktigare. En del m\u00e4nniskor ser chattandet p\u00e5 n\u00e4tet som en tillf\u00e4llig l\u00f6sning. Du kanske hittar n\u00e5gon som kan hj\u00e4lpa dig att \u00e5terf\u00e5 det vackra leende som du en g\u00e5ng f\u00f6rlorade p\u00e5 grund av skilsm\u00e4ssa eller en n\u00e4ra anh\u00f6rigs d\u00f6d.<\/li>\n<li>H\u00e5lla kontakten: Det finns en h\u00f6g <a href=\"https:\/\/strangercam.com\/sv\/chatbychance\/\">chans<\/a> att bygga goda relationer genom <b>Talk With Stranger<\/b>. Du kan bli v\u00e4n med vem som helst, oavsett \u00e5lder eller k\u00f6n, var du \u00e4n befinner dig i v\u00e4rlden. Du kan koppla upp dig online hemifr\u00e5n eller p\u00e5 spr\u00e5ng. Allt du beh\u00f6ver \u00e4r tillg\u00e5ng till en internetanslutning och ett giltigt ID. F\u00f6r att komma \u00e5t ditt konto via onlineportalen, Chatta i timmar \u00e4r m\u00f6jligt utan att oroa dig f\u00f6r l\u00e5nga r\u00e4kningar. Modern teknik har gjort det m\u00f6jligt att kommunicera \u00f6ver l\u00e4ngre avst\u00e5nd.<\/li>\n<li>Hitta personer med liknande intressen genom att g\u00f6ra en s\u00f6kning. Du hittar m\u00e5nga sociala n\u00e4tverkssajter som erbjuder olika kategorier. Du kan <a href=\"https:\/\/strangercam.com\/sv\/chatroulette\/\">chatt<\/a> baserat p\u00e5 dina intressen. Du kan ocks\u00e5 hitta forum f\u00f6r sport, aff\u00e4rer och samlingar, liksom forum f\u00f6r DIY, hobby och aff\u00e4rs\u00e4mnen. Det finns m\u00e5nga alternativ, och listan \u00e4r o\u00e4ndlig. Alla kan v\u00e4ljas baserat p\u00e5 ditt hum\u00f6r.<\/li>\n<\/ul>\n<p>Anslutning till <b>Talk With Stranger<\/b>\u00a0kommer att ge dig m\u00f6jlighet att f\u00e5 nya kunskaper, tekniker och information som intresserar dig.<\/p>","protected":false},"excerpt":{"rendered":"<p>The internet has revolutionized how people communicate with each other.\u00a0People are more engaged with their smartphones than ever, charting and sharing information with one another.\u00a0There are many benefits to online chatting.\u00a0You can meet people with similar interests and it boosts your confidence. It also allows you to keep in touch with your loved ones.\u00a0Talk With [&hellip;]<\/p>\n","protected":false},"author":6,"featured_media":559,"parent":0,"menu_order":0,"comment_status":"closed","ping_status":"closed","template":"","meta":{"footnotes":""},"class_list":["post-7865","page","type-page","status-publish","has-post-thumbnail","hentry"],"yoast_head":"<!-- This site is optimized with the Yoast SEO plugin v26.9 - https:\/\/yoast.com\/product\/yoast-seo-wordpress\/ -->\n<title>Talk With Stranger - Anonymous Chat For Two - Cam on StrangerCam.com<\/title>\n<meta name=\"description\" content=\"Like Talk With Stranger? Come chat with more than 5.000.000 strangers on Stranger Cam for Free! Turn on your cam and find new friends &amp; maby a match!\" \/>\n<meta name=\"robots\" content=\"index, follow, max-snippet:-1, max-image-preview:large, max-video-preview:-1\" \/>\n<link rel=\"canonical\" href=\"https:\/\/strangercam.com\/sv\/talk-with-stranger\/\" \/>\n<meta property=\"og:locale\" content=\"sv_SE\" \/>\n<meta property=\"og:type\" content=\"article\" \/>\n<meta property=\"og:title\" content=\"Talk With Stranger - Anonymous Chat For Two - Cam on StrangerCam.com\" \/>\n<meta property=\"og:description\" content=\"Like Talk With Stranger? Come chat with more than 5.000.000 strangers on Stranger Cam for Free! Turn on your cam and find new friends &amp; maby a match!\" \/>\n<meta property=\"og:url\" content=\"https:\/\/strangercam.com\/sv\/talk-with-stranger\/\" \/>\n<meta property=\"og:site_name\" content=\"Strangercam\" \/>\n<meta property=\"article:publisher\" content=\"https:\/\/www.facebook.com\/strangercam\" \/>\n<meta property=\"article:modified_time\" content=\"2023-08-21T10:41:23+00:00\" \/>\n<meta property=\"og:image\" content=\"https:\/\/strangercam.com\/wp-content\/uploads\/2020\/11\/stranger-cam-1.png\" \/>\n\t<meta property=\"og:image:width\" content=\"800\" \/>\n\t<meta property=\"og:image:height\" content=\"800\" \/>\n\t<meta property=\"og:image:type\" content=\"image\/png\" \/>\n<meta name=\"twitter:card\" content=\"summary_large_image\" \/>\n<meta name=\"twitter:site\" content=\"@strangercamapp\" \/>\n<meta name=\"twitter:label1\" content=\"Ber\u00e4knad l\u00e4stid\" \/>\n\t<meta name=\"twitter:data1\" content=\"2 minuter\" \/>\n<script type=\"application\/ld+json\" class=\"yoast-schema-graph\">{\"@context\":\"https:\/\/schema.org\",\"@graph\":[{\"@type\":\"WebPage\",\"@id\":\"https:\/\/strangercam.com\/talk-with-stranger\/\",\"url\":\"https:\/\/strangercam.com\/talk-with-stranger\/\",\"name\":\"Talk With Stranger - Anonymous Chat For Two - Cam on StrangerCam.com\",\"isPartOf\":{\"@id\":\"https:\/\/strangercam.com\/#website\"},\"primaryImageOfPage\":{\"@id\":\"https:\/\/strangercam.com\/talk-with-stranger\/#primaryimage\"},\"image\":{\"@id\":\"https:\/\/strangercam.com\/talk-with-stranger\/#primaryimage\"},\"thumbnailUrl\":\"https:\/\/strangercam.com\/wp-content\/uploads\/2020\/11\/stranger-cam-1.png\",\"datePublished\":\"2021-09-17T12:33:59+00:00\",\"dateModified\":\"2023-08-21T10:41:23+00:00\",\"description\":\"Like Talk With Stranger? Come chat with more than 5.000.000 strangers on Stranger Cam for Free! Turn on your cam and find new friends & maby a match!\",\"breadcrumb\":{\"@id\":\"https:\/\/strangercam.com\/talk-with-stranger\/#breadcrumb\"},\"inLanguage\":\"sv-SE\",\"potentialAction\":[{\"@type\":\"ReadAction\",\"target\":[\"https:\/\/strangercam.com\/talk-with-stranger\/\"]}]},{\"@type\":\"ImageObject\",\"inLanguage\":\"sv-SE\",\"@id\":\"https:\/\/strangercam.com\/talk-with-stranger\/#primaryimage\",\"url\":\"https:\/\/strangercam.com\/wp-content\/uploads\/2020\/11\/stranger-cam-1.png\",\"contentUrl\":\"https:\/\/strangercam.com\/wp-content\/uploads\/2020\/11\/stranger-cam-1.png\",\"width\":800,\"height\":800,\"caption\":\"stranger cam random video chat\"},{\"@type\":\"BreadcrumbList\",\"@id\":\"https:\/\/strangercam.com\/talk-with-stranger\/#breadcrumb\",\"itemListElement\":[{\"@type\":\"ListItem\",\"position\":1,\"name\":\"Home\",\"item\":\"https:\/\/strangercam.com\/\"},{\"@type\":\"ListItem\",\"position\":2,\"name\":\"Talk With Stranger\"}]},{\"@type\":\"WebSite\",\"@id\":\"https:\/\/strangercam.com\/#website\",\"url\":\"https:\/\/strangercam.com\/\",\"name\":\"Strangercam\",\"description\":\"Random Video Chat with Strangers\",\"publisher\":{\"@id\":\"https:\/\/strangercam.com\/#organization\"},\"alternateName\":\"Strangercam.com\",\"potentialAction\":[{\"@type\":\"SearchAction\",\"target\":{\"@type\":\"EntryPoint\",\"urlTemplate\":\"https:\/\/strangercam.com\/?s={search_term_string}\"},\"query-input\":{\"@type\":\"PropertyValueSpecification\",\"valueRequired\":true,\"valueName\":\"search_term_string\"}}],\"inLanguage\":\"sv-SE\"},{\"@type\":\"Organization\",\"@id\":\"https:\/\/strangercam.com\/#organization\",\"name\":\"Strangercam\",\"alternateName\":\"Strangercam.com\",\"url\":\"https:\/\/strangercam.com\/\",\"logo\":{\"@type\":\"ImageObject\",\"inLanguage\":\"sv-SE\",\"@id\":\"https:\/\/strangercam.com\/#\/schema\/logo\/image\/\",\"url\":\"https:\/\/strangercam.com\/wp-content\/uploads\/2020\/11\/cropped-new-favicon-black.png\",\"contentUrl\":\"https:\/\/strangercam.com\/wp-content\/uploads\/2020\/11\/cropped-new-favicon-black.png\",\"width\":512,\"height\":512,\"caption\":\"Strangercam\"},\"image\":{\"@id\":\"https:\/\/strangercam.com\/#\/schema\/logo\/image\/\"},\"sameAs\":[\"https:\/\/www.facebook.com\/strangercam\",\"https:\/\/x.com\/strangercamapp\"]}]}<\/script>\n<!-- \/ Yoast SEO plugin. -->","yoast_head_json":{"title":"Talk With Stranger - Anonym chatt f\u00f6r tv\u00e5 - Cam p\u00e5 StrangerCam.com","description":"Gillar du Talk With Stranger? Kom och chatta med mer \u00e4n 5.000.000 fr\u00e4mlingar p\u00e5 Stranger Cam helt gratis! Sl\u00e5 p\u00e5 din kamera och hitta nya v\u00e4nner och kanske en match!","robots":{"index":"index","follow":"follow","max-snippet":"max-snippet:-1","max-image-preview":"max-image-preview:large","max-video-preview":"max-video-preview:-1"},"canonical":"https:\/\/strangercam.com\/sv\/talk-with-stranger\/","og_locale":"sv_SE","og_type":"article","og_title":"Talk With Stranger - Anonymous Chat For Two - Cam on StrangerCam.com","og_description":"Like Talk With Stranger? Come chat with more than 5.000.000 strangers on Stranger Cam for Free! Turn on your cam and find new friends & maby a match!","og_url":"https:\/\/strangercam.com\/sv\/talk-with-stranger\/","og_site_name":"Strangercam","article_publisher":"https:\/\/www.facebook.com\/strangercam","article_modified_time":"2023-08-21T10:41:23+00:00","og_image":[{"width":800,"height":800,"url":"https:\/\/strangercam.com\/wp-content\/uploads\/2020\/11\/stranger-cam-1.png","type":"image\/png"}],"twitter_card":"summary_large_image","twitter_site":"@strangercamapp","twitter_misc":{"Ber\u00e4knad l\u00e4stid":"2 minuter"},"schema":{"@context":"https:\/\/schema.org","@graph":[{"@type":"WebPage","@id":"https:\/\/strangercam.com\/talk-with-stranger\/","url":"https:\/\/strangercam.com\/talk-with-stranger\/","name":"Talk With Stranger - Anonym chatt f\u00f6r tv\u00e5 - Cam p\u00e5 StrangerCam.com","isPartOf":{"@id":"https:\/\/strangercam.com\/#website"},"primaryImageOfPage":{"@id":"https:\/\/strangercam.com\/talk-with-stranger\/#primaryimage"},"image":{"@id":"https:\/\/strangercam.com\/talk-with-stranger\/#primaryimage"},"thumbnailUrl":"https:\/\/strangercam.com\/wp-content\/uploads\/2020\/11\/stranger-cam-1.png","datePublished":"2021-09-17T12:33:59+00:00","dateModified":"2023-08-21T10:41:23+00:00","description":"Gillar du Talk With Stranger? Kom och chatta med mer \u00e4n 5.000.000 fr\u00e4mlingar p\u00e5 Stranger Cam helt gratis! Sl\u00e5 p\u00e5 din kamera och hitta nya v\u00e4nner och kanske en match!","breadcrumb":{"@id":"https:\/\/strangercam.com\/talk-with-stranger\/#breadcrumb"},"inLanguage":"sv-SE","potentialAction":[{"@type":"ReadAction","target":["https:\/\/strangercam.com\/talk-with-stranger\/"]}]},{"@type":"ImageObject","inLanguage":"sv-SE","@id":"https:\/\/strangercam.com\/talk-with-stranger\/#primaryimage","url":"https:\/\/strangercam.com\/wp-content\/uploads\/2020\/11\/stranger-cam-1.png","contentUrl":"https:\/\/strangercam.com\/wp-content\/uploads\/2020\/11\/stranger-cam-1.png","width":800,"height":800,"caption":"stranger cam random video chat"},{"@type":"BreadcrumbList","@id":"https:\/\/strangercam.com\/talk-with-stranger\/#breadcrumb","itemListElement":[{"@type":"ListItem","position":1,"name":"Home","item":"https:\/\/strangercam.com\/"},{"@type":"ListItem","position":2,"name":"Talk With Stranger"}]},{"@type":"WebSite","@id":"https:\/\/strangercam.com\/#website","url":"https:\/\/strangercam.com\/","name":"Strangercam","description":"Slumpm\u00e4ssig videochatt med fr\u00e4mlingar","publisher":{"@id":"https:\/\/strangercam.com\/#organization"},"alternateName":"Strangercam.com","potentialAction":[{"@type":"SearchAction","target":{"@type":"EntryPoint","urlTemplate":"https:\/\/strangercam.com\/?s={search_term_string}"},"query-input":{"@type":"PropertyValueSpecification","valueRequired":true,"valueName":"search_term_string"}}],"inLanguage":"sv-SE"},{"@type":"Organization","@id":"https:\/\/strangercam.com\/#organization","name":"Strangercam","alternateName":"Strangercam.com","url":"https:\/\/strangercam.com\/","logo":{"@type":"ImageObject","inLanguage":"sv-SE","@id":"https:\/\/strangercam.com\/#\/schema\/logo\/image\/","url":"https:\/\/strangercam.com\/wp-content\/uploads\/2020\/11\/cropped-new-favicon-black.png","contentUrl":"https:\/\/strangercam.com\/wp-content\/uploads\/2020\/11\/cropped-new-favicon-black.png","width":512,"height":512,"caption":"Strangercam"},"image":{"@id":"https:\/\/strangercam.com\/#\/schema\/logo\/image\/"},"sameAs":["https:\/\/www.facebook.com\/strangercam","https:\/\/x.com\/strangercamapp"]}]}},"_links":{"self":[{"href":"https:\/\/strangercam.com\/sv\/wp-json\/wp\/v2\/pages\/7865","targetHints":{"allow":["GET"]}}],"collection":[{"href":"https:\/\/strangercam.com\/sv\/wp-json\/wp\/v2\/pages"}],"about":[{"href":"https:\/\/strangercam.com\/sv\/wp-json\/wp\/v2\/types\/page"}],"author":[{"embeddable":true,"href":"https:\/\/strangercam.com\/sv\/wp-json\/wp\/v2\/users\/6"}],"replies":[{"embeddable":true,"href":"https:\/\/strangercam.com\/sv\/wp-json\/wp\/v2\/comments?post=7865"}],"version-history":[{"count":0,"href":"https:\/\/strangercam.com\/sv\/wp-json\/wp\/v2\/pages\/7865\/revisions"}],"wp:featuredmedia":[{"embeddable":true,"href":"https:\/\/strangercam.com\/sv\/wp-json\/wp\/v2\/media\/559"}],"wp:attachment":[{"href":"https:\/\/strangercam.com\/sv\/wp-json\/wp\/v2\/media?parent=7865"}],"curies":[{"name":"wp","href":"https:\/\/api.w.org\/{rel}","templated":true}]}}