{"id":5268,"date":"2021-06-20T14:53:54","date_gmt":"2021-06-20T12:53:54","guid":{"rendered":"https:\/\/strangercam.com\/?page_id=5268"},"modified":"2023-08-21T12:24:41","modified_gmt":"2023-08-21T10:24:41","slug":"chatzy","status":"publish","type":"page","link":"https:\/\/strangercam.com\/sv\/chatzy\/","title":{"rendered":"Chatzy"},"content":{"rendered":"<p>Vissa yrkesverksamma och internetentusiaster hade f\u00f6rst lanserat <b>chatzy<\/b> runt 2001. Med tiden blev det en popul\u00e4r webbplats i Europa och f\u00f6r n\u00e4rvarande har den registrerade anv\u00e4ndare fr\u00e5n hela v\u00e4rlden. M\u00e4nniskor kommer \u00e5t den h\u00e4r webbplatsen av olika sk\u00e4l. Det \u00e4r inte n\u00e5gon excusiv dating- eller anslutningswebbplats. Snarare anv\u00e4nder m\u00e4nniskor <a href=\"https:\/\/strangercam.com\/sv\/chatta4gratis\/\">fri<\/a> chattrum som tillhandah\u00e5lls av denna webbplats f\u00f6r att utf\u00f6ra sitt arbete eller sin utbildning. Vissa anv\u00e4nder det till och med f\u00f6r att diskutera intressanta h\u00e4ndelser, \u00e4mnen, f\u00e5 nya v\u00e4nner eller dela information om liknande intressen. Denna gratis <a href=\"https:\/\/strangercam.com\/sv\/chatroulette\/\">chatt<\/a> tj\u00e4nsten \u00e4r verkligen rolig och sp\u00e4nnande samt helt s\u00e4ker att anv\u00e4nda.<\/p>\n<h2>Hur registrerar jag mig med chatzy?<\/h2>\n<p>Du beh\u00f6ver bara \u00f6ppna ett konto, g\u00e5 med i eller skapa en <a href=\"https:\/\/strangercam.com\/sv\/chatroom2000\/\">chattrum<\/a> f\u00f6r att starta din <a href=\"https:\/\/strangercam.com\/sv\/chatingly\/\">chattar<\/a> session. Det \u00e4r s\u00e5 enkelt och snabbt. Du kan ocks\u00e5 bjuda in din familj och dina v\u00e4nner till ditt exklusivt skapade chattrum eller g\u00e5 med i n\u00e5got slumpm\u00e4ssigt chattrum som du v\u00e4ljer som intresserar dig. Du beh\u00f6ver inte dela med dig av k\u00e4nsliga personuppgifter f\u00f6r att g\u00e5 med p\u00e5 den h\u00e4r webbplatsen, utan bara grundl\u00e4ggande information f\u00f6r att starta sessionen.<\/p>\n<h3>Hur anv\u00e4nder man chatzy?<\/h3>\n<p>Du kan skapa din egen privata chatt eller f\u00e5 tillg\u00e5ng till redan skapade chattar f\u00f6r att ha gruppdiskussioner med likasinnade. Du kan anv\u00e4nda den h\u00e4r webbplatsen f\u00f6r aff\u00e4rer, utbildning eller helt enkelt f\u00f6r att ha kul. Du kan komma \u00e5t den fr\u00e5n vilken plats som helst och njuta av dess interaktiva sessioner. Om du \u00e4r angel\u00e4gen om att h\u00e4rleda de avancerade funktionerna b\u00f6r du v\u00e4lja dess premiumtj\u00e4nster. Annars \u00e4r gratistj\u00e4nsten tillr\u00e4ckligt bra f\u00f6r att ha en bra onlinechatsession.<\/p>\n<h3>Vilka \u00e4r f\u00f6r- och nackdelarna med chatzy?<\/h3>\n<p>Den h\u00e4r webbplatsen \u00e4r ganska speciell eftersom den har flera specialfunktioner som tenderar att g\u00f6ra den annorlunda \u00e4n de som finns tillg\u00e4ngliga p\u00e5 webben. Du kan skicka privata meddelanden till alla medlemmar som inte kommer att vara synliga f\u00f6r rumsadministrat\u00f6rerna. Det finns ocks\u00e5 m\u00f6jlighet att tysta nyb\u00f6rjare som g\u00e5r in i sessionen oinbjudna. Premiumrum s\u00e4gs tysta nyb\u00f6rjare automatiskt. Du kan anv\u00e4nda \u2018Bes\u00f6karstatus\u2019 <a href=\"https:\/\/strangercam.com\/sv\/mocospace\/\">utrymme<\/a> f\u00f6r att f\u00f6rklara syftet med ditt chattrum. F\u00f6r chattrumsadministrat\u00f6rer och moderatorer finns det ett f\u00f6rhandsgranskningsl\u00e4ge. Det hj\u00e4lper till att skapa nya eller f\u00f6lja befintliga konversationer utan att bli m\u00e4rkt. En annan funktion som erbjuds \u00e4r \u2018Globala meddelanden\u2019 som g\u00f6r det m\u00f6jligt att skicka meddelanden direkt till alla medlemmar. Den enda nackdelen \u00e4r att du kan st\u00e4llas inf\u00f6r annonser mellan dina sessioner som kan vara ganska irriterande. Premiumversionen kommer med fler intressefunktioner. Men du m\u00e5ste betala ett visst belopp f\u00f6r att f\u00e5 tillg\u00e5ng till s\u00e5dana faciliteter.<\/p>","protected":false},"excerpt":{"rendered":"<p>Some professionals and internet enthusiasts had first launched chatzy around 2001. With time, it became a popular site in Europe and presently enjoys registered users from all over the world. People access this site for different reasons. It is not some excusive dating or hookup site. Rather, people use the free chatrooms provided by this [&hellip;]<\/p>\n","protected":false},"author":6,"featured_media":559,"parent":0,"menu_order":0,"comment_status":"closed","ping_status":"closed","template":"","meta":{"footnotes":""},"class_list":["post-5268","page","type-page","status-publish","has-post-thumbnail","hentry"],"yoast_head":"<!-- This site is optimized with the Yoast SEO plugin v26.9 - https:\/\/yoast.com\/product\/yoast-seo-wordpress\/ -->\n<title>Chatzy - Free Private Chat Rooms - Cam on StrangerCam.com<\/title>\n<meta name=\"description\" content=\"Like Chatzy? Come chat with more than 5.000.000 strangers on Stranger Cam for Free! Turn on your cam and find new friends &amp; maby a match!\" \/>\n<meta name=\"robots\" content=\"index, follow, max-snippet:-1, max-image-preview:large, max-video-preview:-1\" \/>\n<link rel=\"canonical\" href=\"https:\/\/strangercam.com\/sv\/chatzy\/\" \/>\n<meta property=\"og:locale\" content=\"sv_SE\" \/>\n<meta property=\"og:type\" content=\"article\" \/>\n<meta property=\"og:title\" content=\"Chatzy - Free Private Chat Rooms - Cam on StrangerCam.com\" \/>\n<meta property=\"og:description\" content=\"Like Chatzy? Come chat with more than 5.000.000 strangers on Stranger Cam for Free! Turn on your cam and find new friends &amp; maby a match!\" \/>\n<meta property=\"og:url\" content=\"https:\/\/strangercam.com\/sv\/chatzy\/\" \/>\n<meta property=\"og:site_name\" content=\"Strangercam\" \/>\n<meta property=\"article:publisher\" content=\"https:\/\/www.facebook.com\/strangercam\" \/>\n<meta property=\"article:modified_time\" content=\"2023-08-21T10:24:41+00:00\" \/>\n<meta property=\"og:image\" content=\"https:\/\/strangercam.com\/wp-content\/uploads\/2020\/11\/stranger-cam-1.png\" \/>\n\t<meta property=\"og:image:width\" content=\"800\" \/>\n\t<meta property=\"og:image:height\" content=\"800\" \/>\n\t<meta property=\"og:image:type\" content=\"image\/png\" \/>\n<meta name=\"twitter:card\" content=\"summary_large_image\" \/>\n<meta name=\"twitter:site\" content=\"@strangercamapp\" \/>\n<meta name=\"twitter:label1\" content=\"Ber\u00e4knad l\u00e4stid\" \/>\n\t<meta name=\"twitter:data1\" content=\"2 minuter\" \/>\n<script type=\"application\/ld+json\" class=\"yoast-schema-graph\">{\"@context\":\"https:\/\/schema.org\",\"@graph\":[{\"@type\":\"WebPage\",\"@id\":\"https:\/\/strangercam.com\/chatzy\/\",\"url\":\"https:\/\/strangercam.com\/chatzy\/\",\"name\":\"Chatzy - Free Private Chat Rooms - Cam on StrangerCam.com\",\"isPartOf\":{\"@id\":\"https:\/\/strangercam.com\/#website\"},\"primaryImageOfPage\":{\"@id\":\"https:\/\/strangercam.com\/chatzy\/#primaryimage\"},\"image\":{\"@id\":\"https:\/\/strangercam.com\/chatzy\/#primaryimage\"},\"thumbnailUrl\":\"https:\/\/strangercam.com\/wp-content\/uploads\/2020\/11\/stranger-cam-1.png\",\"datePublished\":\"2021-06-20T12:53:54+00:00\",\"dateModified\":\"2023-08-21T10:24:41+00:00\",\"description\":\"Like Chatzy? Come chat with more than 5.000.000 strangers on Stranger Cam for Free! Turn on your cam and find new friends & maby a match!\",\"breadcrumb\":{\"@id\":\"https:\/\/strangercam.com\/chatzy\/#breadcrumb\"},\"inLanguage\":\"sv-SE\",\"potentialAction\":[{\"@type\":\"ReadAction\",\"target\":[\"https:\/\/strangercam.com\/chatzy\/\"]}]},{\"@type\":\"ImageObject\",\"inLanguage\":\"sv-SE\",\"@id\":\"https:\/\/strangercam.com\/chatzy\/#primaryimage\",\"url\":\"https:\/\/strangercam.com\/wp-content\/uploads\/2020\/11\/stranger-cam-1.png\",\"contentUrl\":\"https:\/\/strangercam.com\/wp-content\/uploads\/2020\/11\/stranger-cam-1.png\",\"width\":800,\"height\":800,\"caption\":\"stranger cam random video chat\"},{\"@type\":\"BreadcrumbList\",\"@id\":\"https:\/\/strangercam.com\/chatzy\/#breadcrumb\",\"itemListElement\":[{\"@type\":\"ListItem\",\"position\":1,\"name\":\"Home\",\"item\":\"https:\/\/strangercam.com\/\"},{\"@type\":\"ListItem\",\"position\":2,\"name\":\"Chatzy\"}]},{\"@type\":\"WebSite\",\"@id\":\"https:\/\/strangercam.com\/#website\",\"url\":\"https:\/\/strangercam.com\/\",\"name\":\"Strangercam\",\"description\":\"Random Video Chat with Strangers\",\"publisher\":{\"@id\":\"https:\/\/strangercam.com\/#organization\"},\"alternateName\":\"Strangercam.com\",\"potentialAction\":[{\"@type\":\"SearchAction\",\"target\":{\"@type\":\"EntryPoint\",\"urlTemplate\":\"https:\/\/strangercam.com\/?s={search_term_string}\"},\"query-input\":{\"@type\":\"PropertyValueSpecification\",\"valueRequired\":true,\"valueName\":\"search_term_string\"}}],\"inLanguage\":\"sv-SE\"},{\"@type\":\"Organization\",\"@id\":\"https:\/\/strangercam.com\/#organization\",\"name\":\"Strangercam\",\"alternateName\":\"Strangercam.com\",\"url\":\"https:\/\/strangercam.com\/\",\"logo\":{\"@type\":\"ImageObject\",\"inLanguage\":\"sv-SE\",\"@id\":\"https:\/\/strangercam.com\/#\/schema\/logo\/image\/\",\"url\":\"https:\/\/strangercam.com\/wp-content\/uploads\/2020\/11\/cropped-new-favicon-black.png\",\"contentUrl\":\"https:\/\/strangercam.com\/wp-content\/uploads\/2020\/11\/cropped-new-favicon-black.png\",\"width\":512,\"height\":512,\"caption\":\"Strangercam\"},\"image\":{\"@id\":\"https:\/\/strangercam.com\/#\/schema\/logo\/image\/\"},\"sameAs\":[\"https:\/\/www.facebook.com\/strangercam\",\"https:\/\/x.com\/strangercamapp\"]}]}<\/script>\n<!-- \/ Yoast SEO plugin. -->","yoast_head_json":{"title":"Chatzy - Gratis privata chattrum - Cam p\u00e5 StrangerCam.com","description":"Gillar du Chatzy? Kom och chatta med mer \u00e4n 5.000.000 fr\u00e4mlingar p\u00e5 Stranger Cam helt gratis! Sl\u00e5 p\u00e5 din kamera och hitta nya v\u00e4nner och kanske en match!","robots":{"index":"index","follow":"follow","max-snippet":"max-snippet:-1","max-image-preview":"max-image-preview:large","max-video-preview":"max-video-preview:-1"},"canonical":"https:\/\/strangercam.com\/sv\/chatzy\/","og_locale":"sv_SE","og_type":"article","og_title":"Chatzy - Free Private Chat Rooms - Cam on StrangerCam.com","og_description":"Like Chatzy? Come chat with more than 5.000.000 strangers on Stranger Cam for Free! Turn on your cam and find new friends & maby a match!","og_url":"https:\/\/strangercam.com\/sv\/chatzy\/","og_site_name":"Strangercam","article_publisher":"https:\/\/www.facebook.com\/strangercam","article_modified_time":"2023-08-21T10:24:41+00:00","og_image":[{"width":800,"height":800,"url":"https:\/\/strangercam.com\/wp-content\/uploads\/2020\/11\/stranger-cam-1.png","type":"image\/png"}],"twitter_card":"summary_large_image","twitter_site":"@strangercamapp","twitter_misc":{"Ber\u00e4knad l\u00e4stid":"2 minuter"},"schema":{"@context":"https:\/\/schema.org","@graph":[{"@type":"WebPage","@id":"https:\/\/strangercam.com\/chatzy\/","url":"https:\/\/strangercam.com\/chatzy\/","name":"Chatzy - Gratis privata chattrum - Cam p\u00e5 StrangerCam.com","isPartOf":{"@id":"https:\/\/strangercam.com\/#website"},"primaryImageOfPage":{"@id":"https:\/\/strangercam.com\/chatzy\/#primaryimage"},"image":{"@id":"https:\/\/strangercam.com\/chatzy\/#primaryimage"},"thumbnailUrl":"https:\/\/strangercam.com\/wp-content\/uploads\/2020\/11\/stranger-cam-1.png","datePublished":"2021-06-20T12:53:54+00:00","dateModified":"2023-08-21T10:24:41+00:00","description":"Gillar du Chatzy? Kom och chatta med mer \u00e4n 5.000.000 fr\u00e4mlingar p\u00e5 Stranger Cam helt gratis! Sl\u00e5 p\u00e5 din kamera och hitta nya v\u00e4nner och kanske en match!","breadcrumb":{"@id":"https:\/\/strangercam.com\/chatzy\/#breadcrumb"},"inLanguage":"sv-SE","potentialAction":[{"@type":"ReadAction","target":["https:\/\/strangercam.com\/chatzy\/"]}]},{"@type":"ImageObject","inLanguage":"sv-SE","@id":"https:\/\/strangercam.com\/chatzy\/#primaryimage","url":"https:\/\/strangercam.com\/wp-content\/uploads\/2020\/11\/stranger-cam-1.png","contentUrl":"https:\/\/strangercam.com\/wp-content\/uploads\/2020\/11\/stranger-cam-1.png","width":800,"height":800,"caption":"stranger cam random video chat"},{"@type":"BreadcrumbList","@id":"https:\/\/strangercam.com\/chatzy\/#breadcrumb","itemListElement":[{"@type":"ListItem","position":1,"name":"Home","item":"https:\/\/strangercam.com\/"},{"@type":"ListItem","position":2,"name":"Chatzy"}]},{"@type":"WebSite","@id":"https:\/\/strangercam.com\/#website","url":"https:\/\/strangercam.com\/","name":"Strangercam","description":"Slumpm\u00e4ssig videochatt med fr\u00e4mlingar","publisher":{"@id":"https:\/\/strangercam.com\/#organization"},"alternateName":"Strangercam.com","potentialAction":[{"@type":"SearchAction","target":{"@type":"EntryPoint","urlTemplate":"https:\/\/strangercam.com\/?s={search_term_string}"},"query-input":{"@type":"PropertyValueSpecification","valueRequired":true,"valueName":"search_term_string"}}],"inLanguage":"sv-SE"},{"@type":"Organization","@id":"https:\/\/strangercam.com\/#organization","name":"Strangercam","alternateName":"Strangercam.com","url":"https:\/\/strangercam.com\/","logo":{"@type":"ImageObject","inLanguage":"sv-SE","@id":"https:\/\/strangercam.com\/#\/schema\/logo\/image\/","url":"https:\/\/strangercam.com\/wp-content\/uploads\/2020\/11\/cropped-new-favicon-black.png","contentUrl":"https:\/\/strangercam.com\/wp-content\/uploads\/2020\/11\/cropped-new-favicon-black.png","width":512,"height":512,"caption":"Strangercam"},"image":{"@id":"https:\/\/strangercam.com\/#\/schema\/logo\/image\/"},"sameAs":["https:\/\/www.facebook.com\/strangercam","https:\/\/x.com\/strangercamapp"]}]}},"_links":{"self":[{"href":"https:\/\/strangercam.com\/sv\/wp-json\/wp\/v2\/pages\/5268","targetHints":{"allow":["GET"]}}],"collection":[{"href":"https:\/\/strangercam.com\/sv\/wp-json\/wp\/v2\/pages"}],"about":[{"href":"https:\/\/strangercam.com\/sv\/wp-json\/wp\/v2\/types\/page"}],"author":[{"embeddable":true,"href":"https:\/\/strangercam.com\/sv\/wp-json\/wp\/v2\/users\/6"}],"replies":[{"embeddable":true,"href":"https:\/\/strangercam.com\/sv\/wp-json\/wp\/v2\/comments?post=5268"}],"version-history":[{"count":0,"href":"https:\/\/strangercam.com\/sv\/wp-json\/wp\/v2\/pages\/5268\/revisions"}],"wp:featuredmedia":[{"embeddable":true,"href":"https:\/\/strangercam.com\/sv\/wp-json\/wp\/v2\/media\/559"}],"wp:attachment":[{"href":"https:\/\/strangercam.com\/sv\/wp-json\/wp\/v2\/media?parent=5268"}],"curies":[{"name":"wp","href":"https:\/\/api.w.org\/{rel}","templated":true}]}}