{"id":5227,"date":"2021-06-20T14:37:25","date_gmt":"2021-06-20T12:37:25","guid":{"rendered":"https:\/\/strangercam.com\/?page_id=5227"},"modified":"2023-08-21T12:47:26","modified_gmt":"2023-08-21T10:47:26","slug":"y99","status":"publish","type":"page","link":"https:\/\/strangercam.com\/sv\/y99\/","title":{"rendered":"Y99"},"content":{"rendered":"<p>Detta \u00e4r en popul\u00e4r dejtingsajt p\u00e5 n\u00e4tet som l\u00e5ter dig g\u00e5 in p\u00e5 vilken som helst av dess <a href=\"https:\/\/strangercam.com\/sv\/chatroulette\/\">chatt<\/a> rum utan att kr\u00e4va n\u00e5gon registrering. Du kanske s\u00f6ker en v\u00e4n. Det kan vara en person som du kan dela dina tankar med. Det kan ocks\u00e5 vara en partner som du kanske vill ta f\u00f6rh\u00e5llandet med till det <a href=\"https:\/\/strangercam.com\/sv\/nextcam\/\">n\u00e4sta<\/a> niv\u00e5. Med hj\u00e4lp av denna chattportal kan du konversera med din likasinnade v\u00e4n i timmar tillsammans och dela dina k\u00e4nslor. Du kan anv\u00e4nda din b\u00e4rbara dator, Android- eller iPhone-enhet f\u00f6r att ansluta till denna chattwebbplats. Det erbjuder ov\u00e4rderligt <a href=\"https:\/\/strangercam.com\/sv\/chatingly\/\">chattar<\/a> en tj\u00e4nst som du garanterat kommer att \u00e4lska att anv\u00e4nda.<\/p>\n<h2>Hur man registrerar sig med y99<\/h2>\n<p>Det kr\u00e4vs ingen registrering f\u00f6r att starta din chattsession i denna chattportal. Snarare beh\u00f6ver du bara bes\u00f6ka webbplatsen eller starta appen och ange ditt chattnamn. Det kan vara valfritt smeknamn som du vill ha f\u00f6r att presentera dig f\u00f6r fr\u00e4mlingar d\u00e4r ute. N\u00e4r du \u00e4r klar kan du helt enkelt starta din icke-registrerade chattsession. Om du redan har registrerat dig p\u00e5 den h\u00e4r portalen med din grundl\u00e4ggande information beh\u00f6ver du bara ange ditt anv\u00e4ndarnamn och skapade l\u00f6senord. Det finns ocks\u00e5 en best\u00e4mmelse om att h\u00e4mta ditt konto om du gl\u00f6mmer l\u00f6senordet. D\u00e4rf\u00f6r \u00e4r det ganska enkelt, snabbt och enkelt att logga in p\u00e5 den h\u00e4r portalen.<\/p>\n<h3>Hur man anv\u00e4nder y99<\/h3>\n<p>Denna portal g\u00f6r det m\u00f6jligt f\u00f6r dig att skapa och ha slumpm\u00e4ssiga chattar, g\u00e5 med i gruppchattar, l\u00e4sa roliga memes etc. Du kan skapa din egen chattgrupp och bjuda in personer som delar liknande tankar och st\u00e4mningar att g\u00e5 med i gruppen. Oavsett om du \u00e4r en registrerad eller icke-registrerad anv\u00e4ndare kan du ha oerh\u00f6rt kul under hela din session. Du har m\u00f6jlighet att g\u00e5 med i gruppchattar, <a href=\"https:\/\/strangercam.com\/sv\/1v1-chat\/\">en<\/a> till en och memes. Om du beh\u00f6ver v\u00e4gledning kan du alltid anv\u00e4nda de tips och handledning som tillhandah\u00e5lls inom portalen f\u00f6r att fatta r\u00e4tt beslut.<\/p>\n<h3>Vilka \u00e4r f\u00f6r- och nackdelarna med y99<\/h3>\n<p>Denna portal \u00e4r snabb att komma in och starta chattsessionen med fr\u00e4mlingar, vare sig det \u00e4r en till en eller i grupp. Det l\u00e5ter dig ocks\u00e5 skapa och dela intressanta memes med andra \u00f6ver hela v\u00e4rlden. Du kan hitta tusentals m\u00e4nniskor som chattar tillsammans vid varje given tidpunkt, vilket g\u00f6r det ganska popul\u00e4rt. Du kan starta en chatt s\u00e5v\u00e4l som avsluta den n\u00e4r du vill. V\u00e4nner f\u00e5r ocks\u00e5 njuta av <a href=\"https:\/\/strangercam.com\/sv\/chat4free\/\">fri<\/a> samtal. Men den enda backdraw \u00e4r utan registrering, det kanske inte \u00e4r s\u00e4kert. S\u00e5 du m\u00e5ste skydda din integritet och inte dela dina personuppgifter till n\u00e5gon via chatten.<\/p>","protected":false},"excerpt":{"rendered":"<p>This is a popular online dating site that allows you to enter any of its chat rooms without requiring any registration. You may be seeking a friend. It could be a person to share your thoughts. It can also be a partner with whom you may want to take the relationship to the next level. [&hellip;]<\/p>\n","protected":false},"author":6,"featured_media":559,"parent":0,"menu_order":0,"comment_status":"closed","ping_status":"closed","template":"","meta":{"footnotes":""},"class_list":["post-5227","page","type-page","status-publish","has-post-thumbnail","hentry"],"yoast_head":"<!-- This site is optimized with the Yoast SEO plugin v27.4 - https:\/\/yoast.com\/product\/yoast-seo-wordpress\/ -->\n<title>Y99 - Free Online Random Chat - Cam on StrangerCam.com<\/title>\n<meta name=\"description\" content=\"Like Y99? Come chat with more than 5.000.000 strangers on Stranger Cam for Free! Turn on your cam and find new friends &amp; maby a match!\" \/>\n<meta name=\"robots\" content=\"index, follow, max-snippet:-1, max-image-preview:large, max-video-preview:-1\" \/>\n<link rel=\"canonical\" href=\"https:\/\/strangercam.com\/sv\/y99\/\" \/>\n<meta property=\"og:locale\" content=\"sv_SE\" \/>\n<meta property=\"og:type\" content=\"article\" \/>\n<meta property=\"og:title\" content=\"Y99 - Free Online Random Chat - Cam on StrangerCam.com\" \/>\n<meta property=\"og:description\" content=\"Like Y99? Come chat with more than 5.000.000 strangers on Stranger Cam for Free! Turn on your cam and find new friends &amp; maby a match!\" \/>\n<meta property=\"og:url\" content=\"https:\/\/strangercam.com\/sv\/y99\/\" \/>\n<meta property=\"og:site_name\" content=\"Strangercam\" \/>\n<meta property=\"article:publisher\" content=\"https:\/\/www.facebook.com\/strangercam\" \/>\n<meta property=\"article:modified_time\" content=\"2023-08-21T10:47:26+00:00\" \/>\n<meta property=\"og:image\" content=\"https:\/\/strangercam.com\/wp-content\/uploads\/2020\/11\/stranger-cam-1.png\" \/>\n\t<meta property=\"og:image:width\" content=\"800\" \/>\n\t<meta property=\"og:image:height\" content=\"800\" \/>\n\t<meta property=\"og:image:type\" content=\"image\/png\" \/>\n<meta name=\"twitter:card\" content=\"summary_large_image\" \/>\n<meta name=\"twitter:site\" content=\"@strangercamapp\" \/>\n<meta name=\"twitter:label1\" content=\"Ber\u00e4knad l\u00e4stid\" \/>\n\t<meta name=\"twitter:data1\" content=\"2 minuter\" \/>\n<script type=\"application\/ld+json\" class=\"yoast-schema-graph\">{\"@context\":\"https:\\\/\\\/schema.org\",\"@graph\":[{\"@type\":\"WebPage\",\"@id\":\"https:\\\/\\\/strangercam.com\\\/y99\\\/\",\"url\":\"https:\\\/\\\/strangercam.com\\\/y99\\\/\",\"name\":\"Y99 - Free Online Random Chat - Cam on StrangerCam.com\",\"isPartOf\":{\"@id\":\"https:\\\/\\\/strangercam.com\\\/#website\"},\"primaryImageOfPage\":{\"@id\":\"https:\\\/\\\/strangercam.com\\\/y99\\\/#primaryimage\"},\"image\":{\"@id\":\"https:\\\/\\\/strangercam.com\\\/y99\\\/#primaryimage\"},\"thumbnailUrl\":\"https:\\\/\\\/strangercam.com\\\/wp-content\\\/uploads\\\/2020\\\/11\\\/stranger-cam-1.png\",\"datePublished\":\"2021-06-20T12:37:25+00:00\",\"dateModified\":\"2023-08-21T10:47:26+00:00\",\"description\":\"Like Y99? Come chat with more than 5.000.000 strangers on Stranger Cam for Free! Turn on your cam and find new friends & maby a match!\",\"breadcrumb\":{\"@id\":\"https:\\\/\\\/strangercam.com\\\/y99\\\/#breadcrumb\"},\"inLanguage\":\"sv-SE\",\"potentialAction\":[{\"@type\":\"ReadAction\",\"target\":[\"https:\\\/\\\/strangercam.com\\\/y99\\\/\"]}]},{\"@type\":\"ImageObject\",\"inLanguage\":\"sv-SE\",\"@id\":\"https:\\\/\\\/strangercam.com\\\/y99\\\/#primaryimage\",\"url\":\"https:\\\/\\\/strangercam.com\\\/wp-content\\\/uploads\\\/2020\\\/11\\\/stranger-cam-1.png\",\"contentUrl\":\"https:\\\/\\\/strangercam.com\\\/wp-content\\\/uploads\\\/2020\\\/11\\\/stranger-cam-1.png\",\"width\":800,\"height\":800,\"caption\":\"stranger cam random video chat\"},{\"@type\":\"BreadcrumbList\",\"@id\":\"https:\\\/\\\/strangercam.com\\\/y99\\\/#breadcrumb\",\"itemListElement\":[{\"@type\":\"ListItem\",\"position\":1,\"name\":\"Home\",\"item\":\"https:\\\/\\\/strangercam.com\\\/\"},{\"@type\":\"ListItem\",\"position\":2,\"name\":\"Y99\"}]},{\"@type\":\"WebSite\",\"@id\":\"https:\\\/\\\/strangercam.com\\\/#website\",\"url\":\"https:\\\/\\\/strangercam.com\\\/\",\"name\":\"Strangercam\",\"description\":\"Random Video Chat with Strangers\",\"publisher\":{\"@id\":\"https:\\\/\\\/strangercam.com\\\/#organization\"},\"alternateName\":\"Strangercam.com\",\"potentialAction\":[{\"@type\":\"SearchAction\",\"target\":{\"@type\":\"EntryPoint\",\"urlTemplate\":\"https:\\\/\\\/strangercam.com\\\/?s={search_term_string}\"},\"query-input\":{\"@type\":\"PropertyValueSpecification\",\"valueRequired\":true,\"valueName\":\"search_term_string\"}}],\"inLanguage\":\"sv-SE\"},{\"@type\":\"Organization\",\"@id\":\"https:\\\/\\\/strangercam.com\\\/#organization\",\"name\":\"Strangercam\",\"alternateName\":\"Strangercam.com\",\"url\":\"https:\\\/\\\/strangercam.com\\\/\",\"logo\":{\"@type\":\"ImageObject\",\"inLanguage\":\"sv-SE\",\"@id\":\"https:\\\/\\\/strangercam.com\\\/#\\\/schema\\\/logo\\\/image\\\/\",\"url\":\"https:\\\/\\\/strangercam.com\\\/wp-content\\\/uploads\\\/2020\\\/11\\\/cropped-new-favicon-black.png\",\"contentUrl\":\"https:\\\/\\\/strangercam.com\\\/wp-content\\\/uploads\\\/2020\\\/11\\\/cropped-new-favicon-black.png\",\"width\":512,\"height\":512,\"caption\":\"Strangercam\"},\"image\":{\"@id\":\"https:\\\/\\\/strangercam.com\\\/#\\\/schema\\\/logo\\\/image\\\/\"},\"sameAs\":[\"https:\\\/\\\/www.facebook.com\\\/strangercam\",\"https:\\\/\\\/x.com\\\/strangercamapp\"]}]}<\/script>\n<!-- \/ Yoast SEO plugin. -->","yoast_head_json":{"title":"Y99 - Gratis slumpm\u00e4ssig chatt online - Cam p\u00e5 StrangerCam.com","description":"Gillar du Y99? Kom och chatta med mer \u00e4n 5.000.000 fr\u00e4mlingar p\u00e5 Stranger Cam helt gratis! Sl\u00e5 p\u00e5 din kamera och hitta nya v\u00e4nner och kanske en match!","robots":{"index":"index","follow":"follow","max-snippet":"max-snippet:-1","max-image-preview":"max-image-preview:large","max-video-preview":"max-video-preview:-1"},"canonical":"https:\/\/strangercam.com\/sv\/y99\/","og_locale":"sv_SE","og_type":"article","og_title":"Y99 - Free Online Random Chat - Cam on StrangerCam.com","og_description":"Like Y99? Come chat with more than 5.000.000 strangers on Stranger Cam for Free! Turn on your cam and find new friends & maby a match!","og_url":"https:\/\/strangercam.com\/sv\/y99\/","og_site_name":"Strangercam","article_publisher":"https:\/\/www.facebook.com\/strangercam","article_modified_time":"2023-08-21T10:47:26+00:00","og_image":[{"width":800,"height":800,"url":"https:\/\/strangercam.com\/wp-content\/uploads\/2020\/11\/stranger-cam-1.png","type":"image\/png"}],"twitter_card":"summary_large_image","twitter_site":"@strangercamapp","twitter_misc":{"Ber\u00e4knad l\u00e4stid":"2 minuter"},"schema":{"@context":"https:\/\/schema.org","@graph":[{"@type":"WebPage","@id":"https:\/\/strangercam.com\/y99\/","url":"https:\/\/strangercam.com\/y99\/","name":"Y99 - Gratis slumpm\u00e4ssig chatt online - Cam p\u00e5 StrangerCam.com","isPartOf":{"@id":"https:\/\/strangercam.com\/#website"},"primaryImageOfPage":{"@id":"https:\/\/strangercam.com\/y99\/#primaryimage"},"image":{"@id":"https:\/\/strangercam.com\/y99\/#primaryimage"},"thumbnailUrl":"https:\/\/strangercam.com\/wp-content\/uploads\/2020\/11\/stranger-cam-1.png","datePublished":"2021-06-20T12:37:25+00:00","dateModified":"2023-08-21T10:47:26+00:00","description":"Gillar du Y99? Kom och chatta med mer \u00e4n 5.000.000 fr\u00e4mlingar p\u00e5 Stranger Cam helt gratis! Sl\u00e5 p\u00e5 din kamera och hitta nya v\u00e4nner och kanske en match!","breadcrumb":{"@id":"https:\/\/strangercam.com\/y99\/#breadcrumb"},"inLanguage":"sv-SE","potentialAction":[{"@type":"ReadAction","target":["https:\/\/strangercam.com\/y99\/"]}]},{"@type":"ImageObject","inLanguage":"sv-SE","@id":"https:\/\/strangercam.com\/y99\/#primaryimage","url":"https:\/\/strangercam.com\/wp-content\/uploads\/2020\/11\/stranger-cam-1.png","contentUrl":"https:\/\/strangercam.com\/wp-content\/uploads\/2020\/11\/stranger-cam-1.png","width":800,"height":800,"caption":"stranger cam random video chat"},{"@type":"BreadcrumbList","@id":"https:\/\/strangercam.com\/y99\/#breadcrumb","itemListElement":[{"@type":"ListItem","position":1,"name":"Home","item":"https:\/\/strangercam.com\/"},{"@type":"ListItem","position":2,"name":"Y99"}]},{"@type":"WebSite","@id":"https:\/\/strangercam.com\/#website","url":"https:\/\/strangercam.com\/","name":"Strangercam","description":"Slumpm\u00e4ssig videochatt med fr\u00e4mlingar","publisher":{"@id":"https:\/\/strangercam.com\/#organization"},"alternateName":"Strangercam.com","potentialAction":[{"@type":"SearchAction","target":{"@type":"EntryPoint","urlTemplate":"https:\/\/strangercam.com\/?s={search_term_string}"},"query-input":{"@type":"PropertyValueSpecification","valueRequired":true,"valueName":"search_term_string"}}],"inLanguage":"sv-SE"},{"@type":"Organization","@id":"https:\/\/strangercam.com\/#organization","name":"Strangercam","alternateName":"Strangercam.com","url":"https:\/\/strangercam.com\/","logo":{"@type":"ImageObject","inLanguage":"sv-SE","@id":"https:\/\/strangercam.com\/#\/schema\/logo\/image\/","url":"https:\/\/strangercam.com\/wp-content\/uploads\/2020\/11\/cropped-new-favicon-black.png","contentUrl":"https:\/\/strangercam.com\/wp-content\/uploads\/2020\/11\/cropped-new-favicon-black.png","width":512,"height":512,"caption":"Strangercam"},"image":{"@id":"https:\/\/strangercam.com\/#\/schema\/logo\/image\/"},"sameAs":["https:\/\/www.facebook.com\/strangercam","https:\/\/x.com\/strangercamapp"]}]}},"_links":{"self":[{"href":"https:\/\/strangercam.com\/sv\/wp-json\/wp\/v2\/pages\/5227","targetHints":{"allow":["GET"]}}],"collection":[{"href":"https:\/\/strangercam.com\/sv\/wp-json\/wp\/v2\/pages"}],"about":[{"href":"https:\/\/strangercam.com\/sv\/wp-json\/wp\/v2\/types\/page"}],"author":[{"embeddable":true,"href":"https:\/\/strangercam.com\/sv\/wp-json\/wp\/v2\/users\/6"}],"replies":[{"embeddable":true,"href":"https:\/\/strangercam.com\/sv\/wp-json\/wp\/v2\/comments?post=5227"}],"version-history":[{"count":0,"href":"https:\/\/strangercam.com\/sv\/wp-json\/wp\/v2\/pages\/5227\/revisions"}],"wp:featuredmedia":[{"embeddable":true,"href":"https:\/\/strangercam.com\/sv\/wp-json\/wp\/v2\/media\/559"}],"wp:attachment":[{"href":"https:\/\/strangercam.com\/sv\/wp-json\/wp\/v2\/media?parent=5227"}],"curies":[{"name":"wp","href":"https:\/\/api.w.org\/{rel}","templated":true}]}}