{"id":5153,"date":"2021-06-19T21:32:14","date_gmt":"2021-06-19T19:32:14","guid":{"rendered":"https:\/\/strangercam.com\/?page_id=5153"},"modified":"2023-08-21T12:24:41","modified_gmt":"2023-08-21T10:24:41","slug":"flirtymania","status":"publish","type":"page","link":"https:\/\/strangercam.com\/sv\/flirtymania\/","title":{"rendered":"Flirtymania"},"content":{"rendered":"<p><b>Flirtymania<\/b> \u00e4r snabbt p\u00e5 v\u00e4g att bli en popul\u00e4r webbkamera <a href=\"https:\/\/strangercam.com\/sv\/chatroulette\/\">chatt<\/a> och njuter av nya registreringar i tusentals f\u00f6r varje dag som g\u00e5r. Den h\u00e4r webbplatsen l\u00e5ter dig hitta ett datum, <a href=\"https:\/\/strangercam.com\/sv\/coomeet\/\">tr\u00e4ffas<\/a> nya v\u00e4nner, prata med likasinnade fr\u00e4mlingar eller tr\u00e4ffa din \u00e4lskade. Med s\u00e5 m\u00e5nga intressanta funktioner g\u00f6r den h\u00e4r webbplatsen att du kan till\u00e5ta dig att njuta av och ha ett romantiskt liv. Du kan enkelt f\u00e5 tillg\u00e5ng till live webbkameror och <a href=\"https:\/\/strangercam.com\/sv\/rabbit-video-chat\/\">videochatt<\/a> rum gratis. Ring slumpm\u00e4ssiga videosamtal och g\u00e5 in i gruppchattrum f\u00f6r att ha l\u00e5nga chattsessioner med andra.<\/p>\n<h2>Hur registrerar jag mig i flirtymania?<\/h2>\n<p>F\u00f6r att f\u00e5 tillg\u00e5ng till de olika chattversionerna \u00e4r det viktigt att du registrerar dig p\u00e5 denna webbplats. F\u00f6r detta m\u00e5ste du ange dina personuppgifter korrekt i registreringsformul\u00e4ret inklusive ditt anv\u00e4ndar-ID och l\u00f6senord. N\u00e4r du har genererats \u00e4r du redo att komma \u00e5t de olika chattf\u00f6nstren som finns h\u00e4r. Du f\u00e5r ocks\u00e5 se den person som du vill chatta med och helt enkelt klicka p\u00e5 det f\u00f6nstret f\u00f6r att starta din chattsession. Registrering p\u00e5 denna webbplats \u00e4r ganska enkel, enkel och snabb. Du har b\u00e5de betalda och videochattversioner beroende p\u00e5 ditt val.<\/p>\n<h3>Hur anv\u00e4nder man flirtymania?<\/h3>\n<p>Den h\u00e4r webbplatsen ger anv\u00e4ndarna m\u00e5nga alternativ och \u00e4r ganska l\u00e4tt att anv\u00e4nda. Du m\u00e5ste f\u00f6rst registrera dig sj\u00e4lv genom att bes\u00f6ka valfritt f\u00f6nster och skapa ditt anv\u00e4ndar-ID och l\u00f6senord. N\u00e4r du \u00e4r klar kan du f\u00e5 tillg\u00e5ng till gratis webbkamerachatt, gratis <a href=\"https:\/\/strangercam.com\/sv\/bazoocam\/\">kam<\/a> chatt, webbkamera chattrum, etc. Det finns tusentals offentliga och privata chattrum som du kan v\u00e4lja att g\u00e5 in i f\u00f6r att ha en intressant och rolig session. Det \u00e4r helt s\u00e4kert och mycket mer intressant s\u00e5 att du f\u00e5r vad du betalar f\u00f6r.<\/p>\n<h3>Vilka \u00e4r f\u00f6r- och nackdelarna med flirtymania?<\/h3>\n<p>Webbkamera chattrum p\u00e5 denna webbplats kan du f\u00e5 tillg\u00e5ng till gratis live <a href=\"https:\/\/strangercam.com\/sv\/video-chat-with-girls\/\">flickor<\/a> med full anonymitet. Personlig information kommer inte att beh\u00f6va visas medan du njuter av full \u00e5tkomst utan ditt tillst\u00e5nd. Du kan g\u00e5 med i n\u00e5got av de tusentals offentliga och privata chattrummen fyllda med fr\u00e4mlingar \u00f6ver hela v\u00e4rlden. Du har full kontroll \u00f6ver vem du ska chatta med beroende p\u00e5 dina st\u00e4mningar. Det finns gott om fantastiska klisterm\u00e4rken som erbjuds i denna gratis webbkamerachatt. Den enda nackdelen \u00e4r att du m\u00e5ste l\u00e4gga pengar p\u00e5 hyllan f\u00f6r att heja p\u00e5 en v\u00e4n eller vinna n\u00e5gons hj\u00e4rta. Men det \u00e4r v\u00e4rt f\u00f6rs\u00f6ket eftersom du kan f\u00e5 maximalt kul fr\u00e5n den h\u00e4r webbplatsen och vill komma tillbaka igen f\u00f6r mer.<\/p>","protected":false},"excerpt":{"rendered":"<p>Flirtymania is fast becoming a popular webcam chat and enjoying new registrations in thousands with each passing day. This site allows you to find a date, meet new friends, talk to likeminded strangers or meet your beloved one. With so many interesting features, this site allows you to permits you to enjoy and have a [&hellip;]<\/p>\n","protected":false},"author":6,"featured_media":559,"parent":0,"menu_order":0,"comment_status":"closed","ping_status":"closed","template":"","meta":{"footnotes":""},"class_list":["post-5153","page","type-page","status-publish","has-post-thumbnail","hentry"],"yoast_head":"<!-- This site is optimized with the Yoast SEO plugin v27.4 - https:\/\/yoast.com\/product\/yoast-seo-wordpress\/ -->\n<title>Flirtymania - Video Chat With Girls - Cam on StrangerCam.com<\/title>\n<meta name=\"description\" content=\"Like Flirtymania? Come chat with more than 5.000.000 strangers on Stranger Cam for Free! Turn on your cam and find new friends &amp; maby a match!\" \/>\n<meta name=\"robots\" content=\"index, follow, max-snippet:-1, max-image-preview:large, max-video-preview:-1\" \/>\n<link rel=\"canonical\" href=\"https:\/\/strangercam.com\/sv\/flirtymania\/\" \/>\n<meta property=\"og:locale\" content=\"sv_SE\" \/>\n<meta property=\"og:type\" content=\"article\" \/>\n<meta property=\"og:title\" content=\"Flirtymania - Video Chat With Girls - Cam on StrangerCam.com\" \/>\n<meta property=\"og:description\" content=\"Like Flirtymania? Come chat with more than 5.000.000 strangers on Stranger Cam for Free! Turn on your cam and find new friends &amp; maby a match!\" \/>\n<meta property=\"og:url\" content=\"https:\/\/strangercam.com\/sv\/flirtymania\/\" \/>\n<meta property=\"og:site_name\" content=\"Strangercam\" \/>\n<meta property=\"article:publisher\" content=\"https:\/\/www.facebook.com\/strangercam\" \/>\n<meta property=\"article:modified_time\" content=\"2023-08-21T10:24:41+00:00\" \/>\n<meta property=\"og:image\" content=\"https:\/\/strangercam.com\/wp-content\/uploads\/2020\/11\/stranger-cam-1.png\" \/>\n\t<meta property=\"og:image:width\" content=\"800\" \/>\n\t<meta property=\"og:image:height\" content=\"800\" \/>\n\t<meta property=\"og:image:type\" content=\"image\/png\" \/>\n<meta name=\"twitter:card\" content=\"summary_large_image\" \/>\n<meta name=\"twitter:site\" content=\"@strangercamapp\" \/>\n<meta name=\"twitter:label1\" content=\"Ber\u00e4knad l\u00e4stid\" \/>\n\t<meta name=\"twitter:data1\" content=\"2 minuter\" \/>\n<script type=\"application\/ld+json\" class=\"yoast-schema-graph\">{\"@context\":\"https:\\\/\\\/schema.org\",\"@graph\":[{\"@type\":\"WebPage\",\"@id\":\"https:\\\/\\\/strangercam.com\\\/flirtymania\\\/\",\"url\":\"https:\\\/\\\/strangercam.com\\\/flirtymania\\\/\",\"name\":\"Flirtymania - Video Chat With Girls - Cam on StrangerCam.com\",\"isPartOf\":{\"@id\":\"https:\\\/\\\/strangercam.com\\\/#website\"},\"primaryImageOfPage\":{\"@id\":\"https:\\\/\\\/strangercam.com\\\/flirtymania\\\/#primaryimage\"},\"image\":{\"@id\":\"https:\\\/\\\/strangercam.com\\\/flirtymania\\\/#primaryimage\"},\"thumbnailUrl\":\"https:\\\/\\\/strangercam.com\\\/wp-content\\\/uploads\\\/2020\\\/11\\\/stranger-cam-1.png\",\"datePublished\":\"2021-06-19T19:32:14+00:00\",\"dateModified\":\"2023-08-21T10:24:41+00:00\",\"description\":\"Like Flirtymania? Come chat with more than 5.000.000 strangers on Stranger Cam for Free! Turn on your cam and find new friends & maby a match!\",\"breadcrumb\":{\"@id\":\"https:\\\/\\\/strangercam.com\\\/flirtymania\\\/#breadcrumb\"},\"inLanguage\":\"sv-SE\",\"potentialAction\":[{\"@type\":\"ReadAction\",\"target\":[\"https:\\\/\\\/strangercam.com\\\/flirtymania\\\/\"]}]},{\"@type\":\"ImageObject\",\"inLanguage\":\"sv-SE\",\"@id\":\"https:\\\/\\\/strangercam.com\\\/flirtymania\\\/#primaryimage\",\"url\":\"https:\\\/\\\/strangercam.com\\\/wp-content\\\/uploads\\\/2020\\\/11\\\/stranger-cam-1.png\",\"contentUrl\":\"https:\\\/\\\/strangercam.com\\\/wp-content\\\/uploads\\\/2020\\\/11\\\/stranger-cam-1.png\",\"width\":800,\"height\":800,\"caption\":\"stranger cam random video chat\"},{\"@type\":\"BreadcrumbList\",\"@id\":\"https:\\\/\\\/strangercam.com\\\/flirtymania\\\/#breadcrumb\",\"itemListElement\":[{\"@type\":\"ListItem\",\"position\":1,\"name\":\"Home\",\"item\":\"https:\\\/\\\/strangercam.com\\\/\"},{\"@type\":\"ListItem\",\"position\":2,\"name\":\"Flirtymania\"}]},{\"@type\":\"WebSite\",\"@id\":\"https:\\\/\\\/strangercam.com\\\/#website\",\"url\":\"https:\\\/\\\/strangercam.com\\\/\",\"name\":\"Strangercam\",\"description\":\"Random Video Chat with Strangers\",\"publisher\":{\"@id\":\"https:\\\/\\\/strangercam.com\\\/#organization\"},\"alternateName\":\"Strangercam.com\",\"potentialAction\":[{\"@type\":\"SearchAction\",\"target\":{\"@type\":\"EntryPoint\",\"urlTemplate\":\"https:\\\/\\\/strangercam.com\\\/?s={search_term_string}\"},\"query-input\":{\"@type\":\"PropertyValueSpecification\",\"valueRequired\":true,\"valueName\":\"search_term_string\"}}],\"inLanguage\":\"sv-SE\"},{\"@type\":\"Organization\",\"@id\":\"https:\\\/\\\/strangercam.com\\\/#organization\",\"name\":\"Strangercam\",\"alternateName\":\"Strangercam.com\",\"url\":\"https:\\\/\\\/strangercam.com\\\/\",\"logo\":{\"@type\":\"ImageObject\",\"inLanguage\":\"sv-SE\",\"@id\":\"https:\\\/\\\/strangercam.com\\\/#\\\/schema\\\/logo\\\/image\\\/\",\"url\":\"https:\\\/\\\/strangercam.com\\\/wp-content\\\/uploads\\\/2020\\\/11\\\/cropped-new-favicon-black.png\",\"contentUrl\":\"https:\\\/\\\/strangercam.com\\\/wp-content\\\/uploads\\\/2020\\\/11\\\/cropped-new-favicon-black.png\",\"width\":512,\"height\":512,\"caption\":\"Strangercam\"},\"image\":{\"@id\":\"https:\\\/\\\/strangercam.com\\\/#\\\/schema\\\/logo\\\/image\\\/\"},\"sameAs\":[\"https:\\\/\\\/www.facebook.com\\\/strangercam\",\"https:\\\/\\\/x.com\\\/strangercamapp\"]}]}<\/script>\n<!-- \/ Yoast SEO plugin. -->","yoast_head_json":{"title":"Flirtymania - Videochatt med tjejer - Cam p\u00e5 StrangerCam.com","description":"Gillar du Flirtymania? Kom och chatta med mer \u00e4n 5.000.000 fr\u00e4mlingar p\u00e5 Stranger Cam helt gratis! Sl\u00e5 p\u00e5 din kamera och hitta nya v\u00e4nner och kanske en match!","robots":{"index":"index","follow":"follow","max-snippet":"max-snippet:-1","max-image-preview":"max-image-preview:large","max-video-preview":"max-video-preview:-1"},"canonical":"https:\/\/strangercam.com\/sv\/flirtymania\/","og_locale":"sv_SE","og_type":"article","og_title":"Flirtymania - Video Chat With Girls - Cam on StrangerCam.com","og_description":"Like Flirtymania? Come chat with more than 5.000.000 strangers on Stranger Cam for Free! Turn on your cam and find new friends & maby a match!","og_url":"https:\/\/strangercam.com\/sv\/flirtymania\/","og_site_name":"Strangercam","article_publisher":"https:\/\/www.facebook.com\/strangercam","article_modified_time":"2023-08-21T10:24:41+00:00","og_image":[{"width":800,"height":800,"url":"https:\/\/strangercam.com\/wp-content\/uploads\/2020\/11\/stranger-cam-1.png","type":"image\/png"}],"twitter_card":"summary_large_image","twitter_site":"@strangercamapp","twitter_misc":{"Ber\u00e4knad l\u00e4stid":"2 minuter"},"schema":{"@context":"https:\/\/schema.org","@graph":[{"@type":"WebPage","@id":"https:\/\/strangercam.com\/flirtymania\/","url":"https:\/\/strangercam.com\/flirtymania\/","name":"Flirtymania - Videochatt med tjejer - Cam p\u00e5 StrangerCam.com","isPartOf":{"@id":"https:\/\/strangercam.com\/#website"},"primaryImageOfPage":{"@id":"https:\/\/strangercam.com\/flirtymania\/#primaryimage"},"image":{"@id":"https:\/\/strangercam.com\/flirtymania\/#primaryimage"},"thumbnailUrl":"https:\/\/strangercam.com\/wp-content\/uploads\/2020\/11\/stranger-cam-1.png","datePublished":"2021-06-19T19:32:14+00:00","dateModified":"2023-08-21T10:24:41+00:00","description":"Gillar du Flirtymania? Kom och chatta med mer \u00e4n 5.000.000 fr\u00e4mlingar p\u00e5 Stranger Cam helt gratis! Sl\u00e5 p\u00e5 din kamera och hitta nya v\u00e4nner och kanske en match!","breadcrumb":{"@id":"https:\/\/strangercam.com\/flirtymania\/#breadcrumb"},"inLanguage":"sv-SE","potentialAction":[{"@type":"ReadAction","target":["https:\/\/strangercam.com\/flirtymania\/"]}]},{"@type":"ImageObject","inLanguage":"sv-SE","@id":"https:\/\/strangercam.com\/flirtymania\/#primaryimage","url":"https:\/\/strangercam.com\/wp-content\/uploads\/2020\/11\/stranger-cam-1.png","contentUrl":"https:\/\/strangercam.com\/wp-content\/uploads\/2020\/11\/stranger-cam-1.png","width":800,"height":800,"caption":"stranger cam random video chat"},{"@type":"BreadcrumbList","@id":"https:\/\/strangercam.com\/flirtymania\/#breadcrumb","itemListElement":[{"@type":"ListItem","position":1,"name":"Home","item":"https:\/\/strangercam.com\/"},{"@type":"ListItem","position":2,"name":"Flirtymania"}]},{"@type":"WebSite","@id":"https:\/\/strangercam.com\/#website","url":"https:\/\/strangercam.com\/","name":"Strangercam","description":"Slumpm\u00e4ssig videochatt med fr\u00e4mlingar","publisher":{"@id":"https:\/\/strangercam.com\/#organization"},"alternateName":"Strangercam.com","potentialAction":[{"@type":"SearchAction","target":{"@type":"EntryPoint","urlTemplate":"https:\/\/strangercam.com\/?s={search_term_string}"},"query-input":{"@type":"PropertyValueSpecification","valueRequired":true,"valueName":"search_term_string"}}],"inLanguage":"sv-SE"},{"@type":"Organization","@id":"https:\/\/strangercam.com\/#organization","name":"Strangercam","alternateName":"Strangercam.com","url":"https:\/\/strangercam.com\/","logo":{"@type":"ImageObject","inLanguage":"sv-SE","@id":"https:\/\/strangercam.com\/#\/schema\/logo\/image\/","url":"https:\/\/strangercam.com\/wp-content\/uploads\/2020\/11\/cropped-new-favicon-black.png","contentUrl":"https:\/\/strangercam.com\/wp-content\/uploads\/2020\/11\/cropped-new-favicon-black.png","width":512,"height":512,"caption":"Strangercam"},"image":{"@id":"https:\/\/strangercam.com\/#\/schema\/logo\/image\/"},"sameAs":["https:\/\/www.facebook.com\/strangercam","https:\/\/x.com\/strangercamapp"]}]}},"_links":{"self":[{"href":"https:\/\/strangercam.com\/sv\/wp-json\/wp\/v2\/pages\/5153","targetHints":{"allow":["GET"]}}],"collection":[{"href":"https:\/\/strangercam.com\/sv\/wp-json\/wp\/v2\/pages"}],"about":[{"href":"https:\/\/strangercam.com\/sv\/wp-json\/wp\/v2\/types\/page"}],"author":[{"embeddable":true,"href":"https:\/\/strangercam.com\/sv\/wp-json\/wp\/v2\/users\/6"}],"replies":[{"embeddable":true,"href":"https:\/\/strangercam.com\/sv\/wp-json\/wp\/v2\/comments?post=5153"}],"version-history":[{"count":0,"href":"https:\/\/strangercam.com\/sv\/wp-json\/wp\/v2\/pages\/5153\/revisions"}],"wp:featuredmedia":[{"embeddable":true,"href":"https:\/\/strangercam.com\/sv\/wp-json\/wp\/v2\/media\/559"}],"wp:attachment":[{"href":"https:\/\/strangercam.com\/sv\/wp-json\/wp\/v2\/media?parent=5153"}],"curies":[{"name":"wp","href":"https:\/\/api.w.org\/{rel}","templated":true}]}}