{"id":5113,"date":"2021-06-19T21:05:49","date_gmt":"2021-06-19T19:05:49","guid":{"rendered":"https:\/\/strangercam.com\/?page_id=5113"},"modified":"2023-08-21T11:40:39","modified_gmt":"2023-08-21T09:40:39","slug":"chatiw","status":"publish","type":"page","link":"https:\/\/strangercam.com\/sv\/chatiw\/","title":{"rendered":"Chatiw"},"content":{"rendered":"<p>Du kanske f\u00f6rs\u00f6ker hitta en l\u00e4mplig person p\u00e5 n\u00e4tet och d\u00e4rf\u00f6r \u00e4r intresserad av <a href=\"https:\/\/strangercam.com\/sv\/chatingly\/\">chattar<\/a> med slumpm\u00e4ssiga fr\u00e4mlingar p\u00e5 n\u00e4tet.<\/p>\n<p>Om s\u00e5 \u00e4r fallet \u00e4r du p\u00e5 r\u00e4tt plats!<\/p>\n<p>H\u00e4r \u00e4r en komplett guide till en underbar onlineplattform genom vilken du kan prata med dussintals fr\u00e4mlingar p\u00e5 en dag.<\/p>\n<p>Det l\u00e5ter imponerande, eller hur?<\/p>\n<p>\u00c4ven om det finns m\u00e5nga online-dejtingsajter och appar tillg\u00e4ngliga,\u00a0<b>chatiw<\/b> \u00e4r n\u00e5got annorlunda. Denna chattbaserade plattform erbjuder sina anv\u00e4ndare <a href=\"https:\/\/strangercam.com\/sv\/chat4free\/\">fri<\/a> kommunikation som g\u00f6r att du kan f\u00e5 kontakt med tusentals fr\u00e4mlingar fr\u00e5n olika l\u00e4nder gratis.<\/p>\n<p>Det finns inga begr\u00e4nsningar f\u00f6r hur och med vem du kan kommunicera, inklusive val av plats. Du kan <a href=\"https:\/\/strangercam.com\/sv\/chatroulette\/\">chatt<\/a> avslappnat om du s\u00f6ker n\u00e5got mindre seri\u00f6st eller en god v\u00e4n. Du kan ocks\u00e5 anv\u00e4nda dig av m\u00f6jligheten att s\u00f6ka en sj\u00e4lsfr\u00e4nde eller en partner. S\u00e5ledes erbjuder denna webbplats dig enorm frihet att g\u00f6ra, helt baserat p\u00e5 dina st\u00e4mningar.<\/p>\n<h2>Hur registrerar jag mig med Chatiw?<\/h2>\n<p>Dess registreringsfunktion \u00e4r unik. Du kommer inte att hitta en registreringsprocess som Chatiw n\u00e5gon annanstans.<\/p>\n<p>Gratis anv\u00e4ndare beh\u00f6ver inte registrera sig f\u00f6r att anv\u00e4nda denna webbplats f\u00f6r att f\u00e5 kontakt med fr\u00e4mlingar. Flera f\u00e4lt finns p\u00e5 webbplatsens huvudsida som ska fyllas i korrekt och tillr\u00e4ckligt.<\/p>\n<p>Det inkluderar anv\u00e4ndarnamn, plats, k\u00f6n och \u00e5lder. N\u00e4r du \u00e4r klar \u00e4r du redo att b\u00f6rja chatta med alla du k\u00e4nner f\u00f6r att ansluta till. Denna app \/ webbplats l\u00e5ter dig ocks\u00e5 anv\u00e4nda GPS-sp\u00e5rning f\u00f6r att ge din exakta plats och den andra personens.<\/p>\n<h3>Hur anv\u00e4nder man Chatiw?<\/h3>\n<p>Chatt \u00e4r den huvudsakliga aktiviteten som erbjuds av denna webbplats. D\u00e4rf\u00f6r \u00e4r de kartl\u00e4ggningsfunktioner som tillhandah\u00e5lls optimala. Det g\u00f6r att du kan skicka information, foton, l\u00e4nkar och g\u00e5 igenom din chatthistorik.<\/p>\n<p>Men vissa funktioner erbjuds endast till premiumkunder. Du kan enkelt blockera och ignorera profiler som du inte \u00e4r intresserad av med stor l\u00e4tthet. De funktioner som erbjuds \u00e4r ganska intressanta och enkla att anv\u00e4nda.<\/p>\n<p>Dessutom \u00e4r det utvecklade chatsystemet ganska kraftfullt. M\u00e4nniskor p\u00e5 denna plattform \u00e4r lite mogna, och de flesta av dem vet vad de letar efter. Allt h\u00e4r kan konstateras vara intuitivt och enkelt. Om du \u00e4r intresserad av n\u00e5gon kan du bara ber\u00e4tta f\u00f6r dem och om inte, bara ignorera.<\/p>\n<h3>Vilka \u00e4r f\u00f6r- och nackdelarna med Chatiw?<\/h3>\n<p>Det \u00e4r relativt enkelt att anv\u00e4nda den h\u00e4r webbplatsen. Gr\u00e4nssnittet p\u00e5 webbplatsen \u00e4r enkelt. Du kan anv\u00e4nda den enkelt \u00e4ven om du aldrig har anv\u00e4nt en dejtingsajt tidigare!<\/p>\n<p>Som gratisanv\u00e4ndare har du f\u00f6ljande f\u00f6rdelar;<\/p>\n<ul>\n<li style=\"font-weight: 400;\" aria-level=\"1\">Registrering beh\u00f6vs inte, och hela processen \u00e4r enkel och kostnadsfri.<\/li>\n<li style=\"font-weight: 400;\" aria-level=\"1\">Du beh\u00f6ver inte sl\u00f6sa tid p\u00e5 att skapa l\u00e5nga profiler.<\/li>\n<li style=\"font-weight: 400;\" aria-level=\"1\">Du kan b\u00e5de l\u00e4sa och ta del av blogginl\u00e4gg f\u00f6r att dela erfarenheter om relationer, dejting och online-kommunikation.<\/li>\n<li style=\"font-weight: 400;\" aria-level=\"1\">Det \u00e4r en fantastisk webbplats f\u00f6r att f\u00e5 24\/7 underh\u00e5llning.<\/li>\n<\/ul>\n<p>N\u00e5gra nackdelar som m\u00e4rks p\u00e5 denna onlinechattwebbplats \u00e4r felaktiga registreringsfunktioner.<\/p>\n<ul>\n<li style=\"font-weight: 400;\" aria-level=\"1\">Varje g\u00e5ng du f\u00f6rs\u00f6ker komma in p\u00e5 webbplatsen f\u00f6r att chatta m\u00e5ste du ange ditt anv\u00e4ndarnamn och annan relevant information, men bara f\u00f6r gratis medlemmar.<\/li>\n<li style=\"font-weight: 400;\" aria-level=\"1\">Det finns f\u00f6r n\u00e4rvarande m\u00e5nga ol\u00e4mpliga och bedr\u00e4gliga profiler som arbetar p\u00e5 plattformen.<\/li>\n<li style=\"font-weight: 400;\" aria-level=\"1\">F\u00f6r att f\u00e5 tillg\u00e5ng till alla funktioner m\u00e5ste du bli VIP- eller premiummedlem genom att betala f\u00f6r webbplatsen.<\/li>\n<\/ul>\n<h3>Tips fr\u00e5n Chatiw<\/h3>\n<p>Chatiw \u00e4r utan tvekan en fantastisk chattplattform online, men det som \u00e4r bra med dem \u00e4r att de guidar anv\u00e4ndarna.<\/p>\n<p>De har en helt egen blogg!<\/p>\n<p>I bloggen f\u00f6rs\u00f6ker de ber\u00e4tta hur man ska prata med en annan fr\u00e4mling online. Det \u00e4r ett bra steg p\u00e5 tv\u00e5 s\u00e4tt.<\/p>\n<ul>\n<li style=\"font-weight: 400;\" aria-level=\"1\">F\u00f6r det f\u00f6rsta v\u00e4gleder det anv\u00e4ndarna och ber\u00e4ttar hur de ska prata f\u00f6r att imponera p\u00e5 personen som sitter i andra \u00e4nden.<\/li>\n<li style=\"font-weight: 400;\" aria-level=\"1\">Det n\u00e4st viktigaste med den h\u00e4r bloggen \u00e4r att den ber\u00e4ttar hur man ska bete sig!<\/li>\n<\/ul>\n<p>Det \u00e4r ett utm\u00e4rkt s\u00e4tt att tala om f\u00f6r publiken att det \u00e4r b\u00e4ttre att uppf\u00f6ra sig \u00e4n att bli bannlyst!<\/p>\n<p>Varf\u00f6r anv\u00e4nda Chatiw?<\/p>\n<h3>Mobil app<\/h3>\n<p>Du beh\u00f6ver inte oroa dig!<\/p>\n<p>Chatiw har ocks\u00e5 en mobilapplikation. Som vi vet kan vi inte anv\u00e4nda webbl\u00e4sare hela tiden. F\u00f6r att underl\u00e4tta f\u00f6r anv\u00e4ndarna tog Chatiw detta steg och introducerade denna unika app.<\/p>\n<p>Om du \u00e4r Android-anv\u00e4ndare kan du ladda ner appen fr\u00e5n Play Store, och om du \u00e4r iPhone-anv\u00e4ndare kan du ladda ner appen fr\u00e5n App Store.<\/p>\n<h3>Den springande punkten f\u00f6r Chatiw<\/h3>\n<p>Chatiw handlar inte bara om text och <a href=\"https:\/\/strangercam.com\/sv\/rabbit-video-chat\/\">video<\/a> chattar. Det handlar inte bara om att prata med fr\u00e4mlingar. De utvecklare som tog fram webbplatsen och sedan appen hade en st\u00f6rre vision i \u00e5tanke.<\/p>\n<p>Chatiw handlar om att hitta en perfekt partner, en sj\u00e4lsfr\u00e4nde!<\/p>\n<p>Det \u00e4r inte som vanliga chattplattformar som bara g\u00f6r det m\u00f6jligt att prata med m\u00e4nniskor och sedan vad slumpm\u00e4ssigt? Ingenting?<\/p>\n<p>Om s\u00e5 var fallet, varf\u00f6r prata \u00f6verhuvudtaget?<\/p>\n<p>Det ska finnas en anledning till allt, och chattandet ska leda n\u00e5gonstans, annars blir det en belastning f\u00f6r b\u00e5da parter.<\/p>\n<p>P\u00e5 grund av detta uppskattar Chatiw att ta din chatt till <a href=\"https:\/\/strangercam.com\/sv\/nextcam\/\">n\u00e4sta<\/a> niv\u00e5, vilket \u00e4r det mest fantastiska med den h\u00e4r webbplatsen.<\/p>\n<h3>Integritet<\/h3>\n<p>Du \u00e4r s\u00e4ker h\u00e4r. Du kan dela dina bilder med den person du gillar under chatten utan att oroa dig f\u00f6r din integritet. Chatiw har dig t\u00e4ckt!<\/p>\n<p>M\u00e4nniskor undviker att g\u00e5 med i chattplattformar online av tv\u00e5 sk\u00e4l. Det ena \u00e4r komplexiteten och det andra \u00e4r integriteten. Chatiw har en solid l\u00f6sning f\u00f6r dem b\u00e5da. De har gjort sin webbplats enkel och l\u00e4tt att anv\u00e4nda. Och f\u00f6r integritet har de en solid plan. Chatiw samlar endast in f\u00f6rnamn, efternamn, e-postadress, anv\u00e4ndningsdata, unika enhetsidentifierare f\u00f6r annonsering (Google Advertiser ID), olika typer av data, cookies, geografisk position och spr\u00e5k.<\/p>\n<p>P\u00e5 tal om plats samlar de bara plats f\u00f6r att hitta dig en perfekt match. Att hitta ett spel \u00e4r ibland sv\u00e5rt, men platsen kan hj\u00e4lpa till eftersom ju n\u00e4ra din partner \u00e4r, desto b\u00e4ttre blir det, som vi redan har diskuterat att Chatiw uppskattar att ta relationerna till n\u00e4sta niv\u00e5.<\/p>\n<h3>Slutsats<\/h3>\n<p>Sammantaget \u00e4r Chatiw en utm\u00e4rkt webbplats f\u00f6r chatt online. Du kan njuta av att prata med fr\u00e4mlingar och f\u00e5 nya v\u00e4nner. Du kan g\u00f6ra allt detta samtidigt som du h\u00e5ller din identitet s\u00e4ker.<\/p>","protected":false},"excerpt":{"rendered":"<p>You may be trying to find a suitable person online and hence be interested in chatting with random strangers online. If it is the case, you are in the right place! Here is a complete guide to a wonderful online platform through which you can talk to dozens of strangers in a day. It sounds [&hellip;]<\/p>\n","protected":false},"author":6,"featured_media":559,"parent":0,"menu_order":0,"comment_status":"closed","ping_status":"closed","template":"","meta":{"footnotes":""},"class_list":["post-5113","page","type-page","status-publish","has-post-thumbnail","hentry"],"yoast_head":"<!-- This site is optimized with the Yoast SEO plugin v27.4 - https:\/\/yoast.com\/product\/yoast-seo-wordpress\/ -->\n<title>Chatiw - Free Text Chat Rooms - Cam on StrangerCam.com<\/title>\n<meta name=\"description\" content=\"Like Chatiw? Come chat with more than 5.000.000 strangers on Stranger Cam for Free! Turn on your cam and find new friends &amp; maby a match!\" \/>\n<meta name=\"robots\" content=\"index, follow, max-snippet:-1, max-image-preview:large, max-video-preview:-1\" \/>\n<link rel=\"canonical\" href=\"https:\/\/strangercam.com\/sv\/chatiw\/\" \/>\n<meta property=\"og:locale\" content=\"sv_SE\" \/>\n<meta property=\"og:type\" content=\"article\" \/>\n<meta property=\"og:title\" content=\"Chatiw - Free Text Chat Rooms - Cam on StrangerCam.com\" \/>\n<meta property=\"og:description\" content=\"Like Chatiw? Come chat with more than 5.000.000 strangers on Stranger Cam for Free! Turn on your cam and find new friends &amp; maby a match!\" \/>\n<meta property=\"og:url\" content=\"https:\/\/strangercam.com\/sv\/chatiw\/\" \/>\n<meta property=\"og:site_name\" content=\"Strangercam\" \/>\n<meta property=\"article:publisher\" content=\"https:\/\/www.facebook.com\/strangercam\" \/>\n<meta property=\"article:modified_time\" content=\"2023-08-21T09:40:39+00:00\" \/>\n<meta property=\"og:image\" content=\"https:\/\/strangercam.com\/wp-content\/uploads\/2020\/11\/stranger-cam-1.png\" \/>\n\t<meta property=\"og:image:width\" content=\"800\" \/>\n\t<meta property=\"og:image:height\" content=\"800\" \/>\n\t<meta property=\"og:image:type\" content=\"image\/png\" \/>\n<meta name=\"twitter:card\" content=\"summary_large_image\" \/>\n<meta name=\"twitter:site\" content=\"@strangercamapp\" \/>\n<meta name=\"twitter:label1\" content=\"Ber\u00e4knad l\u00e4stid\" \/>\n\t<meta name=\"twitter:data1\" content=\"5 minuter\" \/>\n<script type=\"application\/ld+json\" class=\"yoast-schema-graph\">{\"@context\":\"https:\\\/\\\/schema.org\",\"@graph\":[{\"@type\":\"WebPage\",\"@id\":\"https:\\\/\\\/strangercam.com\\\/chatiw\\\/\",\"url\":\"https:\\\/\\\/strangercam.com\\\/chatiw\\\/\",\"name\":\"Chatiw - Free Text Chat Rooms - Cam on StrangerCam.com\",\"isPartOf\":{\"@id\":\"https:\\\/\\\/strangercam.com\\\/#website\"},\"primaryImageOfPage\":{\"@id\":\"https:\\\/\\\/strangercam.com\\\/chatiw\\\/#primaryimage\"},\"image\":{\"@id\":\"https:\\\/\\\/strangercam.com\\\/chatiw\\\/#primaryimage\"},\"thumbnailUrl\":\"https:\\\/\\\/strangercam.com\\\/wp-content\\\/uploads\\\/2020\\\/11\\\/stranger-cam-1.png\",\"datePublished\":\"2021-06-19T19:05:49+00:00\",\"dateModified\":\"2023-08-21T09:40:39+00:00\",\"description\":\"Like Chatiw? Come chat with more than 5.000.000 strangers on Stranger Cam for Free! Turn on your cam and find new friends & maby a match!\",\"breadcrumb\":{\"@id\":\"https:\\\/\\\/strangercam.com\\\/chatiw\\\/#breadcrumb\"},\"inLanguage\":\"sv-SE\",\"potentialAction\":[{\"@type\":\"ReadAction\",\"target\":[\"https:\\\/\\\/strangercam.com\\\/chatiw\\\/\"]}]},{\"@type\":\"ImageObject\",\"inLanguage\":\"sv-SE\",\"@id\":\"https:\\\/\\\/strangercam.com\\\/chatiw\\\/#primaryimage\",\"url\":\"https:\\\/\\\/strangercam.com\\\/wp-content\\\/uploads\\\/2020\\\/11\\\/stranger-cam-1.png\",\"contentUrl\":\"https:\\\/\\\/strangercam.com\\\/wp-content\\\/uploads\\\/2020\\\/11\\\/stranger-cam-1.png\",\"width\":800,\"height\":800,\"caption\":\"stranger cam random video chat\"},{\"@type\":\"BreadcrumbList\",\"@id\":\"https:\\\/\\\/strangercam.com\\\/chatiw\\\/#breadcrumb\",\"itemListElement\":[{\"@type\":\"ListItem\",\"position\":1,\"name\":\"Home\",\"item\":\"https:\\\/\\\/strangercam.com\\\/\"},{\"@type\":\"ListItem\",\"position\":2,\"name\":\"Chatiw\"}]},{\"@type\":\"WebSite\",\"@id\":\"https:\\\/\\\/strangercam.com\\\/#website\",\"url\":\"https:\\\/\\\/strangercam.com\\\/\",\"name\":\"Strangercam\",\"description\":\"Random Video Chat with Strangers\",\"publisher\":{\"@id\":\"https:\\\/\\\/strangercam.com\\\/#organization\"},\"alternateName\":\"Strangercam.com\",\"potentialAction\":[{\"@type\":\"SearchAction\",\"target\":{\"@type\":\"EntryPoint\",\"urlTemplate\":\"https:\\\/\\\/strangercam.com\\\/?s={search_term_string}\"},\"query-input\":{\"@type\":\"PropertyValueSpecification\",\"valueRequired\":true,\"valueName\":\"search_term_string\"}}],\"inLanguage\":\"sv-SE\"},{\"@type\":\"Organization\",\"@id\":\"https:\\\/\\\/strangercam.com\\\/#organization\",\"name\":\"Strangercam\",\"alternateName\":\"Strangercam.com\",\"url\":\"https:\\\/\\\/strangercam.com\\\/\",\"logo\":{\"@type\":\"ImageObject\",\"inLanguage\":\"sv-SE\",\"@id\":\"https:\\\/\\\/strangercam.com\\\/#\\\/schema\\\/logo\\\/image\\\/\",\"url\":\"https:\\\/\\\/strangercam.com\\\/wp-content\\\/uploads\\\/2020\\\/11\\\/cropped-new-favicon-black.png\",\"contentUrl\":\"https:\\\/\\\/strangercam.com\\\/wp-content\\\/uploads\\\/2020\\\/11\\\/cropped-new-favicon-black.png\",\"width\":512,\"height\":512,\"caption\":\"Strangercam\"},\"image\":{\"@id\":\"https:\\\/\\\/strangercam.com\\\/#\\\/schema\\\/logo\\\/image\\\/\"},\"sameAs\":[\"https:\\\/\\\/www.facebook.com\\\/strangercam\",\"https:\\\/\\\/x.com\\\/strangercamapp\"]}]}<\/script>\n<!-- \/ Yoast SEO plugin. -->","yoast_head_json":{"title":"Chatiw - Gratis textchattrum - Cam p\u00e5 StrangerCam.com","description":"Gillar du Chatiw? Kom och chatta med mer \u00e4n 5.000.000 fr\u00e4mlingar p\u00e5 Stranger Cam helt gratis! Sl\u00e5 p\u00e5 din kamera och hitta nya v\u00e4nner och kanske en match!","robots":{"index":"index","follow":"follow","max-snippet":"max-snippet:-1","max-image-preview":"max-image-preview:large","max-video-preview":"max-video-preview:-1"},"canonical":"https:\/\/strangercam.com\/sv\/chatiw\/","og_locale":"sv_SE","og_type":"article","og_title":"Chatiw - Free Text Chat Rooms - Cam on StrangerCam.com","og_description":"Like Chatiw? Come chat with more than 5.000.000 strangers on Stranger Cam for Free! Turn on your cam and find new friends & maby a match!","og_url":"https:\/\/strangercam.com\/sv\/chatiw\/","og_site_name":"Strangercam","article_publisher":"https:\/\/www.facebook.com\/strangercam","article_modified_time":"2023-08-21T09:40:39+00:00","og_image":[{"width":800,"height":800,"url":"https:\/\/strangercam.com\/wp-content\/uploads\/2020\/11\/stranger-cam-1.png","type":"image\/png"}],"twitter_card":"summary_large_image","twitter_site":"@strangercamapp","twitter_misc":{"Ber\u00e4knad l\u00e4stid":"5 minuter"},"schema":{"@context":"https:\/\/schema.org","@graph":[{"@type":"WebPage","@id":"https:\/\/strangercam.com\/chatiw\/","url":"https:\/\/strangercam.com\/chatiw\/","name":"Chatiw - Gratis textchattrum - Cam p\u00e5 StrangerCam.com","isPartOf":{"@id":"https:\/\/strangercam.com\/#website"},"primaryImageOfPage":{"@id":"https:\/\/strangercam.com\/chatiw\/#primaryimage"},"image":{"@id":"https:\/\/strangercam.com\/chatiw\/#primaryimage"},"thumbnailUrl":"https:\/\/strangercam.com\/wp-content\/uploads\/2020\/11\/stranger-cam-1.png","datePublished":"2021-06-19T19:05:49+00:00","dateModified":"2023-08-21T09:40:39+00:00","description":"Gillar du Chatiw? Kom och chatta med mer \u00e4n 5.000.000 fr\u00e4mlingar p\u00e5 Stranger Cam helt gratis! Sl\u00e5 p\u00e5 din kamera och hitta nya v\u00e4nner och kanske en match!","breadcrumb":{"@id":"https:\/\/strangercam.com\/chatiw\/#breadcrumb"},"inLanguage":"sv-SE","potentialAction":[{"@type":"ReadAction","target":["https:\/\/strangercam.com\/chatiw\/"]}]},{"@type":"ImageObject","inLanguage":"sv-SE","@id":"https:\/\/strangercam.com\/chatiw\/#primaryimage","url":"https:\/\/strangercam.com\/wp-content\/uploads\/2020\/11\/stranger-cam-1.png","contentUrl":"https:\/\/strangercam.com\/wp-content\/uploads\/2020\/11\/stranger-cam-1.png","width":800,"height":800,"caption":"stranger cam random video chat"},{"@type":"BreadcrumbList","@id":"https:\/\/strangercam.com\/chatiw\/#breadcrumb","itemListElement":[{"@type":"ListItem","position":1,"name":"Home","item":"https:\/\/strangercam.com\/"},{"@type":"ListItem","position":2,"name":"Chatiw"}]},{"@type":"WebSite","@id":"https:\/\/strangercam.com\/#website","url":"https:\/\/strangercam.com\/","name":"Strangercam","description":"Slumpm\u00e4ssig videochatt med fr\u00e4mlingar","publisher":{"@id":"https:\/\/strangercam.com\/#organization"},"alternateName":"Strangercam.com","potentialAction":[{"@type":"SearchAction","target":{"@type":"EntryPoint","urlTemplate":"https:\/\/strangercam.com\/?s={search_term_string}"},"query-input":{"@type":"PropertyValueSpecification","valueRequired":true,"valueName":"search_term_string"}}],"inLanguage":"sv-SE"},{"@type":"Organization","@id":"https:\/\/strangercam.com\/#organization","name":"Strangercam","alternateName":"Strangercam.com","url":"https:\/\/strangercam.com\/","logo":{"@type":"ImageObject","inLanguage":"sv-SE","@id":"https:\/\/strangercam.com\/#\/schema\/logo\/image\/","url":"https:\/\/strangercam.com\/wp-content\/uploads\/2020\/11\/cropped-new-favicon-black.png","contentUrl":"https:\/\/strangercam.com\/wp-content\/uploads\/2020\/11\/cropped-new-favicon-black.png","width":512,"height":512,"caption":"Strangercam"},"image":{"@id":"https:\/\/strangercam.com\/#\/schema\/logo\/image\/"},"sameAs":["https:\/\/www.facebook.com\/strangercam","https:\/\/x.com\/strangercamapp"]}]}},"_links":{"self":[{"href":"https:\/\/strangercam.com\/sv\/wp-json\/wp\/v2\/pages\/5113","targetHints":{"allow":["GET"]}}],"collection":[{"href":"https:\/\/strangercam.com\/sv\/wp-json\/wp\/v2\/pages"}],"about":[{"href":"https:\/\/strangercam.com\/sv\/wp-json\/wp\/v2\/types\/page"}],"author":[{"embeddable":true,"href":"https:\/\/strangercam.com\/sv\/wp-json\/wp\/v2\/users\/6"}],"replies":[{"embeddable":true,"href":"https:\/\/strangercam.com\/sv\/wp-json\/wp\/v2\/comments?post=5113"}],"version-history":[{"count":0,"href":"https:\/\/strangercam.com\/sv\/wp-json\/wp\/v2\/pages\/5113\/revisions"}],"wp:featuredmedia":[{"embeddable":true,"href":"https:\/\/strangercam.com\/sv\/wp-json\/wp\/v2\/media\/559"}],"wp:attachment":[{"href":"https:\/\/strangercam.com\/sv\/wp-json\/wp\/v2\/media?parent=5113"}],"curies":[{"name":"wp","href":"https:\/\/api.w.org\/{rel}","templated":true}]}}