{"id":51,"date":"2020-04-08T23:24:23","date_gmt":"2020-04-08T21:24:23","guid":{"rendered":"https:\/\/strangercam.com\/?page_id=51"},"modified":"2025-06-16T14:26:14","modified_gmt":"2025-06-16T12:26:14","slug":"regler","status":"publish","type":"page","link":"https:\/\/strangercam.com\/sv\/rules\/","title":{"rendered":"Regler"},"content":{"rendered":"<p>Strangercam ger dig m\u00f6jlighet att <a href=\"https:\/\/strangercam.com\/sv\/chatroulette\/\">chatt<\/a> med v\u00e5rt slumpm\u00e4ssiga chattverktyg, gratis och utan registrering. V\u00e5rt uppdrag \u00e4r att vara en liknande tj\u00e4nst till <a href=\"https:\/\/strangercam.com\/sv\/omegle\/\">Omegle<\/a> d\u00e4r du kan ha roligt och njuta av din tid. Respektera regler och f\u00f6rordningar f\u00f6r v\u00e5ra <a href=\"https:\/\/strangercam.com\/sv\/coomeet\/\">videochatt<\/a> \u00e4r mycket viktigt.<\/p>\n<h2 data-start=\"145\" data-end=\"185\">Friskrivningsklausul f\u00f6r affiliate och tredje part<\/h2>\n<p data-start=\"187\" data-end=\"675\">Strangercam \u00e4r en webbplats f\u00f6r granskning och affiliate. Vi \u00e4ger inte eller driver plattformarna eller <a href=\"https:\/\/strangercam.com\/sv\/rabbit-video-chat\/\">video<\/a> chattverktyg som presenteras eller l\u00e4nkas fr\u00e5n v\u00e5r webbplats. Vissa l\u00e4nkar kan vara affiliate-l\u00e4nkar, och vi kan tj\u00e4na provisioner eller avgifter om du v\u00e4ljer att registrera dig eller interagera med tj\u00e4nster fr\u00e5n tredje part via v\u00e5ra rekommendationer. Din anv\u00e4ndning av en tredje parts webbplats omfattas av deras egna regler och policyer. Vi ansvarar inte f\u00f6r inneh\u00e5ll eller uppf\u00f6rande p\u00e5 externa webbplatser eller tj\u00e4nster som \u00e4r l\u00e4nkade fr\u00e5n Strangercam.<\/p>\n<h2>F\u00f6rbud<\/h2>\n<ul>\n<li>Anv\u00e4nda Strangercam under 18 \u00e5rs \u00e5lder.<\/li>\n<li>Spridning av vulg\u00e4ra, sexuella eller depressiva kommentarer.<\/li>\n<li>F\u00f6rnedra en annan person p\u00e5 grund av dennes religion, ras, k\u00f6n, sexuella l\u00e4ggning och\/eller \u00e5lder.<\/li>\n<li>Trakassera eller visa respektl\u00f6shet mot andra anv\u00e4ndare.<\/li>\n<li>Det \u00e4r f\u00f6rbjudet att visa sitt nakna br\u00f6st utan att ha ett ansikte p\u00e5 sk\u00e4rmen.<\/li>\n<li>Videochatta helt naken eller i underkl\u00e4derna.<\/li>\n<li>Att be om eller tvinga fram virtuellt sex.<\/li>\n<li>Visa dina privata delar n\u00e4r du \u00e4r med i kameran.<\/li>\n<li>R\u00f6r vid dina privata delar och visar det p\u00e5 kameran.<\/li>\n<li>Fokusera kameran under br\u00f6stet.<\/li>\n<li>Visar ett textmeddelande p\u00e5 videosk\u00e4rmen f\u00f6r att h\u00e4nvisa anv\u00e4ndare.<\/li>\n<li>Visar en bild p\u00e5 videosk\u00e4rmen f\u00f6r att styra anv\u00e4ndare.<\/li>\n<li>Visa din datorsk\u00e4rm f\u00f6r direkta anv\u00e4ndare.<\/li>\n<li>Anv\u00e4nda en webbkameraemulator f\u00f6r att dirigera anv\u00e4ndare.<\/li>\n<li>Visning av video\/bild\/textannons.<\/li>\n<li>Be Strangercam-anv\u00e4ndare om r\u00f6ster p\u00e5 n\u00e5gon URL eller f\u00f6r att marknadsf\u00f6ra dina produkter.<\/li>\n<li>Anv\u00e4ndning av webbplatsen f\u00f6r att fr\u00e4mja eller underl\u00e4tta m\u00e4nniskohandel, sexhandel, fysisk misshandel eller prostitution.<\/li>\n<\/ul>\n<h2>Klagom\u00e5l<\/h2>\n<p>Du kan l\u00e4mna in ett klagom\u00e5l mot vem som helst p\u00e5 Strangercam om du anser att de bryter mot v\u00e5ra regler. Om du skickar en sk\u00e4rmdump med ditt klagom\u00e5l blir det enklare och snabbare f\u00f6r oss att vidta \u00e5tg\u00e4rder. Vi kommer snabbt att vidta \u00e5tg\u00e4rder mot s\u00e5dana anv\u00e4ndare.<\/p>\n<p>Om det finns m\u00e5nga klagom\u00e5l mot en specifik anv\u00e4ndare kommer v\u00e5rt system att f\u00f6rbjuda den anv\u00e4ndaren att komma \u00e5t Strangercam-webbplatsen.<\/p>\n<p>Vi \u00f6verv\u00e4ger m\u00e5nga fakta innan vi hindrar n\u00e5gon fr\u00e5n att komma \u00e5t Strangercam.com. Strangercam har inte ensamt ansvar f\u00f6r att kontrollera spam och andra vulg\u00e4ra aktiviteter. Vi ber ocks\u00e5 om ditt samarbete som anv\u00e4ndare. Vi kan inte ta bort n\u00e5gra \u00f6vertr\u00e4dare fr\u00e5n Strangercam utan ditt st\u00f6d. Vi lovar att g\u00f6ra denna cam-to-cam chattj\u00e4nst mer njutbar och rolig med ditt st\u00f6d.<\/p>","protected":false},"excerpt":{"rendered":"<p>Strangercam allows you to chat with our random chat tool, free of charge and without registration. Our mission is to be a similar service to Omegle where you can have fun and enjoy your time. Respecting the rules and regulations for our video chat is very important. Affiliate and Third-Party Disclaimer Strangercam is a review [&hellip;]<\/p>\n","protected":false},"author":1,"featured_media":0,"parent":0,"menu_order":0,"comment_status":"closed","ping_status":"closed","template":"","meta":{"footnotes":""},"class_list":["post-51","page","type-page","status-publish","hentry"],"yoast_head":"<!-- This site is optimized with the Yoast SEO plugin v27.4 - https:\/\/yoast.com\/product\/yoast-seo-wordpress\/ -->\n<title>Rules - Strangercam<\/title>\n<meta name=\"robots\" content=\"index, follow, max-snippet:-1, max-image-preview:large, max-video-preview:-1\" \/>\n<link rel=\"canonical\" href=\"https:\/\/strangercam.com\/sv\/regler\/\" \/>\n<meta property=\"og:locale\" content=\"sv_SE\" \/>\n<meta property=\"og:type\" content=\"article\" \/>\n<meta property=\"og:title\" content=\"Rules - Strangercam\" \/>\n<meta property=\"og:description\" content=\"Strangercam allows you to chat with our random chat tool, free of charge and without registration. Our mission is to be a similar service to Omegle where you can have fun and enjoy your time. Respecting the rules and regulations for our video chat is very important. Affiliate and Third-Party Disclaimer Strangercam is a review [&hellip;]\" \/>\n<meta property=\"og:url\" content=\"https:\/\/strangercam.com\/sv\/regler\/\" \/>\n<meta property=\"og:site_name\" content=\"Strangercam\" \/>\n<meta property=\"article:publisher\" content=\"https:\/\/www.facebook.com\/strangercam\" \/>\n<meta property=\"article:modified_time\" content=\"2025-06-16T12:26:14+00:00\" \/>\n<meta property=\"og:image\" content=\"https:\/\/strangercam.com\/wp-content\/uploads\/2021\/10\/Untitled-2.png\" \/>\n\t<meta property=\"og:image:width\" content=\"800\" \/>\n\t<meta property=\"og:image:height\" content=\"532\" \/>\n\t<meta property=\"og:image:type\" content=\"image\/png\" \/>\n<meta name=\"twitter:card\" content=\"summary_large_image\" \/>\n<meta name=\"twitter:site\" content=\"@strangercamapp\" \/>\n<meta name=\"twitter:label1\" content=\"Ber\u00e4knad l\u00e4stid\" \/>\n\t<meta name=\"twitter:data1\" content=\"2 minuter\" \/>\n<script type=\"application\/ld+json\" class=\"yoast-schema-graph\">{\"@context\":\"https:\\\/\\\/schema.org\",\"@graph\":[{\"@type\":\"WebPage\",\"@id\":\"https:\\\/\\\/strangercam.com\\\/rules\\\/\",\"url\":\"https:\\\/\\\/strangercam.com\\\/rules\\\/\",\"name\":\"Rules - Strangercam\",\"isPartOf\":{\"@id\":\"https:\\\/\\\/strangercam.com\\\/#website\"},\"datePublished\":\"2020-04-08T21:24:23+00:00\",\"dateModified\":\"2025-06-16T12:26:14+00:00\",\"breadcrumb\":{\"@id\":\"https:\\\/\\\/strangercam.com\\\/rules\\\/#breadcrumb\"},\"inLanguage\":\"sv-SE\",\"potentialAction\":[{\"@type\":\"ReadAction\",\"target\":[\"https:\\\/\\\/strangercam.com\\\/rules\\\/\"]}]},{\"@type\":\"BreadcrumbList\",\"@id\":\"https:\\\/\\\/strangercam.com\\\/rules\\\/#breadcrumb\",\"itemListElement\":[{\"@type\":\"ListItem\",\"position\":1,\"name\":\"Home\",\"item\":\"https:\\\/\\\/strangercam.com\\\/\"},{\"@type\":\"ListItem\",\"position\":2,\"name\":\"Rules\"}]},{\"@type\":\"WebSite\",\"@id\":\"https:\\\/\\\/strangercam.com\\\/#website\",\"url\":\"https:\\\/\\\/strangercam.com\\\/\",\"name\":\"Strangercam\",\"description\":\"Random Video Chat with Strangers\",\"publisher\":{\"@id\":\"https:\\\/\\\/strangercam.com\\\/#organization\"},\"alternateName\":\"Strangercam.com\",\"potentialAction\":[{\"@type\":\"SearchAction\",\"target\":{\"@type\":\"EntryPoint\",\"urlTemplate\":\"https:\\\/\\\/strangercam.com\\\/?s={search_term_string}\"},\"query-input\":{\"@type\":\"PropertyValueSpecification\",\"valueRequired\":true,\"valueName\":\"search_term_string\"}}],\"inLanguage\":\"sv-SE\"},{\"@type\":\"Organization\",\"@id\":\"https:\\\/\\\/strangercam.com\\\/#organization\",\"name\":\"Strangercam\",\"alternateName\":\"Strangercam.com\",\"url\":\"https:\\\/\\\/strangercam.com\\\/\",\"logo\":{\"@type\":\"ImageObject\",\"inLanguage\":\"sv-SE\",\"@id\":\"https:\\\/\\\/strangercam.com\\\/#\\\/schema\\\/logo\\\/image\\\/\",\"url\":\"https:\\\/\\\/strangercam.com\\\/wp-content\\\/uploads\\\/2020\\\/11\\\/cropped-new-favicon-black.png\",\"contentUrl\":\"https:\\\/\\\/strangercam.com\\\/wp-content\\\/uploads\\\/2020\\\/11\\\/cropped-new-favicon-black.png\",\"width\":512,\"height\":512,\"caption\":\"Strangercam\"},\"image\":{\"@id\":\"https:\\\/\\\/strangercam.com\\\/#\\\/schema\\\/logo\\\/image\\\/\"},\"sameAs\":[\"https:\\\/\\\/www.facebook.com\\\/strangercam\",\"https:\\\/\\\/x.com\\\/strangercamapp\"]}]}<\/script>\n<!-- \/ Yoast SEO plugin. -->","yoast_head_json":{"title":"Regler - Strangercam","robots":{"index":"index","follow":"follow","max-snippet":"max-snippet:-1","max-image-preview":"max-image-preview:large","max-video-preview":"max-video-preview:-1"},"canonical":"https:\/\/strangercam.com\/sv\/regler\/","og_locale":"sv_SE","og_type":"article","og_title":"Rules - Strangercam","og_description":"Strangercam allows you to chat with our random chat tool, free of charge and without registration. Our mission is to be a similar service to Omegle where you can have fun and enjoy your time. Respecting the rules and regulations for our video chat is very important. Affiliate and Third-Party Disclaimer Strangercam is a review [&hellip;]","og_url":"https:\/\/strangercam.com\/sv\/regler\/","og_site_name":"Strangercam","article_publisher":"https:\/\/www.facebook.com\/strangercam","article_modified_time":"2025-06-16T12:26:14+00:00","og_image":[{"width":800,"height":532,"url":"https:\/\/strangercam.com\/wp-content\/uploads\/2021\/10\/Untitled-2.png","type":"image\/png"}],"twitter_card":"summary_large_image","twitter_site":"@strangercamapp","twitter_misc":{"Ber\u00e4knad l\u00e4stid":"2 minuter"},"schema":{"@context":"https:\/\/schema.org","@graph":[{"@type":"WebPage","@id":"https:\/\/strangercam.com\/rules\/","url":"https:\/\/strangercam.com\/rules\/","name":"Regler - Strangercam","isPartOf":{"@id":"https:\/\/strangercam.com\/#website"},"datePublished":"2020-04-08T21:24:23+00:00","dateModified":"2025-06-16T12:26:14+00:00","breadcrumb":{"@id":"https:\/\/strangercam.com\/rules\/#breadcrumb"},"inLanguage":"sv-SE","potentialAction":[{"@type":"ReadAction","target":["https:\/\/strangercam.com\/rules\/"]}]},{"@type":"BreadcrumbList","@id":"https:\/\/strangercam.com\/rules\/#breadcrumb","itemListElement":[{"@type":"ListItem","position":1,"name":"Home","item":"https:\/\/strangercam.com\/"},{"@type":"ListItem","position":2,"name":"Rules"}]},{"@type":"WebSite","@id":"https:\/\/strangercam.com\/#website","url":"https:\/\/strangercam.com\/","name":"Strangercam","description":"Slumpm\u00e4ssig videochatt med fr\u00e4mlingar","publisher":{"@id":"https:\/\/strangercam.com\/#organization"},"alternateName":"Strangercam.com","potentialAction":[{"@type":"SearchAction","target":{"@type":"EntryPoint","urlTemplate":"https:\/\/strangercam.com\/?s={search_term_string}"},"query-input":{"@type":"PropertyValueSpecification","valueRequired":true,"valueName":"search_term_string"}}],"inLanguage":"sv-SE"},{"@type":"Organization","@id":"https:\/\/strangercam.com\/#organization","name":"Strangercam","alternateName":"Strangercam.com","url":"https:\/\/strangercam.com\/","logo":{"@type":"ImageObject","inLanguage":"sv-SE","@id":"https:\/\/strangercam.com\/#\/schema\/logo\/image\/","url":"https:\/\/strangercam.com\/wp-content\/uploads\/2020\/11\/cropped-new-favicon-black.png","contentUrl":"https:\/\/strangercam.com\/wp-content\/uploads\/2020\/11\/cropped-new-favicon-black.png","width":512,"height":512,"caption":"Strangercam"},"image":{"@id":"https:\/\/strangercam.com\/#\/schema\/logo\/image\/"},"sameAs":["https:\/\/www.facebook.com\/strangercam","https:\/\/x.com\/strangercamapp"]}]}},"_links":{"self":[{"href":"https:\/\/strangercam.com\/sv\/wp-json\/wp\/v2\/pages\/51","targetHints":{"allow":["GET"]}}],"collection":[{"href":"https:\/\/strangercam.com\/sv\/wp-json\/wp\/v2\/pages"}],"about":[{"href":"https:\/\/strangercam.com\/sv\/wp-json\/wp\/v2\/types\/page"}],"author":[{"embeddable":true,"href":"https:\/\/strangercam.com\/sv\/wp-json\/wp\/v2\/users\/1"}],"replies":[{"embeddable":true,"href":"https:\/\/strangercam.com\/sv\/wp-json\/wp\/v2\/comments?post=51"}],"version-history":[{"count":1,"href":"https:\/\/strangercam.com\/sv\/wp-json\/wp\/v2\/pages\/51\/revisions"}],"predecessor-version":[{"id":12880,"href":"https:\/\/strangercam.com\/sv\/wp-json\/wp\/v2\/pages\/51\/revisions\/12880"}],"wp:attachment":[{"href":"https:\/\/strangercam.com\/sv\/wp-json\/wp\/v2\/media?parent=51"}],"curies":[{"name":"wp","href":"https:\/\/api.w.org\/{rel}","templated":true}]}}