{"id":5006,"date":"2025-09-29T10:59:56","date_gmt":"2025-09-29T08:59:56","guid":{"rendered":"https:\/\/strangercam.com\/?page_id=5006"},"modified":"2025-09-29T12:01:40","modified_gmt":"2025-09-29T10:01:40","slug":"gratis-chatt-nu","status":"publish","type":"page","link":"https:\/\/strangercam.com\/sv\/free-chat-now\/","title":{"rendered":"Gratis chatt nu"},"content":{"rendered":"<p>S\u00f6ker du efter Gratis <a href=\"https:\/\/strangercam.com\/sv\/chathub\/\">Chatt<\/a> Nu? Du \u00e4r inte ensam om det. Miljontals m\u00e4nniskor skriver varje m\u00e5nad in exakt dessa ord i Google i hopp om att hitta ett enkelt, snabbt och gratis s\u00e4tt att f\u00e5 kontakt med nya m\u00e4nniskor online. Id\u00e9n \u00e4r tydlig: inga l\u00e5nga registreringar, inga nedladdningar, inga dolda kostnader - bara m\u00f6jligheten att b\u00f6rja chatta direkt med fr\u00e4mlingar \u00f6ver hela v\u00e4rlden.<\/p>\n<p>\u00c5r 2025 g\u00f6r plattformar som StrangerCam detta m\u00f6jligt. Med ett klick kan du b\u00f6rja en gratis text- eller videochatt med m\u00e4nniskor \u00f6ver hela v\u00e4rlden. Oavsett om du \u00e4r intresserad av avslappnade konversationer, tr\u00e4ffa nya v\u00e4nner, kulturella utbyten eller l\u00e4tthj\u00e4rtad flirt, ger Free Chat Now-plattformar tillbaka sp\u00e4nningen i spontan interaktion.<\/p>\n<p>Den h\u00e4r guiden kommer att t\u00e4cka allt du beh\u00f6ver veta: vad Free Chat Now betyder, varf\u00f6r det \u00e4r s\u00e5 popul\u00e4rt, hur det fungerar, dess historia, vilka funktioner du ska leta efter, en j\u00e4mf\u00f6relse av toppplattformar, riktiga anv\u00e4ndarutl\u00e5tanden, s\u00e4kerhetsstrategier och varf\u00f6r StrangerCam \u00e4r ett av de b\u00e4sta valen idag.<\/p>\n<h2>Vad betyder \"Gratis chatt nu\"?<\/h2>\n<p>N\u00e4r m\u00e4nniskor s\u00f6ker efter Free Chat Now vill de vanligtvis ha en plattform som erbjuder:<\/p>\n<ul>\n<li>Omedelbar anslutning: Inga formul\u00e4r, inga profiler, bara omedelbar chatt.<\/li>\n<li>Fri tillg\u00e5ng: Inga betalv\u00e4ggar efter fem minuter eller dolda kreditsystem.<\/li>\n<li>Alternativ f\u00f6r text eller video: Beroende p\u00e5 bekv\u00e4mlighetsniv\u00e5.<\/li>\n<li>Slumpm\u00e4ssig matchning: Tr\u00e4ffa fr\u00e4mlingar \u00f6ver hela v\u00e4rlden, inte bara m\u00e4nniskor i n\u00e4rheten.<\/li>\n<li>Ingen registrering: F\u00f6rbli anonym och utan kr\u00e5ngel.<\/li>\n<\/ul>\n<p>Med andra ord \u00e4r det motsatsen till moderna dejtingappar som kr\u00e4ver swiping, biografier och verifieringssteg. Free Chat Now handlar om snabbhet och spontanitet.<\/p>\n<h2>En kort historik \u00f6ver onlinechatt<\/h2>\n<p>F\u00f6r att f\u00f6rst\u00e5 varf\u00f6r Free Chat Now \u00e4r s\u00e5 popul\u00e4rt hj\u00e4lper det att titta p\u00e5 hur onlinechatt utvecklades:<\/p>\n<ul>\n<li>1990-talet - Uppkomsten av chattrum: Plattformar som AOL Chat och IRC l\u00e4t anv\u00e4ndare samlas i \u00e4mnesbaserade rum. De var endast text och ofta omodererade.<\/li>\n<li>2000-talet - De sociala n\u00e4tverken tar \u00f6ver: MSN Messenger, Yahoo Chat och andra tidiga sociala medier lade till v\u00e4nlistor och privata chattar.<\/li>\n<li>2009 - <a href=\"https:\/\/strangercam.com\/sv\/omegle\/\">Omegle<\/a> Lanseringar: Slumpm\u00e4ssiga chattar mellan tv\u00e5 personer blev den nya trenden, som senare ut\u00f6kades med video. Detta formade den moderna \u201cchatta med fr\u00e4mlingar\u201d-kulturen.<\/li>\n<li>2010-talet - Global boom f\u00f6r videochattar: <a href=\"https:\/\/strangercam.com\/sv\/chatroulette\/\">Chatroulette<\/a>, Chatrandom och Shagle exploderade i popularitet. Mobila appar som <a href=\"https:\/\/strangercam.com\/sv\/ometv\/\">OmeTV<\/a> gjorde chattandet \u00e4nnu enklare.<\/li>\n<li>2020-talet - Den nya eran: Efter att Omegle st\u00e4ngdes av 2023 str\u00f6mmade anv\u00e4ndarna till s\u00e4krare, moderna alternativ som StrangerCam som kombinerar fri tillg\u00e5ng med moderering.<\/li>\n<\/ul>\n<p>Idag representerar Free Chat Now det b\u00e4sta av tv\u00e5 v\u00e4rldar: nostalgin fr\u00e5n gamla tiders chattrum och sp\u00e4nningen i live videosamtal.<\/p>\n<h2>Varf\u00f6r m\u00e4nniskor \u00e4lskar gratis chatt nu<\/h2>\n<p>Nyckelordet \"Gratis chatt nu\" rankas h\u00f6gt av en anledning - m\u00e4nniskor l\u00e4ngtar efter omedelbar social interaktion. H\u00e4r \u00e4r varf\u00f6r:<\/p>\n<ol>\n<li>Ensamhet och social isolering: M\u00e5nga m\u00e4nniskor k\u00e4nner sig bortkopplade och vill ha snabb, meningsfull interaktion.<\/li>\n<li>Spontanitet: Varje chatt \u00e4r unik - det finns en sp\u00e4nning i att inte veta vem du kommer att <a href=\"https:\/\/strangercam.com\/sv\/coomeet\/\">tr\u00e4ffas<\/a>.<\/li>\n<li>Kulturell nyfikenhet: Att prata med m\u00e4nniskor \u00f6ver hela v\u00e4rlden vidgar perspektiven.<\/li>\n<li>Flirta och ha kul: M\u00e5nga anv\u00e4ndare s\u00f6ker l\u00e4ttsamma konversationer med potentiella romantiska gnistor.<\/li>\n<li>Tillg\u00e4nglighet: Det \u00e4r enkelt, gratis och kr\u00e4ver inget engagemang.<\/li>\n<\/ol>\n<p>Till skillnad fr\u00e5n dejtingappar d\u00e4r det \u00e4r vanligt att bli avvisad eller bortgl\u00f6md, \u00e4r slumpm\u00e4ssiga chattar enkla och l\u00e4tta att anv\u00e4nda - om det inte klickar klickar du bara p\u00e5 \"N\u00e4sta\".<\/p>\n<h2>Hur gratis chatt nu-plattformar fungerar<\/h2>\n<p>Processen \u00e4r snabb och enkel:<\/p>\n<ol>\n<li>\u00d6ppna en plattform som StrangerCam.<\/li>\n<li>V\u00e4lj ditt l\u00e4ge (textchatt eller videochatt).<\/li>\n<li>Till\u00e5t \u00e5tkomst till kamera\/mikrofon om video \u00e4r aktiverat.<\/li>\n<li>Klicka p\u00e5 \"Starta chatt\" f\u00f6r att ansluta direkt.<\/li>\n<li>Tr\u00e4ffa en fr\u00e4mling \u00f6ver hela v\u00e4rlden inom n\u00e5gra sekunder.<\/li>\n<li>Tryck p\u00e5 \"N\u00e4sta\" n\u00e4r som helst f\u00f6r att starta ett nytt samtal.<\/li>\n<\/ol>\n<p>Vissa plattformar inneh\u00e5ller ocks\u00e5 funktioner som:<\/p>\n<ul>\n<li>Genusfilter.<\/li>\n<li>Platsbaserade matchningar.<\/li>\n<li>\u00d6vers\u00e4ttningar i chatt.<\/li>\n<li>Chattrum med olika teman.<\/li>\n<\/ul>\n<h2>Funktioner som betyder mest<\/h2>\n<p>N\u00e4r du v\u00e4ljer en gratis chatt nu-tj\u00e4nst, leta efter:<\/p>\n<ul>\n<li>Fri tillg\u00e5ng: Verkligen obegr\u00e4nsad anv\u00e4ndning, inget \"kreditsystem\".<\/li>\n<li>Ingen registrering: Skippa kr\u00e5nglet med konton.<\/li>\n<li>Alternativ f\u00f6r text + video: F\u00f6r flexibilitet.<\/li>\n<li>Mobilanpassad design: B\u00f6r fungera smidigt p\u00e5 smartphones.<\/li>\n<li>Aktiv moderering: N\u00f6dv\u00e4ndigt f\u00f6r s\u00e4kerheten.<\/li>\n<li>Global r\u00e4ckvidd: Fler anv\u00e4ndare inneb\u00e4r st\u00f6rre variation och mer underh\u00e5llning.<\/li>\n<\/ul>\n<h2>B\u00e4sta gratis chatt nu-plattformar 2025<\/h2>\n<p>S\u00e5 h\u00e4r ser de mest popul\u00e4ra plattformarna ut i j\u00e4mf\u00f6relse:<\/p>\n<table>\n<thead>\n<tr>\n<th>Plattform<\/th>\n<th align=\"center\">Fri tillg\u00e5ng<\/th>\n<th align=\"center\">Anm\u00e4lan kr\u00e4vs<\/th>\n<th align=\"center\">Videochatt<\/th>\n<th align=\"center\">Mobilt st\u00f6d<\/th>\n<th align=\"center\">Moderering<\/th>\n<th>Anteckningar<\/th>\n<\/tr>\n<\/thead>\n<tbody>\n<tr>\n<td>StrangerCam<\/td>\n<td align=\"center\">\u2705<\/td>\n<td align=\"center\">\u274c<\/td>\n<td align=\"center\">\u2705<\/td>\n<td align=\"center\">\u2705<\/td>\n<td align=\"center\">\u2705<\/td>\n<td>B\u00e4st totalt sett: gratis, s\u00e4kert och omedelbart<\/td>\n<\/tr>\n<tr>\n<td>Chatroulette<\/td>\n<td align=\"center\">\u2705<\/td>\n<td align=\"center\">\u274c<\/td>\n<td align=\"center\">\u2705<\/td>\n<td align=\"center\">\u2705<\/td>\n<td align=\"center\">\u2705<\/td>\n<td>Klassisk, men begr\u00e4nsad funktionalitet<\/td>\n<\/tr>\n<tr>\n<td>Chatrandom<\/td>\n<td align=\"center\">\u2705<\/td>\n<td align=\"center\">\u274c<\/td>\n<td align=\"center\">\u2705<\/td>\n<td align=\"center\">\u2705<\/td>\n<td align=\"center\">\u2705<\/td>\n<td>Popul\u00e4r, men kr\u00e4ver uppgraderingar<\/td>\n<\/tr>\n<tr>\n<td>OmeTV<\/td>\n<td align=\"center\">\u2705<\/td>\n<td align=\"center\">\u274c<\/td>\n<td align=\"center\">\u2705<\/td>\n<td align=\"center\">\u2705<\/td>\n<td align=\"center\">\u2705<\/td>\n<td>App-first, endast slumpm\u00e4ssig matchning<\/td>\n<\/tr>\n<tr>\n<td>Shagle<\/td>\n<td align=\"center\">\u2705<\/td>\n<td align=\"center\">\u274c<\/td>\n<td align=\"center\">\u2705<\/td>\n<td align=\"center\">\u2705<\/td>\n<td align=\"center\">\u2705<\/td>\n<td>Fri start, premium l\u00e5sta filter<\/td>\n<\/tr>\n<tr>\n<td>WireClub<\/td>\n<td align=\"center\">\u2705<\/td>\n<td align=\"center\">\u2705<\/td>\n<td align=\"center\">\u274c<\/td>\n<td align=\"center\">\u2705<\/td>\n<td align=\"center\">\u2705<\/td>\n<td>Chattrum med enbart text<\/td>\n<\/tr>\n<\/tbody>\n<\/table>\n<p>StrangerCam sticker ut som en av de enda plattformarna som erbjuder verklig fri tillg\u00e5ng, ingen registrering och b\u00e5de text + videochatt p\u00e5 ett st\u00e4lle.<\/p>\n<h2>Varf\u00f6r StrangerCam \u00e4r det b\u00e4sta valet f\u00f6r gratis chatt nu<\/h2>\n<p>H\u00e4r \u00e4r varf\u00f6r StrangerCam \u00e4r ett av de b\u00e4sta svaren p\u00e5 \"Var kan jag b\u00f6rja en gratis chatt nu?\":<\/p>\n<ul>\n<li>Gratis och obegr\u00e4nsat - inga begr\u00e4nsningar eller dolda kostnader.<\/li>\n<li>Omedelbar \u00e5tkomst - B\u00f6rja chatta p\u00e5 mindre \u00e4n 10 sekunder.<\/li>\n<li>Alternativ f\u00f6r video och text - v\u00e4xla beroende p\u00e5 vad som passar dig b\u00e4st.<\/li>\n<li>S\u00e4kert och modererat - Mycket s\u00e4krare \u00e4n Omegle n\u00e5gonsin var.<\/li>\n<li>Mobil- och skrivbordsanpassad - fungerar p\u00e5 alla enheter.<\/li>\n<li>Global gemenskap - tr\u00e4ffa m\u00e4nniskor fr\u00e5n \u00f6ver 100 l\u00e4nder.<\/li>\n<\/ul>\n<p>Det \u00e4r spontant, verkligt och inkluderande - exakt den upplevelse som m\u00e4nniskor s\u00f6ker efter n\u00e4r de skriver Free Chat Now.<\/p>\n<h2>Verkliga vittnesm\u00e5l fr\u00e5n anv\u00e4ndare<\/h2>\n<blockquote><p>\"Jag s\u00f6kte p\u00e5 Free Chat Now och hittade StrangerCam. Inom en minut pratade jag med n\u00e5gon i Brasilien. Det \u00e4r snabbt och roligt.\"<br \/>\n- Daniel, 27 \u00e5r<\/p><\/blockquote>\n<blockquote><p>\"Till skillnad fr\u00e5n andra webbplatser \u00e4r StrangerCam verkligen gratis. Inga krediter, inga dolda betalv\u00e4ggar.\"<br \/>\n- Sophia, 21 \u00e5r<\/p><\/blockquote>\n<blockquote><p>\"Jag har provat andra appar men de k\u00e4ndes f\u00f6r l\u00e5ngsamma. Den h\u00e4r var omedelbar, precis vad jag ville ha.\"<br \/>\n- Ryan, 30 \u00e5r<\/p><\/blockquote>\n<blockquote><p>\"Det \u00e4r sk\u00f6nt att jag bara kan g\u00e5 n\u00e4r jag vill, utan n\u00e5gra f\u00f6rpliktelser. Gratis chatt nu fungerar verkligen h\u00e4r.\"<br \/>\n- Emma, 19 \u00e5r<\/p><\/blockquote>\n<h2>Psykologin bakom \"Gratis chatt nu\"<\/h2>\n<p>Varf\u00f6r s\u00f6ker s\u00e5 m\u00e5nga m\u00e4nniskor p\u00e5 just de orden? Det handlar om tre saker:<\/p>\n<ol>\n<li>Omedelbarhet: M\u00e4nniskor l\u00e4ngtar efter omedelbar tillfredsst\u00e4llelse. Tanken p\u00e5 att \"chatta nu\" \u00e4r oemotst\u00e5ndlig.<\/li>\n<li>Social nyfikenhet: Vi \u00e4r skapta f\u00f6r att uppskatta nyheter och of\u00f6ruts\u00e4gbarhet. Att tr\u00e4ffa fr\u00e4mlingar online uppfyller det behovet.<\/li>\n<li>Prisv\u00e4rdhet: Genom att l\u00e4gga till \"gratis\" blir det tillg\u00e4ngligt f\u00f6r alla. Ingen vill betala bara f\u00f6r att s\u00e4ga hej.<\/li>\n<\/ol>\n<p>Detta f\u00f6rklarar varf\u00f6r Free Chat Now f\u00f6rblir ett s\u00e5 h\u00f6gt s\u00f6kt nyckelord \u00f6ver hela v\u00e4rlden.<\/p>\n<h2>S\u00e4kerhetstips f\u00f6r gratis chatt nu<\/h2>\n<p>Det \u00e4r kul att chatta online, men s\u00e4kerheten b\u00f6r alltid komma i f\u00f6rsta hand. H\u00e4r \u00e4r n\u00e5gra regler som du m\u00e5ste f\u00f6lja:<\/p>\n<ul>\n<li>Dela inte med dig av personlig information (telefon, e-post, adress).<\/li>\n<li>Undvik misst\u00e4nkta l\u00e4nkar under chattar.<\/li>\n<li>Anv\u00e4nd Skip\/Block f\u00f6r obekv\u00e4ma situationer.<\/li>\n<li>Kontrollera din bakgrund innan du s\u00e4tter p\u00e5 kameran.<\/li>\n<li>Anv\u00e4nd smeknamn, inte riktiga namn.<\/li>\n<li>Respektera \u00e5ldersregler - g\u00e5 inte in i vuxenrum om du \u00e4r under 18 \u00e5r.<\/li>\n<\/ul>\n<h2>S\u00e5 h\u00e4r kommer du ig\u00e5ng - steg f\u00f6r steg<\/h2>\n<p>Det tar bara en minut att starta en gratis chatt nu-session:<\/p>\n<ol>\n<li>\u00d6ppna StrangerCam i din webbl\u00e4sare eller telefon.<\/li>\n<li>V\u00e4lj chattl\u00e4ge (text eller video).<\/li>\n<li>Till\u00e5t beh\u00f6righeter f\u00f6r kamera\/mikrofon (om video).<\/li>\n<li>Klicka p\u00e5 Starta chatt f\u00f6r att bli matchad direkt.<\/li>\n<li>Njut av samtal - eller klicka p\u00e5 Next f\u00f6r att tr\u00e4ffa n\u00e5gon ny.<\/li>\n<\/ol>\n<p>Det \u00e4r allt - snabbt, gratis och anonymt.<\/p>\n<p>\u00c5r 2025 \u00e4r Free Chat Now mer popul\u00e4rt \u00e4n n\u00e5gonsin. Folk vill inte ha l\u00e5nga registreringar, falska profiler eller betalv\u00e4ggar - de vill ha omedelbara, riktiga konversationer med fr\u00e4mlingar \u00f6ver hela v\u00e4rlden.<\/p>\n<p>Plattformar som StrangerCam levererar exakt detta: gratis, s\u00e4kra och spontana chattar med riktiga m\u00e4nniskor 24\/7. Oavsett om du letar efter v\u00e4nner, avslappnat n\u00f6je eller kulturella utbyten, ger Free Chat Now dig sp\u00e4nningen i omedelbar anslutning.<\/p>\n<p>\u00c4r du redo att prova? Starta en gratis chatt nu idag och uppt\u00e4ck vem du kommer att tr\u00e4ffa h\u00e4rn\u00e4st.<\/p>","protected":false},"excerpt":{"rendered":"<p>Are you searching for Free Chat Now? You\u2019re not alone. Millions of people every month type those exact words into Google, hoping to find a simple, fast, and free way to connect with new people online. The idea is clear: no long signups, no downloads, no hidden costs\u2014just the ability to start chatting instantly with [&hellip;]<\/p>\n","protected":false},"author":8,"featured_media":0,"parent":0,"menu_order":0,"comment_status":"closed","ping_status":"closed","template":"","meta":{"footnotes":""},"class_list":["post-5006","page","type-page","status-publish","hentry"],"yoast_head":"<!-- This site is optimized with the Yoast SEO plugin v27.4 - https:\/\/yoast.com\/product\/yoast-seo-wordpress\/ -->\n<title>Free Chat Now with Video Chat on Strangercam.com<\/title>\n<meta name=\"description\" content=\"Liking Free Chat Now? Join millions on StrangerCam.com! Start a random video chat, turn on your cam, and meet strangers instantly.\" \/>\n<meta name=\"robots\" content=\"index, follow, max-snippet:-1, max-image-preview:large, max-video-preview:-1\" \/>\n<link rel=\"canonical\" href=\"https:\/\/strangercam.com\/sv\/gratis-chatt-nu\/\" \/>\n<meta property=\"og:locale\" content=\"sv_SE\" \/>\n<meta property=\"og:type\" content=\"article\" \/>\n<meta property=\"og:title\" content=\"Free Chat Now with Video Chat on Strangercam.com\" \/>\n<meta property=\"og:description\" content=\"Liking Free Chat Now? Join millions on StrangerCam.com! Start a random video chat, turn on your cam, and meet strangers instantly.\" \/>\n<meta property=\"og:url\" content=\"https:\/\/strangercam.com\/sv\/gratis-chatt-nu\/\" \/>\n<meta property=\"og:site_name\" content=\"Strangercam\" \/>\n<meta property=\"article:publisher\" content=\"https:\/\/www.facebook.com\/strangercam\" \/>\n<meta property=\"article:modified_time\" content=\"2025-09-29T10:01:40+00:00\" \/>\n<meta property=\"og:image\" content=\"https:\/\/strangercam.com\/wp-content\/uploads\/2021\/10\/Untitled-2.png\" \/>\n\t<meta property=\"og:image:width\" content=\"800\" \/>\n\t<meta property=\"og:image:height\" content=\"532\" \/>\n\t<meta property=\"og:image:type\" content=\"image\/png\" \/>\n<meta name=\"twitter:card\" content=\"summary_large_image\" \/>\n<meta name=\"twitter:site\" content=\"@strangercamapp\" \/>\n<meta name=\"twitter:label1\" content=\"Ber\u00e4knad l\u00e4stid\" \/>\n\t<meta name=\"twitter:data1\" content=\"5 minuter\" \/>\n<script type=\"application\/ld+json\" class=\"yoast-schema-graph\">{\"@context\":\"https:\\\/\\\/schema.org\",\"@graph\":[{\"@type\":\"WebPage\",\"@id\":\"https:\\\/\\\/strangercam.com\\\/free-chat-now\\\/\",\"url\":\"https:\\\/\\\/strangercam.com\\\/free-chat-now\\\/\",\"name\":\"Free Chat Now with Video Chat on Strangercam.com\",\"isPartOf\":{\"@id\":\"https:\\\/\\\/strangercam.com\\\/#website\"},\"datePublished\":\"2025-09-29T08:59:56+00:00\",\"dateModified\":\"2025-09-29T10:01:40+00:00\",\"description\":\"Liking Free Chat Now? Join millions on StrangerCam.com! Start a random video chat, turn on your cam, and meet strangers instantly.\",\"breadcrumb\":{\"@id\":\"https:\\\/\\\/strangercam.com\\\/free-chat-now\\\/#breadcrumb\"},\"inLanguage\":\"sv-SE\",\"potentialAction\":[{\"@type\":\"ReadAction\",\"target\":[\"https:\\\/\\\/strangercam.com\\\/free-chat-now\\\/\"]}]},{\"@type\":\"BreadcrumbList\",\"@id\":\"https:\\\/\\\/strangercam.com\\\/free-chat-now\\\/#breadcrumb\",\"itemListElement\":[{\"@type\":\"ListItem\",\"position\":1,\"name\":\"Home\",\"item\":\"https:\\\/\\\/strangercam.com\\\/\"},{\"@type\":\"ListItem\",\"position\":2,\"name\":\"Free Chat Now\"}]},{\"@type\":\"WebSite\",\"@id\":\"https:\\\/\\\/strangercam.com\\\/#website\",\"url\":\"https:\\\/\\\/strangercam.com\\\/\",\"name\":\"Strangercam\",\"description\":\"Random Video Chat with Strangers\",\"publisher\":{\"@id\":\"https:\\\/\\\/strangercam.com\\\/#organization\"},\"alternateName\":\"Strangercam.com\",\"potentialAction\":[{\"@type\":\"SearchAction\",\"target\":{\"@type\":\"EntryPoint\",\"urlTemplate\":\"https:\\\/\\\/strangercam.com\\\/?s={search_term_string}\"},\"query-input\":{\"@type\":\"PropertyValueSpecification\",\"valueRequired\":true,\"valueName\":\"search_term_string\"}}],\"inLanguage\":\"sv-SE\"},{\"@type\":\"Organization\",\"@id\":\"https:\\\/\\\/strangercam.com\\\/#organization\",\"name\":\"Strangercam\",\"alternateName\":\"Strangercam.com\",\"url\":\"https:\\\/\\\/strangercam.com\\\/\",\"logo\":{\"@type\":\"ImageObject\",\"inLanguage\":\"sv-SE\",\"@id\":\"https:\\\/\\\/strangercam.com\\\/#\\\/schema\\\/logo\\\/image\\\/\",\"url\":\"https:\\\/\\\/strangercam.com\\\/wp-content\\\/uploads\\\/2020\\\/11\\\/cropped-new-favicon-black.png\",\"contentUrl\":\"https:\\\/\\\/strangercam.com\\\/wp-content\\\/uploads\\\/2020\\\/11\\\/cropped-new-favicon-black.png\",\"width\":512,\"height\":512,\"caption\":\"Strangercam\"},\"image\":{\"@id\":\"https:\\\/\\\/strangercam.com\\\/#\\\/schema\\\/logo\\\/image\\\/\"},\"sameAs\":[\"https:\\\/\\\/www.facebook.com\\\/strangercam\",\"https:\\\/\\\/x.com\\\/strangercamapp\"]}]}<\/script>\n<!-- \/ Yoast SEO plugin. -->","yoast_head_json":{"title":"Gratis chatt nu med videochatt p\u00e5 Strangercam.com","description":"Gillar du gratis chatt nu? Join miljoner p\u00e5 StrangerCam.com! Starta en slumpm\u00e4ssig videochatt, sl\u00e5 p\u00e5 din kamera och tr\u00e4ffa fr\u00e4mlingar direkt.","robots":{"index":"index","follow":"follow","max-snippet":"max-snippet:-1","max-image-preview":"max-image-preview:large","max-video-preview":"max-video-preview:-1"},"canonical":"https:\/\/strangercam.com\/sv\/gratis-chatt-nu\/","og_locale":"sv_SE","og_type":"article","og_title":"Free Chat Now with Video Chat on Strangercam.com","og_description":"Liking Free Chat Now? Join millions on StrangerCam.com! Start a random video chat, turn on your cam, and meet strangers instantly.","og_url":"https:\/\/strangercam.com\/sv\/gratis-chatt-nu\/","og_site_name":"Strangercam","article_publisher":"https:\/\/www.facebook.com\/strangercam","article_modified_time":"2025-09-29T10:01:40+00:00","og_image":[{"width":800,"height":532,"url":"https:\/\/strangercam.com\/wp-content\/uploads\/2021\/10\/Untitled-2.png","type":"image\/png"}],"twitter_card":"summary_large_image","twitter_site":"@strangercamapp","twitter_misc":{"Ber\u00e4knad l\u00e4stid":"5 minuter"},"schema":{"@context":"https:\/\/schema.org","@graph":[{"@type":"WebPage","@id":"https:\/\/strangercam.com\/free-chat-now\/","url":"https:\/\/strangercam.com\/free-chat-now\/","name":"Gratis chatt nu med videochatt p\u00e5 Strangercam.com","isPartOf":{"@id":"https:\/\/strangercam.com\/#website"},"datePublished":"2025-09-29T08:59:56+00:00","dateModified":"2025-09-29T10:01:40+00:00","description":"Gillar du gratis chatt nu? Join miljoner p\u00e5 StrangerCam.com! Starta en slumpm\u00e4ssig videochatt, sl\u00e5 p\u00e5 din kamera och tr\u00e4ffa fr\u00e4mlingar direkt.","breadcrumb":{"@id":"https:\/\/strangercam.com\/free-chat-now\/#breadcrumb"},"inLanguage":"sv-SE","potentialAction":[{"@type":"ReadAction","target":["https:\/\/strangercam.com\/free-chat-now\/"]}]},{"@type":"BreadcrumbList","@id":"https:\/\/strangercam.com\/free-chat-now\/#breadcrumb","itemListElement":[{"@type":"ListItem","position":1,"name":"Home","item":"https:\/\/strangercam.com\/"},{"@type":"ListItem","position":2,"name":"Free Chat Now"}]},{"@type":"WebSite","@id":"https:\/\/strangercam.com\/#website","url":"https:\/\/strangercam.com\/","name":"Strangercam","description":"Slumpm\u00e4ssig videochatt med fr\u00e4mlingar","publisher":{"@id":"https:\/\/strangercam.com\/#organization"},"alternateName":"Strangercam.com","potentialAction":[{"@type":"SearchAction","target":{"@type":"EntryPoint","urlTemplate":"https:\/\/strangercam.com\/?s={search_term_string}"},"query-input":{"@type":"PropertyValueSpecification","valueRequired":true,"valueName":"search_term_string"}}],"inLanguage":"sv-SE"},{"@type":"Organization","@id":"https:\/\/strangercam.com\/#organization","name":"Strangercam","alternateName":"Strangercam.com","url":"https:\/\/strangercam.com\/","logo":{"@type":"ImageObject","inLanguage":"sv-SE","@id":"https:\/\/strangercam.com\/#\/schema\/logo\/image\/","url":"https:\/\/strangercam.com\/wp-content\/uploads\/2020\/11\/cropped-new-favicon-black.png","contentUrl":"https:\/\/strangercam.com\/wp-content\/uploads\/2020\/11\/cropped-new-favicon-black.png","width":512,"height":512,"caption":"Strangercam"},"image":{"@id":"https:\/\/strangercam.com\/#\/schema\/logo\/image\/"},"sameAs":["https:\/\/www.facebook.com\/strangercam","https:\/\/x.com\/strangercamapp"]}]}},"_links":{"self":[{"href":"https:\/\/strangercam.com\/sv\/wp-json\/wp\/v2\/pages\/5006","targetHints":{"allow":["GET"]}}],"collection":[{"href":"https:\/\/strangercam.com\/sv\/wp-json\/wp\/v2\/pages"}],"about":[{"href":"https:\/\/strangercam.com\/sv\/wp-json\/wp\/v2\/types\/page"}],"author":[{"embeddable":true,"href":"https:\/\/strangercam.com\/sv\/wp-json\/wp\/v2\/users\/8"}],"replies":[{"embeddable":true,"href":"https:\/\/strangercam.com\/sv\/wp-json\/wp\/v2\/comments?post=5006"}],"version-history":[{"count":1,"href":"https:\/\/strangercam.com\/sv\/wp-json\/wp\/v2\/pages\/5006\/revisions"}],"predecessor-version":[{"id":13045,"href":"https:\/\/strangercam.com\/sv\/wp-json\/wp\/v2\/pages\/5006\/revisions\/13045"}],"wp:attachment":[{"href":"https:\/\/strangercam.com\/sv\/wp-json\/wp\/v2\/media?parent=5006"}],"curies":[{"name":"wp","href":"https:\/\/api.w.org\/{rel}","templated":true}]}}