{"id":4970,"date":"2021-06-14T22:54:13","date_gmt":"2021-06-14T20:54:13","guid":{"rendered":"https:\/\/strangercam.com\/?page_id=4970"},"modified":"2023-09-12T15:18:55","modified_gmt":"2023-09-12T13:18:55","slug":"chatt-med-fri-adulter","status":"publish","type":"page","link":"https:\/\/strangercam.com\/sv\/free-adult-chat\/","title":{"rendered":"Gratis chatt f\u00f6r vuxna"},"content":{"rendered":"<p>V\u00e4lkommen till Free Adult <a href=\"https:\/\/strangercam.com\/sv\/chatroulette\/\">Chatt<\/a>. Join videochattappen Free Adult Chat, vilket g\u00f6r det enkelt att chatta med slumpm\u00e4ssiga fr\u00e4mlingar anonymt. Free Adult Chat erbjuder videochattfunktioner inklusive ansiktsmasker, k\u00f6ns- och landfilter, privat chatt och mycket mer. Chatta med slumpm\u00e4ssiga tjejer och killar online, var som helst i v\u00e4rlden, direkt. Hitta en ny v\u00e4n, <a href=\"https:\/\/strangercam.com\/sv\/coomeet\/\">tr\u00e4ffas<\/a> din n\u00e4sta dejt, visa upp dina otroliga musikf\u00e4rdigheter, ha en slumpm\u00e4ssig chatt om fotboll, ha Gratis vuxenchatt, eller bara koppla av och diskutera den senaste Netflix-serien med en fr\u00e4mling. Det \u00e4r gratis och enkelt att Free Adult Chat och ha kul. Du vet aldrig vem som kan v\u00e4nta p\u00e5 dig p\u00e5 andra sidan webbkameran!<\/p>\n<p>Vuxenchatt \u00e4r den mest tillfredsst\u00e4llande frasen f\u00f6r m\u00e5nga ungdomar och i allm\u00e4nhet bland kamrater i alla \u00e5ldrar. Det \u00e4r s\u00e5 fascinerande och tilltalande att alla vill ha en bit av det. Unga m\u00e4nniskor letar ofta efter en webbplats som StrangerCam.com.<br \/>\nOm du vill komma i kontakt med nya m\u00e4nniskor anonymt,\u00a0<a href=\"https:\/\/strangercam.com\/sv\/chathub\/\">slumpm\u00e4ssig videochatt<\/a>\u00a0\u00e4r det b\u00e4sta och enklaste s\u00e4ttet att g\u00f6ra det, och StrangerCam \u00e4r chatten <a href=\"https:\/\/strangercam.com\/sv\/bazoocam\/\">kam<\/a> app som kommer att ta dig dit. Vi har optimerat v\u00e5r app f\u00f6r att du ska kunna v\u00e4lja och vraka exakt vem du vill ha en cam med - ett nytt och innovativt s\u00e4tt att f\u00e5 kontakt med fr\u00e4mlingar.<\/p>\n<p>S\u00e5 vad v\u00e4ntar du p\u00e5? Join Gratis vuxenchatt nu!<\/p>\n<h3>Vad \u00e4r StrangerCam.com!<\/h3>\n<p>StrangerCam \u00e4r en online chattplattform f\u00f6r vuxna. Det betyder att vuxna m\u00e4nniskor kan hitta sina potentiella matcher och ha kul med dem.<br \/>\nWebbplatsens prim\u00e4ra syfte \u00e4r att ge en ordentlig m\u00f6jlighet till alla. Webbplatsens algoritm \u00e4r utformad p\u00e5 ett s\u00e4tt f\u00f6r att v\u00e4lja de mest l\u00e4mpliga matchningarna. Det \u00e4r en ny och unik funktion som ingen online dating app n\u00e5gonsin lanserat.<\/p>\n<h2>Gratis chattfunktioner f\u00f6r vuxna<\/h2>\n<p>Det h\u00e4r \u00e4r n\u00e5gra fantastiska funktioner som g\u00f6r StrangerCam b\u00e4ttre \u00e4n n\u00e5gon annan vuxenwebbplats d\u00e4r ute.<\/p>\n<p>L\u00e5t oss ta en titt p\u00e5 funktionerna:<\/p>\n<h3>Undvik att oroa dig f\u00f6r resultat<\/h3>\n<p>Vi t\u00e4cker upp f\u00f6r dig!<\/p>\n<p>Om du \u00e4r k\u00e4nslig, d\u00e5 \u00e4r StrangerCam n\u00e5got f\u00f6r dig.<\/p>\n<p>Varf\u00f6r skulle vi s\u00e4ga det? F\u00f6r att vi vet att det \u00e4r s\u00e4kert!<\/p>\n<p>Det finns ingen anledning att oroa sig och t\u00e4nka p\u00e5 dina r\u00e4dslor i sinnet. Du och allt som tillh\u00f6r dig \u00e4r s\u00e4kert h\u00e4r. Vi skyddar dina uppgifter och din identitet till varje pris. F\u00f6retaget har k\u00f6rt med mottot s\u00e5 l\u00e4nge.<\/p>\n<h3>Delning av inneh\u00e5ll f\u00f6r vuxna<\/h3>\n<p>Vi har inga problem n\u00e4r det g\u00e4ller samtycke fr\u00e5n de tv\u00e5 inblandade personerna!<\/p>\n<p>Vi lyssnar p\u00e5 kundernas fr\u00e5gor, men vi l\u00e4gger oss inte i personliga angel\u00e4genheter. Du kan dela med dig av vad som helst s\u00e5 l\u00e4nge din partner \u00e4r okej med det.<\/p>\n<h3>Inled samtalet<\/h3>\n<p>Vill du inleda ett samtal men vet inte hur du ska g\u00f6ra?<\/p>\n<p>Om det \u00e4r s\u00e5, d\u00e5 \u00e4r du p\u00e5 r\u00e4tt plats. Den fantastiska filtersamlingen kan ocks\u00e5 hj\u00e4lpa dig att inleda konversationen. Det \u00e4r en rolig men effektiv metod. Filter kan ocks\u00e5 hj\u00e4lpa dig att g\u00f6ra din potentiella partner.<\/p>\n<h3>F\u00e5 dem att skratta<\/h3>\n<p>Om du verkligen b\u00f6rjar tycka om en person, behandla den d\u00e5 med v\u00e4rdighet. F\u00e5 dem att skratta.<\/p>\n<p>Ber\u00e4tta ett sk\u00e4mt eller be om ett. Sk\u00e4mt \u00e4r bra konversationsinitiatorer. F\u00e5 dem att skratta genom att ge en trevlig komplimang. Dessa sm\u00e5 saker f\u00f6r m\u00e4nniskor n\u00e4ra.<\/p>","protected":false},"excerpt":{"rendered":"<p>Welcome to Free Adult Chat. Join the Free Adult Chat\u00a0video chat app, making it easy to chat to random strangers anonymously. Free Adult Chat offers video chat features including face masks, gender and country filters, private chat, and much more. Chat with random girls\u00a0and boys online, anywhere in the world, instantaneously. Find a new friend, [&hellip;]<\/p>\n","protected":false},"author":8,"featured_media":0,"parent":0,"menu_order":0,"comment_status":"closed","ping_status":"closed","template":"","meta":{"footnotes":""},"class_list":["post-4970","page","type-page","status-publish","hentry"],"yoast_head":"<!-- This site is optimized with the Yoast SEO plugin v27.4 - https:\/\/yoast.com\/product\/yoast-seo-wordpress\/ -->\n<title>Free Adult Chat - StrangerCam.com: Cam With Strangers<\/title>\n<meta name=\"description\" content=\"Free Adult Chat anonymously with over 5.000.000 strangers. No Sign-Up Required! Cam with strangers on StrangerCam.com.\" \/>\n<meta name=\"robots\" content=\"index, follow, max-snippet:-1, max-image-preview:large, max-video-preview:-1\" \/>\n<link rel=\"canonical\" href=\"https:\/\/strangercam.com\/sv\/chatt-med-fri-adulter\/\" \/>\n<meta property=\"og:locale\" content=\"sv_SE\" \/>\n<meta property=\"og:type\" content=\"article\" \/>\n<meta property=\"og:title\" content=\"Free Adult Chat - StrangerCam.com: Cam With Strangers\" \/>\n<meta property=\"og:description\" content=\"Free Adult Chat anonymously with over 5.000.000 strangers. No Sign-Up Required! Cam with strangers on StrangerCam.com.\" \/>\n<meta property=\"og:url\" content=\"https:\/\/strangercam.com\/sv\/chatt-med-fri-adulter\/\" \/>\n<meta property=\"og:site_name\" content=\"Strangercam\" \/>\n<meta property=\"article:publisher\" content=\"https:\/\/www.facebook.com\/strangercam\" \/>\n<meta property=\"article:modified_time\" content=\"2023-09-12T13:18:55+00:00\" \/>\n<meta property=\"og:image\" content=\"https:\/\/strangercam.com\/wp-content\/uploads\/2021\/10\/Untitled-2.png\" \/>\n\t<meta property=\"og:image:width\" content=\"800\" \/>\n\t<meta property=\"og:image:height\" content=\"532\" \/>\n\t<meta property=\"og:image:type\" content=\"image\/png\" \/>\n<meta name=\"twitter:card\" content=\"summary_large_image\" \/>\n<meta name=\"twitter:site\" content=\"@strangercamapp\" \/>\n<meta name=\"twitter:label1\" content=\"Ber\u00e4knad l\u00e4stid\" \/>\n\t<meta name=\"twitter:data1\" content=\"3 minuter\" \/>\n<script type=\"application\/ld+json\" class=\"yoast-schema-graph\">{\"@context\":\"https:\\\/\\\/schema.org\",\"@graph\":[{\"@type\":\"WebPage\",\"@id\":\"https:\\\/\\\/strangercam.com\\\/free-adult-chat\\\/\",\"url\":\"https:\\\/\\\/strangercam.com\\\/free-adult-chat\\\/\",\"name\":\"Free Adult Chat - StrangerCam.com: Cam With Strangers\",\"isPartOf\":{\"@id\":\"https:\\\/\\\/strangercam.com\\\/#website\"},\"datePublished\":\"2021-06-14T20:54:13+00:00\",\"dateModified\":\"2023-09-12T13:18:55+00:00\",\"description\":\"Free Adult Chat anonymously with over 5.000.000 strangers. No Sign-Up Required! Cam with strangers on StrangerCam.com.\",\"breadcrumb\":{\"@id\":\"https:\\\/\\\/strangercam.com\\\/free-adult-chat\\\/#breadcrumb\"},\"inLanguage\":\"sv-SE\",\"potentialAction\":[{\"@type\":\"ReadAction\",\"target\":[\"https:\\\/\\\/strangercam.com\\\/free-adult-chat\\\/\"]}]},{\"@type\":\"BreadcrumbList\",\"@id\":\"https:\\\/\\\/strangercam.com\\\/free-adult-chat\\\/#breadcrumb\",\"itemListElement\":[{\"@type\":\"ListItem\",\"position\":1,\"name\":\"Home\",\"item\":\"https:\\\/\\\/strangercam.com\\\/\"},{\"@type\":\"ListItem\",\"position\":2,\"name\":\"Free Adult Chat\"}]},{\"@type\":\"WebSite\",\"@id\":\"https:\\\/\\\/strangercam.com\\\/#website\",\"url\":\"https:\\\/\\\/strangercam.com\\\/\",\"name\":\"Strangercam\",\"description\":\"Random Video Chat with Strangers\",\"publisher\":{\"@id\":\"https:\\\/\\\/strangercam.com\\\/#organization\"},\"alternateName\":\"Strangercam.com\",\"potentialAction\":[{\"@type\":\"SearchAction\",\"target\":{\"@type\":\"EntryPoint\",\"urlTemplate\":\"https:\\\/\\\/strangercam.com\\\/?s={search_term_string}\"},\"query-input\":{\"@type\":\"PropertyValueSpecification\",\"valueRequired\":true,\"valueName\":\"search_term_string\"}}],\"inLanguage\":\"sv-SE\"},{\"@type\":\"Organization\",\"@id\":\"https:\\\/\\\/strangercam.com\\\/#organization\",\"name\":\"Strangercam\",\"alternateName\":\"Strangercam.com\",\"url\":\"https:\\\/\\\/strangercam.com\\\/\",\"logo\":{\"@type\":\"ImageObject\",\"inLanguage\":\"sv-SE\",\"@id\":\"https:\\\/\\\/strangercam.com\\\/#\\\/schema\\\/logo\\\/image\\\/\",\"url\":\"https:\\\/\\\/strangercam.com\\\/wp-content\\\/uploads\\\/2020\\\/11\\\/cropped-new-favicon-black.png\",\"contentUrl\":\"https:\\\/\\\/strangercam.com\\\/wp-content\\\/uploads\\\/2020\\\/11\\\/cropped-new-favicon-black.png\",\"width\":512,\"height\":512,\"caption\":\"Strangercam\"},\"image\":{\"@id\":\"https:\\\/\\\/strangercam.com\\\/#\\\/schema\\\/logo\\\/image\\\/\"},\"sameAs\":[\"https:\\\/\\\/www.facebook.com\\\/strangercam\",\"https:\\\/\\\/x.com\\\/strangercamapp\"]}]}<\/script>\n<!-- \/ Yoast SEO plugin. -->","yoast_head_json":{"title":"Gratis chatt f\u00f6r vuxna - StrangerCam.com: Cam med fr\u00e4mlingar","description":"Gratis vuxenchatt anonymt med \u00f6ver 5.000.000 fr\u00e4mlingar. Ingen registrering kr\u00e4vs! Cam med fr\u00e4mlingar p\u00e5 StrangerCam.com.","robots":{"index":"index","follow":"follow","max-snippet":"max-snippet:-1","max-image-preview":"max-image-preview:large","max-video-preview":"max-video-preview:-1"},"canonical":"https:\/\/strangercam.com\/sv\/chatt-med-fri-adulter\/","og_locale":"sv_SE","og_type":"article","og_title":"Free Adult Chat - StrangerCam.com: Cam With Strangers","og_description":"Free Adult Chat anonymously with over 5.000.000 strangers. No Sign-Up Required! Cam with strangers on StrangerCam.com.","og_url":"https:\/\/strangercam.com\/sv\/chatt-med-fri-adulter\/","og_site_name":"Strangercam","article_publisher":"https:\/\/www.facebook.com\/strangercam","article_modified_time":"2023-09-12T13:18:55+00:00","og_image":[{"width":800,"height":532,"url":"https:\/\/strangercam.com\/wp-content\/uploads\/2021\/10\/Untitled-2.png","type":"image\/png"}],"twitter_card":"summary_large_image","twitter_site":"@strangercamapp","twitter_misc":{"Ber\u00e4knad l\u00e4stid":"3 minuter"},"schema":{"@context":"https:\/\/schema.org","@graph":[{"@type":"WebPage","@id":"https:\/\/strangercam.com\/free-adult-chat\/","url":"https:\/\/strangercam.com\/free-adult-chat\/","name":"Gratis chatt f\u00f6r vuxna - StrangerCam.com: Cam med fr\u00e4mlingar","isPartOf":{"@id":"https:\/\/strangercam.com\/#website"},"datePublished":"2021-06-14T20:54:13+00:00","dateModified":"2023-09-12T13:18:55+00:00","description":"Gratis vuxenchatt anonymt med \u00f6ver 5.000.000 fr\u00e4mlingar. Ingen registrering kr\u00e4vs! Cam med fr\u00e4mlingar p\u00e5 StrangerCam.com.","breadcrumb":{"@id":"https:\/\/strangercam.com\/free-adult-chat\/#breadcrumb"},"inLanguage":"sv-SE","potentialAction":[{"@type":"ReadAction","target":["https:\/\/strangercam.com\/free-adult-chat\/"]}]},{"@type":"BreadcrumbList","@id":"https:\/\/strangercam.com\/free-adult-chat\/#breadcrumb","itemListElement":[{"@type":"ListItem","position":1,"name":"Home","item":"https:\/\/strangercam.com\/"},{"@type":"ListItem","position":2,"name":"Free Adult Chat"}]},{"@type":"WebSite","@id":"https:\/\/strangercam.com\/#website","url":"https:\/\/strangercam.com\/","name":"Strangercam","description":"Slumpm\u00e4ssig videochatt med fr\u00e4mlingar","publisher":{"@id":"https:\/\/strangercam.com\/#organization"},"alternateName":"Strangercam.com","potentialAction":[{"@type":"SearchAction","target":{"@type":"EntryPoint","urlTemplate":"https:\/\/strangercam.com\/?s={search_term_string}"},"query-input":{"@type":"PropertyValueSpecification","valueRequired":true,"valueName":"search_term_string"}}],"inLanguage":"sv-SE"},{"@type":"Organization","@id":"https:\/\/strangercam.com\/#organization","name":"Strangercam","alternateName":"Strangercam.com","url":"https:\/\/strangercam.com\/","logo":{"@type":"ImageObject","inLanguage":"sv-SE","@id":"https:\/\/strangercam.com\/#\/schema\/logo\/image\/","url":"https:\/\/strangercam.com\/wp-content\/uploads\/2020\/11\/cropped-new-favicon-black.png","contentUrl":"https:\/\/strangercam.com\/wp-content\/uploads\/2020\/11\/cropped-new-favicon-black.png","width":512,"height":512,"caption":"Strangercam"},"image":{"@id":"https:\/\/strangercam.com\/#\/schema\/logo\/image\/"},"sameAs":["https:\/\/www.facebook.com\/strangercam","https:\/\/x.com\/strangercamapp"]}]}},"_links":{"self":[{"href":"https:\/\/strangercam.com\/sv\/wp-json\/wp\/v2\/pages\/4970","targetHints":{"allow":["GET"]}}],"collection":[{"href":"https:\/\/strangercam.com\/sv\/wp-json\/wp\/v2\/pages"}],"about":[{"href":"https:\/\/strangercam.com\/sv\/wp-json\/wp\/v2\/types\/page"}],"author":[{"embeddable":true,"href":"https:\/\/strangercam.com\/sv\/wp-json\/wp\/v2\/users\/8"}],"replies":[{"embeddable":true,"href":"https:\/\/strangercam.com\/sv\/wp-json\/wp\/v2\/comments?post=4970"}],"version-history":[{"count":0,"href":"https:\/\/strangercam.com\/sv\/wp-json\/wp\/v2\/pages\/4970\/revisions"}],"wp:attachment":[{"href":"https:\/\/strangercam.com\/sv\/wp-json\/wp\/v2\/media?parent=4970"}],"curies":[{"name":"wp","href":"https:\/\/api.w.org\/{rel}","templated":true}]}}