{"id":4906,"date":"2021-06-14T19:57:32","date_gmt":"2021-06-14T17:57:32","guid":{"rendered":"https:\/\/strangercam.com\/?page_id=4906"},"modified":"2023-09-12T15:21:44","modified_gmt":"2023-09-12T13:21:44","slug":"gaychatt","status":"publish","type":"page","link":"https:\/\/strangercam.com\/sv\/gay-chat\/","title":{"rendered":"Gay chatt"},"content":{"rendered":"<p>V\u00e4lkommen till Gay <a href=\"https:\/\/strangercam.com\/sv\/chatroulette\/\">Chatt<\/a>. Join videochattappen Gay Chat, vilket g\u00f6r det enkelt att chatta med slumpm\u00e4ssiga fr\u00e4mlingar anonymt. Gay Chat erbjuder videochattfunktioner inklusive ansiktsmasker, k\u00f6n, landfilter, privat chatt och mycket mer. Chatta med slumpm\u00e4ssiga tjejer och killar online, var som helst i v\u00e4rlden, omedelbart<a href=\"https:\/\/nlcbplaywheresults.com\/\">.<\/a> Hitta en ny v\u00e4n, <a href=\"https:\/\/strangercam.com\/sv\/coomeet\/\">tr\u00e4ffas<\/a> din n\u00e4sta dejt, visa upp dina otroliga musikkunskaper, ha en slumpm\u00e4ssig pratstund om fotboll, ha Gay Chat, eller chilla och diskutera den senaste Netflix-serien med en fr\u00e4mling. Det \u00e4r gratis och enkelt att Gaychatta och ha kul. Du vet aldrig vem som kan v\u00e4nta p\u00e5 dig p\u00e5 andra sidan webbkameran!<\/p>\n<p>Om du vill komma i kontakt med nya m\u00e4nniskor anonymt,\u00a0<a href=\"https:\/\/strangercam.com\/sv\/chathub\/\">slumpm\u00e4ssig videochatt<\/a>\u00a0\u00e4r det b\u00e4sta och enklaste s\u00e4ttet att g\u00f6ra det, och StrangerCam \u00e4r chatten <a href=\"https:\/\/strangercam.com\/sv\/bazoocam\/\">kam<\/a> app som tar dig dit<a href=\"https:\/\/cashpotresulttoday.com\/\">.<\/a> Vi har optimerat v\u00e5r app s\u00e5 att du kan v\u00e4lja och vraka exakt vem du vill f\u00f6lja med - ett nytt och innovativt s\u00e4tt att f\u00e5 kontakt med fr\u00e4mlingar.<\/p>\n<p>S\u00e5 vad v\u00e4ntar du p\u00e5? Join Gay Chat nu!<\/p>\n<h3>Gaychatt \u00e4r utm\u00e4rkt!<\/h3>\n<p>Det \u00e4r inte vi som s\u00e4ger det, utan kunderna!<\/p>\n<p>Du kanske t\u00e4nker att det \u00e4r d\u00e4rf\u00f6r det \u00e4r bra? Vi har alla svaren!<\/p>\n<p>Den \u00e4r fantastisk p\u00e5 grund av sin enkelhet. Den \u00e4r fantastisk p\u00e5 grund av de \u00e4kta k\u00e4nslorna hos de tv\u00e5 inblandade personerna. Den \u00e4r utm\u00e4rkt f\u00f6r att n\u00e5gon k\u00e4mpar mot samh\u00e4llet och framtr\u00e4der som homosexuell och st\u00e5r f\u00f6r vad han vill.<\/p>\n<p>Vi uppmuntrar v\u00e5ra bes\u00f6kare att ta f\u00f6r sig och njuta av det de vill. Vi f\u00f6rser dem med de faciliteter de \u00f6nskar sig!<\/p>\n<p>N\u00e4r det g\u00e4ller gaychatt \u00e4r du fri att v\u00e4lja allt och vad som helst p\u00e5 StrangerCam.<\/p>\n<h3>Anonym<\/h3>\n<p>Ingen k\u00e4nner dig, och du k\u00e4nner ingen! Det \u00e4r d\u00e4r sp\u00e4nningen kommer in!<\/p>\n<p>Du chattar med fr\u00e4mlingar i ett fullst\u00e4ndigt anonymt l\u00e4ge. Vi matchar dig med fr\u00e4mlingar \u00f6ver hela v\u00e4rlden. Du kan prata med dem medan vi bryr oss om din identitet och information.<\/p>\n<p>Att h\u00e5lla din identitet hemlig n\u00e4r du chattar med fr\u00e4mlingar \u00e4r viktigt, och vi \u00e4r b\u00e4st p\u00e5 det. V\u00e5rt team av tekniker arbetar kontinuerligt med det och h\u00e5ller dig s\u00e4ker fr\u00e5n allt som inneh\u00e5ller skada.<\/p>\n<p>Att vara anonym betyder inte att du inte kan dela n\u00e5got med fr\u00e4mlingar. Vi inf\u00f6rde anonymt l\u00e4ge f\u00f6r att h\u00e5lla dig s\u00e4ker, inte f\u00f6r att st\u00e4nga in dig i en l\u00e5da.<\/p>\n<p>Du kan dela din grundl\u00e4ggande information med de fr\u00e4mlingar du gillar. Dessa fr\u00e4mlingar kan ocks\u00e5 dela sin grundl\u00e4ggande information med dig.<br \/>\nOch om ni gillar varandra och saker och ting visar sig vara bra, kan ni ocks\u00e5 planera ett datum!<\/p>\n<p>Att dela information f\u00f6r en dejt \u00e4r obligatoriskt. Vi vill dock s\u00e4ga att du b\u00f6r \u00f6verv\u00e4ga allt innan du best\u00e4mmer dig f\u00f6r att tr\u00e4ffa din match personligen.<\/p>\n<h3>Integritet<\/h3>\n<p>Vi har en fast integritetspolicy!<\/p>\n<p>Vi delar inte dina uppgifter med n\u00e5gon, inte ens med andra fr\u00e4mlingar som pratar med dig. Vi l\u00e4mnar det helt och h\u00e5llet p\u00e5 dig att ber\u00e4tta om dig f\u00f6r andra m\u00e4nniskor. Om du inte vill kan ingen veta vem du \u00e4r och var du kommer ifr\u00e5n.<\/p>\n<p>Att s\u00e4lja kunduppgifter till tredjepartsf\u00f6retag \u00e4r vanligt, men inte f\u00f6r oss. Vi tror att kundernas integritet \u00e4r en viktig faktor i onlinechattar. Det \u00e4r d\u00e4rf\u00f6r vi inte delar eller s\u00e4ljer n\u00e5gra av dina uppgifter med n\u00e5gon f\u00f6r n\u00e5got \u00e4ndam\u00e5l, t.ex. marknadsf\u00f6ring och reklam.<br \/>\nK\u00e4nn dig fri att bes\u00f6ka StrangerCam. Det \u00e4r tryggt och s\u00e4kert. Du kommer att k\u00e4nna dig som hemma!<\/p>\n<h3>S\u00e4ker milj\u00f6<\/h3>\n<p>Om du vill komma i kontakt med pojkar och flickor \u00f6ver hela v\u00e4rlden finns det ingen s\u00e4krare plats att g\u00f6ra det \u00e4n StrangerCam. Vi f\u00f6rst\u00e5r oron n\u00e4r det g\u00e4ller onlinechatt f\u00f6r vuxna. Det \u00e4r d\u00e4rf\u00f6r v\u00e5rt team kontinuerligt f\u00f6rs\u00f6ker optimera allt f\u00f6r dig.<\/p>\n<p>K\u00e4nn dig fri att prata med fr\u00e4mlingar eftersom du har v\u00e5r rygg. Det \u00e4r en vuxenplattform, men det betyder inte att vi l\u00e4mnade den \u00f6ppen f\u00f6r allt. Om n\u00e5gon mobbar dig eller skickar n\u00e5gon s\u00e5dan kommentar kan du direkt starta ett klagom\u00e5l. Den andra parten kommer att blockeras fr\u00e5n att anv\u00e4nda StrangerCam n\u00e5gonsin.<\/p>\n<h3>Kontroll<\/h3>\n<p>Det \u00e4r viktigt att ha kontroll \u00f6ver vad du g\u00f6r online. Speciellt n\u00e4r det g\u00e4ller videochatt f\u00f6r vuxna kan det vara riskabelt ibland eftersom m\u00e4nniskor kan missbruka den information du har gett p\u00e5 plattformen eller m\u00e4nniskor.<\/p>\n<p>Men i det h\u00e4r fallet beh\u00f6ver du inte oroa dig f\u00f6r n\u00e5got s\u00e5dant. Det finns flera funktioner p\u00e5 webbplatsen som hj\u00e4lper till att skydda dig fr\u00e5n alla s\u00e5dana olyckor. Under videochatt kan du anv\u00e4nda ett filter f\u00f6r att d\u00f6lja ditt ansikte. P\u00e5 det h\u00e4r s\u00e4ttet skulle den andra personen aldrig veta vem de pratar med. Om inte och tills du ber\u00e4ttar f\u00f6r dem sj\u00e4lv.<\/p>\n<p>\u00c4r det inte fantastiskt att kontrollera saker och anv\u00e4nda dem till din f\u00f6rdel? Det \u00e4r det verkligen!<\/p>","protected":false},"excerpt":{"rendered":"<p>Welcome to Gay Chat. Join the Gay Chat\u00a0video chat app, making it easy to chat with random strangers anonymously. Gay Chat offers video chat features including face masks, gender, country filters, private Chat, and much more. Chat with random girls and boys online, anywhere in the world, instantaneously. Find a new friend, meet your next [&hellip;]<\/p>\n","protected":false},"author":8,"featured_media":0,"parent":0,"menu_order":0,"comment_status":"closed","ping_status":"closed","template":"","meta":{"footnotes":""},"class_list":["post-4906","page","type-page","status-publish","hentry"],"yoast_head":"<!-- This site is optimized with the Yoast SEO plugin v27.4 - https:\/\/yoast.com\/product\/yoast-seo-wordpress\/ -->\n<title>Gay Chat - StrangerCam.com: Cam With Strangers<\/title>\n<meta name=\"description\" content=\"Gay Chat anonymously with over 5.000.000 strangers. No Sign-Up Required! Cam with strangers on StrangerCam.com.\" \/>\n<meta name=\"robots\" content=\"index, follow, max-snippet:-1, max-image-preview:large, max-video-preview:-1\" \/>\n<link rel=\"canonical\" href=\"https:\/\/strangercam.com\/sv\/gaychatt\/\" \/>\n<meta property=\"og:locale\" content=\"sv_SE\" \/>\n<meta property=\"og:type\" content=\"article\" \/>\n<meta property=\"og:title\" content=\"Gay Chat - StrangerCam.com: Cam With Strangers\" \/>\n<meta property=\"og:description\" content=\"Gay Chat anonymously with over 5.000.000 strangers. No Sign-Up Required! Cam with strangers on StrangerCam.com.\" \/>\n<meta property=\"og:url\" content=\"https:\/\/strangercam.com\/sv\/gaychatt\/\" \/>\n<meta property=\"og:site_name\" content=\"Strangercam\" \/>\n<meta property=\"article:publisher\" content=\"https:\/\/www.facebook.com\/strangercam\" \/>\n<meta property=\"article:modified_time\" content=\"2023-09-12T13:21:44+00:00\" \/>\n<meta property=\"og:image\" content=\"https:\/\/strangercam.com\/wp-content\/uploads\/2021\/10\/Untitled-2.png\" \/>\n\t<meta property=\"og:image:width\" content=\"800\" \/>\n\t<meta property=\"og:image:height\" content=\"532\" \/>\n\t<meta property=\"og:image:type\" content=\"image\/png\" \/>\n<meta name=\"twitter:card\" content=\"summary_large_image\" \/>\n<meta name=\"twitter:site\" content=\"@strangercamapp\" \/>\n<meta name=\"twitter:label1\" content=\"Ber\u00e4knad l\u00e4stid\" \/>\n\t<meta name=\"twitter:data1\" content=\"4 minuter\" \/>\n<script type=\"application\/ld+json\" class=\"yoast-schema-graph\">{\"@context\":\"https:\\\/\\\/schema.org\",\"@graph\":[{\"@type\":\"WebPage\",\"@id\":\"https:\\\/\\\/strangercam.com\\\/gay-chat\\\/\",\"url\":\"https:\\\/\\\/strangercam.com\\\/gay-chat\\\/\",\"name\":\"Gay Chat - StrangerCam.com: Cam With Strangers\",\"isPartOf\":{\"@id\":\"https:\\\/\\\/strangercam.com\\\/#website\"},\"datePublished\":\"2021-06-14T17:57:32+00:00\",\"dateModified\":\"2023-09-12T13:21:44+00:00\",\"description\":\"Gay Chat anonymously with over 5.000.000 strangers. No Sign-Up Required! Cam with strangers on StrangerCam.com.\",\"breadcrumb\":{\"@id\":\"https:\\\/\\\/strangercam.com\\\/gay-chat\\\/#breadcrumb\"},\"inLanguage\":\"sv-SE\",\"potentialAction\":[{\"@type\":\"ReadAction\",\"target\":[\"https:\\\/\\\/strangercam.com\\\/gay-chat\\\/\"]}]},{\"@type\":\"BreadcrumbList\",\"@id\":\"https:\\\/\\\/strangercam.com\\\/gay-chat\\\/#breadcrumb\",\"itemListElement\":[{\"@type\":\"ListItem\",\"position\":1,\"name\":\"Home\",\"item\":\"https:\\\/\\\/strangercam.com\\\/\"},{\"@type\":\"ListItem\",\"position\":2,\"name\":\"Gay Chat\"}]},{\"@type\":\"WebSite\",\"@id\":\"https:\\\/\\\/strangercam.com\\\/#website\",\"url\":\"https:\\\/\\\/strangercam.com\\\/\",\"name\":\"Strangercam\",\"description\":\"Random Video Chat with Strangers\",\"publisher\":{\"@id\":\"https:\\\/\\\/strangercam.com\\\/#organization\"},\"alternateName\":\"Strangercam.com\",\"potentialAction\":[{\"@type\":\"SearchAction\",\"target\":{\"@type\":\"EntryPoint\",\"urlTemplate\":\"https:\\\/\\\/strangercam.com\\\/?s={search_term_string}\"},\"query-input\":{\"@type\":\"PropertyValueSpecification\",\"valueRequired\":true,\"valueName\":\"search_term_string\"}}],\"inLanguage\":\"sv-SE\"},{\"@type\":\"Organization\",\"@id\":\"https:\\\/\\\/strangercam.com\\\/#organization\",\"name\":\"Strangercam\",\"alternateName\":\"Strangercam.com\",\"url\":\"https:\\\/\\\/strangercam.com\\\/\",\"logo\":{\"@type\":\"ImageObject\",\"inLanguage\":\"sv-SE\",\"@id\":\"https:\\\/\\\/strangercam.com\\\/#\\\/schema\\\/logo\\\/image\\\/\",\"url\":\"https:\\\/\\\/strangercam.com\\\/wp-content\\\/uploads\\\/2020\\\/11\\\/cropped-new-favicon-black.png\",\"contentUrl\":\"https:\\\/\\\/strangercam.com\\\/wp-content\\\/uploads\\\/2020\\\/11\\\/cropped-new-favicon-black.png\",\"width\":512,\"height\":512,\"caption\":\"Strangercam\"},\"image\":{\"@id\":\"https:\\\/\\\/strangercam.com\\\/#\\\/schema\\\/logo\\\/image\\\/\"},\"sameAs\":[\"https:\\\/\\\/www.facebook.com\\\/strangercam\",\"https:\\\/\\\/x.com\\\/strangercamapp\"]}]}<\/script>\n<!-- \/ Yoast SEO plugin. -->","yoast_head_json":{"title":"Gaychatt - StrangerCam.com: Cam med fr\u00e4mlingar","description":"Gay Chatta anonymt med \u00f6ver 5.000.000 fr\u00e4mlingar. Ingen registrering kr\u00e4vs! Cam med fr\u00e4mlingar p\u00e5 StrangerCam.com.","robots":{"index":"index","follow":"follow","max-snippet":"max-snippet:-1","max-image-preview":"max-image-preview:large","max-video-preview":"max-video-preview:-1"},"canonical":"https:\/\/strangercam.com\/sv\/gaychatt\/","og_locale":"sv_SE","og_type":"article","og_title":"Gay Chat - StrangerCam.com: Cam With Strangers","og_description":"Gay Chat anonymously with over 5.000.000 strangers. No Sign-Up Required! Cam with strangers on StrangerCam.com.","og_url":"https:\/\/strangercam.com\/sv\/gaychatt\/","og_site_name":"Strangercam","article_publisher":"https:\/\/www.facebook.com\/strangercam","article_modified_time":"2023-09-12T13:21:44+00:00","og_image":[{"width":800,"height":532,"url":"https:\/\/strangercam.com\/wp-content\/uploads\/2021\/10\/Untitled-2.png","type":"image\/png"}],"twitter_card":"summary_large_image","twitter_site":"@strangercamapp","twitter_misc":{"Ber\u00e4knad l\u00e4stid":"4 minuter"},"schema":{"@context":"https:\/\/schema.org","@graph":[{"@type":"WebPage","@id":"https:\/\/strangercam.com\/gay-chat\/","url":"https:\/\/strangercam.com\/gay-chat\/","name":"Gaychatt - StrangerCam.com: Cam med fr\u00e4mlingar","isPartOf":{"@id":"https:\/\/strangercam.com\/#website"},"datePublished":"2021-06-14T17:57:32+00:00","dateModified":"2023-09-12T13:21:44+00:00","description":"Gay Chatta anonymt med \u00f6ver 5.000.000 fr\u00e4mlingar. Ingen registrering kr\u00e4vs! Cam med fr\u00e4mlingar p\u00e5 StrangerCam.com.","breadcrumb":{"@id":"https:\/\/strangercam.com\/gay-chat\/#breadcrumb"},"inLanguage":"sv-SE","potentialAction":[{"@type":"ReadAction","target":["https:\/\/strangercam.com\/gay-chat\/"]}]},{"@type":"BreadcrumbList","@id":"https:\/\/strangercam.com\/gay-chat\/#breadcrumb","itemListElement":[{"@type":"ListItem","position":1,"name":"Home","item":"https:\/\/strangercam.com\/"},{"@type":"ListItem","position":2,"name":"Gay Chat"}]},{"@type":"WebSite","@id":"https:\/\/strangercam.com\/#website","url":"https:\/\/strangercam.com\/","name":"Strangercam","description":"Slumpm\u00e4ssig videochatt med fr\u00e4mlingar","publisher":{"@id":"https:\/\/strangercam.com\/#organization"},"alternateName":"Strangercam.com","potentialAction":[{"@type":"SearchAction","target":{"@type":"EntryPoint","urlTemplate":"https:\/\/strangercam.com\/?s={search_term_string}"},"query-input":{"@type":"PropertyValueSpecification","valueRequired":true,"valueName":"search_term_string"}}],"inLanguage":"sv-SE"},{"@type":"Organization","@id":"https:\/\/strangercam.com\/#organization","name":"Strangercam","alternateName":"Strangercam.com","url":"https:\/\/strangercam.com\/","logo":{"@type":"ImageObject","inLanguage":"sv-SE","@id":"https:\/\/strangercam.com\/#\/schema\/logo\/image\/","url":"https:\/\/strangercam.com\/wp-content\/uploads\/2020\/11\/cropped-new-favicon-black.png","contentUrl":"https:\/\/strangercam.com\/wp-content\/uploads\/2020\/11\/cropped-new-favicon-black.png","width":512,"height":512,"caption":"Strangercam"},"image":{"@id":"https:\/\/strangercam.com\/#\/schema\/logo\/image\/"},"sameAs":["https:\/\/www.facebook.com\/strangercam","https:\/\/x.com\/strangercamapp"]}]}},"_links":{"self":[{"href":"https:\/\/strangercam.com\/sv\/wp-json\/wp\/v2\/pages\/4906","targetHints":{"allow":["GET"]}}],"collection":[{"href":"https:\/\/strangercam.com\/sv\/wp-json\/wp\/v2\/pages"}],"about":[{"href":"https:\/\/strangercam.com\/sv\/wp-json\/wp\/v2\/types\/page"}],"author":[{"embeddable":true,"href":"https:\/\/strangercam.com\/sv\/wp-json\/wp\/v2\/users\/8"}],"replies":[{"embeddable":true,"href":"https:\/\/strangercam.com\/sv\/wp-json\/wp\/v2\/comments?post=4906"}],"version-history":[{"count":0,"href":"https:\/\/strangercam.com\/sv\/wp-json\/wp\/v2\/pages\/4906\/revisions"}],"wp:attachment":[{"href":"https:\/\/strangercam.com\/sv\/wp-json\/wp\/v2\/media?parent=4906"}],"curies":[{"name":"wp","href":"https:\/\/api.w.org\/{rel}","templated":true}]}}