{"id":4887,"date":"2021-06-14T19:18:17","date_gmt":"2021-06-14T17:18:17","guid":{"rendered":"https:\/\/strangercam.com\/?page_id=4887"},"modified":"2023-08-21T12:40:47","modified_gmt":"2023-08-21T10:40:47","slug":"chatt-med-framlingar","status":"publish","type":"page","link":"https:\/\/strangercam.com\/sv\/stranger-chat\/","title":{"rendered":"Fr\u00e4mmande chatt"},"content":{"rendered":"<p>V\u00e4lkommen till Stranger <a href=\"https:\/\/strangercam.com\/sv\/chathub\/\">Chatt<\/a>. Join videochattappen Stranger Chat, som g\u00f6r det enkelt att chatta anonymt med slumpm\u00e4ssiga fr\u00e4mlingar<a href=\"https:\/\/cashpotresulttoday.com\/\">.<\/a> Stranger Chat erbjuder videochattfunktioner inklusive ansiktsmasker, k\u00f6ns- och landfilter, privat chatt och mycket mer. Chatta med slumpm\u00e4ssiga tjejer och killar online, var som helst i v\u00e4rlden, direkt. Hitta en ny v\u00e4n, <a href=\"https:\/\/strangercam.com\/sv\/coomeet\/\">tr\u00e4ffas<\/a> din n\u00e4sta dejt, visa upp dina otroliga musikkunskaper, ha en slumpm\u00e4ssig pratstund om fotboll, ha Stranger Chat eller bara chilla och diskutera den senaste Netflix-serien med en fr\u00e4mling. Det \u00e4r gratis och enkelt att Stranger Chat och ha kul. Du vet aldrig vem som kan v\u00e4nta p\u00e5 dig p\u00e5 andra sidan webbkameran!<\/p>\n<p>Vi beh\u00f6ver alla en aktivitet f\u00f6r att muntra upp oss sj\u00e4lva, och ingen aktivitet \u00e4r b\u00e4ttre \u00e4n att prata med andra m\u00e4nniskor och dela erfarenheter med dem<a href=\"https:\/\/nlcbplaywheresults.com\/\">.<\/a> F\u00f6rr i tiden var det inte l\u00e4tt, men inte l\u00e4ngre. StrangerCam gav dig en utm\u00e4rkt m\u00f6jlighet att prata med fr\u00e4mlingar \u00f6ver hela v\u00e4rlden. Join oss och ha kul!<\/p>\n<p>Om du vill f\u00e5 kontakt med nya m\u00e4nniskor anonymt \u00e4r slumpm\u00e4ssig videochatt det b\u00e4sta och enklaste s\u00e4ttet att g\u00f6ra det, och StrangerCam \u00e4r chatten <a href=\"https:\/\/strangercam.com\/sv\/bazoocam\/\">kam<\/a> app som kommer att ta dig dit. Vi har optimerat v\u00e5r app f\u00f6r att du ska kunna v\u00e4lja och vraka exakt vem du vill ha en cam med - ett nytt och innovativt s\u00e4tt att f\u00e5 kontakt med fr\u00e4mlingar.<\/p>\n<p>S\u00e5 vad v\u00e4ntar du p\u00e5? Join Stranger Chatta nu!<\/p>\n<h2>Hitta nya m\u00e4nniskor online med l\u00e4tthet p\u00e5 StrangerCam<\/h2>\n<p>Att hitta nya m\u00e4nniskor p\u00e5 n\u00e4tet har aldrig varit s\u00e5 enkelt!<\/p>\n<p>Att hitta nya m\u00e4nniskor p\u00e5 <a href=\"https:\/\/strangercam.com\/sv\/chatroulette\/\">Chatroulette<\/a> \u00e4r kul. StrangerCam \u00e4r en onlineplattform. Det g\u00f6r det m\u00f6jligt f\u00f6r anv\u00e4ndare att chatta med fr\u00e4mlingar utan n\u00e5gon registrering. Den har bara webbkamerafunktionen i mitten som g\u00f6r det m\u00f6jligt f\u00f6r en person att starta en chatt snabbt. Det finns m\u00e5nga chattalternativ tillg\u00e4ngliga p\u00e5 plattformen. Du kan starta en chatt p\u00e5 n\u00e5gra sekunder. \u00d6ppna bara webbplatsen, ange ditt k\u00f6n och v\u00e4lj det land du v\u00e4ljer. Vi hittar dig de potentiella matchningarna du letar efter.<\/p>\n<p>Anv\u00e4ndarna kan ocks\u00e5 chatta och dela viktig information med utvalda personer. Tj\u00e4nsterna \u00e4r helt gratis och g\u00f6r det m\u00f6jligt f\u00f6r anv\u00e4ndarna att hitta fr\u00e4mlingar med gemensamma intressen. Anv\u00e4ndare kan ocks\u00e5 trycka p\u00e5 hoppa \u00f6ver om de inte gillar att chatta med dem och g\u00e5 vidare till n\u00e4sta. Allt vi g\u00f6r \u00e4r f\u00f6r att h\u00e5lla v\u00e5ra kunder n\u00f6jda p\u00e5 alla m\u00f6jliga s\u00e4tt.<\/p>\n<h2>Urval<\/h2>\n<p>Varje g\u00e5ng du \u00f6ppnar webbplatsen kommer du att presenteras med olika alternativ att v\u00e4lja mellan. Du kommer att ha m\u00f6jlighet att v\u00e4lja det k\u00f6n du v\u00e4ljer. StrangerCam kommer sedan genom sitt starka AI-n\u00e4tverk att hitta din match.<br \/>\nAtt ha m\u00f6jlighet att best\u00e4mma dina val varje g\u00e5ng du anv\u00e4nder plattformen \u00e4r fantastiskt. Du k\u00e4nner att du har all makt att prata med vem du vill och chatta f\u00f6r skojs skull. Vi st\u00e4rker v\u00e5ra kunder. Du kan inte prata med n\u00e5gon utan deras samtycke. B\u00e5da parter m\u00e5ste v\u00e4lja. Och du kommer att bli matchad om du v\u00e4ljer tillbaka n\u00e5gon. S\u00e5 l\u00e4nge b\u00e5da personerna g\u00e5r med p\u00e5 att prata med varandra kan de prata utan begr\u00e4nsningar och bekymmer.<\/p>\n<h2>Kontroll \u00f6ver information och l\u00e4tt att hitta en potentiell matchning<\/h2>\n<p>Vi hoppas att du redan har f\u00f6rst\u00e5tt det mesta om denna fantastiska videochattplattform f\u00f6r vuxna. Men det finns n\u00e5got viktigare att n\u00e4mna h\u00e4r!<\/p>\n<p>Vi delar inte med oss av din information till n\u00e5gon. Vi \u00e4r h\u00e4r f\u00f6r att skydda dig p\u00e5 alla s\u00e4tt. Din information \u00e4r s\u00e4ker hos oss. Vi delar inte din information med n\u00e5gon alls.<\/p>\n<p>P\u00e5 samma s\u00e4tt \u00e4r vi h\u00e4r f\u00f6r att underl\u00e4tta f\u00f6r dig. V\u00e5rt intelligenta system hj\u00e4lper dig att hitta den typ av person du letar efter!<br \/>\nDu har massor av alternativ att v\u00e4lja mellan. V\u00e4rlden ligger \u00f6ppen f\u00f6r dig. G\u00e5 och ta det som \u00e4r ditt!<\/p>","protected":false},"excerpt":{"rendered":"<p>Welcome to Stranger Chat. Join the Stranger Chat video chat app, making it easy to chat with random strangers anonymously. Stranger Chat offers video chat features including face masks, gender and country filters, private chat, and much more. Chat with random girls and boys online, anywhere in the world, instantaneously. Find a new friend, meet [&hellip;]<\/p>\n","protected":false},"author":6,"featured_media":0,"parent":0,"menu_order":0,"comment_status":"closed","ping_status":"closed","template":"","meta":{"footnotes":""},"class_list":["post-4887","page","type-page","status-publish","hentry"],"yoast_head":"<!-- This site is optimized with the Yoast SEO plugin v27.4 - https:\/\/yoast.com\/product\/yoast-seo-wordpress\/ -->\n<title>Stranger Chat - StrangerCam.com: Cam With Strangers<\/title>\n<meta name=\"description\" content=\"Stranger Chat anonymously with over 5.000.000 strangers. No Sign-Up Required! Cam with strangers on StrangerCam.com.\" \/>\n<meta name=\"robots\" content=\"index, follow, max-snippet:-1, max-image-preview:large, max-video-preview:-1\" \/>\n<link rel=\"canonical\" href=\"https:\/\/strangercam.com\/sv\/chatt-med-framlingar\/\" \/>\n<meta property=\"og:locale\" content=\"sv_SE\" \/>\n<meta property=\"og:type\" content=\"article\" \/>\n<meta property=\"og:title\" content=\"Stranger Chat - StrangerCam.com: Cam With Strangers\" \/>\n<meta property=\"og:description\" content=\"Stranger Chat anonymously with over 5.000.000 strangers. No Sign-Up Required! Cam with strangers on StrangerCam.com.\" \/>\n<meta property=\"og:url\" content=\"https:\/\/strangercam.com\/sv\/chatt-med-framlingar\/\" \/>\n<meta property=\"og:site_name\" content=\"Strangercam\" \/>\n<meta property=\"article:publisher\" content=\"https:\/\/www.facebook.com\/strangercam\" \/>\n<meta property=\"article:modified_time\" content=\"2023-08-21T10:40:47+00:00\" \/>\n<meta property=\"og:image\" content=\"https:\/\/strangercam.com\/wp-content\/uploads\/2021\/10\/Untitled-2.png\" \/>\n\t<meta property=\"og:image:width\" content=\"800\" \/>\n\t<meta property=\"og:image:height\" content=\"532\" \/>\n\t<meta property=\"og:image:type\" content=\"image\/png\" \/>\n<meta name=\"twitter:card\" content=\"summary_large_image\" \/>\n<meta name=\"twitter:site\" content=\"@strangercamapp\" \/>\n<meta name=\"twitter:label1\" content=\"Ber\u00e4knad l\u00e4stid\" \/>\n\t<meta name=\"twitter:data1\" content=\"3 minuter\" \/>\n<script type=\"application\/ld+json\" class=\"yoast-schema-graph\">{\"@context\":\"https:\\\/\\\/schema.org\",\"@graph\":[{\"@type\":\"WebPage\",\"@id\":\"https:\\\/\\\/strangercam.com\\\/stranger-chat\\\/\",\"url\":\"https:\\\/\\\/strangercam.com\\\/stranger-chat\\\/\",\"name\":\"Stranger Chat - StrangerCam.com: Cam With Strangers\",\"isPartOf\":{\"@id\":\"https:\\\/\\\/strangercam.com\\\/#website\"},\"datePublished\":\"2021-06-14T17:18:17+00:00\",\"dateModified\":\"2023-08-21T10:40:47+00:00\",\"description\":\"Stranger Chat anonymously with over 5.000.000 strangers. No Sign-Up Required! Cam with strangers on StrangerCam.com.\",\"breadcrumb\":{\"@id\":\"https:\\\/\\\/strangercam.com\\\/stranger-chat\\\/#breadcrumb\"},\"inLanguage\":\"sv-SE\",\"potentialAction\":[{\"@type\":\"ReadAction\",\"target\":[\"https:\\\/\\\/strangercam.com\\\/stranger-chat\\\/\"]}]},{\"@type\":\"BreadcrumbList\",\"@id\":\"https:\\\/\\\/strangercam.com\\\/stranger-chat\\\/#breadcrumb\",\"itemListElement\":[{\"@type\":\"ListItem\",\"position\":1,\"name\":\"Home\",\"item\":\"https:\\\/\\\/strangercam.com\\\/\"},{\"@type\":\"ListItem\",\"position\":2,\"name\":\"Stranger Chat\"}]},{\"@type\":\"WebSite\",\"@id\":\"https:\\\/\\\/strangercam.com\\\/#website\",\"url\":\"https:\\\/\\\/strangercam.com\\\/\",\"name\":\"Strangercam\",\"description\":\"Random Video Chat with Strangers\",\"publisher\":{\"@id\":\"https:\\\/\\\/strangercam.com\\\/#organization\"},\"alternateName\":\"Strangercam.com\",\"potentialAction\":[{\"@type\":\"SearchAction\",\"target\":{\"@type\":\"EntryPoint\",\"urlTemplate\":\"https:\\\/\\\/strangercam.com\\\/?s={search_term_string}\"},\"query-input\":{\"@type\":\"PropertyValueSpecification\",\"valueRequired\":true,\"valueName\":\"search_term_string\"}}],\"inLanguage\":\"sv-SE\"},{\"@type\":\"Organization\",\"@id\":\"https:\\\/\\\/strangercam.com\\\/#organization\",\"name\":\"Strangercam\",\"alternateName\":\"Strangercam.com\",\"url\":\"https:\\\/\\\/strangercam.com\\\/\",\"logo\":{\"@type\":\"ImageObject\",\"inLanguage\":\"sv-SE\",\"@id\":\"https:\\\/\\\/strangercam.com\\\/#\\\/schema\\\/logo\\\/image\\\/\",\"url\":\"https:\\\/\\\/strangercam.com\\\/wp-content\\\/uploads\\\/2020\\\/11\\\/cropped-new-favicon-black.png\",\"contentUrl\":\"https:\\\/\\\/strangercam.com\\\/wp-content\\\/uploads\\\/2020\\\/11\\\/cropped-new-favicon-black.png\",\"width\":512,\"height\":512,\"caption\":\"Strangercam\"},\"image\":{\"@id\":\"https:\\\/\\\/strangercam.com\\\/#\\\/schema\\\/logo\\\/image\\\/\"},\"sameAs\":[\"https:\\\/\\\/www.facebook.com\\\/strangercam\",\"https:\\\/\\\/x.com\\\/strangercamapp\"]}]}<\/script>\n<!-- \/ Yoast SEO plugin. -->","yoast_head_json":{"title":"Fr\u00e4mling chatt - StrangerCam.com: Cam med fr\u00e4mlingar","description":"Stranger Chatta anonymt med \u00f6ver 5.000.000.000 fr\u00e4mlingar. Ingen registrering kr\u00e4vs! Cam med fr\u00e4mlingar p\u00e5 StrangerCam.com.","robots":{"index":"index","follow":"follow","max-snippet":"max-snippet:-1","max-image-preview":"max-image-preview:large","max-video-preview":"max-video-preview:-1"},"canonical":"https:\/\/strangercam.com\/sv\/chatt-med-framlingar\/","og_locale":"sv_SE","og_type":"article","og_title":"Stranger Chat - StrangerCam.com: Cam With Strangers","og_description":"Stranger Chat anonymously with over 5.000.000 strangers. No Sign-Up Required! Cam with strangers on StrangerCam.com.","og_url":"https:\/\/strangercam.com\/sv\/chatt-med-framlingar\/","og_site_name":"Strangercam","article_publisher":"https:\/\/www.facebook.com\/strangercam","article_modified_time":"2023-08-21T10:40:47+00:00","og_image":[{"width":800,"height":532,"url":"https:\/\/strangercam.com\/wp-content\/uploads\/2021\/10\/Untitled-2.png","type":"image\/png"}],"twitter_card":"summary_large_image","twitter_site":"@strangercamapp","twitter_misc":{"Ber\u00e4knad l\u00e4stid":"3 minuter"},"schema":{"@context":"https:\/\/schema.org","@graph":[{"@type":"WebPage","@id":"https:\/\/strangercam.com\/stranger-chat\/","url":"https:\/\/strangercam.com\/stranger-chat\/","name":"Fr\u00e4mling chatt - StrangerCam.com: Cam med fr\u00e4mlingar","isPartOf":{"@id":"https:\/\/strangercam.com\/#website"},"datePublished":"2021-06-14T17:18:17+00:00","dateModified":"2023-08-21T10:40:47+00:00","description":"Stranger Chatta anonymt med \u00f6ver 5.000.000.000 fr\u00e4mlingar. Ingen registrering kr\u00e4vs! Cam med fr\u00e4mlingar p\u00e5 StrangerCam.com.","breadcrumb":{"@id":"https:\/\/strangercam.com\/stranger-chat\/#breadcrumb"},"inLanguage":"sv-SE","potentialAction":[{"@type":"ReadAction","target":["https:\/\/strangercam.com\/stranger-chat\/"]}]},{"@type":"BreadcrumbList","@id":"https:\/\/strangercam.com\/stranger-chat\/#breadcrumb","itemListElement":[{"@type":"ListItem","position":1,"name":"Home","item":"https:\/\/strangercam.com\/"},{"@type":"ListItem","position":2,"name":"Stranger Chat"}]},{"@type":"WebSite","@id":"https:\/\/strangercam.com\/#website","url":"https:\/\/strangercam.com\/","name":"Strangercam","description":"Slumpm\u00e4ssig videochatt med fr\u00e4mlingar","publisher":{"@id":"https:\/\/strangercam.com\/#organization"},"alternateName":"Strangercam.com","potentialAction":[{"@type":"SearchAction","target":{"@type":"EntryPoint","urlTemplate":"https:\/\/strangercam.com\/?s={search_term_string}"},"query-input":{"@type":"PropertyValueSpecification","valueRequired":true,"valueName":"search_term_string"}}],"inLanguage":"sv-SE"},{"@type":"Organization","@id":"https:\/\/strangercam.com\/#organization","name":"Strangercam","alternateName":"Strangercam.com","url":"https:\/\/strangercam.com\/","logo":{"@type":"ImageObject","inLanguage":"sv-SE","@id":"https:\/\/strangercam.com\/#\/schema\/logo\/image\/","url":"https:\/\/strangercam.com\/wp-content\/uploads\/2020\/11\/cropped-new-favicon-black.png","contentUrl":"https:\/\/strangercam.com\/wp-content\/uploads\/2020\/11\/cropped-new-favicon-black.png","width":512,"height":512,"caption":"Strangercam"},"image":{"@id":"https:\/\/strangercam.com\/#\/schema\/logo\/image\/"},"sameAs":["https:\/\/www.facebook.com\/strangercam","https:\/\/x.com\/strangercamapp"]}]}},"_links":{"self":[{"href":"https:\/\/strangercam.com\/sv\/wp-json\/wp\/v2\/pages\/4887","targetHints":{"allow":["GET"]}}],"collection":[{"href":"https:\/\/strangercam.com\/sv\/wp-json\/wp\/v2\/pages"}],"about":[{"href":"https:\/\/strangercam.com\/sv\/wp-json\/wp\/v2\/types\/page"}],"author":[{"embeddable":true,"href":"https:\/\/strangercam.com\/sv\/wp-json\/wp\/v2\/users\/6"}],"replies":[{"embeddable":true,"href":"https:\/\/strangercam.com\/sv\/wp-json\/wp\/v2\/comments?post=4887"}],"version-history":[{"count":0,"href":"https:\/\/strangercam.com\/sv\/wp-json\/wp\/v2\/pages\/4887\/revisions"}],"wp:attachment":[{"href":"https:\/\/strangercam.com\/sv\/wp-json\/wp\/v2\/media?parent=4887"}],"curies":[{"name":"wp","href":"https:\/\/api.w.org\/{rel}","templated":true}]}}