{"id":4869,"date":"2025-09-23T11:15:28","date_gmt":"2025-09-23T09:15:28","guid":{"rendered":"https:\/\/strangercam.com\/?page_id=4869"},"modified":"2025-09-23T12:42:03","modified_gmt":"2025-09-23T10:42:03","slug":"var-kan-jag-chatta-med-slumpmassiga-tjejer","status":"publish","type":"page","link":"https:\/\/strangercam.com\/sv\/var-kan-jag-chatta-med-slumpmassiga-tjejer\/","title":{"rendered":"Var kan jag chatta med slumpm\u00e4ssiga tjejer"},"content":{"rendered":"<p>Om du fr\u00e5gar dig sj\u00e4lv, \"Var kan jag chatta med slumpm\u00e4ssiga tjejer?\", \u00e4r du inte ensam. Varje m\u00e5nad s\u00f6ker miljontals m\u00e4nniskor efter s\u00e4tt att omedelbart f\u00e5 kontakt med tjejer online - oavsett om det \u00e4r f\u00f6r skojs skull, f\u00f6r att flirta eller f\u00f6r att f\u00e5 nya v\u00e4nner \u00f6ver hela v\u00e4rlden. Och de goda nyheterna? Det \u00e4r l\u00e4ttare \u00e4n n\u00e5gonsin att hitta s\u00e4kra, gratis och riktiga plattformar d\u00e4r du kan chatta med slumpm\u00e4ssiga tjejer utan l\u00e5nga registreringar eller dolda avgifter.<\/p>\n<p>Med plattformar som StrangerCam kan du b\u00f6rja chatta med tjejer p\u00e5 n\u00e5gra sekunder. Inga nedladdningar, inga profiler, inga kreditkort - bara \u00e4kta konversationer med kvinnor \u00f6ver hela v\u00e4rlden som ocks\u00e5 vill f\u00e5 kontakt.<\/p>\n<p>I den h\u00e4r guiden kommer vi att t\u00e4cka allt du beh\u00f6ver veta: var du kan chatta med slumpm\u00e4ssiga tjejer, vilka funktioner som betyder mest, j\u00e4mf\u00f6relser av de b\u00e4sta plattformarna, riktiga vittnesm\u00e5l, s\u00e4kerhetstips och varf\u00f6r StrangerCam \u00e4r ett av de b\u00e4sta alternativen idag.<\/p>\n<h2>Varf\u00f6r m\u00e4nniskor vill chatta med slumpm\u00e4ssiga tjejer<\/h2>\n<p>S\u00f6kandet efter slumpm\u00e4ssig tjejchatt har vuxit massivt, och h\u00e4r \u00e4r varf\u00f6r:<\/p>\n<ul>\n<li>Lindring av ensamhet och tristess: Att prata med tjejer online hj\u00e4lper till att bryta rutinen.<\/li>\n<li>Avslappnad flirt: M\u00e5nga anv\u00e4ndare tycker om l\u00e4ttsamma chattar utan press.<\/li>\n<li>Att skaffa v\u00e4nner: Det \u00e4r ett roligt s\u00e4tt att tr\u00e4ffa m\u00e4nniskor utanf\u00f6r den egna kretsen.<\/li>\n<li>Global erfarenhet: Du kan tr\u00e4ffa kvinnor fr\u00e5n l\u00e4nder som du aldrig har bes\u00f6kt.<\/li>\n<li>Verkliga anslutningar: Livevideo bevisar att du pratar med en riktig person, inte en bot.<\/li>\n<\/ul>\n<h2>Var kan du chatta med slumpm\u00e4ssiga tjejer online?<\/h2>\n<p>Det finns m\u00e5nga plattformar som l\u00e5ter dig chatta med slumpm\u00e4ssiga tjejer - vissa gratis, andra betalda. H\u00e4r \u00e4r de viktigaste typerna:<\/p>\n<h3>1. Slumpm\u00e4ssiga webbplatser f\u00f6r videochatt<\/h3>\n<p>Webbplatser d\u00e4r du s\u00e4tter p\u00e5 din webbkamera och direkt blir ihopkopplad med en tjej. Exempel: StrangerCam, <a href=\"https:\/\/strangercam.com\/sv\/chatroulette\/\">Chatroulette<\/a>, Shagle.<\/p>\n<h3>2. Chattappar med k\u00f6nsfilter<\/h3>\n<p>Mobila appar som <a href=\"https:\/\/strangercam.com\/sv\/ometv\/\">OmeTV<\/a> eller Chatrandom till\u00e5ter slumpm\u00e4ssiga chattar, men tar ofta betalt f\u00f6r kvinnliga filter.<\/p>\n<h3>3. Betalda dating-orienterade videoplattformar<\/h3>\n<p>Webbplatser som <a href=\"https:\/\/strangercam.com\/sv\/coomeet\/\">CooMeet<\/a> eller LuckyCrush specialiserar sig p\u00e5 m\u00e4n som m\u00f6ter kvinnor men kr\u00e4ver betalning efter korta f\u00f6rs\u00f6k.<\/p>\n<h3>4. Gratis plattformar utan registrering<\/h3>\n<p>StrangerCam \u00e4r bland de enda plattformarna som l\u00e5ter dig chatta med slumpm\u00e4ssiga tjejer gratis utan registrering.<\/p>\n<h2>Vilka funktioner \u00e4r viktigast<\/h2>\n<p>N\u00e4r du best\u00e4mmer dig f\u00f6r var du ska chatta med slumpm\u00e4ssiga tjejer, h\u00e4r \u00e4r vad du ska leta efter:<\/p>\n<ul>\n<li>Free Gender Filter - Annars kan du bli ihopkopplad med slumpm\u00e4ssiga m\u00e4n ist\u00e4llet.<\/li>\n<li>Ingen registrering kr\u00e4vs - De b\u00e4sta plattformarna l\u00e5ter dig g\u00e5 med direkt.<\/li>\n<li>Alternativ f\u00f6r videochatt - Se n\u00e5gon p\u00e5 <a href=\"https:\/\/strangercam.com\/sv\/bazoocam\/\">kam<\/a> s\u00e4kerst\u00e4ller att de \u00e4r verkliga.<\/li>\n<li>Moderering &amp; Rapportering - H\u00e5ller upplevelsen s\u00e4ker och respektfull.<\/li>\n<li>Mobil- och skrivbordsanpassad - fungerar var du \u00e4n befinner dig.<\/li>\n<li>Global r\u00e4ckvidd - En stor kvinnlig anv\u00e4ndarbas garanterar variation.<\/li>\n<\/ul>\n<h2>B\u00e4sta plattformarna f\u00f6r att chatta med slumpm\u00e4ssiga tjejer 2025<\/h2>\n<p>H\u00e4r \u00e4r en j\u00e4mf\u00f6relse av popul\u00e4ra plattformar d\u00e4r du kan chatta med slumpm\u00e4ssiga tjejer:<\/p>\n<table>\n<thead>\n<tr>\n<th>Plattform<\/th>\n<th align=\"center\">Fri tillg\u00e5ng<\/th>\n<th align=\"center\">Genusfilter<\/th>\n<th align=\"center\">Anm\u00e4lan kr\u00e4vs<\/th>\n<th align=\"center\">Mobilt st\u00f6d<\/th>\n<th align=\"center\">Moderering<\/th>\n<th>Anteckningar<\/th>\n<\/tr>\n<\/thead>\n<tbody>\n<tr>\n<td>StrangerCam<\/td>\n<td align=\"center\">\u2705<\/td>\n<td align=\"center\">\u2705 (gratis)<\/td>\n<td align=\"center\">\u274c<\/td>\n<td align=\"center\">\u2705<\/td>\n<td align=\"center\">\u2705<\/td>\n<td>B\u00e4sta valet, \u00e4kta &amp; gratis flickfilter<\/td>\n<\/tr>\n<tr>\n<td>Chatroulette<\/td>\n<td align=\"center\">\u2705<\/td>\n<td align=\"center\">\u274c (Betald)<\/td>\n<td align=\"center\">\u274c<\/td>\n<td align=\"center\">\u2705<\/td>\n<td align=\"center\">\u2705<\/td>\n<td>Klassisk, men inga fria filter<\/td>\n<\/tr>\n<tr>\n<td>Chatrandom<\/td>\n<td align=\"center\">\u2705<\/td>\n<td align=\"center\">\u274c (Betald)<\/td>\n<td align=\"center\">\u274c<\/td>\n<td align=\"center\">\u2705<\/td>\n<td align=\"center\">\u2705<\/td>\n<td>Popul\u00e4r, men kr\u00e4ver premiumuppgraderingar<\/td>\n<\/tr>\n<tr>\n<td>Shagle<\/td>\n<td align=\"center\">\u2705<\/td>\n<td align=\"center\">\u274c (Betald)<\/td>\n<td align=\"center\">\u274c<\/td>\n<td align=\"center\">\u2705<\/td>\n<td align=\"center\">\u2705<\/td>\n<td>Gratis att starta, men begr\u00e4nsade filter<\/td>\n<\/tr>\n<tr>\n<td>CooMeet<\/td>\n<td align=\"center\">\u274c (provperiod)<\/td>\n<td align=\"center\">\u2705<\/td>\n<td align=\"center\">\u2705<\/td>\n<td align=\"center\">\u2705<\/td>\n<td align=\"center\">\u2705<\/td>\n<td>Avgiftsbelagd, fokuserad p\u00e5 m\u00e4n som tr\u00e4ffar kvinnor<\/td>\n<\/tr>\n<tr>\n<td>LuckyCrush<\/td>\n<td align=\"center\">\u274c<\/td>\n<td align=\"center\">\u2705<\/td>\n<td align=\"center\">\u2705<\/td>\n<td align=\"center\">\u2705<\/td>\n<td align=\"center\">\u2705<\/td>\n<td>Alltid betalda, k\u00f6nsspecifika chattar<\/td>\n<\/tr>\n<\/tbody>\n<\/table>\n<p>StrangerCam \u00e4r en av de enda plattformarna som erbjuder ett fungerande gratis k\u00f6nsfilter s\u00e5 att du kan chatta med slumpm\u00e4ssiga tjejer direkt - utan att registrera dig eller betala.<\/p>\n<h2>Varf\u00f6r StrangerCam \u00e4r det b\u00e4sta valet<\/h2>\n<p>H\u00e4r \u00e4r varf\u00f6r StrangerCam \u00e4r ett av de b\u00e4sta svaren p\u00e5 \"Var kan jag chatta med slumpm\u00e4ssiga tjejer?\":<\/p>\n<h3>1. Det \u00e4r 100% Gratis<\/h3>\n<p>Inga provperioder, inga krediter - bara obegr\u00e4nsat antal chattar.<\/p>\n<h3>2. Fritt k\u00f6nsfilter<\/h3>\n<p>Till skillnad fr\u00e5n de flesta webbplatser beh\u00f6ver du inte betala extra f\u00f6r att f\u00e5 kontakt med tjejer.<\/p>\n<h3>3. Ingen registrering beh\u00f6vs<\/h3>\n<p>H\u00e5ll dig anonym och f\u00e5 kontakt direkt.<\/p>\n<h3>4. S\u00e4kert och modererat<\/h3>\n<p>B\u00e4ttre s\u00e4kerhet \u00e4n <a href=\"https:\/\/strangercam.com\/sv\/omegle\/\">Omegle<\/a> n\u00e5gonsin haft.<\/p>\n<h3>5. Redo f\u00f6r mobil och skrivbord<\/h3>\n<p>Fungerar smidigt p\u00e5 alla enheter.<\/p>\n<h3>6. M\u00e5ngsidig kvinnlig anv\u00e4ndarbas<\/h3>\n<p>Tr\u00e4ffa tjejer fr\u00e5n \u00f6ver 100 l\u00e4nder.<\/p>\n<h2>Verkliga vittnesm\u00e5l fr\u00e5n anv\u00e4ndare<\/h2>\n<blockquote><p><em>\"Jag letade efter en plats d\u00e4r jag kunde chatta med slumpm\u00e4ssiga tjejer utan att betala. StrangerCam var den enda webbplatsen som faktiskt levererade.\"<\/em><br \/>\n- Daniel, 29 \u00e5r<\/p><\/blockquote>\n<blockquote><p><em>\"K\u00f6nsfiltret \u00e4r gratis och fungerar perfekt. Jag tr\u00e4ffade tjejer fr\u00e5n tre l\u00e4nder p\u00e5 en kv\u00e4ll.\"<\/em><br \/>\n- Sophia, 22 \u00e5r<\/p><\/blockquote>\n<blockquote><p><em>\"De flesta appar tvingar dig att uppgradera, men StrangerCam \u00e4r verkligen gratis.\"<\/em><br \/>\n- Ryan, 31 \u00e5r<\/p><\/blockquote>\n<blockquote><p><em>\"Det k\u00e4nns tryggt och enkelt. Jag gillar att kunna hoppa \u00f6ver n\u00e4r som helst.\"<\/em><br \/>\n- Emma, 20 \u00e5r<\/p><\/blockquote>\n<h2>S\u00e4kerhetstips f\u00f6r att chatta med slumpm\u00e4ssiga tjejer<\/h2>\n<p>N\u00e4r du anv\u00e4nder plattformar f\u00f6r att chatta med tjejer online ska du alltid f\u00f6lja dessa s\u00e4kerhetsregler:<\/p>\n<ul>\n<li>Dela aldrig med dig av personlig information (som telefonnummer eller adress).<\/li>\n<li>Hoppa \u00f6ver eller blockera n\u00e5gon som g\u00f6r dig obekv\u00e4m.<\/li>\n<li>Klicka inte p\u00e5 l\u00e4nkar som delas av fr\u00e4mlingar.<\/li>\n<li>Kontrollera din bakgrund innan du s\u00e4tter p\u00e5 webbkameran.<\/li>\n<li>Anv\u00e4nd smeknamn, inte ditt riktiga namn.<\/li>\n<li>Respektera plattformens \u00e5ldersregler - undvik chattar f\u00f6r vuxna om du \u00e4r under 18 \u00e5r.<\/li>\n<\/ul>\n<h2>S\u00e5 h\u00e4r kommer du ig\u00e5ng - steg f\u00f6r steg<\/h2>\n<p>Det tar bara en minut att b\u00f6rja chatta med slumpm\u00e4ssiga tjejer:<\/p>\n<ol>\n<li>\u00d6ppna StrangerCam i din webbl\u00e4sare eller p\u00e5 din enhet.<\/li>\n<li>Till\u00e5t \u00e5tkomst till kamera och mikrofon.<\/li>\n<li>V\u00e4lj k\u00f6nsfilter (flickor).<\/li>\n<li>Klicka p\u00e5 Starta chatt f\u00f6r att ansluta direkt.<\/li>\n<li>Tryck p\u00e5 N\u00e4sta n\u00e4r som helst f\u00f6r att tr\u00e4ffa n\u00e5gon ny.<\/li>\n<\/ol>\n<p>Snabbt, gratis och roligt.<\/p>\n<p>Om du har undrat \"Var kan jag chatta med slumpm\u00e4ssiga tjejer?\" \u00e4r svaret enkelt: 2025, plattformar som StrangerCam g\u00f6r det m\u00f6jligt, direkt och gratis. Till skillnad fr\u00e5n andra tj\u00e4nster som blockerar k\u00f6nsfilter bakom betalv\u00e4ggar eller tvingar registreringar, l\u00e5ter StrangerCam dig f\u00e5 kontakt med riktiga tjejer fr\u00e5n hela v\u00e4rlden p\u00e5 n\u00e5gra sekunder.<\/p>\n<p>\u00c4r du redo att b\u00f6rja? Prova en gratis slumpm\u00e4ssig chatt med tjejer idag och se vem du tr\u00e4ffar n\u00e4sta g\u00e5ng.<\/p>","protected":false},"excerpt":{"rendered":"<p>If you\u2019re asking yourself, \u201cWhere can I chat with random girls?\u201d, you\u2019re not alone. Every month, millions of people search for ways to instantly connect with girls online\u2014whether for fun, casual flirting, or making new friends across the globe. The good news? It&#8217;s easier than ever to find safe, free, and real platforms where you [&hellip;]<\/p>\n","protected":false},"author":8,"featured_media":0,"parent":0,"menu_order":0,"comment_status":"closed","ping_status":"closed","template":"","meta":{"footnotes":""},"class_list":["post-4869","page","type-page","status-publish","hentry"],"yoast_head":"<!-- This site is optimized with the Yoast SEO plugin v26.9 - https:\/\/yoast.com\/product\/yoast-seo-wordpress\/ -->\n<title>Where Can I Chat With Random Girls on Strangercam.com<\/title>\n<meta name=\"description\" content=\"Liking Where Can I Chat With Random Girls? Join millions on StrangerCam.com! Start a random video chat, turn on your cam, and meet strangers instantly.\" \/>\n<meta name=\"robots\" content=\"index, follow, max-snippet:-1, max-image-preview:large, max-video-preview:-1\" \/>\n<link rel=\"canonical\" href=\"https:\/\/strangercam.com\/sv\/var-kan-jag-chatta-med-slumpmassiga-tjejer\/\" \/>\n<meta property=\"og:locale\" content=\"sv_SE\" \/>\n<meta property=\"og:type\" content=\"article\" \/>\n<meta property=\"og:title\" content=\"Where Can I Chat With Random Girls on Strangercam.com\" \/>\n<meta property=\"og:description\" content=\"Liking Where Can I Chat With Random Girls? Join millions on StrangerCam.com! Start a random video chat, turn on your cam, and meet strangers instantly.\" \/>\n<meta property=\"og:url\" content=\"https:\/\/strangercam.com\/sv\/var-kan-jag-chatta-med-slumpmassiga-tjejer\/\" \/>\n<meta property=\"og:site_name\" content=\"Strangercam\" \/>\n<meta property=\"article:publisher\" content=\"https:\/\/www.facebook.com\/strangercam\" \/>\n<meta property=\"article:modified_time\" content=\"2025-09-23T10:42:03+00:00\" \/>\n<meta property=\"og:image\" content=\"https:\/\/strangercam.com\/wp-content\/uploads\/2021\/10\/Untitled-2.png\" \/>\n\t<meta property=\"og:image:width\" content=\"800\" \/>\n\t<meta property=\"og:image:height\" content=\"532\" \/>\n\t<meta property=\"og:image:type\" content=\"image\/png\" \/>\n<meta name=\"twitter:card\" content=\"summary_large_image\" \/>\n<meta name=\"twitter:site\" content=\"@strangercamapp\" \/>\n<meta name=\"twitter:label1\" content=\"Ber\u00e4knad l\u00e4stid\" \/>\n\t<meta name=\"twitter:data1\" content=\"4 minuter\" \/>\n<script type=\"application\/ld+json\" class=\"yoast-schema-graph\">{\"@context\":\"https:\/\/schema.org\",\"@graph\":[{\"@type\":\"WebPage\",\"@id\":\"https:\/\/strangercam.com\/where-can-i-chat-with-random-girls\/\",\"url\":\"https:\/\/strangercam.com\/where-can-i-chat-with-random-girls\/\",\"name\":\"Where Can I Chat With Random Girls on Strangercam.com\",\"isPartOf\":{\"@id\":\"https:\/\/strangercam.com\/#website\"},\"datePublished\":\"2025-09-23T09:15:28+00:00\",\"dateModified\":\"2025-09-23T10:42:03+00:00\",\"description\":\"Liking Where Can I Chat With Random Girls? Join millions on StrangerCam.com! Start a random video chat, turn on your cam, and meet strangers instantly.\",\"breadcrumb\":{\"@id\":\"https:\/\/strangercam.com\/where-can-i-chat-with-random-girls\/#breadcrumb\"},\"inLanguage\":\"sv-SE\",\"potentialAction\":[{\"@type\":\"ReadAction\",\"target\":[\"https:\/\/strangercam.com\/where-can-i-chat-with-random-girls\/\"]}]},{\"@type\":\"BreadcrumbList\",\"@id\":\"https:\/\/strangercam.com\/where-can-i-chat-with-random-girls\/#breadcrumb\",\"itemListElement\":[{\"@type\":\"ListItem\",\"position\":1,\"name\":\"Home\",\"item\":\"https:\/\/strangercam.com\/\"},{\"@type\":\"ListItem\",\"position\":2,\"name\":\"Where Can I Chat With Random Girls\"}]},{\"@type\":\"WebSite\",\"@id\":\"https:\/\/strangercam.com\/#website\",\"url\":\"https:\/\/strangercam.com\/\",\"name\":\"Strangercam\",\"description\":\"Random Video Chat with Strangers\",\"publisher\":{\"@id\":\"https:\/\/strangercam.com\/#organization\"},\"alternateName\":\"Strangercam.com\",\"potentialAction\":[{\"@type\":\"SearchAction\",\"target\":{\"@type\":\"EntryPoint\",\"urlTemplate\":\"https:\/\/strangercam.com\/?s={search_term_string}\"},\"query-input\":{\"@type\":\"PropertyValueSpecification\",\"valueRequired\":true,\"valueName\":\"search_term_string\"}}],\"inLanguage\":\"sv-SE\"},{\"@type\":\"Organization\",\"@id\":\"https:\/\/strangercam.com\/#organization\",\"name\":\"Strangercam\",\"alternateName\":\"Strangercam.com\",\"url\":\"https:\/\/strangercam.com\/\",\"logo\":{\"@type\":\"ImageObject\",\"inLanguage\":\"sv-SE\",\"@id\":\"https:\/\/strangercam.com\/#\/schema\/logo\/image\/\",\"url\":\"https:\/\/strangercam.com\/wp-content\/uploads\/2020\/11\/cropped-new-favicon-black.png\",\"contentUrl\":\"https:\/\/strangercam.com\/wp-content\/uploads\/2020\/11\/cropped-new-favicon-black.png\",\"width\":512,\"height\":512,\"caption\":\"Strangercam\"},\"image\":{\"@id\":\"https:\/\/strangercam.com\/#\/schema\/logo\/image\/\"},\"sameAs\":[\"https:\/\/www.facebook.com\/strangercam\",\"https:\/\/x.com\/strangercamapp\"]}]}<\/script>\n<!-- \/ Yoast SEO plugin. -->","yoast_head_json":{"title":"Var kan jag chatta med slumpm\u00e4ssiga tjejer p\u00e5 Strangercam.com","description":"Gillar Var kan jag chatta med slumpm\u00e4ssiga tjejer? Join miljoner p\u00e5 StrangerCam.com! Starta en slumpm\u00e4ssig videochatt, sl\u00e5 p\u00e5 din kamera och tr\u00e4ffa fr\u00e4mlingar direkt.","robots":{"index":"index","follow":"follow","max-snippet":"max-snippet:-1","max-image-preview":"max-image-preview:large","max-video-preview":"max-video-preview:-1"},"canonical":"https:\/\/strangercam.com\/sv\/var-kan-jag-chatta-med-slumpmassiga-tjejer\/","og_locale":"sv_SE","og_type":"article","og_title":"Where Can I Chat With Random Girls on Strangercam.com","og_description":"Liking Where Can I Chat With Random Girls? Join millions on StrangerCam.com! Start a random video chat, turn on your cam, and meet strangers instantly.","og_url":"https:\/\/strangercam.com\/sv\/var-kan-jag-chatta-med-slumpmassiga-tjejer\/","og_site_name":"Strangercam","article_publisher":"https:\/\/www.facebook.com\/strangercam","article_modified_time":"2025-09-23T10:42:03+00:00","og_image":[{"width":800,"height":532,"url":"https:\/\/strangercam.com\/wp-content\/uploads\/2021\/10\/Untitled-2.png","type":"image\/png"}],"twitter_card":"summary_large_image","twitter_site":"@strangercamapp","twitter_misc":{"Ber\u00e4knad l\u00e4stid":"4 minuter"},"schema":{"@context":"https:\/\/schema.org","@graph":[{"@type":"WebPage","@id":"https:\/\/strangercam.com\/where-can-i-chat-with-random-girls\/","url":"https:\/\/strangercam.com\/where-can-i-chat-with-random-girls\/","name":"Var kan jag chatta med slumpm\u00e4ssiga tjejer p\u00e5 Strangercam.com","isPartOf":{"@id":"https:\/\/strangercam.com\/#website"},"datePublished":"2025-09-23T09:15:28+00:00","dateModified":"2025-09-23T10:42:03+00:00","description":"Gillar Var kan jag chatta med slumpm\u00e4ssiga tjejer? Join miljoner p\u00e5 StrangerCam.com! Starta en slumpm\u00e4ssig videochatt, sl\u00e5 p\u00e5 din kamera och tr\u00e4ffa fr\u00e4mlingar direkt.","breadcrumb":{"@id":"https:\/\/strangercam.com\/where-can-i-chat-with-random-girls\/#breadcrumb"},"inLanguage":"sv-SE","potentialAction":[{"@type":"ReadAction","target":["https:\/\/strangercam.com\/where-can-i-chat-with-random-girls\/"]}]},{"@type":"BreadcrumbList","@id":"https:\/\/strangercam.com\/where-can-i-chat-with-random-girls\/#breadcrumb","itemListElement":[{"@type":"ListItem","position":1,"name":"Home","item":"https:\/\/strangercam.com\/"},{"@type":"ListItem","position":2,"name":"Where Can I Chat With Random Girls"}]},{"@type":"WebSite","@id":"https:\/\/strangercam.com\/#website","url":"https:\/\/strangercam.com\/","name":"Strangercam","description":"Slumpm\u00e4ssig videochatt med fr\u00e4mlingar","publisher":{"@id":"https:\/\/strangercam.com\/#organization"},"alternateName":"Strangercam.com","potentialAction":[{"@type":"SearchAction","target":{"@type":"EntryPoint","urlTemplate":"https:\/\/strangercam.com\/?s={search_term_string}"},"query-input":{"@type":"PropertyValueSpecification","valueRequired":true,"valueName":"search_term_string"}}],"inLanguage":"sv-SE"},{"@type":"Organization","@id":"https:\/\/strangercam.com\/#organization","name":"Strangercam","alternateName":"Strangercam.com","url":"https:\/\/strangercam.com\/","logo":{"@type":"ImageObject","inLanguage":"sv-SE","@id":"https:\/\/strangercam.com\/#\/schema\/logo\/image\/","url":"https:\/\/strangercam.com\/wp-content\/uploads\/2020\/11\/cropped-new-favicon-black.png","contentUrl":"https:\/\/strangercam.com\/wp-content\/uploads\/2020\/11\/cropped-new-favicon-black.png","width":512,"height":512,"caption":"Strangercam"},"image":{"@id":"https:\/\/strangercam.com\/#\/schema\/logo\/image\/"},"sameAs":["https:\/\/www.facebook.com\/strangercam","https:\/\/x.com\/strangercamapp"]}]}},"_links":{"self":[{"href":"https:\/\/strangercam.com\/sv\/wp-json\/wp\/v2\/pages\/4869","targetHints":{"allow":["GET"]}}],"collection":[{"href":"https:\/\/strangercam.com\/sv\/wp-json\/wp\/v2\/pages"}],"about":[{"href":"https:\/\/strangercam.com\/sv\/wp-json\/wp\/v2\/types\/page"}],"author":[{"embeddable":true,"href":"https:\/\/strangercam.com\/sv\/wp-json\/wp\/v2\/users\/8"}],"replies":[{"embeddable":true,"href":"https:\/\/strangercam.com\/sv\/wp-json\/wp\/v2\/comments?post=4869"}],"version-history":[{"count":2,"href":"https:\/\/strangercam.com\/sv\/wp-json\/wp\/v2\/pages\/4869\/revisions"}],"predecessor-version":[{"id":13042,"href":"https:\/\/strangercam.com\/sv\/wp-json\/wp\/v2\/pages\/4869\/revisions\/13042"}],"wp:attachment":[{"href":"https:\/\/strangercam.com\/sv\/wp-json\/wp\/v2\/media?parent=4869"}],"curies":[{"name":"wp","href":"https:\/\/api.w.org\/{rel}","templated":true}]}}