{"id":4141,"date":"2025-09-08T08:04:51","date_gmt":"2025-09-08T06:04:51","guid":{"rendered":"https:\/\/strangercam.com\/?page_id=4141"},"modified":"2025-09-08T10:12:00","modified_gmt":"2025-09-08T08:12:00","slug":"cam-dating","status":"publish","type":"page","link":"https:\/\/strangercam.com\/sv\/cam-dating\/","title":{"rendered":"Cam Dating"},"content":{"rendered":"<p>\u00c4r du nyfiken p\u00e5 <a href=\"https:\/\/strangercam.com\/sv\/bazoocam\/\">kam<\/a> Dejtar du? Du \u00e4r inte ensam om det. Fler och fler m\u00e4nniskor v\u00e4nder sig till videochattar online som ett roligt och autentiskt s\u00e4tt att f\u00e5 kontakt. Till skillnad fr\u00e5n traditionella dejtingappar d\u00e4r konversationer kan k\u00e4nnas l\u00e5ngsamma eller falska, l\u00e5ter cam dating dig se och prata med n\u00e5gon direkt. Det \u00e4r personligt, \u00e4kta och ofta mer sp\u00e4nnande \u00e4n att bara swipa profiler.<\/p>\n<p>Med plattformar som StrangerCam kan du starta en <a href=\"https:\/\/strangercam.com\/sv\/cam-to-cam-chat\/\">gratis kamera<\/a> dejtingupplevelse just nu - ingen registrering, inga nedladdningar och inga dolda kostnader. Oavsett om du letar efter v\u00e4nskap, avslappnad flirt eller n\u00e5got mer seri\u00f6st, \u00e4r cam dating ett av de snabbast v\u00e4xande s\u00e4tten att tr\u00e4ffa nya m\u00e4nniskor 2025.<\/p>\n<p>Den h\u00e4r guiden t\u00e4cker allt du beh\u00f6ver veta: vad cam dating \u00e4r, varf\u00f6r det \u00e4r s\u00e5 popul\u00e4rt, hur det fungerar, vilka funktioner du ska leta efter, en j\u00e4mf\u00f6relse av de b\u00e4sta plattformarna, s\u00e4kerhetstips och varf\u00f6r StrangerCam \u00e4r ett av de b\u00e4sta valen f\u00f6r gratis cam dating idag.<\/p>\n<h2>Vad \u00e4r Cam Dating?<\/h2>\n<p>Cam-dejting \u00e4r en form av n\u00e4tdejting som anv\u00e4nder live video <a href=\"https:\/\/strangercam.com\/sv\/chathub\/\">chatt<\/a> f\u00f6r att koppla ihop tv\u00e5 personer ansikte mot ansikte i realtid. Ist\u00e4llet f\u00f6r att bl\u00e4ddra igenom o\u00e4ndliga profiler eller v\u00e4nta p\u00e5 matchningar fokuserar cam dating p\u00e5 omedelbar kemi - du ser den andra personen omedelbart och best\u00e4mmer om vibbarna \u00e4r r\u00e4tt.<\/p>\n<p>Formatet \u00e4r privat, enkelt och direkt. Du till\u00e5ter din kamera, klickar p\u00e5 \"Start\" och du \u00e4r omedelbart ansluten till n\u00e5gon som ocks\u00e5 letar efter en konversation. Om det inte klickar trycker du p\u00e5 N\u00e4sta s\u00e5 matchas du med n\u00e5gon annan.<\/p>\n<h2>Varf\u00f6r folk \u00e4lskar gratis Cam Dating<\/h2>\n<p>Tilltalet med gratis cam-dejting \u00e4r tydligt:<\/p>\n<ul>\n<li>\u00c4kthet: Du vet att personen \u00e4r verklig, inte en falsk profil eller bot.<\/li>\n<li>Omedelbar kemi: Ingen v\u00e4ntan - avg\u00f6r snabbt om det finns en gnista.<\/li>\n<li>Spontanitet: Varje videochatt k\u00e4nns unik och of\u00f6ruts\u00e4gbar.<\/li>\n<li>Sekretess: Till skillnad fr\u00e5n grupprum \u00e4r cam dating en-mot-en.<\/li>\n<li>Global r\u00e4ckvidd: Tr\u00e4ffa m\u00e4nniskor fr\u00e5n hela v\u00e4rlden 24\/7.<\/li>\n<li>Roligt och sp\u00e4nnande: En blandning av flirt, v\u00e4nskap och kulturellt utbyte.<\/li>\n<\/ul>\n<h2>Hur fungerar Cam Dating?<\/h2>\n<p>Det \u00e4r enkelt att komma ig\u00e5ng med cam dating:<\/p>\n<ol>\n<li>\u00d6ppna en cam dating plattform som StrangerCam.<\/li>\n<li>Till\u00e5t \u00e5tkomst till kamera och mikrofon.<\/li>\n<li>Klicka p\u00e5 \"Starta chatt\".<\/li>\n<li>Tr\u00e4ffa n\u00e5gon direkt i ett privat videosamtal.<\/li>\n<li>Klicka p\u00e5 \"N\u00e4sta\" f\u00f6r att g\u00e5 vidare om k\u00e4nslan inte \u00e4r den r\u00e4tta.<\/li>\n<\/ol>\n<p>Hela processen tar mindre \u00e4n en minut och kan leda till timmar av roliga, spontana konversationer.<\/p>\n<h2>De b\u00e4sta egenskaperna att leta efter<\/h2>\n<p>N\u00e4r du v\u00e4ljer en cam-dejtingsajt, t\u00e4nk p\u00e5 dessa funktioner:<\/p>\n<h3>1. Verkligt fri tillg\u00e5ng<\/h3>\n<p>M\u00e5nga webbplatser p\u00e5st\u00e5r sig vara gratis men l\u00e5ser viktiga funktioner bakom betalv\u00e4ggar. Leta efter obegr\u00e4nsad gratis chatt.<\/p>\n<h3>2. Ingen registrering kr\u00e4vs<\/h3>\n<p>De b\u00e4sta plattformarna f\u00f6r cam dating l\u00e5ter dig b\u00f6rja utan att skapa ett konto.<\/p>\n<h3>3. Filter f\u00f6r k\u00f6n och plats<\/h3>\n<p>Hj\u00e4lpsamt f\u00f6r att hitta personer som matchar dina preferenser.<\/p>\n<h3>4. S\u00e4ker m\u00e5ttfullhet<\/h3>\n<p>Starka rapporterings- och blockeringsverktyg h\u00e5ller utrymmet s\u00e4kert.<\/p>\n<h3>5. Mobilv\u00e4nlig upplevelse<\/h3>\n<p>Se till att plattformen fungerar lika bra p\u00e5 smartphones som p\u00e5 datorer.<\/p>\n<h3>6. Video och ljud av h\u00f6g kvalitet<\/h3>\n<p>Tydliga kopplingar g\u00f6r det l\u00e4ttare att skapa kemi.<\/p>\n<h2>B\u00e4sta plattformarna f\u00f6r Cam Dating 2025<\/h2>\n<p>H\u00e4r \u00e4r en j\u00e4mf\u00f6relse av de mest popul\u00e4ra plattformarna f\u00f6r cam dating:<\/p>\n<table>\n<thead>\n<tr>\n<th>Plattform<\/th>\n<th align=\"center\">Fri tillg\u00e5ng<\/th>\n<th align=\"center\">Genusfilter<\/th>\n<th align=\"center\">Anm\u00e4lan kr\u00e4vs<\/th>\n<th align=\"center\">Mobilt st\u00f6d<\/th>\n<th align=\"center\">Moderering<\/th>\n<th>Anteckningar<\/th>\n<\/tr>\n<\/thead>\n<tbody>\n<tr>\n<td>StrangerCam<\/td>\n<td align=\"center\">\u2705<\/td>\n<td align=\"center\">\u2705 (gratis)<\/td>\n<td align=\"center\">\u274c<\/td>\n<td align=\"center\">\u2705<\/td>\n<td align=\"center\">\u2705<\/td>\n<td>B\u00e4sta valet f\u00f6r gratis cam-dejting<\/td>\n<\/tr>\n<tr>\n<td><a href=\"https:\/\/strangercam.com\/sv\/chatroulette\/\">Chatroulette<\/a><\/td>\n<td align=\"center\">\u2705<\/td>\n<td align=\"center\">\u274c (Betald)<\/td>\n<td align=\"center\">\u274c<\/td>\n<td align=\"center\">\u2705<\/td>\n<td align=\"center\">\u2705<\/td>\n<td>Klassisk, men k\u00f6nsfilter kostar<\/td>\n<\/tr>\n<tr>\n<td>Chatrandom<\/td>\n<td align=\"center\">\u2705<\/td>\n<td align=\"center\">\u274c (Betald)<\/td>\n<td align=\"center\">\u274c<\/td>\n<td align=\"center\">\u2705<\/td>\n<td align=\"center\">\u2705<\/td>\n<td>Stor anv\u00e4ndarbas, snabba uppgraderingar<\/td>\n<\/tr>\n<tr>\n<td>Shagle<\/td>\n<td align=\"center\">\u2705<\/td>\n<td align=\"center\">\u274c (Betald)<\/td>\n<td align=\"center\">\u274c<\/td>\n<td align=\"center\">\u2705<\/td>\n<td align=\"center\">\u2705<\/td>\n<td>Fritt intr\u00e4de, avgift f\u00f6r filter<\/td>\n<\/tr>\n<tr>\n<td><a href=\"https:\/\/strangercam.com\/sv\/coomeet\/\">CooMeet<\/a><\/td>\n<td align=\"center\">\u274c (provperiod)<\/td>\n<td align=\"center\">\u2705<\/td>\n<td align=\"center\">\u2705<\/td>\n<td align=\"center\">\u2705<\/td>\n<td align=\"center\">\u2705<\/td>\n<td>Betald plattform med fokus p\u00e5 dejting med tjejer<\/td>\n<\/tr>\n<tr>\n<td>LuckyCrush<\/td>\n<td align=\"center\">\u274c<\/td>\n<td align=\"center\">\u2705<\/td>\n<td align=\"center\">\u2705<\/td>\n<td align=\"center\">\u2705<\/td>\n<td align=\"center\">\u2705<\/td>\n<td>Alltid betald, matchar m\u00e4n till kvinnor<\/td>\n<\/tr>\n<\/tbody>\n<\/table>\n<p>Bland dessa \u00e4r StrangerCam en av de enda plattformarna som erbjuder gratis cam-dejting utan registrering och ett fungerande k\u00f6nsfilter.<\/p>\n<h2>Varf\u00f6r StrangerCam \u00e4r det b\u00e4sta valet<\/h2>\n<p>H\u00e4r \u00e4r varf\u00f6r StrangerCam \u00e4r det b\u00e4sta valet f\u00f6r cam-dejting 2025:<\/p>\n<h3>1. Helt gratis och obegr\u00e4nsat<\/h3>\n<p>Inga dolda avgifter, provperioder eller krediter - chatta s\u00e5 mycket du vill.<\/p>\n<h3>2. Fritt k\u00f6nsfilter<\/h3>\n<p>V\u00e4lj vem du vill tr\u00e4ffa - killar, tjejer eller b\u00e5da - utan att betala extra.<\/p>\n<h3>3. Privata chattar en och en<\/h3>\n<p>Fokuserade, personliga samtal i st\u00e4llet f\u00f6r \u00f6verfulla chattrum.<\/p>\n<h3>4. Ingen registrering kr\u00e4vs<\/h3>\n<p>H\u00e5ll dig anonym och f\u00e5 kontakt direkt.<\/p>\n<h3>5. S\u00e4kert och modererat<\/h3>\n<p>Aktiv moderering h\u00e5ller bots och ol\u00e4mpliga anv\u00e4ndare borta.<\/p>\n<h3>6. Fungerar p\u00e5 alla enheter<\/h3>\n<p>Optimerad f\u00f6r dator, surfplatta och mobil.<\/p>\n<h2>Verkliga vittnesm\u00e5l fr\u00e5n anv\u00e4ndare<\/h2>\n<blockquote><p><em>\"Jag ville prova cam dating eftersom vanliga appar k\u00e4ndes f\u00f6r l\u00e5ngsamma. StrangerCam gav mig omedelbara kontakter, och jag hittade faktiskt n\u00e5gon som jag forts\u00e4tter att chatta med regelbundet.\"<\/em><br \/>\n- David, 29 \u00e5r<\/p><\/blockquote>\n<blockquote><p><em>\"Det k\u00e4nns mer verkligt \u00e4n att swipa i appar. Jag kan se direkt om jag klickar med n\u00e5gon.\"<\/em><br \/>\n- Sophia, 23 \u00e5r<\/p><\/blockquote>\n<blockquote><p><em>\"\u00c4ntligen en dejtingsajt d\u00e4r k\u00f6nsfiltret \u00e4r gratis och fungerar som utlovat.\"<\/em><br \/>\n- Ryan, 31 \u00e5r<\/p><\/blockquote>\n<blockquote><p><em>\"Jag har redan tr\u00e4ffat m\u00e4nniskor fr\u00e5n tre kontinenter. Det \u00e4r sp\u00e4nnande och mycket roligare \u00e4n traditionell n\u00e4tdejting.\"<\/em><br \/>\n- Leah, 20 \u00e5r<\/p><\/blockquote>\n<h2>S\u00e4kerhetstips f\u00f6r Cam Dating<\/h2>\n<p>Camdejting \u00e4r roligt och sp\u00e4nnande, men kom ih\u00e5g dessa s\u00e4kerhetsregler:<\/p>\n<ul>\n<li>Dela inte med dig av personliga uppgifter som telefonnummer, e-postadress eller adress.<\/li>\n<li>Hoppa \u00f6ver eller blockera n\u00e5gon som g\u00f6r dig obekv\u00e4m.<\/li>\n<li>Klicka aldrig p\u00e5 misst\u00e4nkta l\u00e4nkar.<\/li>\n<li>Kontrollera din bakgrund innan du s\u00e4tter p\u00e5 webbkameran.<\/li>\n<li>H\u00e5ll dig till plattformens verktyg f\u00f6r rapportering och blockering.<\/li>\n<li>Respektera \u00e5ldersgr\u00e4nser - om du \u00e4r under 18 \u00e5r ska du inte anv\u00e4nda dejtingsajter f\u00f6r vuxna.<\/li>\n<\/ul>\n<h2>S\u00e5 h\u00e4r kommer du ig\u00e5ng - steg f\u00f6r steg<\/h2>\n<p>Det tar mindre \u00e4n en minut att b\u00f6rja cam-dejta:<\/p>\n<ol>\n<li>\u00d6ppna StrangerCam p\u00e5 din enhet.<\/li>\n<li>Till\u00e5t \u00e5tkomst till kamera och mikrofon.<\/li>\n<li>V\u00e4lj dina preferenser (t.ex. k\u00f6nsfilter).<\/li>\n<li>Klicka p\u00e5 Starta chatt f\u00f6r att ansluta direkt.<\/li>\n<li>Om det inte finns n\u00e5gon gnista trycker du p\u00e5 Next f\u00f6r att g\u00e5 vidare.<\/li>\n<\/ol>\n<p>Snabbt, enkelt och 100% gratis.<\/p>\n<p>\u00c5r 2025 \u00e4r cam dating ett av de snabbaste och mest autentiska s\u00e4tten att f\u00e5 kontakt online. Till skillnad fr\u00e5n traditionella dejtingappar \u00e4r det ansikte mot ansikte, omedelbart och roligt.<\/p>\n<p>Men det \u00e4r inte alla plattformar som levererar. M\u00e5nga d\u00f6ljer viktiga funktioner bakom betalv\u00e4ggar eller \u00e4r \u00f6verbelastade med bots. Det \u00e4r d\u00e4rf\u00f6r StrangerCam \u00e4r det b\u00e4sta alternativet: det \u00e4r gratis, s\u00e4kert, privat och alltid fullt av riktiga anv\u00e4ndare som \u00e4r redo att ansluta.<\/p>\n<p>\u00c4r du redo att prova? B\u00f6rja med gratis cam-dejting idag och uppt\u00e4ck vem du kommer att tr\u00e4ffa h\u00e4rn\u00e4st.<\/p>","protected":false},"excerpt":{"rendered":"<p>Are you curious about cam dating? You\u2019re not alone. More and more people are turning to online video chats as a fun and authentic way to connect. Unlike traditional dating apps where conversations can feel slow or fake, cam dating lets you see and talk to someone instantly. It\u2019s personal, real, and often more exciting [&hellip;]<\/p>\n","protected":false},"author":8,"featured_media":0,"parent":0,"menu_order":0,"comment_status":"closed","ping_status":"closed","template":"","meta":{"footnotes":""},"class_list":["post-4141","page","type-page","status-publish","hentry"],"yoast_head":"<!-- This site is optimized with the Yoast SEO plugin v27.4 - https:\/\/yoast.com\/product\/yoast-seo-wordpress\/ -->\n<title>Cam Dating with Video Chat on Strangercam.com<\/title>\n<meta name=\"description\" content=\"Liking Cam Dating? Join millions on StrangerCam.com! Start a random video chat, turn on your cam, and meet strangers instantly.\" \/>\n<meta name=\"robots\" content=\"index, follow, max-snippet:-1, max-image-preview:large, max-video-preview:-1\" \/>\n<link rel=\"canonical\" href=\"https:\/\/strangercam.com\/sv\/cam-dating\/\" \/>\n<meta property=\"og:locale\" content=\"sv_SE\" \/>\n<meta property=\"og:type\" content=\"article\" \/>\n<meta property=\"og:title\" content=\"Cam Dating with Video Chat on Strangercam.com\" \/>\n<meta property=\"og:description\" content=\"Liking Cam Dating? Join millions on StrangerCam.com! Start a random video chat, turn on your cam, and meet strangers instantly.\" \/>\n<meta property=\"og:url\" content=\"https:\/\/strangercam.com\/sv\/cam-dating\/\" \/>\n<meta property=\"og:site_name\" content=\"Strangercam\" \/>\n<meta property=\"article:publisher\" content=\"https:\/\/www.facebook.com\/strangercam\" \/>\n<meta property=\"article:modified_time\" content=\"2025-09-08T08:12:00+00:00\" \/>\n<meta property=\"og:image\" content=\"https:\/\/strangercam.com\/wp-content\/uploads\/2021\/10\/Untitled-2.png\" \/>\n\t<meta property=\"og:image:width\" content=\"800\" \/>\n\t<meta property=\"og:image:height\" content=\"532\" \/>\n\t<meta property=\"og:image:type\" content=\"image\/png\" \/>\n<meta name=\"twitter:card\" content=\"summary_large_image\" \/>\n<meta name=\"twitter:site\" content=\"@strangercamapp\" \/>\n<meta name=\"twitter:label1\" content=\"Ber\u00e4knad l\u00e4stid\" \/>\n\t<meta name=\"twitter:data1\" content=\"4 minuter\" \/>\n<script type=\"application\/ld+json\" class=\"yoast-schema-graph\">{\"@context\":\"https:\\\/\\\/schema.org\",\"@graph\":[{\"@type\":\"WebPage\",\"@id\":\"https:\\\/\\\/strangercam.com\\\/cam-dating\\\/\",\"url\":\"https:\\\/\\\/strangercam.com\\\/cam-dating\\\/\",\"name\":\"Cam Dating with Video Chat on Strangercam.com\",\"isPartOf\":{\"@id\":\"https:\\\/\\\/strangercam.com\\\/#website\"},\"datePublished\":\"2025-09-08T06:04:51+00:00\",\"dateModified\":\"2025-09-08T08:12:00+00:00\",\"description\":\"Liking Cam Dating? Join millions on StrangerCam.com! Start a random video chat, turn on your cam, and meet strangers instantly.\",\"breadcrumb\":{\"@id\":\"https:\\\/\\\/strangercam.com\\\/cam-dating\\\/#breadcrumb\"},\"inLanguage\":\"sv-SE\",\"potentialAction\":[{\"@type\":\"ReadAction\",\"target\":[\"https:\\\/\\\/strangercam.com\\\/cam-dating\\\/\"]}]},{\"@type\":\"BreadcrumbList\",\"@id\":\"https:\\\/\\\/strangercam.com\\\/cam-dating\\\/#breadcrumb\",\"itemListElement\":[{\"@type\":\"ListItem\",\"position\":1,\"name\":\"Home\",\"item\":\"https:\\\/\\\/strangercam.com\\\/\"},{\"@type\":\"ListItem\",\"position\":2,\"name\":\"Cam Dating\"}]},{\"@type\":\"WebSite\",\"@id\":\"https:\\\/\\\/strangercam.com\\\/#website\",\"url\":\"https:\\\/\\\/strangercam.com\\\/\",\"name\":\"Strangercam\",\"description\":\"Random Video Chat with Strangers\",\"publisher\":{\"@id\":\"https:\\\/\\\/strangercam.com\\\/#organization\"},\"alternateName\":\"Strangercam.com\",\"potentialAction\":[{\"@type\":\"SearchAction\",\"target\":{\"@type\":\"EntryPoint\",\"urlTemplate\":\"https:\\\/\\\/strangercam.com\\\/?s={search_term_string}\"},\"query-input\":{\"@type\":\"PropertyValueSpecification\",\"valueRequired\":true,\"valueName\":\"search_term_string\"}}],\"inLanguage\":\"sv-SE\"},{\"@type\":\"Organization\",\"@id\":\"https:\\\/\\\/strangercam.com\\\/#organization\",\"name\":\"Strangercam\",\"alternateName\":\"Strangercam.com\",\"url\":\"https:\\\/\\\/strangercam.com\\\/\",\"logo\":{\"@type\":\"ImageObject\",\"inLanguage\":\"sv-SE\",\"@id\":\"https:\\\/\\\/strangercam.com\\\/#\\\/schema\\\/logo\\\/image\\\/\",\"url\":\"https:\\\/\\\/strangercam.com\\\/wp-content\\\/uploads\\\/2020\\\/11\\\/cropped-new-favicon-black.png\",\"contentUrl\":\"https:\\\/\\\/strangercam.com\\\/wp-content\\\/uploads\\\/2020\\\/11\\\/cropped-new-favicon-black.png\",\"width\":512,\"height\":512,\"caption\":\"Strangercam\"},\"image\":{\"@id\":\"https:\\\/\\\/strangercam.com\\\/#\\\/schema\\\/logo\\\/image\\\/\"},\"sameAs\":[\"https:\\\/\\\/www.facebook.com\\\/strangercam\",\"https:\\\/\\\/x.com\\\/strangercamapp\"]}]}<\/script>\n<!-- \/ Yoast SEO plugin. -->","yoast_head_json":{"title":"Cam Dating med videochatt p\u00e5 Strangercam.com","description":"Gillar du Cam Dating? Join miljoner p\u00e5 StrangerCam.com! Starta en slumpm\u00e4ssig videochatt, sl\u00e5 p\u00e5 din kamera och tr\u00e4ffa fr\u00e4mlingar direkt.","robots":{"index":"index","follow":"follow","max-snippet":"max-snippet:-1","max-image-preview":"max-image-preview:large","max-video-preview":"max-video-preview:-1"},"canonical":"https:\/\/strangercam.com\/sv\/cam-dating\/","og_locale":"sv_SE","og_type":"article","og_title":"Cam Dating with Video Chat on Strangercam.com","og_description":"Liking Cam Dating? Join millions on StrangerCam.com! Start a random video chat, turn on your cam, and meet strangers instantly.","og_url":"https:\/\/strangercam.com\/sv\/cam-dating\/","og_site_name":"Strangercam","article_publisher":"https:\/\/www.facebook.com\/strangercam","article_modified_time":"2025-09-08T08:12:00+00:00","og_image":[{"width":800,"height":532,"url":"https:\/\/strangercam.com\/wp-content\/uploads\/2021\/10\/Untitled-2.png","type":"image\/png"}],"twitter_card":"summary_large_image","twitter_site":"@strangercamapp","twitter_misc":{"Ber\u00e4knad l\u00e4stid":"4 minuter"},"schema":{"@context":"https:\/\/schema.org","@graph":[{"@type":"WebPage","@id":"https:\/\/strangercam.com\/cam-dating\/","url":"https:\/\/strangercam.com\/cam-dating\/","name":"Cam Dating med videochatt p\u00e5 Strangercam.com","isPartOf":{"@id":"https:\/\/strangercam.com\/#website"},"datePublished":"2025-09-08T06:04:51+00:00","dateModified":"2025-09-08T08:12:00+00:00","description":"Gillar du Cam Dating? Join miljoner p\u00e5 StrangerCam.com! Starta en slumpm\u00e4ssig videochatt, sl\u00e5 p\u00e5 din kamera och tr\u00e4ffa fr\u00e4mlingar direkt.","breadcrumb":{"@id":"https:\/\/strangercam.com\/cam-dating\/#breadcrumb"},"inLanguage":"sv-SE","potentialAction":[{"@type":"ReadAction","target":["https:\/\/strangercam.com\/cam-dating\/"]}]},{"@type":"BreadcrumbList","@id":"https:\/\/strangercam.com\/cam-dating\/#breadcrumb","itemListElement":[{"@type":"ListItem","position":1,"name":"Home","item":"https:\/\/strangercam.com\/"},{"@type":"ListItem","position":2,"name":"Cam Dating"}]},{"@type":"WebSite","@id":"https:\/\/strangercam.com\/#website","url":"https:\/\/strangercam.com\/","name":"Strangercam","description":"Slumpm\u00e4ssig videochatt med fr\u00e4mlingar","publisher":{"@id":"https:\/\/strangercam.com\/#organization"},"alternateName":"Strangercam.com","potentialAction":[{"@type":"SearchAction","target":{"@type":"EntryPoint","urlTemplate":"https:\/\/strangercam.com\/?s={search_term_string}"},"query-input":{"@type":"PropertyValueSpecification","valueRequired":true,"valueName":"search_term_string"}}],"inLanguage":"sv-SE"},{"@type":"Organization","@id":"https:\/\/strangercam.com\/#organization","name":"Strangercam","alternateName":"Strangercam.com","url":"https:\/\/strangercam.com\/","logo":{"@type":"ImageObject","inLanguage":"sv-SE","@id":"https:\/\/strangercam.com\/#\/schema\/logo\/image\/","url":"https:\/\/strangercam.com\/wp-content\/uploads\/2020\/11\/cropped-new-favicon-black.png","contentUrl":"https:\/\/strangercam.com\/wp-content\/uploads\/2020\/11\/cropped-new-favicon-black.png","width":512,"height":512,"caption":"Strangercam"},"image":{"@id":"https:\/\/strangercam.com\/#\/schema\/logo\/image\/"},"sameAs":["https:\/\/www.facebook.com\/strangercam","https:\/\/x.com\/strangercamapp"]}]}},"_links":{"self":[{"href":"https:\/\/strangercam.com\/sv\/wp-json\/wp\/v2\/pages\/4141","targetHints":{"allow":["GET"]}}],"collection":[{"href":"https:\/\/strangercam.com\/sv\/wp-json\/wp\/v2\/pages"}],"about":[{"href":"https:\/\/strangercam.com\/sv\/wp-json\/wp\/v2\/types\/page"}],"author":[{"embeddable":true,"href":"https:\/\/strangercam.com\/sv\/wp-json\/wp\/v2\/users\/8"}],"replies":[{"embeddable":true,"href":"https:\/\/strangercam.com\/sv\/wp-json\/wp\/v2\/comments?post=4141"}],"version-history":[{"count":2,"href":"https:\/\/strangercam.com\/sv\/wp-json\/wp\/v2\/pages\/4141\/revisions"}],"predecessor-version":[{"id":13014,"href":"https:\/\/strangercam.com\/sv\/wp-json\/wp\/v2\/pages\/4141\/revisions\/13014"}],"wp:attachment":[{"href":"https:\/\/strangercam.com\/sv\/wp-json\/wp\/v2\/media?parent=4141"}],"curies":[{"name":"wp","href":"https:\/\/api.w.org\/{rel}","templated":true}]}}