{"id":4124,"date":"2025-09-08T08:02:09","date_gmt":"2025-09-08T06:02:09","guid":{"rendered":"https:\/\/strangercam.com\/?page_id=4124"},"modified":"2025-09-08T10:06:04","modified_gmt":"2025-09-08T08:06:04","slug":"cam-med-framlingar","status":"publish","type":"page","link":"https:\/\/strangercam.com\/sv\/cam-with-strangers\/","title":{"rendered":"Cam med fr\u00e4mlingar"},"content":{"rendered":"<p>Letar du efter det b\u00e4sta s\u00e4ttet att <a href=\"https:\/\/strangercam.com\/sv\/bazoocam\/\">kam<\/a> med fr\u00e4mlingar? Du \u00e4r inte ensam om det. Miljontals m\u00e4nniskor varje m\u00e5nad s\u00f6ker efter s\u00e4tt att f\u00e5 omedelbar kontakt med nya m\u00e4nniskor online genom live videochatt. Till skillnad fr\u00e5n sociala n\u00e4tverk eller dejtingappar som kr\u00e4ver profiler, registreringar eller o\u00e4ndliga swipningar, handlar cam with strangers om spontanitet: du s\u00e4tter p\u00e5 din webbkamera, trycker p\u00e5 start och inom n\u00e5gra sekunder st\u00e5r du ansikte mot ansikte med n\u00e5gon ny.<\/p>\n<p>\u00c5r 2025 g\u00f6r plattformar som StrangerCam det enkelt att chatta med fr\u00e4mlingar gratis - ingen registrering, inga nedladdningar och inga dolda avgifter. Oavsett om du vill f\u00e5 v\u00e4nner, njuta av avslappnade konversationer, flirta lite eller bara f\u00f6rdriva tiden, \u00e4r slumpm\u00e4ssig webbkamerachatt ett av de roligaste och mest autentiska s\u00e4tten att f\u00e5 kontakt online.<\/p>\n<p>Den h\u00e4r guiden f\u00f6rklarar allt du beh\u00f6ver veta: vad det inneb\u00e4r att filma med fr\u00e4mlingar, varf\u00f6r det \u00e4r s\u00e5 popul\u00e4rt, hur det fungerar, vilka funktioner du ska leta efter, j\u00e4mf\u00f6relser av de b\u00e4sta plattformarna, s\u00e4kerhetstips och varf\u00f6r StrangerCam \u00e4r det b\u00e4sta valet i \u00e5r.<\/p>\n<h2>Vad inneb\u00e4r det att Cam med fr\u00e4mlingar?<\/h2>\n<p>Att chatta med fr\u00e4mlingar inneb\u00e4r att du f\u00e5r direktkontakt med slumpm\u00e4ssiga personer online med hj\u00e4lp av live videochatt. Med din webbkamera och mikrofon kan du se och prata med varandra i realtid, vilket g\u00f6r upplevelsen mycket mer autentisk \u00e4n textchatt.<\/p>\n<p>Processen \u00e4r enkel: klicka p\u00e5 en knapp, till\u00e5t din kamera och du matchas med en fr\u00e4mling. Om konversationen inte passar bra \u00e4r det bara att trycka p\u00e5 N\u00e4sta f\u00f6r att g\u00e5 vidare till n\u00e4sta chatt.<\/p>\n<h2>Varf\u00f6r m\u00e4nniskor \u00e4lskar gratis cam med fr\u00e4mlingar<\/h2>\n<p>\u00d6verklagandet av <a href=\"https:\/\/strangercam.com\/sv\/cam-to-cam-chat\/\">gratis kamera<\/a> med fr\u00e4mlingar \u00e4r l\u00e4tt att f\u00f6rst\u00e5:<\/p>\n<ul>\n<li>Spontanitet: Varje chatt \u00e4r en \u00f6verraskning - man vet aldrig vem som st\u00e5r p\u00e5 tur.<\/li>\n<li>Autenticitet: Video s\u00e4kerst\u00e4ller att du pratar med riktiga m\u00e4nniskor, inte robotar.<\/li>\n<li>Inga registreringar eller \u00e5taganden: Bara klicka och chatta direkt.<\/li>\n<li>Globala anslutningar: Tr\u00e4ffa fr\u00e4mlingar fr\u00e5n hela v\u00e4rlden 24\/7.<\/li>\n<li>Roliga och flirtiga vibbar: Vissa anv\u00e4nder det f\u00f6r att f\u00e5 v\u00e4nner; andra tycker om avslappnad flirt.<\/li>\n<li>Omedelbar flykt fr\u00e5n tristess: Perfekt f\u00f6r att f\u00f6rdriva tiden och f\u00e5 ig\u00e5ng nya samtal.<\/li>\n<\/ul>\n<h2>Hur fungerar Cam With Strangers?<\/h2>\n<p>Det g\u00e5r snabbt och enkelt att komma ig\u00e5ng:<\/p>\n<ol>\n<li>\u00d6ppna en plattform som StrangerCam i din webbl\u00e4sare eller telefon.<\/li>\n<li>Till\u00e5t \u00e5tkomst till din webbkamera och mikrofon.<\/li>\n<li>Klicka p\u00e5 \"Starta chatt\".<\/li>\n<li>Prata ansikte mot ansikte med en slumpm\u00e4ssig fr\u00e4mling.<\/li>\n<li>Tryck p\u00e5 \"N\u00e4sta\" n\u00e4r du vill tr\u00e4ffa n\u00e5gon ny.<\/li>\n<\/ol>\n<p>Vissa plattformar l\u00e5ter dig ocks\u00e5 filtrera efter k\u00f6n, plats eller till och med anv\u00e4nda \u00f6vers\u00e4ttningsverktyg f\u00f6r internationella konversationer.<\/p>\n<h2>De b\u00e4sta egenskaperna att leta efter<\/h2>\n<p>Inte alla cam-chattplattformar \u00e4r lika. Om du vill ha den b\u00e4sta cam med fr\u00e4mlingar erfarenhet, leta efter dessa funktioner:<\/p>\n<h3>1. Verkligt fri tillg\u00e5ng<\/h3>\n<p>Undvik webbplatser som p\u00e5st\u00e5r att de \u00e4r gratis men som begr\u00e4nsar viktiga funktioner bakom betalv\u00e4ggar.<\/p>\n<h3>2. Ingen registrering kr\u00e4vs<\/h3>\n<p>De b\u00e4sta plattformarna l\u00e5ter dig vara anonym och b\u00f6rja chatta direkt.<\/p>\n<h3>3. Filter f\u00f6r k\u00f6n och plats<\/h3>\n<p>Anv\u00e4ndbart f\u00f6r att matcha med den typ av m\u00e4nniskor du \u00e4r intresserad av.<\/p>\n<h3>4. S\u00e4ker m\u00e5ttfullhet<\/h3>\n<p>Bra plattformar har starka rapporteringssystem och moderatorer som tar bort botar och ol\u00e4mpliga anv\u00e4ndare.<\/p>\n<h3>5. Mobilanpassad design<\/h3>\n<p>Du ska enkelt kunna kommunicera med fr\u00e4mlingar p\u00e5 b\u00e5de datorer och smartphones.<\/p>\n<h3>6. Video och ljud av h\u00f6g kvalitet<\/h3>\n<p>Smidiga anslutningar g\u00f6r samtalen naturliga och behagliga.<\/p>\n<h2>B\u00e4sta plattformarna f\u00f6r att umg\u00e5s med fr\u00e4mlingar 2025<\/h2>\n<p>H\u00e4r \u00e4r en j\u00e4mf\u00f6relse av de mest popul\u00e4ra webbplatserna d\u00e4r du kan cam med fr\u00e4mlingar:<\/p>\n<table>\n<thead>\n<tr>\n<th>Plattform<\/th>\n<th align=\"center\">Fri tillg\u00e5ng<\/th>\n<th align=\"center\">Genusfilter<\/th>\n<th align=\"center\">Anm\u00e4lan kr\u00e4vs<\/th>\n<th align=\"center\">Mobilt st\u00f6d<\/th>\n<th align=\"center\">Moderering<\/th>\n<th>Anteckningar<\/th>\n<\/tr>\n<\/thead>\n<tbody>\n<tr>\n<td>StrangerCam<\/td>\n<td align=\"center\">\u2705<\/td>\n<td align=\"center\">\u2705 (gratis)<\/td>\n<td align=\"center\">\u274c<\/td>\n<td align=\"center\">\u2705<\/td>\n<td align=\"center\">\u2705<\/td>\n<td>B\u00e4sta \u00f6vergripande val, helt fritt<\/td>\n<\/tr>\n<tr>\n<td><a href=\"https:\/\/strangercam.com\/sv\/chatroulette\/\">Chatroulette<\/a><\/td>\n<td align=\"center\">\u2705<\/td>\n<td align=\"center\">\u274c (Betald)<\/td>\n<td align=\"center\">\u274c<\/td>\n<td align=\"center\">\u2705<\/td>\n<td align=\"center\">\u2705<\/td>\n<td>Klassisk plattform, filterkostnad<\/td>\n<\/tr>\n<tr>\n<td>Chatrandom<\/td>\n<td align=\"center\">\u2705<\/td>\n<td align=\"center\">\u274c (Betald)<\/td>\n<td align=\"center\">\u274c<\/td>\n<td align=\"center\">\u2705<\/td>\n<td align=\"center\">\u2705<\/td>\n<td>Popul\u00e4r, men kr\u00e4ver uppgraderingar<\/td>\n<\/tr>\n<tr>\n<td><a href=\"https:\/\/strangercam.com\/sv\/ometv\/\">OmeTV<\/a><\/td>\n<td align=\"center\">\u2705<\/td>\n<td align=\"center\">\u274c<\/td>\n<td align=\"center\">\u274c<\/td>\n<td align=\"center\">\u2705<\/td>\n<td align=\"center\">\u2705<\/td>\n<td>App-baserad, slumpm\u00e4ssig matchning<\/td>\n<\/tr>\n<tr>\n<td>Shagle<\/td>\n<td align=\"center\">\u2705<\/td>\n<td align=\"center\">\u274c (Betald)<\/td>\n<td align=\"center\">\u274c<\/td>\n<td align=\"center\">\u2705<\/td>\n<td align=\"center\">\u2705<\/td>\n<td>Gratis intr\u00e4de, premiumuppgraderingar<\/td>\n<\/tr>\n<tr>\n<td><a href=\"https:\/\/strangercam.com\/sv\/coomeet\/\">CooMeet<\/a><\/td>\n<td align=\"center\">\u274c (provperiod)<\/td>\n<td align=\"center\">\u2705<\/td>\n<td align=\"center\">\u2705<\/td>\n<td align=\"center\">\u2705<\/td>\n<td align=\"center\">\u2705<\/td>\n<td>Betalas efter kort gratis provperiod<\/td>\n<\/tr>\n<tr>\n<td>LuckyCrush<\/td>\n<td align=\"center\">\u274c<\/td>\n<td align=\"center\">\u2705<\/td>\n<td align=\"center\">\u2705<\/td>\n<td align=\"center\">\u2705<\/td>\n<td align=\"center\">\u2705<\/td>\n<td>Alltid betald, k\u00f6nsbaserad chatt<\/td>\n<\/tr>\n<\/tbody>\n<\/table>\n<p>Bland dessa \u00e4r StrangerCam en av f\u00e5 plattformar som erbjuder gratis cam med fr\u00e4mlingar med ett riktigt k\u00f6nsfilter och ingen registrering kr\u00e4vs.<\/p>\n<h2>Varf\u00f6r StrangerCam \u00e4r det b\u00e4sta valet<\/h2>\n<p>H\u00e4r \u00e4r varf\u00f6r StrangerCam \u00e4r den b\u00e4sta plattformen f\u00f6r camming med fr\u00e4mlingar 2025:<\/p>\n<h3>1. Helt gratis och obegr\u00e4nsat<\/h3>\n<p>Inga dolda kostnader, krediter eller tidsbegr\u00e4nsningar.<\/p>\n<h3>2. Fritt k\u00f6nsfilter<\/h3>\n<p>V\u00e4lj killar, tjejer eller b\u00e5da - utan betalv\u00e4ggar.<\/p>\n<h3>3. Ingen registrering kr\u00e4vs<\/h3>\n<p>H\u00e5ll dig anonym och b\u00f6rja chatta direkt.<\/p>\n<h3>4. S\u00e4kert och modererat<\/h3>\n<p>Aktiv moderering och rapporteringsfunktioner h\u00e5ller plattformen ren.<\/p>\n<h3>5. Global anv\u00e4ndarbas<\/h3>\n<p>Tr\u00e4ffa fr\u00e4mlingar fr\u00e5n \u00f6ver 100 l\u00e4nder n\u00e4r som helst.<\/p>\n<h3>6. Optimerad f\u00f6r alla enheter<\/h3>\n<p>Fungerar smidigt p\u00e5 datorer, surfplattor och mobiltelefoner.<\/p>\n<h2>Verkliga vittnesm\u00e5l fr\u00e5n anv\u00e4ndare<\/h2>\n<blockquote><p><em>\"Jag letade efter ett s\u00e4tt att campa med fr\u00e4mlingar gratis, och StrangerCam var den enda webbplatsen som inte tvingade mig att betala.\"<\/em><br \/>\n- Liam, 26 \u00e5r<\/p><\/blockquote>\n<blockquote><p><em>\"K\u00f6nsfiltret \u00e4r gratis och fungerar utm\u00e4rkt, vilket \u00e4r ovanligt f\u00f6r den h\u00e4r typen av webbplatser.\"<\/em><br \/>\n- Sophia, 22 \u00e5r<\/p><\/blockquote>\n<blockquote><p><em>\"Jag fick kontakt med m\u00e4nniskor fr\u00e5n fyra olika kontinenter under en och samma kv\u00e4ll. Det \u00e4r beroendeframkallande.\"<\/em><br \/>\n- Ryan, 30 \u00e5r<\/p><\/blockquote>\n<blockquote><p><em>\"Det k\u00e4nns s\u00e4krare \u00e4n andra sajter jag har testat, tack vare modereringsverktygen.\"<\/em><br \/>\n- Emma, 20 \u00e5r<\/p><\/blockquote>\n<h2>S\u00e4kerhetstips f\u00f6r att camma med fr\u00e4mlingar<\/h2>\n<p>Det \u00e4r roligt att chatta, men t\u00e4nk alltid p\u00e5 s\u00e4kerheten:<\/p>\n<ul>\n<li>L\u00e4mna aldrig ut personuppgifter (telefon, e-post, adress).<\/li>\n<li>Klicka inte p\u00e5 misst\u00e4nkta l\u00e4nkar som skickas av ok\u00e4nda personer.<\/li>\n<li>Anv\u00e4nd \"N\u00e4sta\" fritt om du k\u00e4nner dig obekv\u00e4m.<\/li>\n<li>Kontrollera din bakgrund innan du s\u00e4tter p\u00e5 webbkameran.<\/li>\n<li>Anv\u00e4nd rapporteringsverktyg f\u00f6r att blockera eller rapportera d\u00e5liga anv\u00e4ndare.<\/li>\n<li>Respektera \u00e5ldersgr\u00e4nser - om du \u00e4r under 18 \u00e5r ska du inte anv\u00e4nda chattwebbplatser f\u00f6r vuxna.<\/li>\n<\/ul>\n<h2>S\u00e5 h\u00e4r kommer du ig\u00e5ng - steg f\u00f6r steg<\/h2>\n<p>Det tar bara n\u00e5gra sekunder att b\u00f6rja camming med fr\u00e4mlingar:<\/p>\n<ol>\n<li>\u00d6ppna StrangerCam p\u00e5 din enhet.<\/li>\n<li>Till\u00e5t \u00e5tkomst till webbkamera och mikrofon.<\/li>\n<li>V\u00e4lj preferenser (t.ex. k\u00f6nsfilter).<\/li>\n<li>Klicka p\u00e5 Starta chatt f\u00f6r att ansluta direkt.<\/li>\n<li>Tryck p\u00e5 N\u00e4sta n\u00e4r som helst f\u00f6r att tr\u00e4ffa n\u00e5gon ny.<\/li>\n<\/ol>\n<p>Snabbt, enkelt och 100% gratis.<\/p>\n<p>\u00c5r 2025 \u00e4r ett av de enklaste och roligaste s\u00e4tten att tr\u00e4ffa nya m\u00e4nniskor online att campa med fr\u00e4mlingar. Det \u00e4r spontant, autentiskt och ger dig omedelbara kontakter med riktiga m\u00e4nniskor \u00f6ver hela v\u00e4rlden.<\/p>\n<p>Inte alla plattformar levererar, men m\u00e5nga d\u00f6ljer filter bakom betalv\u00e4ggar eller \u00e4r fulla av bots. Det \u00e4r d\u00e4rf\u00f6r StrangerCam \u00e4r det b\u00e4sta valet: det \u00e4r gratis, s\u00e4kert, anonymt och alltid fullt av anv\u00e4ndare som \u00e4r redo att chatta.<\/p>\n<p>\u00c4r du redo att prova? Starta en gratis cam med fr\u00e4mlingar idag och se vem du tr\u00e4ffar n\u00e4sta g\u00e5ng.<\/p>","protected":false},"excerpt":{"rendered":"<p>Are you looking for the best way to cam with strangers? You\u2019re not alone. Millions of people every month search for ways to connect instantly with new people online through live video chat. Unlike social networks or dating apps that require profiles, signups, or endless swiping, cam with strangers is about spontaneity: you turn on [&hellip;]<\/p>\n","protected":false},"author":8,"featured_media":0,"parent":0,"menu_order":0,"comment_status":"closed","ping_status":"closed","template":"","meta":{"footnotes":""},"class_list":["post-4124","page","type-page","status-publish","hentry"],"yoast_head":"<!-- This site is optimized with the Yoast SEO plugin v27.4 - https:\/\/yoast.com\/product\/yoast-seo-wordpress\/ -->\n<title>Cam With Strangers with Video Chat on Strangercam.com<\/title>\n<meta name=\"description\" content=\"Liking Cam With Strangers? Join millions on StrangerCam.com! Start a random video chat, turn on your cam, and meet strangers instantly.\" \/>\n<meta name=\"robots\" content=\"index, follow, max-snippet:-1, max-image-preview:large, max-video-preview:-1\" \/>\n<link rel=\"canonical\" href=\"https:\/\/strangercam.com\/sv\/cam-med-framlingar\/\" \/>\n<meta property=\"og:locale\" content=\"sv_SE\" \/>\n<meta property=\"og:type\" content=\"article\" \/>\n<meta property=\"og:title\" content=\"Cam With Strangers with Video Chat on Strangercam.com\" \/>\n<meta property=\"og:description\" content=\"Liking Cam With Strangers? Join millions on StrangerCam.com! Start a random video chat, turn on your cam, and meet strangers instantly.\" \/>\n<meta property=\"og:url\" content=\"https:\/\/strangercam.com\/sv\/cam-med-framlingar\/\" \/>\n<meta property=\"og:site_name\" content=\"Strangercam\" \/>\n<meta property=\"article:publisher\" content=\"https:\/\/www.facebook.com\/strangercam\" \/>\n<meta property=\"article:modified_time\" content=\"2025-09-08T08:06:04+00:00\" \/>\n<meta property=\"og:image\" content=\"https:\/\/strangercam.com\/wp-content\/uploads\/2021\/10\/Untitled-2.png\" \/>\n\t<meta property=\"og:image:width\" content=\"800\" \/>\n\t<meta property=\"og:image:height\" content=\"532\" \/>\n\t<meta property=\"og:image:type\" content=\"image\/png\" \/>\n<meta name=\"twitter:card\" content=\"summary_large_image\" \/>\n<meta name=\"twitter:site\" content=\"@strangercamapp\" \/>\n<meta name=\"twitter:label1\" content=\"Ber\u00e4knad l\u00e4stid\" \/>\n\t<meta name=\"twitter:data1\" content=\"5 minuter\" \/>\n<script type=\"application\/ld+json\" class=\"yoast-schema-graph\">{\"@context\":\"https:\\\/\\\/schema.org\",\"@graph\":[{\"@type\":\"WebPage\",\"@id\":\"https:\\\/\\\/strangercam.com\\\/cam-with-strangers\\\/\",\"url\":\"https:\\\/\\\/strangercam.com\\\/cam-with-strangers\\\/\",\"name\":\"Cam With Strangers with Video Chat on Strangercam.com\",\"isPartOf\":{\"@id\":\"https:\\\/\\\/strangercam.com\\\/#website\"},\"datePublished\":\"2025-09-08T06:02:09+00:00\",\"dateModified\":\"2025-09-08T08:06:04+00:00\",\"description\":\"Liking Cam With Strangers? Join millions on StrangerCam.com! Start a random video chat, turn on your cam, and meet strangers instantly.\",\"breadcrumb\":{\"@id\":\"https:\\\/\\\/strangercam.com\\\/cam-with-strangers\\\/#breadcrumb\"},\"inLanguage\":\"sv-SE\",\"potentialAction\":[{\"@type\":\"ReadAction\",\"target\":[\"https:\\\/\\\/strangercam.com\\\/cam-with-strangers\\\/\"]}]},{\"@type\":\"BreadcrumbList\",\"@id\":\"https:\\\/\\\/strangercam.com\\\/cam-with-strangers\\\/#breadcrumb\",\"itemListElement\":[{\"@type\":\"ListItem\",\"position\":1,\"name\":\"Home\",\"item\":\"https:\\\/\\\/strangercam.com\\\/\"},{\"@type\":\"ListItem\",\"position\":2,\"name\":\"Cam With Strangers\"}]},{\"@type\":\"WebSite\",\"@id\":\"https:\\\/\\\/strangercam.com\\\/#website\",\"url\":\"https:\\\/\\\/strangercam.com\\\/\",\"name\":\"Strangercam\",\"description\":\"Random Video Chat with Strangers\",\"publisher\":{\"@id\":\"https:\\\/\\\/strangercam.com\\\/#organization\"},\"alternateName\":\"Strangercam.com\",\"potentialAction\":[{\"@type\":\"SearchAction\",\"target\":{\"@type\":\"EntryPoint\",\"urlTemplate\":\"https:\\\/\\\/strangercam.com\\\/?s={search_term_string}\"},\"query-input\":{\"@type\":\"PropertyValueSpecification\",\"valueRequired\":true,\"valueName\":\"search_term_string\"}}],\"inLanguage\":\"sv-SE\"},{\"@type\":\"Organization\",\"@id\":\"https:\\\/\\\/strangercam.com\\\/#organization\",\"name\":\"Strangercam\",\"alternateName\":\"Strangercam.com\",\"url\":\"https:\\\/\\\/strangercam.com\\\/\",\"logo\":{\"@type\":\"ImageObject\",\"inLanguage\":\"sv-SE\",\"@id\":\"https:\\\/\\\/strangercam.com\\\/#\\\/schema\\\/logo\\\/image\\\/\",\"url\":\"https:\\\/\\\/strangercam.com\\\/wp-content\\\/uploads\\\/2020\\\/11\\\/cropped-new-favicon-black.png\",\"contentUrl\":\"https:\\\/\\\/strangercam.com\\\/wp-content\\\/uploads\\\/2020\\\/11\\\/cropped-new-favicon-black.png\",\"width\":512,\"height\":512,\"caption\":\"Strangercam\"},\"image\":{\"@id\":\"https:\\\/\\\/strangercam.com\\\/#\\\/schema\\\/logo\\\/image\\\/\"},\"sameAs\":[\"https:\\\/\\\/www.facebook.com\\\/strangercam\",\"https:\\\/\\\/x.com\\\/strangercamapp\"]}]}<\/script>\n<!-- \/ Yoast SEO plugin. -->","yoast_head_json":{"title":"Cam med fr\u00e4mlingar med videochatt p\u00e5 Strangercam.com","description":"Gillar du Cam med fr\u00e4mlingar? Join miljoner p\u00e5 StrangerCam.com! Starta en slumpm\u00e4ssig videochatt, sl\u00e5 p\u00e5 din cam och tr\u00e4ffa fr\u00e4mlingar direkt.","robots":{"index":"index","follow":"follow","max-snippet":"max-snippet:-1","max-image-preview":"max-image-preview:large","max-video-preview":"max-video-preview:-1"},"canonical":"https:\/\/strangercam.com\/sv\/cam-med-framlingar\/","og_locale":"sv_SE","og_type":"article","og_title":"Cam With Strangers with Video Chat on Strangercam.com","og_description":"Liking Cam With Strangers? Join millions on StrangerCam.com! Start a random video chat, turn on your cam, and meet strangers instantly.","og_url":"https:\/\/strangercam.com\/sv\/cam-med-framlingar\/","og_site_name":"Strangercam","article_publisher":"https:\/\/www.facebook.com\/strangercam","article_modified_time":"2025-09-08T08:06:04+00:00","og_image":[{"width":800,"height":532,"url":"https:\/\/strangercam.com\/wp-content\/uploads\/2021\/10\/Untitled-2.png","type":"image\/png"}],"twitter_card":"summary_large_image","twitter_site":"@strangercamapp","twitter_misc":{"Ber\u00e4knad l\u00e4stid":"5 minuter"},"schema":{"@context":"https:\/\/schema.org","@graph":[{"@type":"WebPage","@id":"https:\/\/strangercam.com\/cam-with-strangers\/","url":"https:\/\/strangercam.com\/cam-with-strangers\/","name":"Cam med fr\u00e4mlingar med videochatt p\u00e5 Strangercam.com","isPartOf":{"@id":"https:\/\/strangercam.com\/#website"},"datePublished":"2025-09-08T06:02:09+00:00","dateModified":"2025-09-08T08:06:04+00:00","description":"Gillar du Cam med fr\u00e4mlingar? Join miljoner p\u00e5 StrangerCam.com! Starta en slumpm\u00e4ssig videochatt, sl\u00e5 p\u00e5 din cam och tr\u00e4ffa fr\u00e4mlingar direkt.","breadcrumb":{"@id":"https:\/\/strangercam.com\/cam-with-strangers\/#breadcrumb"},"inLanguage":"sv-SE","potentialAction":[{"@type":"ReadAction","target":["https:\/\/strangercam.com\/cam-with-strangers\/"]}]},{"@type":"BreadcrumbList","@id":"https:\/\/strangercam.com\/cam-with-strangers\/#breadcrumb","itemListElement":[{"@type":"ListItem","position":1,"name":"Home","item":"https:\/\/strangercam.com\/"},{"@type":"ListItem","position":2,"name":"Cam With Strangers"}]},{"@type":"WebSite","@id":"https:\/\/strangercam.com\/#website","url":"https:\/\/strangercam.com\/","name":"Strangercam","description":"Slumpm\u00e4ssig videochatt med fr\u00e4mlingar","publisher":{"@id":"https:\/\/strangercam.com\/#organization"},"alternateName":"Strangercam.com","potentialAction":[{"@type":"SearchAction","target":{"@type":"EntryPoint","urlTemplate":"https:\/\/strangercam.com\/?s={search_term_string}"},"query-input":{"@type":"PropertyValueSpecification","valueRequired":true,"valueName":"search_term_string"}}],"inLanguage":"sv-SE"},{"@type":"Organization","@id":"https:\/\/strangercam.com\/#organization","name":"Strangercam","alternateName":"Strangercam.com","url":"https:\/\/strangercam.com\/","logo":{"@type":"ImageObject","inLanguage":"sv-SE","@id":"https:\/\/strangercam.com\/#\/schema\/logo\/image\/","url":"https:\/\/strangercam.com\/wp-content\/uploads\/2020\/11\/cropped-new-favicon-black.png","contentUrl":"https:\/\/strangercam.com\/wp-content\/uploads\/2020\/11\/cropped-new-favicon-black.png","width":512,"height":512,"caption":"Strangercam"},"image":{"@id":"https:\/\/strangercam.com\/#\/schema\/logo\/image\/"},"sameAs":["https:\/\/www.facebook.com\/strangercam","https:\/\/x.com\/strangercamapp"]}]}},"_links":{"self":[{"href":"https:\/\/strangercam.com\/sv\/wp-json\/wp\/v2\/pages\/4124","targetHints":{"allow":["GET"]}}],"collection":[{"href":"https:\/\/strangercam.com\/sv\/wp-json\/wp\/v2\/pages"}],"about":[{"href":"https:\/\/strangercam.com\/sv\/wp-json\/wp\/v2\/types\/page"}],"author":[{"embeddable":true,"href":"https:\/\/strangercam.com\/sv\/wp-json\/wp\/v2\/users\/8"}],"replies":[{"embeddable":true,"href":"https:\/\/strangercam.com\/sv\/wp-json\/wp\/v2\/comments?post=4124"}],"version-history":[{"count":2,"href":"https:\/\/strangercam.com\/sv\/wp-json\/wp\/v2\/pages\/4124\/revisions"}],"predecessor-version":[{"id":13013,"href":"https:\/\/strangercam.com\/sv\/wp-json\/wp\/v2\/pages\/4124\/revisions\/13013"}],"wp:attachment":[{"href":"https:\/\/strangercam.com\/sv\/wp-json\/wp\/v2\/media?parent=4124"}],"curies":[{"name":"wp","href":"https:\/\/api.w.org\/{rel}","templated":true}]}}