{"id":4107,"date":"2025-09-08T08:58:53","date_gmt":"2025-09-08T06:58:53","guid":{"rendered":"https:\/\/strangercam.com\/?page_id=4107"},"modified":"2025-09-08T10:03:26","modified_gmt":"2025-09-08T08:03:26","slug":"en-mot-en-kamera","status":"publish","type":"page","link":"https:\/\/strangercam.com\/sv\/one-on-one-cam\/","title":{"rendered":"En p\u00e5 en-kamera"},"content":{"rendered":"<p>Letar du efter det b\u00e4sta alternativet f\u00f6r en och en <a href=\"https:\/\/strangercam.com\/sv\/bazoocam\/\">kam<\/a> erfarenhet? Du \u00e4r inte ensam om det. Miljontals m\u00e4nniskor runt om i v\u00e4rlden f\u00f6redrar privata chattar ansikte mot ansikte ist\u00e4llet f\u00f6r bullriga grupprum eller \u00f6verfulla sociala n\u00e4tverk. Med one on one cam f\u00e5r du direkta, personliga konversationer med fr\u00e4mlingar eller nya v\u00e4nner - bara du och en annan person p\u00e5 video, utan distraktioner.<\/p>\n<p>\u00c5r 2025 g\u00f6r plattformar som StrangerCam det m\u00f6jligt att njuta av gratis en till en <a href=\"https:\/\/strangercam.com\/sv\/cam-to-cam-chat\/\">kam chatt<\/a> direkt - ingen registrering, inga nedladdningar och inga dolda avgifter. Oavsett om du letar efter v\u00e4nskap, avslappnat n\u00f6je, flirt eller helt enkelt en meningsfull konversation, ger en p\u00e5 en cam dig den integritet och spontanitet som gruppchattar eller dejtingappar inte kan.<\/p>\n<p>Den h\u00e4r guiden kommer att f\u00f6rklara allt du beh\u00f6ver veta: vad en p\u00e5 en cam \u00e4r, varf\u00f6r m\u00e4nniskor \u00e4lskar det, hur det fungerar, de viktigaste funktionerna, plattformsj\u00e4mf\u00f6relser, s\u00e4kerhetstips och varf\u00f6r StrangerCam \u00e4r en av de b\u00e4sta platserna f\u00f6r en p\u00e5 en cam-chatt 2025.<\/p>\n<h2>Vad \u00e4r One on One Cam?<\/h2>\n<p>One on one cam \u00e4r en privat live videochatt d\u00e4r du \u00e4r direkt ansluten till bara en annan person via webbkamera och mikrofon. Till skillnad fr\u00e5n gruppchattrum eller textbaserad chatt \u00e4r upplevelsen mer personlig och fokuserad.<\/p>\n<p>Id\u00e9n \u00e4r enkel: tryck p\u00e5 en knapp, aktivera din webbkamera och inom n\u00e5gra sekunder \u00e4r du i ett privat videosamtal ansikte mot ansikte med en fr\u00e4mling. Om konversationen inte klickar, tryck p\u00e5 N\u00e4sta och du kommer att kopplas till n\u00e5gon ny.<\/p>\n<h2>Varf\u00f6r m\u00e4nniskor \u00e4lskar gratis en p\u00e5 en Cam Chat<\/h2>\n<p>Populariteten f\u00f6r gratis en p\u00e5 en-kamera har \u00f6kat eftersom den erbjuder n\u00e5got unikt:<\/p>\n<ul>\n<li>Privatlivets helgd: Samtalen sker p\u00e5 tu man hand, inte i en fullsatt grupp.<\/li>\n<li>Autenticitet: Videochatt s\u00e4kerst\u00e4ller att du pratar med en riktig person, inte en bot.<\/li>\n<li>Spontanitet: Varje ny chatt \u00e4r en \u00f6verraskning.<\/li>\n<li>Inga distraktioner: Ingen \u00f6vervakning av folkmassan - bara du och en annan person.<\/li>\n<li>V\u00e4nskap och flirt: Perfekt f\u00f6r att skaffa v\u00e4nner, dela med sig av historier eller ha kul.<\/li>\n<li>Omedelbar \u00e5tkomst: Inga profiler, biografier eller l\u00e5nga registreringar - bara klicka och anslut.<\/li>\n<\/ul>\n<h2>Hur fungerar One on One Cam?<\/h2>\n<p>Processen \u00e4r enkel och nyb\u00f6rjarv\u00e4nlig:<\/p>\n<ol>\n<li>\u00d6ppna plattformen (station\u00e4r eller mobil).<\/li>\n<li>Till\u00e5t \u00e5tkomst till kamera och mikrofon.<\/li>\n<li>Klicka p\u00e5 \"Starta chatt\".<\/li>\n<li>F\u00e5 omedelbar kontakt med en person i en privat cam-session.<\/li>\n<li>Tryck p\u00e5 \"N\u00e4sta\" f\u00f6r att g\u00e5 vidare n\u00e4r du vill.<\/li>\n<\/ol>\n<p>Vissa plattformar erbjuder ocks\u00e5 k\u00f6nsfilter, landval eller till och med verktyg f\u00f6r automatisk \u00f6vers\u00e4ttning f\u00f6r internationella anslutningar.<\/p>\n<h2>De b\u00e4sta egenskaperna att leta efter<\/h2>\n<p>N\u00e4r du v\u00e4ljer en cam-plattform f\u00f6r en och en cam ska du titta efter dessa viktiga funktioner:<\/p>\n<h3>1. Verkligt fri tillg\u00e5ng<\/h3>\n<p>Undvik plattformar som marknadsf\u00f6r sig som \"gratis\" men som blockerar viktiga funktioner bakom betalv\u00e4ggar.<\/p>\n<h3>2. Ingen registrering beh\u00f6vs<\/h3>\n<p>H\u00e5ll dig anonym - ingen registrering b\u00f6r kr\u00e4vas.<\/p>\n<h3>3. Filter f\u00f6r k\u00f6n och plats<\/h3>\n<p>Hj\u00e4lpsamt f\u00f6r att hitta den typ av person du vill chatta med.<\/p>\n<h3>4. Privat och s\u00e4kert<\/h3>\n<p>Se till att plattformen erbjuder moderering och verktyg f\u00f6r blockering\/rapportering.<\/p>\n<h3>5. Mobilanpassad design<\/h3>\n<p>Tj\u00e4nsten ska fungera p\u00e5 s\u00e5v\u00e4l telefoner som station\u00e4ra datorer.<\/p>\n<h3>6. Video och ljud av h\u00f6g kvalitet<\/h3>\n<p>Tydliga kopplingar g\u00f6r samtalen smidigare och mer njutbara.<\/p>\n<h2>B\u00e4sta plattformarna f\u00f6r en-till-en-kameror 2025<\/h2>\n<p>H\u00e4r \u00e4r hur de b\u00e4sta plattformarna j\u00e4mf\u00f6rs f\u00f6r privat en p\u00e5 en cam-chatt:<\/p>\n<table>\n<thead>\n<tr>\n<th>Plattform<\/th>\n<th align=\"center\">Fri tillg\u00e5ng<\/th>\n<th align=\"center\">Genusfilter<\/th>\n<th align=\"center\">Anm\u00e4lan kr\u00e4vs<\/th>\n<th align=\"center\">Mobilt st\u00f6d<\/th>\n<th align=\"center\">Moderering<\/th>\n<th>Anteckningar<\/th>\n<\/tr>\n<\/thead>\n<tbody>\n<tr>\n<td>StrangerCam<\/td>\n<td align=\"center\">\u2705<\/td>\n<td align=\"center\">\u2705 (gratis)<\/td>\n<td align=\"center\">\u274c<\/td>\n<td align=\"center\">\u2705<\/td>\n<td align=\"center\">\u2705<\/td>\n<td>B\u00e4sta allround-alternativet, privat kamera en mot en<\/td>\n<\/tr>\n<tr>\n<td><a href=\"https:\/\/strangercam.com\/sv\/chatroulette\/\">Chatroulette<\/a><\/td>\n<td align=\"center\">\u2705<\/td>\n<td align=\"center\">\u274c (Betald)<\/td>\n<td align=\"center\">\u274c<\/td>\n<td align=\"center\">\u2705<\/td>\n<td align=\"center\">\u2705<\/td>\n<td>Klassisk, men k\u00f6nsfilter l\u00e5st<\/td>\n<\/tr>\n<tr>\n<td>Chatrandom<\/td>\n<td align=\"center\">\u2705<\/td>\n<td align=\"center\">\u274c (Betald)<\/td>\n<td align=\"center\">\u274c<\/td>\n<td align=\"center\">\u2705<\/td>\n<td align=\"center\">\u2705<\/td>\n<td>Popul\u00e4r, men uppgraderingar pressade<\/td>\n<\/tr>\n<tr>\n<td><a href=\"https:\/\/strangercam.com\/sv\/ometv\/\">OmeTV<\/a><\/td>\n<td align=\"center\">\u2705<\/td>\n<td align=\"center\">\u274c<\/td>\n<td align=\"center\">\u274c<\/td>\n<td align=\"center\">\u2705<\/td>\n<td align=\"center\">\u2705<\/td>\n<td>Enbart slumpm\u00e4ssigt, mobilapp<\/td>\n<\/tr>\n<tr>\n<td>Shagle<\/td>\n<td align=\"center\">\u2705<\/td>\n<td align=\"center\">\u274c (Betald)<\/td>\n<td align=\"center\">\u274c<\/td>\n<td align=\"center\">\u2705<\/td>\n<td align=\"center\">\u2705<\/td>\n<td>Gratis grundl\u00e4ggande anv\u00e4ndning, premiumuppgraderingar<\/td>\n<\/tr>\n<tr>\n<td><a href=\"https:\/\/strangercam.com\/sv\/coomeet\/\">CooMeet<\/a><\/td>\n<td align=\"center\">\u274c (provperiod)<\/td>\n<td align=\"center\">\u2705<\/td>\n<td align=\"center\">\u2705<\/td>\n<td align=\"center\">\u2705<\/td>\n<td align=\"center\">\u2705<\/td>\n<td>Betalade efter r\u00e4tteg\u00e5ng, fokuserar p\u00e5 tjejchattar<\/td>\n<\/tr>\n<tr>\n<td>LuckyCrush<\/td>\n<td align=\"center\">\u274c<\/td>\n<td align=\"center\">\u2705<\/td>\n<td align=\"center\">\u2705<\/td>\n<td align=\"center\">\u2705<\/td>\n<td align=\"center\">\u2705<\/td>\n<td>Alltid betald, k\u00f6nsbaserad matchning<\/td>\n<\/tr>\n<\/tbody>\n<\/table>\n<p>StrangerCam sticker ut som en av de enda plattformarna som erbjuder gratis cam-chatt en mot en med ett fungerande k\u00f6nsfilter och ingen registrering.<\/p>\n<h2>Varf\u00f6r StrangerCam \u00e4r det b\u00e4sta valet<\/h2>\n<p>H\u00e4r \u00e4r varf\u00f6r StrangerCam \u00e4r det b\u00e4sta valet i 2025 f\u00f6r en p\u00e5 en kamera:<\/p>\n<h3>1. Helt gratis och obegr\u00e4nsat<\/h3>\n<p>Inga dolda kostnader, krediter eller begr\u00e4nsningar av provperioden.<\/p>\n<h3>2. Privata Cam-sessioner en och en<\/h3>\n<p>Fokuserade, personliga videosamtal utan distraktioner fr\u00e5n gruppen.<\/p>\n<h3>3. Fritt k\u00f6nsfilter<\/h3>\n<p>V\u00e4lj vem du vill tr\u00e4ffa utan att betala.<\/p>\n<h3>4. Ingen registrering kr\u00e4vs<\/h3>\n<p>H\u00e5ll dig anonym och f\u00e5 kontakt direkt.<\/p>\n<h3>5. S\u00e4kert och modererat<\/h3>\n<p>Robust rapportering och moderering g\u00f6r det s\u00e4krare \u00e4n de flesta.<\/p>\n<h3>6. Fungerar p\u00e5 alla enheter<\/h3>\n<p>Optimerad f\u00f6r datorer, surfplattor och mobiler.<\/p>\n<h2>Verkliga vittnesm\u00e5l fr\u00e5n anv\u00e4ndare<\/h2>\n<blockquote><p><em>\"Jag var tr\u00f6tt p\u00e5 gruppchattar och ville ha n\u00e5got mer privat. StrangerCams en mot en-kamera \u00e4r perfekt - bara jag och den person jag pratar med.\"<\/em><br \/>\n- Daniel, 28 \u00e5r<\/p><\/blockquote>\n<blockquote><p><em>\"K\u00f6nsfiltret \u00e4r gratis, vilket g\u00f6r det mycket b\u00e4ttre \u00e4n andra plattformar jag testat.\"<\/em><br \/>\n- Sophia, 21 \u00e5r<\/p><\/blockquote>\n<blockquote><p><em>\"Jag har f\u00e5tt v\u00e4nner fr\u00e5n hela v\u00e4rlden genom att chatta med dem en och en. Det k\u00e4nns mer personligt \u00e4n gruppchattrum.\"<\/em><br \/>\n- Ryan, 30 \u00e5r<\/p><\/blockquote>\n<blockquote><p><em>\"Det \u00e4r enkelt, snabbt och s\u00e4kert. Exakt vad jag ville ha i en gratis en p\u00e5 en cam-chatt.\"<\/em><br \/>\n- Mia, 19 \u00e5r<\/p><\/blockquote>\n<h2>S\u00e4kerhetstips f\u00f6r en-till-en-kamera<\/h2>\n<p>Det \u00e4r roligt att chatta en och en, men t\u00e4nk p\u00e5 dessa s\u00e4kerhetstips:<\/p>\n<ul>\n<li>L\u00e4mna inte ut personuppgifter (telefonnummer, adress, e-post).<\/li>\n<li>Hoppa \u00f6ver eller blockera n\u00e5gon som g\u00f6r dig obekv\u00e4m.<\/li>\n<li>Undvik att klicka p\u00e5 l\u00e4nkar som delas av ok\u00e4nda personer.<\/li>\n<li>Kontrollera din bakgrund f\u00f6r att skydda din integritet.<\/li>\n<li>Anv\u00e4nd plattformsverktyg som rapportering och blockering.<\/li>\n<li>Respektera \u00e5ldersgr\u00e4nser - om du \u00e4r under 18 \u00e5r ska du inte anv\u00e4nda chattwebbplatser f\u00f6r vuxna.<\/li>\n<\/ul>\n<h2>S\u00e5 h\u00e4r kommer du ig\u00e5ng - steg f\u00f6r steg<\/h2>\n<p>Det tar mindre \u00e4n en minut att p\u00e5b\u00f6rja en chatt p\u00e5 tu man hand:<\/p>\n<ol>\n<li>\u00d6ppna StrangerCam p\u00e5 din enhet.<\/li>\n<li>Ge tillg\u00e5ng till din kamera och mikrofon.<\/li>\n<li>V\u00e4lj dina preferenser (t.ex. k\u00f6nsfilter).<\/li>\n<li>Klicka p\u00e5 Starta chatt f\u00f6r att ansluta direkt.<\/li>\n<li>Njut av din privata en p\u00e5 en cam chatt.<\/li>\n<\/ol>\n<p>Snabbt, enkelt och gratis.<\/p>\n<p>\u00c5r 2025 \u00e4r one-on-one cam fortfarande ett av de b\u00e4sta s\u00e4tten att f\u00e5 kontakt online. Det \u00e4r personligt, spontant och autentiskt - vilket ger dig riktiga konversationer med fr\u00e4mlingar \u00f6ver hela v\u00e4rlden.<\/p>\n<p>Men det \u00e4r inte alla plattformar som \u00e4r v\u00e4rda din tid. M\u00e5nga d\u00f6ljer funktioner bakom betalv\u00e4ggar eller \u00f6versv\u00e4mmar sina webbplatser med bots. Det \u00e4r d\u00e4rf\u00f6r StrangerCam \u00e4r det b\u00e4sta alternativet: det \u00e4r gratis, privat, s\u00e4kert och alltid aktivt med m\u00e4nniskor som \u00e4r redo att chatta.<\/p>\n<p>\u00c4r du redo att prova? Starta en gratis cam-chatt en mot en idag och se vem du tr\u00e4ffar h\u00e4rn\u00e4st.<\/p>","protected":false},"excerpt":{"rendered":"<p>Are you searching for the best one on one cam experience? You\u2019re not alone. Millions of people around the world prefer private, face-to-face chats instead of noisy group rooms or crowded social networks. With one on one cam, you get direct, personal conversations with strangers or new friends\u2014just you and one other person on video, [&hellip;]<\/p>\n","protected":false},"author":8,"featured_media":0,"parent":0,"menu_order":0,"comment_status":"closed","ping_status":"closed","template":"","meta":{"footnotes":""},"class_list":["post-4107","page","type-page","status-publish","hentry"],"yoast_head":"<!-- This site is optimized with the Yoast SEO plugin v27.4 - https:\/\/yoast.com\/product\/yoast-seo-wordpress\/ -->\n<title>One On One Cam with Video Chat on Strangercam.com<\/title>\n<meta name=\"description\" content=\"Liking One On One Cam? Join millions on StrangerCam.com! Start a random video chat, turn on your cam, and meet strangers instantly.\" \/>\n<meta name=\"robots\" content=\"index, follow, max-snippet:-1, max-image-preview:large, max-video-preview:-1\" \/>\n<link rel=\"canonical\" href=\"https:\/\/strangercam.com\/sv\/en-mot-en-kamera\/\" \/>\n<meta property=\"og:locale\" content=\"sv_SE\" \/>\n<meta property=\"og:type\" content=\"article\" \/>\n<meta property=\"og:title\" content=\"One On One Cam with Video Chat on Strangercam.com\" \/>\n<meta property=\"og:description\" content=\"Liking One On One Cam? Join millions on StrangerCam.com! Start a random video chat, turn on your cam, and meet strangers instantly.\" \/>\n<meta property=\"og:url\" content=\"https:\/\/strangercam.com\/sv\/en-mot-en-kamera\/\" \/>\n<meta property=\"og:site_name\" content=\"Strangercam\" \/>\n<meta property=\"article:publisher\" content=\"https:\/\/www.facebook.com\/strangercam\" \/>\n<meta property=\"article:modified_time\" content=\"2025-09-08T08:03:26+00:00\" \/>\n<meta property=\"og:image\" content=\"https:\/\/strangercam.com\/wp-content\/uploads\/2021\/10\/Untitled-2.png\" \/>\n\t<meta property=\"og:image:width\" content=\"800\" \/>\n\t<meta property=\"og:image:height\" content=\"532\" \/>\n\t<meta property=\"og:image:type\" content=\"image\/png\" \/>\n<meta name=\"twitter:card\" content=\"summary_large_image\" \/>\n<meta name=\"twitter:site\" content=\"@strangercamapp\" \/>\n<meta name=\"twitter:label1\" content=\"Ber\u00e4knad l\u00e4stid\" \/>\n\t<meta name=\"twitter:data1\" content=\"5 minuter\" \/>\n<script type=\"application\/ld+json\" class=\"yoast-schema-graph\">{\"@context\":\"https:\\\/\\\/schema.org\",\"@graph\":[{\"@type\":\"WebPage\",\"@id\":\"https:\\\/\\\/strangercam.com\\\/one-on-one-cam\\\/\",\"url\":\"https:\\\/\\\/strangercam.com\\\/one-on-one-cam\\\/\",\"name\":\"One On One Cam with Video Chat on Strangercam.com\",\"isPartOf\":{\"@id\":\"https:\\\/\\\/strangercam.com\\\/#website\"},\"datePublished\":\"2025-09-08T06:58:53+00:00\",\"dateModified\":\"2025-09-08T08:03:26+00:00\",\"description\":\"Liking One On One Cam? Join millions on StrangerCam.com! Start a random video chat, turn on your cam, and meet strangers instantly.\",\"breadcrumb\":{\"@id\":\"https:\\\/\\\/strangercam.com\\\/one-on-one-cam\\\/#breadcrumb\"},\"inLanguage\":\"sv-SE\",\"potentialAction\":[{\"@type\":\"ReadAction\",\"target\":[\"https:\\\/\\\/strangercam.com\\\/one-on-one-cam\\\/\"]}]},{\"@type\":\"BreadcrumbList\",\"@id\":\"https:\\\/\\\/strangercam.com\\\/one-on-one-cam\\\/#breadcrumb\",\"itemListElement\":[{\"@type\":\"ListItem\",\"position\":1,\"name\":\"Home\",\"item\":\"https:\\\/\\\/strangercam.com\\\/\"},{\"@type\":\"ListItem\",\"position\":2,\"name\":\"One On One Cam\"}]},{\"@type\":\"WebSite\",\"@id\":\"https:\\\/\\\/strangercam.com\\\/#website\",\"url\":\"https:\\\/\\\/strangercam.com\\\/\",\"name\":\"Strangercam\",\"description\":\"Random Video Chat with Strangers\",\"publisher\":{\"@id\":\"https:\\\/\\\/strangercam.com\\\/#organization\"},\"alternateName\":\"Strangercam.com\",\"potentialAction\":[{\"@type\":\"SearchAction\",\"target\":{\"@type\":\"EntryPoint\",\"urlTemplate\":\"https:\\\/\\\/strangercam.com\\\/?s={search_term_string}\"},\"query-input\":{\"@type\":\"PropertyValueSpecification\",\"valueRequired\":true,\"valueName\":\"search_term_string\"}}],\"inLanguage\":\"sv-SE\"},{\"@type\":\"Organization\",\"@id\":\"https:\\\/\\\/strangercam.com\\\/#organization\",\"name\":\"Strangercam\",\"alternateName\":\"Strangercam.com\",\"url\":\"https:\\\/\\\/strangercam.com\\\/\",\"logo\":{\"@type\":\"ImageObject\",\"inLanguage\":\"sv-SE\",\"@id\":\"https:\\\/\\\/strangercam.com\\\/#\\\/schema\\\/logo\\\/image\\\/\",\"url\":\"https:\\\/\\\/strangercam.com\\\/wp-content\\\/uploads\\\/2020\\\/11\\\/cropped-new-favicon-black.png\",\"contentUrl\":\"https:\\\/\\\/strangercam.com\\\/wp-content\\\/uploads\\\/2020\\\/11\\\/cropped-new-favicon-black.png\",\"width\":512,\"height\":512,\"caption\":\"Strangercam\"},\"image\":{\"@id\":\"https:\\\/\\\/strangercam.com\\\/#\\\/schema\\\/logo\\\/image\\\/\"},\"sameAs\":[\"https:\\\/\\\/www.facebook.com\\\/strangercam\",\"https:\\\/\\\/x.com\\\/strangercamapp\"]}]}<\/script>\n<!-- \/ Yoast SEO plugin. -->","yoast_head_json":{"title":"En p\u00e5 en-kamera med videochatt p\u00e5 Strangercam.com","description":"Gillar du One On One Cam? Join miljoner p\u00e5 StrangerCam.com! Starta en slumpm\u00e4ssig videochatt, sl\u00e5 p\u00e5 din cam och tr\u00e4ffa fr\u00e4mlingar direkt.","robots":{"index":"index","follow":"follow","max-snippet":"max-snippet:-1","max-image-preview":"max-image-preview:large","max-video-preview":"max-video-preview:-1"},"canonical":"https:\/\/strangercam.com\/sv\/en-mot-en-kamera\/","og_locale":"sv_SE","og_type":"article","og_title":"One On One Cam with Video Chat on Strangercam.com","og_description":"Liking One On One Cam? Join millions on StrangerCam.com! Start a random video chat, turn on your cam, and meet strangers instantly.","og_url":"https:\/\/strangercam.com\/sv\/en-mot-en-kamera\/","og_site_name":"Strangercam","article_publisher":"https:\/\/www.facebook.com\/strangercam","article_modified_time":"2025-09-08T08:03:26+00:00","og_image":[{"width":800,"height":532,"url":"https:\/\/strangercam.com\/wp-content\/uploads\/2021\/10\/Untitled-2.png","type":"image\/png"}],"twitter_card":"summary_large_image","twitter_site":"@strangercamapp","twitter_misc":{"Ber\u00e4knad l\u00e4stid":"5 minuter"},"schema":{"@context":"https:\/\/schema.org","@graph":[{"@type":"WebPage","@id":"https:\/\/strangercam.com\/one-on-one-cam\/","url":"https:\/\/strangercam.com\/one-on-one-cam\/","name":"En p\u00e5 en-kamera med videochatt p\u00e5 Strangercam.com","isPartOf":{"@id":"https:\/\/strangercam.com\/#website"},"datePublished":"2025-09-08T06:58:53+00:00","dateModified":"2025-09-08T08:03:26+00:00","description":"Gillar du One On One Cam? Join miljoner p\u00e5 StrangerCam.com! Starta en slumpm\u00e4ssig videochatt, sl\u00e5 p\u00e5 din cam och tr\u00e4ffa fr\u00e4mlingar direkt.","breadcrumb":{"@id":"https:\/\/strangercam.com\/one-on-one-cam\/#breadcrumb"},"inLanguage":"sv-SE","potentialAction":[{"@type":"ReadAction","target":["https:\/\/strangercam.com\/one-on-one-cam\/"]}]},{"@type":"BreadcrumbList","@id":"https:\/\/strangercam.com\/one-on-one-cam\/#breadcrumb","itemListElement":[{"@type":"ListItem","position":1,"name":"Home","item":"https:\/\/strangercam.com\/"},{"@type":"ListItem","position":2,"name":"One On One Cam"}]},{"@type":"WebSite","@id":"https:\/\/strangercam.com\/#website","url":"https:\/\/strangercam.com\/","name":"Strangercam","description":"Slumpm\u00e4ssig videochatt med fr\u00e4mlingar","publisher":{"@id":"https:\/\/strangercam.com\/#organization"},"alternateName":"Strangercam.com","potentialAction":[{"@type":"SearchAction","target":{"@type":"EntryPoint","urlTemplate":"https:\/\/strangercam.com\/?s={search_term_string}"},"query-input":{"@type":"PropertyValueSpecification","valueRequired":true,"valueName":"search_term_string"}}],"inLanguage":"sv-SE"},{"@type":"Organization","@id":"https:\/\/strangercam.com\/#organization","name":"Strangercam","alternateName":"Strangercam.com","url":"https:\/\/strangercam.com\/","logo":{"@type":"ImageObject","inLanguage":"sv-SE","@id":"https:\/\/strangercam.com\/#\/schema\/logo\/image\/","url":"https:\/\/strangercam.com\/wp-content\/uploads\/2020\/11\/cropped-new-favicon-black.png","contentUrl":"https:\/\/strangercam.com\/wp-content\/uploads\/2020\/11\/cropped-new-favicon-black.png","width":512,"height":512,"caption":"Strangercam"},"image":{"@id":"https:\/\/strangercam.com\/#\/schema\/logo\/image\/"},"sameAs":["https:\/\/www.facebook.com\/strangercam","https:\/\/x.com\/strangercamapp"]}]}},"_links":{"self":[{"href":"https:\/\/strangercam.com\/sv\/wp-json\/wp\/v2\/pages\/4107","targetHints":{"allow":["GET"]}}],"collection":[{"href":"https:\/\/strangercam.com\/sv\/wp-json\/wp\/v2\/pages"}],"about":[{"href":"https:\/\/strangercam.com\/sv\/wp-json\/wp\/v2\/types\/page"}],"author":[{"embeddable":true,"href":"https:\/\/strangercam.com\/sv\/wp-json\/wp\/v2\/users\/8"}],"replies":[{"embeddable":true,"href":"https:\/\/strangercam.com\/sv\/wp-json\/wp\/v2\/comments?post=4107"}],"version-history":[{"count":2,"href":"https:\/\/strangercam.com\/sv\/wp-json\/wp\/v2\/pages\/4107\/revisions"}],"predecessor-version":[{"id":13012,"href":"https:\/\/strangercam.com\/sv\/wp-json\/wp\/v2\/pages\/4107\/revisions\/13012"}],"wp:attachment":[{"href":"https:\/\/strangercam.com\/sv\/wp-json\/wp\/v2\/media?parent=4107"}],"curies":[{"name":"wp","href":"https:\/\/api.w.org\/{rel}","templated":true}]}}