{"id":4090,"date":"2025-09-08T07:55:19","date_gmt":"2025-09-08T05:55:19","guid":{"rendered":"https:\/\/strangercam.com\/?page_id=4090"},"modified":"2025-09-08T10:00:45","modified_gmt":"2025-09-08T08:00:45","slug":"omegle-tjejchatt","status":"publish","type":"page","link":"https:\/\/strangercam.com\/sv\/omegle-girl-chat\/","title":{"rendered":"Omegle Tjejchatt"},"content":{"rendered":"<p>Har du s\u00f6kt efter <a href=\"https:\/\/strangercam.com\/sv\/omegle\/\">Omegle<\/a> flicka <a href=\"https:\/\/strangercam.com\/sv\/chathub\/\">chatt<\/a>? Du \u00e4r inte ensam om det. I flera \u00e5r var Omegle det b\u00e4sta st\u00e4llet f\u00f6r slumpm\u00e4ssiga videochattar, s\u00e4rskilt f\u00f6r personer som ville tr\u00e4ffa och chatta med tjejer online. Men sedan Omegle st\u00e4ngdes ner 2023 har miljontals anv\u00e4ndare letat efter alternativ som erbjuder samma sp\u00e4nning av spontana anslutningar - med den extra bonusen att de \u00e4r s\u00e4krare, modernare och verkligen gratis.<\/p>\n<p>\u00c5r 2025 g\u00f6r plattformar som StrangerCam det m\u00f6jligt att njuta av gratis tjejchattar online direkt - ingen registrering, inga nedladdningar och inga dolda avgifter. Oavsett om du letar efter kul, avslappnad flirt, f\u00e5 nya v\u00e4nner eller bara f\u00f6rdriva tiden, \u00e4r Omegle-stil tjejchatt fortfarande ett av de mest sp\u00e4nnande s\u00e4tten att ansluta.<\/p>\n<p>Den h\u00e4r guiden kommer att t\u00e4cka allt du beh\u00f6ver veta: vad Omegle tjejchatt var, varf\u00f6r det blev s\u00e5 popul\u00e4rt, hur moderna plattformar har ersatt det, vilka funktioner du ska leta efter, j\u00e4mf\u00f6relser av de b\u00e4sta alternativen, s\u00e4kerhetstips och varf\u00f6r StrangerCam \u00e4r ett av de b\u00e4sta alternativen idag.<\/p>\n<h2>Vad var Omegle Girl Chat?<\/h2>\n<p>Omegle tjejchatt h\u00e4nvisade till Omegle: s slumpm\u00e4ssiga videochattfunktion d\u00e4r anv\u00e4ndare kan f\u00f6rs\u00f6ka ansluta specifikt med tjejer online. Omegle sj\u00e4lv erbj\u00f6d inte ett riktigt k\u00f6nsfilter, vilket l\u00e4mnade m\u00e5nga anv\u00e4ndare frustrerade. M\u00e5nga tredjeparts \"Omegle-flicka\" -s\u00f6kningar eller hack ledde ofta till op\u00e5litliga eller os\u00e4kra upplevelser.<\/p>\n<p>Sedan Omegle st\u00e4ngde ner har efterfr\u00e5gan p\u00e5 en s\u00e4ker och riktig tjejchattupplevelse bara \u00f6kat. Det \u00e4r d\u00e4r plattformar som StrangerCam kommer in och erbjuder \u00e4kta, gratis k\u00f6nsfilter och b\u00e4ttre s\u00e4kerhetsfunktioner \u00e4n Omegle n\u00e5gonsin gjorde.<\/p>\n<h2>Varf\u00f6r m\u00e4nniskor s\u00f6ker efter Omegle Girl Chat<\/h2>\n<p>Termen \"Omegle tjejchatt\" blev popul\u00e4r av flera sk\u00e4l:<\/p>\n<ul>\n<li>\u00d6nskan om kvinnliga kontakter: M\u00e5nga anv\u00e4ndare ville s\u00e4rskilt chatta med tjejer.<\/li>\n<li>Fl\u00f6rtande och avslappnat kul: Omegle blev k\u00e4nd f\u00f6r spontana, l\u00e4ttsamma f\u00f6rbindelser.<\/li>\n<li>Nyfikenhet och underh\u00e5llning: Att tr\u00e4ffa nya tjejer fr\u00e5n hela v\u00e4rlden var roligt och of\u00f6ruts\u00e4gbart.<\/li>\n<li>Undvika robotar och f\u00f6rfalskningar: Anv\u00e4ndarna f\u00f6redrog videochatt f\u00f6r att f\u00e5 bekr\u00e4ftelse p\u00e5 att de talade med riktiga m\u00e4nniskor.<\/li>\n<li>Ensamhet: F\u00f6r m\u00e5nga fyllde Omegle gapet av tristess och gav omedelbar social interaktion.<\/li>\n<\/ul>\n<h2>Hur Omegle Girl Chat fungerade (och dess begr\u00e4nsningar)<\/h2>\n<p>Omegle: s installation var enkel:<\/p>\n<ol>\n<li>\u00d6ppna webbplatsen.<\/li>\n<li>Till\u00e5t \u00e5tkomst till din webbkamera och mikrofon.<\/li>\n<li>Klicka p\u00e5 \"Start\" och f\u00e5 kontakt med en slumpm\u00e4ssigt utvald person.<\/li>\n<li>Tryck p\u00e5 \"N\u00e4sta\" f\u00f6r att g\u00e5 vidare.<\/li>\n<\/ol>\n<p>Vad var problemet? Omegle erbj\u00f6d inte ett fungerande k\u00f6nsfilter. M\u00e5nga m\u00e4nniskor som s\u00f6kte efter \"Omegle tjejchatt\" blev besvikna \u00f6ver att matchas slumpm\u00e4ssigt. V\u00e4rre \u00e4r att bristen p\u00e5 moderering ofta ledde till os\u00e4kra eller obekv\u00e4ma upplevelser.<\/p>\n<h2>Uppkomsten av Omegle Girl Chat Alternatives<\/h2>\n<p>Sedan Omegle st\u00e4ngdes av har b\u00e4ttre plattformar dykt upp. Dessa nya webbplatser f\u00f6rb\u00e4ttrar det klassiska slumpm\u00e4ssiga chattformatet genom att erbjuda:<\/p>\n<ul>\n<li>Verkliga k\u00f6nsfilter (gratis eller betalda).<\/li>\n<li>S\u00e4krare milj\u00f6er med aktiv moderering.<\/li>\n<li>B\u00e4ttre st\u00f6d f\u00f6r mobila enheter.<\/li>\n<li>H\u00f6gre kvalitet p\u00e5 video och ljud.<\/li>\n<li>Verkligen fri tillg\u00e5ng utan tricks.<\/li>\n<\/ul>\n<h2>B\u00e4sta plattformar f\u00f6r Omegle Girl Chat 2025<\/h2>\n<p>S\u00e5 h\u00e4r ser dagens b\u00e4sta alternativ ut j\u00e4mf\u00f6rt med varandra:<\/p>\n<table>\n<thead>\n<tr>\n<th>Plattform<\/th>\n<th align=\"center\">Fri tillg\u00e5ng<\/th>\n<th align=\"center\">Genusfilter<\/th>\n<th align=\"center\">Anm\u00e4lan kr\u00e4vs<\/th>\n<th align=\"center\">Mobilt st\u00f6d<\/th>\n<th align=\"center\">Moderering<\/th>\n<th>Anteckningar<\/th>\n<\/tr>\n<\/thead>\n<tbody>\n<tr>\n<td>StrangerCam<\/td>\n<td align=\"center\">\u2705<\/td>\n<td align=\"center\">\u2705 (gratis)<\/td>\n<td align=\"center\">\u274c<\/td>\n<td align=\"center\">\u2705<\/td>\n<td align=\"center\">\u2705<\/td>\n<td>B\u00e4sta Omegle tjejchatt ers\u00e4ttning<\/td>\n<\/tr>\n<tr>\n<td><a href=\"https:\/\/strangercam.com\/sv\/chatroulette\/\">Chatroulette<\/a><\/td>\n<td align=\"center\">\u2705<\/td>\n<td align=\"center\">\u274c (Betald)<\/td>\n<td align=\"center\">\u274c<\/td>\n<td align=\"center\">\u2705<\/td>\n<td align=\"center\">\u2705<\/td>\n<td>Klassiskt alternativ, men inga fria filter<\/td>\n<\/tr>\n<tr>\n<td>Chatrandom<\/td>\n<td align=\"center\">\u2705<\/td>\n<td align=\"center\">\u274c (Betald)<\/td>\n<td align=\"center\">\u274c<\/td>\n<td align=\"center\">\u2705<\/td>\n<td align=\"center\">\u2705<\/td>\n<td>Popul\u00e4rt, men premiumfilter<\/td>\n<\/tr>\n<tr>\n<td>Shagle<\/td>\n<td align=\"center\">\u2705<\/td>\n<td align=\"center\">\u274c (Betald)<\/td>\n<td align=\"center\">\u274c<\/td>\n<td align=\"center\">\u2705<\/td>\n<td align=\"center\">\u2705<\/td>\n<td>Trycker p\u00e5 uppgraderingar f\u00f6r filter<\/td>\n<\/tr>\n<tr>\n<td><a href=\"https:\/\/strangercam.com\/sv\/coomeet\/\">CooMeet<\/a><\/td>\n<td align=\"center\">\u274c (provperiod)<\/td>\n<td align=\"center\">\u2705<\/td>\n<td align=\"center\">\u2705<\/td>\n<td align=\"center\">\u2705<\/td>\n<td align=\"center\">\u2705<\/td>\n<td>Betald plattform med fokus p\u00e5 att chatta med tjejer<\/td>\n<\/tr>\n<tr>\n<td>LuckyCrush<\/td>\n<td align=\"center\">\u274c<\/td>\n<td align=\"center\">\u2705<\/td>\n<td align=\"center\">\u2705<\/td>\n<td align=\"center\">\u2705<\/td>\n<td align=\"center\">\u2705<\/td>\n<td>Alltid betald, kopplar killar till tjejer<\/td>\n<\/tr>\n<\/tbody>\n<\/table>\n<p>StrangerCam sticker ut som en av de enda plattformarna som erbjuder gratis tjejchatt i Omegle-stil med ett fungerande k\u00f6nsfilter och ingen registrering.<\/p>\n<h2>Varf\u00f6r StrangerCam \u00e4r den b\u00e4sta Omegle Girl Chat Alternative<\/h2>\n<p>H\u00e4r \u00e4r varf\u00f6r StrangerCam \u00e4r ett f\u00f6rstahandsval 2025 f\u00f6r dem som s\u00f6ker efter Omegle tjejchatt:<\/p>\n<h3>1. Helt gratis och obegr\u00e4nsat<\/h3>\n<p>Inga betalv\u00e4ggar, pr\u00f6vningar eller krediter - bara gratis chattar.<\/p>\n<h3>2. Fritt k\u00f6nsfilter<\/h3>\n<p>Tr\u00e4ffa tjejer direkt utan att betala extra.<\/p>\n<h3>3. Ingen registrering kr\u00e4vs<\/h3>\n<p>H\u00e5ll dig anonym och b\u00f6rja chatta p\u00e5 n\u00e5gra sekunder.<\/p>\n<h3>4. S\u00e4kert och modererat<\/h3>\n<p>Aktiv moderering g\u00f6r det s\u00e4krare \u00e4n Omegle n\u00e5gonsin var.<\/p>\n<h3>5. Global anv\u00e4ndarbas<\/h3>\n<p>Tr\u00e4ffa tjejer fr\u00e5n hela v\u00e4rlden, 24\/7.<\/p>\n<h3>6. Optimerad f\u00f6r alla enheter<\/h3>\n<p>Fungerar smidigt p\u00e5 b\u00e5de dator och mobil.<\/p>\n<h2>Verkliga vittnesm\u00e5l fr\u00e5n anv\u00e4ndare<\/h2>\n<blockquote><p><em>\"Jag letade efter Omegle tjejchattalternativ och de flesta webbplatser f\u00f6rs\u00f6kte debitera mig. StrangerCam levererade faktiskt gratis anslutningar.\"<\/em><br \/>\n- David, 27 \u00e5r<\/p><\/blockquote>\n<blockquote><p><em>\"K\u00f6nsfiltret fungerar perfekt h\u00e4r. Det \u00e4r precis vad Omegle saknade.\"<\/em><br \/>\n- Sophia, 22 \u00e5r<\/p><\/blockquote>\n<blockquote><p><em>\"Jag fick kontakt med tjejer fr\u00e5n tre olika l\u00e4nder p\u00e5 mindre \u00e4n en timme. Mycket b\u00e4ttre \u00e4n vad Omegle n\u00e5gonsin var.\"<\/em><br \/>\n- Ryan, 30 \u00e5r<\/p><\/blockquote>\n<blockquote><p><em>\"Det k\u00e4nns s\u00e4krare och renare \u00e4n Omegle, och jag kan hoppa \u00f6ver direkt om jag inte gillar chatten.\"<\/em><br \/>\n- Emma, 19 \u00e5r<\/p><\/blockquote>\n<h2>S\u00e4kerhetstips f\u00f6r tjejchatt i Omegle-stil<\/h2>\n<p>Det \u00e4r kul att chatta med tjejer p\u00e5 n\u00e4tet, men s\u00e4kerheten \u00e4r viktig:<\/p>\n<ul>\n<li>Dela inte med dig av personlig information (telefon, e-post, adress).<\/li>\n<li>Hoppa \u00f6ver eller blockera n\u00e5gon som g\u00f6r dig obekv\u00e4m.<\/li>\n<li>Klicka aldrig p\u00e5 misst\u00e4nkta l\u00e4nkar.<\/li>\n<li>Kontrollera din bakgrund innan du s\u00e4tter p\u00e5 webbkameran.<\/li>\n<li>Anv\u00e4nd plattformens verktyg, t.ex. rapporteringsfunktioner.<\/li>\n<li>Respektera \u00e5ldersgr\u00e4nser - om du \u00e4r under 18 \u00e5r ska du undvika plattformar f\u00f6r vuxna.<\/li>\n<\/ul>\n<h2>S\u00e5 h\u00e4r kommer du ig\u00e5ng - steg f\u00f6r steg<\/h2>\n<p>Det tar bara n\u00e5gra sekunder att starta en tjejchatt i Omegle-stil:<\/p>\n<ol>\n<li>\u00d6ppna StrangerCam p\u00e5 din enhet.<\/li>\n<li>Till\u00e5t \u00e5tkomst till kamera och mikrofon.<\/li>\n<li>V\u00e4lj k\u00f6nsfilter (flickor).<\/li>\n<li>Klicka p\u00e5 Starta chatt f\u00f6r att ansluta direkt.<\/li>\n<li>Tryck p\u00e5 N\u00e4sta n\u00e4r som helst f\u00f6r att tr\u00e4ffa n\u00e5gon ny.<\/li>\n<\/ol>\n<p>Snabbt, enkelt och 100% gratis.<\/p>\n<p>\u00c4ven om Omegle \u00e4r borta har efterfr\u00e5gan p\u00e5 Omegle tjejchatt inte f\u00f6rsvunnit. I sj\u00e4lva verket \u00e4r det starkare \u00e4n n\u00e5gonsin. Den goda nyheten \u00e4r att moderna alternativ som StrangerCam inte bara ers\u00e4tter Omegle utan ocks\u00e5 f\u00f6rb\u00e4ttrar det - erbjuder gratis k\u00f6nsfilter, b\u00e4ttre moderering och s\u00e4krare upplevelser.<\/p>\n<p>Om du vill tr\u00e4ffa, flirta eller helt enkelt chatta avslappnat med tjejer online \u00e4r StrangerCam ett av de b\u00e4sta valen 2025.<\/p>\n<p>Redo att prova det? Starta en gratis Omegle-stil tjejchatt idag och uppt\u00e4ck vem du kommer att tr\u00e4ffa n\u00e4sta g\u00e5ng.<\/p>","protected":false},"excerpt":{"rendered":"<p>Have you been searching for Omegle girl chat? You\u2019re not alone. For years, Omegle was the go-to place for random video chats, especially for people looking to meet and chat with girls online. But since Omegle shut down in 2023, millions of users have been searching for alternatives that offer the same thrill of spontaneous [&hellip;]<\/p>\n","protected":false},"author":8,"featured_media":0,"parent":0,"menu_order":0,"comment_status":"closed","ping_status":"closed","template":"","meta":{"footnotes":""},"class_list":["post-4090","page","type-page","status-publish","hentry"],"yoast_head":"<!-- This site is optimized with the Yoast SEO plugin v27.4 - https:\/\/yoast.com\/product\/yoast-seo-wordpress\/ -->\n<title>Omegle Girl Chat with Video Chat on Strangercam.com<\/title>\n<meta name=\"description\" content=\"Liking Omegle Girl Chat? Join millions on StrangerCam.com! Start a random video chat, turn on your cam, and meet strangers instantly.\" \/>\n<meta name=\"robots\" content=\"index, follow, max-snippet:-1, max-image-preview:large, max-video-preview:-1\" \/>\n<link rel=\"canonical\" href=\"https:\/\/strangercam.com\/sv\/omegle-tjejchatt\/\" \/>\n<meta property=\"og:locale\" content=\"sv_SE\" \/>\n<meta property=\"og:type\" content=\"article\" \/>\n<meta property=\"og:title\" content=\"Omegle Girl Chat with Video Chat on Strangercam.com\" \/>\n<meta property=\"og:description\" content=\"Liking Omegle Girl Chat? Join millions on StrangerCam.com! Start a random video chat, turn on your cam, and meet strangers instantly.\" \/>\n<meta property=\"og:url\" content=\"https:\/\/strangercam.com\/sv\/omegle-tjejchatt\/\" \/>\n<meta property=\"og:site_name\" content=\"Strangercam\" \/>\n<meta property=\"article:publisher\" content=\"https:\/\/www.facebook.com\/strangercam\" \/>\n<meta property=\"article:modified_time\" content=\"2025-09-08T08:00:45+00:00\" \/>\n<meta property=\"og:image\" content=\"https:\/\/strangercam.com\/wp-content\/uploads\/2021\/10\/Untitled-2.png\" \/>\n\t<meta property=\"og:image:width\" content=\"800\" \/>\n\t<meta property=\"og:image:height\" content=\"532\" \/>\n\t<meta property=\"og:image:type\" content=\"image\/png\" \/>\n<meta name=\"twitter:card\" content=\"summary_large_image\" \/>\n<meta name=\"twitter:site\" content=\"@strangercamapp\" \/>\n<meta name=\"twitter:label1\" content=\"Ber\u00e4knad l\u00e4stid\" \/>\n\t<meta name=\"twitter:data1\" content=\"4 minuter\" \/>\n<script type=\"application\/ld+json\" class=\"yoast-schema-graph\">{\"@context\":\"https:\\\/\\\/schema.org\",\"@graph\":[{\"@type\":\"WebPage\",\"@id\":\"https:\\\/\\\/strangercam.com\\\/omegle-girl-chat\\\/\",\"url\":\"https:\\\/\\\/strangercam.com\\\/omegle-girl-chat\\\/\",\"name\":\"Omegle Girl Chat with Video Chat on Strangercam.com\",\"isPartOf\":{\"@id\":\"https:\\\/\\\/strangercam.com\\\/#website\"},\"datePublished\":\"2025-09-08T05:55:19+00:00\",\"dateModified\":\"2025-09-08T08:00:45+00:00\",\"description\":\"Liking Omegle Girl Chat? Join millions on StrangerCam.com! Start a random video chat, turn on your cam, and meet strangers instantly.\",\"breadcrumb\":{\"@id\":\"https:\\\/\\\/strangercam.com\\\/omegle-girl-chat\\\/#breadcrumb\"},\"inLanguage\":\"sv-SE\",\"potentialAction\":[{\"@type\":\"ReadAction\",\"target\":[\"https:\\\/\\\/strangercam.com\\\/omegle-girl-chat\\\/\"]}]},{\"@type\":\"BreadcrumbList\",\"@id\":\"https:\\\/\\\/strangercam.com\\\/omegle-girl-chat\\\/#breadcrumb\",\"itemListElement\":[{\"@type\":\"ListItem\",\"position\":1,\"name\":\"Home\",\"item\":\"https:\\\/\\\/strangercam.com\\\/\"},{\"@type\":\"ListItem\",\"position\":2,\"name\":\"Omegle Girl Chat\"}]},{\"@type\":\"WebSite\",\"@id\":\"https:\\\/\\\/strangercam.com\\\/#website\",\"url\":\"https:\\\/\\\/strangercam.com\\\/\",\"name\":\"Strangercam\",\"description\":\"Random Video Chat with Strangers\",\"publisher\":{\"@id\":\"https:\\\/\\\/strangercam.com\\\/#organization\"},\"alternateName\":\"Strangercam.com\",\"potentialAction\":[{\"@type\":\"SearchAction\",\"target\":{\"@type\":\"EntryPoint\",\"urlTemplate\":\"https:\\\/\\\/strangercam.com\\\/?s={search_term_string}\"},\"query-input\":{\"@type\":\"PropertyValueSpecification\",\"valueRequired\":true,\"valueName\":\"search_term_string\"}}],\"inLanguage\":\"sv-SE\"},{\"@type\":\"Organization\",\"@id\":\"https:\\\/\\\/strangercam.com\\\/#organization\",\"name\":\"Strangercam\",\"alternateName\":\"Strangercam.com\",\"url\":\"https:\\\/\\\/strangercam.com\\\/\",\"logo\":{\"@type\":\"ImageObject\",\"inLanguage\":\"sv-SE\",\"@id\":\"https:\\\/\\\/strangercam.com\\\/#\\\/schema\\\/logo\\\/image\\\/\",\"url\":\"https:\\\/\\\/strangercam.com\\\/wp-content\\\/uploads\\\/2020\\\/11\\\/cropped-new-favicon-black.png\",\"contentUrl\":\"https:\\\/\\\/strangercam.com\\\/wp-content\\\/uploads\\\/2020\\\/11\\\/cropped-new-favicon-black.png\",\"width\":512,\"height\":512,\"caption\":\"Strangercam\"},\"image\":{\"@id\":\"https:\\\/\\\/strangercam.com\\\/#\\\/schema\\\/logo\\\/image\\\/\"},\"sameAs\":[\"https:\\\/\\\/www.facebook.com\\\/strangercam\",\"https:\\\/\\\/x.com\\\/strangercamapp\"]}]}<\/script>\n<!-- \/ Yoast SEO plugin. -->","yoast_head_json":{"title":"Omegle tjejchatt med videochatt p\u00e5 Strangercam.com","description":"Gillar du Omegle Girl Chat? Join miljoner p\u00e5 StrangerCam.com! Starta en slumpm\u00e4ssig videochatt, sl\u00e5 p\u00e5 din cam och tr\u00e4ffa fr\u00e4mlingar direkt.","robots":{"index":"index","follow":"follow","max-snippet":"max-snippet:-1","max-image-preview":"max-image-preview:large","max-video-preview":"max-video-preview:-1"},"canonical":"https:\/\/strangercam.com\/sv\/omegle-tjejchatt\/","og_locale":"sv_SE","og_type":"article","og_title":"Omegle Girl Chat with Video Chat on Strangercam.com","og_description":"Liking Omegle Girl Chat? Join millions on StrangerCam.com! Start a random video chat, turn on your cam, and meet strangers instantly.","og_url":"https:\/\/strangercam.com\/sv\/omegle-tjejchatt\/","og_site_name":"Strangercam","article_publisher":"https:\/\/www.facebook.com\/strangercam","article_modified_time":"2025-09-08T08:00:45+00:00","og_image":[{"width":800,"height":532,"url":"https:\/\/strangercam.com\/wp-content\/uploads\/2021\/10\/Untitled-2.png","type":"image\/png"}],"twitter_card":"summary_large_image","twitter_site":"@strangercamapp","twitter_misc":{"Ber\u00e4knad l\u00e4stid":"4 minuter"},"schema":{"@context":"https:\/\/schema.org","@graph":[{"@type":"WebPage","@id":"https:\/\/strangercam.com\/omegle-girl-chat\/","url":"https:\/\/strangercam.com\/omegle-girl-chat\/","name":"Omegle tjejchatt med videochatt p\u00e5 Strangercam.com","isPartOf":{"@id":"https:\/\/strangercam.com\/#website"},"datePublished":"2025-09-08T05:55:19+00:00","dateModified":"2025-09-08T08:00:45+00:00","description":"Gillar du Omegle Girl Chat? Join miljoner p\u00e5 StrangerCam.com! Starta en slumpm\u00e4ssig videochatt, sl\u00e5 p\u00e5 din cam och tr\u00e4ffa fr\u00e4mlingar direkt.","breadcrumb":{"@id":"https:\/\/strangercam.com\/omegle-girl-chat\/#breadcrumb"},"inLanguage":"sv-SE","potentialAction":[{"@type":"ReadAction","target":["https:\/\/strangercam.com\/omegle-girl-chat\/"]}]},{"@type":"BreadcrumbList","@id":"https:\/\/strangercam.com\/omegle-girl-chat\/#breadcrumb","itemListElement":[{"@type":"ListItem","position":1,"name":"Home","item":"https:\/\/strangercam.com\/"},{"@type":"ListItem","position":2,"name":"Omegle Girl Chat"}]},{"@type":"WebSite","@id":"https:\/\/strangercam.com\/#website","url":"https:\/\/strangercam.com\/","name":"Strangercam","description":"Slumpm\u00e4ssig videochatt med fr\u00e4mlingar","publisher":{"@id":"https:\/\/strangercam.com\/#organization"},"alternateName":"Strangercam.com","potentialAction":[{"@type":"SearchAction","target":{"@type":"EntryPoint","urlTemplate":"https:\/\/strangercam.com\/?s={search_term_string}"},"query-input":{"@type":"PropertyValueSpecification","valueRequired":true,"valueName":"search_term_string"}}],"inLanguage":"sv-SE"},{"@type":"Organization","@id":"https:\/\/strangercam.com\/#organization","name":"Strangercam","alternateName":"Strangercam.com","url":"https:\/\/strangercam.com\/","logo":{"@type":"ImageObject","inLanguage":"sv-SE","@id":"https:\/\/strangercam.com\/#\/schema\/logo\/image\/","url":"https:\/\/strangercam.com\/wp-content\/uploads\/2020\/11\/cropped-new-favicon-black.png","contentUrl":"https:\/\/strangercam.com\/wp-content\/uploads\/2020\/11\/cropped-new-favicon-black.png","width":512,"height":512,"caption":"Strangercam"},"image":{"@id":"https:\/\/strangercam.com\/#\/schema\/logo\/image\/"},"sameAs":["https:\/\/www.facebook.com\/strangercam","https:\/\/x.com\/strangercamapp"]}]}},"_links":{"self":[{"href":"https:\/\/strangercam.com\/sv\/wp-json\/wp\/v2\/pages\/4090","targetHints":{"allow":["GET"]}}],"collection":[{"href":"https:\/\/strangercam.com\/sv\/wp-json\/wp\/v2\/pages"}],"about":[{"href":"https:\/\/strangercam.com\/sv\/wp-json\/wp\/v2\/types\/page"}],"author":[{"embeddable":true,"href":"https:\/\/strangercam.com\/sv\/wp-json\/wp\/v2\/users\/8"}],"replies":[{"embeddable":true,"href":"https:\/\/strangercam.com\/sv\/wp-json\/wp\/v2\/comments?post=4090"}],"version-history":[{"count":1,"href":"https:\/\/strangercam.com\/sv\/wp-json\/wp\/v2\/pages\/4090\/revisions"}],"predecessor-version":[{"id":13007,"href":"https:\/\/strangercam.com\/sv\/wp-json\/wp\/v2\/pages\/4090\/revisions\/13007"}],"wp:attachment":[{"href":"https:\/\/strangercam.com\/sv\/wp-json\/wp\/v2\/media?parent=4090"}],"curies":[{"name":"wp","href":"https:\/\/api.w.org\/{rel}","templated":true}]}}