{"id":4073,"date":"2025-09-03T11:52:49","date_gmt":"2025-09-03T09:52:49","guid":{"rendered":"https:\/\/strangercam.com\/?page_id=4073"},"modified":"2025-09-03T13:47:51","modified_gmt":"2025-09-03T11:47:51","slug":"kam-chatt","status":"publish","type":"page","link":"https:\/\/strangercam.com\/sv\/cam-chat\/","title":{"rendered":"Cam Chatt"},"content":{"rendered":"<p>Letar du efter den b\u00e4sta platsen att njuta av <a href=\"https:\/\/strangercam.com\/sv\/bazoocam\/\">kam<\/a> chatta? Du \u00e4r inte ensam om det. Varje dag anv\u00e4nder miljontals m\u00e4nniskor runt om i v\u00e4rlden cam chat-plattformar f\u00f6r att tr\u00e4ffa nya m\u00e4nniskor, ha roliga konversationer och skapa spontana kontakter online. Till skillnad fr\u00e5n dejtingappar eller sociala n\u00e4tverk som kr\u00e4ver \u00e4ndl\u00f6s scrollning eller swipning \u00e4r cam chat direkt, verkligt och sp\u00e4nnande - du trycker p\u00e5 en knapp och inom n\u00e5gra sekunder st\u00e5r du ansikte mot ansikte med en fr\u00e4mling.<\/p>\n<p>\u00c5r 2025 g\u00f6r plattformar som StrangerCam det enklare \u00e4n n\u00e5gonsin att njuta av <a href=\"https:\/\/strangercam.com\/sv\/cam-to-cam-chat\/\">gratis kamera<\/a> chatt - inga registreringar, inga nedladdningar och inga dolda avgifter. Oavsett om du vill f\u00e5 v\u00e4nner, \u00f6va p\u00e5 ett nytt spr\u00e5k, njuta av en avslappnad flirt eller bara r\u00e5da bot p\u00e5 tristess, \u00e4r cam-chatt ett av de roligaste och mest of\u00f6ruts\u00e4gbara s\u00e4tten att f\u00e5 kontakt online.<\/p>\n<p>Den h\u00e4r guiden t\u00e4cker allt du beh\u00f6ver veta: vad cam chat \u00e4r, varf\u00f6r det \u00e4r s\u00e5 popul\u00e4rt, hur det fungerar, vilka funktioner du ska leta efter, plattformsj\u00e4mf\u00f6relser, s\u00e4kerhetstips och varf\u00f6r StrangerCam \u00e4r ett av de b\u00e4sta valen som finns idag.<\/p>\n<h2>Vad \u00e4r Cam Chat?<\/h2>\n<p>Cam chat \u00e4r en onlinetj\u00e4nst som l\u00e5ter dig f\u00e5 direktkontakt med fr\u00e4mlingar genom live videosamtal med hj\u00e4lp av din webbkamera och mikrofon. Till skillnad fr\u00e5n chattrum med enbart text erbjuder cam chat interaktion ansikte mot ansikte, vilket g\u00f6r upplevelsen mycket mer \u00e4kta och spontan.<\/p>\n<p>Id\u00e9n \u00e4r enkel: du aktiverar din webbkamera, klickar p\u00e5 \"Starta chatt\" och blir direkt ihopkopplad med en annan person. Om konversationen inte klickar, tryck bara p\u00e5 N\u00e4sta f\u00f6r att matchas med n\u00e5gon annan.<\/p>\n<h2>Varf\u00f6r m\u00e4nniskor \u00e4lskar gratis Cam Chat<\/h2>\n<p>\u00d6kningen av populariteten f\u00f6r gratis cam-chatt \u00e4r ingen \u00f6verraskning. H\u00e4r \u00e4r varf\u00f6r m\u00e4nniskor runt om i v\u00e4rlden anv\u00e4nder det dagligen:<\/p>\n<ul>\n<li>Spontant kul: Du vet aldrig vem du tr\u00e4ffar h\u00e4rn\u00e4st.<\/li>\n<li>Autenticitet: Till skillnad fr\u00e5n textbaserade chattar bevisar video att personen \u00e4r verklig.<\/li>\n<li>Omedelbara anslutningar: Inga l\u00e5nga registreringar, profiler eller v\u00e4ntan p\u00e5 svar.<\/li>\n<li>Global r\u00e4ckvidd: Chatta med m\u00e4nniskor \u00f6ver hela v\u00e4rlden, 24\/7.<\/li>\n<li>Varierande: Anv\u00e4nd den f\u00f6r skojs skull, flirt, kulturellt utbyte eller till och med f\u00f6r att \u00f6va p\u00e5 spr\u00e5ket.<\/li>\n<li>Sl\u00e5 bort tristess: Ett snabbt och underh\u00e5llande s\u00e4tt att f\u00f6rdriva tiden.<\/li>\n<\/ul>\n<h2>Hur fungerar Cam Chat?<\/h2>\n<p>Det \u00e4r snabbt och enkelt att komma ig\u00e5ng med cam chat:<\/p>\n<ol>\n<li>\u00d6ppna plattformen (station\u00e4r eller mobil).<\/li>\n<li>Till\u00e5t \u00e5tkomst till kamera och mikrofon.<\/li>\n<li>Klicka p\u00e5 \"Starta chatt\".<\/li>\n<li>F\u00e5 omedelbar kontakt med en slumpm\u00e4ssig person via video.<\/li>\n<li>Klicka p\u00e5 \"N\u00e4sta\" n\u00e4r som helst n\u00e4r du vill tr\u00e4ffa n\u00e5gon ny.<\/li>\n<\/ol>\n<p>Vissa plattformar inneh\u00e5ller ocks\u00e5 extrafunktioner som k\u00f6nsfilter, landfilter och till och med chatt\u00f6vers\u00e4ttning f\u00f6r konversationer p\u00e5 olika spr\u00e5k.<\/p>\n<h2>De b\u00e4sta egenskaperna att leta efter<\/h2>\n<p>Inte alla cam-chattplattformar \u00e4r desamma. H\u00e4r \u00e4r vad du b\u00f6r leta efter p\u00e5 de b\u00e4sta gratis cam-chattwebbplatserna:<\/p>\n<h3>1. Verkligt fri tillg\u00e5ng<\/h3>\n<p>Undvik plattformar som lockar dig med att de \u00e4r \"gratis\" men som d\u00f6ljer grundl\u00e4ggande funktioner bakom betalv\u00e4ggar.<\/p>\n<h3>2. Ingen registrering kr\u00e4vs<\/h3>\n<p>De b\u00e4sta cam-chattj\u00e4nsterna l\u00e5ter dig b\u00f6rja chatta direkt utan registrering.<\/p>\n<h3>3. Filter f\u00f6r k\u00f6n och plats<\/h3>\n<p>Med dessa filter kan du styra vem du ska paras ihop med f\u00f6r en mer skr\u00e4ddarsydd upplevelse.<\/p>\n<h3>4. Stark m\u00e5ttfullhet<\/h3>\n<p>S\u00e4kra plattformar har aktiva modererings- och rapporteringsverktyg f\u00f6r att hantera ol\u00e4mpliga anv\u00e4ndare.<\/p>\n<h3>5. Mobilanpassad design<\/h3>\n<p>Bra plattformar fungerar smidigt p\u00e5 s\u00e5v\u00e4l telefoner som station\u00e4ra datorer.<\/p>\n<h3>6. Video och ljud av h\u00f6g kvalitet<\/h3>\n<p>Tydliga och tillf\u00f6rlitliga anslutningar g\u00f6r samtalen mer naturliga.<\/p>\n<h2>B\u00e4sta Cam Chat-plattformar 2025<\/h2>\n<p>H\u00e4r \u00e4r hur de mest popul\u00e4ra cam chat-plattformarna j\u00e4mf\u00f6rs:<\/p>\n<table>\n<thead>\n<tr>\n<th>Plattform<\/th>\n<th align=\"center\">Fri tillg\u00e5ng<\/th>\n<th align=\"center\">Genusfilter<\/th>\n<th align=\"center\">Anm\u00e4lan kr\u00e4vs<\/th>\n<th align=\"center\">Mobilt st\u00f6d<\/th>\n<th align=\"center\">Moderering<\/th>\n<th>Anteckningar<\/th>\n<\/tr>\n<\/thead>\n<tbody>\n<tr>\n<td>StrangerCam<\/td>\n<td align=\"center\">\u2705<\/td>\n<td align=\"center\">\u2705 (gratis)<\/td>\n<td align=\"center\">\u274c<\/td>\n<td align=\"center\">\u2705<\/td>\n<td align=\"center\">\u2705<\/td>\n<td>B\u00e4sta allround gratis cam chatt<\/td>\n<\/tr>\n<tr>\n<td><a href=\"https:\/\/strangercam.com\/sv\/chatroulette\/\">Chatroulette<\/a><\/td>\n<td align=\"center\">\u2705<\/td>\n<td align=\"center\">\u274c (Betald)<\/td>\n<td align=\"center\">\u274c<\/td>\n<td align=\"center\">\u2705<\/td>\n<td align=\"center\">\u2705<\/td>\n<td>Klassisk plattform, men filter kostar<\/td>\n<\/tr>\n<tr>\n<td>Chatrandom<\/td>\n<td align=\"center\">\u2705<\/td>\n<td align=\"center\">\u274c (Betald)<\/td>\n<td align=\"center\">\u274c<\/td>\n<td align=\"center\">\u2705<\/td>\n<td align=\"center\">\u2705<\/td>\n<td>Popul\u00e4rt, men betalv\u00e4ggar p\u00e5 filter<\/td>\n<\/tr>\n<tr>\n<td><a href=\"https:\/\/strangercam.com\/sv\/ometv\/\">OmeTV<\/a><\/td>\n<td align=\"center\">\u2705<\/td>\n<td align=\"center\">\u274c<\/td>\n<td align=\"center\">\u274c<\/td>\n<td align=\"center\">\u2705<\/td>\n<td align=\"center\">\u2705<\/td>\n<td>Mobilapp tillg\u00e4nglig, endast slumpm\u00e4ssigt<\/td>\n<\/tr>\n<tr>\n<td>Shagle<\/td>\n<td align=\"center\">\u2705<\/td>\n<td align=\"center\">\u274c (Betald)<\/td>\n<td align=\"center\">\u274c<\/td>\n<td align=\"center\">\u2705<\/td>\n<td align=\"center\">\u2705<\/td>\n<td>Driver p\u00e5 uppgraderingar av premium<\/td>\n<\/tr>\n<tr>\n<td><a href=\"https:\/\/strangercam.com\/sv\/coomeet\/\">CooMeet<\/a><\/td>\n<td align=\"center\">\u274c (provperiod)<\/td>\n<td align=\"center\">\u2705<\/td>\n<td align=\"center\">\u2705<\/td>\n<td align=\"center\">\u2705<\/td>\n<td align=\"center\">\u2705<\/td>\n<td>Betalas efter begr\u00e4nsad gratis provperiod<\/td>\n<\/tr>\n<tr>\n<td>LuckyCrush<\/td>\n<td align=\"center\">\u274c<\/td>\n<td align=\"center\">\u2705<\/td>\n<td align=\"center\">\u2705<\/td>\n<td align=\"center\">\u2705<\/td>\n<td align=\"center\">\u2705<\/td>\n<td>Alltid betalda, k\u00f6nsbaserade chattar<\/td>\n<\/tr>\n<\/tbody>\n<\/table>\n<p>Bland dessa \u00e4r StrangerCam en av de enda plattformarna som erbjuder gratis camchat med obegr\u00e4nsad anv\u00e4ndning, ett fungerande k\u00f6nsfilter och ingen registrering kr\u00e4vs.<\/p>\n<h2>Varf\u00f6r StrangerCam \u00e4r det b\u00e4sta valet<\/h2>\n<p>H\u00e4r \u00e4r varf\u00f6r StrangerCam \u00e4r en av de b\u00e4sta plattformarna f\u00f6r camchat 2025:<\/p>\n<h3>1. Helt gratis<\/h3>\n<p>Inga dolda kostnader, provperioder eller krediter - bara obegr\u00e4nsad chatt.<\/p>\n<h3>2. Fritt k\u00f6nsfilter<\/h3>\n<p>V\u00e4lj killar, tjejer eller b\u00e5da - utan att betala.<\/p>\n<h3>3. Ingen registrering beh\u00f6vs<\/h3>\n<p>H\u00e5ll dig anonym och f\u00e5 kontakt direkt.<\/p>\n<h3>4. S\u00e4kert och modererat<\/h3>\n<p>Aktiv moderering och rapporteringsverktyg hj\u00e4lper till att h\u00e5lla plattformen ren.<\/p>\n<h3>5. Global gemenskap<\/h3>\n<p>Tr\u00e4ffa m\u00e4nniskor fr\u00e5n \u00f6ver 100 l\u00e4nder, tillg\u00e4ngligt 24\/7.<\/p>\n<h3>6. Fungerar p\u00e5 alla enheter<\/h3>\n<p>Optimerad f\u00f6r datorer, mobiler och surfplattor.<\/p>\n<h2>Verkliga vittnesm\u00e5l fr\u00e5n anv\u00e4ndare<\/h2>\n<blockquote><p><em>\"Jag letade efter gratis camchat utan dolda kostnader, och StrangerCam var den f\u00f6rsta plattformen som faktiskt levererade.\"<\/em><br \/>\n- Jake, 25 \u00e5r<\/p><\/blockquote>\n<blockquote><p><em>\"Genusfiltret fungerar gratis h\u00e4r, vilket g\u00f6r att det skiljer sig fr\u00e5n andra webbplatser.\"<\/em><br \/>\n- Sophia, 22 \u00e5r<\/p><\/blockquote>\n<blockquote><p><em>\"Det \u00e4r s\u00e5 l\u00e4tt att anv\u00e4nda. Jag fick kontakt med m\u00e4nniskor fr\u00e5n tre kontinenter p\u00e5 bara en kv\u00e4ll.\"<\/em><br \/>\n- Ryan, 28 \u00e5r<\/p><\/blockquote>\n<blockquote><p><em>\"StrangerCam k\u00e4nns s\u00e4krare \u00e4n de flesta andra chattplattformar jag har provat, tack vare modereringen.\"<\/em><br \/>\n- Mia, 20 \u00e5r<\/p><\/blockquote>\n<h2>S\u00e4kerhetstips f\u00f6r cam-chatt<\/h2>\n<p>Det \u00e4r roligt att chatta, men t\u00e4nk alltid p\u00e5 s\u00e4kerheten:<\/p>\n<ul>\n<li>L\u00e4mna inte ut personuppgifter (telefon, e-post, adress).<\/li>\n<li>Hoppa \u00f6ver eller blockera n\u00e5gon som g\u00f6r dig obekv\u00e4m.<\/li>\n<li>Undvik att klicka p\u00e5 l\u00e4nkar fr\u00e5n ok\u00e4nda personer.<\/li>\n<li>Kontrollera din bakgrund innan du s\u00e4tter p\u00e5 webbkameran.<\/li>\n<li>H\u00e5ll dig till plattformsverktyg f\u00f6r rapportering och blockering.<\/li>\n<li>Respektera \u00e5ldersgr\u00e4nser - undvik chattplattformar f\u00f6r vuxna om du \u00e4r under 18 \u00e5r.<\/li>\n<\/ul>\n<h2>S\u00e5 h\u00e4r kommer du ig\u00e5ng - steg f\u00f6r steg<\/h2>\n<p>Det tar mindre \u00e4n en minut att p\u00e5b\u00f6rja en chatt:<\/p>\n<ol>\n<li>\u00d6ppna StrangerCam p\u00e5 din enhet.<\/li>\n<li>Till\u00e5t \u00e5tkomst till kamera och mikrofon.<\/li>\n<li>V\u00e4lj preferenser (t.ex. k\u00f6nsfilter).<\/li>\n<li>Klicka p\u00e5 Starta chatt f\u00f6r att ansluta direkt.<\/li>\n<li>Tryck p\u00e5 Next f\u00f6r att g\u00e5 vidare n\u00e4r som helst.<\/li>\n<\/ol>\n<p>Snabbt, enkelt och gratis.<\/p>\n<h2>Slutliga tankar - Prova gratis Cam Chat idag<\/h2>\n<p>\u00c5r 2025 \u00e4r cam-chatt fortfarande ett av de mest sp\u00e4nnande och autentiska s\u00e4tten att tr\u00e4ffa nya m\u00e4nniskor online. Det \u00e4r roligt, spontant och ger dig direktkontakt med fr\u00e4mlingar \u00f6ver hela v\u00e4rlden.<\/p>\n<p>Men inte alla plattformar levererar - vissa d\u00f6ljer funktioner bakom betalv\u00e4ggar eller \u00f6versv\u00e4mmar sina webbplatser med bots. Det \u00e4r d\u00e4rf\u00f6r StrangerCam \u00e4r det b\u00e4sta valet: det \u00e4r gratis, anonymt, s\u00e4kert och alltid aktivt med riktiga anv\u00e4ndare som \u00e4r redo att chatta.<\/p>\n<p>\u00c4r du redo att uppleva det? Starta en gratis cam-chatt idag och uppt\u00e4ck vem du kommer att tr\u00e4ffa h\u00e4rn\u00e4st.<\/p>","protected":false},"excerpt":{"rendered":"<p>Looking for the best place to enjoy cam chat? You\u2019re not alone. Every day, millions of people around the world use cam chat platforms to meet new people, have fun conversations, and make spontaneous connections online. Unlike dating apps or social networks that require endless scrolling or swiping, cam chat is instant, real, and exciting\u2014you [&hellip;]<\/p>\n","protected":false},"author":8,"featured_media":0,"parent":0,"menu_order":0,"comment_status":"closed","ping_status":"closed","template":"","meta":{"footnotes":""},"class_list":["post-4073","page","type-page","status-publish","hentry"],"yoast_head":"<!-- This site is optimized with the Yoast SEO plugin v27.4 - https:\/\/yoast.com\/product\/yoast-seo-wordpress\/ -->\n<title>Cam Chat with Video Chat on Strangercam.com<\/title>\n<meta name=\"description\" content=\"Liking Cam Chat? Join millions on StrangerCam.com! Start a random video chat, turn on your cam, and meet strangers instantly.\" \/>\n<meta name=\"robots\" content=\"index, follow, max-snippet:-1, max-image-preview:large, max-video-preview:-1\" \/>\n<link rel=\"canonical\" href=\"https:\/\/strangercam.com\/sv\/kam-chatt\/\" \/>\n<meta property=\"og:locale\" content=\"sv_SE\" \/>\n<meta property=\"og:type\" content=\"article\" \/>\n<meta property=\"og:title\" content=\"Cam Chat with Video Chat on Strangercam.com\" \/>\n<meta property=\"og:description\" content=\"Liking Cam Chat? Join millions on StrangerCam.com! Start a random video chat, turn on your cam, and meet strangers instantly.\" \/>\n<meta property=\"og:url\" content=\"https:\/\/strangercam.com\/sv\/kam-chatt\/\" \/>\n<meta property=\"og:site_name\" content=\"Strangercam\" \/>\n<meta property=\"article:publisher\" content=\"https:\/\/www.facebook.com\/strangercam\" \/>\n<meta property=\"article:modified_time\" content=\"2025-09-03T11:47:51+00:00\" \/>\n<meta property=\"og:image\" content=\"https:\/\/strangercam.com\/wp-content\/uploads\/2021\/10\/Untitled-2.png\" \/>\n\t<meta property=\"og:image:width\" content=\"800\" \/>\n\t<meta property=\"og:image:height\" content=\"532\" \/>\n\t<meta property=\"og:image:type\" content=\"image\/png\" \/>\n<meta name=\"twitter:card\" content=\"summary_large_image\" \/>\n<meta name=\"twitter:site\" content=\"@strangercamapp\" \/>\n<meta name=\"twitter:label1\" content=\"Ber\u00e4knad l\u00e4stid\" \/>\n\t<meta name=\"twitter:data1\" content=\"5 minuter\" \/>\n<script type=\"application\/ld+json\" class=\"yoast-schema-graph\">{\"@context\":\"https:\\\/\\\/schema.org\",\"@graph\":[{\"@type\":\"WebPage\",\"@id\":\"https:\\\/\\\/strangercam.com\\\/cam-chat\\\/\",\"url\":\"https:\\\/\\\/strangercam.com\\\/cam-chat\\\/\",\"name\":\"Cam Chat with Video Chat on Strangercam.com\",\"isPartOf\":{\"@id\":\"https:\\\/\\\/strangercam.com\\\/#website\"},\"datePublished\":\"2025-09-03T09:52:49+00:00\",\"dateModified\":\"2025-09-03T11:47:51+00:00\",\"description\":\"Liking Cam Chat? Join millions on StrangerCam.com! Start a random video chat, turn on your cam, and meet strangers instantly.\",\"breadcrumb\":{\"@id\":\"https:\\\/\\\/strangercam.com\\\/cam-chat\\\/#breadcrumb\"},\"inLanguage\":\"sv-SE\",\"potentialAction\":[{\"@type\":\"ReadAction\",\"target\":[\"https:\\\/\\\/strangercam.com\\\/cam-chat\\\/\"]}]},{\"@type\":\"BreadcrumbList\",\"@id\":\"https:\\\/\\\/strangercam.com\\\/cam-chat\\\/#breadcrumb\",\"itemListElement\":[{\"@type\":\"ListItem\",\"position\":1,\"name\":\"Home\",\"item\":\"https:\\\/\\\/strangercam.com\\\/\"},{\"@type\":\"ListItem\",\"position\":2,\"name\":\"Cam Chat\"}]},{\"@type\":\"WebSite\",\"@id\":\"https:\\\/\\\/strangercam.com\\\/#website\",\"url\":\"https:\\\/\\\/strangercam.com\\\/\",\"name\":\"Strangercam\",\"description\":\"Random Video Chat with Strangers\",\"publisher\":{\"@id\":\"https:\\\/\\\/strangercam.com\\\/#organization\"},\"alternateName\":\"Strangercam.com\",\"potentialAction\":[{\"@type\":\"SearchAction\",\"target\":{\"@type\":\"EntryPoint\",\"urlTemplate\":\"https:\\\/\\\/strangercam.com\\\/?s={search_term_string}\"},\"query-input\":{\"@type\":\"PropertyValueSpecification\",\"valueRequired\":true,\"valueName\":\"search_term_string\"}}],\"inLanguage\":\"sv-SE\"},{\"@type\":\"Organization\",\"@id\":\"https:\\\/\\\/strangercam.com\\\/#organization\",\"name\":\"Strangercam\",\"alternateName\":\"Strangercam.com\",\"url\":\"https:\\\/\\\/strangercam.com\\\/\",\"logo\":{\"@type\":\"ImageObject\",\"inLanguage\":\"sv-SE\",\"@id\":\"https:\\\/\\\/strangercam.com\\\/#\\\/schema\\\/logo\\\/image\\\/\",\"url\":\"https:\\\/\\\/strangercam.com\\\/wp-content\\\/uploads\\\/2020\\\/11\\\/cropped-new-favicon-black.png\",\"contentUrl\":\"https:\\\/\\\/strangercam.com\\\/wp-content\\\/uploads\\\/2020\\\/11\\\/cropped-new-favicon-black.png\",\"width\":512,\"height\":512,\"caption\":\"Strangercam\"},\"image\":{\"@id\":\"https:\\\/\\\/strangercam.com\\\/#\\\/schema\\\/logo\\\/image\\\/\"},\"sameAs\":[\"https:\\\/\\\/www.facebook.com\\\/strangercam\",\"https:\\\/\\\/x.com\\\/strangercamapp\"]}]}<\/script>\n<!-- \/ Yoast SEO plugin. -->","yoast_head_json":{"title":"Cam Chat med videochatt p\u00e5 Strangercam.com","description":"Gillar du Cam Chat? Join miljoner p\u00e5 StrangerCam.com! Starta en slumpm\u00e4ssig videochatt, sl\u00e5 p\u00e5 din cam och tr\u00e4ffa fr\u00e4mlingar direkt.","robots":{"index":"index","follow":"follow","max-snippet":"max-snippet:-1","max-image-preview":"max-image-preview:large","max-video-preview":"max-video-preview:-1"},"canonical":"https:\/\/strangercam.com\/sv\/kam-chatt\/","og_locale":"sv_SE","og_type":"article","og_title":"Cam Chat with Video Chat on Strangercam.com","og_description":"Liking Cam Chat? Join millions on StrangerCam.com! Start a random video chat, turn on your cam, and meet strangers instantly.","og_url":"https:\/\/strangercam.com\/sv\/kam-chatt\/","og_site_name":"Strangercam","article_publisher":"https:\/\/www.facebook.com\/strangercam","article_modified_time":"2025-09-03T11:47:51+00:00","og_image":[{"width":800,"height":532,"url":"https:\/\/strangercam.com\/wp-content\/uploads\/2021\/10\/Untitled-2.png","type":"image\/png"}],"twitter_card":"summary_large_image","twitter_site":"@strangercamapp","twitter_misc":{"Ber\u00e4knad l\u00e4stid":"5 minuter"},"schema":{"@context":"https:\/\/schema.org","@graph":[{"@type":"WebPage","@id":"https:\/\/strangercam.com\/cam-chat\/","url":"https:\/\/strangercam.com\/cam-chat\/","name":"Cam Chat med videochatt p\u00e5 Strangercam.com","isPartOf":{"@id":"https:\/\/strangercam.com\/#website"},"datePublished":"2025-09-03T09:52:49+00:00","dateModified":"2025-09-03T11:47:51+00:00","description":"Gillar du Cam Chat? Join miljoner p\u00e5 StrangerCam.com! Starta en slumpm\u00e4ssig videochatt, sl\u00e5 p\u00e5 din cam och tr\u00e4ffa fr\u00e4mlingar direkt.","breadcrumb":{"@id":"https:\/\/strangercam.com\/cam-chat\/#breadcrumb"},"inLanguage":"sv-SE","potentialAction":[{"@type":"ReadAction","target":["https:\/\/strangercam.com\/cam-chat\/"]}]},{"@type":"BreadcrumbList","@id":"https:\/\/strangercam.com\/cam-chat\/#breadcrumb","itemListElement":[{"@type":"ListItem","position":1,"name":"Home","item":"https:\/\/strangercam.com\/"},{"@type":"ListItem","position":2,"name":"Cam Chat"}]},{"@type":"WebSite","@id":"https:\/\/strangercam.com\/#website","url":"https:\/\/strangercam.com\/","name":"Strangercam","description":"Slumpm\u00e4ssig videochatt med fr\u00e4mlingar","publisher":{"@id":"https:\/\/strangercam.com\/#organization"},"alternateName":"Strangercam.com","potentialAction":[{"@type":"SearchAction","target":{"@type":"EntryPoint","urlTemplate":"https:\/\/strangercam.com\/?s={search_term_string}"},"query-input":{"@type":"PropertyValueSpecification","valueRequired":true,"valueName":"search_term_string"}}],"inLanguage":"sv-SE"},{"@type":"Organization","@id":"https:\/\/strangercam.com\/#organization","name":"Strangercam","alternateName":"Strangercam.com","url":"https:\/\/strangercam.com\/","logo":{"@type":"ImageObject","inLanguage":"sv-SE","@id":"https:\/\/strangercam.com\/#\/schema\/logo\/image\/","url":"https:\/\/strangercam.com\/wp-content\/uploads\/2020\/11\/cropped-new-favicon-black.png","contentUrl":"https:\/\/strangercam.com\/wp-content\/uploads\/2020\/11\/cropped-new-favicon-black.png","width":512,"height":512,"caption":"Strangercam"},"image":{"@id":"https:\/\/strangercam.com\/#\/schema\/logo\/image\/"},"sameAs":["https:\/\/www.facebook.com\/strangercam","https:\/\/x.com\/strangercamapp"]}]}},"_links":{"self":[{"href":"https:\/\/strangercam.com\/sv\/wp-json\/wp\/v2\/pages\/4073","targetHints":{"allow":["GET"]}}],"collection":[{"href":"https:\/\/strangercam.com\/sv\/wp-json\/wp\/v2\/pages"}],"about":[{"href":"https:\/\/strangercam.com\/sv\/wp-json\/wp\/v2\/types\/page"}],"author":[{"embeddable":true,"href":"https:\/\/strangercam.com\/sv\/wp-json\/wp\/v2\/users\/8"}],"replies":[{"embeddable":true,"href":"https:\/\/strangercam.com\/sv\/wp-json\/wp\/v2\/comments?post=4073"}],"version-history":[{"count":3,"href":"https:\/\/strangercam.com\/sv\/wp-json\/wp\/v2\/pages\/4073\/revisions"}],"predecessor-version":[{"id":13003,"href":"https:\/\/strangercam.com\/sv\/wp-json\/wp\/v2\/pages\/4073\/revisions\/13003"}],"wp:attachment":[{"href":"https:\/\/strangercam.com\/sv\/wp-json\/wp\/v2\/media?parent=4073"}],"curies":[{"name":"wp","href":"https:\/\/api.w.org\/{rel}","templated":true}]}}