{"id":4056,"date":"2025-09-03T11:50:30","date_gmt":"2025-09-03T09:50:30","guid":{"rendered":"https:\/\/strangercam.com\/?page_id=4056"},"modified":"2025-09-03T13:46:31","modified_gmt":"2025-09-03T11:46:31","slug":"videochatt-med-framling","status":"publish","type":"page","link":"https:\/\/strangercam.com\/sv\/stranger-video-chat\/","title":{"rendered":"Fr\u00e4mmande videochatt"},"content":{"rendered":"<p>Letar du efter det b\u00e4sta s\u00e4ttet att njuta av en fr\u00e4mmande video <a href=\"https:\/\/strangercam.com\/sv\/chathub\/\">chatt<\/a>? Du \u00e4r inte den enda. Varje dag v\u00e4nder sig miljontals m\u00e4nniskor till live videochattplattformar f\u00f6r att f\u00e5 kontakt med fr\u00e4mlingar direkt. Till skillnad fr\u00e5n dejtingappar eller sociala n\u00e4tverk, som ofta k\u00e4nns iscensatta eller tar tid, \u00e4r videochatt med fr\u00e4mlingar spontan, autentisk och verklig.<\/p>\n<p>Med moderna plattformar som StrangerCam kan du starta en gratis videochatt med fr\u00e4mlingar just nu - ingen registrering, inga nedladdningar och inga dolda avgifter. Oavsett om du vill f\u00e5 nya v\u00e4nner, flirta, \u00f6va p\u00e5 ett spr\u00e5k eller bara r\u00e5da bot p\u00e5 tristess, \u00e4r stranger videochat en av de mest sp\u00e4nnande och of\u00f6ruts\u00e4gbara onlineupplevelserna 2025.<\/p>\n<p>Den h\u00e4r guiden leder dig genom allt du beh\u00f6ver veta: vad stranger videochat \u00e4r, varf\u00f6r det \u00e4r popul\u00e4rt, hur det fungerar, vilka funktioner som \u00e4r viktigast, en j\u00e4mf\u00f6relse av de b\u00e4sta plattformarna, s\u00e4kerhetstips och varf\u00f6r StrangerCam \u00e4r ett av de b\u00e4sta valen som finns idag.<\/p>\n<h2>Vad \u00e4r Stranger Video Chat?<\/h2>\n<p>Stranger video chat \u00e4r en onlinetj\u00e4nst som g\u00f6r att du kan f\u00e5 direktkontakt med slumpm\u00e4ssiga personer genom livevideosamtal med hj\u00e4lp av din webbkamera och mikrofon. Aspekten \"fr\u00e4mling\" inneb\u00e4r att du inte vet vem du kommer att tr\u00e4ffa f\u00f6rr\u00e4n anslutningen har gjorts.<\/p>\n<p>Till skillnad fr\u00e5n textchattrum ger videosamtal en mer genuin upplevelse eftersom du kan se och h\u00f6ra personen i realtid. Om du inte gillar chatten kan du helt enkelt klicka p\u00e5 N\u00e4sta f\u00f6r att bli ihopkopplad med n\u00e5gon annan direkt.<\/p>\n<h2>Varf\u00f6r m\u00e4nniskor \u00e4lskar gratis fr\u00e4mling videochatt<\/h2>\n<p>Populariteten f\u00f6r gratis fr\u00e4mlingsvideochatt kommer fr\u00e5n flera viktiga sk\u00e4l:<\/p>\n<ul>\n<li>Spontanitet: Varje chatt \u00e4r annorlunda och of\u00f6ruts\u00e4gbar.<\/li>\n<li>Autenticitet: Video bevisar att personen \u00e4r verklig, inte en bot eller ett falskt konto.<\/li>\n<li>Inga f\u00f6rpliktelser: Inga konton, inga nedladdningar - bara omedelbara chattar.<\/li>\n<li>Global r\u00e4ckvidd: Tr\u00e4ffa fr\u00e4mlingar fr\u00e5n hela v\u00e4rlden n\u00e4r som helst.<\/li>\n<li>Underh\u00e5llning: Perfekt f\u00f6r att f\u00f6rdriva tiden, skaffa v\u00e4nner eller flirta lite l\u00e4ttsamt.<\/li>\n<li>Omedelbar tillfredsst\u00e4llelse: Du beh\u00f6ver inte v\u00e4nta p\u00e5 svar - kontakterna \u00e4r omedelbara.<\/li>\n<\/ul>\n<h2>Hur fungerar Stranger Video Chat?<\/h2>\n<p>Det \u00e4r enkelt att komma ig\u00e5ng med en videochatt med en fr\u00e4mling:<\/p>\n<ol>\n<li>\u00d6ppna plattformen p\u00e5 din telefon eller dator.<\/li>\n<li>Till\u00e5t \u00e5tkomst till kamera och mikrofon.<\/li>\n<li>Klicka p\u00e5 \"Starta chatt\".<\/li>\n<li>Prata ansikte mot ansikte med en slumpm\u00e4ssig fr\u00e4mling direkt.<\/li>\n<li>Klicka p\u00e5 \"N\u00e4sta\" n\u00e4r som helst f\u00f6r att g\u00e5 vidare till n\u00e5gon ny.<\/li>\n<\/ol>\n<p>Vissa plattformar erbjuder ocks\u00e5 avancerade funktioner som k\u00f6nsfilter, platsinst\u00e4llningar och \u00f6vers\u00e4ttningar i chatten.<\/p>\n<h2>De b\u00e4sta egenskaperna att leta efter<\/h2>\n<p>Inte alla fr\u00e4mre videochattplattformar \u00e4r desamma. H\u00e4r \u00e4r vad du b\u00f6r leta efter:<\/p>\n<h3>1. Fri tillg\u00e5ng utan tricks<\/h3>\n<p>Vissa plattformar marknadsf\u00f6r sig som gratis men l\u00e5ser k\u00e4rnfunktionerna bakom betalv\u00e4ggar. V\u00e4lj en webbplats som erbjuder obegr\u00e4nsad fri anv\u00e4ndning.<\/p>\n<h3>2. Ingen registrering beh\u00f6vs<\/h3>\n<p>H\u00e5ll dig anonym och chatta direkt utan att skapa ett konto.<\/p>\n<h3>3. Filter f\u00f6r k\u00f6n och plats<\/h3>\n<p>Hj\u00e4lpsamt f\u00f6r att hitta den typ av m\u00e4nniskor du vill chatta med.<\/p>\n<h3>4. Stark m\u00e5ttfullhet<\/h3>\n<p>Plattformar med rapporteringsverktyg och moderering bidrar till en s\u00e4krare upplevelse.<\/p>\n<h3>5. Mobilanpassad design<\/h3>\n<p>Du ska kunna chatta smidigt p\u00e5 b\u00e5de dator och mobil.<\/p>\n<h3>6. Video och ljud av h\u00f6g kvalitet<\/h3>\n<p>Tydliga och tillf\u00f6rlitliga anslutningar g\u00f6r samtalen roliga.<\/p>\n<h2>B\u00e4sta plattformar f\u00f6r videochatt med fr\u00e4mlingar 2025<\/h2>\n<p>S\u00e5 h\u00e4r j\u00e4mf\u00f6r de mest popul\u00e4ra plattformarna f\u00f6r fr\u00e4mlingsvideochatt:<\/p>\n<table>\n<thead>\n<tr>\n<th>Plattform<\/th>\n<th align=\"center\">Fri tillg\u00e5ng<\/th>\n<th align=\"center\">Genusfilter<\/th>\n<th align=\"center\">Anm\u00e4lan kr\u00e4vs<\/th>\n<th align=\"center\">Mobilt st\u00f6d<\/th>\n<th align=\"center\">Moderering<\/th>\n<th>Anteckningar<\/th>\n<\/tr>\n<\/thead>\n<tbody>\n<tr>\n<td>StrangerCam<\/td>\n<td align=\"center\">\u2705<\/td>\n<td align=\"center\">\u2705 (gratis)<\/td>\n<td align=\"center\">\u274c<\/td>\n<td align=\"center\">\u2705<\/td>\n<td align=\"center\">\u2705<\/td>\n<td>B\u00e4sta \u00f6vergripande val, obegr\u00e4nsat och s\u00e4kert<\/td>\n<\/tr>\n<tr>\n<td><a href=\"https:\/\/strangercam.com\/sv\/chatroulette\/\">Chatroulette<\/a><\/td>\n<td align=\"center\">\u2705<\/td>\n<td align=\"center\">\u274c (Betald)<\/td>\n<td align=\"center\">\u274c<\/td>\n<td align=\"center\">\u2705<\/td>\n<td align=\"center\">\u2705<\/td>\n<td>Klassisk plattform, men filter kostar<\/td>\n<\/tr>\n<tr>\n<td>Chatrandom<\/td>\n<td align=\"center\">\u2705<\/td>\n<td align=\"center\">\u274c (Betald)<\/td>\n<td align=\"center\">\u274c<\/td>\n<td align=\"center\">\u2705<\/td>\n<td align=\"center\">\u2705<\/td>\n<td>Stor anv\u00e4ndarbas, behov av uppgraderingar<\/td>\n<\/tr>\n<tr>\n<td><a href=\"https:\/\/strangercam.com\/sv\/ometv\/\">OmeTV<\/a><\/td>\n<td align=\"center\">\u2705<\/td>\n<td align=\"center\">\u274c<\/td>\n<td align=\"center\">\u274c<\/td>\n<td align=\"center\">\u2705<\/td>\n<td align=\"center\">\u2705<\/td>\n<td>Enbart slumpm\u00e4ssigt, mobilapp tillg\u00e4nglig<\/td>\n<\/tr>\n<tr>\n<td>Shagle<\/td>\n<td align=\"center\">\u2705<\/td>\n<td align=\"center\">\u274c (Betald)<\/td>\n<td align=\"center\">\u274c<\/td>\n<td align=\"center\">\u2705<\/td>\n<td align=\"center\">\u2705<\/td>\n<td>M\u00e5nga funktioner betalv\u00e4gg<\/td>\n<\/tr>\n<tr>\n<td><a href=\"https:\/\/strangercam.com\/sv\/coomeet\/\">CooMeet<\/a><\/td>\n<td align=\"center\">\u274c (provperiod)<\/td>\n<td align=\"center\">\u2705<\/td>\n<td align=\"center\">\u2705<\/td>\n<td align=\"center\">\u2705<\/td>\n<td align=\"center\">\u2705<\/td>\n<td>Betalas efter kort provperiod<\/td>\n<\/tr>\n<tr>\n<td>LuckyCrush<\/td>\n<td align=\"center\">\u274c<\/td>\n<td align=\"center\">\u2705<\/td>\n<td align=\"center\">\u2705<\/td>\n<td align=\"center\">\u2705<\/td>\n<td align=\"center\">\u2705<\/td>\n<td>Alltid betald, k\u00f6nsbaserad matchning<\/td>\n<\/tr>\n<\/tbody>\n<\/table>\n<p>StrangerCam sticker ut som en av de enda plattformarna som erbjuder gratis videochatt f\u00f6r fr\u00e4mlingar med ett fungerande k\u00f6nsfilter, ingen registrering och obegr\u00e4nsad anv\u00e4ndning.<\/p>\n<h2>Varf\u00f6r StrangerCam \u00e4r det b\u00e4sta valet<\/h2>\n<p>H\u00e4r \u00e4r varf\u00f6r StrangerCam \u00e4r ett av de b\u00e4sta alternativen f\u00f6r fr\u00e4mlingsvideochatt 2025:<\/p>\n<h3>1. 100% Fri<\/h3>\n<p>Obegr\u00e4nsat antal chattar utan dolda kostnader.<\/p>\n<h3>2. Fritt k\u00f6nsfilter<\/h3>\n<p>Tr\u00e4ffa killar, tjejer eller b\u00e5da utan att betala extra.<\/p>\n<h3>3. Ingen registrering kr\u00e4vs<\/h3>\n<p>H\u00e5ll dig anonym och f\u00e5 kontakt direkt.<\/p>\n<h3>4. S\u00e4kert och modererat<\/h3>\n<p>Genom att vara m\u00e5ttfull s\u00e4kerst\u00e4ller vi en ren och v\u00e4nlig milj\u00f6.<\/p>\n<h3>5. Global anv\u00e4ndarbas<\/h3>\n<p>Tr\u00e4ffa m\u00e4nniskor fr\u00e5n \u00f6ver 100 l\u00e4nder, 24\/7.<\/p>\n<h3>6. Fungerar \u00f6verallt<\/h3>\n<p>Optimerad f\u00f6r mobil, surfplatta och dator.<\/p>\n<h2>Verkliga vittnesm\u00e5l fr\u00e5n anv\u00e4ndare<\/h2>\n<blockquote><p><em>\"Jag ville bara ha en videochatt f\u00f6r fr\u00e4mlingar som inte tvingade mig att betala. StrangerCam var den f\u00f6rsta webbplatsen som faktiskt var gratis.\"<\/em><br \/>\n- Liam, 25 \u00e5r<\/p><\/blockquote>\n<blockquote><p><em>\"K\u00f6nsfiltret \u00e4r gratis och fungerar perfekt. Andra webbplatser f\u00f6rs\u00f6ker alltid ta betalt f\u00f6r det.\"<\/em><br \/>\n- Sophia, 23 \u00e5r<\/p><\/blockquote>\n<blockquote><p><em>\"Jag fick kontakt med m\u00e4nniskor fr\u00e5n fem olika l\u00e4nder p\u00e5 en och samma kv\u00e4ll. Det \u00e4r beroendeframkallande men s\u00e5 roligt.\"<\/em><br \/>\n- Ryan, 30 \u00e5r<\/p><\/blockquote>\n<blockquote><p><em>\"Det k\u00e4nns s\u00e4krare \u00e4n andra slumpm\u00e4ssiga chattwebbplatser jag f\u00f6rs\u00f6kte. StrangerCam har b\u00e4ttre moderering och en v\u00e4nlig atmosf\u00e4r.\"<\/em><br \/>\n- Emma, 21 \u00e5r<\/p><\/blockquote>\n<h2>S\u00e4kerhetstips f\u00f6r videochatt med fr\u00e4mmande personer<\/h2>\n<p>\u00c4ven om videochattar med fr\u00e4mlingar \u00e4r roliga ska du alltid prioritera s\u00e4kerheten:<\/p>\n<ul>\n<li>L\u00e4mna inte ut personuppgifter (telefon, e-post, adress).<\/li>\n<li>Hoppa \u00f6ver eller blockera n\u00e5gon som g\u00f6r dig obekv\u00e4m.<\/li>\n<li>Undvik att klicka p\u00e5 misst\u00e4nkta l\u00e4nkar.<\/li>\n<li>Kontrollera webbkamerans bakgrund innan du p\u00e5b\u00f6rjar ett samtal.<\/li>\n<li>Anv\u00e4nd rapporteringsverktyg vid behov.<\/li>\n<li>Respektera \u00e5ldersregler - om du \u00e4r under 18 \u00e5r ska du undvika chattplattformar f\u00f6r vuxna.<\/li>\n<\/ul>\n<h2>S\u00e5 h\u00e4r kommer du ig\u00e5ng - steg f\u00f6r steg<\/h2>\n<p>Det tar mindre \u00e4n en minut att starta en videochatt med en fr\u00e4mling:<\/p>\n<ol>\n<li>\u00d6ppna StrangerCam p\u00e5 din enhet.<\/li>\n<li>Till\u00e5t \u00e5tkomst till kamera och mikrofon.<\/li>\n<li>V\u00e4lj preferenser (t.ex. k\u00f6nsfilter).<\/li>\n<li>Klicka p\u00e5 Starta chatt f\u00f6r att ansluta direkt.<\/li>\n<li>Tryck p\u00e5 N\u00e4sta n\u00e4r som helst f\u00f6r ett nytt samtal.<\/li>\n<\/ol>\n<p>Enkelt, snabbt och helt gratis.<\/p>\n<h2>Slutliga tankar - Prova gratis fr\u00e4mling videochatt idag<\/h2>\n<p>\u00c5r 2025 \u00e4r fr\u00e4mling videochatt ett av de mest sp\u00e4nnande och autentiska s\u00e4tten att tr\u00e4ffa nya m\u00e4nniskor online. Det \u00e4r spontant, roligt och ger dig omedelbara kontakter med riktiga m\u00e4nniskor \u00f6ver hela v\u00e4rlden.<\/p>\n<p>Inte alla plattformar levererar - m\u00e5nga d\u00f6ljer filter bakom betalv\u00e4ggar eller \u00e4r fyllda med bots. Det \u00e4r d\u00e4rf\u00f6r StrangerCam \u00e4r det b\u00e4sta valet: det \u00e4r gratis, anonymt, s\u00e4kert och aktivt 24\/7 med m\u00e4nniskor som \u00e4r redo att chatta.<\/p>\n<p>\u00c4r du redo att uppleva det? Starta en gratis videochatt med en fr\u00e4mling idag och se vem du tr\u00e4ffar h\u00e4rn\u00e4st.<\/p>","protected":false},"excerpt":{"rendered":"<p>Are you searching for the best way to enjoy a stranger video chat? You\u2019re not the only one. Every day, millions of people turn to live video chat platforms to connect with strangers instantly. Unlike dating apps or social networks, which often feel staged or take time, stranger video chat is spontaneous, authentic, and real. [&hellip;]<\/p>\n","protected":false},"author":8,"featured_media":0,"parent":0,"menu_order":0,"comment_status":"closed","ping_status":"closed","template":"","meta":{"footnotes":""},"class_list":["post-4056","page","type-page","status-publish","hentry"],"yoast_head":"<!-- This site is optimized with the Yoast SEO plugin v27.4 - https:\/\/yoast.com\/product\/yoast-seo-wordpress\/ -->\n<title>Stranger Video Chat with Video Chat on Strangercam.com<\/title>\n<meta name=\"description\" content=\"Liking Stranger Video Chat? Join millions on StrangerCam.com! Start a random video chat, turn on your cam, and meet strangers instantly.\" \/>\n<meta name=\"robots\" content=\"index, follow, max-snippet:-1, max-image-preview:large, max-video-preview:-1\" \/>\n<link rel=\"canonical\" href=\"https:\/\/strangercam.com\/sv\/videochatt-med-framling\/\" \/>\n<meta property=\"og:locale\" content=\"sv_SE\" \/>\n<meta property=\"og:type\" content=\"article\" \/>\n<meta property=\"og:title\" content=\"Stranger Video Chat with Video Chat on Strangercam.com\" \/>\n<meta property=\"og:description\" content=\"Liking Stranger Video Chat? Join millions on StrangerCam.com! Start a random video chat, turn on your cam, and meet strangers instantly.\" \/>\n<meta property=\"og:url\" content=\"https:\/\/strangercam.com\/sv\/videochatt-med-framling\/\" \/>\n<meta property=\"og:site_name\" content=\"Strangercam\" \/>\n<meta property=\"article:publisher\" content=\"https:\/\/www.facebook.com\/strangercam\" \/>\n<meta property=\"article:modified_time\" content=\"2025-09-03T11:46:31+00:00\" \/>\n<meta property=\"og:image\" content=\"https:\/\/strangercam.com\/wp-content\/uploads\/2021\/10\/Untitled-2.png\" \/>\n\t<meta property=\"og:image:width\" content=\"800\" \/>\n\t<meta property=\"og:image:height\" content=\"532\" \/>\n\t<meta property=\"og:image:type\" content=\"image\/png\" \/>\n<meta name=\"twitter:card\" content=\"summary_large_image\" \/>\n<meta name=\"twitter:site\" content=\"@strangercamapp\" \/>\n<meta name=\"twitter:label1\" content=\"Ber\u00e4knad l\u00e4stid\" \/>\n\t<meta name=\"twitter:data1\" content=\"4 minuter\" \/>\n<script type=\"application\/ld+json\" class=\"yoast-schema-graph\">{\"@context\":\"https:\\\/\\\/schema.org\",\"@graph\":[{\"@type\":\"WebPage\",\"@id\":\"https:\\\/\\\/strangercam.com\\\/stranger-video-chat\\\/\",\"url\":\"https:\\\/\\\/strangercam.com\\\/stranger-video-chat\\\/\",\"name\":\"Stranger Video Chat with Video Chat on Strangercam.com\",\"isPartOf\":{\"@id\":\"https:\\\/\\\/strangercam.com\\\/#website\"},\"datePublished\":\"2025-09-03T09:50:30+00:00\",\"dateModified\":\"2025-09-03T11:46:31+00:00\",\"description\":\"Liking Stranger Video Chat? Join millions on StrangerCam.com! Start a random video chat, turn on your cam, and meet strangers instantly.\",\"breadcrumb\":{\"@id\":\"https:\\\/\\\/strangercam.com\\\/stranger-video-chat\\\/#breadcrumb\"},\"inLanguage\":\"sv-SE\",\"potentialAction\":[{\"@type\":\"ReadAction\",\"target\":[\"https:\\\/\\\/strangercam.com\\\/stranger-video-chat\\\/\"]}]},{\"@type\":\"BreadcrumbList\",\"@id\":\"https:\\\/\\\/strangercam.com\\\/stranger-video-chat\\\/#breadcrumb\",\"itemListElement\":[{\"@type\":\"ListItem\",\"position\":1,\"name\":\"Home\",\"item\":\"https:\\\/\\\/strangercam.com\\\/\"},{\"@type\":\"ListItem\",\"position\":2,\"name\":\"Stranger Video Chat\"}]},{\"@type\":\"WebSite\",\"@id\":\"https:\\\/\\\/strangercam.com\\\/#website\",\"url\":\"https:\\\/\\\/strangercam.com\\\/\",\"name\":\"Strangercam\",\"description\":\"Random Video Chat with Strangers\",\"publisher\":{\"@id\":\"https:\\\/\\\/strangercam.com\\\/#organization\"},\"alternateName\":\"Strangercam.com\",\"potentialAction\":[{\"@type\":\"SearchAction\",\"target\":{\"@type\":\"EntryPoint\",\"urlTemplate\":\"https:\\\/\\\/strangercam.com\\\/?s={search_term_string}\"},\"query-input\":{\"@type\":\"PropertyValueSpecification\",\"valueRequired\":true,\"valueName\":\"search_term_string\"}}],\"inLanguage\":\"sv-SE\"},{\"@type\":\"Organization\",\"@id\":\"https:\\\/\\\/strangercam.com\\\/#organization\",\"name\":\"Strangercam\",\"alternateName\":\"Strangercam.com\",\"url\":\"https:\\\/\\\/strangercam.com\\\/\",\"logo\":{\"@type\":\"ImageObject\",\"inLanguage\":\"sv-SE\",\"@id\":\"https:\\\/\\\/strangercam.com\\\/#\\\/schema\\\/logo\\\/image\\\/\",\"url\":\"https:\\\/\\\/strangercam.com\\\/wp-content\\\/uploads\\\/2020\\\/11\\\/cropped-new-favicon-black.png\",\"contentUrl\":\"https:\\\/\\\/strangercam.com\\\/wp-content\\\/uploads\\\/2020\\\/11\\\/cropped-new-favicon-black.png\",\"width\":512,\"height\":512,\"caption\":\"Strangercam\"},\"image\":{\"@id\":\"https:\\\/\\\/strangercam.com\\\/#\\\/schema\\\/logo\\\/image\\\/\"},\"sameAs\":[\"https:\\\/\\\/www.facebook.com\\\/strangercam\",\"https:\\\/\\\/x.com\\\/strangercamapp\"]}]}<\/script>\n<!-- \/ Yoast SEO plugin. -->","yoast_head_json":{"title":"Fr\u00e4mling videochatt med videochatt p\u00e5 Strangercam.com","description":"Gillar du Stranger Video Chat? Join miljoner p\u00e5 StrangerCam.com! Starta en slumpm\u00e4ssig videochatt, sl\u00e5 p\u00e5 din cam och tr\u00e4ffa fr\u00e4mlingar direkt.","robots":{"index":"index","follow":"follow","max-snippet":"max-snippet:-1","max-image-preview":"max-image-preview:large","max-video-preview":"max-video-preview:-1"},"canonical":"https:\/\/strangercam.com\/sv\/videochatt-med-framling\/","og_locale":"sv_SE","og_type":"article","og_title":"Stranger Video Chat with Video Chat on Strangercam.com","og_description":"Liking Stranger Video Chat? Join millions on StrangerCam.com! Start a random video chat, turn on your cam, and meet strangers instantly.","og_url":"https:\/\/strangercam.com\/sv\/videochatt-med-framling\/","og_site_name":"Strangercam","article_publisher":"https:\/\/www.facebook.com\/strangercam","article_modified_time":"2025-09-03T11:46:31+00:00","og_image":[{"width":800,"height":532,"url":"https:\/\/strangercam.com\/wp-content\/uploads\/2021\/10\/Untitled-2.png","type":"image\/png"}],"twitter_card":"summary_large_image","twitter_site":"@strangercamapp","twitter_misc":{"Ber\u00e4knad l\u00e4stid":"4 minuter"},"schema":{"@context":"https:\/\/schema.org","@graph":[{"@type":"WebPage","@id":"https:\/\/strangercam.com\/stranger-video-chat\/","url":"https:\/\/strangercam.com\/stranger-video-chat\/","name":"Fr\u00e4mling videochatt med videochatt p\u00e5 Strangercam.com","isPartOf":{"@id":"https:\/\/strangercam.com\/#website"},"datePublished":"2025-09-03T09:50:30+00:00","dateModified":"2025-09-03T11:46:31+00:00","description":"Gillar du Stranger Video Chat? Join miljoner p\u00e5 StrangerCam.com! Starta en slumpm\u00e4ssig videochatt, sl\u00e5 p\u00e5 din cam och tr\u00e4ffa fr\u00e4mlingar direkt.","breadcrumb":{"@id":"https:\/\/strangercam.com\/stranger-video-chat\/#breadcrumb"},"inLanguage":"sv-SE","potentialAction":[{"@type":"ReadAction","target":["https:\/\/strangercam.com\/stranger-video-chat\/"]}]},{"@type":"BreadcrumbList","@id":"https:\/\/strangercam.com\/stranger-video-chat\/#breadcrumb","itemListElement":[{"@type":"ListItem","position":1,"name":"Home","item":"https:\/\/strangercam.com\/"},{"@type":"ListItem","position":2,"name":"Stranger Video Chat"}]},{"@type":"WebSite","@id":"https:\/\/strangercam.com\/#website","url":"https:\/\/strangercam.com\/","name":"Strangercam","description":"Slumpm\u00e4ssig videochatt med fr\u00e4mlingar","publisher":{"@id":"https:\/\/strangercam.com\/#organization"},"alternateName":"Strangercam.com","potentialAction":[{"@type":"SearchAction","target":{"@type":"EntryPoint","urlTemplate":"https:\/\/strangercam.com\/?s={search_term_string}"},"query-input":{"@type":"PropertyValueSpecification","valueRequired":true,"valueName":"search_term_string"}}],"inLanguage":"sv-SE"},{"@type":"Organization","@id":"https:\/\/strangercam.com\/#organization","name":"Strangercam","alternateName":"Strangercam.com","url":"https:\/\/strangercam.com\/","logo":{"@type":"ImageObject","inLanguage":"sv-SE","@id":"https:\/\/strangercam.com\/#\/schema\/logo\/image\/","url":"https:\/\/strangercam.com\/wp-content\/uploads\/2020\/11\/cropped-new-favicon-black.png","contentUrl":"https:\/\/strangercam.com\/wp-content\/uploads\/2020\/11\/cropped-new-favicon-black.png","width":512,"height":512,"caption":"Strangercam"},"image":{"@id":"https:\/\/strangercam.com\/#\/schema\/logo\/image\/"},"sameAs":["https:\/\/www.facebook.com\/strangercam","https:\/\/x.com\/strangercamapp"]}]}},"_links":{"self":[{"href":"https:\/\/strangercam.com\/sv\/wp-json\/wp\/v2\/pages\/4056","targetHints":{"allow":["GET"]}}],"collection":[{"href":"https:\/\/strangercam.com\/sv\/wp-json\/wp\/v2\/pages"}],"about":[{"href":"https:\/\/strangercam.com\/sv\/wp-json\/wp\/v2\/types\/page"}],"author":[{"embeddable":true,"href":"https:\/\/strangercam.com\/sv\/wp-json\/wp\/v2\/users\/8"}],"replies":[{"embeddable":true,"href":"https:\/\/strangercam.com\/sv\/wp-json\/wp\/v2\/comments?post=4056"}],"version-history":[{"count":3,"href":"https:\/\/strangercam.com\/sv\/wp-json\/wp\/v2\/pages\/4056\/revisions"}],"predecessor-version":[{"id":13001,"href":"https:\/\/strangercam.com\/sv\/wp-json\/wp\/v2\/pages\/4056\/revisions\/13001"}],"wp:attachment":[{"href":"https:\/\/strangercam.com\/sv\/wp-json\/wp\/v2\/media?parent=4056"}],"curies":[{"name":"wp","href":"https:\/\/api.w.org\/{rel}","templated":true}]}}