{"id":4039,"date":"2025-09-03T11:47:55","date_gmt":"2025-09-03T09:47:55","guid":{"rendered":"https:\/\/strangercam.com\/?page_id=4039"},"modified":"2025-09-03T13:44:58","modified_gmt":"2025-09-03T11:44:58","slug":"slumpmassig-videochatt-med-framlingar","status":"publish","type":"page","link":"https:\/\/strangercam.com\/sv\/random-video-chat-with-strangers\/","title":{"rendered":"Slumpm\u00e4ssig videochatt med fr\u00e4mlingar"},"content":{"rendered":"<p>Letar du efter det b\u00e4sta s\u00e4ttet att njuta av en slumpm\u00e4ssig video <a href=\"https:\/\/strangercam.com\/sv\/chathub\/\">chatt<\/a> med fr\u00e4mlingar? Du \u00e4r inte ensam om det. Varje m\u00e5nad g\u00e5r miljontals m\u00e4nniskor runt om i v\u00e4rlden online f\u00f6r att f\u00e5 direktkontakt med fr\u00e4mlingar - oavsett om det \u00e4r f\u00f6r skojs skull, v\u00e4nskap, kulturutbyte eller l\u00e4ttsam flirt. Till skillnad fr\u00e5n dejtingappar eller sociala medier, som kan k\u00e4nnas l\u00e5ngsamma eller konstgjorda, \u00e4r slumpm\u00e4ssiga videochattar spontana, autentiska och sp\u00e4nnande.<\/p>\n<p>Tack vare plattformar som StrangerCam kan du starta en gratis slumpm\u00e4ssig videochatt med fr\u00e4mlingar idag - inga registreringar, inga nedladdningar och inga dolda kostnader. Med bara ett klick \u00e4r du ansikte mot ansikte med n\u00e5gon ny var som helst i v\u00e4rlden.<\/p>\n<p>Den h\u00e4r guiden leder dig genom allt du beh\u00f6ver veta: vad slumpm\u00e4ssig videochatt med fr\u00e4mlingar \u00e4r, varf\u00f6r m\u00e4nniskor \u00e4lskar det, hur det fungerar, vilka funktioner du ska leta efter, plattformsj\u00e4mf\u00f6relser, s\u00e4kerhetstips och varf\u00f6r StrangerCam \u00e4r ett av de b\u00e4sta valen 2025.<\/p>\n<h2>Vad \u00e4r slumpm\u00e4ssig videochatt med fr\u00e4mlingar?<\/h2>\n<p>En slumpm\u00e4ssig videochatt med fr\u00e4mlingar \u00e4r en onlinefunktion som ansluter dig direkt till andra m\u00e4nniskor via webbkamera och mikrofon. Till skillnad fr\u00e5n chattrum med enbart text ger videochatt en levande interaktion ansikte mot ansikte, vilket g\u00f6r konversationer mer verkliga och engagerande.<\/p>\n<p>Du beh\u00f6ver inte skapa ett konto eller fylla i en profil. Klicka bara p\u00e5 \"Start\" och inom n\u00e5gra sekunder pratar du med en ny person. Om du inte tycker om konversationen kan du trycka p\u00e5 N\u00e4sta s\u00e5 kopplas du ihop med n\u00e5gon annan direkt.<\/p>\n<h2>Varf\u00f6r m\u00e4nniskor \u00e4lskar gratis slumpm\u00e4ssig videochatt med fr\u00e4mlingar<\/h2>\n<p>Populariteten f\u00f6r gratis slumpm\u00e4ssig videochatt med fr\u00e4mlingar kommer ner till flera viktiga sk\u00e4l:<\/p>\n<ul>\n<li>Spontanitet: Varje chatt \u00e4r annorlunda och of\u00f6ruts\u00e4gbar.<\/li>\n<li>Autenticitet: Livevideo s\u00e4kerst\u00e4ller att du tr\u00e4ffar riktiga m\u00e4nniskor, inte robotar.<\/li>\n<li>Inget \u00e5tagande: Inga konton, inga nedladdningar - bara omedelbara konversationer.<\/li>\n<li>Global r\u00e4ckvidd: Tr\u00e4ffa m\u00e4nniskor fr\u00e5n dussintals l\u00e4nder i realtid.<\/li>\n<li>V\u00e4nskap och n\u00f6je: Vissa anv\u00e4nder det f\u00f6r att f\u00e5 v\u00e4nner, andra f\u00f6r att flirta eller underh\u00e5lla.<\/li>\n<li>Snabb flykt fr\u00e5n tristess: Perfekt n\u00e4r du vill bryta din rutin.<\/li>\n<\/ul>\n<h2>Hur fungerar slumpm\u00e4ssig videochatt med fr\u00e4mlingar?<\/h2>\n<p>Det \u00e4r enkelt och g\u00e5r snabbt att komma ig\u00e5ng:<\/p>\n<ol>\n<li>\u00d6ppna en plattform som StrangerCam p\u00e5 din telefon eller dator.<\/li>\n<li>Till\u00e5t \u00e5tkomst till din webbkamera och mikrofon.<\/li>\n<li>Klicka p\u00e5 \"Starta chatt\".<\/li>\n<li>Prata ansikte mot ansikte med en slumpm\u00e4ssig fr\u00e4mling direkt.<\/li>\n<li>Klicka p\u00e5 \"N\u00e4sta\" n\u00e4r som helst f\u00f6r att tr\u00e4ffa n\u00e5gon ny.<\/li>\n<\/ol>\n<p>Denna cykel kan upprepas i all o\u00e4ndlighet, vilket ger dig obegr\u00e4nsade m\u00f6jligheter att f\u00e5 kontakt.<\/p>\n<h2>De b\u00e4sta egenskaperna att leta efter<\/h2>\n<p>Inte alla plattformar \u00e4r lika. H\u00e4r \u00e4r vad du b\u00f6r leta efter n\u00e4r du v\u00e4ljer en webbplats f\u00f6r slumpm\u00e4ssig videochatt med fr\u00e4mlingar:<\/p>\n<h3>1. Verkligt fri tillg\u00e5ng<\/h3>\n<p>Vissa webbplatser p\u00e5st\u00e5r att de \u00e4r gratis men blockerar viktiga funktioner bakom betalv\u00e4ggar. Leta efter obegr\u00e4nsad \u00e5tkomst utan tricks.<\/p>\n<h3>2. Ingen registrering beh\u00f6vs<\/h3>\n<p>De b\u00e4sta webbplatserna kr\u00e4ver inte registrering, konton eller personlig information.<\/p>\n<h3>3. Filter f\u00f6r k\u00f6n och plats<\/h3>\n<p>Anv\u00e4ndbart om du vill tr\u00e4ffa specifika typer av m\u00e4nniskor.<\/p>\n<h3>4. Stark m\u00e5ttfullhet<\/h3>\n<p>Rapporteringsverktyg och modereringssystem s\u00e4kerst\u00e4ller en s\u00e4ker milj\u00f6.<\/p>\n<h3>5. Mobilanpassad design<\/h3>\n<p>En bra plattform ska fungera lika smidigt i mobilen som p\u00e5 datorn.<\/p>\n<h3>6. Video och ljud av h\u00f6g kvalitet<\/h3>\n<p>Tydliga och stabila anslutningar g\u00f6r samtalen roligare.<\/p>\n<h2>B\u00e4sta plattformarna f\u00f6r slumpm\u00e4ssig videochatt med fr\u00e4mlingar 2025<\/h2>\n<p>H\u00e4r \u00e4r en j\u00e4mf\u00f6relse av popul\u00e4ra plattformar som erbjuder slumpm\u00e4ssiga videochattar med fr\u00e4mlingar:<\/p>\n<table>\n<thead>\n<tr>\n<th>Plattform<\/th>\n<th align=\"center\">Fri tillg\u00e5ng<\/th>\n<th align=\"center\">Genusfilter<\/th>\n<th align=\"center\">Anm\u00e4lan kr\u00e4vs<\/th>\n<th align=\"center\">Mobilt st\u00f6d<\/th>\n<th align=\"center\">Moderering<\/th>\n<th>Anteckningar<\/th>\n<\/tr>\n<\/thead>\n<tbody>\n<tr>\n<td>StrangerCam<\/td>\n<td align=\"center\">\u2705<\/td>\n<td align=\"center\">\u2705 (gratis)<\/td>\n<td align=\"center\">\u274c<\/td>\n<td align=\"center\">\u2705<\/td>\n<td align=\"center\">\u2705<\/td>\n<td>B\u00e4sta \u00f6vergripande val, helt fritt<\/td>\n<\/tr>\n<tr>\n<td><a href=\"https:\/\/strangercam.com\/sv\/chatroulette\/\">Chatroulette<\/a><\/td>\n<td align=\"center\">\u2705<\/td>\n<td align=\"center\">\u274c (Betald)<\/td>\n<td align=\"center\">\u274c<\/td>\n<td align=\"center\">\u2705<\/td>\n<td align=\"center\">\u2705<\/td>\n<td>Klassiskt alternativ, men filterkostnad<\/td>\n<\/tr>\n<tr>\n<td>Chatrandom<\/td>\n<td align=\"center\">\u2705<\/td>\n<td align=\"center\">\u274c (Betald)<\/td>\n<td align=\"center\">\u274c<\/td>\n<td align=\"center\">\u2705<\/td>\n<td align=\"center\">\u2705<\/td>\n<td>Popul\u00e4r, men premiumfunktioner l\u00e5sta<\/td>\n<\/tr>\n<tr>\n<td><a href=\"https:\/\/strangercam.com\/sv\/ometv\/\">OmeTV<\/a><\/td>\n<td align=\"center\">\u2705<\/td>\n<td align=\"center\">\u274c<\/td>\n<td align=\"center\">\u274c<\/td>\n<td align=\"center\">\u2705<\/td>\n<td align=\"center\">\u2705<\/td>\n<td>Enbart slumpm\u00e4ssigt, mobilapp tillg\u00e4nglig<\/td>\n<\/tr>\n<tr>\n<td>Shagle<\/td>\n<td align=\"center\">\u2705<\/td>\n<td align=\"center\">\u274c (Betald)<\/td>\n<td align=\"center\">\u274c<\/td>\n<td align=\"center\">\u2705<\/td>\n<td align=\"center\">\u2705<\/td>\n<td>Lyfter fram premiumfunktioner i stor utstr\u00e4ckning<\/td>\n<\/tr>\n<tr>\n<td><a href=\"https:\/\/strangercam.com\/sv\/coomeet\/\">CooMeet<\/a><\/td>\n<td align=\"center\">\u274c (provperiod)<\/td>\n<td align=\"center\">\u2705<\/td>\n<td align=\"center\">\u2705<\/td>\n<td align=\"center\">\u2705<\/td>\n<td align=\"center\">\u2705<\/td>\n<td>Betald efter en kort testperiod<\/td>\n<\/tr>\n<tr>\n<td>LuckyCrush<\/td>\n<td align=\"center\">\u274c<\/td>\n<td align=\"center\">\u2705<\/td>\n<td align=\"center\">\u2705<\/td>\n<td align=\"center\">\u2705<\/td>\n<td align=\"center\">\u2705<\/td>\n<td>Alltid betald, k\u00f6nsbaserad chatt<\/td>\n<\/tr>\n<\/tbody>\n<\/table>\n<p>Bland dessa sticker StrangerCam ut som en av de enda plattformarna som erbjuder gratis slumpm\u00e4ssig videochatt med fr\u00e4mlingar med obegr\u00e4nsad tillg\u00e5ng, ingen registrering och ett fungerande k\u00f6nsfilter.<\/p>\n<h2>Varf\u00f6r StrangerCam \u00e4r det b\u00e4sta valet<\/h2>\n<p>H\u00e4r \u00e4r varf\u00f6r StrangerCam \u00e4r det b\u00e4sta valet f\u00f6r slumpm\u00e4ssig videochatt med fr\u00e4mlingar 2025:<\/p>\n<h3>1. Helt gratis<\/h3>\n<p>Inga krediter, provperioder eller dolda avgifter - obegr\u00e4nsad chatt gratis.<\/p>\n<h3>2. Fritt k\u00f6nsfilter<\/h3>\n<p>V\u00e4lj vem du vill tr\u00e4ffa - killar, tjejer eller b\u00e5da - utan att betala.<\/p>\n<h3>3. Ingen registrering kr\u00e4vs<\/h3>\n<p>H\u00e5ll dig anonym och f\u00e5 kontakt direkt.<\/p>\n<h3>4. S\u00e4kert och modererat<\/h3>\n<p>Med aktiva modererings- och rapporteringsverktyg h\u00e5ller StrangerCam milj\u00f6n positiv.<\/p>\n<h3>5. Global anv\u00e4ndarbas<\/h3>\n<p>Tr\u00e4ffa fr\u00e4mlingar fr\u00e5n \u00f6ver 100 l\u00e4nder, tillg\u00e4ngligt 24\/7.<\/p>\n<h3>6. Optimerad f\u00f6r alla enheter<\/h3>\n<p>Fungerar perfekt p\u00e5 b\u00e5de mobil och dator.<\/p>\n<h2>Verkliga vittnesm\u00e5l fr\u00e5n anv\u00e4ndare<\/h2>\n<blockquote><p><em>\"Jag ville ha en plattform d\u00e4r jag kunde slumpm\u00e4ssigt videochatta med fr\u00e4mlingar utan att betala. StrangerCam var den enda webbplatsen som faktiskt levererade.\"<\/em><br \/>\n- Chris, 25 \u00e5r<\/p><\/blockquote>\n<blockquote><p><em>\"Genusfiltret fungerar perfekt och \u00e4r gratis. Det \u00e4r ovanligt nuf\u00f6rtiden.\"<\/em><br \/>\n- Sophia, 22 \u00e5r<\/p><\/blockquote>\n<blockquote><p><em>\"Jag tr\u00e4ffade m\u00e4nniskor fr\u00e5n fem l\u00e4nder p\u00e5 mindre \u00e4n en timme. Det \u00e4r beroendeframkallande men roligt.\"<\/em><br \/>\n- Ryan, 29 \u00e5r<\/p><\/blockquote>\n<blockquote><p><em>\"StrangerCam \u00e4r s\u00e4kert, enkelt och genuint gratis. Det \u00e4r min favoritplats f\u00f6r att f\u00e5 kontakt online.\"<\/em><br \/>\n- Leah, 21 \u00e5r<\/p><\/blockquote>\n<h2>S\u00e4kerhetstips f\u00f6r slumpm\u00e4ssig videochatt med fr\u00e4mlingar<\/h2>\n<p>\u00c4ven om dessa plattformar \u00e4r roliga b\u00f6r du alltid skydda dig sj\u00e4lv:<\/p>\n<ul>\n<li>Dela aldrig personlig information som namn, telefonnummer eller adress.<\/li>\n<li>Klicka inte p\u00e5 l\u00e4nkar som delas av fr\u00e4mlingar.<\/li>\n<li>Anv\u00e4nd \"N\u00e4sta\" fritt om du k\u00e4nner dig obekv\u00e4m.<\/li>\n<li>Kontrollera din bakgrund innan du s\u00e4tter p\u00e5 kameran.<\/li>\n<li>H\u00e5ll dig till plattformens verktyg f\u00f6r att blockera eller rapportera d\u00e5liga anv\u00e4ndare.<\/li>\n<li>Respektera \u00e5ldersregler - om du \u00e4r under 18 \u00e5r ska du undvika videochattar f\u00f6r vuxna.<\/li>\n<\/ul>\n<h2>S\u00e5 h\u00e4r kommer du ig\u00e5ng - steg f\u00f6r steg<\/h2>\n<p>Det tar mindre \u00e4n en minut att starta en slumpm\u00e4ssig videochatt med fr\u00e4mlingar:<\/p>\n<ol>\n<li>\u00d6ppna StrangerCam i din webbl\u00e4sare eller mobila enhet.<\/li>\n<li>Till\u00e5t \u00e5tkomst till kamera och mikrofon.<\/li>\n<li>V\u00e4lj preferenser (t.ex. k\u00f6nsfilter om tillg\u00e4ngligt).<\/li>\n<li>Klicka p\u00e5 Starta chatt f\u00f6r att ansluta direkt.<\/li>\n<li>Tryck p\u00e5 N\u00e4sta n\u00e4r som helst f\u00f6r att tr\u00e4ffa n\u00e5gon ny.<\/li>\n<\/ol>\n<p>Snabbt, enkelt och helt gratis.<\/p>\n<h2>Slutliga tankar - Prova gratis slumpm\u00e4ssig videochatt med fr\u00e4mlingar idag<\/h2>\n<p>\u00c5r 2025 \u00e4r slumpm\u00e4ssig videochatt med fr\u00e4mlingar fortfarande ett av de roligaste och mest sp\u00e4nnande s\u00e4tten att tr\u00e4ffa nya m\u00e4nniskor online. Det \u00e4r spontant, autentiskt och ger dig direkt kontakt med riktiga m\u00e4nniskor fr\u00e5n hela v\u00e4rlden.<\/p>\n<p>Men det \u00e4r inte alla plattformar som \u00e4r v\u00e4rda det. M\u00e5nga d\u00f6ljer funktioner bakom betalv\u00e4ggar eller \u00e4r \u00f6verk\u00f6rda med bots. Det \u00e4r d\u00e4rf\u00f6r StrangerCam \u00e4r det b\u00e4sta valet: det \u00e4r gratis, anonymt, s\u00e4kert och aktivt 24\/7 med m\u00e4nniskor som \u00e4r redo att chatta.<\/p>\n<p>\u00c4r du redo att prova? Starta en gratis slumpm\u00e4ssig videochatt med fr\u00e4mlingar idag och se vem du tr\u00e4ffar h\u00e4rn\u00e4st.<\/p>","protected":false},"excerpt":{"rendered":"<p>Are you searching for the best way to enjoy a random video chat with strangers? You\u2019re not alone. Every month, millions of people around the world go online to connect instantly with strangers\u2014whether for fun, friendship, cultural exchange, or lighthearted flirting. Unlike dating apps or social media, which can feel slow or artificial, random video [&hellip;]<\/p>\n","protected":false},"author":8,"featured_media":0,"parent":0,"menu_order":0,"comment_status":"closed","ping_status":"closed","template":"","meta":{"footnotes":""},"class_list":["post-4039","page","type-page","status-publish","hentry"],"yoast_head":"<!-- This site is optimized with the Yoast SEO plugin v27.4 - https:\/\/yoast.com\/product\/yoast-seo-wordpress\/ -->\n<title>Random Video Chat With Strangers on Strangercam.com<\/title>\n<meta name=\"description\" content=\"Liking Random Video Chat With Strangers? Join millions on StrangerCam.com! Start a random video chat, turn on your cam, and meet strangers instantly.\" \/>\n<meta name=\"robots\" content=\"index, follow, max-snippet:-1, max-image-preview:large, max-video-preview:-1\" \/>\n<link rel=\"canonical\" href=\"https:\/\/strangercam.com\/sv\/slumpmassig-videochatt-med-framlingar\/\" \/>\n<meta property=\"og:locale\" content=\"sv_SE\" \/>\n<meta property=\"og:type\" content=\"article\" \/>\n<meta property=\"og:title\" content=\"Random Video Chat With Strangers on Strangercam.com\" \/>\n<meta property=\"og:description\" content=\"Liking Random Video Chat With Strangers? Join millions on StrangerCam.com! Start a random video chat, turn on your cam, and meet strangers instantly.\" \/>\n<meta property=\"og:url\" content=\"https:\/\/strangercam.com\/sv\/slumpmassig-videochatt-med-framlingar\/\" \/>\n<meta property=\"og:site_name\" content=\"Strangercam\" \/>\n<meta property=\"article:publisher\" content=\"https:\/\/www.facebook.com\/strangercam\" \/>\n<meta property=\"article:modified_time\" content=\"2025-09-03T11:44:58+00:00\" \/>\n<meta property=\"og:image\" content=\"https:\/\/strangercam.com\/wp-content\/uploads\/2021\/10\/Untitled-2.png\" \/>\n\t<meta property=\"og:image:width\" content=\"800\" \/>\n\t<meta property=\"og:image:height\" content=\"532\" \/>\n\t<meta property=\"og:image:type\" content=\"image\/png\" \/>\n<meta name=\"twitter:card\" content=\"summary_large_image\" \/>\n<meta name=\"twitter:site\" content=\"@strangercamapp\" \/>\n<meta name=\"twitter:label1\" content=\"Ber\u00e4knad l\u00e4stid\" \/>\n\t<meta name=\"twitter:data1\" content=\"5 minuter\" \/>\n<script type=\"application\/ld+json\" class=\"yoast-schema-graph\">{\"@context\":\"https:\\\/\\\/schema.org\",\"@graph\":[{\"@type\":\"WebPage\",\"@id\":\"https:\\\/\\\/strangercam.com\\\/random-video-chat-with-strangers\\\/\",\"url\":\"https:\\\/\\\/strangercam.com\\\/random-video-chat-with-strangers\\\/\",\"name\":\"Random Video Chat With Strangers on Strangercam.com\",\"isPartOf\":{\"@id\":\"https:\\\/\\\/strangercam.com\\\/#website\"},\"datePublished\":\"2025-09-03T09:47:55+00:00\",\"dateModified\":\"2025-09-03T11:44:58+00:00\",\"description\":\"Liking Random Video Chat With Strangers? Join millions on StrangerCam.com! Start a random video chat, turn on your cam, and meet strangers instantly.\",\"breadcrumb\":{\"@id\":\"https:\\\/\\\/strangercam.com\\\/random-video-chat-with-strangers\\\/#breadcrumb\"},\"inLanguage\":\"sv-SE\",\"potentialAction\":[{\"@type\":\"ReadAction\",\"target\":[\"https:\\\/\\\/strangercam.com\\\/random-video-chat-with-strangers\\\/\"]}]},{\"@type\":\"BreadcrumbList\",\"@id\":\"https:\\\/\\\/strangercam.com\\\/random-video-chat-with-strangers\\\/#breadcrumb\",\"itemListElement\":[{\"@type\":\"ListItem\",\"position\":1,\"name\":\"Home\",\"item\":\"https:\\\/\\\/strangercam.com\\\/\"},{\"@type\":\"ListItem\",\"position\":2,\"name\":\"Random Video Chat With Strangers\"}]},{\"@type\":\"WebSite\",\"@id\":\"https:\\\/\\\/strangercam.com\\\/#website\",\"url\":\"https:\\\/\\\/strangercam.com\\\/\",\"name\":\"Strangercam\",\"description\":\"Random Video Chat with Strangers\",\"publisher\":{\"@id\":\"https:\\\/\\\/strangercam.com\\\/#organization\"},\"alternateName\":\"Strangercam.com\",\"potentialAction\":[{\"@type\":\"SearchAction\",\"target\":{\"@type\":\"EntryPoint\",\"urlTemplate\":\"https:\\\/\\\/strangercam.com\\\/?s={search_term_string}\"},\"query-input\":{\"@type\":\"PropertyValueSpecification\",\"valueRequired\":true,\"valueName\":\"search_term_string\"}}],\"inLanguage\":\"sv-SE\"},{\"@type\":\"Organization\",\"@id\":\"https:\\\/\\\/strangercam.com\\\/#organization\",\"name\":\"Strangercam\",\"alternateName\":\"Strangercam.com\",\"url\":\"https:\\\/\\\/strangercam.com\\\/\",\"logo\":{\"@type\":\"ImageObject\",\"inLanguage\":\"sv-SE\",\"@id\":\"https:\\\/\\\/strangercam.com\\\/#\\\/schema\\\/logo\\\/image\\\/\",\"url\":\"https:\\\/\\\/strangercam.com\\\/wp-content\\\/uploads\\\/2020\\\/11\\\/cropped-new-favicon-black.png\",\"contentUrl\":\"https:\\\/\\\/strangercam.com\\\/wp-content\\\/uploads\\\/2020\\\/11\\\/cropped-new-favicon-black.png\",\"width\":512,\"height\":512,\"caption\":\"Strangercam\"},\"image\":{\"@id\":\"https:\\\/\\\/strangercam.com\\\/#\\\/schema\\\/logo\\\/image\\\/\"},\"sameAs\":[\"https:\\\/\\\/www.facebook.com\\\/strangercam\",\"https:\\\/\\\/x.com\\\/strangercamapp\"]}]}<\/script>\n<!-- \/ Yoast SEO plugin. -->","yoast_head_json":{"title":"Slumpm\u00e4ssig videochatt med fr\u00e4mlingar p\u00e5 Strangercam.com","description":"Gillar du slumpm\u00e4ssig videochatt med fr\u00e4mlingar? Join miljoner p\u00e5 StrangerCam.com! Starta en slumpm\u00e4ssig videochatt, sl\u00e5 p\u00e5 din cam och tr\u00e4ffa fr\u00e4mlingar direkt.","robots":{"index":"index","follow":"follow","max-snippet":"max-snippet:-1","max-image-preview":"max-image-preview:large","max-video-preview":"max-video-preview:-1"},"canonical":"https:\/\/strangercam.com\/sv\/slumpmassig-videochatt-med-framlingar\/","og_locale":"sv_SE","og_type":"article","og_title":"Random Video Chat With Strangers on Strangercam.com","og_description":"Liking Random Video Chat With Strangers? Join millions on StrangerCam.com! Start a random video chat, turn on your cam, and meet strangers instantly.","og_url":"https:\/\/strangercam.com\/sv\/slumpmassig-videochatt-med-framlingar\/","og_site_name":"Strangercam","article_publisher":"https:\/\/www.facebook.com\/strangercam","article_modified_time":"2025-09-03T11:44:58+00:00","og_image":[{"width":800,"height":532,"url":"https:\/\/strangercam.com\/wp-content\/uploads\/2021\/10\/Untitled-2.png","type":"image\/png"}],"twitter_card":"summary_large_image","twitter_site":"@strangercamapp","twitter_misc":{"Ber\u00e4knad l\u00e4stid":"5 minuter"},"schema":{"@context":"https:\/\/schema.org","@graph":[{"@type":"WebPage","@id":"https:\/\/strangercam.com\/random-video-chat-with-strangers\/","url":"https:\/\/strangercam.com\/random-video-chat-with-strangers\/","name":"Slumpm\u00e4ssig videochatt med fr\u00e4mlingar p\u00e5 Strangercam.com","isPartOf":{"@id":"https:\/\/strangercam.com\/#website"},"datePublished":"2025-09-03T09:47:55+00:00","dateModified":"2025-09-03T11:44:58+00:00","description":"Gillar du slumpm\u00e4ssig videochatt med fr\u00e4mlingar? Join miljoner p\u00e5 StrangerCam.com! Starta en slumpm\u00e4ssig videochatt, sl\u00e5 p\u00e5 din cam och tr\u00e4ffa fr\u00e4mlingar direkt.","breadcrumb":{"@id":"https:\/\/strangercam.com\/random-video-chat-with-strangers\/#breadcrumb"},"inLanguage":"sv-SE","potentialAction":[{"@type":"ReadAction","target":["https:\/\/strangercam.com\/random-video-chat-with-strangers\/"]}]},{"@type":"BreadcrumbList","@id":"https:\/\/strangercam.com\/random-video-chat-with-strangers\/#breadcrumb","itemListElement":[{"@type":"ListItem","position":1,"name":"Home","item":"https:\/\/strangercam.com\/"},{"@type":"ListItem","position":2,"name":"Random Video Chat With Strangers"}]},{"@type":"WebSite","@id":"https:\/\/strangercam.com\/#website","url":"https:\/\/strangercam.com\/","name":"Strangercam","description":"Slumpm\u00e4ssig videochatt med fr\u00e4mlingar","publisher":{"@id":"https:\/\/strangercam.com\/#organization"},"alternateName":"Strangercam.com","potentialAction":[{"@type":"SearchAction","target":{"@type":"EntryPoint","urlTemplate":"https:\/\/strangercam.com\/?s={search_term_string}"},"query-input":{"@type":"PropertyValueSpecification","valueRequired":true,"valueName":"search_term_string"}}],"inLanguage":"sv-SE"},{"@type":"Organization","@id":"https:\/\/strangercam.com\/#organization","name":"Strangercam","alternateName":"Strangercam.com","url":"https:\/\/strangercam.com\/","logo":{"@type":"ImageObject","inLanguage":"sv-SE","@id":"https:\/\/strangercam.com\/#\/schema\/logo\/image\/","url":"https:\/\/strangercam.com\/wp-content\/uploads\/2020\/11\/cropped-new-favicon-black.png","contentUrl":"https:\/\/strangercam.com\/wp-content\/uploads\/2020\/11\/cropped-new-favicon-black.png","width":512,"height":512,"caption":"Strangercam"},"image":{"@id":"https:\/\/strangercam.com\/#\/schema\/logo\/image\/"},"sameAs":["https:\/\/www.facebook.com\/strangercam","https:\/\/x.com\/strangercamapp"]}]}},"_links":{"self":[{"href":"https:\/\/strangercam.com\/sv\/wp-json\/wp\/v2\/pages\/4039","targetHints":{"allow":["GET"]}}],"collection":[{"href":"https:\/\/strangercam.com\/sv\/wp-json\/wp\/v2\/pages"}],"about":[{"href":"https:\/\/strangercam.com\/sv\/wp-json\/wp\/v2\/types\/page"}],"author":[{"embeddable":true,"href":"https:\/\/strangercam.com\/sv\/wp-json\/wp\/v2\/users\/8"}],"replies":[{"embeddable":true,"href":"https:\/\/strangercam.com\/sv\/wp-json\/wp\/v2\/comments?post=4039"}],"version-history":[{"count":3,"href":"https:\/\/strangercam.com\/sv\/wp-json\/wp\/v2\/pages\/4039\/revisions"}],"predecessor-version":[{"id":12999,"href":"https:\/\/strangercam.com\/sv\/wp-json\/wp\/v2\/pages\/4039\/revisions\/12999"}],"wp:attachment":[{"href":"https:\/\/strangercam.com\/sv\/wp-json\/wp\/v2\/media?parent=4039"}],"curies":[{"name":"wp","href":"https:\/\/api.w.org\/{rel}","templated":true}]}}