{"id":4022,"date":"2025-09-03T12:43:36","date_gmt":"2025-09-03T10:43:36","guid":{"rendered":"https:\/\/strangercam.com\/?page_id=4022"},"modified":"2025-09-03T13:42:39","modified_gmt":"2025-09-03T11:42:39","slug":"gratis-slumpmassig-videochatt","status":"publish","type":"page","link":"https:\/\/strangercam.com\/sv\/free-random-video-chat\/","title":{"rendered":"Gratis slumpm\u00e4ssig videochatt"},"content":{"rendered":"<p>Letar du efter det b\u00e4sta s\u00e4ttet att njuta av en gratis slumpm\u00e4ssig video <a href=\"https:\/\/strangercam.com\/sv\/chathub\/\">chatt<\/a>? Du \u00e4r inte ensam om det. Miljontals m\u00e4nniskor v\u00e4rlden \u00f6ver s\u00f6ker efter slumpm\u00e4ssiga videochattplattformar varje m\u00e5nad, i hopp om att f\u00e5 omedelbar kontakt med fr\u00e4mlingar - oavsett om det \u00e4r f\u00f6r v\u00e4nskap, kulturellt utbyte, avslappnad flirt eller helt enkelt f\u00f6r att d\u00f6da tristess. Till skillnad fr\u00e5n dejtingappar eller sociala n\u00e4tverk, som kan k\u00e4nnas l\u00e5ngsamma eller artificiella, \u00e4r slumpm\u00e4ssig videochatt spontan, autentisk och sp\u00e4nnande.<\/p>\n<p>Med plattformar som StrangerCam \u00e4r det enklare \u00e4n n\u00e5gonsin att njuta av en gratis slumpm\u00e4ssig videochatt - utan registreringar, inga nedladdningar och inga dolda kostnader. Klicka bara p\u00e5 en knapp och du \u00e4r omedelbart ansikte mot ansikte med n\u00e5gon ny var som helst i v\u00e4rlden.<\/p>\n<p>Den h\u00e4r guiden kommer att t\u00e4cka allt du beh\u00f6ver veta: vad gratis slumpm\u00e4ssig videochatt \u00e4r, varf\u00f6r m\u00e4nniskor \u00e4lskar det, hur det fungerar, de b\u00e4sta funktionerna att leta efter, j\u00e4mf\u00f6relser av popul\u00e4ra plattformar, s\u00e4kerhetstips och varf\u00f6r StrangerCam \u00e4r ett av de b\u00e4sta valen 2025.<\/p>\n<h2>Vad \u00e4r gratis slumpm\u00e4ssig videochatt?<\/h2>\n<p>Gratis slumpm\u00e4ssig videochatt \u00e4r en onlinetj\u00e4nst som omedelbart kopplar dig till fr\u00e4mlingar f\u00f6r live, en-mot-en videosamtal med hj\u00e4lp av din webbkamera och mikrofon. Den \"slumpm\u00e4ssiga\" delen inneb\u00e4r att du aldrig vet vem du kommer att tr\u00e4ffa f\u00f6rr\u00e4n chatten b\u00f6rjar - det kan vara n\u00e5gon i n\u00e4rheten eller n\u00e5gon p\u00e5 andra sidan jorden.<\/p>\n<p>Till skillnad fr\u00e5n textchattrum ger slumpm\u00e4ssig videochatt dig en mycket mer autentisk och engagerande upplevelse eftersom du kan se och h\u00f6ra personen i realtid. Om du inte trivs med konversationen trycker du bara p\u00e5 \"N\u00e4sta\" f\u00f6r att g\u00e5 vidare till n\u00e5gon ny.<\/p>\n<h2>Varf\u00f6r m\u00e4nniskor \u00e4lskar gratis slumpm\u00e4ssig videochatt<\/h2>\n<p>Det finns m\u00e5nga anledningar till varf\u00f6r gratis slumpm\u00e4ssig videochatt har blivit s\u00e5 popul\u00e4r:<\/p>\n<ul>\n<li>Spontant kul: Varje chatt \u00e4r unik och of\u00f6ruts\u00e4gbar.<\/li>\n<li>Verklig m\u00e4nsklig interaktion: Videosamtal bekr\u00e4ftar att den andra personen \u00e4r verklig, inte en bot.<\/li>\n<li>Omedelbara anslutningar: Inga l\u00e5nga registreringar eller v\u00e4ntan p\u00e5 svar.<\/li>\n<li>Global r\u00e4ckvidd: Tr\u00e4ffa fr\u00e4mlingar fr\u00e5n hela v\u00e4rlden, 24\/7.<\/li>\n<li>Underh\u00e5llningsv\u00e4rde: Perfekt f\u00f6r att f\u00f6rdriva tiden, skaffa v\u00e4nner eller flirta.<\/li>\n<li>Frihet att v\u00e4lja: Gillar du inte k\u00e4nslan? Klicka bara p\u00e5 \"N\u00e4sta\".<\/li>\n<\/ul>\n<h2>Hur fungerar gratis slumpm\u00e4ssig videochatt?<\/h2>\n<p>Det \u00e4r otroligt enkelt att starta en gratis slumpm\u00e4ssig videochatt:<\/p>\n<ol>\n<li>\u00d6ppna plattformen p\u00e5 din telefon eller dator.<\/li>\n<li>Till\u00e5t \u00e5tkomst till kamera och mikrofon.<\/li>\n<li>Klicka p\u00e5 \"Starta chatt\".<\/li>\n<li>F\u00e5 direktkontakt med en fr\u00e4mling via videosamtal.<\/li>\n<li>Klicka p\u00e5 \"N\u00e4sta\" n\u00e4r som helst f\u00f6r att tr\u00e4ffa n\u00e5gon ny.<\/li>\n<\/ol>\n<p>Vissa plattformar l\u00e4gger till extrafunktioner som k\u00f6nsfilter, platsinst\u00e4llningar och till och med verktyg f\u00f6r automatisk \u00f6vers\u00e4ttning f\u00f6r att g\u00f6ra det enklare att chatta p\u00e5 olika spr\u00e5k.<\/p>\n<h2>De b\u00e4sta egenskaperna att leta efter<\/h2>\n<p>Inte alla videochattplattformar \u00e4r skapade lika. Om du vill ha den b\u00e4sta gratis slumpm\u00e4ssiga videochattupplevelsen \u00e4r det h\u00e4r vad du ska leta efter:<\/p>\n<h3>1. Verkligt fri tillg\u00e5ng<\/h3>\n<p>Vissa webbplatser marknadsf\u00f6r sig som \"gratis\" men begr\u00e4nsar sedan funktioner eller tvingar dig in i betalv\u00e4ggar. V\u00e4lj en plattform som erbjuder obegr\u00e4nsad tillg\u00e5ng.<\/p>\n<h3>2. Ingen registrering kr\u00e4vs<\/h3>\n<p>H\u00e5ll dig anonym och b\u00f6rja chatta utan konton eller inloggningar.<\/p>\n<h3>3. Filter f\u00f6r k\u00f6n och plats<\/h3>\n<p>Anv\u00e4ndbart om du f\u00f6redrar att prata med specifika typer av m\u00e4nniskor.<\/p>\n<h3>4. Stark m\u00e5ttfullhet<\/h3>\n<p>Aktiva moderatorer och rapporteringsverktyg s\u00e4kerst\u00e4ller en s\u00e4krare upplevelse.<\/p>\n<h3>5. Mobilanpassad design<\/h3>\n<p>En bra plattform b\u00f6r fungera s\u00f6ml\u00f6st p\u00e5 b\u00e5de dator och mobil.<\/p>\n<h3>6. Video och ljud av h\u00f6g kvalitet<\/h3>\n<p>Tydliga kopplingar g\u00f6r chattar mer naturliga och trevliga.<\/p>\n<h2>B\u00e4sta gratis slumpm\u00e4ssiga videochattplattformar 2025<\/h2>\n<p>H\u00e4r \u00e4r hur de mest popul\u00e4ra slumpm\u00e4ssiga videochattplattformarna j\u00e4mf\u00f6rs:<\/p>\n<table>\n<thead>\n<tr>\n<th>Plattform<\/th>\n<th align=\"center\">Fri tillg\u00e5ng<\/th>\n<th align=\"center\">Genusfilter<\/th>\n<th align=\"center\">Anm\u00e4lan kr\u00e4vs<\/th>\n<th align=\"center\">Mobilt st\u00f6d<\/th>\n<th align=\"center\">Moderering<\/th>\n<th>Anteckningar<\/th>\n<\/tr>\n<\/thead>\n<tbody>\n<tr>\n<td>StrangerCam<\/td>\n<td align=\"center\">\u2705<\/td>\n<td align=\"center\">\u2705 (gratis)<\/td>\n<td align=\"center\">\u274c<\/td>\n<td align=\"center\">\u2705<\/td>\n<td align=\"center\">\u2705<\/td>\n<td>B\u00e4sta \u00f6vergripande val, helt fritt<\/td>\n<\/tr>\n<tr>\n<td><a href=\"https:\/\/strangercam.com\/sv\/chatroulette\/\">Chatroulette<\/a><\/td>\n<td align=\"center\">\u2705<\/td>\n<td align=\"center\">\u274c (Betald)<\/td>\n<td align=\"center\">\u274c<\/td>\n<td align=\"center\">\u2705<\/td>\n<td align=\"center\">\u2705<\/td>\n<td>Klassisk men k\u00f6nsfilter l\u00e5st<\/td>\n<\/tr>\n<tr>\n<td>Chatrandom<\/td>\n<td align=\"center\">\u2705<\/td>\n<td align=\"center\">\u274c (Betald)<\/td>\n<td align=\"center\">\u274c<\/td>\n<td align=\"center\">\u2705<\/td>\n<td align=\"center\">\u2705<\/td>\n<td>Stor anv\u00e4ndarbas, premiumuppgraderingar<\/td>\n<\/tr>\n<tr>\n<td><a href=\"https:\/\/strangercam.com\/sv\/ometv\/\">OmeTV<\/a><\/td>\n<td align=\"center\">\u2705<\/td>\n<td align=\"center\">\u274c<\/td>\n<td align=\"center\">\u274c<\/td>\n<td align=\"center\">\u2705<\/td>\n<td align=\"center\">\u2705<\/td>\n<td>Mobilapp, endast slumpm\u00e4ssigt<\/td>\n<\/tr>\n<tr>\n<td>Shagle<\/td>\n<td align=\"center\">\u2705<\/td>\n<td align=\"center\">\u274c (Betald)<\/td>\n<td align=\"center\">\u274c<\/td>\n<td align=\"center\">\u2705<\/td>\n<td align=\"center\">\u2705<\/td>\n<td>Premien pressades kraftigt<\/td>\n<\/tr>\n<tr>\n<td><a href=\"https:\/\/strangercam.com\/sv\/coomeet\/\">CooMeet<\/a><\/td>\n<td align=\"center\">\u274c (provperiod)<\/td>\n<td align=\"center\">\u2705<\/td>\n<td align=\"center\">\u2705<\/td>\n<td align=\"center\">\u2705<\/td>\n<td align=\"center\">\u2705<\/td>\n<td>Betalas efter begr\u00e4nsad gratis provperiod<\/td>\n<\/tr>\n<tr>\n<td>LuckyCrush<\/td>\n<td align=\"center\">\u274c<\/td>\n<td align=\"center\">\u2705<\/td>\n<td align=\"center\">\u2705<\/td>\n<td align=\"center\">\u2705<\/td>\n<td align=\"center\">\u2705<\/td>\n<td>Alltid betalda, k\u00f6nsspecifika chattar<\/td>\n<\/tr>\n<\/tbody>\n<\/table>\n<p>Bland dessa \u00e4r StrangerCam en av de enda plattformarna som erbjuder gratis, obegr\u00e4nsad slumpm\u00e4ssig videochatt med ett fungerande k\u00f6nsfilter och ingen registrering.<\/p>\n<h2>Varf\u00f6r StrangerCam \u00e4r det b\u00e4sta valet<\/h2>\n<p>H\u00e4r \u00e4r varf\u00f6r StrangerCam \u00e4r en av de b\u00e4sta plattformarna f\u00f6r gratis slumpm\u00e4ssig videochatt i 2025:<\/p>\n<h3>1. Helt gratis<\/h3>\n<p>Obegr\u00e4nsat antal chattar, inga dolda kostnader eller krediter kr\u00e4vs.<\/p>\n<h3>2. Fritt k\u00f6nsfilter<\/h3>\n<p>V\u00e4lj vem du vill prata med - killar, tjejer eller b\u00e5da - utan betalv\u00e4ggar.<\/p>\n<h3>3. Ingen registrering kr\u00e4vs<\/h3>\n<p>H\u00e5ll dig anonym och b\u00f6rja chatta direkt.<\/p>\n<h3>4. S\u00e4kert och modererat<\/h3>\n<p>Med aktiva modererings- och rapporteringsverktyg h\u00e5ller StrangerCam samh\u00e4llet s\u00e4kert.<\/p>\n<h3>5. Global anv\u00e4ndarbas<\/h3>\n<p>Tr\u00e4ffa fr\u00e4mlingar fr\u00e5n \u00f6ver 100 l\u00e4nder n\u00e4r som helst.<\/p>\n<h3>6. Optimerad f\u00f6r alla enheter<\/h3>\n<p>Fungerar smidigt p\u00e5 mobil, surfplatta och dator.<\/p>\n<h2>Verkliga vittnesm\u00e5l fr\u00e5n anv\u00e4ndare<\/h2>\n<blockquote><p>\"Jag letade efter en webbplats som l\u00e4t mig slumpm\u00e4ssig videochatt gratis, och StrangerCam var den enda som inte tvingade mig in i en betalv\u00e4gg.\"<br \/>\n- Alex, 27 \u00e5r<\/p><\/blockquote>\n<blockquote><p>\"Jag har tr\u00e4ffat m\u00e4nniskor fr\u00e5n fem olika l\u00e4nder p\u00e5 en och samma kv\u00e4ll. Det \u00e4r alltid sp\u00e4nnande eftersom man aldrig vet vem som st\u00e5r p\u00e5 tur.\"<br \/>\n- Sophia, 22 \u00e5r<\/p><\/blockquote>\n<blockquote><p>\"K\u00f6nsfiltret fungerar faktiskt utan att man beh\u00f6ver betala extra. Det \u00e4r en game-changer j\u00e4mf\u00f6rt med andra plattformar.\"<br \/>\n- Ryan, 30 \u00e5r<\/p><\/blockquote>\n<blockquote><p>\"Det \u00e4r snabbt, roligt och s\u00e4kert. StrangerCam har blivit mitt favorits\u00e4tt att tr\u00e4ffa nya m\u00e4nniskor online.\"<br \/>\n- Emily, 19 \u00e5r<\/p><\/blockquote>\n<h2>S\u00e4kerhetstips f\u00f6r gratis slumpm\u00e4ssig videochatt<\/h2>\n<p>\u00c4ven om det \u00e4r roligt att videochatta ska du alltid t\u00e4nka p\u00e5 s\u00e4kerheten:<\/p>\n<ul>\n<li>Dela inte med dig av personliga uppgifter som telefonnummer, e-postadress eller adress.<\/li>\n<li>Undvik att klicka p\u00e5 l\u00e4nkar som fr\u00e4mlingar skickar.<\/li>\n<li>Anv\u00e4nd \"N\u00e4sta\" fritt om du k\u00e4nner dig obekv\u00e4m.<\/li>\n<li>Kontrollera din bakgrund f\u00f6r att se till att inget privat syns.<\/li>\n<li>Rapportera d\u00e5liga anv\u00e4ndare med hj\u00e4lp av plattformens verktyg.<\/li>\n<li>F\u00f6lj \u00e5ldersgr\u00e4nserna - om du \u00e4r under 18 \u00e5r ska du inte anv\u00e4nda videochattplattformar f\u00f6r vuxna.<\/li>\n<\/ul>\n<h2>S\u00e5 h\u00e4r kommer du ig\u00e5ng - steg f\u00f6r steg<\/h2>\n<p>Det tar bara n\u00e5gra sekunder att starta en gratis slumpm\u00e4ssig videochatt:<\/p>\n<ol>\n<li>\u00d6ppna StrangerCam i din webbl\u00e4sare eller telefon.<\/li>\n<li>Till\u00e5t \u00e5tkomst till kamera och mikrofon.<\/li>\n<li>V\u00e4lj preferenser (t.ex. k\u00f6nsfilter om tillg\u00e4ngligt).<\/li>\n<li>Klicka p\u00e5 Starta chatt f\u00f6r att ansluta direkt.<\/li>\n<li>Klicka p\u00e5 N\u00e4sta n\u00e4r som helst f\u00f6r att tr\u00e4ffa n\u00e5gon ny.<\/li>\n<\/ol>\n<p>Snabbt, enkelt och helt gratis.<\/p>\n<h2>Slutliga tankar - Prova gratis slumpm\u00e4ssig videochatt idag<\/h2>\n<p>\u00c5r 2025 \u00e4r gratis slumpm\u00e4ssig videochatt ett av de enklaste och mest sp\u00e4nnande s\u00e4tten att tr\u00e4ffa nya m\u00e4nniskor online. Det \u00e4r snabbt, roligt och kopplar dig direkt till fr\u00e4mlingar \u00f6ver hela v\u00e4rlden.<\/p>\n<p>Men det \u00e4r inte alla plattformar som levererar. M\u00e5nga d\u00f6ljer funktioner bakom betalv\u00e4ggar eller \u00e4r fulla av bots. Det \u00e4r d\u00e4rf\u00f6r StrangerCam \u00e4r det b\u00e4sta alternativet: det \u00e4r gratis, s\u00e4kert, anonymt och alltid aktivt med globala anv\u00e4ndare som \u00e4r redo att chatta.<\/p>\n<p>\u00c4r du redo att prova? Starta en gratis slumpm\u00e4ssig videochatt idag och se vem du tr\u00e4ffar h\u00e4rn\u00e4st.<\/p>","protected":false},"excerpt":{"rendered":"<p>Are you looking for the best way to enjoy a free random video chat? You\u2019re not alone. Millions of people worldwide search for random video chat platforms every month, hoping to connect instantly with strangers\u2014whether for friendship, cultural exchange, casual flirting, or simply to kill boredom. Unlike dating apps or social networks, which can feel [&hellip;]<\/p>\n","protected":false},"author":8,"featured_media":0,"parent":0,"menu_order":0,"comment_status":"closed","ping_status":"closed","template":"","meta":{"footnotes":""},"class_list":["post-4022","page","type-page","status-publish","hentry"],"yoast_head":"<!-- This site is optimized with the Yoast SEO plugin v27.4 - https:\/\/yoast.com\/product\/yoast-seo-wordpress\/ -->\n<title>Free Random Video Chat on Strangercam.com<\/title>\n<meta name=\"description\" content=\"Liking Free Random Video Chat? Join millions on StrangerCam.com! Start a random video chat, turn on your cam, and meet strangers instantly.\" \/>\n<meta name=\"robots\" content=\"index, follow, max-snippet:-1, max-image-preview:large, max-video-preview:-1\" \/>\n<link rel=\"canonical\" href=\"https:\/\/strangercam.com\/sv\/gratis-slumpmassig-videochatt\/\" \/>\n<meta property=\"og:locale\" content=\"sv_SE\" \/>\n<meta property=\"og:type\" content=\"article\" \/>\n<meta property=\"og:title\" content=\"Free Random Video Chat on Strangercam.com\" \/>\n<meta property=\"og:description\" content=\"Liking Free Random Video Chat? Join millions on StrangerCam.com! Start a random video chat, turn on your cam, and meet strangers instantly.\" \/>\n<meta property=\"og:url\" content=\"https:\/\/strangercam.com\/sv\/gratis-slumpmassig-videochatt\/\" \/>\n<meta property=\"og:site_name\" content=\"Strangercam\" \/>\n<meta property=\"article:publisher\" content=\"https:\/\/www.facebook.com\/strangercam\" \/>\n<meta property=\"article:modified_time\" content=\"2025-09-03T11:42:39+00:00\" \/>\n<meta property=\"og:image\" content=\"https:\/\/strangercam.com\/wp-content\/uploads\/2021\/10\/Untitled-2.png\" \/>\n\t<meta property=\"og:image:width\" content=\"800\" \/>\n\t<meta property=\"og:image:height\" content=\"532\" \/>\n\t<meta property=\"og:image:type\" content=\"image\/png\" \/>\n<meta name=\"twitter:card\" content=\"summary_large_image\" \/>\n<meta name=\"twitter:site\" content=\"@strangercamapp\" \/>\n<meta name=\"twitter:label1\" content=\"Ber\u00e4knad l\u00e4stid\" \/>\n\t<meta name=\"twitter:data1\" content=\"5 minuter\" \/>\n<script type=\"application\/ld+json\" class=\"yoast-schema-graph\">{\"@context\":\"https:\\\/\\\/schema.org\",\"@graph\":[{\"@type\":\"WebPage\",\"@id\":\"https:\\\/\\\/strangercam.com\\\/free-random-video-chat\\\/\",\"url\":\"https:\\\/\\\/strangercam.com\\\/free-random-video-chat\\\/\",\"name\":\"Free Random Video Chat on Strangercam.com\",\"isPartOf\":{\"@id\":\"https:\\\/\\\/strangercam.com\\\/#website\"},\"datePublished\":\"2025-09-03T10:43:36+00:00\",\"dateModified\":\"2025-09-03T11:42:39+00:00\",\"description\":\"Liking Free Random Video Chat? Join millions on StrangerCam.com! Start a random video chat, turn on your cam, and meet strangers instantly.\",\"breadcrumb\":{\"@id\":\"https:\\\/\\\/strangercam.com\\\/free-random-video-chat\\\/#breadcrumb\"},\"inLanguage\":\"sv-SE\",\"potentialAction\":[{\"@type\":\"ReadAction\",\"target\":[\"https:\\\/\\\/strangercam.com\\\/free-random-video-chat\\\/\"]}]},{\"@type\":\"BreadcrumbList\",\"@id\":\"https:\\\/\\\/strangercam.com\\\/free-random-video-chat\\\/#breadcrumb\",\"itemListElement\":[{\"@type\":\"ListItem\",\"position\":1,\"name\":\"Home\",\"item\":\"https:\\\/\\\/strangercam.com\\\/\"},{\"@type\":\"ListItem\",\"position\":2,\"name\":\"Free Random Video Chat\"}]},{\"@type\":\"WebSite\",\"@id\":\"https:\\\/\\\/strangercam.com\\\/#website\",\"url\":\"https:\\\/\\\/strangercam.com\\\/\",\"name\":\"Strangercam\",\"description\":\"Random Video Chat with Strangers\",\"publisher\":{\"@id\":\"https:\\\/\\\/strangercam.com\\\/#organization\"},\"alternateName\":\"Strangercam.com\",\"potentialAction\":[{\"@type\":\"SearchAction\",\"target\":{\"@type\":\"EntryPoint\",\"urlTemplate\":\"https:\\\/\\\/strangercam.com\\\/?s={search_term_string}\"},\"query-input\":{\"@type\":\"PropertyValueSpecification\",\"valueRequired\":true,\"valueName\":\"search_term_string\"}}],\"inLanguage\":\"sv-SE\"},{\"@type\":\"Organization\",\"@id\":\"https:\\\/\\\/strangercam.com\\\/#organization\",\"name\":\"Strangercam\",\"alternateName\":\"Strangercam.com\",\"url\":\"https:\\\/\\\/strangercam.com\\\/\",\"logo\":{\"@type\":\"ImageObject\",\"inLanguage\":\"sv-SE\",\"@id\":\"https:\\\/\\\/strangercam.com\\\/#\\\/schema\\\/logo\\\/image\\\/\",\"url\":\"https:\\\/\\\/strangercam.com\\\/wp-content\\\/uploads\\\/2020\\\/11\\\/cropped-new-favicon-black.png\",\"contentUrl\":\"https:\\\/\\\/strangercam.com\\\/wp-content\\\/uploads\\\/2020\\\/11\\\/cropped-new-favicon-black.png\",\"width\":512,\"height\":512,\"caption\":\"Strangercam\"},\"image\":{\"@id\":\"https:\\\/\\\/strangercam.com\\\/#\\\/schema\\\/logo\\\/image\\\/\"},\"sameAs\":[\"https:\\\/\\\/www.facebook.com\\\/strangercam\",\"https:\\\/\\\/x.com\\\/strangercamapp\"]}]}<\/script>\n<!-- \/ Yoast SEO plugin. -->","yoast_head_json":{"title":"Gratis slumpm\u00e4ssig videochatt p\u00e5 Strangercam.com","description":"Gillar du gratis slumpm\u00e4ssig videochatt? Join miljoner p\u00e5 StrangerCam.com! Starta en slumpm\u00e4ssig videochatt, sl\u00e5 p\u00e5 din kamera och tr\u00e4ffa fr\u00e4mlingar direkt.","robots":{"index":"index","follow":"follow","max-snippet":"max-snippet:-1","max-image-preview":"max-image-preview:large","max-video-preview":"max-video-preview:-1"},"canonical":"https:\/\/strangercam.com\/sv\/gratis-slumpmassig-videochatt\/","og_locale":"sv_SE","og_type":"article","og_title":"Free Random Video Chat on Strangercam.com","og_description":"Liking Free Random Video Chat? Join millions on StrangerCam.com! Start a random video chat, turn on your cam, and meet strangers instantly.","og_url":"https:\/\/strangercam.com\/sv\/gratis-slumpmassig-videochatt\/","og_site_name":"Strangercam","article_publisher":"https:\/\/www.facebook.com\/strangercam","article_modified_time":"2025-09-03T11:42:39+00:00","og_image":[{"width":800,"height":532,"url":"https:\/\/strangercam.com\/wp-content\/uploads\/2021\/10\/Untitled-2.png","type":"image\/png"}],"twitter_card":"summary_large_image","twitter_site":"@strangercamapp","twitter_misc":{"Ber\u00e4knad l\u00e4stid":"5 minuter"},"schema":{"@context":"https:\/\/schema.org","@graph":[{"@type":"WebPage","@id":"https:\/\/strangercam.com\/free-random-video-chat\/","url":"https:\/\/strangercam.com\/free-random-video-chat\/","name":"Gratis slumpm\u00e4ssig videochatt p\u00e5 Strangercam.com","isPartOf":{"@id":"https:\/\/strangercam.com\/#website"},"datePublished":"2025-09-03T10:43:36+00:00","dateModified":"2025-09-03T11:42:39+00:00","description":"Gillar du gratis slumpm\u00e4ssig videochatt? Join miljoner p\u00e5 StrangerCam.com! Starta en slumpm\u00e4ssig videochatt, sl\u00e5 p\u00e5 din kamera och tr\u00e4ffa fr\u00e4mlingar direkt.","breadcrumb":{"@id":"https:\/\/strangercam.com\/free-random-video-chat\/#breadcrumb"},"inLanguage":"sv-SE","potentialAction":[{"@type":"ReadAction","target":["https:\/\/strangercam.com\/free-random-video-chat\/"]}]},{"@type":"BreadcrumbList","@id":"https:\/\/strangercam.com\/free-random-video-chat\/#breadcrumb","itemListElement":[{"@type":"ListItem","position":1,"name":"Home","item":"https:\/\/strangercam.com\/"},{"@type":"ListItem","position":2,"name":"Free Random Video Chat"}]},{"@type":"WebSite","@id":"https:\/\/strangercam.com\/#website","url":"https:\/\/strangercam.com\/","name":"Strangercam","description":"Slumpm\u00e4ssig videochatt med fr\u00e4mlingar","publisher":{"@id":"https:\/\/strangercam.com\/#organization"},"alternateName":"Strangercam.com","potentialAction":[{"@type":"SearchAction","target":{"@type":"EntryPoint","urlTemplate":"https:\/\/strangercam.com\/?s={search_term_string}"},"query-input":{"@type":"PropertyValueSpecification","valueRequired":true,"valueName":"search_term_string"}}],"inLanguage":"sv-SE"},{"@type":"Organization","@id":"https:\/\/strangercam.com\/#organization","name":"Strangercam","alternateName":"Strangercam.com","url":"https:\/\/strangercam.com\/","logo":{"@type":"ImageObject","inLanguage":"sv-SE","@id":"https:\/\/strangercam.com\/#\/schema\/logo\/image\/","url":"https:\/\/strangercam.com\/wp-content\/uploads\/2020\/11\/cropped-new-favicon-black.png","contentUrl":"https:\/\/strangercam.com\/wp-content\/uploads\/2020\/11\/cropped-new-favicon-black.png","width":512,"height":512,"caption":"Strangercam"},"image":{"@id":"https:\/\/strangercam.com\/#\/schema\/logo\/image\/"},"sameAs":["https:\/\/www.facebook.com\/strangercam","https:\/\/x.com\/strangercamapp"]}]}},"_links":{"self":[{"href":"https:\/\/strangercam.com\/sv\/wp-json\/wp\/v2\/pages\/4022","targetHints":{"allow":["GET"]}}],"collection":[{"href":"https:\/\/strangercam.com\/sv\/wp-json\/wp\/v2\/pages"}],"about":[{"href":"https:\/\/strangercam.com\/sv\/wp-json\/wp\/v2\/types\/page"}],"author":[{"embeddable":true,"href":"https:\/\/strangercam.com\/sv\/wp-json\/wp\/v2\/users\/8"}],"replies":[{"embeddable":true,"href":"https:\/\/strangercam.com\/sv\/wp-json\/wp\/v2\/comments?post=4022"}],"version-history":[{"count":3,"href":"https:\/\/strangercam.com\/sv\/wp-json\/wp\/v2\/pages\/4022\/revisions"}],"predecessor-version":[{"id":12997,"href":"https:\/\/strangercam.com\/sv\/wp-json\/wp\/v2\/pages\/4022\/revisions\/12997"}],"wp:attachment":[{"href":"https:\/\/strangercam.com\/sv\/wp-json\/wp\/v2\/media?parent=4022"}],"curies":[{"name":"wp","href":"https:\/\/api.w.org\/{rel}","templated":true}]}}