{"id":4004,"date":"2025-09-03T12:37:25","date_gmt":"2025-09-03T10:37:25","guid":{"rendered":"https:\/\/strangercam.com\/?page_id=4004"},"modified":"2025-09-03T13:39:32","modified_gmt":"2025-09-03T11:39:32","slug":"videosamtal-framlingar","status":"publish","type":"page","link":"https:\/\/strangercam.com\/sv\/video-call-strangers\/","title":{"rendered":"Videosamtal med fr\u00e4mlingar"},"content":{"rendered":"<p>Har du letat efter det b\u00e4sta s\u00e4ttet att videosamtala fr\u00e4mlingar? Du \u00e4r inte ensam om det. Varje m\u00e5nad s\u00f6ker miljontals m\u00e4nniskor efter plattformar f\u00f6r videosamtal d\u00e4r de kan tr\u00e4ffa slumpm\u00e4ssiga m\u00e4nniskor, f\u00e5 nya v\u00e4nner, flirta eller helt enkelt f\u00f6rdriva tiden. Till skillnad fr\u00e5n dejtingappar eller sociala n\u00e4tverk, som kan k\u00e4nnas l\u00e5ngsamma eller falska, \u00e4r ett videosamtal med fr\u00e4mlingar spontant, verkligt och sp\u00e4nnande.<\/p>\n<p>Med plattformar som StrangerCam kan du njuta av gratis videosamtal med fr\u00e4mlingar n\u00e4r som helst - inga registreringar, inga nedladdningar och inga dolda kostnader. Det \u00e4r ett av de enklaste och mest underh\u00e5llande s\u00e4tten att f\u00e5 kontakt ansikte mot ansikte med m\u00e4nniskor fr\u00e5n hela v\u00e4rlden.<\/p>\n<p>Den h\u00e4r guiden kommer att f\u00f6rklara allt du beh\u00f6ver veta: vad det betyder att videosamtala fr\u00e4mlingar, varf\u00f6r det \u00e4r s\u00e5 popul\u00e4rt, hur det fungerar, vilka funktioner som \u00e4r viktigast, j\u00e4mf\u00f6relser av de b\u00e4sta plattformarna, s\u00e4kerhetstips och varf\u00f6r StrangerCam \u00e4r en av de b\u00e4sta platserna f\u00f6r videosamtal fr\u00e4mlingar 2025.<\/p>\n<h2>Vad betyder \"Video Call Strangers\"?<\/h2>\n<p>N\u00e4r du videosamtalar fr\u00e4mlingar f\u00e5r du direktkontakt med slumpm\u00e4ssiga personer via live webbkamera och ljud <a href=\"https:\/\/strangercam.com\/sv\/chathub\/\">chatt<\/a>. Till skillnad fr\u00e5n textbaserade plattformar s\u00e4kerst\u00e4ller videosamtal att du pratar med en riktig person i realtid.<\/p>\n<p>Det finns inget behov av konton, profiler eller o\u00e4ndlig swipning. Tryck bara p\u00e5 en knapp s\u00e5 \u00e4r du ansikte mot ansikte med n\u00e5gon ny. Om chatten inte \u00e4r vad du letar efter trycker du p\u00e5 N\u00e4sta och g\u00e5r direkt vidare till n\u00e4sta person.<\/p>\n<h2>Varf\u00f6r m\u00e4nniskor \u00e4lskar gratis videosamtal med fr\u00e4mlingar<\/h2>\n<p>Populariteten f\u00f6r gratis videosamtal med fr\u00e4mlingar har skjutit i h\u00f6jden eftersom det erbjuder n\u00e5got unikt:<\/p>\n<ul>\n<li>Autenticitet: Video g\u00f6r det om\u00f6jligt att fejka. Du ser och h\u00f6r den verkliga personen direkt.<\/li>\n<li>Spontanitet: Varje chatt \u00e4r en \u00f6verraskning. Du vet aldrig vem som st\u00e5r p\u00e5 tur.<\/li>\n<li>Inget \u00e5tagande: Inga registreringar, inga profiler - bara snabb, omedelbar kontakt.<\/li>\n<li>Global r\u00e4ckvidd: Tr\u00e4ffa fr\u00e4mlingar \u00f6ver hela v\u00e4rlden, 24\/7.<\/li>\n<li>V\u00e4nskap och flirt: Vissa anv\u00e4nder det f\u00f6r att f\u00e5 nya v\u00e4nner, andra f\u00f6r att flirta lite l\u00e4ttsamt.<\/li>\n<li>Snabb underh\u00e5llning: Perfekt f\u00f6r att lindra tristess eller ge sp\u00e4nning \u00e5t dagen.<\/li>\n<\/ul>\n<h2>Hur fungerar ett videosamtal fr\u00e5n en fr\u00e4mling?<\/h2>\n<p>Det \u00e4r snabbt och enkelt att anv\u00e4nda en fr\u00e4mmande plattform f\u00f6r videosamtal:<\/p>\n<ol>\n<li>\u00d6ppna plattformen (webbl\u00e4sare p\u00e5 dator eller mobil).<\/li>\n<li>Till\u00e5t \u00e5tkomst till kamera och mikrofon.<\/li>\n<li>Klicka p\u00e5 \"Starta chatt\" f\u00f6r att direkt f\u00e5 kontakt med en slumpm\u00e4ssig person.<\/li>\n<li>Prata ansikte mot ansikte i realtid.<\/li>\n<li>Klicka p\u00e5 \"N\u00e4sta\" n\u00e4r som helst n\u00e4r du vill tr\u00e4ffa n\u00e5gon ny.<\/li>\n<\/ol>\n<p>Vissa webbplatser erbjuder ocks\u00e5 funktioner som k\u00f6nsfilter, val av land och till och med \u00f6vers\u00e4ttning i chatten.<\/p>\n<h2>De b\u00e4sta egenskaperna att leta efter<\/h2>\n<p>Inte alla plattformar som erbjuder videosamtal med fr\u00e4mlingar \u00e4r v\u00e4rda din tid. H\u00e4r \u00e4r vad du b\u00f6r leta efter:<\/p>\n<h3>1. Verkligt fri tillg\u00e5ng<\/h3>\n<p>Undvik webbplatser som p\u00e5st\u00e5r sig vara gratis men som begr\u00e4nsar funktioner bakom betalv\u00e4ggar.<\/p>\n<h3>2. Ingen registrering beh\u00f6vs<\/h3>\n<p>Du ska kunna chatta direkt utan att registrera dig.<\/p>\n<h3>3. Filter f\u00f6r k\u00f6n och plats<\/h3>\n<p>Anv\u00e4ndbart om du vill tr\u00e4ffa specifika typer av m\u00e4nniskor.<\/p>\n<h3>4. S\u00e4ker m\u00e5ttfullhet<\/h3>\n<p>Plattformar med rapporteringsverktyg och moderering erbjuder s\u00e4krare milj\u00f6er.<\/p>\n<h3>5. Mobilv\u00e4nlig upplevelse<\/h3>\n<p>Se till att plattformen fungerar p\u00e5 smartphones s\u00e5v\u00e4l som p\u00e5 station\u00e4ra datorer.<\/p>\n<h3>6. Video och ljud av h\u00f6g kvalitet<\/h3>\n<p>Tydliga kopplingar g\u00f6r samtalen naturliga och behagliga.<\/p>\n<h2>B\u00e4sta plattformarna f\u00f6r videosamtal med fr\u00e4mlingar 2025<\/h2>\n<p>H\u00e4r \u00e4r en j\u00e4mf\u00f6relse av de b\u00e4sta plattformarna f\u00f6r videosamtal fr\u00e4mlingar:<\/p>\n<table>\n<thead>\n<tr>\n<th>Plattform<\/th>\n<th align=\"center\">Fri tillg\u00e5ng<\/th>\n<th align=\"center\">Genusfilter<\/th>\n<th align=\"center\">Anm\u00e4lan kr\u00e4vs<\/th>\n<th align=\"center\">Mobilt st\u00f6d<\/th>\n<th align=\"center\">Moderering<\/th>\n<th>Anteckningar<\/th>\n<\/tr>\n<\/thead>\n<tbody>\n<tr>\n<td>StrangerCam<\/td>\n<td align=\"center\">\u2705<\/td>\n<td align=\"center\">\u2705 (gratis)<\/td>\n<td align=\"center\">\u274c<\/td>\n<td align=\"center\">\u2705<\/td>\n<td align=\"center\">\u2705<\/td>\n<td>B\u00e4sta \u00f6vergripande val, helt fritt<\/td>\n<\/tr>\n<tr>\n<td><a href=\"https:\/\/strangercam.com\/sv\/chatroulette\/\">Chatroulette<\/a><\/td>\n<td align=\"center\">\u2705<\/td>\n<td align=\"center\">\u274c (Betald)<\/td>\n<td align=\"center\">\u274c<\/td>\n<td align=\"center\">\u2705<\/td>\n<td align=\"center\">\u2705<\/td>\n<td>Klassisk, men k\u00f6nsfilter l\u00e5st<\/td>\n<\/tr>\n<tr>\n<td>Chatrandom<\/td>\n<td align=\"center\">\u2705<\/td>\n<td align=\"center\">\u274c (Betald)<\/td>\n<td align=\"center\">\u274c<\/td>\n<td align=\"center\">\u2705<\/td>\n<td align=\"center\">\u2705<\/td>\n<td>Stor anv\u00e4ndarbas, men uppgraderingarna dr\u00f6jer<\/td>\n<\/tr>\n<tr>\n<td><a href=\"https:\/\/strangercam.com\/sv\/ometv\/\">OmeTV<\/a><\/td>\n<td align=\"center\">\u2705<\/td>\n<td align=\"center\">\u274c<\/td>\n<td align=\"center\">\u274c<\/td>\n<td align=\"center\">\u2705<\/td>\n<td align=\"center\">\u2705<\/td>\n<td>Enbart slumpm\u00e4ssigt, mobilapp tillg\u00e4nglig<\/td>\n<\/tr>\n<tr>\n<td>Shagle<\/td>\n<td align=\"center\">\u2705<\/td>\n<td align=\"center\">\u274c (Betald)<\/td>\n<td align=\"center\">\u274c<\/td>\n<td align=\"center\">\u2705<\/td>\n<td align=\"center\">\u2705<\/td>\n<td>Gratis chattar, premiumfunktioner med betalv\u00e4gg<\/td>\n<\/tr>\n<tr>\n<td><a href=\"https:\/\/strangercam.com\/sv\/coomeet\/\">CooMeet<\/a><\/td>\n<td align=\"center\">\u274c (provperiod)<\/td>\n<td align=\"center\">\u2705<\/td>\n<td align=\"center\">\u2705<\/td>\n<td align=\"center\">\u2705<\/td>\n<td align=\"center\">\u2705<\/td>\n<td>Betalas efter en kort gratis provperiod<\/td>\n<\/tr>\n<tr>\n<td>LuckyCrush<\/td>\n<td align=\"center\">\u274c<\/td>\n<td align=\"center\">\u2705<\/td>\n<td align=\"center\">\u2705<\/td>\n<td align=\"center\">\u2705<\/td>\n<td align=\"center\">\u2705<\/td>\n<td>Alltid betald, k\u00f6nsbaserad chatt<\/td>\n<\/tr>\n<\/tbody>\n<\/table>\n<p>StrangerCam \u00e4r en av f\u00e5 plattformar som erbjuder gratis videosamtal med fr\u00e4mlingar med ett fungerande k\u00f6nsfilter, inga registreringar och obegr\u00e4nsad anv\u00e4ndning.<\/p>\n<h2>Varf\u00f6r StrangerCam \u00e4r det b\u00e4sta valet<\/h2>\n<p>H\u00e4r \u00e4r varf\u00f6r StrangerCam \u00e4r en toppplattform f\u00f6r videosamtal till fr\u00e4mlingar 2025:<\/p>\n<h3>1. 100% Fri &amp; obegr\u00e4nsad<\/h3>\n<p>Inga krediter, inga begr\u00e4nsningar - bara gratis videosamtal.<\/p>\n<h3>2. Fritt k\u00f6nsfilter<\/h3>\n<p>V\u00e4lj vem du vill prata med - killar, tjejer eller b\u00e5da - utan att betala.<\/p>\n<h3>3. Ingen registrering kr\u00e4vs<\/h3>\n<p>H\u00e5ll dig anonym och f\u00e5 kontakt direkt.<\/p>\n<h3>4. S\u00e4kert och modererat<\/h3>\n<p>Aktiv moderering och rapporteringsverktyg h\u00e5ller gemenskapen v\u00e4nlig.<\/p>\n<h3>5. Global anv\u00e4ndarbas<\/h3>\n<p>Tr\u00e4ffa fr\u00e4mlingar fr\u00e5n \u00f6ver 100 l\u00e4nder n\u00e4r som helst.<\/p>\n<h3>6. Fungerar p\u00e5 alla enheter<\/h3>\n<p>Optimerad f\u00f6r b\u00e5de mobil och dator.<\/p>\n<h2>Verkliga vittnesm\u00e5l fr\u00e5n anv\u00e4ndare<\/h2>\n<blockquote><p><em>\"Jag ville ha en webbplats d\u00e4r jag kunde videosamtala fr\u00e4mlingar utan att bli lurad. StrangerCam var den f\u00f6rsta plattformen som faktiskt var gratis.\"<\/em><br \/>\n- Josh, 27 \u00e5r<\/p><\/blockquote>\n<blockquote><p><em>\"Jag \u00e4lskar att jag inte beh\u00f6ver registrera mig. Jag klickar bara p\u00e5 start och f\u00e5r kontakt med riktiga m\u00e4nniskor.\"<\/em><br \/>\n- Isabella, 22 \u00e5r<\/p><\/blockquote>\n<blockquote><p><em>\"K\u00f6nsfiltret fungerar faktiskt utan att man beh\u00f6ver betala extra. \u00c4ntligen en sajt som h\u00e5ller vad den lovar.\"<\/em><br \/>\n- Liam, 29 \u00e5r<\/p><\/blockquote>\n<blockquote><p><em>\"Snabbt, enkelt och roligt. Jag har tr\u00e4ffat m\u00e4nniskor fr\u00e5n hela v\u00e4rlden p\u00e5 en enda kv\u00e4ll.\"<\/em><br \/>\n- Sofia, 24<\/p><\/blockquote>\n<h2>S\u00e4kerhetstips f\u00f6r videosamtal med fr\u00e4mlingar<\/h2>\n<p>\u00c4ven om det \u00e4r kul med fr\u00e4mmande videosamtal b\u00f6r du alltid vara f\u00f6rsiktig:<\/p>\n<ul>\n<li>Dela inte med dig av personliga uppgifter som namn, adress eller telefonnummer.<\/li>\n<li>Undvik att klicka p\u00e5 l\u00e4nkar fr\u00e5n ok\u00e4nda personer.<\/li>\n<li>Anv\u00e4nd \"N\u00e4sta\"-knappen om chatten k\u00e4nns obekv\u00e4m.<\/li>\n<li>Kontrollera din bakgrund innan du s\u00e4tter p\u00e5 webbkameran.<\/li>\n<li>H\u00e5ll dig till plattformens s\u00e4kerhetsverktyg (blockera\/rapportera).<\/li>\n<li>Respektera \u00e5ldersgr\u00e4nser - anv\u00e4nd inte plattformar f\u00f6r vuxna om du \u00e4r under 18 \u00e5r.<\/li>\n<\/ul>\n<h2>S\u00e5 h\u00e4r kommer du ig\u00e5ng - steg f\u00f6r steg<\/h2>\n<p>Det tar mindre \u00e4n en minut att starta ett videosamtal med fr\u00e4mlingar:<\/p>\n<ol>\n<li>\u00d6ppna StrangerCam i din webbl\u00e4sare eller p\u00e5 mobilen.<\/li>\n<li>Till\u00e5t \u00e5tkomst till webbkamera och mikrofon.<\/li>\n<li>V\u00e4lj preferenser (t.ex. k\u00f6nsfilter).<\/li>\n<li>Klicka p\u00e5 Starta chatt f\u00f6r att ansluta direkt.<\/li>\n<li>Tryck p\u00e5 N\u00e4sta n\u00e4r som helst f\u00f6r att tr\u00e4ffa n\u00e5gon ny.<\/li>\n<\/ol>\n<p>Det \u00e4r allt - snabbt, enkelt och gratis.<\/p>\n<h2>Slutliga tankar - Prova gratis videosamtal med fr\u00e4mlingar idag<\/h2>\n<p>\u00c5r 2025 \u00e4r ett av de enklaste s\u00e4tten att tr\u00e4ffa nya m\u00e4nniskor att videosamtala med fr\u00e4mlingar online. Det \u00e4r spontant, sp\u00e4nnande och ger dig verkliga kontakter direkt.<\/p>\n<p>Men det \u00e4r inte alla plattformar som levererar. M\u00e5nga webbplatser d\u00f6ljer viktiga funktioner bakom betalv\u00e4ggar eller fyller sina chattar med bots. Det \u00e4r d\u00e4rf\u00f6r StrangerCam \u00e4r det b\u00e4sta alternativet: det \u00e4r gratis, s\u00e4kert, anonymt och fullt av m\u00e4nniskor fr\u00e5n hela v\u00e4rlden som \u00e4r redo att f\u00e5 kontakt.<\/p>\n<p>\u00c4r du redo att tr\u00e4ffa n\u00e5gon ny? Starta ett gratis videosamtal med fr\u00e4mlingar idag och se vem du tr\u00e4ffar h\u00e4rn\u00e4st.<\/p>","protected":false},"excerpt":{"rendered":"<p>Have you been looking for the best way to video call strangers? You\u2019re not alone. Every month, millions of people search for instant video call platforms where they can meet random people, make new friends, flirt casually, or simply pass the time. Unlike dating apps or social networks, which can feel slow or fake, a [&hellip;]<\/p>\n","protected":false},"author":8,"featured_media":0,"parent":0,"menu_order":0,"comment_status":"closed","ping_status":"closed","template":"","meta":{"footnotes":""},"class_list":["post-4004","page","type-page","status-publish","hentry"],"yoast_head":"<!-- This site is optimized with the Yoast SEO plugin v27.4 - https:\/\/yoast.com\/product\/yoast-seo-wordpress\/ -->\n<title>Video Call Strangers on Strangercam.com<\/title>\n<meta name=\"description\" content=\"Liking Video Call Strangers? Join millions on StrangerCam.com! Start a random video chat, turn on your cam, and meet strangers instantly.\" \/>\n<meta name=\"robots\" content=\"index, follow, max-snippet:-1, max-image-preview:large, max-video-preview:-1\" \/>\n<link rel=\"canonical\" href=\"https:\/\/strangercam.com\/sv\/videosamtal-framlingar\/\" \/>\n<meta property=\"og:locale\" content=\"sv_SE\" \/>\n<meta property=\"og:type\" content=\"article\" \/>\n<meta property=\"og:title\" content=\"Video Call Strangers on Strangercam.com\" \/>\n<meta property=\"og:description\" content=\"Liking Video Call Strangers? Join millions on StrangerCam.com! Start a random video chat, turn on your cam, and meet strangers instantly.\" \/>\n<meta property=\"og:url\" content=\"https:\/\/strangercam.com\/sv\/videosamtal-framlingar\/\" \/>\n<meta property=\"og:site_name\" content=\"Strangercam\" \/>\n<meta property=\"article:publisher\" content=\"https:\/\/www.facebook.com\/strangercam\" \/>\n<meta property=\"article:modified_time\" content=\"2025-09-03T11:39:32+00:00\" \/>\n<meta property=\"og:image\" content=\"https:\/\/strangercam.com\/wp-content\/uploads\/2021\/10\/Untitled-2.png\" \/>\n\t<meta property=\"og:image:width\" content=\"800\" \/>\n\t<meta property=\"og:image:height\" content=\"532\" \/>\n\t<meta property=\"og:image:type\" content=\"image\/png\" \/>\n<meta name=\"twitter:card\" content=\"summary_large_image\" \/>\n<meta name=\"twitter:site\" content=\"@strangercamapp\" \/>\n<meta name=\"twitter:label1\" content=\"Ber\u00e4knad l\u00e4stid\" \/>\n\t<meta name=\"twitter:data1\" content=\"5 minuter\" \/>\n<script type=\"application\/ld+json\" class=\"yoast-schema-graph\">{\"@context\":\"https:\\\/\\\/schema.org\",\"@graph\":[{\"@type\":\"WebPage\",\"@id\":\"https:\\\/\\\/strangercam.com\\\/video-call-strangers\\\/\",\"url\":\"https:\\\/\\\/strangercam.com\\\/video-call-strangers\\\/\",\"name\":\"Video Call Strangers on Strangercam.com\",\"isPartOf\":{\"@id\":\"https:\\\/\\\/strangercam.com\\\/#website\"},\"datePublished\":\"2025-09-03T10:37:25+00:00\",\"dateModified\":\"2025-09-03T11:39:32+00:00\",\"description\":\"Liking Video Call Strangers? Join millions on StrangerCam.com! Start a random video chat, turn on your cam, and meet strangers instantly.\",\"breadcrumb\":{\"@id\":\"https:\\\/\\\/strangercam.com\\\/video-call-strangers\\\/#breadcrumb\"},\"inLanguage\":\"sv-SE\",\"potentialAction\":[{\"@type\":\"ReadAction\",\"target\":[\"https:\\\/\\\/strangercam.com\\\/video-call-strangers\\\/\"]}]},{\"@type\":\"BreadcrumbList\",\"@id\":\"https:\\\/\\\/strangercam.com\\\/video-call-strangers\\\/#breadcrumb\",\"itemListElement\":[{\"@type\":\"ListItem\",\"position\":1,\"name\":\"Home\",\"item\":\"https:\\\/\\\/strangercam.com\\\/\"},{\"@type\":\"ListItem\",\"position\":2,\"name\":\"Video Call Strangers\"}]},{\"@type\":\"WebSite\",\"@id\":\"https:\\\/\\\/strangercam.com\\\/#website\",\"url\":\"https:\\\/\\\/strangercam.com\\\/\",\"name\":\"Strangercam\",\"description\":\"Random Video Chat with Strangers\",\"publisher\":{\"@id\":\"https:\\\/\\\/strangercam.com\\\/#organization\"},\"alternateName\":\"Strangercam.com\",\"potentialAction\":[{\"@type\":\"SearchAction\",\"target\":{\"@type\":\"EntryPoint\",\"urlTemplate\":\"https:\\\/\\\/strangercam.com\\\/?s={search_term_string}\"},\"query-input\":{\"@type\":\"PropertyValueSpecification\",\"valueRequired\":true,\"valueName\":\"search_term_string\"}}],\"inLanguage\":\"sv-SE\"},{\"@type\":\"Organization\",\"@id\":\"https:\\\/\\\/strangercam.com\\\/#organization\",\"name\":\"Strangercam\",\"alternateName\":\"Strangercam.com\",\"url\":\"https:\\\/\\\/strangercam.com\\\/\",\"logo\":{\"@type\":\"ImageObject\",\"inLanguage\":\"sv-SE\",\"@id\":\"https:\\\/\\\/strangercam.com\\\/#\\\/schema\\\/logo\\\/image\\\/\",\"url\":\"https:\\\/\\\/strangercam.com\\\/wp-content\\\/uploads\\\/2020\\\/11\\\/cropped-new-favicon-black.png\",\"contentUrl\":\"https:\\\/\\\/strangercam.com\\\/wp-content\\\/uploads\\\/2020\\\/11\\\/cropped-new-favicon-black.png\",\"width\":512,\"height\":512,\"caption\":\"Strangercam\"},\"image\":{\"@id\":\"https:\\\/\\\/strangercam.com\\\/#\\\/schema\\\/logo\\\/image\\\/\"},\"sameAs\":[\"https:\\\/\\\/www.facebook.com\\\/strangercam\",\"https:\\\/\\\/x.com\\\/strangercamapp\"]}]}<\/script>\n<!-- \/ Yoast SEO plugin. -->","yoast_head_json":{"title":"Videosamtal till fr\u00e4mlingar p\u00e5 Strangercam.com","description":"Gillar du videosamtal fr\u00e4mlingar? Join miljoner p\u00e5 StrangerCam.com! Starta en slumpm\u00e4ssig videochatt, sl\u00e5 p\u00e5 din cam och tr\u00e4ffa fr\u00e4mlingar direkt.","robots":{"index":"index","follow":"follow","max-snippet":"max-snippet:-1","max-image-preview":"max-image-preview:large","max-video-preview":"max-video-preview:-1"},"canonical":"https:\/\/strangercam.com\/sv\/videosamtal-framlingar\/","og_locale":"sv_SE","og_type":"article","og_title":"Video Call Strangers on Strangercam.com","og_description":"Liking Video Call Strangers? Join millions on StrangerCam.com! Start a random video chat, turn on your cam, and meet strangers instantly.","og_url":"https:\/\/strangercam.com\/sv\/videosamtal-framlingar\/","og_site_name":"Strangercam","article_publisher":"https:\/\/www.facebook.com\/strangercam","article_modified_time":"2025-09-03T11:39:32+00:00","og_image":[{"width":800,"height":532,"url":"https:\/\/strangercam.com\/wp-content\/uploads\/2021\/10\/Untitled-2.png","type":"image\/png"}],"twitter_card":"summary_large_image","twitter_site":"@strangercamapp","twitter_misc":{"Ber\u00e4knad l\u00e4stid":"5 minuter"},"schema":{"@context":"https:\/\/schema.org","@graph":[{"@type":"WebPage","@id":"https:\/\/strangercam.com\/video-call-strangers\/","url":"https:\/\/strangercam.com\/video-call-strangers\/","name":"Videosamtal till fr\u00e4mlingar p\u00e5 Strangercam.com","isPartOf":{"@id":"https:\/\/strangercam.com\/#website"},"datePublished":"2025-09-03T10:37:25+00:00","dateModified":"2025-09-03T11:39:32+00:00","description":"Gillar du videosamtal fr\u00e4mlingar? Join miljoner p\u00e5 StrangerCam.com! Starta en slumpm\u00e4ssig videochatt, sl\u00e5 p\u00e5 din cam och tr\u00e4ffa fr\u00e4mlingar direkt.","breadcrumb":{"@id":"https:\/\/strangercam.com\/video-call-strangers\/#breadcrumb"},"inLanguage":"sv-SE","potentialAction":[{"@type":"ReadAction","target":["https:\/\/strangercam.com\/video-call-strangers\/"]}]},{"@type":"BreadcrumbList","@id":"https:\/\/strangercam.com\/video-call-strangers\/#breadcrumb","itemListElement":[{"@type":"ListItem","position":1,"name":"Home","item":"https:\/\/strangercam.com\/"},{"@type":"ListItem","position":2,"name":"Video Call Strangers"}]},{"@type":"WebSite","@id":"https:\/\/strangercam.com\/#website","url":"https:\/\/strangercam.com\/","name":"Strangercam","description":"Slumpm\u00e4ssig videochatt med fr\u00e4mlingar","publisher":{"@id":"https:\/\/strangercam.com\/#organization"},"alternateName":"Strangercam.com","potentialAction":[{"@type":"SearchAction","target":{"@type":"EntryPoint","urlTemplate":"https:\/\/strangercam.com\/?s={search_term_string}"},"query-input":{"@type":"PropertyValueSpecification","valueRequired":true,"valueName":"search_term_string"}}],"inLanguage":"sv-SE"},{"@type":"Organization","@id":"https:\/\/strangercam.com\/#organization","name":"Strangercam","alternateName":"Strangercam.com","url":"https:\/\/strangercam.com\/","logo":{"@type":"ImageObject","inLanguage":"sv-SE","@id":"https:\/\/strangercam.com\/#\/schema\/logo\/image\/","url":"https:\/\/strangercam.com\/wp-content\/uploads\/2020\/11\/cropped-new-favicon-black.png","contentUrl":"https:\/\/strangercam.com\/wp-content\/uploads\/2020\/11\/cropped-new-favicon-black.png","width":512,"height":512,"caption":"Strangercam"},"image":{"@id":"https:\/\/strangercam.com\/#\/schema\/logo\/image\/"},"sameAs":["https:\/\/www.facebook.com\/strangercam","https:\/\/x.com\/strangercamapp"]}]}},"_links":{"self":[{"href":"https:\/\/strangercam.com\/sv\/wp-json\/wp\/v2\/pages\/4004","targetHints":{"allow":["GET"]}}],"collection":[{"href":"https:\/\/strangercam.com\/sv\/wp-json\/wp\/v2\/pages"}],"about":[{"href":"https:\/\/strangercam.com\/sv\/wp-json\/wp\/v2\/types\/page"}],"author":[{"embeddable":true,"href":"https:\/\/strangercam.com\/sv\/wp-json\/wp\/v2\/users\/8"}],"replies":[{"embeddable":true,"href":"https:\/\/strangercam.com\/sv\/wp-json\/wp\/v2\/comments?post=4004"}],"version-history":[{"count":2,"href":"https:\/\/strangercam.com\/sv\/wp-json\/wp\/v2\/pages\/4004\/revisions"}],"predecessor-version":[{"id":12995,"href":"https:\/\/strangercam.com\/sv\/wp-json\/wp\/v2\/pages\/4004\/revisions\/12995"}],"wp:attachment":[{"href":"https:\/\/strangercam.com\/sv\/wp-json\/wp\/v2\/media?parent=4004"}],"curies":[{"name":"wp","href":"https:\/\/api.w.org\/{rel}","templated":true}]}}