{"id":3987,"date":"2025-08-28T17:34:41","date_gmt":"2025-08-28T15:34:41","guid":{"rendered":"https:\/\/strangercam.com\/?page_id=3987"},"modified":"2025-09-03T13:32:08","modified_gmt":"2025-09-03T11:32:08","slug":"prata-med-framlingar-online-video","status":"publish","type":"page","link":"https:\/\/strangercam.com\/sv\/talk-to-strangers-online-video\/","title":{"rendered":"Talk to Strangers Online Video"},"content":{"rendered":"<p>Letar du efter det b\u00e4sta s\u00e4ttet att prata med fr\u00e4mlingar online videostil? Du \u00e4r inte den enda. Varje dag hoppar miljontals m\u00e4nniskor p\u00e5 slumpm\u00e4ssiga <a href=\"https:\/\/strangercam.com\/sv\/chathub\/\">chatt<\/a> plattformar f\u00f6r att f\u00e5 kontakt ansikte mot ansikte med nya m\u00e4nniskor \u00f6ver hela v\u00e4rlden. Till skillnad fr\u00e5n sociala medier eller dejtingappar, d\u00e4r konversationer ofta k\u00e4nns iscensatta eller tar tid att starta, \u00e4r live videochatt med fr\u00e4mlingar omedelbar, autentisk och sp\u00e4nnande.<\/p>\n<p>Med moderna plattformar som StrangerCam kan du starta en gratis online videochatt med fr\u00e4mlingar direkt - inga registreringar, inga nedladdningar och inga dolda avgifter. Oavsett om du vill f\u00e5 v\u00e4nner, \u00f6va ett spr\u00e5k, njuta av en avslappnad flirt eller helt enkelt \u00f6vervinna tristess, har det aldrig varit enklare eller s\u00e4krare att prata med fr\u00e4mlingar via video.<\/p>\n<p>Denna guide kommer att f\u00f6rklara allt du beh\u00f6ver veta om online videochattar med fr\u00e4mlingar: hur de fungerar, varf\u00f6r de har blivit s\u00e5 popul\u00e4ra, de funktioner som betyder mest, s\u00e4kerhetstips, plattformsj\u00e4mf\u00f6relser och varf\u00f6r StrangerCam \u00e4r ett av de b\u00e4sta valen f\u00f6r 2025.<\/p>\n<h2>Vad betyder \"Talk to Strangers Online Video\"?<\/h2>\n<p>N\u00e4r du pratar med fr\u00e4mlingar online i videostil anv\u00e4nder du din webbkamera och mikrofon f\u00f6r att f\u00e5 omedelbar kontakt med slumpm\u00e4ssiga personer \u00f6ver internet. Till skillnad fr\u00e5n textchattrum eller sociala plattformar erbjuder detta format konversationer i realtid, ansikte mot ansikte med fr\u00e4mlingar - vilket ger dig en mycket mer \u00e4kta och spontan upplevelse.<\/p>\n<p>I st\u00e4llet f\u00f6r att svepa i o\u00e4ndlighet p\u00e5 dejtingappar eller v\u00e4nta p\u00e5 svar p\u00e5 sociala medier trycker du p\u00e5 en knapp och tr\u00e4ffar n\u00e5gon direkt. Det kan vara n\u00e5gon fr\u00e5n ditt eget land eller en fr\u00e4mling fr\u00e5n andra sidan jordklotet. Varje konversation \u00e4r en \u00f6verraskning.<\/p>\n<h2>Varf\u00f6r m\u00e4nniskor \u00e4lskar gratis online videochattar med fr\u00e4mlingar<\/h2>\n<p>\u00d6kningen av onlinevideoplattformar f\u00f6r gratis prat med fr\u00e4mlingar har varit enorm - och av goda sk\u00e4l. H\u00e4r \u00e4r varf\u00f6r anv\u00e4ndare forts\u00e4tter att komma tillbaka:<\/p>\n<ul>\n<li>Verklig m\u00e4nsklig kontakt: Video bevisar att du pratar med en riktig person, inte en falsk profil eller bot.<\/li>\n<li>Sp\u00e4nnande och spontan: Varje chatt \u00e4r of\u00f6ruts\u00e4gbar - rolig, v\u00e4nlig, flirtig eller ibland djup.<\/li>\n<li>Inga barri\u00e4rer: Inget behov av att registrera sig, inga profiler, ingen v\u00e4ntan - bara omedelbar anslutning.<\/li>\n<li>Kulturellt utbyte: Tr\u00e4ffa m\u00e4nniskor fr\u00e5n olika l\u00e4nder och l\u00e4r dig mer om deras livsstilar.<\/li>\n<li>Lindring av ensamhet: F\u00f6r m\u00e5nga \u00e4r det ett snabbt s\u00e4tt att k\u00e4nna samh\u00f6righet och f\u00e5 bukt med tristessen.<\/li>\n<li>Frihet att v\u00e4lja: Om du inte trivs med n\u00e5gon g\u00e5r du vidare till n\u00e4sta chatt med ett klick.<\/li>\n<\/ul>\n<h2>Hur fungerar det att prata med fr\u00e4mlingar online via video?<\/h2>\n<p>Processen \u00e4r utformad f\u00f6r att vara snabb och enkel:<\/p>\n<ol>\n<li>\u00d6ppna plattformen (mobil eller station\u00e4r).<\/li>\n<li>Till\u00e5t kamera- och mikrofon\u00e5tkomst n\u00e4r du uppmanas till det.<\/li>\n<li>Klicka p\u00e5 \"Starta chatt\" f\u00f6r att direkt komma i kontakt med en slumpm\u00e4ssig fr\u00e4mling.<\/li>\n<li>Prata live p\u00e5 video. Om du inte gillar chatten trycker du p\u00e5 \"N\u00e4sta\".<\/li>\n<li>Upprepa i all o\u00e4ndlighet - det finns ingen gr\u00e4ns f\u00f6r hur m\u00e5nga m\u00e4nniskor du kan tr\u00e4ffa.<\/li>\n<\/ol>\n<p>Vissa plattformar inneh\u00e5ller ocks\u00e5 extrafunktioner som k\u00f6nsfilter, platsmatchning och till och med inbyggda \u00f6vers\u00e4ttningsverktyg f\u00f6r chattar p\u00e5 olika spr\u00e5k.<\/p>\n<h2>De b\u00e4sta egenskaperna att leta efter<\/h2>\n<p>Om du vill ha den b\u00e4sta upplevelsen n\u00e4r du pratar med fr\u00e4mlingar online video, h\u00e5ll utkik efter dessa funktioner:<\/p>\n<h3>1. Verkligt fri tillg\u00e5ng<\/h3>\n<p>De b\u00e4sta plattformarna l\u00e5ter dig chatta utan att tvinga dig till prenumerationer.<\/p>\n<h3>2. Ingen registrering kr\u00e4vs<\/h3>\n<p>H\u00e5ll dig anonym och hoppa rakt in i det roliga utan konton eller inloggningar.<\/p>\n<h3>3. Filter f\u00f6r k\u00f6n och plats<\/h3>\n<p>Hj\u00e4lpsamt om du vill tr\u00e4ffa specifika typer av m\u00e4nniskor (som att chatta med bara tjejer eller fr\u00e4mlingar fr\u00e5n ditt land).<\/p>\n<h3>4. M\u00e5ttfullhet och s\u00e4kerhetskontroller<\/h3>\n<p>Aktiva moderatorer och rapporteringsverktyg hj\u00e4lper till att h\u00e5lla utrymmet s\u00e4kert fr\u00e5n ol\u00e4mpligt beteende.<\/p>\n<h3>5. Mobilanpassad design<\/h3>\n<p>Du ska kunna ansluta enkelt fr\u00e5n din telefon, inte bara fr\u00e5n din dator.<\/p>\n<h3>6. H\u00f6gkvalitativ video<\/h3>\n<p>J\u00e4mn och tydlig video g\u00f6r samtalen mer naturliga och behagliga.<\/p>\n<h2>B\u00e4sta plattformarna f\u00f6r att prata med fr\u00e4mlingar online via video 2025<\/h2>\n<p>S\u00e5 h\u00e4r ser j\u00e4mf\u00f6relsen ut mellan n\u00e5gra av de mest popul\u00e4ra plattformarna:<\/p>\n<table>\n<thead>\n<tr>\n<th>Plattform<\/th>\n<th align=\"center\">Fri tillg\u00e5ng<\/th>\n<th align=\"center\">Genusfilter<\/th>\n<th align=\"center\">Anm\u00e4lan kr\u00e4vs<\/th>\n<th align=\"center\">Mobilt st\u00f6d<\/th>\n<th align=\"center\">Moderering<\/th>\n<th>Anteckningar<\/th>\n<\/tr>\n<\/thead>\n<tbody>\n<tr>\n<td>StrangerCam<\/td>\n<td align=\"center\">\u2705<\/td>\n<td align=\"center\">\u2705 (gratis)<\/td>\n<td align=\"center\">\u274c<\/td>\n<td align=\"center\">\u2705<\/td>\n<td align=\"center\">\u2705<\/td>\n<td>B\u00e4sta \u00f6vergripande val, s\u00e4kert och verkligt fritt<\/td>\n<\/tr>\n<tr>\n<td><a href=\"https:\/\/strangercam.com\/sv\/chatroulette\/\">Chatroulette<\/a><\/td>\n<td align=\"center\">\u2705<\/td>\n<td align=\"center\">\u274c (Betald)<\/td>\n<td align=\"center\">\u274c<\/td>\n<td align=\"center\">\u2705<\/td>\n<td align=\"center\">\u2705<\/td>\n<td>Klassisk, men k\u00f6nsfilter l\u00e5st<\/td>\n<\/tr>\n<tr>\n<td>Chatrandom<\/td>\n<td align=\"center\">\u2705<\/td>\n<td align=\"center\">\u274c (Betald)<\/td>\n<td align=\"center\">\u274c<\/td>\n<td align=\"center\">\u2705<\/td>\n<td align=\"center\">\u2705<\/td>\n<td>Stor anv\u00e4ndarbas, men behov av uppgraderingar<\/td>\n<\/tr>\n<tr>\n<td><a href=\"https:\/\/strangercam.com\/sv\/ometv\/\">OmeTV<\/a><\/td>\n<td align=\"center\">\u2705<\/td>\n<td align=\"center\">\u274c<\/td>\n<td align=\"center\">\u274c<\/td>\n<td align=\"center\">\u2705<\/td>\n<td align=\"center\">\u2705<\/td>\n<td>App-baserad, endast slumpm\u00e4ssig<\/td>\n<\/tr>\n<tr>\n<td>Shagle<\/td>\n<td align=\"center\">\u2705<\/td>\n<td align=\"center\">\u274c (Betald)<\/td>\n<td align=\"center\">\u274c<\/td>\n<td align=\"center\">\u2705<\/td>\n<td align=\"center\">\u2705<\/td>\n<td>Gratis chattar men premiumuppgraderingar pressas<\/td>\n<\/tr>\n<tr>\n<td><a href=\"https:\/\/strangercam.com\/sv\/coomeet\/\">CooMeet<\/a><\/td>\n<td align=\"center\">\u274c (provperiod)<\/td>\n<td align=\"center\">\u2705<\/td>\n<td align=\"center\">\u2705<\/td>\n<td align=\"center\">\u2705<\/td>\n<td align=\"center\">\u2705<\/td>\n<td>Betalade efter n\u00e5gra gratis chattar<\/td>\n<\/tr>\n<tr>\n<td>LuckyCrush<\/td>\n<td align=\"center\">\u274c<\/td>\n<td align=\"center\">\u2705<\/td>\n<td align=\"center\">\u2705<\/td>\n<td align=\"center\">\u2705<\/td>\n<td align=\"center\">\u2705<\/td>\n<td>Alltid betalt, k\u00f6nsbaserade kopplingar<\/td>\n<\/tr>\n<\/tbody>\n<\/table>\n<p>Bland dessa \u00e4r StrangerCam en av de enda plattformarna som erbjuder gratis, obegr\u00e4nsade videochattar online med fr\u00e4mlingar och ett fungerande k\u00f6nsfilter utan krav p\u00e5 registrering.<\/p>\n<h2>Varf\u00f6r StrangerCam \u00e4r det b\u00e4sta st\u00e4llet att prata med fr\u00e4mlingar online<\/h2>\n<p>H\u00e4r \u00e4r varf\u00f6r StrangerCam \u00e4r en av de b\u00e4sta plattformarna 2025 f\u00f6r att prata med fr\u00e4mlingar online via video:<\/p>\n<h3>1. Helt gratis och obegr\u00e4nsat<\/h3>\n<p>Inga dolda kostnader, pr\u00f6vningar eller kreditsystem - du kan chatta s\u00e5 mycket du vill.<\/p>\n<h3>2. Verkligt genusfilter som \u00e4r gratis<\/h3>\n<p>Till skillnad fr\u00e5n de flesta konkurrenter l\u00e5ter StrangerCam dig v\u00e4lja tjejer, killar eller b\u00e5da utan att betala.<\/p>\n<h3>3. Ingen registrering kr\u00e4vs<\/h3>\n<p>Hoppa rakt in i det roliga utan att skapa ett konto.<\/p>\n<h3>4. S\u00e4kert och modererat<\/h3>\n<p>Robusta rapporteringssystem och moderering i realtid g\u00f6r det till ett av de s\u00e4krare alternativen.<\/p>\n<h3>5. Global anv\u00e4ndarbas<\/h3>\n<p>Tr\u00e4ffa fr\u00e4mlingar fr\u00e5n \u00f6ver 100 l\u00e4nder, n\u00e4r som helst, 24\/7.<\/p>\n<h3>6. Fungerar \u00f6verallt<\/h3>\n<p>Optimerad f\u00f6r b\u00e5de dator och mobil, s\u00e5 att du kan chatta n\u00e4r du \u00e4r p\u00e5 spr\u00e5ng.<\/p>\n<h2>Verkliga vittnesm\u00e5l fr\u00e5n anv\u00e4ndare<\/h2>\n<blockquote><p><em>\"Jag ville bara ha en plats d\u00e4r jag kunde prata med fr\u00e4mlingar online i videostil, utan betalv\u00e4ggar eller nedladdningar. StrangerCam gav mig precis det - gratis, snabbt och roligt.\"<\/em><br \/>\n- Daniel, 28 \u00e5r<\/p><\/blockquote>\n<blockquote><p><em>\"Jag har tr\u00e4ffat m\u00e4nniskor fr\u00e5n s\u00e5 m\u00e5nga olika l\u00e4nder h\u00e4r. Det \u00e4r beroendeframkallande och ett bra s\u00e4tt att tillbringa mina kv\u00e4llar.\"<\/em><br \/>\n- Sophia, 24 \u00e5r<\/p><\/blockquote>\n<blockquote><p><em>\"\u00c4ntligen en webbplats d\u00e4r k\u00f6nsfiltret faktiskt fungerar utan att beh\u00f6va betala. Rekommenderar den varmt.\"<\/em><br \/>\n- Ryan, 32 \u00e5r<\/p><\/blockquote>\n<blockquote><p><em>\"Det k\u00e4nns s\u00e4krare \u00e4n andra plattformar jag har provat. Modereringen \u00e4r solid, och jag kan hoppa \u00f6ver direkt om jag inte gillar st\u00e4mningen.\"<\/em><br \/>\n- Leah, 21 \u00e5r<\/p><\/blockquote>\n<h2>S\u00e4kerhetstips f\u00f6r att prata med fr\u00e4mlingar p\u00e5 n\u00e4tet<\/h2>\n<p>\u00c4ven om videochattar p\u00e5 n\u00e4tet \u00e4r roliga ska du alltid prioritera s\u00e4kerheten:<\/p>\n<ul>\n<li>Dela inte med dig av personuppgifter (adress, fullst\u00e4ndigt namn, telefonnummer).<\/li>\n<li>Hoppa \u00f6ver eller blockera n\u00e5gon som f\u00e5r dig att k\u00e4nna dig obekv\u00e4m.<\/li>\n<li>Klicka aldrig p\u00e5 l\u00e4nkar som skickas av ok\u00e4nda personer.<\/li>\n<li>Anv\u00e4nd en neutral bakgrund s\u00e5 att du inte avsl\u00f6jar privata detaljer.<\/li>\n<li>H\u00e5ll dig till plattformsverktygen - anv\u00e4nd rapporteringsfunktioner vid behov.<\/li>\n<li>Respektera \u00e5ldersgr\u00e4nser - om du \u00e4r under 18 \u00e5r ska du inte anv\u00e4nda slumpm\u00e4ssiga chattwebbplatser f\u00f6r vuxna.<\/li>\n<\/ul>\n<h2>S\u00e5 h\u00e4r kommer du ig\u00e5ng - steg f\u00f6r steg<\/h2>\n<p>Det tar mindre \u00e4n en minut att b\u00f6rja prata med fr\u00e4mlingar via video:<\/p>\n<ol>\n<li>\u00d6ppna StrangerCam i din webbl\u00e4sare.<\/li>\n<li>Till\u00e5t \u00e5tkomst till kamera och mikrofon.<\/li>\n<li>V\u00e4lj preferenser (t.ex. k\u00f6nsfilter).<\/li>\n<li>Klicka p\u00e5 Starta chatt f\u00f6r att tr\u00e4ffa din f\u00f6rsta fr\u00e4mling direkt.<\/li>\n<li>Klicka p\u00e5 N\u00e4sta n\u00e4r som helst f\u00f6r en ny konversation.<\/li>\n<\/ol>\n<p>Det \u00e4r allt - snabbt, enkelt och helt gratis.<\/p>\n<h2>Vanliga fr\u00e5gor och svar<\/h2>\n<h3>\u00c4r det verkligen fritt fram att prata med fr\u00e4mlingar online via video?<\/h3>\n<p>Ja, det g\u00f6r jag. Plattformar som StrangerCam erbjuder obegr\u00e4nsade gratis chattar utan dolda avgifter.<\/p>\n<h3>M\u00e5ste jag registrera mig?<\/h3>\n<p>Nej, StrangerCam kr\u00e4ver inte ett konto eller inloggning.<\/p>\n<h3>\u00c4r fr\u00e4mlingarna verkliga?<\/h3>\n<p>Ja, det g\u00f6r jag. Med livevideo pratar du med riktiga m\u00e4nniskor, inte botar eller falska konton.<\/p>\n<h3>Kan jag anv\u00e4nda den p\u00e5 min telefon?<\/h3>\n<p>Ja, StrangerCam fungerar perfekt p\u00e5 b\u00e5de station\u00e4ra och mobila enheter.<\/p>\n<h3>\u00c4r det s\u00e4kert?<\/h3>\n<p>Ja, f\u00f6rutsatt att du f\u00f6ljer grundl\u00e4ggande s\u00e4kerhetstips och anv\u00e4nder StrangerCams rapporteringsfunktioner.<\/p>\n<h2>Slutliga tankar - Prova gratis online videochatt med fr\u00e4mlingar idag<\/h2>\n<p>\u00c5r 2025 \u00e4r det enklaste s\u00e4ttet att tr\u00e4ffa nya m\u00e4nniskor p\u00e5 n\u00e4tet att prata med fr\u00e4mlingar via videochatt. Det \u00e4r spontant, autentiskt och gratis - och ger dig chansen att direkt f\u00e5 kontakt med riktiga m\u00e4nniskor \u00f6ver hela v\u00e4rlden.<\/p>\n<p>Men det \u00e4r inte alla plattformar som levererar. M\u00e5nga d\u00f6ljer funktioner bakom betalv\u00e4ggar eller fyller sina webbplatser med bots. Det \u00e4r d\u00e4rf\u00f6r StrangerCam \u00e4r ett av de b\u00e4sta valen idag: det \u00e4r gratis, s\u00e4kert, anonymt och \u00f6ppet 24\/7 med en global gemenskap som v\u00e4ntar p\u00e5 att tr\u00e4ffa dig.<\/p>\n<p>Redo att f\u00e5 kontakt? Starta en gratis videochatt online med fr\u00e4mlingar nu - du vet aldrig vem du tr\u00e4ffar h\u00e4rn\u00e4st.<\/p>","protected":false},"excerpt":{"rendered":"<p>Are you looking for the best way to talk to strangers online video style? You\u2019re not the only one. Every day, millions of people jump onto random chat platforms to connect face-to-face with new people across the globe. Unlike social media or dating apps, where conversations often feel staged or take time to start, live [&hellip;]<\/p>\n","protected":false},"author":8,"featured_media":0,"parent":0,"menu_order":0,"comment_status":"closed","ping_status":"closed","template":"","meta":{"footnotes":""},"class_list":["post-3987","page","type-page","status-publish","hentry"],"yoast_head":"<!-- This site is optimized with the Yoast SEO plugin v27.4 - https:\/\/yoast.com\/product\/yoast-seo-wordpress\/ -->\n<title>Talk to Strangers Online Video on Strangercam.com<\/title>\n<meta name=\"description\" content=\"Liking Talk to Strangers Online Video? Join millions on StrangerCam.com! Start a random video chat, turn on your cam, and meet strangers instantly.\" \/>\n<meta name=\"robots\" content=\"index, follow, max-snippet:-1, max-image-preview:large, max-video-preview:-1\" \/>\n<link rel=\"canonical\" href=\"https:\/\/strangercam.com\/sv\/prata-med-framlingar-online-video\/\" \/>\n<meta property=\"og:locale\" content=\"sv_SE\" \/>\n<meta property=\"og:type\" content=\"article\" \/>\n<meta property=\"og:title\" content=\"Talk to Strangers Online Video on Strangercam.com\" \/>\n<meta property=\"og:description\" content=\"Liking Talk to Strangers Online Video? Join millions on StrangerCam.com! Start a random video chat, turn on your cam, and meet strangers instantly.\" \/>\n<meta property=\"og:url\" content=\"https:\/\/strangercam.com\/sv\/prata-med-framlingar-online-video\/\" \/>\n<meta property=\"og:site_name\" content=\"Strangercam\" \/>\n<meta property=\"article:publisher\" content=\"https:\/\/www.facebook.com\/strangercam\" \/>\n<meta property=\"article:modified_time\" content=\"2025-09-03T11:32:08+00:00\" \/>\n<meta property=\"og:image\" content=\"https:\/\/strangercam.com\/wp-content\/uploads\/2021\/10\/Untitled-2.png\" \/>\n\t<meta property=\"og:image:width\" content=\"800\" \/>\n\t<meta property=\"og:image:height\" content=\"532\" \/>\n\t<meta property=\"og:image:type\" content=\"image\/png\" \/>\n<meta name=\"twitter:card\" content=\"summary_large_image\" \/>\n<meta name=\"twitter:site\" content=\"@strangercamapp\" \/>\n<meta name=\"twitter:label1\" content=\"Ber\u00e4knad l\u00e4stid\" \/>\n\t<meta name=\"twitter:data1\" content=\"6 minuter\" \/>\n<script type=\"application\/ld+json\" class=\"yoast-schema-graph\">{\"@context\":\"https:\\\/\\\/schema.org\",\"@graph\":[{\"@type\":\"WebPage\",\"@id\":\"https:\\\/\\\/strangercam.com\\\/talk-to-strangers-online-video\\\/\",\"url\":\"https:\\\/\\\/strangercam.com\\\/talk-to-strangers-online-video\\\/\",\"name\":\"Talk to Strangers Online Video on Strangercam.com\",\"isPartOf\":{\"@id\":\"https:\\\/\\\/strangercam.com\\\/#website\"},\"datePublished\":\"2025-08-28T15:34:41+00:00\",\"dateModified\":\"2025-09-03T11:32:08+00:00\",\"description\":\"Liking Talk to Strangers Online Video? Join millions on StrangerCam.com! Start a random video chat, turn on your cam, and meet strangers instantly.\",\"breadcrumb\":{\"@id\":\"https:\\\/\\\/strangercam.com\\\/talk-to-strangers-online-video\\\/#breadcrumb\"},\"inLanguage\":\"sv-SE\",\"potentialAction\":[{\"@type\":\"ReadAction\",\"target\":[\"https:\\\/\\\/strangercam.com\\\/talk-to-strangers-online-video\\\/\"]}]},{\"@type\":\"BreadcrumbList\",\"@id\":\"https:\\\/\\\/strangercam.com\\\/talk-to-strangers-online-video\\\/#breadcrumb\",\"itemListElement\":[{\"@type\":\"ListItem\",\"position\":1,\"name\":\"Home\",\"item\":\"https:\\\/\\\/strangercam.com\\\/\"},{\"@type\":\"ListItem\",\"position\":2,\"name\":\"Talk to Strangers Online Video\"}]},{\"@type\":\"WebSite\",\"@id\":\"https:\\\/\\\/strangercam.com\\\/#website\",\"url\":\"https:\\\/\\\/strangercam.com\\\/\",\"name\":\"Strangercam\",\"description\":\"Random Video Chat with Strangers\",\"publisher\":{\"@id\":\"https:\\\/\\\/strangercam.com\\\/#organization\"},\"alternateName\":\"Strangercam.com\",\"potentialAction\":[{\"@type\":\"SearchAction\",\"target\":{\"@type\":\"EntryPoint\",\"urlTemplate\":\"https:\\\/\\\/strangercam.com\\\/?s={search_term_string}\"},\"query-input\":{\"@type\":\"PropertyValueSpecification\",\"valueRequired\":true,\"valueName\":\"search_term_string\"}}],\"inLanguage\":\"sv-SE\"},{\"@type\":\"Organization\",\"@id\":\"https:\\\/\\\/strangercam.com\\\/#organization\",\"name\":\"Strangercam\",\"alternateName\":\"Strangercam.com\",\"url\":\"https:\\\/\\\/strangercam.com\\\/\",\"logo\":{\"@type\":\"ImageObject\",\"inLanguage\":\"sv-SE\",\"@id\":\"https:\\\/\\\/strangercam.com\\\/#\\\/schema\\\/logo\\\/image\\\/\",\"url\":\"https:\\\/\\\/strangercam.com\\\/wp-content\\\/uploads\\\/2020\\\/11\\\/cropped-new-favicon-black.png\",\"contentUrl\":\"https:\\\/\\\/strangercam.com\\\/wp-content\\\/uploads\\\/2020\\\/11\\\/cropped-new-favicon-black.png\",\"width\":512,\"height\":512,\"caption\":\"Strangercam\"},\"image\":{\"@id\":\"https:\\\/\\\/strangercam.com\\\/#\\\/schema\\\/logo\\\/image\\\/\"},\"sameAs\":[\"https:\\\/\\\/www.facebook.com\\\/strangercam\",\"https:\\\/\\\/x.com\\\/strangercamapp\"]}]}<\/script>\n<!-- \/ Yoast SEO plugin. -->","yoast_head_json":{"title":"Talk to Strangers Online Video p\u00e5 Strangercam.com","description":"Gillar du Talk to Strangers Online Video? Join miljoner p\u00e5 StrangerCam.com! Starta en slumpm\u00e4ssig videochatt, s\u00e4tt p\u00e5 din cam och tr\u00e4ffa fr\u00e4mlingar direkt.","robots":{"index":"index","follow":"follow","max-snippet":"max-snippet:-1","max-image-preview":"max-image-preview:large","max-video-preview":"max-video-preview:-1"},"canonical":"https:\/\/strangercam.com\/sv\/prata-med-framlingar-online-video\/","og_locale":"sv_SE","og_type":"article","og_title":"Talk to Strangers Online Video on Strangercam.com","og_description":"Liking Talk to Strangers Online Video? Join millions on StrangerCam.com! Start a random video chat, turn on your cam, and meet strangers instantly.","og_url":"https:\/\/strangercam.com\/sv\/prata-med-framlingar-online-video\/","og_site_name":"Strangercam","article_publisher":"https:\/\/www.facebook.com\/strangercam","article_modified_time":"2025-09-03T11:32:08+00:00","og_image":[{"width":800,"height":532,"url":"https:\/\/strangercam.com\/wp-content\/uploads\/2021\/10\/Untitled-2.png","type":"image\/png"}],"twitter_card":"summary_large_image","twitter_site":"@strangercamapp","twitter_misc":{"Ber\u00e4knad l\u00e4stid":"6 minuter"},"schema":{"@context":"https:\/\/schema.org","@graph":[{"@type":"WebPage","@id":"https:\/\/strangercam.com\/talk-to-strangers-online-video\/","url":"https:\/\/strangercam.com\/talk-to-strangers-online-video\/","name":"Talk to Strangers Online Video p\u00e5 Strangercam.com","isPartOf":{"@id":"https:\/\/strangercam.com\/#website"},"datePublished":"2025-08-28T15:34:41+00:00","dateModified":"2025-09-03T11:32:08+00:00","description":"Gillar du Talk to Strangers Online Video? Join miljoner p\u00e5 StrangerCam.com! Starta en slumpm\u00e4ssig videochatt, s\u00e4tt p\u00e5 din cam och tr\u00e4ffa fr\u00e4mlingar direkt.","breadcrumb":{"@id":"https:\/\/strangercam.com\/talk-to-strangers-online-video\/#breadcrumb"},"inLanguage":"sv-SE","potentialAction":[{"@type":"ReadAction","target":["https:\/\/strangercam.com\/talk-to-strangers-online-video\/"]}]},{"@type":"BreadcrumbList","@id":"https:\/\/strangercam.com\/talk-to-strangers-online-video\/#breadcrumb","itemListElement":[{"@type":"ListItem","position":1,"name":"Home","item":"https:\/\/strangercam.com\/"},{"@type":"ListItem","position":2,"name":"Talk to Strangers Online Video"}]},{"@type":"WebSite","@id":"https:\/\/strangercam.com\/#website","url":"https:\/\/strangercam.com\/","name":"Strangercam","description":"Slumpm\u00e4ssig videochatt med fr\u00e4mlingar","publisher":{"@id":"https:\/\/strangercam.com\/#organization"},"alternateName":"Strangercam.com","potentialAction":[{"@type":"SearchAction","target":{"@type":"EntryPoint","urlTemplate":"https:\/\/strangercam.com\/?s={search_term_string}"},"query-input":{"@type":"PropertyValueSpecification","valueRequired":true,"valueName":"search_term_string"}}],"inLanguage":"sv-SE"},{"@type":"Organization","@id":"https:\/\/strangercam.com\/#organization","name":"Strangercam","alternateName":"Strangercam.com","url":"https:\/\/strangercam.com\/","logo":{"@type":"ImageObject","inLanguage":"sv-SE","@id":"https:\/\/strangercam.com\/#\/schema\/logo\/image\/","url":"https:\/\/strangercam.com\/wp-content\/uploads\/2020\/11\/cropped-new-favicon-black.png","contentUrl":"https:\/\/strangercam.com\/wp-content\/uploads\/2020\/11\/cropped-new-favicon-black.png","width":512,"height":512,"caption":"Strangercam"},"image":{"@id":"https:\/\/strangercam.com\/#\/schema\/logo\/image\/"},"sameAs":["https:\/\/www.facebook.com\/strangercam","https:\/\/x.com\/strangercamapp"]}]}},"_links":{"self":[{"href":"https:\/\/strangercam.com\/sv\/wp-json\/wp\/v2\/pages\/3987","targetHints":{"allow":["GET"]}}],"collection":[{"href":"https:\/\/strangercam.com\/sv\/wp-json\/wp\/v2\/pages"}],"about":[{"href":"https:\/\/strangercam.com\/sv\/wp-json\/wp\/v2\/types\/page"}],"author":[{"embeddable":true,"href":"https:\/\/strangercam.com\/sv\/wp-json\/wp\/v2\/users\/8"}],"replies":[{"embeddable":true,"href":"https:\/\/strangercam.com\/sv\/wp-json\/wp\/v2\/comments?post=3987"}],"version-history":[{"count":2,"href":"https:\/\/strangercam.com\/sv\/wp-json\/wp\/v2\/pages\/3987\/revisions"}],"predecessor-version":[{"id":12981,"href":"https:\/\/strangercam.com\/sv\/wp-json\/wp\/v2\/pages\/3987\/revisions\/12981"}],"wp:attachment":[{"href":"https:\/\/strangercam.com\/sv\/wp-json\/wp\/v2\/media?parent=3987"}],"curies":[{"name":"wp","href":"https:\/\/api.w.org\/{rel}","templated":true}]}}