{"id":3970,"date":"2025-08-28T17:31:39","date_gmt":"2025-08-28T15:31:39","guid":{"rendered":"https:\/\/strangercam.com\/?page_id=3970"},"modified":"2025-09-03T13:32:00","modified_gmt":"2025-09-03T11:32:00","slug":"slumpmassig-webbkamera-chatt","status":"publish","type":"page","link":"https:\/\/strangercam.com\/sv\/slumpmassig-webbkamera-chatt\/","title":{"rendered":"Slumpm\u00e4ssig webbkamera chatt"},"content":{"rendered":"<p>Letar du efter sp\u00e4nningen i en slumpm\u00e4ssig webbkamera <a href=\"https:\/\/strangercam.com\/sv\/chathub\/\">chatt<\/a>? Du \u00e4r inte ensam om det. Sedan de tidiga dagarna av <a href=\"https:\/\/strangercam.com\/sv\/omegle\/\">Omegle<\/a> och <a href=\"https:\/\/strangercam.com\/sv\/chatroulette\/\">Chatroulette<\/a>, I dag har miljontals m\u00e4nniskor uppt\u00e4ckt det roliga med att f\u00e5 kontakt med fr\u00e4mlingar ansikte mot ansikte med ett klick p\u00e5 en knapp. Till skillnad fr\u00e5n sociala medier eller dejtingappar, d\u00e4r konversationer k\u00e4nns planerade eller l\u00e5ngsamma, \u00e4r slumpm\u00e4ssiga webbkamerachattar omedelbara, spontana och verkliga.<\/p>\n<p>\u00c5r 2025 g\u00f6r plattformar som StrangerCam det enklare \u00e4n n\u00e5gonsin att njuta av gratis slumpm\u00e4ssig webbkamerachatt - utan nedladdningar, inga registreringar och inga dolda kostnader. Oavsett om du \u00e4r h\u00e4r f\u00f6r att tr\u00e4ffa nya v\u00e4nner, flirta, dela kulturer eller helt enkelt fly fr\u00e5n tristess, \u00e4r webbkamerachatt med fr\u00e4mlingar ett av de mest sp\u00e4nnande s\u00e4tten att f\u00e5 kontakt online.<\/p>\n<p>Den h\u00e4r guiden kommer att f\u00f6rklara allt du beh\u00f6ver veta: hur slumpm\u00e4ssig webbkamerachatt fungerar, varf\u00f6r folk \u00e4lskar det, vilka funktioner du ska leta efter, j\u00e4mf\u00f6relser av de b\u00e4sta plattformarna, s\u00e4kerhetstips och varf\u00f6r StrangerCam \u00e4r ett av de b\u00e4sta valen idag.<\/p>\n<h2>Vad \u00e4r slumpm\u00e4ssig webbkamerachatt?<\/h2>\n<p>Slumpm\u00e4ssig webbkamerachatt \u00e4r en en-mot-en livevideoupplevelse som ansluter dig direkt till fr\u00e4mlingar \u00f6ver hela v\u00e4rlden med hj\u00e4lp av din webbkamera och mikrofon. Till skillnad fr\u00e5n textchattrum ger webbkamerachatt dig interaktion ansikte mot ansikte i realtid.<\/p>\n<p>Processen \u00e4r utformad f\u00f6r att vara snabb och enkel: tryck bara p\u00e5 \"Start\" och inom n\u00e5gra sekunder matchas du med n\u00e5gon ny. Om du inte gillar konversationen trycker du p\u00e5 \"N\u00e4sta\" f\u00f6r att g\u00e5 vidare. Varje chatt \u00e4r unik - ibland rolig, ibland flirtig, ibland \u00f6verraskande.<\/p>\n<h2>Varf\u00f6r m\u00e4nniskor \u00e4lskar gratis slumpm\u00e4ssig webbkamerachatt<\/h2>\n<p>Intresset f\u00f6r gratis slumpm\u00e4ssig webbkamerachatt v\u00e4xer snabbt, och h\u00e4r \u00e4r varf\u00f6r:<\/p>\n<ul>\n<li>Spontant kul - Du vet aldrig vem du tr\u00e4ffar h\u00e4rn\u00e4st.<\/li>\n<li>Autenticitet - Video visar att du pratar med en riktig person, inte en bot eller falsk profil.<\/li>\n<li>Inga registreringar eller \u00e5taganden - M\u00e5nga plattformar kr\u00e4ver inga konton. Bara klicka och chatta.<\/li>\n<li>Global Connections - tr\u00e4ffa m\u00e4nniskor fr\u00e5n hela v\u00e4rlden p\u00e5 n\u00e5gra sekunder.<\/li>\n<li>Variation - Varje chatt \u00e4r annorlunda: avslappnad, kulturell eller till och med flirtig.<\/li>\n<li>Stressavlastning och underh\u00e5llning - Ett perfekt s\u00e4tt att koppla av och motverka tristess.<\/li>\n<\/ul>\n<h2>Hur fungerar slumpm\u00e4ssig webbkamerachatt?<\/h2>\n<p>Det \u00e4r otroligt enkelt att starta en slumpm\u00e4ssig webbkamerachatt:<\/p>\n<ol>\n<li>\u00d6ppna plattformen p\u00e5 din dator eller mobila enhet.<\/li>\n<li>Till\u00e5t \u00e5tkomst till kamera och mikrofon.<\/li>\n<li>Klicka p\u00e5 \"Starta chatt\". Du f\u00e5r direkt kontakt med en fr\u00e4mling.<\/li>\n<li>Prata live ansikte mot ansikte.<\/li>\n<li>Klicka p\u00e5 \"N\u00e4sta\" n\u00e4r som helst n\u00e4r du vill tr\u00e4ffa n\u00e5gon ny.<\/li>\n<\/ol>\n<p>Hela processen tar mindre \u00e4n en minut, vilket g\u00f6r det till ett av de enklaste s\u00e4tten att tr\u00e4ffa nya m\u00e4nniskor online.<\/p>\n<h2>De b\u00e4sta funktionerna att leta efter<\/h2>\n<p>Alla webbkamerachattplattformar \u00e4r inte likadana. F\u00f6r att f\u00e5 den b\u00e4sta upplevelsen, leta efter dessa viktiga funktioner:<\/p>\n<h3>1. Verkligt fri tillg\u00e5ng<\/h3>\n<p>Undvik webbplatser som p\u00e5st\u00e5r att de \u00e4r gratis men som snabbt leder in dig i betalv\u00e4ggar.<\/p>\n<h3>2. Ingen registrering beh\u00f6vs<\/h3>\n<p>Du ska inte beh\u00f6va registrera dig eller l\u00e4mna ut personliga uppgifter bara f\u00f6r att b\u00f6rja chatta.<\/p>\n<h3>3. Filter f\u00f6r k\u00f6n och plats<\/h3>\n<p>V\u00e4lj att chatta med specifika typer av m\u00e4nniskor, till exempel bara tjejer eller m\u00e4nniskor fr\u00e5n vissa l\u00e4nder.<\/p>\n<h3>4. Starka modererings- och rapporteringsverktyg<\/h3>\n<p>Dessa h\u00e5ller milj\u00f6n s\u00e4ker genom att ta bort missbrukande anv\u00e4ndare och bots.<\/p>\n<h3>5. Kompatibilitet med mobiler<\/h3>\n<p>En bra plattform ska fungera smidigt p\u00e5 telefoner, surfplattor och station\u00e4ra datorer.<\/p>\n<h3>6. Video och ljud av h\u00f6g kvalitet<\/h3>\n<p>Tydliga och tillf\u00f6rlitliga anslutningar g\u00f6r samtalen mer naturliga och roliga.<\/p>\n<h2>B\u00e4sta slumpm\u00e4ssiga webbkamerachattplattformar 2025<\/h2>\n<p>H\u00e4r \u00e4r hur de b\u00e4sta alternativen j\u00e4mf\u00f6rs f\u00f6r anv\u00e4ndare som letar efter slumpm\u00e4ssig webbkamerachatt:<\/p>\n<table>\n<thead>\n<tr>\n<th>Plattform<\/th>\n<th align=\"center\">Fri tillg\u00e5ng<\/th>\n<th align=\"center\">Genusfilter<\/th>\n<th align=\"center\">Anm\u00e4lan kr\u00e4vs<\/th>\n<th align=\"center\">Mobilt st\u00f6d<\/th>\n<th align=\"center\">Moderering<\/th>\n<th>Anteckningar<\/th>\n<\/tr>\n<\/thead>\n<tbody>\n<tr>\n<td>StrangerCam<\/td>\n<td align=\"center\">\u2705<\/td>\n<td align=\"center\">\u2705 (gratis)<\/td>\n<td align=\"center\">\u274c<\/td>\n<td align=\"center\">\u2705<\/td>\n<td align=\"center\">\u2705<\/td>\n<td>B\u00e4sta allround-valet, helt gratis<\/td>\n<\/tr>\n<tr>\n<td>Chatroulette<\/td>\n<td align=\"center\">\u2705<\/td>\n<td align=\"center\">\u274c (Betald)<\/td>\n<td align=\"center\">\u274c<\/td>\n<td align=\"center\">\u2705<\/td>\n<td align=\"center\">\u2705<\/td>\n<td>Klassiskt men med betalda filter<\/td>\n<\/tr>\n<tr>\n<td>Chatrandom<\/td>\n<td align=\"center\">\u2705<\/td>\n<td align=\"center\">\u274c (Betald)<\/td>\n<td align=\"center\">\u274c<\/td>\n<td align=\"center\">\u2705<\/td>\n<td align=\"center\">\u2705<\/td>\n<td>Popul\u00e4r, men uppgraderingar pressade<\/td>\n<\/tr>\n<tr>\n<td><a href=\"https:\/\/strangercam.com\/sv\/ometv\/\">OmeTV<\/a><\/td>\n<td align=\"center\">\u2705<\/td>\n<td align=\"center\">\u274c<\/td>\n<td align=\"center\">\u274c<\/td>\n<td align=\"center\">\u2705<\/td>\n<td align=\"center\">\u2705<\/td>\n<td>Mobilapp, endast slumpm\u00e4ssig matchning<\/td>\n<\/tr>\n<tr>\n<td>Shagle<\/td>\n<td align=\"center\">\u2705<\/td>\n<td align=\"center\">\u274c (Betald)<\/td>\n<td align=\"center\">\u274c<\/td>\n<td align=\"center\">\u2705<\/td>\n<td align=\"center\">\u2705<\/td>\n<td>M\u00e5nga funktioner l\u00e5sta i premium<\/td>\n<\/tr>\n<tr>\n<td><a href=\"https:\/\/strangercam.com\/sv\/coomeet\/\">CooMeet<\/a><\/td>\n<td align=\"center\">\u274c (provperiod)<\/td>\n<td align=\"center\">\u2705<\/td>\n<td align=\"center\">\u2705<\/td>\n<td align=\"center\">\u2705<\/td>\n<td align=\"center\">\u2705<\/td>\n<td>Betalas efter begr\u00e4nsad gratis provperiod<\/td>\n<\/tr>\n<tr>\n<td>LuckyCrush<\/td>\n<td align=\"center\">\u274c<\/td>\n<td align=\"center\">\u2705<\/td>\n<td align=\"center\">\u2705<\/td>\n<td align=\"center\">\u2705<\/td>\n<td align=\"center\">\u2705<\/td>\n<td>Alltid betald, k\u00f6nsspecifik matchning<\/td>\n<\/tr>\n<\/tbody>\n<\/table>\n<p>StrangerCam sticker ut som en av de enda plattformarna som erbjuder gratis slumpm\u00e4ssig webbkamerachatt med fungerande k\u00f6nsfilter, ingen registrering och obegr\u00e4nsad tillg\u00e5ng.<\/p>\n<h2>Varf\u00f6r StrangerCam \u00e4r den b\u00e4sta platsen f\u00f6r slumpm\u00e4ssig webbkamerachatt<\/h2>\n<p>H\u00e4r \u00e4r varf\u00f6r StrangerCam \u00e4r ett f\u00f6rstahandsval f\u00f6r webbkamerachatt 2025:<\/p>\n<h3>1. Helt gratis<\/h3>\n<p>Obegr\u00e4nsade chattar med fr\u00e4mlingar, inga dolda avgifter.<\/p>\n<h3>2. Fritt k\u00f6nsfilter<\/h3>\n<p>V\u00e4lj killar, tjejer eller b\u00e5da - utan betalv\u00e4ggar.<\/p>\n<h3>3. Ingen registrering kr\u00e4vs<\/h3>\n<p>Hoppa direkt in i chatten med total anonymitet.<\/p>\n<h3>4. S\u00e4kert och modererat<\/h3>\n<p>Robusta rapporteringsverktyg och modereringssystem h\u00e5ller utrymmet rent och v\u00e4nligt.<\/p>\n<h3>5. Global gemenskap<\/h3>\n<p>Fr\u00e4mlingar fr\u00e5n \u00f6ver 100 l\u00e4nder online 24\/7.<\/p>\n<h3>6. Mobilanpassad design<\/h3>\n<p>Optimerad f\u00f6r alla enheter - chatta n\u00e4r som helst, var som helst.<\/p>\n<h2>Verkliga vittnesm\u00e5l fr\u00e5n anv\u00e4ndare<\/h2>\n<blockquote><p><em>\"Slumpm\u00e4ssiga webbkamerachattar \u00e4r mitt favorit s\u00e4tt att koppla av efter jobbet. StrangerCam g\u00f6r det s\u00e5 enkelt - inga registreringar, inget nonsens, bara gratis chattar.\"<\/em><br \/>\n- Michael, 29 \u00e5r<\/p><\/blockquote>\n<blockquote><p><em>\"Genusfiltret fungerar faktiskt gratis, vilket \u00e4r ovanligt. Jag har haft n\u00e5gra fantastiska samtal med tjejer \u00f6ver hela v\u00e4rlden.\"<\/em><br \/>\n- Emma, 23 \u00e5r<\/p><\/blockquote>\n<blockquote><p><em>\"Det \u00e4r s\u00e5 himla roligt. Ena stunden chattar jag med n\u00e5gon fr\u00e5n Italien, n\u00e4sta med n\u00e5gon fr\u00e5n Kanada. Man vet aldrig vad man kan f\u00f6rv\u00e4nta sig.\"<\/em><br \/>\n- David, 26 \u00e5r<\/p><\/blockquote>\n<blockquote><p><em>\"Jag f\u00f6rs\u00f6kte andra webbplatser, men de flesta bad mig att betala. StrangerCam \u00e4r den enda som h\u00f6ll sitt l\u00f6fte om gratis slumpm\u00e4ssig webbkamerachatt.\"<\/em><br \/>\n- Sophia, 20 \u00e5r<\/p><\/blockquote>\n<h2>S\u00e4kerhetstips f\u00f6r slumpm\u00e4ssig webbkamerachatt<\/h2>\n<p>\u00c4ven om det \u00e4r roligt att chatta med webbkamera b\u00f6r du alltid vara s\u00e4ker:<\/p>\n<ul>\n<li>Dela inte med dig av personliga uppgifter som telefon, e-postadress eller hemadress.<\/li>\n<li>Hoppa \u00f6ver eller blockera n\u00e5gon som g\u00f6r dig obekv\u00e4m.<\/li>\n<li>Klicka aldrig p\u00e5 l\u00e4nkar som fr\u00e4mlingar delar.<\/li>\n<li>Anv\u00e4nd en neutral bakgrund f\u00f6r att undvika att avsl\u00f6ja privata detaljer.<\/li>\n<li>F\u00f6lj \u00e5ldersreglerna - om du \u00e4r under 18 \u00e5r ska du undvika chattar f\u00f6r vuxna.<\/li>\n<li>H\u00e5ll dig till plattformens verktyg f\u00f6r att rapportera eller blockera d\u00e5liga anv\u00e4ndare.<\/li>\n<\/ul>\n<h2>S\u00e5 h\u00e4r kommer du ig\u00e5ng - steg f\u00f6r steg<\/h2>\n<p>Att starta en slumpm\u00e4ssig webbkamerachatt tar bara n\u00e5gra sekunder:<\/p>\n<ol>\n<li>\u00d6ppna StrangerCam i din webbl\u00e4sare.<\/li>\n<li>Till\u00e5t \u00e5tkomst till webbkamera och mikrofon.<\/li>\n<li>V\u00e4lj preferenser (t.ex. k\u00f6nsfilter).<\/li>\n<li>Klicka p\u00e5 Starta chatt f\u00f6r att ansluta direkt.<\/li>\n<li>Klicka p\u00e5 N\u00e4sta n\u00e4r som helst f\u00f6r att tr\u00e4ffa n\u00e5gon ny.<\/li>\n<\/ol>\n<p>Det \u00e4r allt - snabbt, enkelt och helt gratis.<\/p>\n<h2>Vanliga fr\u00e5gor och svar<\/h2>\n<h3>\u00c4r slumpm\u00e4ssig webbkamerachatt gratis?<\/h3>\n<p>Ja. StrangerCam erbjuder obegr\u00e4nsade gratis webbkamerachattar med fr\u00e4mlingar.<\/p>\n<h3>M\u00e5ste jag registrera mig?<\/h3>\n<p>Nej, StrangerCam kr\u00e4ver ingen registrering.<\/p>\n<h3>\u00c4r m\u00e4nniskorna verkliga?<\/h3>\n<p>Ja, det g\u00f6r jag. Webbkamerachatt s\u00e4kerst\u00e4ller att du \u00e4r ansluten till riktiga m\u00e4nniskor, inte robotar.<\/p>\n<h3>Kan jag anv\u00e4nda den p\u00e5 min telefon?<\/h3>\n<p>Ja, StrangerCam \u00e4r mobilv\u00e4nligt och fungerar p\u00e5 alla enheter.<\/p>\n<h3>\u00c4r det s\u00e4kert?<\/h3>\n<p>Ja, s\u00e5 l\u00e4nge du f\u00f6ljer s\u00e4kerhetstipsen och anv\u00e4nder plattformens rapporteringsverktyg.<\/p>\n<h2>Slutliga tankar - Prova gratis slumpm\u00e4ssig webbkamerachatt idag<\/h2>\n<p>\u00c5r 2025 \u00e4r slumpm\u00e4ssig webbkamerachatt fortfarande ett av de mest sp\u00e4nnande s\u00e4tten att tr\u00e4ffa nya m\u00e4nniskor online. Det \u00e4r gratis, spontant och l\u00e5ter dig uppleva \u00e4kta m\u00e4nsklig interaktion i realtid.<\/p>\n<p>Men inte alla plattformar levererar - m\u00e5nga d\u00f6ljer filter bakom betalv\u00e4ggar eller \u00f6versv\u00e4mmar sina chattar med bots. Det \u00e4r d\u00e4rf\u00f6r StrangerCam \u00e4r det b\u00e4sta valet: det \u00e4r gratis, anonymt, s\u00e4kert och alltid fullt av m\u00e4nniskor som \u00e4r redo att ansluta.<\/p>\n<p>\u00c4r du redo att prova? Starta en gratis slumpm\u00e4ssig webbkamerachatt idag och se vem du tr\u00e4ffar h\u00e4rn\u00e4st.<\/p>","protected":false},"excerpt":{"rendered":"<p>Looking for the thrill of a random webcam chat? You\u2019re not alone. Since the early days of Omegle and Chatroulette, millions of people have discovered the fun of connecting face-to-face with strangers at the click of a button. Unlike social media or dating apps, where conversations feel planned or slow, random webcam chat is instant, [&hellip;]<\/p>\n","protected":false},"author":8,"featured_media":0,"parent":0,"menu_order":0,"comment_status":"closed","ping_status":"closed","template":"","meta":{"footnotes":""},"class_list":["post-3970","page","type-page","status-publish","hentry"],"yoast_head":"<!-- This site is optimized with the Yoast SEO plugin v26.9 - https:\/\/yoast.com\/product\/yoast-seo-wordpress\/ -->\n<title>Random Webcam Chat with Random Chat on Strangercam.com<\/title>\n<meta name=\"description\" content=\"Liking Random Webcam Chat? Join millions on StrangerCam.com! Start a random video chat, turn on your cam, and meet strangers instantly.\" \/>\n<meta name=\"robots\" content=\"index, follow, max-snippet:-1, max-image-preview:large, max-video-preview:-1\" \/>\n<link rel=\"canonical\" href=\"https:\/\/strangercam.com\/sv\/slumpmassig-webbkamera-chatt\/\" \/>\n<meta property=\"og:locale\" content=\"sv_SE\" \/>\n<meta property=\"og:type\" content=\"article\" \/>\n<meta property=\"og:title\" content=\"Random Webcam Chat with Random Chat on Strangercam.com\" \/>\n<meta property=\"og:description\" content=\"Liking Random Webcam Chat? Join millions on StrangerCam.com! Start a random video chat, turn on your cam, and meet strangers instantly.\" \/>\n<meta property=\"og:url\" content=\"https:\/\/strangercam.com\/sv\/slumpmassig-webbkamera-chatt\/\" \/>\n<meta property=\"og:site_name\" content=\"Strangercam\" \/>\n<meta property=\"article:publisher\" content=\"https:\/\/www.facebook.com\/strangercam\" \/>\n<meta property=\"article:modified_time\" content=\"2025-09-03T11:32:00+00:00\" \/>\n<meta property=\"og:image\" content=\"https:\/\/strangercam.com\/wp-content\/uploads\/2021\/10\/Untitled-2.png\" \/>\n\t<meta property=\"og:image:width\" content=\"800\" \/>\n\t<meta property=\"og:image:height\" content=\"532\" \/>\n\t<meta property=\"og:image:type\" content=\"image\/png\" \/>\n<meta name=\"twitter:card\" content=\"summary_large_image\" \/>\n<meta name=\"twitter:site\" content=\"@strangercamapp\" \/>\n<meta name=\"twitter:label1\" content=\"Ber\u00e4knad l\u00e4stid\" \/>\n\t<meta name=\"twitter:data1\" content=\"5 minuter\" \/>\n<script type=\"application\/ld+json\" class=\"yoast-schema-graph\">{\"@context\":\"https:\/\/schema.org\",\"@graph\":[{\"@type\":\"WebPage\",\"@id\":\"https:\/\/strangercam.com\/random-webcam-chat\/\",\"url\":\"https:\/\/strangercam.com\/random-webcam-chat\/\",\"name\":\"Random Webcam Chat with Random Chat on Strangercam.com\",\"isPartOf\":{\"@id\":\"https:\/\/strangercam.com\/#website\"},\"datePublished\":\"2025-08-28T15:31:39+00:00\",\"dateModified\":\"2025-09-03T11:32:00+00:00\",\"description\":\"Liking Random Webcam Chat? Join millions on StrangerCam.com! Start a random video chat, turn on your cam, and meet strangers instantly.\",\"breadcrumb\":{\"@id\":\"https:\/\/strangercam.com\/random-webcam-chat\/#breadcrumb\"},\"inLanguage\":\"sv-SE\",\"potentialAction\":[{\"@type\":\"ReadAction\",\"target\":[\"https:\/\/strangercam.com\/random-webcam-chat\/\"]}]},{\"@type\":\"BreadcrumbList\",\"@id\":\"https:\/\/strangercam.com\/random-webcam-chat\/#breadcrumb\",\"itemListElement\":[{\"@type\":\"ListItem\",\"position\":1,\"name\":\"Home\",\"item\":\"https:\/\/strangercam.com\/\"},{\"@type\":\"ListItem\",\"position\":2,\"name\":\"Random Webcam Chat\"}]},{\"@type\":\"WebSite\",\"@id\":\"https:\/\/strangercam.com\/#website\",\"url\":\"https:\/\/strangercam.com\/\",\"name\":\"Strangercam\",\"description\":\"Random Video Chat with Strangers\",\"publisher\":{\"@id\":\"https:\/\/strangercam.com\/#organization\"},\"alternateName\":\"Strangercam.com\",\"potentialAction\":[{\"@type\":\"SearchAction\",\"target\":{\"@type\":\"EntryPoint\",\"urlTemplate\":\"https:\/\/strangercam.com\/?s={search_term_string}\"},\"query-input\":{\"@type\":\"PropertyValueSpecification\",\"valueRequired\":true,\"valueName\":\"search_term_string\"}}],\"inLanguage\":\"sv-SE\"},{\"@type\":\"Organization\",\"@id\":\"https:\/\/strangercam.com\/#organization\",\"name\":\"Strangercam\",\"alternateName\":\"Strangercam.com\",\"url\":\"https:\/\/strangercam.com\/\",\"logo\":{\"@type\":\"ImageObject\",\"inLanguage\":\"sv-SE\",\"@id\":\"https:\/\/strangercam.com\/#\/schema\/logo\/image\/\",\"url\":\"https:\/\/strangercam.com\/wp-content\/uploads\/2020\/11\/cropped-new-favicon-black.png\",\"contentUrl\":\"https:\/\/strangercam.com\/wp-content\/uploads\/2020\/11\/cropped-new-favicon-black.png\",\"width\":512,\"height\":512,\"caption\":\"Strangercam\"},\"image\":{\"@id\":\"https:\/\/strangercam.com\/#\/schema\/logo\/image\/\"},\"sameAs\":[\"https:\/\/www.facebook.com\/strangercam\",\"https:\/\/x.com\/strangercamapp\"]}]}<\/script>\n<!-- \/ Yoast SEO plugin. -->","yoast_head_json":{"title":"Slumpm\u00e4ssig webbkamera chatt med slumpm\u00e4ssig chatt p\u00e5 Strangercam.com","description":"Gillar du slumpm\u00e4ssig webbkamera chatt? Join miljoner p\u00e5 StrangerCam.com! Starta en slumpm\u00e4ssig videochatt, sl\u00e5 p\u00e5 din kamera och tr\u00e4ffa fr\u00e4mlingar direkt.","robots":{"index":"index","follow":"follow","max-snippet":"max-snippet:-1","max-image-preview":"max-image-preview:large","max-video-preview":"max-video-preview:-1"},"canonical":"https:\/\/strangercam.com\/sv\/slumpmassig-webbkamera-chatt\/","og_locale":"sv_SE","og_type":"article","og_title":"Random Webcam Chat with Random Chat on Strangercam.com","og_description":"Liking Random Webcam Chat? Join millions on StrangerCam.com! Start a random video chat, turn on your cam, and meet strangers instantly.","og_url":"https:\/\/strangercam.com\/sv\/slumpmassig-webbkamera-chatt\/","og_site_name":"Strangercam","article_publisher":"https:\/\/www.facebook.com\/strangercam","article_modified_time":"2025-09-03T11:32:00+00:00","og_image":[{"width":800,"height":532,"url":"https:\/\/strangercam.com\/wp-content\/uploads\/2021\/10\/Untitled-2.png","type":"image\/png"}],"twitter_card":"summary_large_image","twitter_site":"@strangercamapp","twitter_misc":{"Ber\u00e4knad l\u00e4stid":"5 minuter"},"schema":{"@context":"https:\/\/schema.org","@graph":[{"@type":"WebPage","@id":"https:\/\/strangercam.com\/random-webcam-chat\/","url":"https:\/\/strangercam.com\/random-webcam-chat\/","name":"Slumpm\u00e4ssig webbkamera chatt med slumpm\u00e4ssig chatt p\u00e5 Strangercam.com","isPartOf":{"@id":"https:\/\/strangercam.com\/#website"},"datePublished":"2025-08-28T15:31:39+00:00","dateModified":"2025-09-03T11:32:00+00:00","description":"Gillar du slumpm\u00e4ssig webbkamera chatt? Join miljoner p\u00e5 StrangerCam.com! Starta en slumpm\u00e4ssig videochatt, sl\u00e5 p\u00e5 din kamera och tr\u00e4ffa fr\u00e4mlingar direkt.","breadcrumb":{"@id":"https:\/\/strangercam.com\/random-webcam-chat\/#breadcrumb"},"inLanguage":"sv-SE","potentialAction":[{"@type":"ReadAction","target":["https:\/\/strangercam.com\/random-webcam-chat\/"]}]},{"@type":"BreadcrumbList","@id":"https:\/\/strangercam.com\/random-webcam-chat\/#breadcrumb","itemListElement":[{"@type":"ListItem","position":1,"name":"Home","item":"https:\/\/strangercam.com\/"},{"@type":"ListItem","position":2,"name":"Random Webcam Chat"}]},{"@type":"WebSite","@id":"https:\/\/strangercam.com\/#website","url":"https:\/\/strangercam.com\/","name":"Strangercam","description":"Slumpm\u00e4ssig videochatt med fr\u00e4mlingar","publisher":{"@id":"https:\/\/strangercam.com\/#organization"},"alternateName":"Strangercam.com","potentialAction":[{"@type":"SearchAction","target":{"@type":"EntryPoint","urlTemplate":"https:\/\/strangercam.com\/?s={search_term_string}"},"query-input":{"@type":"PropertyValueSpecification","valueRequired":true,"valueName":"search_term_string"}}],"inLanguage":"sv-SE"},{"@type":"Organization","@id":"https:\/\/strangercam.com\/#organization","name":"Strangercam","alternateName":"Strangercam.com","url":"https:\/\/strangercam.com\/","logo":{"@type":"ImageObject","inLanguage":"sv-SE","@id":"https:\/\/strangercam.com\/#\/schema\/logo\/image\/","url":"https:\/\/strangercam.com\/wp-content\/uploads\/2020\/11\/cropped-new-favicon-black.png","contentUrl":"https:\/\/strangercam.com\/wp-content\/uploads\/2020\/11\/cropped-new-favicon-black.png","width":512,"height":512,"caption":"Strangercam"},"image":{"@id":"https:\/\/strangercam.com\/#\/schema\/logo\/image\/"},"sameAs":["https:\/\/www.facebook.com\/strangercam","https:\/\/x.com\/strangercamapp"]}]}},"_links":{"self":[{"href":"https:\/\/strangercam.com\/sv\/wp-json\/wp\/v2\/pages\/3970","targetHints":{"allow":["GET"]}}],"collection":[{"href":"https:\/\/strangercam.com\/sv\/wp-json\/wp\/v2\/pages"}],"about":[{"href":"https:\/\/strangercam.com\/sv\/wp-json\/wp\/v2\/types\/page"}],"author":[{"embeddable":true,"href":"https:\/\/strangercam.com\/sv\/wp-json\/wp\/v2\/users\/8"}],"replies":[{"embeddable":true,"href":"https:\/\/strangercam.com\/sv\/wp-json\/wp\/v2\/comments?post=3970"}],"version-history":[{"count":2,"href":"https:\/\/strangercam.com\/sv\/wp-json\/wp\/v2\/pages\/3970\/revisions"}],"predecessor-version":[{"id":12980,"href":"https:\/\/strangercam.com\/sv\/wp-json\/wp\/v2\/pages\/3970\/revisions\/12980"}],"wp:attachment":[{"href":"https:\/\/strangercam.com\/sv\/wp-json\/wp\/v2\/media?parent=3970"}],"curies":[{"name":"wp","href":"https:\/\/api.w.org\/{rel}","templated":true}]}}