{"id":3953,"date":"2025-08-28T17:28:59","date_gmt":"2025-08-28T15:28:59","guid":{"rendered":"https:\/\/strangercam.com\/?page_id=3953"},"modified":"2025-09-03T13:31:49","modified_gmt":"2025-09-03T11:31:49","slug":"slumpmassig-videochatt-online","status":"publish","type":"page","link":"https:\/\/strangercam.com\/sv\/random-video-chat-online\/","title":{"rendered":"Slumpm\u00e4ssig videochatt online"},"content":{"rendered":"<p>Letar du efter det b\u00e4sta s\u00e4ttet att njuta av slumpm\u00e4ssig video <a href=\"https:\/\/strangercam.com\/sv\/chathub\/\">chatt<\/a> p\u00e5 n\u00e4tet? Du \u00e4r inte ensam om det. Sedan dagarna av <a href=\"https:\/\/strangercam.com\/sv\/omegle\/\">Omegle<\/a> och <a href=\"https:\/\/strangercam.com\/sv\/chatroulette\/\">Chatroulette<\/a>, Under de senaste \u00e5ren har miljontals m\u00e4nniskor v\u00e4rlden \u00f6ver lockats av sp\u00e4nningen i att f\u00e5 kontakt med fr\u00e4mlingar ansikte mot ansikte. Till skillnad fr\u00e5n dejtingappar eller sociala medier, som kan k\u00e4nnas iscensatta eller l\u00e5ngsamma, \u00e4r slumpm\u00e4ssig videochatt online snabb, verklig och spontan.<\/p>\n<p>\u00c5r 2025 g\u00f6r plattformar som StrangerCam det enklare \u00e4n n\u00e5gonsin att starta en gratis slumpm\u00e4ssig videochatt online - utan nedladdningar, inga registreringar och inga dolda kostnader. Oavsett om du \u00e4r h\u00e4r f\u00f6r att f\u00e5 nya v\u00e4nner, flirta, \u00f6va spr\u00e5k eller helt enkelt d\u00f6da tid, kommer den h\u00e4r guiden att visa dig allt du beh\u00f6ver veta: hur det fungerar, varf\u00f6r folk \u00e4lskar det, de funktioner som betyder mest, s\u00e4kerhetstips, j\u00e4mf\u00f6relser av de b\u00e4sta plattformarna och varf\u00f6r StrangerCam \u00e4r ett av de b\u00e4sta valen idag.<\/p>\n<h2>Vad \u00e4r slumpm\u00e4ssig videochatt online?<\/h2>\n<p>Slumpm\u00e4ssig videochatt online \u00e4r en live videochattupplevelse d\u00e4r du ansluts direkt till en fr\u00e4mling med hj\u00e4lp av din webbkamera och mikrofon. Den \"slumpm\u00e4ssiga\" aspekten inneb\u00e4r att du aldrig vet vem du kommer att tr\u00e4ffa f\u00f6rr\u00e4n chatten b\u00f6rjar - det kan vara n\u00e5gon i n\u00e4rheten eller n\u00e5gon fr\u00e5n andra sidan v\u00e4rlden.<\/p>\n<p>Formatet \u00e4r enkelt: klicka p\u00e5 \"Start\" och inom n\u00e5gra sekunder st\u00e5r du ansikte mot ansikte med n\u00e5gon ny. Gillar du inte konversationen? Klicka bara p\u00e5 \"N\u00e4sta\" f\u00f6r att bli ihopkopplad med en annan person direkt. Varje chatt \u00e4r unik - rolig, \u00f6verraskande och alltid of\u00f6ruts\u00e4gbar.<\/p>\n<h2>Varf\u00f6r m\u00e4nniskor \u00e4lskar gratis slumpm\u00e4ssig videochatt online<\/h2>\n<p>Det finns en anledning till att miljontals m\u00e4nniskor s\u00f6ker efter gratis slumpm\u00e4ssig videochatt online varje m\u00e5nad. H\u00e4r \u00e4r vad som g\u00f6r det s\u00e5 tilltalande:<\/p>\n<ul>\n<li>Spontanitet: Varje chatt \u00e4r en \u00f6verraskning som skapar sp\u00e4nning och nyfikenhet.<\/li>\n<li>\u00c4kthet: Till skillnad fr\u00e5n textchatt garanterar video att personen \u00e4r verklig. Inga botar, inga f\u00f6rfalskningar.<\/li>\n<li>Global r\u00e4ckvidd: Tr\u00e4ffa m\u00e4nniskor fr\u00e5n dussintals l\u00e4nder, 24\/7.<\/li>\n<li>Inga registreringar eller \u00e5taganden: M\u00e5nga plattformar kr\u00e4ver inget mer \u00e4n ett klick.<\/li>\n<li>V\u00e4nskap och n\u00f6je: Vissa anv\u00e4nder det f\u00f6r att f\u00e5 v\u00e4nner, andra f\u00f6r att flirta eller underh\u00e5lla.<\/li>\n<li>Snabb flykt fr\u00e5n tristess: Slumpm\u00e4ssiga chattar \u00e4r det perfekta s\u00e4ttet att bryta rutinen.<\/li>\n<\/ul>\n<h2>Hur fungerar slumpm\u00e4ssig videochatt online?<\/h2>\n<p>Det \u00e4r enkelt och g\u00e5r snabbt att komma ig\u00e5ng:<\/p>\n<ol>\n<li>\u00d6ppna en plattform som StrangerCam i din webbl\u00e4sare eller p\u00e5 din telefon.<\/li>\n<li>Till\u00e5t \u00e5tkomst till kamera och mikrofon.<\/li>\n<li>Klicka p\u00e5 \"Starta chatt\" f\u00f6r att f\u00e5 kontakt med en fr\u00e4mling direkt.<\/li>\n<li>Chatta live via video.<\/li>\n<li>Klicka p\u00e5 \"N\u00e4sta\" n\u00e4r som helst f\u00f6r att g\u00e5 vidare och tr\u00e4ffa n\u00e5gon ny.<\/li>\n<\/ol>\n<p>Vissa plattformar inneh\u00e5ller ocks\u00e5 extrafunktioner som k\u00f6nsfilter, val av land och till och med automatisk \u00f6vers\u00e4ttning f\u00f6r internationella chattar.<\/p>\n<h2>De b\u00e4sta egenskaperna att leta efter<\/h2>\n<p>Inte alla plattformar som erbjuder slumpm\u00e4ssig videochatt online \u00e4r desamma. H\u00e4r \u00e4r vad du ska leta efter:<\/p>\n<h3>1. Fri tillg\u00e5ng utan begr\u00e4nsningar<\/h3>\n<p>Akta dig f\u00f6r plattformar som p\u00e5st\u00e5r sig vara gratis men som sedan blockerar funktioner bakom betalv\u00e4ggar.<\/p>\n<h3>2. Ingen registrering beh\u00f6vs<\/h3>\n<p>De b\u00e4sta webbplatserna kr\u00e4ver inget konto eller personlig information.<\/p>\n<h3>3. Filter f\u00f6r k\u00f6n och plats<\/h3>\n<p>De hj\u00e4lper dig att f\u00e5 kontakt med den typ av m\u00e4nniskor som du \u00e4r intresserad av.<\/p>\n<h3>4. M\u00e5ttfullhet &amp; s\u00e4kerhet<\/h3>\n<p>Starka rapporteringsverktyg och modereringssystem h\u00e5ller samh\u00e4llet s\u00e4kert.<\/p>\n<h3>5. Mobilv\u00e4nlig upplevelse<\/h3>\n<p>Du ska enkelt kunna anv\u00e4nda videochattar fr\u00e5n b\u00e5de dator och mobil.<\/p>\n<h3>6. Video och ljud av h\u00f6g kvalitet<\/h3>\n<p>En smidig anslutning g\u00f6r samtalen mer naturliga och behagliga.<\/p>\n<h2>B\u00e4sta plattformarna f\u00f6r slumpm\u00e4ssig videochatt online 2025<\/h2>\n<p>H\u00e4r \u00e4r en j\u00e4mf\u00f6relse av popul\u00e4ra plattformar f\u00f6r slumpm\u00e4ssig videochatt online:<\/p>\n<table>\n<thead>\n<tr>\n<th>Plattform<\/th>\n<th align=\"center\">Fri tillg\u00e5ng<\/th>\n<th align=\"center\">Genusfilter<\/th>\n<th align=\"center\">Anm\u00e4lan kr\u00e4vs<\/th>\n<th align=\"center\">Mobilt st\u00f6d<\/th>\n<th align=\"center\">Moderering<\/th>\n<th>Anteckningar<\/th>\n<\/tr>\n<\/thead>\n<tbody>\n<tr>\n<td>StrangerCam<\/td>\n<td align=\"center\">\u2705<\/td>\n<td align=\"center\">\u2705 (gratis)<\/td>\n<td align=\"center\">\u274c<\/td>\n<td align=\"center\">\u2705<\/td>\n<td align=\"center\">\u2705<\/td>\n<td>B\u00e4sta \u00f6vergripande val, helt fritt<\/td>\n<\/tr>\n<tr>\n<td>Chatroulette<\/td>\n<td align=\"center\">\u2705<\/td>\n<td align=\"center\">\u274c (Betald)<\/td>\n<td align=\"center\">\u274c<\/td>\n<td align=\"center\">\u2705<\/td>\n<td align=\"center\">\u2705<\/td>\n<td>Klassisk, men k\u00f6nsfilter kostar<\/td>\n<\/tr>\n<tr>\n<td>Chatrandom<\/td>\n<td align=\"center\">\u2705<\/td>\n<td align=\"center\">\u274c (Betald)<\/td>\n<td align=\"center\">\u274c<\/td>\n<td align=\"center\">\u2705<\/td>\n<td align=\"center\">\u2705<\/td>\n<td>Popul\u00e4r, men uppgraderingar pressade<\/td>\n<\/tr>\n<tr>\n<td><a href=\"https:\/\/strangercam.com\/sv\/ometv\/\">OmeTV<\/a><\/td>\n<td align=\"center\">\u2705<\/td>\n<td align=\"center\">\u274c<\/td>\n<td align=\"center\">\u274c<\/td>\n<td align=\"center\">\u2705<\/td>\n<td align=\"center\">\u2705<\/td>\n<td>Mobilapp, endast slumpm\u00e4ssigt<\/td>\n<\/tr>\n<tr>\n<td>Shagle<\/td>\n<td align=\"center\">\u2705<\/td>\n<td align=\"center\">\u274c (Betald)<\/td>\n<td align=\"center\">\u274c<\/td>\n<td align=\"center\">\u2705<\/td>\n<td align=\"center\">\u2705<\/td>\n<td>Premiumuppgraderingar kr\u00e4vs f\u00f6r filter<\/td>\n<\/tr>\n<tr>\n<td><a href=\"https:\/\/strangercam.com\/sv\/coomeet\/\">CooMeet<\/a><\/td>\n<td align=\"center\">\u274c (provperiod)<\/td>\n<td align=\"center\">\u2705<\/td>\n<td align=\"center\">\u2705<\/td>\n<td align=\"center\">\u2705<\/td>\n<td align=\"center\">\u2705<\/td>\n<td>Betalas efter begr\u00e4nsad gratis provperiod<\/td>\n<\/tr>\n<tr>\n<td>LuckyCrush<\/td>\n<td align=\"center\">\u274c<\/td>\n<td align=\"center\">\u2705<\/td>\n<td align=\"center\">\u2705<\/td>\n<td align=\"center\">\u2705<\/td>\n<td align=\"center\">\u2705<\/td>\n<td>Alltid betald, k\u00f6nsspecifik chatt<\/td>\n<\/tr>\n<\/tbody>\n<\/table>\n<p>Bland dessa \u00e4r StrangerCam en av de enda plattformarna som erbjuder gratis, obegr\u00e4nsad slumpm\u00e4ssig videochatt online med ett fungerande k\u00f6nsfilter och ingen registrering.<\/p>\n<h2>Varf\u00f6r StrangerCam \u00e4r den b\u00e4sta platsen f\u00f6r slumpm\u00e4ssig videochatt online<\/h2>\n<p>H\u00e4r \u00e4r varf\u00f6r StrangerCam sticker ut 2025 f\u00f6r personer som s\u00f6ker efter slumpm\u00e4ssig videochatt online:<\/p>\n<h3>1. Helt gratis<\/h3>\n<p>Obegr\u00e4nsat antal chattar, inga dolda kostnader eller krediter kr\u00e4vs.<\/p>\n<h3>2. Fritt k\u00f6nsfilter<\/h3>\n<p>V\u00e4lj vem du vill tr\u00e4ffa - killar, tjejer eller b\u00e5da - utan att betala.<\/p>\n<h3>3. Ingen registrering eller anm\u00e4lan<\/h3>\n<p>H\u00e5ll dig anonym och chatta direkt.<\/p>\n<h3>4. S\u00e4kert och modererat<\/h3>\n<p>Starka modererings- och rapporteringsverktyg skyddar communityn.<\/p>\n<h3>5. Global anv\u00e4ndarbas<\/h3>\n<p>Tr\u00e4ffa m\u00e4nniskor fr\u00e5n \u00f6ver 100 l\u00e4nder, n\u00e4r som helst.<\/p>\n<h3>6. Fungerar \u00f6verallt<\/h3>\n<p>Optimerad f\u00f6r dator, surfplatta och mobil.<\/p>\n<h2>Verkliga vittnesm\u00e5l fr\u00e5n anv\u00e4ndare<\/h2>\n<blockquote><p><em>\"Jag letade efter ett s\u00e4tt att g\u00f6ra slumpm\u00e4ssiga videochattar online utan att fastna i betalv\u00e4ggar. StrangerCam var den enda webbplatsen som faktiskt h\u00f6ll det gratis.\"<\/em><br \/>\n- Chris, 25 \u00e5r<\/p><\/blockquote>\n<blockquote><p><em>\"Jag har tr\u00e4ffat m\u00e4nniskor fr\u00e5n Europa, Asien och USA p\u00e5 en och samma kv\u00e4ll. Det \u00e4r det b\u00e4sta s\u00e4ttet att f\u00e5 kontakt med fr\u00e4mlingar direkt.\"<\/em><br \/>\n- Maya, 21 \u00e5r<\/p><\/blockquote>\n<blockquote><p><em>\"K\u00f6nsfiltret \u00e4r gratis och fungerar perfekt. De flesta sajter f\u00f6rs\u00f6ker ta betalt f\u00f6r det.\"<\/em><br \/>\n- Daniel, 28 \u00e5r<\/p><\/blockquote>\n<blockquote><p><em>\"Enkelt, s\u00e4kert och roligt. StrangerCam \u00e4r min go-to n\u00e4r jag vill tr\u00e4ffa fr\u00e4mlingar online.\"<\/em><br \/>\n- Sophia, 23 \u00e5r<\/p><\/blockquote>\n<h2>S\u00e4kerhetstips f\u00f6r slumpm\u00e4ssig videochatt online<\/h2>\n<p>\u00c4ven om det \u00e4r roligt att videochatta b\u00f6r s\u00e4kerheten alltid komma i f\u00f6rsta hand:<\/p>\n<ul>\n<li>Dela inte med dig av personlig information som telefonnummer, adress eller e-post.<\/li>\n<li>Anv\u00e4nd \"N\u00e4sta\"-knappen om du k\u00e4nner dig obekv\u00e4m.<\/li>\n<li>Undvik att klicka p\u00e5 l\u00e4nkar som fr\u00e4mlingar skickar.<\/li>\n<li>Kontrollera din bakgrund f\u00f6r att s\u00e4kerst\u00e4lla att du inte avsl\u00f6jar privata detaljer.<\/li>\n<li>H\u00e5ll dig till plattformsverktyg (blockera\/rapportera d\u00e5liga anv\u00e4ndare).<\/li>\n<li>F\u00f6lj \u00e5ldersreglerna - om du \u00e4r under 18 \u00e5r ska du undvika videochattplattformar f\u00f6r vuxna.<\/li>\n<\/ul>\n<h2>S\u00e5 h\u00e4r kommer du ig\u00e5ng - steg f\u00f6r steg<\/h2>\n<p>Joining av en slumpm\u00e4ssig videochatt online tar mindre \u00e4n en minut:<\/p>\n<ol>\n<li>\u00d6ppna StrangerCam i din webbl\u00e4sare eller p\u00e5 din telefon.<\/li>\n<li>Till\u00e5t \u00e5tkomst till webbkamera och mikrofon.<\/li>\n<li>V\u00e4lj preferenser (t.ex. k\u00f6nsfilter om du vill).<\/li>\n<li>Klicka p\u00e5 Starta chatt f\u00f6r att ansluta direkt.<\/li>\n<li>Chatta ansikte mot ansikte och klicka p\u00e5 N\u00e4sta n\u00e4r som helst.<\/li>\n<\/ol>\n<p>Snabbt, enkelt och gratis.<\/p>\n<h2>Vanliga fr\u00e5gor och svar<\/h2>\n<h3>\u00c4r slumpm\u00e4ssig videochatt online verkligen gratis?<\/h3>\n<p>Ja. StrangerCam erbjuder obegr\u00e4nsade gratis chattar utan dolda avgifter.<\/p>\n<h3>M\u00e5ste jag registrera mig?<\/h3>\n<p>Nej, StrangerCam kr\u00e4ver inget konto eller inloggning.<\/p>\n<h3>\u00c4r m\u00e4nniskorna verkliga?<\/h3>\n<p>Ja, det g\u00f6r vi. Livevideo s\u00e4kerst\u00e4ller att du pratar med riktiga m\u00e4nniskor, inte robotar.<\/p>\n<h3>Kan jag anv\u00e4nda den i mobilen?<\/h3>\n<p>Ja, StrangerCam \u00e4r helt mobilv\u00e4nligt.<\/p>\n<h3>\u00c4r det s\u00e4kert?<\/h3>\n<p>Ja, s\u00e5 l\u00e4nge du f\u00f6ljer s\u00e4kerhetstipsen och anv\u00e4nder StrangerCams rapporteringsverktyg.<\/p>\n<h2>Slutliga tankar - Prova gratis slumpm\u00e4ssig videochatt online idag<\/h2>\n<p>\u00c5r 2025 \u00e4r slumpm\u00e4ssig videochatt online ett av de mest sp\u00e4nnande och autentiska s\u00e4tten att tr\u00e4ffa nya m\u00e4nniskor. Det \u00e4r spontant, gratis och kopplar dig direkt till riktiga m\u00e4nniskor \u00f6ver hela v\u00e4rlden.<\/p>\n<p>Inte alla plattformar levererar vad de lovar - m\u00e5nga d\u00f6ljer funktioner bakom betalv\u00e4ggar eller har f\u00f6r m\u00e5nga bots. Det \u00e4r d\u00e4rf\u00f6r StrangerCam \u00e4r det b\u00e4sta valet: det \u00e4r gratis, anonymt, modererat och fyllt med globala anv\u00e4ndare som \u00e4r redo att tr\u00e4ffa dig 24\/7.<\/p>\n<p>\u00c4r du redo att prova? Starta en gratis slumpm\u00e4ssig videochatt online nu och se vem du tr\u00e4ffar h\u00e4rn\u00e4st.<\/p>","protected":false},"excerpt":{"rendered":"<p>Looking for the best way to enjoy random video chat online? You\u2019re not alone. Since the days of Omegle and Chatroulette, millions of people around the world have been drawn to the excitement of connecting face-to-face with strangers. Unlike dating apps or social media, which can feel staged or slow, random video chat online is [&hellip;]<\/p>\n","protected":false},"author":8,"featured_media":0,"parent":0,"menu_order":0,"comment_status":"closed","ping_status":"closed","template":"","meta":{"footnotes":""},"class_list":["post-3953","page","type-page","status-publish","hentry"],"yoast_head":"<!-- This site is optimized with the Yoast SEO plugin v27.4 - https:\/\/yoast.com\/product\/yoast-seo-wordpress\/ -->\n<title>Random Video Chat Online on Strangercam.com<\/title>\n<meta name=\"description\" content=\"Liking Random Video Chat Online? Join millions on StrangerCam.com! Start a random video chat, turn on your cam, and meet strangers instantly.\" \/>\n<meta name=\"robots\" content=\"index, follow, max-snippet:-1, max-image-preview:large, max-video-preview:-1\" \/>\n<link rel=\"canonical\" href=\"https:\/\/strangercam.com\/sv\/slumpmassig-videochatt-online\/\" \/>\n<meta property=\"og:locale\" content=\"sv_SE\" \/>\n<meta property=\"og:type\" content=\"article\" \/>\n<meta property=\"og:title\" content=\"Random Video Chat Online on Strangercam.com\" \/>\n<meta property=\"og:description\" content=\"Liking Random Video Chat Online? Join millions on StrangerCam.com! Start a random video chat, turn on your cam, and meet strangers instantly.\" \/>\n<meta property=\"og:url\" content=\"https:\/\/strangercam.com\/sv\/slumpmassig-videochatt-online\/\" \/>\n<meta property=\"og:site_name\" content=\"Strangercam\" \/>\n<meta property=\"article:publisher\" content=\"https:\/\/www.facebook.com\/strangercam\" \/>\n<meta property=\"article:modified_time\" content=\"2025-09-03T11:31:49+00:00\" \/>\n<meta property=\"og:image\" content=\"https:\/\/strangercam.com\/wp-content\/uploads\/2021\/10\/Untitled-2.png\" \/>\n\t<meta property=\"og:image:width\" content=\"800\" \/>\n\t<meta property=\"og:image:height\" content=\"532\" \/>\n\t<meta property=\"og:image:type\" content=\"image\/png\" \/>\n<meta name=\"twitter:card\" content=\"summary_large_image\" \/>\n<meta name=\"twitter:site\" content=\"@strangercamapp\" \/>\n<meta name=\"twitter:label1\" content=\"Ber\u00e4knad l\u00e4stid\" \/>\n\t<meta name=\"twitter:data1\" content=\"5 minuter\" \/>\n<script type=\"application\/ld+json\" class=\"yoast-schema-graph\">{\"@context\":\"https:\\\/\\\/schema.org\",\"@graph\":[{\"@type\":\"WebPage\",\"@id\":\"https:\\\/\\\/strangercam.com\\\/random-video-chat-online\\\/\",\"url\":\"https:\\\/\\\/strangercam.com\\\/random-video-chat-online\\\/\",\"name\":\"Random Video Chat Online on Strangercam.com\",\"isPartOf\":{\"@id\":\"https:\\\/\\\/strangercam.com\\\/#website\"},\"datePublished\":\"2025-08-28T15:28:59+00:00\",\"dateModified\":\"2025-09-03T11:31:49+00:00\",\"description\":\"Liking Random Video Chat Online? Join millions on StrangerCam.com! Start a random video chat, turn on your cam, and meet strangers instantly.\",\"breadcrumb\":{\"@id\":\"https:\\\/\\\/strangercam.com\\\/random-video-chat-online\\\/#breadcrumb\"},\"inLanguage\":\"sv-SE\",\"potentialAction\":[{\"@type\":\"ReadAction\",\"target\":[\"https:\\\/\\\/strangercam.com\\\/random-video-chat-online\\\/\"]}]},{\"@type\":\"BreadcrumbList\",\"@id\":\"https:\\\/\\\/strangercam.com\\\/random-video-chat-online\\\/#breadcrumb\",\"itemListElement\":[{\"@type\":\"ListItem\",\"position\":1,\"name\":\"Home\",\"item\":\"https:\\\/\\\/strangercam.com\\\/\"},{\"@type\":\"ListItem\",\"position\":2,\"name\":\"Random Video Chat Online\"}]},{\"@type\":\"WebSite\",\"@id\":\"https:\\\/\\\/strangercam.com\\\/#website\",\"url\":\"https:\\\/\\\/strangercam.com\\\/\",\"name\":\"Strangercam\",\"description\":\"Random Video Chat with Strangers\",\"publisher\":{\"@id\":\"https:\\\/\\\/strangercam.com\\\/#organization\"},\"alternateName\":\"Strangercam.com\",\"potentialAction\":[{\"@type\":\"SearchAction\",\"target\":{\"@type\":\"EntryPoint\",\"urlTemplate\":\"https:\\\/\\\/strangercam.com\\\/?s={search_term_string}\"},\"query-input\":{\"@type\":\"PropertyValueSpecification\",\"valueRequired\":true,\"valueName\":\"search_term_string\"}}],\"inLanguage\":\"sv-SE\"},{\"@type\":\"Organization\",\"@id\":\"https:\\\/\\\/strangercam.com\\\/#organization\",\"name\":\"Strangercam\",\"alternateName\":\"Strangercam.com\",\"url\":\"https:\\\/\\\/strangercam.com\\\/\",\"logo\":{\"@type\":\"ImageObject\",\"inLanguage\":\"sv-SE\",\"@id\":\"https:\\\/\\\/strangercam.com\\\/#\\\/schema\\\/logo\\\/image\\\/\",\"url\":\"https:\\\/\\\/strangercam.com\\\/wp-content\\\/uploads\\\/2020\\\/11\\\/cropped-new-favicon-black.png\",\"contentUrl\":\"https:\\\/\\\/strangercam.com\\\/wp-content\\\/uploads\\\/2020\\\/11\\\/cropped-new-favicon-black.png\",\"width\":512,\"height\":512,\"caption\":\"Strangercam\"},\"image\":{\"@id\":\"https:\\\/\\\/strangercam.com\\\/#\\\/schema\\\/logo\\\/image\\\/\"},\"sameAs\":[\"https:\\\/\\\/www.facebook.com\\\/strangercam\",\"https:\\\/\\\/x.com\\\/strangercamapp\"]}]}<\/script>\n<!-- \/ Yoast SEO plugin. -->","yoast_head_json":{"title":"Slumpm\u00e4ssig videochatt online p\u00e5 Strangercam.com","description":"Gillar du slumpm\u00e4ssig videochatt online? Join miljoner p\u00e5 StrangerCam.com! Starta en slumpm\u00e4ssig videochatt, s\u00e4tt p\u00e5 din cam och tr\u00e4ffa fr\u00e4mlingar direkt.","robots":{"index":"index","follow":"follow","max-snippet":"max-snippet:-1","max-image-preview":"max-image-preview:large","max-video-preview":"max-video-preview:-1"},"canonical":"https:\/\/strangercam.com\/sv\/slumpmassig-videochatt-online\/","og_locale":"sv_SE","og_type":"article","og_title":"Random Video Chat Online on Strangercam.com","og_description":"Liking Random Video Chat Online? Join millions on StrangerCam.com! Start a random video chat, turn on your cam, and meet strangers instantly.","og_url":"https:\/\/strangercam.com\/sv\/slumpmassig-videochatt-online\/","og_site_name":"Strangercam","article_publisher":"https:\/\/www.facebook.com\/strangercam","article_modified_time":"2025-09-03T11:31:49+00:00","og_image":[{"width":800,"height":532,"url":"https:\/\/strangercam.com\/wp-content\/uploads\/2021\/10\/Untitled-2.png","type":"image\/png"}],"twitter_card":"summary_large_image","twitter_site":"@strangercamapp","twitter_misc":{"Ber\u00e4knad l\u00e4stid":"5 minuter"},"schema":{"@context":"https:\/\/schema.org","@graph":[{"@type":"WebPage","@id":"https:\/\/strangercam.com\/random-video-chat-online\/","url":"https:\/\/strangercam.com\/random-video-chat-online\/","name":"Slumpm\u00e4ssig videochatt online p\u00e5 Strangercam.com","isPartOf":{"@id":"https:\/\/strangercam.com\/#website"},"datePublished":"2025-08-28T15:28:59+00:00","dateModified":"2025-09-03T11:31:49+00:00","description":"Gillar du slumpm\u00e4ssig videochatt online? Join miljoner p\u00e5 StrangerCam.com! Starta en slumpm\u00e4ssig videochatt, s\u00e4tt p\u00e5 din cam och tr\u00e4ffa fr\u00e4mlingar direkt.","breadcrumb":{"@id":"https:\/\/strangercam.com\/random-video-chat-online\/#breadcrumb"},"inLanguage":"sv-SE","potentialAction":[{"@type":"ReadAction","target":["https:\/\/strangercam.com\/random-video-chat-online\/"]}]},{"@type":"BreadcrumbList","@id":"https:\/\/strangercam.com\/random-video-chat-online\/#breadcrumb","itemListElement":[{"@type":"ListItem","position":1,"name":"Home","item":"https:\/\/strangercam.com\/"},{"@type":"ListItem","position":2,"name":"Random Video Chat Online"}]},{"@type":"WebSite","@id":"https:\/\/strangercam.com\/#website","url":"https:\/\/strangercam.com\/","name":"Strangercam","description":"Slumpm\u00e4ssig videochatt med fr\u00e4mlingar","publisher":{"@id":"https:\/\/strangercam.com\/#organization"},"alternateName":"Strangercam.com","potentialAction":[{"@type":"SearchAction","target":{"@type":"EntryPoint","urlTemplate":"https:\/\/strangercam.com\/?s={search_term_string}"},"query-input":{"@type":"PropertyValueSpecification","valueRequired":true,"valueName":"search_term_string"}}],"inLanguage":"sv-SE"},{"@type":"Organization","@id":"https:\/\/strangercam.com\/#organization","name":"Strangercam","alternateName":"Strangercam.com","url":"https:\/\/strangercam.com\/","logo":{"@type":"ImageObject","inLanguage":"sv-SE","@id":"https:\/\/strangercam.com\/#\/schema\/logo\/image\/","url":"https:\/\/strangercam.com\/wp-content\/uploads\/2020\/11\/cropped-new-favicon-black.png","contentUrl":"https:\/\/strangercam.com\/wp-content\/uploads\/2020\/11\/cropped-new-favicon-black.png","width":512,"height":512,"caption":"Strangercam"},"image":{"@id":"https:\/\/strangercam.com\/#\/schema\/logo\/image\/"},"sameAs":["https:\/\/www.facebook.com\/strangercam","https:\/\/x.com\/strangercamapp"]}]}},"_links":{"self":[{"href":"https:\/\/strangercam.com\/sv\/wp-json\/wp\/v2\/pages\/3953","targetHints":{"allow":["GET"]}}],"collection":[{"href":"https:\/\/strangercam.com\/sv\/wp-json\/wp\/v2\/pages"}],"about":[{"href":"https:\/\/strangercam.com\/sv\/wp-json\/wp\/v2\/types\/page"}],"author":[{"embeddable":true,"href":"https:\/\/strangercam.com\/sv\/wp-json\/wp\/v2\/users\/8"}],"replies":[{"embeddable":true,"href":"https:\/\/strangercam.com\/sv\/wp-json\/wp\/v2\/comments?post=3953"}],"version-history":[{"count":2,"href":"https:\/\/strangercam.com\/sv\/wp-json\/wp\/v2\/pages\/3953\/revisions"}],"predecessor-version":[{"id":12979,"href":"https:\/\/strangercam.com\/sv\/wp-json\/wp\/v2\/pages\/3953\/revisions\/12979"}],"wp:attachment":[{"href":"https:\/\/strangercam.com\/sv\/wp-json\/wp\/v2\/media?parent=3953"}],"curies":[{"name":"wp","href":"https:\/\/api.w.org\/{rel}","templated":true}]}}