{"id":3935,"date":"2025-08-28T17:19:09","date_gmt":"2025-08-28T15:19:09","guid":{"rendered":"https:\/\/strangercam.com\/?page_id=3935"},"modified":"2025-09-03T13:31:40","modified_gmt":"2025-09-03T11:31:40","slug":"gratis-slumpmassig-chatt","status":"publish","type":"page","link":"https:\/\/strangercam.com\/sv\/free-random-chat\/","title":{"rendered":"Gratis slumpm\u00e4ssig chatt"},"content":{"rendered":"<p>Letar du efter det b\u00e4sta s\u00e4ttet att njuta av en fri slumpm\u00e4ssig <a href=\"https:\/\/strangercam.com\/sv\/chathub\/\">chatt<\/a>? Du \u00e4r inte ensam om det. Miljontals m\u00e4nniskor v\u00e4rlden \u00f6ver s\u00f6ker efter slumpm\u00e4ssiga chattplattformar varje m\u00e5nad, i hopp om att f\u00e5 omedelbar kontakt med nya m\u00e4nniskor - oavsett om det \u00e4r f\u00f6r skojs skull, v\u00e4nskap, kulturellt utbyte eller tillf\u00e4llig flirt. Till skillnad fr\u00e5n sociala medier eller dejtingappar, som ofta kr\u00e4ver o\u00e4ndliga svepningar eller l\u00e5ngsamma meddelanden, handlar gratis slumpm\u00e4ssig chatt om omedelbara konversationer ansikte mot ansikte med fr\u00e4mlingar.<\/p>\n<p>\u00c5r 2025 g\u00f6r plattformar som StrangerCam det enkelt att starta en gratis slumpm\u00e4ssig chatt - utan registreringar, inga nedladdningar och inga dolda avgifter. Klicka bara p\u00e5 en knapp och b\u00f6rja chatta med n\u00e5gon ny fr\u00e5n var som helst i v\u00e4rlden.<\/p>\n<p>Den h\u00e4r guiden t\u00e4cker allt du beh\u00f6ver veta: vad gratis slumpm\u00e4ssig chatt \u00e4r, varf\u00f6r det \u00e4r s\u00e5 popul\u00e4rt, hur det fungerar, de funktioner du b\u00f6r leta efter, plattformsj\u00e4mf\u00f6relser, s\u00e4kerhetstips och varf\u00f6r StrangerCam \u00e4r ett av de b\u00e4sta valen idag.<\/p>\n<h2>Vad \u00e4r gratis slumpm\u00e4ssig chatt?<\/h2>\n<p>Gratis slumpm\u00e4ssig chatt \u00e4r en onlinetj\u00e4nst som omedelbart parar ihop dig med fr\u00e4mlingar f\u00f6r livekonversationer - antingen via text, video eller b\u00e5da. Till skillnad fr\u00e5n traditionella chattrum fungerar slumpm\u00e4ssiga chattplattformar i realtid och kr\u00e4ver inte profiler eller registreringar.<\/p>\n<p>Du loggar helt enkelt in (eller i de flesta fall loggar du inte in alls), trycker p\u00e5 \u201cStart\u201d och du kopplas omedelbart till en slumpm\u00e4ssig person. Om du inte gillar konversationen klickar du bara p\u00e5 \u201cN\u00e4sta\u201d f\u00f6r att <a href=\"https:\/\/strangercam.com\/sv\/coomeet\/\">tr\u00e4ffas<\/a> n\u00e5gon ny. Upplevelsen \u00e4r spontan, rolig och helt of\u00f6ruts\u00e4gbar.<\/p>\n<h2>Varf\u00f6r m\u00e4nniskor \u00e4lskar gratis slumpm\u00e4ssig chatt<\/h2>\n<p>Populariteten f\u00f6r gratis slumpm\u00e4ssig chatt har exploderat under det senaste decenniet, och h\u00e4r \u00e4r varf\u00f6r:<\/p>\n<ul>\n<li>\u00d6gonblicklig kul: Tr\u00e4ffa nya m\u00e4nniskor p\u00e5 n\u00e5gra sekunder.<\/li>\n<li>Spontanitet: Varje chatt \u00e4r annorlunda - ibland rolig, ibland flirtig, ibland djup.<\/li>\n<li>Inga falska profiler: Videochatt bevisar att personen \u00e4r verklig.<\/li>\n<li>Ingen f\u00f6rpliktelse: Ingen registrering eller personliga uppgifter kr\u00e4vs.<\/li>\n<li>Globala anslutningar: Chatta med fr\u00e4mlingar fr\u00e5n hela v\u00e4rlden.<\/li>\n<li>Sl\u00e5 bort tristessen: Ett roligt s\u00e4tt att f\u00f6rdriva tiden och skapa ov\u00e4ntade kontakter.<\/li>\n<\/ul>\n<h2>Hur fungerar gratis slumpm\u00e4ssig chatt?<\/h2>\n<p>Joining en gratis slumpm\u00e4ssig chattplattform \u00e4r snabb och enkel:<\/p>\n<ol>\n<li>\u00d6ppna plattformen p\u00e5 din enhet.<\/li>\n<li>V\u00e4lj chattl\u00e4ge (video eller text).<\/li>\n<li>Till\u00e5t \u00e5tkomst till kamera och mikrofon (f\u00f6r videochatt).<\/li>\n<li>Klicka p\u00e5 \"Starta chatt\" f\u00f6r att direkt f\u00e5 kontakt med en slumpm\u00e4ssig fr\u00e4mling.<\/li>\n<li>Njut av din konversation. Om du inte k\u00e4nner f\u00f6r det, tryck p\u00e5 \"N\u00e4sta\".<\/li>\n<\/ol>\n<p>Den h\u00e4r cykeln kan upprepas i all o\u00e4ndlighet och ger dig obegr\u00e4nsade m\u00f6jligheter att tr\u00e4ffa nya m\u00e4nniskor.<\/p>\n<h2>De b\u00e4sta egenskaperna att leta efter<\/h2>\n<p>Inte alla slumpm\u00e4ssiga chattplattformar \u00e4r skapade lika. H\u00e4r \u00e4r vad du ska leta efter n\u00e4r du v\u00e4ljer den b\u00e4sta gratis slumpm\u00e4ssiga chattwebbplatsen:<\/p>\n<h3>1. Verkligt fri tillg\u00e5ng<\/h3>\n<p>Vissa webbplatser annonserar som \"gratis\" men trycker snabbt in dig i betalv\u00e4ggar. Leta efter obegr\u00e4nsad, \u00e4kta gratis chatt.<\/p>\n<h3>2. Ingen registrering beh\u00f6vs<\/h3>\n<p>Du ska inte beh\u00f6va skapa ett konto eller uppge personlig information.<\/p>\n<h3>3. Flera chattmodi<\/h3>\n<p>Alternativ f\u00f6r chattar med video, ljud eller enbart text.<\/p>\n<h3>4. Filter f\u00f6r k\u00f6n och plats<\/h3>\n<p>Hj\u00e4lpsam f\u00f6r att hitta specifika typer av m\u00e4nniskor.<\/p>\n<h3>5. Moderering och s\u00e4kerhetsverktyg<\/h3>\n<p>Starka rapporterings- och blockeringssystem h\u00e5ller samh\u00e4llet s\u00e4kert.<\/p>\n<h3>6. Mobilanpassad design<\/h3>\n<p>De b\u00e4sta plattformarna fungerar p\u00e5 telefoner, surfplattor och station\u00e4ra datorer.<\/p>\n<h2>B\u00e4sta gratis slumpm\u00e4ssiga chattplattformar 2025<\/h2>\n<p>H\u00e4r \u00e4r en j\u00e4mf\u00f6relse av de mest popul\u00e4ra platserna f\u00f6r gratis slumpm\u00e4ssig chatt:<\/p>\n<table>\n<thead>\n<tr>\n<th>Plattform<\/th>\n<th align=\"center\">Fri tillg\u00e5ng<\/th>\n<th align=\"center\">Videol\u00e4ge<\/th>\n<th align=\"center\">Anm\u00e4lan kr\u00e4vs<\/th>\n<th align=\"center\">Genusfilter<\/th>\n<th align=\"center\">Moderering<\/th>\n<th>Anteckningar<\/th>\n<\/tr>\n<\/thead>\n<tbody>\n<tr>\n<td>StrangerCam<\/td>\n<td align=\"center\">\u2705<\/td>\n<td align=\"center\">\u2705<\/td>\n<td align=\"center\">\u274c<\/td>\n<td align=\"center\">\u2705 (gratis)<\/td>\n<td align=\"center\">\u2705<\/td>\n<td>B\u00e4st \u00f6verlag, gratis video- och k\u00f6nsfilter<\/td>\n<\/tr>\n<tr>\n<td><a href=\"https:\/\/strangercam.com\/sv\/chatroulette\/\">Chatroulette<\/a><\/td>\n<td align=\"center\">\u2705<\/td>\n<td align=\"center\">\u2705<\/td>\n<td align=\"center\">\u274c<\/td>\n<td align=\"center\">\u274c (Betald)<\/td>\n<td align=\"center\">\u2705<\/td>\n<td>Klassisk, men k\u00f6nsfilter betalv\u00e4gg<\/td>\n<\/tr>\n<tr>\n<td>Chatrandom<\/td>\n<td align=\"center\">\u2705<\/td>\n<td align=\"center\">\u2705<\/td>\n<td align=\"center\">\u274c<\/td>\n<td align=\"center\">\u274c (Betald)<\/td>\n<td align=\"center\">\u2705<\/td>\n<td>Popul\u00e4r, men premiumfunktioner l\u00e5sta<\/td>\n<\/tr>\n<tr>\n<td><a href=\"https:\/\/strangercam.com\/sv\/ometv\/\">OmeTV<\/a><\/td>\n<td align=\"center\">\u2705<\/td>\n<td align=\"center\">\u2705<\/td>\n<td align=\"center\">\u274c<\/td>\n<td align=\"center\">\u274c<\/td>\n<td align=\"center\">\u2705<\/td>\n<td>Mobilapp, endast slumpm\u00e4ssigt<\/td>\n<\/tr>\n<tr>\n<td>Shagle<\/td>\n<td align=\"center\">\u2705<\/td>\n<td align=\"center\">\u2705<\/td>\n<td align=\"center\">\u274c<\/td>\n<td align=\"center\">\u274c (Betald)<\/td>\n<td align=\"center\">\u2705<\/td>\n<td>Premien pressades kraftigt<\/td>\n<\/tr>\n<tr>\n<td>Emerald Chat<\/td>\n<td align=\"center\">\u2705<\/td>\n<td align=\"center\">\u2705<\/td>\n<td align=\"center\">\u274c<\/td>\n<td align=\"center\">\u274c<\/td>\n<td align=\"center\">\u2705<\/td>\n<td>Ryktesbaserat system<\/td>\n<\/tr>\n<tr>\n<td>LuckyCrush<\/td>\n<td align=\"center\">\u274c<\/td>\n<td align=\"center\">\u2705<\/td>\n<td align=\"center\">\u2705<\/td>\n<td align=\"center\">\u2705<\/td>\n<td align=\"center\">\u2705<\/td>\n<td>Alltid betald, k\u00f6nsbaserad chatt<\/td>\n<\/tr>\n<\/tbody>\n<\/table>\n<p>StrangerCam \u00e4r en av f\u00e5 plattformar som erbjuder gratis slumpm\u00e4ssig chatt med video, riktiga k\u00f6nsfilter, inga registreringar och obegr\u00e4nsad tillg\u00e5ng.<\/p>\n<h2>Varf\u00f6r StrangerCam \u00e4r det b\u00e4sta valet f\u00f6r gratis slumpm\u00e4ssig chatt<\/h2>\n<p>StrangerCam har blivit en toppdestination 2025 f\u00f6r anv\u00e4ndare som vill ha gratis slumpm\u00e4ssig chatt. H\u00e4r \u00e4r varf\u00f6r:<\/p>\n<h3>1. Verkligen gratis och obegr\u00e4nsad<\/h3>\n<p>Inga krediter, inga pr\u00f6vningar, inga restriktioner.<\/p>\n<h3>2. Alternativ f\u00f6r video och text<\/h3>\n<p>V\u00e4lj om du vill ha chatt ansikte mot ansikte eller bara text.<\/p>\n<h3>3. Fritt k\u00f6nsfilter<\/h3>\n<p>V\u00e4lj vem du vill chatta med - man, kvinna eller b\u00e5da - utan att betala.<\/p>\n<h3>4. Ingen registrering kr\u00e4vs<\/h3>\n<p>H\u00e5ll dig anonym n\u00e4r du chattar med fr\u00e4mlingar.<\/p>\n<h3>5. Global gemenskap<\/h3>\n<p>Tr\u00e4ffa m\u00e4nniskor fr\u00e5n \u00f6ver 100 l\u00e4nder, n\u00e4r som helst.<\/p>\n<h3>6. S\u00e4kert och modererat<\/h3>\n<p>Aktiv moderering h\u00e5ller bots och spam borta.<\/p>\n<h2>Verkliga vittnesm\u00e5l fr\u00e5n anv\u00e4ndare<\/h2>\n<blockquote><p><em>\"Jag letade bara efter en gratis slumpm\u00e4ssig chatt utan dolda kostnader. StrangerCam var den f\u00f6rsta webbplatsen som faktiskt levererade.\"<\/em><br \/>\n- Ryan, 24 \u00e5r<\/p><\/blockquote>\n<blockquote><p><em>\"Jag gillar att jag kan v\u00e4lja mellan video och text. Vissa dagar vill jag bara skriva, andra dagar k\u00e4nner jag f\u00f6r att prata ansikte mot ansikte.\"<\/em><br \/>\n- Maria, 21 \u00e5r<\/p><\/blockquote>\n<blockquote><p><em>\"Genusfiltret fungerar faktiskt h\u00e4r, till skillnad fr\u00e5n andra s\u00e5 kallade gratissajter.\"<\/em><br \/>\n- Ethan, 28 \u00e5r<\/p><\/blockquote>\n<blockquote><p><em>\"Enkelt, roligt och snabbt. Jag har redan tr\u00e4ffat m\u00e4nniskor fr\u00e5n s\u00e5 m\u00e5nga l\u00e4nder.\"<\/em><br \/>\n- Sophie, 22 \u00e5r<\/p><\/blockquote>\n<h2>S\u00e4kerhetstips f\u00f6r gratis slumpm\u00e4ssig chatt<\/h2>\n<p>\u00c4ven om slumpm\u00e4ssig chatt kan vara kul \u00e4r det viktigt att vara s\u00e4ker:<\/p>\n<ul>\n<li>Dela inte personlig information som ditt fullst\u00e4ndiga namn, adress eller telefonnummer.<\/li>\n<li>Hoppa \u00f6ver eller blockera n\u00e5gon som g\u00f6r dig obekv\u00e4m.<\/li>\n<li>Klicka aldrig p\u00e5 misst\u00e4nkta l\u00e4nkar.<\/li>\n<li>Anv\u00e4nd en neutral bakgrund f\u00f6r att undvika att avsl\u00f6ja privata detaljer.<\/li>\n<li>H\u00e5ll dig till plattformens funktioner - anv\u00e4nd rapportknappen n\u00e4r det beh\u00f6vs.<\/li>\n<li>Respektera \u00e5ldersregler - om du \u00e4r under 18 \u00e5r ska du inte anv\u00e4nda chattwebbplatser f\u00f6r vuxna.<\/li>\n<\/ul>\n<h2>S\u00e5 h\u00e4r kommer du ig\u00e5ng - steg f\u00f6r steg<\/h2>\n<p>Att starta en gratis slumpm\u00e4ssig chatt tar mindre \u00e4n en minut:<\/p>\n<ol>\n<li>\u00d6ppna StrangerCam p\u00e5 din enhet.<\/li>\n<li>V\u00e4lj om du vill ha video- eller textchatt.<\/li>\n<li>Ge tillg\u00e5ng till din kamera och mikrofon (om du anv\u00e4nder video).<\/li>\n<li>Klicka p\u00e5 Starta chatt f\u00f6r att ansluta direkt.<\/li>\n<li>Tryck p\u00e5 N\u00e4sta n\u00e4r som helst f\u00f6r att tr\u00e4ffa n\u00e5gon ny.<\/li>\n<\/ol>\n<p>Snabbt, enkelt och gratis.<\/p>\n<h2>Vanliga fr\u00e5gor och svar<\/h2>\n<h3>\u00c4r gratis slumpm\u00e4ssig chatt verkligen gratis?<\/h3>\n<p>Ja. StrangerCam erbjuder obegr\u00e4nsat med slumpm\u00e4ssiga chattar utan dolda avgifter.<\/p>\n<h3>M\u00e5ste jag registrera mig?<\/h3>\n<p>Nej, StrangerCam kr\u00e4ver inget konto eller registrering.<\/p>\n<h3>\u00c4r m\u00e4nniskorna verkliga?<\/h3>\n<p>Ja, det g\u00f6r jag. Med videochatt \u00e4r du alltid uppkopplad mot riktiga anv\u00e4ndare.<\/p>\n<h3>Kan jag anv\u00e4nda den i mobilen?<\/h3>\n<p>Ja, StrangerCam fungerar smidigt p\u00e5 alla enheter.<\/p>\n<h3>\u00c4r det s\u00e4kert?<\/h3>\n<p>Ja, s\u00e5 l\u00e4nge du f\u00f6ljer grundl\u00e4ggande s\u00e4kerhetstips och anv\u00e4nder StrangerCams modereringsverktyg.<\/p>\n<h2>Slutliga tankar - Prova gratis slumpm\u00e4ssig chatt idag<\/h2>\n<p>\u00c5r 2025 \u00e4r gratis slumpm\u00e4ssig chatt fortfarande ett av de enklaste och roligaste s\u00e4tten att f\u00e5 kontakt med nya m\u00e4nniskor online. Det \u00e4r spontant, autentiskt och kan ge dig kontakt med fr\u00e4mlingar fr\u00e5n var som helst i v\u00e4rlden p\u00e5 n\u00e5gra sekunder.<\/p>\n<p>Men det \u00e4r inte alla plattformar som levererar. M\u00e5nga webbplatser d\u00f6ljer viktiga funktioner bakom betalv\u00e4ggar eller \u00e4r \u00f6verbelastade med bots. Det \u00e4r d\u00e4rf\u00f6r StrangerCam \u00e4r det b\u00e4sta valet: det \u00e4r verkligen gratis, anonymt, modererat och alltid fullt av m\u00e4nniskor som \u00e4r redo att chatta.<\/p>\n<p>\u00c4r du redo att prova? Starta en gratis slumpm\u00e4ssig chatt nu och se vem du kommer att tr\u00e4ffa n\u00e4sta g\u00e5ng.<\/p>","protected":false},"excerpt":{"rendered":"<p>Are you looking for the best way to enjoy a free random chat? You\u2019re not alone. Millions of people worldwide search for random chat platforms every month, hoping to connect instantly with new people\u2014whether for fun, friendship, cultural exchange, or casual flirting. Unlike social media or dating apps, which often require endless swiping or slow [&hellip;]<\/p>\n","protected":false},"author":8,"featured_media":0,"parent":0,"menu_order":0,"comment_status":"closed","ping_status":"closed","template":"","meta":{"footnotes":""},"class_list":["post-3935","page","type-page","status-publish","hentry"],"yoast_head":"<!-- This site is optimized with the Yoast SEO plugin v27.4 - https:\/\/yoast.com\/product\/yoast-seo-wordpress\/ -->\n<title>Free Random Chat with Random Chat on Strangercam.com<\/title>\n<meta name=\"description\" content=\"Liking Free Random Chat? Join millions on StrangerCam.com! Start a random video chat, turn on your cam, and meet strangers instantly.\" \/>\n<meta name=\"robots\" content=\"index, follow, max-snippet:-1, max-image-preview:large, max-video-preview:-1\" \/>\n<link rel=\"canonical\" href=\"https:\/\/strangercam.com\/sv\/gratis-slumpmassig-chatt\/\" \/>\n<meta property=\"og:locale\" content=\"sv_SE\" \/>\n<meta property=\"og:type\" content=\"article\" \/>\n<meta property=\"og:title\" content=\"Free Random Chat with Random Chat on Strangercam.com\" \/>\n<meta property=\"og:description\" content=\"Liking Free Random Chat? Join millions on StrangerCam.com! Start a random video chat, turn on your cam, and meet strangers instantly.\" \/>\n<meta property=\"og:url\" content=\"https:\/\/strangercam.com\/sv\/gratis-slumpmassig-chatt\/\" \/>\n<meta property=\"og:site_name\" content=\"Strangercam\" \/>\n<meta property=\"article:publisher\" content=\"https:\/\/www.facebook.com\/strangercam\" \/>\n<meta property=\"article:modified_time\" content=\"2025-09-03T11:31:40+00:00\" \/>\n<meta property=\"og:image\" content=\"https:\/\/strangercam.com\/wp-content\/uploads\/2021\/10\/Untitled-2.png\" \/>\n\t<meta property=\"og:image:width\" content=\"800\" \/>\n\t<meta property=\"og:image:height\" content=\"532\" \/>\n\t<meta property=\"og:image:type\" content=\"image\/png\" \/>\n<meta name=\"twitter:card\" content=\"summary_large_image\" \/>\n<meta name=\"twitter:site\" content=\"@strangercamapp\" \/>\n<meta name=\"twitter:label1\" content=\"Ber\u00e4knad l\u00e4stid\" \/>\n\t<meta name=\"twitter:data1\" content=\"5 minuter\" \/>\n<script type=\"application\/ld+json\" class=\"yoast-schema-graph\">{\"@context\":\"https:\\\/\\\/schema.org\",\"@graph\":[{\"@type\":\"WebPage\",\"@id\":\"https:\\\/\\\/strangercam.com\\\/free-random-chat\\\/\",\"url\":\"https:\\\/\\\/strangercam.com\\\/free-random-chat\\\/\",\"name\":\"Free Random Chat with Random Chat on Strangercam.com\",\"isPartOf\":{\"@id\":\"https:\\\/\\\/strangercam.com\\\/#website\"},\"datePublished\":\"2025-08-28T15:19:09+00:00\",\"dateModified\":\"2025-09-03T11:31:40+00:00\",\"description\":\"Liking Free Random Chat? Join millions on StrangerCam.com! Start a random video chat, turn on your cam, and meet strangers instantly.\",\"breadcrumb\":{\"@id\":\"https:\\\/\\\/strangercam.com\\\/free-random-chat\\\/#breadcrumb\"},\"inLanguage\":\"sv-SE\",\"potentialAction\":[{\"@type\":\"ReadAction\",\"target\":[\"https:\\\/\\\/strangercam.com\\\/free-random-chat\\\/\"]}]},{\"@type\":\"BreadcrumbList\",\"@id\":\"https:\\\/\\\/strangercam.com\\\/free-random-chat\\\/#breadcrumb\",\"itemListElement\":[{\"@type\":\"ListItem\",\"position\":1,\"name\":\"Home\",\"item\":\"https:\\\/\\\/strangercam.com\\\/\"},{\"@type\":\"ListItem\",\"position\":2,\"name\":\"Free Random Chat\"}]},{\"@type\":\"WebSite\",\"@id\":\"https:\\\/\\\/strangercam.com\\\/#website\",\"url\":\"https:\\\/\\\/strangercam.com\\\/\",\"name\":\"Strangercam\",\"description\":\"Random Video Chat with Strangers\",\"publisher\":{\"@id\":\"https:\\\/\\\/strangercam.com\\\/#organization\"},\"alternateName\":\"Strangercam.com\",\"potentialAction\":[{\"@type\":\"SearchAction\",\"target\":{\"@type\":\"EntryPoint\",\"urlTemplate\":\"https:\\\/\\\/strangercam.com\\\/?s={search_term_string}\"},\"query-input\":{\"@type\":\"PropertyValueSpecification\",\"valueRequired\":true,\"valueName\":\"search_term_string\"}}],\"inLanguage\":\"sv-SE\"},{\"@type\":\"Organization\",\"@id\":\"https:\\\/\\\/strangercam.com\\\/#organization\",\"name\":\"Strangercam\",\"alternateName\":\"Strangercam.com\",\"url\":\"https:\\\/\\\/strangercam.com\\\/\",\"logo\":{\"@type\":\"ImageObject\",\"inLanguage\":\"sv-SE\",\"@id\":\"https:\\\/\\\/strangercam.com\\\/#\\\/schema\\\/logo\\\/image\\\/\",\"url\":\"https:\\\/\\\/strangercam.com\\\/wp-content\\\/uploads\\\/2020\\\/11\\\/cropped-new-favicon-black.png\",\"contentUrl\":\"https:\\\/\\\/strangercam.com\\\/wp-content\\\/uploads\\\/2020\\\/11\\\/cropped-new-favicon-black.png\",\"width\":512,\"height\":512,\"caption\":\"Strangercam\"},\"image\":{\"@id\":\"https:\\\/\\\/strangercam.com\\\/#\\\/schema\\\/logo\\\/image\\\/\"},\"sameAs\":[\"https:\\\/\\\/www.facebook.com\\\/strangercam\",\"https:\\\/\\\/x.com\\\/strangercamapp\"]}]}<\/script>\n<!-- \/ Yoast SEO plugin. -->","yoast_head_json":{"title":"Gratis slumpm\u00e4ssig chatt med slumpm\u00e4ssig chatt p\u00e5 Strangercam.com","description":"Gillar du gratis slumpm\u00e4ssig chatt? Join miljoner p\u00e5 StrangerCam.com! Starta en slumpm\u00e4ssig videochatt, sl\u00e5 p\u00e5 din kamera och tr\u00e4ffa fr\u00e4mlingar direkt.","robots":{"index":"index","follow":"follow","max-snippet":"max-snippet:-1","max-image-preview":"max-image-preview:large","max-video-preview":"max-video-preview:-1"},"canonical":"https:\/\/strangercam.com\/sv\/gratis-slumpmassig-chatt\/","og_locale":"sv_SE","og_type":"article","og_title":"Free Random Chat with Random Chat on Strangercam.com","og_description":"Liking Free Random Chat? Join millions on StrangerCam.com! Start a random video chat, turn on your cam, and meet strangers instantly.","og_url":"https:\/\/strangercam.com\/sv\/gratis-slumpmassig-chatt\/","og_site_name":"Strangercam","article_publisher":"https:\/\/www.facebook.com\/strangercam","article_modified_time":"2025-09-03T11:31:40+00:00","og_image":[{"width":800,"height":532,"url":"https:\/\/strangercam.com\/wp-content\/uploads\/2021\/10\/Untitled-2.png","type":"image\/png"}],"twitter_card":"summary_large_image","twitter_site":"@strangercamapp","twitter_misc":{"Ber\u00e4knad l\u00e4stid":"5 minuter"},"schema":{"@context":"https:\/\/schema.org","@graph":[{"@type":"WebPage","@id":"https:\/\/strangercam.com\/free-random-chat\/","url":"https:\/\/strangercam.com\/free-random-chat\/","name":"Gratis slumpm\u00e4ssig chatt med slumpm\u00e4ssig chatt p\u00e5 Strangercam.com","isPartOf":{"@id":"https:\/\/strangercam.com\/#website"},"datePublished":"2025-08-28T15:19:09+00:00","dateModified":"2025-09-03T11:31:40+00:00","description":"Gillar du gratis slumpm\u00e4ssig chatt? Join miljoner p\u00e5 StrangerCam.com! Starta en slumpm\u00e4ssig videochatt, sl\u00e5 p\u00e5 din kamera och tr\u00e4ffa fr\u00e4mlingar direkt.","breadcrumb":{"@id":"https:\/\/strangercam.com\/free-random-chat\/#breadcrumb"},"inLanguage":"sv-SE","potentialAction":[{"@type":"ReadAction","target":["https:\/\/strangercam.com\/free-random-chat\/"]}]},{"@type":"BreadcrumbList","@id":"https:\/\/strangercam.com\/free-random-chat\/#breadcrumb","itemListElement":[{"@type":"ListItem","position":1,"name":"Home","item":"https:\/\/strangercam.com\/"},{"@type":"ListItem","position":2,"name":"Free Random Chat"}]},{"@type":"WebSite","@id":"https:\/\/strangercam.com\/#website","url":"https:\/\/strangercam.com\/","name":"Strangercam","description":"Slumpm\u00e4ssig videochatt med fr\u00e4mlingar","publisher":{"@id":"https:\/\/strangercam.com\/#organization"},"alternateName":"Strangercam.com","potentialAction":[{"@type":"SearchAction","target":{"@type":"EntryPoint","urlTemplate":"https:\/\/strangercam.com\/?s={search_term_string}"},"query-input":{"@type":"PropertyValueSpecification","valueRequired":true,"valueName":"search_term_string"}}],"inLanguage":"sv-SE"},{"@type":"Organization","@id":"https:\/\/strangercam.com\/#organization","name":"Strangercam","alternateName":"Strangercam.com","url":"https:\/\/strangercam.com\/","logo":{"@type":"ImageObject","inLanguage":"sv-SE","@id":"https:\/\/strangercam.com\/#\/schema\/logo\/image\/","url":"https:\/\/strangercam.com\/wp-content\/uploads\/2020\/11\/cropped-new-favicon-black.png","contentUrl":"https:\/\/strangercam.com\/wp-content\/uploads\/2020\/11\/cropped-new-favicon-black.png","width":512,"height":512,"caption":"Strangercam"},"image":{"@id":"https:\/\/strangercam.com\/#\/schema\/logo\/image\/"},"sameAs":["https:\/\/www.facebook.com\/strangercam","https:\/\/x.com\/strangercamapp"]}]}},"_links":{"self":[{"href":"https:\/\/strangercam.com\/sv\/wp-json\/wp\/v2\/pages\/3935","targetHints":{"allow":["GET"]}}],"collection":[{"href":"https:\/\/strangercam.com\/sv\/wp-json\/wp\/v2\/pages"}],"about":[{"href":"https:\/\/strangercam.com\/sv\/wp-json\/wp\/v2\/types\/page"}],"author":[{"embeddable":true,"href":"https:\/\/strangercam.com\/sv\/wp-json\/wp\/v2\/users\/8"}],"replies":[{"embeddable":true,"href":"https:\/\/strangercam.com\/sv\/wp-json\/wp\/v2\/comments?post=3935"}],"version-history":[{"count":1,"href":"https:\/\/strangercam.com\/sv\/wp-json\/wp\/v2\/pages\/3935\/revisions"}],"predecessor-version":[{"id":12978,"href":"https:\/\/strangercam.com\/sv\/wp-json\/wp\/v2\/pages\/3935\/revisions\/12978"}],"wp:attachment":[{"href":"https:\/\/strangercam.com\/sv\/wp-json\/wp\/v2\/media?parent=3935"}],"curies":[{"name":"wp","href":"https:\/\/api.w.org\/{rel}","templated":true}]}}