{"id":3918,"date":"2025-08-28T17:12:57","date_gmt":"2025-08-28T15:12:57","guid":{"rendered":"https:\/\/strangercam.com\/?page_id=3918"},"modified":"2025-09-03T13:31:29","modified_gmt":"2025-09-03T11:31:29","slug":"prata-med-framlingar-videosamtal","status":"publish","type":"page","link":"https:\/\/strangercam.com\/sv\/prata-med-framlingar-videosamtal\/","title":{"rendered":"Prata med fr\u00e4mlingar Videosamtal"},"content":{"rendered":"<p>Har du letat efter ett s\u00e4tt att prata med fr\u00e4mlingar videosamtalsstil? Du \u00e4r inte ensam. Sedan uppkomsten av slumpm\u00e4ssiga <a href=\"https:\/\/strangercam.com\/sv\/chathub\/\">chatt<\/a> plattformar som <a href=\"https:\/\/strangercam.com\/sv\/omegle\/\">Omegle<\/a>, <a href=\"https:\/\/strangercam.com\/sv\/chatroulette\/\">Chatroulette<\/a>, och deras moderna efterf\u00f6ljare har miljontals m\u00e4nniskor anv\u00e4nt sig av livevideosamtal med fr\u00e4mlingar f\u00f6r att f\u00e5 nya v\u00e4nner, ha avslappnade konversationer eller helt enkelt \u00f6vervinna tristess.<\/p>\n<p>Idag g\u00f6r plattformar som StrangerCam det enklare \u00e4n n\u00e5gonsin att njuta av ett gratis videosamtal med fr\u00e4mlingar - inga registreringar, inga nedladdningar och inga dolda avgifter. Oavsett om du vill chatta avslappnat, flirta, l\u00e4ra dig om olika kulturer eller bara skratta med n\u00e5gon ny, ger fr\u00e4mlingsvideosamtal online dig omedelbar tillg\u00e5ng till riktiga m\u00e4nniskor \u00f6ver hela v\u00e4rlden.<\/p>\n<p>I den h\u00e4r guiden kommer vi att t\u00e4cka allt du beh\u00f6ver veta: vad fr\u00e4mlingsvideosamtal \u00e4r, varf\u00f6r de \u00e4r s\u00e5 popul\u00e4ra, hur de fungerar, vilka funktioner du ska leta efter, j\u00e4mf\u00f6relser av de b\u00e4sta plattformarna, s\u00e4kerhetstips och varf\u00f6r StrangerCam \u00e4r ett av de b\u00e4sta valen 2025.<\/p>\n<h2>Vad betyder \"Talk to Strangers Video Call\"?<\/h2>\n<p>N\u00e4r du pratar med fr\u00e4mlingar via videosamtal anv\u00e4nder du din webbkamera och mikrofon f\u00f6r att f\u00e5 direktkontakt med slumpm\u00e4ssiga personer online. Till skillnad fr\u00e5n sociala n\u00e4tverk eller dejtingappar, d\u00e4r konversationer kan k\u00e4nnas p\u00e5tvingade eller l\u00e5ngsamma, \u00e4r videosamtal med fr\u00e4mlingar spontana och \u00e4kta.<\/p>\n<p>Du beh\u00f6ver inte skapa en profil, ladda upp foton eller spendera timmar med att skrolla. Klicka bara p\u00e5 en knapp och du \u00e4r ansikte mot ansikte med n\u00e5gon ny. Om du inte trivs med chatten kan du trycka p\u00e5 N\u00e4sta s\u00e5 kopplas du ihop med n\u00e5gon annan p\u00e5 n\u00e5gra sekunder.<\/p>\n<h2>Varf\u00f6r m\u00e4nniskor \u00e4lskar gratis videosamtal med fr\u00e4mlingar<\/h2>\n<p>Tilltalet med videosamtalsplattformar f\u00f6r gratis samtal till fr\u00e4mlingar \u00e4r tydligt:<\/p>\n<ul>\n<li>Verklig m\u00e4nsklig interaktion - Till skillnad fr\u00e5n textchatt garanterar video att du pratar med en riktig person.<\/li>\n<li>Spontanitet - Varje samtal \u00e4r unikt, \u00f6verraskande och of\u00f6ruts\u00e4gbart.<\/li>\n<li>Inget \u00e5tagande - Inga konton eller registreringar kr\u00e4vs; du kan l\u00e4mna n\u00e4r som helst.<\/li>\n<li>Global r\u00e4ckvidd - Tr\u00e4ffa fr\u00e4mlingar fr\u00e5n hela v\u00e4rlden direkt.<\/li>\n<li>V\u00e4nskap och flirt - En del anv\u00e4nder det f\u00f6r att f\u00e5 v\u00e4nner, andra f\u00f6r att ha roligt p\u00e5 ett l\u00e4ttsamt och avslappnat s\u00e4tt.<\/li>\n<li>Quick Escape - Perfekt n\u00e4r du \u00e4r uttr\u00e5kad eller vill ha en social paus.<\/li>\n<\/ul>\n<h2>Hur fungerar ett videosamtal fr\u00e5n en fr\u00e4mling?<\/h2>\n<p>Processen \u00e4r snabb och nyb\u00f6rjarv\u00e4nlig:<\/p>\n<ol>\n<li>\u00d6ppna plattformen (t.ex. StrangerCam) p\u00e5 din enhet.<\/li>\n<li>Ge tillg\u00e5ng till din kamera och mikrofon.<\/li>\n<li>Klicka p\u00e5 \"Starta chatt\". Du blir direkt kopplad till en slumpm\u00e4ssig fr\u00e4mling.<\/li>\n<li>Prata live via videosamtal.<\/li>\n<li>Klicka p\u00e5 \"N\u00e4sta\" om du vill tr\u00e4ffa n\u00e5gon ny.<\/li>\n<\/ol>\n<p>Den enkla installationen g\u00f6r det till ett av de snabbaste s\u00e4tten att f\u00e5 kontakt med m\u00e4nniskor \u00f6ver hela v\u00e4rlden.<\/p>\n<h2>De b\u00e4sta egenskaperna att leta efter<\/h2>\n<p>N\u00e4r du letar efter det b\u00e4sta st\u00e4llet att prata med fr\u00e4mlingar via videosamtal, h\u00e4r \u00e4r de funktioner som betyder mest:<\/p>\n<h3>1. Verkligt fri tillg\u00e5ng<\/h3>\n<p>Plattformen b\u00f6r ge dig obegr\u00e4nsad tillg\u00e5ng utan betalv\u00e4ggar.<\/p>\n<h3>2. Ingen registrering beh\u00f6vs<\/h3>\n<p>De b\u00e4sta plattformarna kr\u00e4ver inga konton, inloggningar eller personliga uppgifter.<\/p>\n<h3>3. Filter f\u00f6r k\u00f6n och plats<\/h3>\n<p>V\u00e4lj vem du vill prata med - oavsett om det \u00e4r tjejer, killar eller m\u00e4nniskor fr\u00e5n specifika l\u00e4nder.<\/p>\n<h3>4. Stark m\u00e5ttfullhet<\/h3>\n<p>Plattformarna b\u00f6r ha verktyg f\u00f6r rapportering, blockering och f\u00f6r att h\u00e5lla utrymmet s\u00e4kert.<\/p>\n<h3>5. Mobilv\u00e4nlig upplevelse<\/h3>\n<p>Se till att plattformen fungerar bra p\u00e5 b\u00e5de telefoner och station\u00e4ra datorer.<\/p>\n<h3>6. Video och ljud av h\u00f6g kvalitet<\/h3>\n<p>Tydliga och smidiga anslutningar g\u00f6r samtalet mer njutbart.<\/p>\n<h2>B\u00e4sta plattformarna f\u00f6r att prata med fr\u00e4mlingar via videosamtal 2025<\/h2>\n<p>H\u00e4r \u00e4r en j\u00e4mf\u00f6relse av de b\u00e4sta plattformarna f\u00f6r fr\u00e4mlingsvideosamtal:<\/p>\n<table>\n<thead>\n<tr>\n<th>Plattform<\/th>\n<th align=\"center\">Fri tillg\u00e5ng<\/th>\n<th align=\"center\">Genusfilter<\/th>\n<th align=\"center\">Anm\u00e4lan kr\u00e4vs<\/th>\n<th align=\"center\">Mobilt st\u00f6d<\/th>\n<th align=\"center\">Moderering<\/th>\n<th>Anteckningar<\/th>\n<\/tr>\n<\/thead>\n<tbody>\n<tr>\n<td>StrangerCam<\/td>\n<td align=\"center\">\u2705<\/td>\n<td align=\"center\">\u2705 (gratis)<\/td>\n<td align=\"center\">\u274c<\/td>\n<td align=\"center\">\u2705<\/td>\n<td align=\"center\">\u2705<\/td>\n<td>B\u00e4sta \u00f6vergripande val, helt fritt<\/td>\n<\/tr>\n<tr>\n<td>Chatroulette<\/td>\n<td align=\"center\">\u2705<\/td>\n<td align=\"center\">\u274c (Betald)<\/td>\n<td align=\"center\">\u274c<\/td>\n<td align=\"center\">\u2705<\/td>\n<td align=\"center\">\u2705<\/td>\n<td>Klassisk, men k\u00f6nsfilter l\u00e5st<\/td>\n<\/tr>\n<tr>\n<td>Chatrandom<\/td>\n<td align=\"center\">\u2705<\/td>\n<td align=\"center\">\u274c (Betald)<\/td>\n<td align=\"center\">\u274c<\/td>\n<td align=\"center\">\u2705<\/td>\n<td align=\"center\">\u2705<\/td>\n<td>Stor anv\u00e4ndarbas, premiumfilter<\/td>\n<\/tr>\n<tr>\n<td><a href=\"https:\/\/strangercam.com\/sv\/ometv\/\">OmeTV<\/a><\/td>\n<td align=\"center\">\u2705<\/td>\n<td align=\"center\">\u274c<\/td>\n<td align=\"center\">\u274c<\/td>\n<td align=\"center\">\u2705<\/td>\n<td align=\"center\">\u2705<\/td>\n<td>Endast slumpm\u00e4ssigt, mobilapp tillg\u00e4nglig<\/td>\n<\/tr>\n<tr>\n<td>Shagle<\/td>\n<td align=\"center\">\u2705<\/td>\n<td align=\"center\">\u274c (Betald)<\/td>\n<td align=\"center\">\u274c<\/td>\n<td align=\"center\">\u2705<\/td>\n<td align=\"center\">\u2705<\/td>\n<td>Fri tillg\u00e5ng men betalv\u00e4ggar f\u00f6r filter<\/td>\n<\/tr>\n<tr>\n<td><a href=\"https:\/\/strangercam.com\/sv\/coomeet\/\">CooMeet<\/a><\/td>\n<td align=\"center\">\u274c (provperiod)<\/td>\n<td align=\"center\">\u2705<\/td>\n<td align=\"center\">\u2705<\/td>\n<td align=\"center\">\u2705<\/td>\n<td align=\"center\">\u2705<\/td>\n<td>Betalas efter begr\u00e4nsad gratis provperiod<\/td>\n<\/tr>\n<tr>\n<td>LuckyCrush<\/td>\n<td align=\"center\">\u274c<\/td>\n<td align=\"center\">\u2705<\/td>\n<td align=\"center\">\u2705<\/td>\n<td align=\"center\">\u2705<\/td>\n<td align=\"center\">\u2705<\/td>\n<td>Alltid betalda, k\u00f6nsbaserade chattar<\/td>\n<\/tr>\n<\/tbody>\n<\/table>\n<p>Bland dessa \u00e4r StrangerCam en av de enda plattformarna som erbjuder gratis, obegr\u00e4nsade videosamtal med fr\u00e4mlingar med ett riktigt k\u00f6nsfilter och ingen registrering.<\/p>\n<h2>Varf\u00f6r StrangerCam \u00e4r det b\u00e4sta valet<\/h2>\n<p>StrangerCam sticker ut 2025 som ett av de mest p\u00e5litliga s\u00e4tten att prata med fr\u00e4mlingar via videosamtal. H\u00e4r \u00e4r varf\u00f6r:<\/p>\n<h3>1. Helt gratis<\/h3>\n<p>Inga dolda kostnader, pr\u00f6vningar eller kreditsystem.<\/p>\n<h3>2. Fritt k\u00f6nsfilter<\/h3>\n<p>Till skillnad fr\u00e5n de flesta konkurrenter l\u00e5ter StrangerCam dig v\u00e4lja vem du vill tr\u00e4ffa - utan betalv\u00e4ggar.<\/p>\n<h3>3. Ingen registrering eller anm\u00e4lan<\/h3>\n<p>H\u00e5ll dig anonym och b\u00f6rja chatta direkt.<\/p>\n<h3>4. S\u00e4kert och modererat<\/h3>\n<p>Starka rapporteringsfunktioner och moderering i realtid g\u00f6r milj\u00f6n s\u00e4krare.<\/p>\n<h3>5. Global anv\u00e4ndarbas<\/h3>\n<p>Fr\u00e4mlingar fr\u00e5n \u00f6ver 100 l\u00e4nder \u00e4r online 24\/7.<\/p>\n<h3>6. Optimerad f\u00f6r alla enheter<\/h3>\n<p>Fungerar perfekt p\u00e5 b\u00e5de mobil och dator.<\/p>\n<h2>Verkliga vittnesm\u00e5l fr\u00e5n anv\u00e4ndare<\/h2>\n<blockquote><p><em>\"Jag ville ha en plats d\u00e4r jag kunde prata med fr\u00e4mlingar via videosamtal utan att tvingas betala. StrangerCam var den f\u00f6rsta plattformen som faktiskt var gratis.\"<\/em><br \/>\n- Jake, 26 \u00e5r<\/p><\/blockquote>\n<blockquote><p><em>\"Det k\u00e4nns s\u00e4krare \u00e4n andra sajter jag provat. Jag kan blockera och hoppa \u00f6ver personer direkt om jag inte k\u00e4nner mig bekv\u00e4m.\"<\/em><br \/>\n- Leah, 23 \u00e5r<\/p><\/blockquote>\n<blockquote><p><em>\"K\u00f6nsfiltret fungerar utan att man beh\u00f6ver betala extra, vilket \u00e4r ovanligt nuf\u00f6rtiden.\"<\/em><br \/>\n- Marcus, 29 \u00e5r<\/p><\/blockquote>\n<blockquote><p><em>\"Snabbt, enkelt och roligt. Jag har redan f\u00e5tt v\u00e4nner fr\u00e5n tre olika l\u00e4nder.\"<\/em><br \/>\n- Sophia, 21 \u00e5r<\/p><\/blockquote>\n<h2>S\u00e4kerhetstips f\u00f6r att prata med fr\u00e4mlingar via videosamtal<\/h2>\n<p>Det \u00e4r kul med videosamtal med fr\u00e4mlingar, men s\u00e4kerheten \u00e4r viktig:<\/p>\n<ul>\n<li>L\u00e4mna aldrig ut personuppgifter (telefonnummer, adress, e-post).<\/li>\n<li>Undvik att klicka p\u00e5 l\u00e4nkar som skickas av ok\u00e4nda personer.<\/li>\n<li>Anv\u00e4nd \"N\u00e4sta\"-knappen om du k\u00e4nner dig obekv\u00e4m.<\/li>\n<li>Kontrollera din bakgrund f\u00f6r att undvika att avsl\u00f6ja privata detaljer.<\/li>\n<li>H\u00e5ll dig till plattformsverktyg f\u00f6r blockering och rapportering.<\/li>\n<li>Respektera \u00e5ldersregler - om du \u00e4r under 18 \u00e5r ska du inte anv\u00e4nda plattformar f\u00f6r vuxna.<\/li>\n<\/ul>\n<h2>S\u00e5 h\u00e4r kommer du ig\u00e5ng - steg f\u00f6r steg<\/h2>\n<p>Att starta ett videosamtal med en fr\u00e4mling tar mindre \u00e4n en minut:<\/p>\n<ol>\n<li>\u00d6ppna StrangerCam i din webbl\u00e4sare eller p\u00e5 din enhet.<\/li>\n<li>Till\u00e5t \u00e5tkomst till webbkamera och mikrofon.<\/li>\n<li>V\u00e4lj preferenser (t.ex. k\u00f6nsfilter).<\/li>\n<li>Klicka p\u00e5 Starta chatt f\u00f6r att ansluta direkt.<\/li>\n<li>Prata med fr\u00e4mlingar ansikte mot ansikte och klicka p\u00e5 N\u00e4sta n\u00e4r som helst f\u00f6r en ny chatt.<\/li>\n<\/ol>\n<p>Snabbt, enkelt och helt gratis.<\/p>\n<h2>Vanliga fr\u00e5gor och svar<\/h2>\n<h3>\u00c4r det verkligen gratis att prata med fr\u00e4mlingar via videosamtal?<\/h3>\n<p>Ja. StrangerCam erbjuder obegr\u00e4nsade videosamtal med fr\u00e4mlingar utan dolda kostnader.<\/p>\n<h3>M\u00e5ste jag registrera mig?<\/h3>\n<p>Nej, StrangerCam kr\u00e4ver inga registreringar eller konton.<\/p>\n<h3>\u00c4r m\u00e4nniskorna verkliga?<\/h3>\n<p>Ja, det g\u00f6r vi. Livevideo s\u00e4kerst\u00e4ller att du pratar med riktiga m\u00e4nniskor, inte robotar.<\/p>\n<h3>Kan jag anv\u00e4nda den p\u00e5 min telefon?<\/h3>\n<p>Ja, StrangerCam \u00e4r helt mobilv\u00e4nligt.<\/p>\n<h3>\u00c4r det s\u00e4kert?<\/h3>\n<p>Ja, s\u00e5 l\u00e4nge du f\u00f6ljer s\u00e4kerhetstipsen och anv\u00e4nder StrangerCams modereringsverktyg.<\/p>\n<h2>Slutliga tankar - Prova gratis fr\u00e4mling videosamtal idag<\/h2>\n<p>\u00c5r 2025 \u00e4r ett av de enklaste och roligaste s\u00e4tten att tr\u00e4ffa nya m\u00e4nniskor att prata med fr\u00e4mlingar via videosamtal. Det \u00e4r spontant, gratis och ger dig riktiga kontakter p\u00e5 n\u00e5gra sekunder.<\/p>\n<p>Men det \u00e4r inte alla plattformar som levererar. M\u00e5nga webbplatser d\u00f6ljer k\u00f6nsfilter bakom betalv\u00e4ggar eller fyller sina samh\u00e4llen med bots. Det \u00e4r d\u00e4rf\u00f6r StrangerCam \u00e4r det b\u00e4sta valet: det \u00e4r gratis, s\u00e4kert, anonymt och fullpackat med globala anv\u00e4ndare som \u00e4r redo att tr\u00e4ffa dig.<\/p>\n<p>\u00c4r du redo att ansluta? Starta ett gratis videosamtal med fr\u00e4mlingar idag och se vem du tr\u00e4ffar h\u00e4rn\u00e4st.<\/p>","protected":false},"excerpt":{"rendered":"<p>Have you been searching for a way to talk to strangers video call style? You\u2019re not alone. Since the rise of random chat platforms like Omegle, Chatroulette, and their modern successors, millions of people have turned to live video calls with strangers to make new friends, enjoy casual conversations, or simply beat boredom. Today, platforms [&hellip;]<\/p>\n","protected":false},"author":8,"featured_media":0,"parent":0,"menu_order":0,"comment_status":"closed","ping_status":"closed","template":"","meta":{"footnotes":""},"class_list":["post-3918","page","type-page","status-publish","hentry"],"yoast_head":"<!-- This site is optimized with the Yoast SEO plugin v26.9 - https:\/\/yoast.com\/product\/yoast-seo-wordpress\/ -->\n<title>Talk to Strangers Video Call on Strangercam.com<\/title>\n<meta name=\"description\" content=\"Liking Talk to Strangers Video Call? Join millions on StrangerCam.com! Start a random video chat, turn on your cam, and meet strangers instantly.\" \/>\n<meta name=\"robots\" content=\"index, follow, max-snippet:-1, max-image-preview:large, max-video-preview:-1\" \/>\n<link rel=\"canonical\" href=\"https:\/\/strangercam.com\/sv\/prata-med-framlingar-videosamtal\/\" \/>\n<meta property=\"og:locale\" content=\"sv_SE\" \/>\n<meta property=\"og:type\" content=\"article\" \/>\n<meta property=\"og:title\" content=\"Talk to Strangers Video Call on Strangercam.com\" \/>\n<meta property=\"og:description\" content=\"Liking Talk to Strangers Video Call? Join millions on StrangerCam.com! Start a random video chat, turn on your cam, and meet strangers instantly.\" \/>\n<meta property=\"og:url\" content=\"https:\/\/strangercam.com\/sv\/prata-med-framlingar-videosamtal\/\" \/>\n<meta property=\"og:site_name\" content=\"Strangercam\" \/>\n<meta property=\"article:publisher\" content=\"https:\/\/www.facebook.com\/strangercam\" \/>\n<meta property=\"article:modified_time\" content=\"2025-09-03T11:31:29+00:00\" \/>\n<meta property=\"og:image\" content=\"https:\/\/strangercam.com\/wp-content\/uploads\/2021\/10\/Untitled-2.png\" \/>\n\t<meta property=\"og:image:width\" content=\"800\" \/>\n\t<meta property=\"og:image:height\" content=\"532\" \/>\n\t<meta property=\"og:image:type\" content=\"image\/png\" \/>\n<meta name=\"twitter:card\" content=\"summary_large_image\" \/>\n<meta name=\"twitter:site\" content=\"@strangercamapp\" \/>\n<meta name=\"twitter:label1\" content=\"Ber\u00e4knad l\u00e4stid\" \/>\n\t<meta name=\"twitter:data1\" content=\"5 minuter\" \/>\n<script type=\"application\/ld+json\" class=\"yoast-schema-graph\">{\"@context\":\"https:\/\/schema.org\",\"@graph\":[{\"@type\":\"WebPage\",\"@id\":\"https:\/\/strangercam.com\/talk-to-strangers-video-call\/\",\"url\":\"https:\/\/strangercam.com\/talk-to-strangers-video-call\/\",\"name\":\"Talk to Strangers Video Call on Strangercam.com\",\"isPartOf\":{\"@id\":\"https:\/\/strangercam.com\/#website\"},\"datePublished\":\"2025-08-28T15:12:57+00:00\",\"dateModified\":\"2025-09-03T11:31:29+00:00\",\"description\":\"Liking Talk to Strangers Video Call? Join millions on StrangerCam.com! Start a random video chat, turn on your cam, and meet strangers instantly.\",\"breadcrumb\":{\"@id\":\"https:\/\/strangercam.com\/talk-to-strangers-video-call\/#breadcrumb\"},\"inLanguage\":\"sv-SE\",\"potentialAction\":[{\"@type\":\"ReadAction\",\"target\":[\"https:\/\/strangercam.com\/talk-to-strangers-video-call\/\"]}]},{\"@type\":\"BreadcrumbList\",\"@id\":\"https:\/\/strangercam.com\/talk-to-strangers-video-call\/#breadcrumb\",\"itemListElement\":[{\"@type\":\"ListItem\",\"position\":1,\"name\":\"Home\",\"item\":\"https:\/\/strangercam.com\/\"},{\"@type\":\"ListItem\",\"position\":2,\"name\":\"Talk to Strangers Video Call\"}]},{\"@type\":\"WebSite\",\"@id\":\"https:\/\/strangercam.com\/#website\",\"url\":\"https:\/\/strangercam.com\/\",\"name\":\"Strangercam\",\"description\":\"Random Video Chat with Strangers\",\"publisher\":{\"@id\":\"https:\/\/strangercam.com\/#organization\"},\"alternateName\":\"Strangercam.com\",\"potentialAction\":[{\"@type\":\"SearchAction\",\"target\":{\"@type\":\"EntryPoint\",\"urlTemplate\":\"https:\/\/strangercam.com\/?s={search_term_string}\"},\"query-input\":{\"@type\":\"PropertyValueSpecification\",\"valueRequired\":true,\"valueName\":\"search_term_string\"}}],\"inLanguage\":\"sv-SE\"},{\"@type\":\"Organization\",\"@id\":\"https:\/\/strangercam.com\/#organization\",\"name\":\"Strangercam\",\"alternateName\":\"Strangercam.com\",\"url\":\"https:\/\/strangercam.com\/\",\"logo\":{\"@type\":\"ImageObject\",\"inLanguage\":\"sv-SE\",\"@id\":\"https:\/\/strangercam.com\/#\/schema\/logo\/image\/\",\"url\":\"https:\/\/strangercam.com\/wp-content\/uploads\/2020\/11\/cropped-new-favicon-black.png\",\"contentUrl\":\"https:\/\/strangercam.com\/wp-content\/uploads\/2020\/11\/cropped-new-favicon-black.png\",\"width\":512,\"height\":512,\"caption\":\"Strangercam\"},\"image\":{\"@id\":\"https:\/\/strangercam.com\/#\/schema\/logo\/image\/\"},\"sameAs\":[\"https:\/\/www.facebook.com\/strangercam\",\"https:\/\/x.com\/strangercamapp\"]}]}<\/script>\n<!-- \/ Yoast SEO plugin. -->","yoast_head_json":{"title":"Prata med fr\u00e4mlingar videosamtal p\u00e5 Strangercam.com","description":"Gillar du att prata med fr\u00e4mlingar videosamtal? Join miljoner p\u00e5 StrangerCam.com! Starta en slumpm\u00e4ssig videochatt, sl\u00e5 p\u00e5 din cam och tr\u00e4ffa fr\u00e4mlingar direkt.","robots":{"index":"index","follow":"follow","max-snippet":"max-snippet:-1","max-image-preview":"max-image-preview:large","max-video-preview":"max-video-preview:-1"},"canonical":"https:\/\/strangercam.com\/sv\/prata-med-framlingar-videosamtal\/","og_locale":"sv_SE","og_type":"article","og_title":"Talk to Strangers Video Call on Strangercam.com","og_description":"Liking Talk to Strangers Video Call? Join millions on StrangerCam.com! Start a random video chat, turn on your cam, and meet strangers instantly.","og_url":"https:\/\/strangercam.com\/sv\/prata-med-framlingar-videosamtal\/","og_site_name":"Strangercam","article_publisher":"https:\/\/www.facebook.com\/strangercam","article_modified_time":"2025-09-03T11:31:29+00:00","og_image":[{"width":800,"height":532,"url":"https:\/\/strangercam.com\/wp-content\/uploads\/2021\/10\/Untitled-2.png","type":"image\/png"}],"twitter_card":"summary_large_image","twitter_site":"@strangercamapp","twitter_misc":{"Ber\u00e4knad l\u00e4stid":"5 minuter"},"schema":{"@context":"https:\/\/schema.org","@graph":[{"@type":"WebPage","@id":"https:\/\/strangercam.com\/talk-to-strangers-video-call\/","url":"https:\/\/strangercam.com\/talk-to-strangers-video-call\/","name":"Prata med fr\u00e4mlingar videosamtal p\u00e5 Strangercam.com","isPartOf":{"@id":"https:\/\/strangercam.com\/#website"},"datePublished":"2025-08-28T15:12:57+00:00","dateModified":"2025-09-03T11:31:29+00:00","description":"Gillar du att prata med fr\u00e4mlingar videosamtal? Join miljoner p\u00e5 StrangerCam.com! Starta en slumpm\u00e4ssig videochatt, sl\u00e5 p\u00e5 din cam och tr\u00e4ffa fr\u00e4mlingar direkt.","breadcrumb":{"@id":"https:\/\/strangercam.com\/talk-to-strangers-video-call\/#breadcrumb"},"inLanguage":"sv-SE","potentialAction":[{"@type":"ReadAction","target":["https:\/\/strangercam.com\/talk-to-strangers-video-call\/"]}]},{"@type":"BreadcrumbList","@id":"https:\/\/strangercam.com\/talk-to-strangers-video-call\/#breadcrumb","itemListElement":[{"@type":"ListItem","position":1,"name":"Home","item":"https:\/\/strangercam.com\/"},{"@type":"ListItem","position":2,"name":"Talk to Strangers Video Call"}]},{"@type":"WebSite","@id":"https:\/\/strangercam.com\/#website","url":"https:\/\/strangercam.com\/","name":"Strangercam","description":"Slumpm\u00e4ssig videochatt med fr\u00e4mlingar","publisher":{"@id":"https:\/\/strangercam.com\/#organization"},"alternateName":"Strangercam.com","potentialAction":[{"@type":"SearchAction","target":{"@type":"EntryPoint","urlTemplate":"https:\/\/strangercam.com\/?s={search_term_string}"},"query-input":{"@type":"PropertyValueSpecification","valueRequired":true,"valueName":"search_term_string"}}],"inLanguage":"sv-SE"},{"@type":"Organization","@id":"https:\/\/strangercam.com\/#organization","name":"Strangercam","alternateName":"Strangercam.com","url":"https:\/\/strangercam.com\/","logo":{"@type":"ImageObject","inLanguage":"sv-SE","@id":"https:\/\/strangercam.com\/#\/schema\/logo\/image\/","url":"https:\/\/strangercam.com\/wp-content\/uploads\/2020\/11\/cropped-new-favicon-black.png","contentUrl":"https:\/\/strangercam.com\/wp-content\/uploads\/2020\/11\/cropped-new-favicon-black.png","width":512,"height":512,"caption":"Strangercam"},"image":{"@id":"https:\/\/strangercam.com\/#\/schema\/logo\/image\/"},"sameAs":["https:\/\/www.facebook.com\/strangercam","https:\/\/x.com\/strangercamapp"]}]}},"_links":{"self":[{"href":"https:\/\/strangercam.com\/sv\/wp-json\/wp\/v2\/pages\/3918","targetHints":{"allow":["GET"]}}],"collection":[{"href":"https:\/\/strangercam.com\/sv\/wp-json\/wp\/v2\/pages"}],"about":[{"href":"https:\/\/strangercam.com\/sv\/wp-json\/wp\/v2\/types\/page"}],"author":[{"embeddable":true,"href":"https:\/\/strangercam.com\/sv\/wp-json\/wp\/v2\/users\/8"}],"replies":[{"embeddable":true,"href":"https:\/\/strangercam.com\/sv\/wp-json\/wp\/v2\/comments?post=3918"}],"version-history":[{"count":2,"href":"https:\/\/strangercam.com\/sv\/wp-json\/wp\/v2\/pages\/3918\/revisions"}],"predecessor-version":[{"id":12977,"href":"https:\/\/strangercam.com\/sv\/wp-json\/wp\/v2\/pages\/3918\/revisions\/12977"}],"wp:attachment":[{"href":"https:\/\/strangercam.com\/sv\/wp-json\/wp\/v2\/media?parent=3918"}],"curies":[{"name":"wp","href":"https:\/\/api.w.org\/{rel}","templated":true}]}}