{"id":3634,"date":"2025-08-18T13:16:01","date_gmt":"2025-08-18T11:16:01","guid":{"rendered":"https:\/\/strangercam.com\/?page_id=3634"},"modified":"2025-08-18T14:15:47","modified_gmt":"2025-08-18T12:15:47","slug":"slumpmassigt-videosamtal","status":"publish","type":"page","link":"https:\/\/strangercam.com\/sv\/random-video-call\/","title":{"rendered":"Slumpm\u00e4ssigt videosamtal"},"content":{"rendered":"<p>Har du letat efter det b\u00e4sta s\u00e4ttet att njuta av ett slumpm\u00e4ssigt videosamtal? Du \u00e4r inte ensam om det. Miljontals m\u00e4nniskor \u00f6ver hela v\u00e4rlden anv\u00e4nder slumpm\u00e4ssiga videosamtalsplattformar varje dag f\u00f6r att tr\u00e4ffa fr\u00e4mlingar, f\u00e5 nya v\u00e4nner, flirta eller helt enkelt f\u00f6rdriva tiden. Till skillnad fr\u00e5n sociala medier eller dejtingappar, d\u00e4r konversationer kan k\u00e4nnas p\u00e5tvingade eller l\u00e5ngsamma, \u00e4r slumpm\u00e4ssiga videosamtal omedelbara, spontana och verkliga.<\/p>\n<p>Med plattformar som StrangerCam kan du starta ett gratis slumpm\u00e4ssigt videosamtal just nu - inga registreringar, inga nedladdningar och inga dolda avgifter. Det \u00e4r ett av de enklaste s\u00e4tten att f\u00e5 kontakt med m\u00e4nniskor ansikte mot ansikte, var som helst i v\u00e4rlden, n\u00e4r som helst.<\/p>\n<p>Den h\u00e4r guiden kommer att f\u00f6rklara allt du beh\u00f6ver veta om slumpm\u00e4ssiga videosamtal: hur de fungerar, varf\u00f6r de har blivit s\u00e5 popul\u00e4ra, de b\u00e4sta funktionerna att leta efter, j\u00e4mf\u00f6relser av toppplattformar, s\u00e4kerhetstips och varf\u00f6r StrangerCam sticker ut som ett av de b\u00e4sta valen 2025.<\/p>\n<h2>Vad \u00e4r ett slumpm\u00e4ssigt videosamtal?<\/h2>\n<p>Ett slumpm\u00e4ssigt videosamtal \u00e4r en onlinefunktion som kopplar dig direkt till en fr\u00e4mling via live webbkamera och ljud. Du vet inte vem du kommer att tr\u00e4ffa f\u00f6rr\u00e4n du \u00e4r ansluten - det kan vara n\u00e5gon i n\u00e4rheten eller n\u00e5gon som \u00e4r tusentals kilometer bort.<\/p>\n<p>Det fina med slumpm\u00e4ssiga videosamtal \u00e4r att de \u00e4r of\u00f6ruts\u00e4gbara. Varje <a href=\"https:\/\/strangercam.com\/sv\/chathub\/\">chatt<\/a> \u00e4r unik. Du kanske tr\u00e4ffar en ny v\u00e4n, skrattar med n\u00e5gon p\u00e5 andra sidan jordklotet eller bara har ett roligt tv\u00e5minuterssamtal innan du klickar p\u00e5 \u201cN\u00e4sta\u201d f\u00f6r att f\u00f6rs\u00f6ka igen.<\/p>\n<h2>Varf\u00f6r m\u00e4nniskor \u00e4lskar gratis slumpm\u00e4ssiga videosamtal<\/h2>\n<p>Populariteten f\u00f6r gratis slumpm\u00e4ssiga videosamtal har \u00f6kat enormt under det senaste decenniet. H\u00e4r \u00e4r varf\u00f6r:<\/p>\n<ul>\n<li>Spontant kul - Varje samtal \u00e4r en \u00f6verraskning, vilket g\u00f6r upplevelsen sp\u00e4nnande.<\/li>\n<li>Verkliga kontakter - Till skillnad fr\u00e5n textchatt visar livevideo den verkliga personen, inte en kuraterad profil eller ett falskt konto.<\/li>\n<li>Inga \u00e5taganden - Inget behov av registrering, l\u00e5nga anm\u00e4lningar eller detaljerade biografier. Det \u00e4r bara att klicka och k\u00f6ra.<\/li>\n<li>V\u00e4rldsomsp\u00e4nnande r\u00e4ckvidd - tr\u00e4ffa m\u00e4nniskor fr\u00e5n olika kulturer och bakgrunder direkt.<\/li>\n<li>Perfekt mot tristess - ett snabbt s\u00e4tt att komma bort fr\u00e5n rutinerna och f\u00e5 ig\u00e5ng nya samtal.<\/li>\n<li>V\u00e4nskap eller flirt - Vissa anv\u00e4nder det f\u00f6r att f\u00e5 nya v\u00e4nner, andra tycker om l\u00e4ttsam, avslappnad flirt.<\/li>\n<\/ul>\n<h2>Hur fungerar slumpm\u00e4ssiga videosamtal?<\/h2>\n<p>Det g\u00e5r snabbt och enkelt att anv\u00e4nda en slumpm\u00e4ssig videosamtalstj\u00e4nst:<\/p>\n<ol>\n<li>\u00d6ppna plattformen (webbl\u00e4sare p\u00e5 dator eller mobil).<\/li>\n<li>Till\u00e5t kamera- och mikrofon\u00e5tkomst n\u00e4r du uppmanas till det.<\/li>\n<li>Klicka p\u00e5 \"Starta samtal\". Du kopplas direkt till en slumpm\u00e4ssig fr\u00e4mling.<\/li>\n<li>Chatta ansikte mot ansikte. Om du inte tycker om konversationen trycker du p\u00e5 \"N\u00e4sta\" f\u00f6r att g\u00e5 vidare.<\/li>\n<li>Upprepa s\u00e5 mycket du vill. De flesta tj\u00e4nster \u00e4r gratis och obegr\u00e4nsade.<\/li>\n<\/ol>\n<p>Vissa plattformar erbjuder ocks\u00e5 k\u00f6nsfilter, platsinst\u00e4llningar och till och med verktyg f\u00f6r automatisk \u00f6vers\u00e4ttning f\u00f6r internationella konversationer.<\/p>\n<h2>Toppfunktioner att leta efter i en slumpm\u00e4ssig plattform f\u00f6r videosamtal<\/h2>\n<p>Inte alla slumpm\u00e4ssiga videosamtalssidor \u00e4r desamma. H\u00e4r \u00e4r vad du b\u00f6r leta efter:<\/p>\n<h3>1. Verkligt fri tillg\u00e5ng<\/h3>\n<p>M\u00e5nga webbplatser h\u00e4vdar att de \u00e4r gratis men trycker snabbt in dig i betalv\u00e4ggar. De b\u00e4sta plattformarna \u00e4r verkligen gratis.<\/p>\n<h3>2. Ingen registrering kr\u00e4vs<\/h3>\n<p>Undvik plattformar som tvingar dig att registrera dig eller dela med dig av personlig information.<\/p>\n<h3>3. Filter f\u00f6r k\u00f6n och plats<\/h3>\n<p>Om du vill ha mer kontroll \u00f6ver vem du pratar med g\u00f6r filter upplevelsen smidigare.<\/p>\n<h3>4. S\u00e4ker m\u00e5ttfullhet<\/h3>\n<p>Starka rapporteringsverktyg och moderering skyddar dig fr\u00e5n spam, botar och ol\u00e4mpligt beteende.<\/p>\n<h3>5. Mobilanpassad design<\/h3>\n<p>En bra plattform ska fungera lika bra i mobilen som p\u00e5 datorn.<\/p>\n<h3>6. Video och ljud av h\u00f6g kvalitet<\/h3>\n<p>Tydlig video utan f\u00f6rdr\u00f6jningar \u00e4r avg\u00f6rande f\u00f6r en trevlig chatt.<\/p>\n<h2>B\u00e4sta slumpm\u00e4ssiga videosamtalsplattformar 2025<\/h2>\n<p>H\u00e4r \u00e4r en j\u00e4mf\u00f6relse av n\u00e5gra av de mest popul\u00e4ra webbplatserna f\u00f6r slumpm\u00e4ssiga videosamtal:<\/p>\n<table>\n<thead>\n<tr>\n<th>Plattform<\/th>\n<th align=\"center\">Fri tillg\u00e5ng<\/th>\n<th align=\"center\">Genusfilter<\/th>\n<th align=\"center\">Anm\u00e4lan kr\u00e4vs<\/th>\n<th align=\"center\">Mobilt st\u00f6d<\/th>\n<th align=\"center\">Moderering<\/th>\n<th>Anteckningar<\/th>\n<\/tr>\n<\/thead>\n<tbody>\n<tr>\n<td>StrangerCam<\/td>\n<td align=\"center\">\u2705<\/td>\n<td align=\"center\">\u2705 (gratis)<\/td>\n<td align=\"center\">\u274c<\/td>\n<td align=\"center\">\u2705<\/td>\n<td align=\"center\">\u2705<\/td>\n<td>B\u00e4sta \u00f6vergripande val, helt fritt<\/td>\n<\/tr>\n<tr>\n<td><a href=\"https:\/\/strangercam.com\/sv\/chatroulette\/\">Chatroulette<\/a><\/td>\n<td align=\"center\">\u2705<\/td>\n<td align=\"center\">\u274c (Betald)<\/td>\n<td align=\"center\">\u274c<\/td>\n<td align=\"center\">\u2705<\/td>\n<td align=\"center\">\u2705<\/td>\n<td>Klassiskt alternativ, men betalv\u00e4ggar f\u00f6r filter<\/td>\n<\/tr>\n<tr>\n<td>Chatrandom<\/td>\n<td align=\"center\">\u2705<\/td>\n<td align=\"center\">\u274c (Betald)<\/td>\n<td align=\"center\">\u274c<\/td>\n<td align=\"center\">\u2705<\/td>\n<td align=\"center\">\u2705<\/td>\n<td>Popul\u00e4rt, men filtren \u00e4r l\u00e5sta bakom betalningen<\/td>\n<\/tr>\n<tr>\n<td><a href=\"https:\/\/strangercam.com\/sv\/ometv\/\">OmeTV<\/a><\/td>\n<td align=\"center\">\u2705<\/td>\n<td align=\"center\">\u274c<\/td>\n<td align=\"center\">\u274c<\/td>\n<td align=\"center\">\u2705<\/td>\n<td align=\"center\">\u2705<\/td>\n<td>Mobilapp, endast slumpm\u00e4ssig matchning<\/td>\n<\/tr>\n<tr>\n<td>Shagle<\/td>\n<td align=\"center\">\u2705<\/td>\n<td align=\"center\">\u274c (Betald)<\/td>\n<td align=\"center\">\u274c<\/td>\n<td align=\"center\">\u2705<\/td>\n<td align=\"center\">\u2705<\/td>\n<td>M\u00e5nga funktioner l\u00e5sta i premiumversionen<\/td>\n<\/tr>\n<tr>\n<td><a href=\"https:\/\/strangercam.com\/sv\/coomeet\/\">CooMeet<\/a><\/td>\n<td align=\"center\">\u274c (provperiod)<\/td>\n<td align=\"center\">\u2705<\/td>\n<td align=\"center\">\u2705<\/td>\n<td align=\"center\">\u2705<\/td>\n<td align=\"center\">\u2705<\/td>\n<td>Betalas efter begr\u00e4nsad gratis provperiod<\/td>\n<\/tr>\n<tr>\n<td>LuckyCrush<\/td>\n<td align=\"center\">\u274c<\/td>\n<td align=\"center\">\u2705<\/td>\n<td align=\"center\">\u2705<\/td>\n<td align=\"center\">\u2705<\/td>\n<td align=\"center\">\u2705<\/td>\n<td>Alltid betald, endast k\u00f6nsbaserad chatt<\/td>\n<\/tr>\n<\/tbody>\n<\/table>\n<p>StrangerCam \u00e4r en av f\u00e5 plattformar som tillhandah\u00e5ller gratis slumpm\u00e4ssiga videosamtal med ett fungerande k\u00f6nsfilter, ingen registrering och obegr\u00e4nsad anv\u00e4ndning.<\/p>\n<h2>Varf\u00f6r StrangerCam \u00e4r den b\u00e4sta platsen f\u00f6r slumpm\u00e4ssiga videosamtal<\/h2>\n<p>StrangerCam har snabbt blivit ett av de mest betrodda valen f\u00f6r personer som letar efter slumpm\u00e4ssiga videosamtal. H\u00e4r \u00e4r varf\u00f6r:<\/p>\n<h3>1. Helt gratis<\/h3>\n<p>Obegr\u00e4nsat antal slumpm\u00e4ssiga videosamtal utan dolda kostnader.<\/p>\n<h3>2. Fritt k\u00f6nsfilter<\/h3>\n<p>V\u00e4lj vem du vill tr\u00e4ffa - man, kvinna eller b\u00e5da - utan att betala.<\/p>\n<h3>3. Ingen registrering eller anm\u00e4lan<\/h3>\n<p>H\u00e5ll dig anonym. Klicka bara och chatta direkt.<\/p>\n<h3>4. S\u00e4kert och modererat<\/h3>\n<p>Aktiva rapporteringsverktyg och modereringssystem h\u00e5ller botar och ol\u00e4mpliga anv\u00e4ndare borta.<\/p>\n<h3>5. Global anv\u00e4ndarbas<\/h3>\n<p>M\u00e4nniskor fr\u00e5n hela v\u00e4rlden \u00e4r online dygnet runt, vilket garanterar en ny upplevelse varje g\u00e5ng.<\/p>\n<h3>6. Mobilv\u00e4nlig<\/h3>\n<p>Optimerad f\u00f6r telefoner, surfplattor och datorer f\u00f6r smidiga videosamtal var som helst.<\/p>\n<h2>Verkliga vittnesm\u00e5l fr\u00e5n anv\u00e4ndare<\/h2>\n<blockquote><p><em>\"Jag har provat andra webbplatser, men StrangerCam \u00e4r den enda d\u00e4r slumpm\u00e4ssiga videosamtal faktiskt var gratis utan dolda avgifter.\"<\/em><br \/>\n- Jason, 26 \u00e5r<\/p><\/blockquote>\n<blockquote><p><em>\"K\u00f6nsfiltret fungerar, och jag beh\u00f6vde inte betala f\u00f6r det. \u00c4ntligen en plattform som g\u00f6r vad den s\u00e4ger!\"<\/em><br \/>\n- Emily, 23 \u00e5r<\/p><\/blockquote>\n<blockquote><p><em>\"Jag fick kontakt med m\u00e4nniskor fr\u00e5n fem olika l\u00e4nder p\u00e5 mindre \u00e4n en timme. Det \u00e4r s\u00e5 beroendeframkallande.\"<\/em><br \/>\n- Ryan, 29 \u00e5r<\/p><\/blockquote>\n<blockquote><p><em>\u201cStrangerCam \u00e4r det b\u00e4sta alternativet till <a href=\"https:\/\/strangercam.com\/sv\/omegle\/\">Omegle<\/a> Jag har hittat. Gratis, s\u00e4kert och alltid upptaget med m\u00e4nniskor online.\u201d<\/em><br \/>\n- Megan, 21 \u00e5r<\/p><\/blockquote>\n<h2>S\u00e4kerhetstips f\u00f6r slumpm\u00e4ssiga videosamtal<\/h2>\n<p>\u00c4ven om slumpm\u00e4ssiga videosamtal \u00e4r roliga \u00e4r det viktigt att vara s\u00e4ker:<\/p>\n<ul>\n<li>Dela aldrig personlig information som din adress, ditt telefonnummer eller ditt fullst\u00e4ndiga namn.<\/li>\n<li>Klicka inte p\u00e5 l\u00e4nkar som delas av fr\u00e4mlingar.<\/li>\n<li>Anv\u00e4nd \"N\u00e4sta\"-knappen fritt om du k\u00e4nner dig obekv\u00e4m.<\/li>\n<li>Kontrollera din bakgrund f\u00f6r att undvika att avsl\u00f6ja privata detaljer.<\/li>\n<li>Rapportera ol\u00e4mpliga anv\u00e4ndare f\u00f6r att h\u00e5lla samh\u00e4llet s\u00e4kert.<\/li>\n<li>Om du \u00e4r under 18 \u00e5r ska du inte anv\u00e4nda slumpm\u00e4ssiga videosamtalsplattformar f\u00f6r vuxna.<\/li>\n<\/ul>\n<h2>S\u00e5 h\u00e4r kommer du ig\u00e5ng - steg f\u00f6r steg<\/h2>\n<p>Att starta ett slumpm\u00e4ssigt videosamtal tar mindre \u00e4n en minut:<\/p>\n<ol>\n<li>\u00d6ppna StrangerCam i din webbl\u00e4sare eller p\u00e5 din enhet.<\/li>\n<li>Ge kameran och mikrofonen \u00e5tkomst.<\/li>\n<li>V\u00e4lj preferenser (k\u00f6nsfilter om s\u00e5 \u00f6nskas).<\/li>\n<li>Klicka p\u00e5 Starta samtal f\u00f6r att ansluta direkt.<\/li>\n<li>Chatta ansikte mot ansikte. Klicka p\u00e5 N\u00e4sta n\u00e4r som helst f\u00f6r att tr\u00e4ffa n\u00e5gon ny.<\/li>\n<\/ol>\n<p>Det \u00e4r allt - enkelt, snabbt och gratis.<\/p>\n<h2>Slutliga tankar - Prova gratis slumpm\u00e4ssiga videosamtal nu<\/h2>\n<p>\u00c5r 2025 \u00e4r slumpm\u00e4ssiga videosamtal ett av de mest sp\u00e4nnande s\u00e4tten att f\u00e5 kontakt med nya m\u00e4nniskor online. De \u00e4r snabba, gratis, spontana och ger dig autentisk m\u00e4nsklig interaktion med ett klick p\u00e5 en knapp.<\/p>\n<p>Men det \u00e4r inte alla plattformar som levererar. M\u00e5nga d\u00f6ljer viktiga funktioner som k\u00f6nsfilter bakom betalv\u00e4ggar eller \u00f6versv\u00e4mmar sina webbplatser med bots. Det \u00e4r d\u00e4rf\u00f6r StrangerCam \u00e4r det b\u00e4sta valet: det \u00e4r gratis, s\u00e4kert, anonymt och kopplar ihop dig med riktiga m\u00e4nniskor \u00f6ver hela v\u00e4rlden.<\/p>\n<p>\u00c4r du redo att uppleva det? Prova ett gratis slumpm\u00e4ssigt videosamtal idag och se vem du tr\u00e4ffar h\u00e4rn\u00e4st.<\/p>","protected":false},"excerpt":{"rendered":"<p>Have you been searching for the best way to enjoy a random video call? You\u2019re not alone. Millions of people across the globe use random video call platforms every day to meet strangers, make new friends, flirt, or simply pass the time. Unlike social media or dating apps, where conversations can feel forced or slow, [&hellip;]<\/p>\n","protected":false},"author":8,"featured_media":0,"parent":0,"menu_order":0,"comment_status":"closed","ping_status":"closed","template":"","meta":{"footnotes":""},"class_list":["post-3634","page","type-page","status-publish","hentry"],"yoast_head":"<!-- This site is optimized with the Yoast SEO plugin v27.4 - https:\/\/yoast.com\/product\/yoast-seo-wordpress\/ -->\n<title>Random Video Call with Random Chat on Strangercam.com<\/title>\n<meta name=\"description\" content=\"Liking Random Video Call? Join millions on StrangerCam.com! Start a random video chat, turn on your cam, and meet strangers instantly.\" \/>\n<meta name=\"robots\" content=\"index, follow, max-snippet:-1, max-image-preview:large, max-video-preview:-1\" \/>\n<link rel=\"canonical\" href=\"https:\/\/strangercam.com\/sv\/slumpmassigt-videosamtal\/\" \/>\n<meta property=\"og:locale\" content=\"sv_SE\" \/>\n<meta property=\"og:type\" content=\"article\" \/>\n<meta property=\"og:title\" content=\"Random Video Call with Random Chat on Strangercam.com\" \/>\n<meta property=\"og:description\" content=\"Liking Random Video Call? Join millions on StrangerCam.com! Start a random video chat, turn on your cam, and meet strangers instantly.\" \/>\n<meta property=\"og:url\" content=\"https:\/\/strangercam.com\/sv\/slumpmassigt-videosamtal\/\" \/>\n<meta property=\"og:site_name\" content=\"Strangercam\" \/>\n<meta property=\"article:publisher\" content=\"https:\/\/www.facebook.com\/strangercam\" \/>\n<meta property=\"article:modified_time\" content=\"2025-08-18T12:15:47+00:00\" \/>\n<meta property=\"og:image\" content=\"https:\/\/strangercam.com\/wp-content\/uploads\/2021\/10\/Untitled-2.png\" \/>\n\t<meta property=\"og:image:width\" content=\"800\" \/>\n\t<meta property=\"og:image:height\" content=\"532\" \/>\n\t<meta property=\"og:image:type\" content=\"image\/png\" \/>\n<meta name=\"twitter:card\" content=\"summary_large_image\" \/>\n<meta name=\"twitter:site\" content=\"@strangercamapp\" \/>\n<meta name=\"twitter:label1\" content=\"Ber\u00e4knad l\u00e4stid\" \/>\n\t<meta name=\"twitter:data1\" content=\"5 minuter\" \/>\n<script type=\"application\/ld+json\" class=\"yoast-schema-graph\">{\"@context\":\"https:\\\/\\\/schema.org\",\"@graph\":[{\"@type\":\"WebPage\",\"@id\":\"https:\\\/\\\/strangercam.com\\\/random-video-call\\\/\",\"url\":\"https:\\\/\\\/strangercam.com\\\/random-video-call\\\/\",\"name\":\"Random Video Call with Random Chat on Strangercam.com\",\"isPartOf\":{\"@id\":\"https:\\\/\\\/strangercam.com\\\/#website\"},\"datePublished\":\"2025-08-18T11:16:01+00:00\",\"dateModified\":\"2025-08-18T12:15:47+00:00\",\"description\":\"Liking Random Video Call? Join millions on StrangerCam.com! Start a random video chat, turn on your cam, and meet strangers instantly.\",\"breadcrumb\":{\"@id\":\"https:\\\/\\\/strangercam.com\\\/random-video-call\\\/#breadcrumb\"},\"inLanguage\":\"sv-SE\",\"potentialAction\":[{\"@type\":\"ReadAction\",\"target\":[\"https:\\\/\\\/strangercam.com\\\/random-video-call\\\/\"]}]},{\"@type\":\"BreadcrumbList\",\"@id\":\"https:\\\/\\\/strangercam.com\\\/random-video-call\\\/#breadcrumb\",\"itemListElement\":[{\"@type\":\"ListItem\",\"position\":1,\"name\":\"Home\",\"item\":\"https:\\\/\\\/strangercam.com\\\/\"},{\"@type\":\"ListItem\",\"position\":2,\"name\":\"Random Video Call\"}]},{\"@type\":\"WebSite\",\"@id\":\"https:\\\/\\\/strangercam.com\\\/#website\",\"url\":\"https:\\\/\\\/strangercam.com\\\/\",\"name\":\"Strangercam\",\"description\":\"Random Video Chat with Strangers\",\"publisher\":{\"@id\":\"https:\\\/\\\/strangercam.com\\\/#organization\"},\"alternateName\":\"Strangercam.com\",\"potentialAction\":[{\"@type\":\"SearchAction\",\"target\":{\"@type\":\"EntryPoint\",\"urlTemplate\":\"https:\\\/\\\/strangercam.com\\\/?s={search_term_string}\"},\"query-input\":{\"@type\":\"PropertyValueSpecification\",\"valueRequired\":true,\"valueName\":\"search_term_string\"}}],\"inLanguage\":\"sv-SE\"},{\"@type\":\"Organization\",\"@id\":\"https:\\\/\\\/strangercam.com\\\/#organization\",\"name\":\"Strangercam\",\"alternateName\":\"Strangercam.com\",\"url\":\"https:\\\/\\\/strangercam.com\\\/\",\"logo\":{\"@type\":\"ImageObject\",\"inLanguage\":\"sv-SE\",\"@id\":\"https:\\\/\\\/strangercam.com\\\/#\\\/schema\\\/logo\\\/image\\\/\",\"url\":\"https:\\\/\\\/strangercam.com\\\/wp-content\\\/uploads\\\/2020\\\/11\\\/cropped-new-favicon-black.png\",\"contentUrl\":\"https:\\\/\\\/strangercam.com\\\/wp-content\\\/uploads\\\/2020\\\/11\\\/cropped-new-favicon-black.png\",\"width\":512,\"height\":512,\"caption\":\"Strangercam\"},\"image\":{\"@id\":\"https:\\\/\\\/strangercam.com\\\/#\\\/schema\\\/logo\\\/image\\\/\"},\"sameAs\":[\"https:\\\/\\\/www.facebook.com\\\/strangercam\",\"https:\\\/\\\/x.com\\\/strangercamapp\"]}]}<\/script>\n<!-- \/ Yoast SEO plugin. -->","yoast_head_json":{"title":"Slumpm\u00e4ssigt videosamtal med slumpm\u00e4ssig chatt p\u00e5 Strangercam.com","description":"Gillar du slumpm\u00e4ssigt videosamtal? Join miljoner p\u00e5 StrangerCam.com! Starta en slumpm\u00e4ssig videochatt, sl\u00e5 p\u00e5 din cam och tr\u00e4ffa fr\u00e4mlingar direkt.","robots":{"index":"index","follow":"follow","max-snippet":"max-snippet:-1","max-image-preview":"max-image-preview:large","max-video-preview":"max-video-preview:-1"},"canonical":"https:\/\/strangercam.com\/sv\/slumpmassigt-videosamtal\/","og_locale":"sv_SE","og_type":"article","og_title":"Random Video Call with Random Chat on Strangercam.com","og_description":"Liking Random Video Call? Join millions on StrangerCam.com! Start a random video chat, turn on your cam, and meet strangers instantly.","og_url":"https:\/\/strangercam.com\/sv\/slumpmassigt-videosamtal\/","og_site_name":"Strangercam","article_publisher":"https:\/\/www.facebook.com\/strangercam","article_modified_time":"2025-08-18T12:15:47+00:00","og_image":[{"width":800,"height":532,"url":"https:\/\/strangercam.com\/wp-content\/uploads\/2021\/10\/Untitled-2.png","type":"image\/png"}],"twitter_card":"summary_large_image","twitter_site":"@strangercamapp","twitter_misc":{"Ber\u00e4knad l\u00e4stid":"5 minuter"},"schema":{"@context":"https:\/\/schema.org","@graph":[{"@type":"WebPage","@id":"https:\/\/strangercam.com\/random-video-call\/","url":"https:\/\/strangercam.com\/random-video-call\/","name":"Slumpm\u00e4ssigt videosamtal med slumpm\u00e4ssig chatt p\u00e5 Strangercam.com","isPartOf":{"@id":"https:\/\/strangercam.com\/#website"},"datePublished":"2025-08-18T11:16:01+00:00","dateModified":"2025-08-18T12:15:47+00:00","description":"Gillar du slumpm\u00e4ssigt videosamtal? Join miljoner p\u00e5 StrangerCam.com! Starta en slumpm\u00e4ssig videochatt, sl\u00e5 p\u00e5 din cam och tr\u00e4ffa fr\u00e4mlingar direkt.","breadcrumb":{"@id":"https:\/\/strangercam.com\/random-video-call\/#breadcrumb"},"inLanguage":"sv-SE","potentialAction":[{"@type":"ReadAction","target":["https:\/\/strangercam.com\/random-video-call\/"]}]},{"@type":"BreadcrumbList","@id":"https:\/\/strangercam.com\/random-video-call\/#breadcrumb","itemListElement":[{"@type":"ListItem","position":1,"name":"Home","item":"https:\/\/strangercam.com\/"},{"@type":"ListItem","position":2,"name":"Random Video Call"}]},{"@type":"WebSite","@id":"https:\/\/strangercam.com\/#website","url":"https:\/\/strangercam.com\/","name":"Strangercam","description":"Slumpm\u00e4ssig videochatt med fr\u00e4mlingar","publisher":{"@id":"https:\/\/strangercam.com\/#organization"},"alternateName":"Strangercam.com","potentialAction":[{"@type":"SearchAction","target":{"@type":"EntryPoint","urlTemplate":"https:\/\/strangercam.com\/?s={search_term_string}"},"query-input":{"@type":"PropertyValueSpecification","valueRequired":true,"valueName":"search_term_string"}}],"inLanguage":"sv-SE"},{"@type":"Organization","@id":"https:\/\/strangercam.com\/#organization","name":"Strangercam","alternateName":"Strangercam.com","url":"https:\/\/strangercam.com\/","logo":{"@type":"ImageObject","inLanguage":"sv-SE","@id":"https:\/\/strangercam.com\/#\/schema\/logo\/image\/","url":"https:\/\/strangercam.com\/wp-content\/uploads\/2020\/11\/cropped-new-favicon-black.png","contentUrl":"https:\/\/strangercam.com\/wp-content\/uploads\/2020\/11\/cropped-new-favicon-black.png","width":512,"height":512,"caption":"Strangercam"},"image":{"@id":"https:\/\/strangercam.com\/#\/schema\/logo\/image\/"},"sameAs":["https:\/\/www.facebook.com\/strangercam","https:\/\/x.com\/strangercamapp"]}]}},"_links":{"self":[{"href":"https:\/\/strangercam.com\/sv\/wp-json\/wp\/v2\/pages\/3634","targetHints":{"allow":["GET"]}}],"collection":[{"href":"https:\/\/strangercam.com\/sv\/wp-json\/wp\/v2\/pages"}],"about":[{"href":"https:\/\/strangercam.com\/sv\/wp-json\/wp\/v2\/types\/page"}],"author":[{"embeddable":true,"href":"https:\/\/strangercam.com\/sv\/wp-json\/wp\/v2\/users\/8"}],"replies":[{"embeddable":true,"href":"https:\/\/strangercam.com\/sv\/wp-json\/wp\/v2\/comments?post=3634"}],"version-history":[{"count":2,"href":"https:\/\/strangercam.com\/sv\/wp-json\/wp\/v2\/pages\/3634\/revisions"}],"predecessor-version":[{"id":12970,"href":"https:\/\/strangercam.com\/sv\/wp-json\/wp\/v2\/pages\/3634\/revisions\/12970"}],"wp:attachment":[{"href":"https:\/\/strangercam.com\/sv\/wp-json\/wp\/v2\/media?parent=3634"}],"curies":[{"name":"wp","href":"https:\/\/api.w.org\/{rel}","templated":true}]}}