{"id":3516,"date":"2025-08-18T13:21:58","date_gmt":"2025-08-18T11:21:58","guid":{"rendered":"https:\/\/strangercam.com\/?page_id=3516"},"modified":"2025-08-18T14:14:10","modified_gmt":"2025-08-18T12:14:10","slug":"videochatt-med-framlingar","status":"publish","type":"page","link":"https:\/\/strangercam.com\/sv\/video-chat-with-strangers\/","title":{"rendered":"Videochatt med fr\u00e4mlingar"},"content":{"rendered":"<p>Letar du efter det b\u00e4sta s\u00e4ttet att spela in video <a href=\"https:\/\/strangercam.com\/sv\/chathub\/\">chatt<\/a> med fr\u00e4mlingar? Du \u00e4r inte ensam om det. Sedan uppkomsten av <a href=\"https:\/\/strangercam.com\/sv\/omegle\/\">Omegle<\/a>, <a href=\"https:\/\/strangercam.com\/sv\/chatroulette\/\">Chatroulette<\/a>, och liknande plattformar har miljontals m\u00e4nniskor \u00f6ver hela v\u00e4rlden uppt\u00e4ckt sp\u00e4nningen med att videochatta med slumpm\u00e4ssiga personer \u00f6ver hela v\u00e4rlden. \u00c5r 2025 \u00e4r trenden st\u00f6rre \u00e4n n\u00e5gonsin - med nya plattformar som erbjuder s\u00e4krare, smidigare och mer engagerande upplevelser.<\/p>\n<p>Tack vare moderna plattformar som StrangerCam kan du njuta av gratis videochatt med fr\u00e4mlingar n\u00e4r som helst - inga registreringar, inga nedladdningar och inga dolda betalv\u00e4ggar. Oavsett om du vill tr\u00e4ffa nya v\u00e4nner, flirta, \u00f6va spr\u00e5k eller helt enkelt \u00f6vervinna tristess, \u00e4r videochatt med fr\u00e4mlingar ett av de mest sp\u00e4nnande och spontana s\u00e4tten att f\u00e5 kontakt online.<\/p>\n<p>Den h\u00e4r guiden kommer att t\u00e4cka allt du beh\u00f6ver veta: hur det fungerar, varf\u00f6r det \u00e4r popul\u00e4rt, funktionerna att leta efter, j\u00e4mf\u00f6relser av toppplattformar, s\u00e4kerhetstips och varf\u00f6r StrangerCam \u00e4r ett av de b\u00e4sta valen f\u00f6r videochatt med fr\u00e4mlingar 2025.<\/p>\n<h2>Vad \u00e4r videochatt med fr\u00e4mlingar?<\/h2>\n<p>Videochatt med fr\u00e4mlingar \u00e4r en onlinetj\u00e4nst som parar ihop dig med slumpm\u00e4ssiga personer f\u00f6r videosamtal i realtid, en mot en. Med hj\u00e4lp av din webbkamera och mikrofon kan ni se och h\u00f6ra varandra i realtid.<\/p>\n<p>Till skillnad fr\u00e5n sociala medier, d\u00e4r interaktionen \u00e4r kurerad och ofta artificiell, \u00e4r videochatt med fr\u00e4mlingar r\u00e5, autentisk och of\u00f6ruts\u00e4gbar. Varje klick p\u00e5 \"N\u00e4sta\"-knappen ger ett nytt ansikte och en ny historia, vilket g\u00f6r det till en av de mest sp\u00e4nnande onlineupplevelserna som finns idag.<\/p>\n<h2>Varf\u00f6r m\u00e4nniskor \u00e4lskar gratis videochatt med fr\u00e4mlingar<\/h2>\n<p>Populariteten f\u00f6r gratis videochatt med fr\u00e4mlingar kommer fr\u00e5n flera viktiga f\u00f6rdelar:<\/p>\n<ul>\n<li>Spontanitet och \u00f6verraskning - Varje chatt \u00e4r annorlunda; du vet aldrig vem du kommer att tr\u00e4ffa n\u00e4sta g\u00e5ng.<\/li>\n<li>Globala v\u00e4nskapsband - F\u00e5 kontakt med m\u00e4nniskor \u00f6ver hela v\u00e4rlden, upplev nya kulturer och vidga dina perspektiv.<\/li>\n<li>Inga falska profiler - Video bevisar att personen \u00e4r verklig, till skillnad fr\u00e5n textbaserade appar fulla av botar och catfish.<\/li>\n<li>Anonymitet - Inget konto kr\u00e4vs; h\u00e5ll dig s\u00e5 privat som du vill.<\/li>\n<li>Olika avsikter - Vissa m\u00e4nniskor \u00e4r ute efter att ha kul, andra efter v\u00e4nskap, andra efter en avslappnad flirt.<\/li>\n<li>Omedelbar tillfredsst\u00e4llelse - Du beh\u00f6ver inte v\u00e4nta p\u00e5 svar eller swipa i all o\u00e4ndlighet - du f\u00e5r kontakt direkt.<\/li>\n<\/ul>\n<h2>Hur fungerar videochatt med fr\u00e4mlingar?<\/h2>\n<p>Joining en videochatt med fr\u00e4mlingar plattform \u00e4r enkel och snabb:<\/p>\n<ol>\n<li>\u00d6ppna plattformen (station\u00e4r eller mobil).<\/li>\n<li>Till\u00e5t \u00e5tkomst till din webbkamera och mikrofon.<\/li>\n<li>Klicka p\u00e5 \"Start\" f\u00f6r att direkt f\u00e5 kontakt med en slumpm\u00e4ssig fr\u00e4mling.<\/li>\n<li>Chatta live ansikte mot ansikte. Om du inte \u00e4r intresserad kan du klicka p\u00e5 \"N\u00e4sta\" f\u00f6r att tr\u00e4ffa n\u00e5gon ny.<\/li>\n<li>Upprepa i all o\u00e4ndlighet - processen \u00e4r snabb, rolig och gratis.<\/li>\n<\/ol>\n<p>Vissa plattformar inkluderar \u00e4ven k\u00f6nsfilter, platsbaserad matchning och \u00f6vers\u00e4ttningsverktyg f\u00f6r att f\u00f6rb\u00e4ttra upplevelsen.<\/p>\n<h2>De b\u00e4sta egenskaperna att leta efter<\/h2>\n<p>Om du letar efter det b\u00e4sta st\u00e4llet att videochatta med fr\u00e4mlingar, h\u00e4r \u00e4r de funktioner som betyder mest:<\/p>\n<h3>1. Verkligt fri tillg\u00e5ng<\/h3>\n<p>Akta dig f\u00f6r plattformar som s\u00e4ger \"gratis\" men begr\u00e4nsar chattar efter n\u00e5gra minuter. Leta efter obegr\u00e4nsad anv\u00e4ndning utan kostnad.<\/p>\n<h3>2. Ingen registrering beh\u00f6vs<\/h3>\n<p>De b\u00e4sta webbplatserna kr\u00e4ver inget konto eller personlig information.<\/p>\n<h3>3. Filter f\u00f6r k\u00f6n och plats<\/h3>\n<p>Det \u00e4r bra om du vill prata med en viss typ av m\u00e4nniskor (t.ex. bara tjejer eller m\u00e4nniskor fr\u00e5n ditt land).<\/p>\n<h3>4. Stark m\u00e5ttfullhet<\/h3>\n<p>Aktiva rapporteringssystem och moderatorer ser till att plattformen \u00e4r s\u00e4ker och trivsam.<\/p>\n<h3>5. Mobilanpassad design<\/h3>\n<p>En bra plattform ska fungera smidigt p\u00e5 telefoner, surfplattor och datorer.<\/p>\n<h3>6. Video och ljud av h\u00f6g kvalitet<\/h3>\n<p>Tydliga anslutningar ger en b\u00e4ttre och mer naturlig upplevelse.<\/p>\n<h2>B\u00e4sta plattformarna f\u00f6r videochatt med fr\u00e4mlingar 2025<\/h2>\n<p>H\u00e4r \u00e4r n\u00e5gra av de b\u00e4sta plattformarna i j\u00e4mf\u00f6relse:<\/p>\n<table>\n<thead>\n<tr>\n<th>Plattform<\/th>\n<th align=\"center\">Gratis att anv\u00e4nda<\/th>\n<th align=\"center\">Genusfilter<\/th>\n<th align=\"center\">Anm\u00e4lan kr\u00e4vs<\/th>\n<th align=\"center\">Mobilt st\u00f6d<\/th>\n<th align=\"center\">Moderering<\/th>\n<th>Anteckningar<\/th>\n<\/tr>\n<\/thead>\n<tbody>\n<tr>\n<td>StrangerCam<\/td>\n<td align=\"center\">\u2705<\/td>\n<td align=\"center\">\u2705 (gratis)<\/td>\n<td align=\"center\">\u274c<\/td>\n<td align=\"center\">\u2705<\/td>\n<td align=\"center\">\u2705<\/td>\n<td>B\u00e4sta allround gratis videochatt med fr\u00e4mlingar<\/td>\n<\/tr>\n<tr>\n<td>Chatroulette<\/td>\n<td align=\"center\">\u2705<\/td>\n<td align=\"center\">\u274c (Betald)<\/td>\n<td align=\"center\">\u274c<\/td>\n<td align=\"center\">\u2705<\/td>\n<td align=\"center\">\u2705<\/td>\n<td>Klassisk, men k\u00f6nsfilter l\u00e5st<\/td>\n<\/tr>\n<tr>\n<td>Chatrandom<\/td>\n<td align=\"center\">\u2705<\/td>\n<td align=\"center\">\u274c (Betald)<\/td>\n<td align=\"center\">\u274c<\/td>\n<td align=\"center\">\u2705<\/td>\n<td align=\"center\">\u2705<\/td>\n<td>Popul\u00e4r, men uppgraderingar beh\u00f6vs f\u00f6r filter<\/td>\n<\/tr>\n<tr>\n<td><a href=\"https:\/\/strangercam.com\/sv\/ometv\/\">OmeTV<\/a><\/td>\n<td align=\"center\">\u2705<\/td>\n<td align=\"center\">\u274c<\/td>\n<td align=\"center\">\u274c<\/td>\n<td align=\"center\">\u2705<\/td>\n<td align=\"center\">\u2705<\/td>\n<td>Endast slumpm\u00e4ssig matchning, mobilapp tillg\u00e4nglig<\/td>\n<\/tr>\n<tr>\n<td>Shagle<\/td>\n<td align=\"center\">\u2705<\/td>\n<td align=\"center\">\u274c (Betald)<\/td>\n<td align=\"center\">\u274c<\/td>\n<td align=\"center\">\u2705<\/td>\n<td align=\"center\">\u2705<\/td>\n<td>Lyfter fram premiumfunktioner i stor utstr\u00e4ckning<\/td>\n<\/tr>\n<tr>\n<td><a href=\"https:\/\/strangercam.com\/sv\/coomeet\/\">CooMeet<\/a><\/td>\n<td align=\"center\">\u274c (provperiod)<\/td>\n<td align=\"center\">\u2705<\/td>\n<td align=\"center\">\u2705<\/td>\n<td align=\"center\">\u2705<\/td>\n<td align=\"center\">\u2705<\/td>\n<td>Mestadels betalt efter gratis provperiod<\/td>\n<\/tr>\n<tr>\n<td>LuckyCrush<\/td>\n<td align=\"center\">\u274c<\/td>\n<td align=\"center\">\u2705<\/td>\n<td align=\"center\">\u2705<\/td>\n<td align=\"center\">\u2705<\/td>\n<td align=\"center\">\u2705<\/td>\n<td>Alltid betald, k\u00f6nsbaserad chatt<\/td>\n<\/tr>\n<\/tbody>\n<\/table>\n<p>Bland dessa \u00e4r StrangerCam en av de enda plattformarna som erbjuder en \u00e4kta gratis videochatt med fr\u00e4mlingar-upplevelse, komplett med ett fungerande k\u00f6nsfilter och inga registreringar.<\/p>\n<h2>Varf\u00f6r StrangerCam \u00e4r ett f\u00f6rstklassigt val<\/h2>\n<p>H\u00e4r \u00e4r varf\u00f6r StrangerCam anses vara en av de b\u00e4sta platserna f\u00f6r videochatt med fr\u00e4mlingar 2025:<\/p>\n<h3>1. 100% Fri och obegr\u00e4nsad<\/h3>\n<p>Till skillnad fr\u00e5n m\u00e5nga konkurrenter l\u00e5ser StrangerCam inte funktioner bakom betalv\u00e4ggar.<\/p>\n<h3>2. Fritt k\u00f6nsfilter<\/h3>\n<p>Tr\u00e4ffa precis vem du vill - killar, tjejer eller b\u00e5de och - utan extra avgifter.<\/p>\n<h3>3. Ingen registrering eller personlig information<\/h3>\n<p>H\u00e5ll dig anonym. Ingen registrering, ingen datainsamling.<\/p>\n<h3>4. Den globala gemenskapen<\/h3>\n<p>Fr\u00e4mlingar fr\u00e5n \u00f6ver 100 l\u00e4nder \u00e4r online 24\/7.<\/p>\n<h3>5. S\u00e4kert och modererat<\/h3>\n<p>Med starka rapporteringsverktyg och aktiv moderering \u00e4r milj\u00f6n s\u00e4krare och v\u00e4nligare.<\/p>\n<h3>6. Mobil- och skrivbordsanpassad<\/h3>\n<p>Anv\u00e4nd den p\u00e5 alla enheter, n\u00e4r som helst och var som helst.<\/p>\n<h2>Verkliga vittnesm\u00e5l fr\u00e5n anv\u00e4ndare<\/h2>\n<blockquote><p><em>\"Jag ville ha en plattform f\u00f6r att videochatta med fr\u00e4mlingar efter att Omegle st\u00e4ngdes av, och StrangerCam blev min favorit. Det \u00e4r gratis, snabbt och fullt av riktiga m\u00e4nniskor.\"<\/em><br \/>\n- Adam, 27 \u00e5r<\/p><\/blockquote>\n<blockquote><p><em>\"Till skillnad fr\u00e5n andra webbplatser fungerar k\u00f6nsfiltret faktiskt gratis. Jag har haft fantastiska chattar med m\u00e4nniskor fr\u00e5n hela v\u00e4rlden.\"<\/em><br \/>\n- Sophia, 22 \u00e5r<\/p><\/blockquote>\n<blockquote><p><em>\"Ingen nedladdning av app, ingen registrering, bara omedelbara anslutningar. Exakt vad jag letade efter.\"<\/em><br \/>\n- Liam, 30 \u00e5r<\/p><\/blockquote>\n<blockquote><p><em>\"Modereringen g\u00f6r att jag k\u00e4nner mig trygg. Om n\u00e5gon \u00e4r of\u00f6rsk\u00e4md kan jag bara hoppa \u00f6ver eller rapportera dem direkt.\"<\/em><br \/>\n- Isabella, 24 \u00e5r<\/p><\/blockquote>\n<h2>S\u00e4kerhetstips f\u00f6r videochatt med fr\u00e4mlingar<\/h2>\n<p>\u00c4ven om slumpm\u00e4ssiga videochattar \u00e4r kul \u00e4r det viktigt att skydda sig sj\u00e4lv:<\/p>\n<ul>\n<li>L\u00e4mna inte ut personuppgifter (riktigt namn, telefon, adress).<\/li>\n<li>Undvik att klicka p\u00e5 l\u00e4nkar som skickas av ok\u00e4nda personer.<\/li>\n<li>Anv\u00e4nd \"N\u00e4sta\" fritt om du k\u00e4nner dig obekv\u00e4m.<\/li>\n<li>Kontrollera din bakgrund f\u00f6r att undvika att visa privat information.<\/li>\n<li>H\u00e5ll dig till plattformsverktygen (blockera\/rapportera vid behov).<\/li>\n<li>Om du \u00e4r under 18 \u00e5r ska du inte anv\u00e4nda chattplattformar f\u00f6r vuxna.<\/li>\n<\/ul>\n<h2>S\u00e5 h\u00e4r kommer du ig\u00e5ng - steg f\u00f6r steg<\/h2>\n<p>Det tar mindre \u00e4n en minut att starta en videochatt med fr\u00e4mlingar:<\/p>\n<ol>\n<li>\u00d6ppna StrangerCam p\u00e5 din enhet.<\/li>\n<li>Till\u00e5t \u00e5tkomst till kamera och mikrofon.<\/li>\n<li>V\u00e4lj dina preferenser (t.ex. k\u00f6nsfilter).<\/li>\n<li>Klicka p\u00e5 Starta chatt f\u00f6r att ansluta direkt.<\/li>\n<li>Tr\u00e4ffa fr\u00e4mlingar ansikte mot ansikte och klicka p\u00e5 N\u00e4sta n\u00e4r som helst.<\/li>\n<\/ol>\n<p>Det \u00e4r allt - snabbt, enkelt och gratis.<\/p>\n<h2>Slutliga tankar - Prova gratis videochatt med fr\u00e4mlingar nu<\/h2>\n<p>\u00c5r 2025 \u00e4r videochatt med fr\u00e4mlingar fortfarande ett av de mest sp\u00e4nnande s\u00e4tten att tr\u00e4ffa nya m\u00e4nniskor online. Det \u00e4r spontant, autentiskt och kopplar dig direkt till riktiga m\u00e4nniskor \u00f6ver hela v\u00e4rlden. Men det \u00e4r inte alla plattformar som h\u00e5ller vad de lovar - vissa begr\u00e4nsar funktioner eller inf\u00f6r betalv\u00e4ggar.<\/p>\n<p>Det \u00e4r d\u00e4rf\u00f6r StrangerCam sticker ut: det \u00e4r gratis, s\u00e4kert, anonymt och globalt. Oavsett om du vill f\u00e5 v\u00e4nner, tr\u00e4ffa tjejer eller bara njuta av slumpm\u00e4ssiga konversationer, \u00e4r det ett av de b\u00e4sta alternativen som finns tillg\u00e4ngliga idag.<\/p>\n<p>Redo att ansluta? Starta en gratis videochatt med fr\u00e4mlingar nu och se vem du tr\u00e4ffar h\u00e4rn\u00e4st.<\/p>","protected":false},"excerpt":{"rendered":"<p>Are you searching for the best way to video chat with strangers? You\u2019re not alone. Since the rise of Omegle, Chatroulette, and similar platforms, millions of people worldwide have discovered the thrill of instant video chat with random people across the globe. In 2025, the trend is bigger than ever\u2014with new platforms offering safer, smoother, [&hellip;]<\/p>\n","protected":false},"author":8,"featured_media":0,"parent":0,"menu_order":0,"comment_status":"closed","ping_status":"closed","template":"","meta":{"footnotes":""},"class_list":["post-3516","page","type-page","status-publish","hentry"],"yoast_head":"<!-- This site is optimized with the Yoast SEO plugin v27.4 - https:\/\/yoast.com\/product\/yoast-seo-wordpress\/ -->\n<title>Video Chat With Strangers with Random Chat on Strangercam.com<\/title>\n<meta name=\"description\" content=\"Liking Video Chat With Strangers? Join millions on StrangerCam.com! Start a random video chat, turn on your cam, and meet strangers instantly.\" \/>\n<meta name=\"robots\" content=\"index, follow, max-snippet:-1, max-image-preview:large, max-video-preview:-1\" \/>\n<link rel=\"canonical\" href=\"https:\/\/strangercam.com\/sv\/videochatt-med-framlingar\/\" \/>\n<meta property=\"og:locale\" content=\"sv_SE\" \/>\n<meta property=\"og:type\" content=\"article\" \/>\n<meta property=\"og:title\" content=\"Video Chat With Strangers with Random Chat on Strangercam.com\" \/>\n<meta property=\"og:description\" content=\"Liking Video Chat With Strangers? Join millions on StrangerCam.com! Start a random video chat, turn on your cam, and meet strangers instantly.\" \/>\n<meta property=\"og:url\" content=\"https:\/\/strangercam.com\/sv\/videochatt-med-framlingar\/\" \/>\n<meta property=\"og:site_name\" content=\"Strangercam\" \/>\n<meta property=\"article:publisher\" content=\"https:\/\/www.facebook.com\/strangercam\" \/>\n<meta property=\"article:modified_time\" content=\"2025-08-18T12:14:10+00:00\" \/>\n<meta property=\"og:image\" content=\"https:\/\/strangercam.com\/wp-content\/uploads\/2021\/10\/Untitled-2.png\" \/>\n\t<meta property=\"og:image:width\" content=\"800\" \/>\n\t<meta property=\"og:image:height\" content=\"532\" \/>\n\t<meta property=\"og:image:type\" content=\"image\/png\" \/>\n<meta name=\"twitter:card\" content=\"summary_large_image\" \/>\n<meta name=\"twitter:site\" content=\"@strangercamapp\" \/>\n<meta name=\"twitter:label1\" content=\"Ber\u00e4knad l\u00e4stid\" \/>\n\t<meta name=\"twitter:data1\" content=\"5 minuter\" \/>\n<script type=\"application\/ld+json\" class=\"yoast-schema-graph\">{\"@context\":\"https:\\\/\\\/schema.org\",\"@graph\":[{\"@type\":\"WebPage\",\"@id\":\"https:\\\/\\\/strangercam.com\\\/video-chat-with-strangers\\\/\",\"url\":\"https:\\\/\\\/strangercam.com\\\/video-chat-with-strangers\\\/\",\"name\":\"Video Chat With Strangers with Random Chat on Strangercam.com\",\"isPartOf\":{\"@id\":\"https:\\\/\\\/strangercam.com\\\/#website\"},\"datePublished\":\"2025-08-18T11:21:58+00:00\",\"dateModified\":\"2025-08-18T12:14:10+00:00\",\"description\":\"Liking Video Chat With Strangers? Join millions on StrangerCam.com! Start a random video chat, turn on your cam, and meet strangers instantly.\",\"breadcrumb\":{\"@id\":\"https:\\\/\\\/strangercam.com\\\/video-chat-with-strangers\\\/#breadcrumb\"},\"inLanguage\":\"sv-SE\",\"potentialAction\":[{\"@type\":\"ReadAction\",\"target\":[\"https:\\\/\\\/strangercam.com\\\/video-chat-with-strangers\\\/\"]}]},{\"@type\":\"BreadcrumbList\",\"@id\":\"https:\\\/\\\/strangercam.com\\\/video-chat-with-strangers\\\/#breadcrumb\",\"itemListElement\":[{\"@type\":\"ListItem\",\"position\":1,\"name\":\"Home\",\"item\":\"https:\\\/\\\/strangercam.com\\\/\"},{\"@type\":\"ListItem\",\"position\":2,\"name\":\"Video Chat With Strangers\"}]},{\"@type\":\"WebSite\",\"@id\":\"https:\\\/\\\/strangercam.com\\\/#website\",\"url\":\"https:\\\/\\\/strangercam.com\\\/\",\"name\":\"Strangercam\",\"description\":\"Random Video Chat with Strangers\",\"publisher\":{\"@id\":\"https:\\\/\\\/strangercam.com\\\/#organization\"},\"alternateName\":\"Strangercam.com\",\"potentialAction\":[{\"@type\":\"SearchAction\",\"target\":{\"@type\":\"EntryPoint\",\"urlTemplate\":\"https:\\\/\\\/strangercam.com\\\/?s={search_term_string}\"},\"query-input\":{\"@type\":\"PropertyValueSpecification\",\"valueRequired\":true,\"valueName\":\"search_term_string\"}}],\"inLanguage\":\"sv-SE\"},{\"@type\":\"Organization\",\"@id\":\"https:\\\/\\\/strangercam.com\\\/#organization\",\"name\":\"Strangercam\",\"alternateName\":\"Strangercam.com\",\"url\":\"https:\\\/\\\/strangercam.com\\\/\",\"logo\":{\"@type\":\"ImageObject\",\"inLanguage\":\"sv-SE\",\"@id\":\"https:\\\/\\\/strangercam.com\\\/#\\\/schema\\\/logo\\\/image\\\/\",\"url\":\"https:\\\/\\\/strangercam.com\\\/wp-content\\\/uploads\\\/2020\\\/11\\\/cropped-new-favicon-black.png\",\"contentUrl\":\"https:\\\/\\\/strangercam.com\\\/wp-content\\\/uploads\\\/2020\\\/11\\\/cropped-new-favicon-black.png\",\"width\":512,\"height\":512,\"caption\":\"Strangercam\"},\"image\":{\"@id\":\"https:\\\/\\\/strangercam.com\\\/#\\\/schema\\\/logo\\\/image\\\/\"},\"sameAs\":[\"https:\\\/\\\/www.facebook.com\\\/strangercam\",\"https:\\\/\\\/x.com\\\/strangercamapp\"]}]}<\/script>\n<!-- \/ Yoast SEO plugin. -->","yoast_head_json":{"title":"Videochatt med fr\u00e4mlingar med slumpm\u00e4ssig chatt p\u00e5 Strangercam.com","description":"Gillar du videochatt med fr\u00e4mlingar? Join miljoner p\u00e5 StrangerCam.com! Starta en slumpm\u00e4ssig videochatt, sl\u00e5 p\u00e5 din cam och tr\u00e4ffa fr\u00e4mlingar direkt.","robots":{"index":"index","follow":"follow","max-snippet":"max-snippet:-1","max-image-preview":"max-image-preview:large","max-video-preview":"max-video-preview:-1"},"canonical":"https:\/\/strangercam.com\/sv\/videochatt-med-framlingar\/","og_locale":"sv_SE","og_type":"article","og_title":"Video Chat With Strangers with Random Chat on Strangercam.com","og_description":"Liking Video Chat With Strangers? Join millions on StrangerCam.com! Start a random video chat, turn on your cam, and meet strangers instantly.","og_url":"https:\/\/strangercam.com\/sv\/videochatt-med-framlingar\/","og_site_name":"Strangercam","article_publisher":"https:\/\/www.facebook.com\/strangercam","article_modified_time":"2025-08-18T12:14:10+00:00","og_image":[{"width":800,"height":532,"url":"https:\/\/strangercam.com\/wp-content\/uploads\/2021\/10\/Untitled-2.png","type":"image\/png"}],"twitter_card":"summary_large_image","twitter_site":"@strangercamapp","twitter_misc":{"Ber\u00e4knad l\u00e4stid":"5 minuter"},"schema":{"@context":"https:\/\/schema.org","@graph":[{"@type":"WebPage","@id":"https:\/\/strangercam.com\/video-chat-with-strangers\/","url":"https:\/\/strangercam.com\/video-chat-with-strangers\/","name":"Videochatt med fr\u00e4mlingar med slumpm\u00e4ssig chatt p\u00e5 Strangercam.com","isPartOf":{"@id":"https:\/\/strangercam.com\/#website"},"datePublished":"2025-08-18T11:21:58+00:00","dateModified":"2025-08-18T12:14:10+00:00","description":"Gillar du videochatt med fr\u00e4mlingar? Join miljoner p\u00e5 StrangerCam.com! Starta en slumpm\u00e4ssig videochatt, sl\u00e5 p\u00e5 din cam och tr\u00e4ffa fr\u00e4mlingar direkt.","breadcrumb":{"@id":"https:\/\/strangercam.com\/video-chat-with-strangers\/#breadcrumb"},"inLanguage":"sv-SE","potentialAction":[{"@type":"ReadAction","target":["https:\/\/strangercam.com\/video-chat-with-strangers\/"]}]},{"@type":"BreadcrumbList","@id":"https:\/\/strangercam.com\/video-chat-with-strangers\/#breadcrumb","itemListElement":[{"@type":"ListItem","position":1,"name":"Home","item":"https:\/\/strangercam.com\/"},{"@type":"ListItem","position":2,"name":"Video Chat With Strangers"}]},{"@type":"WebSite","@id":"https:\/\/strangercam.com\/#website","url":"https:\/\/strangercam.com\/","name":"Strangercam","description":"Slumpm\u00e4ssig videochatt med fr\u00e4mlingar","publisher":{"@id":"https:\/\/strangercam.com\/#organization"},"alternateName":"Strangercam.com","potentialAction":[{"@type":"SearchAction","target":{"@type":"EntryPoint","urlTemplate":"https:\/\/strangercam.com\/?s={search_term_string}"},"query-input":{"@type":"PropertyValueSpecification","valueRequired":true,"valueName":"search_term_string"}}],"inLanguage":"sv-SE"},{"@type":"Organization","@id":"https:\/\/strangercam.com\/#organization","name":"Strangercam","alternateName":"Strangercam.com","url":"https:\/\/strangercam.com\/","logo":{"@type":"ImageObject","inLanguage":"sv-SE","@id":"https:\/\/strangercam.com\/#\/schema\/logo\/image\/","url":"https:\/\/strangercam.com\/wp-content\/uploads\/2020\/11\/cropped-new-favicon-black.png","contentUrl":"https:\/\/strangercam.com\/wp-content\/uploads\/2020\/11\/cropped-new-favicon-black.png","width":512,"height":512,"caption":"Strangercam"},"image":{"@id":"https:\/\/strangercam.com\/#\/schema\/logo\/image\/"},"sameAs":["https:\/\/www.facebook.com\/strangercam","https:\/\/x.com\/strangercamapp"]}]}},"_links":{"self":[{"href":"https:\/\/strangercam.com\/sv\/wp-json\/wp\/v2\/pages\/3516","targetHints":{"allow":["GET"]}}],"collection":[{"href":"https:\/\/strangercam.com\/sv\/wp-json\/wp\/v2\/pages"}],"about":[{"href":"https:\/\/strangercam.com\/sv\/wp-json\/wp\/v2\/types\/page"}],"author":[{"embeddable":true,"href":"https:\/\/strangercam.com\/sv\/wp-json\/wp\/v2\/users\/8"}],"replies":[{"embeddable":true,"href":"https:\/\/strangercam.com\/sv\/wp-json\/wp\/v2\/comments?post=3516"}],"version-history":[{"count":2,"href":"https:\/\/strangercam.com\/sv\/wp-json\/wp\/v2\/pages\/3516\/revisions"}],"predecessor-version":[{"id":12969,"href":"https:\/\/strangercam.com\/sv\/wp-json\/wp\/v2\/pages\/3516\/revisions\/12969"}],"wp:attachment":[{"href":"https:\/\/strangercam.com\/sv\/wp-json\/wp\/v2\/media?parent=3516"}],"curies":[{"name":"wp","href":"https:\/\/api.w.org\/{rel}","templated":true}]}}