{"id":3197,"date":"2021-05-09T21:20:36","date_gmt":"2021-05-09T19:20:36","guid":{"rendered":"https:\/\/strangercam.com\/?page_id=3197"},"modified":"2023-08-21T12:24:41","modified_gmt":"2023-08-21T10:24:41","slug":"chatous","status":"publish","type":"page","link":"https:\/\/strangercam.com\/sv\/chatous\/","title":{"rendered":"Chatous"},"content":{"rendered":"<p>En dejtingsajt \u00e4r en l\u00e4mplig plats f\u00f6r dig som vill <a href=\"https:\/\/strangercam.com\/sv\/coomeet\/\">tr\u00e4ffas<\/a> deras dr\u00f6mpersoner n\u00e4r det g\u00e4ller l\u00e5ngdistansf\u00f6rh\u00e5llanden. Samtidigt \u00e4r inte alla dejtingsajter desamma som kr\u00e4ver mer uppm\u00e4rksamhet. Att v\u00e4lja r\u00e4tt dejtingsajt g\u00f6r det m\u00f6jligt f\u00f6r anv\u00e4ndare att f\u00e5 nya v\u00e4nner och kamrater fr\u00e5n flera olika livsomr\u00e5den.<\/p>\n<p>Det finns en naturlig drift i m\u00e4nniskans natur att prata med fr\u00e4mlingar och dela erfarenheter med varandra. Man kan inte d\u00f6lja det under en l\u00e4ngre period. S\u00e5 sm\u00e5ningom m\u00e5ste man g\u00e5 i den riktningen. I den h\u00e4r digitaliserade v\u00e4rlden \u00e4r det mer tillg\u00e4ngligt \u00e4n n\u00e5gonsin tidigare. Chatous har ett kraftfullt system kombinerat med AI f\u00f6r att hj\u00e4lpa dig att uppfylla dina dr\u00f6mmar om att prata med fr\u00e4mlingar.<\/p>\n<p>Chatous dejtingsajt erbjuder utm\u00e4rkta funktioner f\u00f6r pojkar,\u00a0<a href=\"https:\/\/strangercam.com\/sv\/videochatt-med-tjejer\/\">flickor<\/a>, m\u00e4n och kvinnor f\u00f6r att snabbt identifiera personer som s\u00f6ker v\u00e4nskap, n\u00f6je eller k\u00e4rlek. Webbplatsen ger s\u00e4tt att interagera med andra f\u00f6r att k\u00e4nna till deras intressen och andra detaljer.<\/p>\n<h2>Integritet och kontroll<\/h2>\n<p>Den st\u00f6rsta oron f\u00f6r anv\u00e4ndare som vill anv\u00e4nda onlinechattplattform f\u00f6r onlinechatt \u00e4r integritet och s\u00e4kerhet. De oroar sig f\u00f6r att bli utsatta. Ingen vill hoppa in i n\u00e5gonting utan att veta att de \u00e4r s\u00e4kra h\u00e4r.<\/p>\n<p>Chatous-dejtingsajter f\u00f6resl\u00e5r permanenta l\u00f6sningar p\u00e5 anv\u00e4ndarnas oro. De har ett starkt integritets- och kontrollsystem. Du kan v\u00e4lja vem du vill prata med och vem du vill ignorera. Om en person \u00e4r sexuellt explicit och du inte gillar deras drag kan du direkt rapportera den h\u00e4r personen till tj\u00e4nstem\u00e4n. De kommer d\u00e5 att vidta n\u00f6dv\u00e4ndiga \u00e5tg\u00e4rder mot personen.<\/p>\n<p>Chatous \u00e4r inte s\u00e4rskilt strikt n\u00e4r det g\u00e4ller att samla in bes\u00f6karnas information. Det n\u00e4mns tydligt i deras sekretesspolicy att \"genom att anv\u00e4nda Chatous samtycker du uttryckligen till de informationshanteringsmetoder som beskrivs i denna sekretesspolicy.\" Det finns vissa kryph\u00e5l i sekretess- och datadelningspolicyn f\u00f6r Chatous. Det framg\u00e5r tydligt av webbplatsen att \"Det finns dock vissa omst\u00e4ndigheter under vilka vi kan dela dina uppgifter med vissa tredje parter utan ytterligare meddelande till dig.\"<\/p>\n<h2>Inloggning och anv\u00e4ndning<\/h2>\n<p>Chatous erbjuder en enkel inloggningsprocess. Du m\u00e5ste f\u00f6rst skapa ett konto. Du m\u00e5ste logga in p\u00e5 ditt konto f\u00f6r att b\u00f6rja chatta. Du m\u00e5ste v\u00e4lja ett anv\u00e4ndarnamn och sedan ett l\u00f6senord f\u00f6r att s\u00e4kerst\u00e4lla s\u00e4kerheten f\u00f6r ditt konto.<\/p>\n<p>Du kan direkt anv\u00e4nda funktioner efter inloggning. Webbplatsen kommer att ge dig alternativ f\u00f6r k\u00f6n att v\u00e4lja mellan. Du kan antingen v\u00e4lja manligt eller kvinnligt k\u00f6n efter din smak. Du m\u00e5ste n\u00e4mna din \u00e5lder. \u00c5lder fr\u00e5gas s\u00e5 att anv\u00e4ndaren som sitter i andra \u00e4nden kan se din \u00e5lder och best\u00e4mma d\u00e4refter.<\/p>\n<h2>F\u00e5 nya v\u00e4nner<\/h2>\n<p>Att f\u00e5 nya v\u00e4nner \u00e4r alltid roligt. Du kan prata med fr\u00e4mlingar som anv\u00e4nder webbplatsen \u00f6ver hela v\u00e4rlden. Om du \u00e4r intresserad av att veta vad som h\u00e4nder i andra l\u00e4nder och vilka kulturer andra m\u00e4nniskor \u00e4lskar och tycker om, b\u00f6r du anv\u00e4nda webbplatsen f\u00f6r att prata med m\u00e4nniskor.<\/p>\n<p>Webbplatsen leder dig till den l\u00e4mpligaste personen med hj\u00e4lp av den information som du har l\u00e4mnat. Du kan sedan prata med dem eller g\u00e5 vidare till n\u00e4sta om du inte gillar den f\u00f6rsta.<\/p>\n<h2>Grupp eller slumpm\u00e4ssigt<\/h2>\n<p>Du kan ocks\u00e5 v\u00e4lja att <a href=\"https:\/\/strangercam.com\/sv\/chatroulette\/\">chatt<\/a> i grupper eller l\u00e5t webbplatsens AI-system v\u00e4lja en person \u00e5t dig slumpm\u00e4ssigt. B\u00e5da \u00e4r roliga funktioner och \u00f6kar chanserna f\u00f6r potentiella matchningar.<\/p>\n<p>Om du \u00e4r extrovert och gillar att umg\u00e5s med m\u00e4nniskor \u00e4r gruppchatt n\u00e5got f\u00f6r dig. Slumpm\u00e4ssigt urval handlar mer om skoj och \u00f6verraskning.<br \/>\nVilka \u00e4r funktionerna p\u00e5 Chatous-dejtingsajten?<\/p>\n<p>Dejtingsajten inneh\u00e5ller unika funktioner f\u00f6r anv\u00e4ndarna och visar d\u00e4rmed s\u00e4tt att identifiera likasinnade personer som delar vardagliga saker. Ett matchmaking-system ger metoder f\u00f6r att chatta med slumpm\u00e4ssiga personer eller nya bekanta. Dessutom till\u00e5ter webbplatsen medlemmar att skicka h\u00f6gkvalitativa bilder till en chattkamrat med hj\u00e4lp av en webbkamera. En annan sak med webbplatsen \u00e4r att den banar v\u00e4g f\u00f6r att filtrera profilerna baserat p\u00e5 deras plats, \u00e5lder, k\u00f6n och andra saker v\u00e4sentligt. Anv\u00e4ndare kan till och med v\u00e4lja en hashtag f\u00f6r att diskutera ett \u00e4mne med andra som hj\u00e4lper till att v\u00e4xa relationer.<\/p>\n<h2>Ytterligare faciliteter tillg\u00e4ngliga p\u00e5 Chatous-dejtingsajten<\/h2>\n<p>Nya medlemmar kan anv\u00e4nda en\u00a0<a href=\"https:\/\/strangercam.com\/sv\/chathub\/\">slumpm\u00e4ssig videochatt<\/a> med mikrofon och kamera. Webbplatsen g\u00f6r det ocks\u00e5 m\u00f6jligt f\u00f6r anv\u00e4ndare att skicka textmeddelanden till andra efter att ha kortlistat dem ordentligt. Textchattfunktionen g\u00f6r genomf\u00f6rbara metoder f\u00f6r att skicka korta videor, bilder och r\u00f6stmeddelanden till andra. Den levereras med ett innovativt, anv\u00e4ndarv\u00e4nligt gr\u00e4nssnitt som g\u00f6r det m\u00f6jligt f\u00f6r anv\u00e4ndare att enkelt navigera p\u00e5 samma s\u00e4tt p\u00e5 station\u00e4ra datorer och andra enheter. Dessutom kommer medlemmarna att f\u00e5 meddelanden i realtid efter att ha skapat ett konto i enkla steg. Webbplatsen erbjuder anv\u00e4ndarna en skyddad identitet och anonymitet f\u00f6r att minimera o\u00f6nskade problem.<\/p>\n<h2>Vilka \u00e4r nackdelarna med Chatous-dejtingsajten?<\/h2>\n<p>\u00c4ven om Chatous-dejtingsajter erbjuder anv\u00e4ndarna flera f\u00f6rdelar, b\u00f6r de ocks\u00e5 k\u00e4nna till nackdelarna i detalj. Den har flera kvinnliga bots p\u00e5 appen som tar anv\u00e4ndare till n\u00e5gra <a href=\"https:\/\/strangercam.com\/sv\/rabbit-video-chat\/\">videochatt<\/a> plattformar eller webbplatser. Dessutom b\u00f6r anv\u00e4ndarna l\u00e4gga st\u00f6rre vikt vid s\u00e4kerheten n\u00e4r de anv\u00e4nder webbplatsen p\u00e5 station\u00e4ra datorer och mobila enheter. Nya medlemmar b\u00f6r l\u00e4sa recensioner innan de skapar ett konto. Hashtag-funktionen har n\u00e5gra brister, och anv\u00e4ndarna m\u00e5ste vara medvetna om dem n\u00e4r de vill chatta med andra. Man kan v\u00e4lja webbplatsen f\u00f6r att debattera fler \u00e4mnen med kompatibla m\u00e4nniskor som kommer att bygga obligationer och relationer.<\/p>","protected":false},"excerpt":{"rendered":"<p>A dating website is a suitable place for those who want to meet their dream persons when it comes to long-distance relationships. At the same time, not all dating websites are the same that require more attention. Choosing the right dating website allows users to make new friends and companions from several streams of life. [&hellip;]<\/p>\n","protected":false},"author":6,"featured_media":559,"parent":0,"menu_order":0,"comment_status":"closed","ping_status":"closed","template":"","meta":{"footnotes":""},"class_list":["post-3197","page","type-page","status-publish","has-post-thumbnail","hentry"],"yoast_head":"<!-- This site is optimized with the Yoast SEO plugin v26.9 - https:\/\/yoast.com\/product\/yoast-seo-wordpress\/ -->\n<title>Chatous - Most Popular Video Chats - Cam on StrangerCam.com<\/title>\n<meta name=\"description\" content=\"Like Chatous? Come chat with more than 5.000.000 strangers on Stranger Cam for Free! Turn on your cam and find new friends &amp; maby a match!\" \/>\n<meta name=\"robots\" content=\"index, follow, max-snippet:-1, max-image-preview:large, max-video-preview:-1\" \/>\n<link rel=\"canonical\" href=\"https:\/\/strangercam.com\/sv\/chatous\/\" \/>\n<meta property=\"og:locale\" content=\"sv_SE\" \/>\n<meta property=\"og:type\" content=\"article\" \/>\n<meta property=\"og:title\" content=\"Chatous - Most Popular Video Chats - Cam on StrangerCam.com\" \/>\n<meta property=\"og:description\" content=\"Like Chatous? Come chat with more than 5.000.000 strangers on Stranger Cam for Free! Turn on your cam and find new friends &amp; maby a match!\" \/>\n<meta property=\"og:url\" content=\"https:\/\/strangercam.com\/sv\/chatous\/\" \/>\n<meta property=\"og:site_name\" content=\"Strangercam\" \/>\n<meta property=\"article:publisher\" content=\"https:\/\/www.facebook.com\/strangercam\" \/>\n<meta property=\"article:modified_time\" content=\"2023-08-21T10:24:41+00:00\" \/>\n<meta property=\"og:image\" content=\"https:\/\/strangercam.com\/wp-content\/uploads\/2020\/11\/stranger-cam-1.png\" \/>\n\t<meta property=\"og:image:width\" content=\"800\" \/>\n\t<meta property=\"og:image:height\" content=\"800\" \/>\n\t<meta property=\"og:image:type\" content=\"image\/png\" \/>\n<meta name=\"twitter:card\" content=\"summary_large_image\" \/>\n<meta name=\"twitter:site\" content=\"@strangercamapp\" \/>\n<meta name=\"twitter:label1\" content=\"Ber\u00e4knad l\u00e4stid\" \/>\n\t<meta name=\"twitter:data1\" content=\"4 minuter\" \/>\n<script type=\"application\/ld+json\" class=\"yoast-schema-graph\">{\"@context\":\"https:\/\/schema.org\",\"@graph\":[{\"@type\":\"WebPage\",\"@id\":\"https:\/\/strangercam.com\/chatous\/\",\"url\":\"https:\/\/strangercam.com\/chatous\/\",\"name\":\"Chatous - Most Popular Video Chats - Cam on StrangerCam.com\",\"isPartOf\":{\"@id\":\"https:\/\/strangercam.com\/#website\"},\"primaryImageOfPage\":{\"@id\":\"https:\/\/strangercam.com\/chatous\/#primaryimage\"},\"image\":{\"@id\":\"https:\/\/strangercam.com\/chatous\/#primaryimage\"},\"thumbnailUrl\":\"https:\/\/strangercam.com\/wp-content\/uploads\/2020\/11\/stranger-cam-1.png\",\"datePublished\":\"2021-05-09T19:20:36+00:00\",\"dateModified\":\"2023-08-21T10:24:41+00:00\",\"description\":\"Like Chatous? Come chat with more than 5.000.000 strangers on Stranger Cam for Free! Turn on your cam and find new friends & maby a match!\",\"breadcrumb\":{\"@id\":\"https:\/\/strangercam.com\/chatous\/#breadcrumb\"},\"inLanguage\":\"sv-SE\",\"potentialAction\":[{\"@type\":\"ReadAction\",\"target\":[\"https:\/\/strangercam.com\/chatous\/\"]}]},{\"@type\":\"ImageObject\",\"inLanguage\":\"sv-SE\",\"@id\":\"https:\/\/strangercam.com\/chatous\/#primaryimage\",\"url\":\"https:\/\/strangercam.com\/wp-content\/uploads\/2020\/11\/stranger-cam-1.png\",\"contentUrl\":\"https:\/\/strangercam.com\/wp-content\/uploads\/2020\/11\/stranger-cam-1.png\",\"width\":800,\"height\":800,\"caption\":\"stranger cam random video chat\"},{\"@type\":\"BreadcrumbList\",\"@id\":\"https:\/\/strangercam.com\/chatous\/#breadcrumb\",\"itemListElement\":[{\"@type\":\"ListItem\",\"position\":1,\"name\":\"Home\",\"item\":\"https:\/\/strangercam.com\/\"},{\"@type\":\"ListItem\",\"position\":2,\"name\":\"Chatous\"}]},{\"@type\":\"WebSite\",\"@id\":\"https:\/\/strangercam.com\/#website\",\"url\":\"https:\/\/strangercam.com\/\",\"name\":\"Strangercam\",\"description\":\"Random Video Chat with Strangers\",\"publisher\":{\"@id\":\"https:\/\/strangercam.com\/#organization\"},\"alternateName\":\"Strangercam.com\",\"potentialAction\":[{\"@type\":\"SearchAction\",\"target\":{\"@type\":\"EntryPoint\",\"urlTemplate\":\"https:\/\/strangercam.com\/?s={search_term_string}\"},\"query-input\":{\"@type\":\"PropertyValueSpecification\",\"valueRequired\":true,\"valueName\":\"search_term_string\"}}],\"inLanguage\":\"sv-SE\"},{\"@type\":\"Organization\",\"@id\":\"https:\/\/strangercam.com\/#organization\",\"name\":\"Strangercam\",\"alternateName\":\"Strangercam.com\",\"url\":\"https:\/\/strangercam.com\/\",\"logo\":{\"@type\":\"ImageObject\",\"inLanguage\":\"sv-SE\",\"@id\":\"https:\/\/strangercam.com\/#\/schema\/logo\/image\/\",\"url\":\"https:\/\/strangercam.com\/wp-content\/uploads\/2020\/11\/cropped-new-favicon-black.png\",\"contentUrl\":\"https:\/\/strangercam.com\/wp-content\/uploads\/2020\/11\/cropped-new-favicon-black.png\",\"width\":512,\"height\":512,\"caption\":\"Strangercam\"},\"image\":{\"@id\":\"https:\/\/strangercam.com\/#\/schema\/logo\/image\/\"},\"sameAs\":[\"https:\/\/www.facebook.com\/strangercam\",\"https:\/\/x.com\/strangercamapp\"]}]}<\/script>\n<!-- \/ Yoast SEO plugin. -->","yoast_head_json":{"title":"Chatous - Mest popul\u00e4ra videochattar - Cam p\u00e5 StrangerCam.com","description":"Gillar du Chatous? Kom och chatta med mer \u00e4n 5.000.000 fr\u00e4mlingar p\u00e5 Stranger Cam helt gratis! Sl\u00e5 p\u00e5 din kamera och hitta nya v\u00e4nner och kanske en match!","robots":{"index":"index","follow":"follow","max-snippet":"max-snippet:-1","max-image-preview":"max-image-preview:large","max-video-preview":"max-video-preview:-1"},"canonical":"https:\/\/strangercam.com\/sv\/chatous\/","og_locale":"sv_SE","og_type":"article","og_title":"Chatous - Most Popular Video Chats - Cam on StrangerCam.com","og_description":"Like Chatous? Come chat with more than 5.000.000 strangers on Stranger Cam for Free! Turn on your cam and find new friends & maby a match!","og_url":"https:\/\/strangercam.com\/sv\/chatous\/","og_site_name":"Strangercam","article_publisher":"https:\/\/www.facebook.com\/strangercam","article_modified_time":"2023-08-21T10:24:41+00:00","og_image":[{"width":800,"height":800,"url":"https:\/\/strangercam.com\/wp-content\/uploads\/2020\/11\/stranger-cam-1.png","type":"image\/png"}],"twitter_card":"summary_large_image","twitter_site":"@strangercamapp","twitter_misc":{"Ber\u00e4knad l\u00e4stid":"4 minuter"},"schema":{"@context":"https:\/\/schema.org","@graph":[{"@type":"WebPage","@id":"https:\/\/strangercam.com\/chatous\/","url":"https:\/\/strangercam.com\/chatous\/","name":"Chatous - Mest popul\u00e4ra videochattar - Cam p\u00e5 StrangerCam.com","isPartOf":{"@id":"https:\/\/strangercam.com\/#website"},"primaryImageOfPage":{"@id":"https:\/\/strangercam.com\/chatous\/#primaryimage"},"image":{"@id":"https:\/\/strangercam.com\/chatous\/#primaryimage"},"thumbnailUrl":"https:\/\/strangercam.com\/wp-content\/uploads\/2020\/11\/stranger-cam-1.png","datePublished":"2021-05-09T19:20:36+00:00","dateModified":"2023-08-21T10:24:41+00:00","description":"Gillar du Chatous? Kom och chatta med mer \u00e4n 5.000.000 fr\u00e4mlingar p\u00e5 Stranger Cam helt gratis! Sl\u00e5 p\u00e5 din kamera och hitta nya v\u00e4nner och kanske en match!","breadcrumb":{"@id":"https:\/\/strangercam.com\/chatous\/#breadcrumb"},"inLanguage":"sv-SE","potentialAction":[{"@type":"ReadAction","target":["https:\/\/strangercam.com\/chatous\/"]}]},{"@type":"ImageObject","inLanguage":"sv-SE","@id":"https:\/\/strangercam.com\/chatous\/#primaryimage","url":"https:\/\/strangercam.com\/wp-content\/uploads\/2020\/11\/stranger-cam-1.png","contentUrl":"https:\/\/strangercam.com\/wp-content\/uploads\/2020\/11\/stranger-cam-1.png","width":800,"height":800,"caption":"stranger cam random video chat"},{"@type":"BreadcrumbList","@id":"https:\/\/strangercam.com\/chatous\/#breadcrumb","itemListElement":[{"@type":"ListItem","position":1,"name":"Home","item":"https:\/\/strangercam.com\/"},{"@type":"ListItem","position":2,"name":"Chatous"}]},{"@type":"WebSite","@id":"https:\/\/strangercam.com\/#website","url":"https:\/\/strangercam.com\/","name":"Strangercam","description":"Slumpm\u00e4ssig videochatt med fr\u00e4mlingar","publisher":{"@id":"https:\/\/strangercam.com\/#organization"},"alternateName":"Strangercam.com","potentialAction":[{"@type":"SearchAction","target":{"@type":"EntryPoint","urlTemplate":"https:\/\/strangercam.com\/?s={search_term_string}"},"query-input":{"@type":"PropertyValueSpecification","valueRequired":true,"valueName":"search_term_string"}}],"inLanguage":"sv-SE"},{"@type":"Organization","@id":"https:\/\/strangercam.com\/#organization","name":"Strangercam","alternateName":"Strangercam.com","url":"https:\/\/strangercam.com\/","logo":{"@type":"ImageObject","inLanguage":"sv-SE","@id":"https:\/\/strangercam.com\/#\/schema\/logo\/image\/","url":"https:\/\/strangercam.com\/wp-content\/uploads\/2020\/11\/cropped-new-favicon-black.png","contentUrl":"https:\/\/strangercam.com\/wp-content\/uploads\/2020\/11\/cropped-new-favicon-black.png","width":512,"height":512,"caption":"Strangercam"},"image":{"@id":"https:\/\/strangercam.com\/#\/schema\/logo\/image\/"},"sameAs":["https:\/\/www.facebook.com\/strangercam","https:\/\/x.com\/strangercamapp"]}]}},"_links":{"self":[{"href":"https:\/\/strangercam.com\/sv\/wp-json\/wp\/v2\/pages\/3197","targetHints":{"allow":["GET"]}}],"collection":[{"href":"https:\/\/strangercam.com\/sv\/wp-json\/wp\/v2\/pages"}],"about":[{"href":"https:\/\/strangercam.com\/sv\/wp-json\/wp\/v2\/types\/page"}],"author":[{"embeddable":true,"href":"https:\/\/strangercam.com\/sv\/wp-json\/wp\/v2\/users\/6"}],"replies":[{"embeddable":true,"href":"https:\/\/strangercam.com\/sv\/wp-json\/wp\/v2\/comments?post=3197"}],"version-history":[{"count":0,"href":"https:\/\/strangercam.com\/sv\/wp-json\/wp\/v2\/pages\/3197\/revisions"}],"wp:featuredmedia":[{"embeddable":true,"href":"https:\/\/strangercam.com\/sv\/wp-json\/wp\/v2\/media\/559"}],"wp:attachment":[{"href":"https:\/\/strangercam.com\/sv\/wp-json\/wp\/v2\/media?parent=3197"}],"curies":[{"name":"wp","href":"https:\/\/api.w.org\/{rel}","templated":true}]}}