{"id":3104,"date":"2021-05-09T14:52:40","date_gmt":"2021-05-09T12:52:40","guid":{"rendered":"https:\/\/strangercam.com\/?page_id=3104"},"modified":"2023-08-21T12:24:42","modified_gmt":"2023-08-21T10:24:42","slug":"mnogochat","status":"publish","type":"page","link":"https:\/\/strangercam.com\/sv\/mnogochat\/","title":{"rendered":"Mnogochat"},"content":{"rendered":"<p>Numera finns flera dejtingsajter tillg\u00e4ngliga f\u00f6r att f\u00e5 kontakt med nya v\u00e4nner s\u00e5 snart som m\u00f6jligt. \u00c5 andra sidan \u00e4r inte alla samma som beh\u00f6ver ordentlig forskning. Detta kommer att hj\u00e4lpa mycket att v\u00e4lja r\u00e4tt webbplats som exakt uppfyller anv\u00e4ndarnas f\u00f6rv\u00e4ntningar. En annan sak \u00e4r att det bidrar mer till att v\u00e4lja slumpm\u00e4ssiga m\u00e4nniskor f\u00f6r att bygga relationer. Mnogochat \u00e4r en onlinevideo <a href=\"https:\/\/strangercam.com\/sv\/chathub\/\">chatt<\/a> webbplats som ger s\u00e4tt att hitta fr\u00e4mlingar med de mest avancerade funktionerna och d\u00e4rmed hj\u00e4lpa till att <a href=\"https:\/\/strangercam.com\/sv\/coomeet\/\">tr\u00e4ffas<\/a> de v\u00e4sentliga behoven. Det \u00e4r en webbplats d\u00e4r anv\u00e4ndare kan hitta en samling popul\u00e4ra online-dejtingsajter p\u00e5 ett st\u00e4lle.<\/p>\n<h2>Hur bjuder jag in v\u00e4nner till Mnogochat?<\/h2>\n<p>Webbplatsen g\u00f6r det m\u00f6jligt f\u00f6r anv\u00e4ndare att skapa ett chattrum utan n\u00e5gon registrering. Anv\u00e4ndare ska skriva den alfanumeriska koden efter att ha g\u00e5tt in i ett rum. De kan kopiera och dela rumsl\u00e4nken med en person f\u00f6r att n\u00e5 andra omedelbart. Det \u00e4r inte en plattform f\u00f6r dejtingsajter som g\u00f6r det m\u00f6jligt f\u00f6r anv\u00e4ndare att enkelt identifiera nya v\u00e4nner p\u00e5 en plats. Dessutom t\u00e4cker webbplatsen gratis chattrum som ger s\u00e4tt att s\u00f6ka efter en f\u00f6ljeslagare som delar samma intressen. Alla som vill tr\u00e4ffa pojkar, <a href=\"https:\/\/strangercam.com\/sv\/video-chat-with-girls\/\">flickor<\/a>kan m\u00e4n och kvinnor v\u00e4lja den webbplats som hj\u00e4lper dem att uppn\u00e5 sina m\u00e5l.<\/p>\n<h3>Vilka \u00e4r funktionerna som erbjuds av Mnogochat?<\/h3>\n<p>Mnogochat erbjuder gratis chattrum s\u00e5som <a href=\"https:\/\/strangercam.com\/sv\/chatroulette\/\">Chatroulette<\/a>, <a href=\"https:\/\/strangercam.com\/sv\/omegle\/\">Omegle<\/a> chatt, gratis videochatt, flaskspel, rysk chatt, ton\u00e5rschatt, Mnogocams, webbkamerachatt, onlinechatt, etc. Det t\u00e4cker ocks\u00e5 n\u00e5gra andra funktioner som text-, ljud- och videochatt som g\u00f6r det m\u00f6jligt f\u00f6r anv\u00e4ndare att hitta nya v\u00e4nner i ett land utan begr\u00e4nsningar. Webbkameran som t\u00e4cks av webbplatsen hj\u00e4lper anv\u00e4ndare att identifiera personer exakt vad de letar efter. Bortsett fr\u00e5n det ger det s\u00e4tt att k\u00e4nna singlarna p\u00e5 en plats snabbt f\u00f6r att bygga l\u00e5ngdistansrelationer.<\/p>\n<h3>Anledningar till att anv\u00e4nda Mnogochat dejtingsajt<\/h3>\n<p>S\u00e4kerhet \u00e4r den fr\u00e4msta anledningen att t\u00e4nka p\u00e5 n\u00e4r man v\u00e4ljer en dejtingsajt. Mnogochat till\u00e5ter anv\u00e4ndare att s\u00e4kerst\u00e4lla h\u00f6gt skydd med krypteringsteknik. Plattformen l\u00e5ter ocks\u00e5 anv\u00e4ndare chatta med andra anonymt genom att ta itu med exakta krav. Det \u00e4r n\u00f6dv\u00e4ndigt att l\u00e4sa villkor och villkor innan du g\u00e5r in i ett chattrum. Webbplattformen fungerar p\u00e5 alla enheter och alla webbl\u00e4sarplattformar. Eftersom det t\u00e4cker popul\u00e4ra chattrum kan anv\u00e4ndare dela sina id\u00e9er om olika \u00e4mnen med andra. Att g\u00f6ra effektiv kommunikation blir en enkel genom denna webbplats som g\u00f6r det m\u00f6jligt f\u00f6r anv\u00e4ndare att undvika tristess och ensamhet i livet. Dessutom g\u00f6r plattformen genomf\u00f6rbara s\u00e4tt att f\u00e5 fler v\u00e4nner slumpm\u00e4ssigt s\u00e5 snart som m\u00f6jligt.<\/p>","protected":false},"excerpt":{"rendered":"<p>Nowadays, several dating sites are available for connecting with new friends as soon as possible. On the other hand, not all of them are the same that need proper research. This will help a lot to select the right website which exactly satisfies the expectations of users. Another thing is that it contributes more to [&hellip;]<\/p>\n","protected":false},"author":6,"featured_media":559,"parent":0,"menu_order":0,"comment_status":"closed","ping_status":"closed","template":"","meta":{"footnotes":""},"class_list":["post-3104","page","type-page","status-publish","has-post-thumbnail","hentry"],"yoast_head":"<!-- This site is optimized with the Yoast SEO plugin v27.4 - https:\/\/yoast.com\/product\/yoast-seo-wordpress\/ -->\n<title>Mnogochat - Most Popular Video Chats - Cam on StrangerCam.com<\/title>\n<meta name=\"description\" content=\"Like Mnogochat? Come chat with more than 5.000.000 strangers on Stranger Cam for Free! Turn on your cam and find new friends &amp; maby a match!\" \/>\n<meta name=\"robots\" content=\"index, follow, max-snippet:-1, max-image-preview:large, max-video-preview:-1\" \/>\n<link rel=\"canonical\" href=\"https:\/\/strangercam.com\/sv\/mnogochat\/\" \/>\n<meta property=\"og:locale\" content=\"sv_SE\" \/>\n<meta property=\"og:type\" content=\"article\" \/>\n<meta property=\"og:title\" content=\"Mnogochat - Most Popular Video Chats - Cam on StrangerCam.com\" \/>\n<meta property=\"og:description\" content=\"Like Mnogochat? Come chat with more than 5.000.000 strangers on Stranger Cam for Free! Turn on your cam and find new friends &amp; maby a match!\" \/>\n<meta property=\"og:url\" content=\"https:\/\/strangercam.com\/sv\/mnogochat\/\" \/>\n<meta property=\"og:site_name\" content=\"Strangercam\" \/>\n<meta property=\"article:publisher\" content=\"https:\/\/www.facebook.com\/strangercam\" \/>\n<meta property=\"article:modified_time\" content=\"2023-08-21T10:24:42+00:00\" \/>\n<meta property=\"og:image\" content=\"https:\/\/strangercam.com\/wp-content\/uploads\/2020\/11\/stranger-cam-1.png\" \/>\n\t<meta property=\"og:image:width\" content=\"800\" \/>\n\t<meta property=\"og:image:height\" content=\"800\" \/>\n\t<meta property=\"og:image:type\" content=\"image\/png\" \/>\n<meta name=\"twitter:card\" content=\"summary_large_image\" \/>\n<meta name=\"twitter:site\" content=\"@strangercamapp\" \/>\n<meta name=\"twitter:label1\" content=\"Ber\u00e4knad l\u00e4stid\" \/>\n\t<meta name=\"twitter:data1\" content=\"2 minuter\" \/>\n<script type=\"application\/ld+json\" class=\"yoast-schema-graph\">{\"@context\":\"https:\\\/\\\/schema.org\",\"@graph\":[{\"@type\":\"WebPage\",\"@id\":\"https:\\\/\\\/strangercam.com\\\/mnogochat\\\/\",\"url\":\"https:\\\/\\\/strangercam.com\\\/mnogochat\\\/\",\"name\":\"Mnogochat - Most Popular Video Chats - Cam on StrangerCam.com\",\"isPartOf\":{\"@id\":\"https:\\\/\\\/strangercam.com\\\/#website\"},\"primaryImageOfPage\":{\"@id\":\"https:\\\/\\\/strangercam.com\\\/mnogochat\\\/#primaryimage\"},\"image\":{\"@id\":\"https:\\\/\\\/strangercam.com\\\/mnogochat\\\/#primaryimage\"},\"thumbnailUrl\":\"https:\\\/\\\/strangercam.com\\\/wp-content\\\/uploads\\\/2020\\\/11\\\/stranger-cam-1.png\",\"datePublished\":\"2021-05-09T12:52:40+00:00\",\"dateModified\":\"2023-08-21T10:24:42+00:00\",\"description\":\"Like Mnogochat? Come chat with more than 5.000.000 strangers on Stranger Cam for Free! Turn on your cam and find new friends & maby a match!\",\"breadcrumb\":{\"@id\":\"https:\\\/\\\/strangercam.com\\\/mnogochat\\\/#breadcrumb\"},\"inLanguage\":\"sv-SE\",\"potentialAction\":[{\"@type\":\"ReadAction\",\"target\":[\"https:\\\/\\\/strangercam.com\\\/mnogochat\\\/\"]}]},{\"@type\":\"ImageObject\",\"inLanguage\":\"sv-SE\",\"@id\":\"https:\\\/\\\/strangercam.com\\\/mnogochat\\\/#primaryimage\",\"url\":\"https:\\\/\\\/strangercam.com\\\/wp-content\\\/uploads\\\/2020\\\/11\\\/stranger-cam-1.png\",\"contentUrl\":\"https:\\\/\\\/strangercam.com\\\/wp-content\\\/uploads\\\/2020\\\/11\\\/stranger-cam-1.png\",\"width\":800,\"height\":800,\"caption\":\"stranger cam random video chat\"},{\"@type\":\"BreadcrumbList\",\"@id\":\"https:\\\/\\\/strangercam.com\\\/mnogochat\\\/#breadcrumb\",\"itemListElement\":[{\"@type\":\"ListItem\",\"position\":1,\"name\":\"Home\",\"item\":\"https:\\\/\\\/strangercam.com\\\/\"},{\"@type\":\"ListItem\",\"position\":2,\"name\":\"Mnogochat\"}]},{\"@type\":\"WebSite\",\"@id\":\"https:\\\/\\\/strangercam.com\\\/#website\",\"url\":\"https:\\\/\\\/strangercam.com\\\/\",\"name\":\"Strangercam\",\"description\":\"Random Video Chat with Strangers\",\"publisher\":{\"@id\":\"https:\\\/\\\/strangercam.com\\\/#organization\"},\"alternateName\":\"Strangercam.com\",\"potentialAction\":[{\"@type\":\"SearchAction\",\"target\":{\"@type\":\"EntryPoint\",\"urlTemplate\":\"https:\\\/\\\/strangercam.com\\\/?s={search_term_string}\"},\"query-input\":{\"@type\":\"PropertyValueSpecification\",\"valueRequired\":true,\"valueName\":\"search_term_string\"}}],\"inLanguage\":\"sv-SE\"},{\"@type\":\"Organization\",\"@id\":\"https:\\\/\\\/strangercam.com\\\/#organization\",\"name\":\"Strangercam\",\"alternateName\":\"Strangercam.com\",\"url\":\"https:\\\/\\\/strangercam.com\\\/\",\"logo\":{\"@type\":\"ImageObject\",\"inLanguage\":\"sv-SE\",\"@id\":\"https:\\\/\\\/strangercam.com\\\/#\\\/schema\\\/logo\\\/image\\\/\",\"url\":\"https:\\\/\\\/strangercam.com\\\/wp-content\\\/uploads\\\/2020\\\/11\\\/cropped-new-favicon-black.png\",\"contentUrl\":\"https:\\\/\\\/strangercam.com\\\/wp-content\\\/uploads\\\/2020\\\/11\\\/cropped-new-favicon-black.png\",\"width\":512,\"height\":512,\"caption\":\"Strangercam\"},\"image\":{\"@id\":\"https:\\\/\\\/strangercam.com\\\/#\\\/schema\\\/logo\\\/image\\\/\"},\"sameAs\":[\"https:\\\/\\\/www.facebook.com\\\/strangercam\",\"https:\\\/\\\/x.com\\\/strangercamapp\"]}]}<\/script>\n<!-- \/ Yoast SEO plugin. -->","yoast_head_json":{"title":"Mnogochat - Mest popul\u00e4ra videochattar - Cam p\u00e5 StrangerCam.com","description":"Gillar du Mnogochat? Kom och chatta med mer \u00e4n 5.000.000 fr\u00e4mlingar p\u00e5 Stranger Cam helt gratis! Sl\u00e5 p\u00e5 din kamera och hitta nya v\u00e4nner och kanske en match!","robots":{"index":"index","follow":"follow","max-snippet":"max-snippet:-1","max-image-preview":"max-image-preview:large","max-video-preview":"max-video-preview:-1"},"canonical":"https:\/\/strangercam.com\/sv\/mnogochat\/","og_locale":"sv_SE","og_type":"article","og_title":"Mnogochat - Most Popular Video Chats - Cam on StrangerCam.com","og_description":"Like Mnogochat? Come chat with more than 5.000.000 strangers on Stranger Cam for Free! Turn on your cam and find new friends & maby a match!","og_url":"https:\/\/strangercam.com\/sv\/mnogochat\/","og_site_name":"Strangercam","article_publisher":"https:\/\/www.facebook.com\/strangercam","article_modified_time":"2023-08-21T10:24:42+00:00","og_image":[{"width":800,"height":800,"url":"https:\/\/strangercam.com\/wp-content\/uploads\/2020\/11\/stranger-cam-1.png","type":"image\/png"}],"twitter_card":"summary_large_image","twitter_site":"@strangercamapp","twitter_misc":{"Ber\u00e4knad l\u00e4stid":"2 minuter"},"schema":{"@context":"https:\/\/schema.org","@graph":[{"@type":"WebPage","@id":"https:\/\/strangercam.com\/mnogochat\/","url":"https:\/\/strangercam.com\/mnogochat\/","name":"Mnogochat - Mest popul\u00e4ra videochattar - Cam p\u00e5 StrangerCam.com","isPartOf":{"@id":"https:\/\/strangercam.com\/#website"},"primaryImageOfPage":{"@id":"https:\/\/strangercam.com\/mnogochat\/#primaryimage"},"image":{"@id":"https:\/\/strangercam.com\/mnogochat\/#primaryimage"},"thumbnailUrl":"https:\/\/strangercam.com\/wp-content\/uploads\/2020\/11\/stranger-cam-1.png","datePublished":"2021-05-09T12:52:40+00:00","dateModified":"2023-08-21T10:24:42+00:00","description":"Gillar du Mnogochat? Kom och chatta med mer \u00e4n 5.000.000 fr\u00e4mlingar p\u00e5 Stranger Cam helt gratis! Sl\u00e5 p\u00e5 din kamera och hitta nya v\u00e4nner och kanske en match!","breadcrumb":{"@id":"https:\/\/strangercam.com\/mnogochat\/#breadcrumb"},"inLanguage":"sv-SE","potentialAction":[{"@type":"ReadAction","target":["https:\/\/strangercam.com\/mnogochat\/"]}]},{"@type":"ImageObject","inLanguage":"sv-SE","@id":"https:\/\/strangercam.com\/mnogochat\/#primaryimage","url":"https:\/\/strangercam.com\/wp-content\/uploads\/2020\/11\/stranger-cam-1.png","contentUrl":"https:\/\/strangercam.com\/wp-content\/uploads\/2020\/11\/stranger-cam-1.png","width":800,"height":800,"caption":"stranger cam random video chat"},{"@type":"BreadcrumbList","@id":"https:\/\/strangercam.com\/mnogochat\/#breadcrumb","itemListElement":[{"@type":"ListItem","position":1,"name":"Home","item":"https:\/\/strangercam.com\/"},{"@type":"ListItem","position":2,"name":"Mnogochat"}]},{"@type":"WebSite","@id":"https:\/\/strangercam.com\/#website","url":"https:\/\/strangercam.com\/","name":"Strangercam","description":"Slumpm\u00e4ssig videochatt med fr\u00e4mlingar","publisher":{"@id":"https:\/\/strangercam.com\/#organization"},"alternateName":"Strangercam.com","potentialAction":[{"@type":"SearchAction","target":{"@type":"EntryPoint","urlTemplate":"https:\/\/strangercam.com\/?s={search_term_string}"},"query-input":{"@type":"PropertyValueSpecification","valueRequired":true,"valueName":"search_term_string"}}],"inLanguage":"sv-SE"},{"@type":"Organization","@id":"https:\/\/strangercam.com\/#organization","name":"Strangercam","alternateName":"Strangercam.com","url":"https:\/\/strangercam.com\/","logo":{"@type":"ImageObject","inLanguage":"sv-SE","@id":"https:\/\/strangercam.com\/#\/schema\/logo\/image\/","url":"https:\/\/strangercam.com\/wp-content\/uploads\/2020\/11\/cropped-new-favicon-black.png","contentUrl":"https:\/\/strangercam.com\/wp-content\/uploads\/2020\/11\/cropped-new-favicon-black.png","width":512,"height":512,"caption":"Strangercam"},"image":{"@id":"https:\/\/strangercam.com\/#\/schema\/logo\/image\/"},"sameAs":["https:\/\/www.facebook.com\/strangercam","https:\/\/x.com\/strangercamapp"]}]}},"_links":{"self":[{"href":"https:\/\/strangercam.com\/sv\/wp-json\/wp\/v2\/pages\/3104","targetHints":{"allow":["GET"]}}],"collection":[{"href":"https:\/\/strangercam.com\/sv\/wp-json\/wp\/v2\/pages"}],"about":[{"href":"https:\/\/strangercam.com\/sv\/wp-json\/wp\/v2\/types\/page"}],"author":[{"embeddable":true,"href":"https:\/\/strangercam.com\/sv\/wp-json\/wp\/v2\/users\/6"}],"replies":[{"embeddable":true,"href":"https:\/\/strangercam.com\/sv\/wp-json\/wp\/v2\/comments?post=3104"}],"version-history":[{"count":0,"href":"https:\/\/strangercam.com\/sv\/wp-json\/wp\/v2\/pages\/3104\/revisions"}],"wp:featuredmedia":[{"embeddable":true,"href":"https:\/\/strangercam.com\/sv\/wp-json\/wp\/v2\/media\/559"}],"wp:attachment":[{"href":"https:\/\/strangercam.com\/sv\/wp-json\/wp\/v2\/media?parent=3104"}],"curies":[{"name":"wp","href":"https:\/\/api.w.org\/{rel}","templated":true}]}}