{"id":201,"date":"2025-08-18T13:43:14","date_gmt":"2025-08-18T11:43:14","guid":{"rendered":"https:\/\/strangercam.com\/?page_id=201"},"modified":"2025-08-18T14:08:48","modified_gmt":"2025-08-18T12:08:48","slug":"slumpmassig-cam-chatt","status":"publish","type":"page","link":"https:\/\/strangercam.com\/sv\/random-cam-chat\/","title":{"rendered":"Slumpm\u00e4ssig Cam Chat"},"content":{"rendered":"<p>Letar du efter sp\u00e4nningen i slumpm\u00e4ssiga <a href=\"https:\/\/strangercam.com\/sv\/bazoocam\/\">kam<\/a> chatta? Du \u00e4r inte ensam om det. Sedan de tidiga dagarna av <a href=\"https:\/\/strangercam.com\/sv\/omegle\/\">Omegle<\/a> och <a href=\"https:\/\/strangercam.com\/sv\/chatroulette\/\">Chatroulette<\/a>, har miljontals m\u00e4nniskor v\u00e4nt sig till slumpm\u00e4ssiga <a href=\"https:\/\/strangercam.com\/sv\/cam-to-cam-chat\/\">kam chatt<\/a> webbplatser f\u00f6r att tr\u00e4ffa fr\u00e4mlingar direkt, ansikte mot ansikte. Id\u00e9n \u00e4r enkel men kraftfull: s\u00e4tt p\u00e5 din webbkamera, klicka p\u00e5 en knapp och f\u00e5 kontakt med n\u00e5gon ny p\u00e5 n\u00e5gra sekunder.<\/p>\n<p>Idag g\u00f6r plattformar som StrangerCam det enklare \u00e4n n\u00e5gonsin att njuta av gratis slumpm\u00e4ssig cam-chatt utan registreringar, nedladdningar eller dolda betalv\u00e4ggar. Oavsett om du letar efter v\u00e4nskap, flirt, kulturellt utbyte eller bara ett s\u00e4tt att bota tristess, erbjuder slumpm\u00e4ssig cam-chatt en unik onlineupplevelse.<\/p>\n<p>I den h\u00e4r djupg\u00e5ende guiden kommer vi att utforska hur det fungerar, vilka funktioner som \u00e4r viktigast, varf\u00f6r m\u00e4nniskor \u00e4lskar det och varf\u00f6r StrangerCam sticker ut som en av de b\u00e4sta platserna f\u00f6r slumpm\u00e4ssig cam-chatt 2025.<\/p>\n<h2>Vad \u00e4r slumpm\u00e4ssig cam-chatt?<\/h2>\n<p>Random cam chat \u00e4r en onlinetj\u00e4nst som parar ihop dig med fr\u00e4mlingar via webbkamera och mikrofon f\u00f6r live, en-mot-en videosamtal. Det \"slumpm\u00e4ssiga\" betyder att du aldrig vet vem du tr\u00e4ffar h\u00e4rn\u00e4st - det kan vara n\u00e5gon fr\u00e5n ditt land eller n\u00e5gon p\u00e5 andra sidan jorden.<\/p>\n<p>Till skillnad fr\u00e5n sociala n\u00e4tverk eller dejtingappar tar slumpm\u00e4ssig cam-chatt bort filtren fr\u00e5n kuraterade profiler och biografier. Du tr\u00e4ffar m\u00e4nniskor live, i realtid, utan n\u00e5gra f\u00f6rberedelser. Om konversationen inte k\u00e4nns r\u00e4tt klickar du bara p\u00e5 \"N\u00e4sta\" f\u00f6r att omedelbart kopplas ihop med n\u00e5gon annan.<\/p>\n<h2>Varf\u00f6r m\u00e4nniskor \u00e4lskar gratis slumpm\u00e4ssig cam-chatt<\/h2>\n<p>Populariteten f\u00f6r gratis slumpm\u00e4ssig cam-chatt beror p\u00e5 flera viktiga sk\u00e4l:<\/p>\n<ul>\n<li>Spontanitet: Varje samtal \u00e4r en \u00f6verraskning, vilket g\u00f6r det sp\u00e4nnande och beroendeframkallande.<\/li>\n<li>M\u00e4nsklig kontakt: S\u00e4rskilt i en v\u00e4rld av sms och sociala medier k\u00e4nns det uppfriskande att umg\u00e5s ansikte mot ansikte.<\/li>\n<li>Anonymitet: De flesta plattformar kr\u00e4ver inga konton eller personlig information. Du kan h\u00e5lla dig s\u00e5 privat som du vill.<\/li>\n<li>Kulturellt utbyte: Tr\u00e4ffa m\u00e4nniskor fr\u00e5n hela v\u00e4rlden, l\u00e4r dig mer om deras kulturer och dela med dig av dina egna erfarenheter.<\/li>\n<li>Inga falska profiler: Eftersom video \u00e4r live vet du att du pratar med riktiga m\u00e4nniskor, inte botar eller catfish.<\/li>\n<li>Stressavlastning och kul: Det \u00e4r ett enkelt s\u00e4tt att varva ner, skratta och chatta avslappnat utan press.<\/li>\n<\/ul>\n<h2>Hur slumpm\u00e4ssig Cam Chat fungerar<\/h2>\n<p>Att komma ig\u00e5ng med slumpm\u00e4ssig cam-chatt \u00e4r enkelt:<\/p>\n<ol>\n<li>\u00d6ppna plattformen p\u00e5 din dator eller smartphone.<\/li>\n<li>Till\u00e5t \u00e5tkomst till din webbkamera och mikrofon.<\/li>\n<li>Klicka p\u00e5 \"Starta chatt\". Du kopplas direkt till en slumpm\u00e4ssig fr\u00e4mling.<\/li>\n<li>Prata ansikte mot ansikte. Stanna s\u00e5 l\u00e4nge du vill, eller klicka p\u00e5 \"N\u00e4sta\" f\u00f6r att byta till n\u00e5gon ny.<\/li>\n<li>Upprepa i all o\u00e4ndlighet. De flesta plattformar erbjuder obegr\u00e4nsat antal chattar gratis.<\/li>\n<\/ol>\n<p>Vissa webbplatser inneh\u00e5ller extrafunktioner som k\u00f6nsfilter, platsinst\u00e4llningar eller inbyggda \u00f6vers\u00e4ttningsverktyg f\u00f6r att g\u00f6ra globala chattar \u00e4nnu enklare.<\/p>\n<h2>De b\u00e4sta egenskaperna att leta efter<\/h2>\n<p>Inte alla slumpm\u00e4ssiga cam-chattplattformar \u00e4r skapade lika. F\u00f6r att f\u00e5 den b\u00e4sta upplevelsen, h\u00e4r \u00e4r vad du ska leta efter:<\/p>\n<h3>1. Verkligt fri tillg\u00e5ng<\/h3>\n<p>Undvik plattformar som lovar gratis chattar men tvingar in dig i betalv\u00e4ggar. De b\u00e4sta webbplatserna till\u00e5ter obegr\u00e4nsad anv\u00e4ndning gratis.<\/p>\n<h3>2. Ingen registrering kr\u00e4vs<\/h3>\n<p>Du ska inte beh\u00f6va registrera dig eller l\u00e4mna ut personliga uppgifter f\u00f6r att anv\u00e4nda slumpm\u00e4ssig camchat.<\/p>\n<h3>3. Filter f\u00f6r k\u00f6n och plats<\/h3>\n<p>Det g\u00f6r det l\u00e4ttare att f\u00e5 kontakt med den typ av m\u00e4nniskor du letar efter.<\/p>\n<h3>4. Mobilanpassad design<\/h3>\n<p>En bra plattform b\u00f6r fungera s\u00f6ml\u00f6st p\u00e5 b\u00e5de dator och mobil.<\/p>\n<h3>5. Stark m\u00e5ttfullhet<\/h3>\n<p>Aktiv moderering och rapporteringsverktyg hj\u00e4lper till att h\u00e5lla utrymmet s\u00e4kert fr\u00e5n ol\u00e4mpligt beteende.<\/p>\n<h3>6. Video och ljud av h\u00f6g kvalitet<\/h3>\n<p>Smidiga, tydliga anslutningar g\u00f6r chattar roligare.<\/p>\n<h2>B\u00e4sta slumpm\u00e4ssiga Cam Chat-plattformar 2025<\/h2>\n<p>H\u00e4r \u00e4r hur n\u00e5gra av de mest popul\u00e4ra slumpm\u00e4ssiga cam-chattplattformarna j\u00e4mf\u00f6rs:<\/p>\n<table>\n<thead>\n<tr>\n<th>Plattform<\/th>\n<th align=\"center\">Gratis att anv\u00e4nda<\/th>\n<th align=\"center\">Genusfilter<\/th>\n<th align=\"center\">Anm\u00e4lan kr\u00e4vs<\/th>\n<th align=\"center\">Mobilt st\u00f6d<\/th>\n<th>Anteckningar<\/th>\n<\/tr>\n<\/thead>\n<tbody>\n<tr>\n<td>StrangerCam<\/td>\n<td align=\"center\">\u2705<\/td>\n<td align=\"center\">\u2705 (gratis)<\/td>\n<td align=\"center\">\u274c<\/td>\n<td align=\"center\">\u2705<\/td>\n<td>B\u00e4sta allround-valet f\u00f6r gratis slumpm\u00e4ssig cam-chatt<\/td>\n<\/tr>\n<tr>\n<td>Chatroulette<\/td>\n<td align=\"center\">\u2705<\/td>\n<td align=\"center\">\u274c (Betald)<\/td>\n<td align=\"center\">\u274c<\/td>\n<td align=\"center\">\u2705<\/td>\n<td>Klassisk, men k\u00f6nsfilter l\u00e5st<\/td>\n<\/tr>\n<tr>\n<td>Chatrandom<\/td>\n<td align=\"center\">\u2705<\/td>\n<td align=\"center\">\u274c (Betald)<\/td>\n<td align=\"center\">\u274c<\/td>\n<td align=\"center\">\u2705<\/td>\n<td>Stor anv\u00e4ndarbas, betalv\u00e4ggar f\u00f6r filter<\/td>\n<\/tr>\n<tr>\n<td>OmeTV<\/td>\n<td align=\"center\">\u2705<\/td>\n<td align=\"center\">\u274c<\/td>\n<td align=\"center\">\u274c<\/td>\n<td align=\"center\">\u2705<\/td>\n<td>Mobilapp tillg\u00e4nglig, endast slumpm\u00e4ssigt<\/td>\n<\/tr>\n<tr>\n<td>Shagle<\/td>\n<td align=\"center\">\u2705<\/td>\n<td align=\"center\">\u274c (Betald)<\/td>\n<td align=\"center\">\u274c<\/td>\n<td align=\"center\">\u2705<\/td>\n<td>Gratis chattar men premiumuppgraderingar pressas<\/td>\n<\/tr>\n<tr>\n<td><a href=\"https:\/\/strangercam.com\/sv\/coomeet\/\">CooMeet<\/a><\/td>\n<td align=\"center\">\u274c (provperiod)<\/td>\n<td align=\"center\">\u2705<\/td>\n<td align=\"center\">\u2705<\/td>\n<td align=\"center\">\u2705<\/td>\n<td>Mestadels betalt efter avslutad pr\u00f6vning<\/td>\n<\/tr>\n<tr>\n<td>LuckyCrush<\/td>\n<td align=\"center\">\u274c<\/td>\n<td align=\"center\">\u2705<\/td>\n<td align=\"center\">\u2705<\/td>\n<td align=\"center\">\u2705<\/td>\n<td>Alltid betald, k\u00f6nsbaserad matchning<\/td>\n<\/tr>\n<\/tbody>\n<\/table>\n<p>StrangerCam sticker ut f\u00f6r att vara gratis, s\u00e4ker och filterv\u00e4nlig, till skillnad fr\u00e5n de flesta konkurrenter som tar betalt f\u00f6r avancerade funktioner.<\/p>\n<h2>Varf\u00f6r StrangerCam \u00e4r ett toppval f\u00f6r slumpm\u00e4ssig cam-chatt<\/h2>\n<p>H\u00e4r \u00e4r varf\u00f6r StrangerCam \u00e4r en av de b\u00e4sta Omegle-stilplattformarna 2025:<\/p>\n<h3>1. Helt gratis<\/h3>\n<p>Inga dolda avgifter, krediter eller begr\u00e4nsade provperioder. Du kan chatta s\u00e5 mycket du vill, helt gratis.<\/p>\n<h3>2. Filter f\u00f6r verkligt k\u00f6n<\/h3>\n<p>Till skillnad fr\u00e5n de flesta gratiswebbplatser l\u00e5ter StrangerCam dig v\u00e4lja att ansluta till m\u00e4n, kvinnor eller b\u00e5da utan att ta betalt.<\/p>\n<h3>3. Inget konto beh\u00f6vs<\/h3>\n<p>B\u00f6rja chatta direkt. Ingen registrering, e-post eller personlig information kr\u00e4vs.<\/p>\n<h3>4. Global gemenskap 24\/7<\/h3>\n<p>Alltid aktiv, s\u00e5 att du aldrig f\u00e5r slut p\u00e5 m\u00e4nniskor att tr\u00e4ffa.<\/p>\n<h3>5. Mobiloptimerad<\/h3>\n<p>Fungerar felfritt p\u00e5 telefoner, surfplattor och datorer.<\/p>\n<h3>6. S\u00e4kert och modererat<\/h3>\n<p>Dedikerade moderatorer och rapporteringsverktyg h\u00e5ller plattformen ren och trevlig.<\/p>\n<h2>Verkliga vittnesm\u00e5l fr\u00e5n anv\u00e4ndare<\/h2>\n<blockquote><p><em>\"Jag har provat m\u00e5nga chattsidor sedan Omegle st\u00e4ngde ner, men StrangerCam \u00e4r den enda som k\u00e4ndes som den riktiga aff\u00e4ren. Den \u00e4r gratis och full av riktiga m\u00e4nniskor.\"<\/em><br \/>\n- Chris, 25 \u00e5r<\/p><\/blockquote>\n<blockquote><p><em>\"K\u00f6nsfiltret fungerar faktiskt utan att jag beh\u00f6ver betala extra. Det \u00e4r en stor seger f\u00f6r mig.\"<\/em><br \/>\n- Marta, 23 \u00e5r<\/p><\/blockquote>\n<blockquote><p><em>\"Jag fick kontakt med m\u00e4nniskor fr\u00e5n fem olika l\u00e4nder p\u00e5 en och samma kv\u00e4ll. Det \u00e4r ett s\u00e5 roligt s\u00e4tt att tr\u00e4ffa fr\u00e4mlingar.\"<\/em><br \/>\n- Dylan, 30 \u00e5r<\/p><\/blockquote>\n<blockquote><p><em>\"Gratis, snabb och s\u00e4ker. StrangerCam \u00e4r min go-to f\u00f6r slumpm\u00e4ssig cam chatt nu.\"<\/em><br \/>\n- Leah, 20 \u00e5r<\/p><\/blockquote>\n<h2>S\u00e4kerhetstips f\u00f6r slumpm\u00e4ssig cam-chatt<\/h2>\n<p>F\u00f6r att f\u00e5 ut det mesta av gratis slumpm\u00e4ssig cam chatt samtidigt som du h\u00e5ller dig s\u00e4ker, ha dessa tips i \u00e5tanke:<\/p>\n<ul>\n<li>Dela inte personlig information som ditt fullst\u00e4ndiga namn, din adress eller ditt telefonnummer.<\/li>\n<li>Hoppa \u00f6ver eller blockera n\u00e5gon som g\u00f6r dig obekv\u00e4m.<\/li>\n<li>Klicka aldrig p\u00e5 l\u00e4nkar som skickas av ok\u00e4nda personer.<\/li>\n<li>Var uppm\u00e4rksam p\u00e5 din bakgrund f\u00f6r att undvika att visa privata detaljer.<\/li>\n<li>Anv\u00e4nd h\u00f6rlurar f\u00f6r tydligare ljud och mer avskildhet.<\/li>\n<li>Om du \u00e4r under 18 \u00e5r ska du undvika att anv\u00e4nda slumpm\u00e4ssiga chattplattformar.<\/li>\n<\/ul>\n<h2>S\u00e5 h\u00e4r kommer du ig\u00e5ng - steg f\u00f6r steg<\/h2>\n<p>Joining en slumpm\u00e4ssig cam chatt tar mindre \u00e4n en minut:<\/p>\n<ol>\n<li>G\u00e5 till plattformen i din webbl\u00e4sare eller telefon.<\/li>\n<li>Till\u00e5t \u00e5tkomst till kamera och mikrofon.<\/li>\n<li>Tryck p\u00e5 \"Starta chatt\".<\/li>\n<li>Tr\u00e4ffa en slumpm\u00e4ssig fr\u00e4mling direkt.<\/li>\n<li>Klicka p\u00e5 \"N\u00e4sta\" n\u00e4r du vill byta till n\u00e5gon ny.<\/li>\n<\/ol>\n<p>Det \u00e4r allt - snabbt, enkelt och gratis.<\/p>\n<h2>Slutliga tankar - Prova gratis slumpm\u00e4ssig cam-chatt nu<\/h2>\n<p>Slumpm\u00e4ssig cam-chatt \u00e4r ett av de mest sp\u00e4nnande s\u00e4tten att f\u00e5 kontakt online 2025. Det \u00e4r spontant, roligt och ett uppfriskande alternativ till sociala medier eller dejtingappar. Med plattformar som StrangerCam f\u00e5r du en verkligt gratis upplevelse - inga registreringar, inga betalv\u00e4ggar och en global gemenskap som \u00e4r redo att tr\u00e4ffa dig 24\/7.<\/p>\n<p>Sl\u00f6sa inte tid p\u00e5 plattformar som lovar gratis videochatt men d\u00f6ljer allt bakom betalv\u00e4ggar. V\u00e4lj en plats d\u00e4r du kan f\u00e5 kontakt, skratta och f\u00e5 nya v\u00e4nner direkt.<\/p>\n<p>\u00c4r du redo att uppleva det? Prova gratis slumpm\u00e4ssig cam-chatt idag och se vem du m\u00f6ter n\u00e4sta g\u00e5ng.<\/p>","protected":false},"excerpt":{"rendered":"<p>Are you looking for the thrill of random cam chat? You\u2019re not alone. Since the early days of Omegle and Chatroulette, millions of people have turned to random cam chat sites to meet strangers instantly, face-to-face. The idea is simple yet powerful: switch on your webcam, click a button, and get connected to someone new [&hellip;]<\/p>\n","protected":false},"author":8,"featured_media":0,"parent":0,"menu_order":0,"comment_status":"closed","ping_status":"closed","template":"","meta":{"footnotes":""},"class_list":["post-201","page","type-page","status-publish","hentry"],"yoast_head":"<!-- This site is optimized with the Yoast SEO plugin v27.4 - https:\/\/yoast.com\/product\/yoast-seo-wordpress\/ -->\n<title>Random Cam Chat with Random Chat on Strangercam.com<\/title>\n<meta name=\"description\" content=\"Liking Random Cam Chat? Join millions on StrangerCam.com! Start a random video chat, turn on your cam, and meet strangers instantly.\" \/>\n<meta name=\"robots\" content=\"index, follow, max-snippet:-1, max-image-preview:large, max-video-preview:-1\" \/>\n<link rel=\"canonical\" href=\"https:\/\/strangercam.com\/sv\/slumpmassig-cam-chatt\/\" \/>\n<meta property=\"og:locale\" content=\"sv_SE\" \/>\n<meta property=\"og:type\" content=\"article\" \/>\n<meta property=\"og:title\" content=\"Random Cam Chat with Random Chat on Strangercam.com\" \/>\n<meta property=\"og:description\" content=\"Liking Random Cam Chat? Join millions on StrangerCam.com! Start a random video chat, turn on your cam, and meet strangers instantly.\" \/>\n<meta property=\"og:url\" content=\"https:\/\/strangercam.com\/sv\/slumpmassig-cam-chatt\/\" \/>\n<meta property=\"og:site_name\" content=\"Strangercam\" \/>\n<meta property=\"article:publisher\" content=\"https:\/\/www.facebook.com\/strangercam\" \/>\n<meta property=\"article:modified_time\" content=\"2025-08-18T12:08:48+00:00\" \/>\n<meta property=\"og:image\" content=\"https:\/\/strangercam.com\/wp-content\/uploads\/2021\/10\/Untitled-2.png\" \/>\n\t<meta property=\"og:image:width\" content=\"800\" \/>\n\t<meta property=\"og:image:height\" content=\"532\" \/>\n\t<meta property=\"og:image:type\" content=\"image\/png\" \/>\n<meta name=\"twitter:card\" content=\"summary_large_image\" \/>\n<meta name=\"twitter:site\" content=\"@strangercamapp\" \/>\n<meta name=\"twitter:label1\" content=\"Ber\u00e4knad l\u00e4stid\" \/>\n\t<meta name=\"twitter:data1\" content=\"5 minuter\" \/>\n<script type=\"application\/ld+json\" class=\"yoast-schema-graph\">{\"@context\":\"https:\\\/\\\/schema.org\",\"@graph\":[{\"@type\":\"WebPage\",\"@id\":\"https:\\\/\\\/strangercam.com\\\/random-cam-chat\\\/\",\"url\":\"https:\\\/\\\/strangercam.com\\\/random-cam-chat\\\/\",\"name\":\"Random Cam Chat with Random Chat on Strangercam.com\",\"isPartOf\":{\"@id\":\"https:\\\/\\\/strangercam.com\\\/#website\"},\"datePublished\":\"2025-08-18T11:43:14+00:00\",\"dateModified\":\"2025-08-18T12:08:48+00:00\",\"description\":\"Liking Random Cam Chat? Join millions on StrangerCam.com! Start a random video chat, turn on your cam, and meet strangers instantly.\",\"breadcrumb\":{\"@id\":\"https:\\\/\\\/strangercam.com\\\/random-cam-chat\\\/#breadcrumb\"},\"inLanguage\":\"sv-SE\",\"potentialAction\":[{\"@type\":\"ReadAction\",\"target\":[\"https:\\\/\\\/strangercam.com\\\/random-cam-chat\\\/\"]}]},{\"@type\":\"BreadcrumbList\",\"@id\":\"https:\\\/\\\/strangercam.com\\\/random-cam-chat\\\/#breadcrumb\",\"itemListElement\":[{\"@type\":\"ListItem\",\"position\":1,\"name\":\"Home\",\"item\":\"https:\\\/\\\/strangercam.com\\\/\"},{\"@type\":\"ListItem\",\"position\":2,\"name\":\"Random Cam Chat\"}]},{\"@type\":\"WebSite\",\"@id\":\"https:\\\/\\\/strangercam.com\\\/#website\",\"url\":\"https:\\\/\\\/strangercam.com\\\/\",\"name\":\"Strangercam\",\"description\":\"Random Video Chat with Strangers\",\"publisher\":{\"@id\":\"https:\\\/\\\/strangercam.com\\\/#organization\"},\"alternateName\":\"Strangercam.com\",\"potentialAction\":[{\"@type\":\"SearchAction\",\"target\":{\"@type\":\"EntryPoint\",\"urlTemplate\":\"https:\\\/\\\/strangercam.com\\\/?s={search_term_string}\"},\"query-input\":{\"@type\":\"PropertyValueSpecification\",\"valueRequired\":true,\"valueName\":\"search_term_string\"}}],\"inLanguage\":\"sv-SE\"},{\"@type\":\"Organization\",\"@id\":\"https:\\\/\\\/strangercam.com\\\/#organization\",\"name\":\"Strangercam\",\"alternateName\":\"Strangercam.com\",\"url\":\"https:\\\/\\\/strangercam.com\\\/\",\"logo\":{\"@type\":\"ImageObject\",\"inLanguage\":\"sv-SE\",\"@id\":\"https:\\\/\\\/strangercam.com\\\/#\\\/schema\\\/logo\\\/image\\\/\",\"url\":\"https:\\\/\\\/strangercam.com\\\/wp-content\\\/uploads\\\/2020\\\/11\\\/cropped-new-favicon-black.png\",\"contentUrl\":\"https:\\\/\\\/strangercam.com\\\/wp-content\\\/uploads\\\/2020\\\/11\\\/cropped-new-favicon-black.png\",\"width\":512,\"height\":512,\"caption\":\"Strangercam\"},\"image\":{\"@id\":\"https:\\\/\\\/strangercam.com\\\/#\\\/schema\\\/logo\\\/image\\\/\"},\"sameAs\":[\"https:\\\/\\\/www.facebook.com\\\/strangercam\",\"https:\\\/\\\/x.com\\\/strangercamapp\"]}]}<\/script>\n<!-- \/ Yoast SEO plugin. -->","yoast_head_json":{"title":"Slumpm\u00e4ssig Cam Chat med slumpm\u00e4ssig chatt p\u00e5 Strangercam.com","description":"Gillar du slumpm\u00e4ssig cam-chatt? Join miljoner p\u00e5 StrangerCam.com! Starta en slumpm\u00e4ssig videochatt, sl\u00e5 p\u00e5 din cam och tr\u00e4ffa fr\u00e4mlingar direkt.","robots":{"index":"index","follow":"follow","max-snippet":"max-snippet:-1","max-image-preview":"max-image-preview:large","max-video-preview":"max-video-preview:-1"},"canonical":"https:\/\/strangercam.com\/sv\/slumpmassig-cam-chatt\/","og_locale":"sv_SE","og_type":"article","og_title":"Random Cam Chat with Random Chat on Strangercam.com","og_description":"Liking Random Cam Chat? Join millions on StrangerCam.com! Start a random video chat, turn on your cam, and meet strangers instantly.","og_url":"https:\/\/strangercam.com\/sv\/slumpmassig-cam-chatt\/","og_site_name":"Strangercam","article_publisher":"https:\/\/www.facebook.com\/strangercam","article_modified_time":"2025-08-18T12:08:48+00:00","og_image":[{"width":800,"height":532,"url":"https:\/\/strangercam.com\/wp-content\/uploads\/2021\/10\/Untitled-2.png","type":"image\/png"}],"twitter_card":"summary_large_image","twitter_site":"@strangercamapp","twitter_misc":{"Ber\u00e4knad l\u00e4stid":"5 minuter"},"schema":{"@context":"https:\/\/schema.org","@graph":[{"@type":"WebPage","@id":"https:\/\/strangercam.com\/random-cam-chat\/","url":"https:\/\/strangercam.com\/random-cam-chat\/","name":"Slumpm\u00e4ssig Cam Chat med slumpm\u00e4ssig chatt p\u00e5 Strangercam.com","isPartOf":{"@id":"https:\/\/strangercam.com\/#website"},"datePublished":"2025-08-18T11:43:14+00:00","dateModified":"2025-08-18T12:08:48+00:00","description":"Gillar du slumpm\u00e4ssig cam-chatt? Join miljoner p\u00e5 StrangerCam.com! Starta en slumpm\u00e4ssig videochatt, sl\u00e5 p\u00e5 din cam och tr\u00e4ffa fr\u00e4mlingar direkt.","breadcrumb":{"@id":"https:\/\/strangercam.com\/random-cam-chat\/#breadcrumb"},"inLanguage":"sv-SE","potentialAction":[{"@type":"ReadAction","target":["https:\/\/strangercam.com\/random-cam-chat\/"]}]},{"@type":"BreadcrumbList","@id":"https:\/\/strangercam.com\/random-cam-chat\/#breadcrumb","itemListElement":[{"@type":"ListItem","position":1,"name":"Home","item":"https:\/\/strangercam.com\/"},{"@type":"ListItem","position":2,"name":"Random Cam Chat"}]},{"@type":"WebSite","@id":"https:\/\/strangercam.com\/#website","url":"https:\/\/strangercam.com\/","name":"Strangercam","description":"Slumpm\u00e4ssig videochatt med fr\u00e4mlingar","publisher":{"@id":"https:\/\/strangercam.com\/#organization"},"alternateName":"Strangercam.com","potentialAction":[{"@type":"SearchAction","target":{"@type":"EntryPoint","urlTemplate":"https:\/\/strangercam.com\/?s={search_term_string}"},"query-input":{"@type":"PropertyValueSpecification","valueRequired":true,"valueName":"search_term_string"}}],"inLanguage":"sv-SE"},{"@type":"Organization","@id":"https:\/\/strangercam.com\/#organization","name":"Strangercam","alternateName":"Strangercam.com","url":"https:\/\/strangercam.com\/","logo":{"@type":"ImageObject","inLanguage":"sv-SE","@id":"https:\/\/strangercam.com\/#\/schema\/logo\/image\/","url":"https:\/\/strangercam.com\/wp-content\/uploads\/2020\/11\/cropped-new-favicon-black.png","contentUrl":"https:\/\/strangercam.com\/wp-content\/uploads\/2020\/11\/cropped-new-favicon-black.png","width":512,"height":512,"caption":"Strangercam"},"image":{"@id":"https:\/\/strangercam.com\/#\/schema\/logo\/image\/"},"sameAs":["https:\/\/www.facebook.com\/strangercam","https:\/\/x.com\/strangercamapp"]}]}},"_links":{"self":[{"href":"https:\/\/strangercam.com\/sv\/wp-json\/wp\/v2\/pages\/201","targetHints":{"allow":["GET"]}}],"collection":[{"href":"https:\/\/strangercam.com\/sv\/wp-json\/wp\/v2\/pages"}],"about":[{"href":"https:\/\/strangercam.com\/sv\/wp-json\/wp\/v2\/types\/page"}],"author":[{"embeddable":true,"href":"https:\/\/strangercam.com\/sv\/wp-json\/wp\/v2\/users\/8"}],"replies":[{"embeddable":true,"href":"https:\/\/strangercam.com\/sv\/wp-json\/wp\/v2\/comments?post=201"}],"version-history":[{"count":2,"href":"https:\/\/strangercam.com\/sv\/wp-json\/wp\/v2\/pages\/201\/revisions"}],"predecessor-version":[{"id":12967,"href":"https:\/\/strangercam.com\/sv\/wp-json\/wp\/v2\/pages\/201\/revisions\/12967"}],"wp:attachment":[{"href":"https:\/\/strangercam.com\/sv\/wp-json\/wp\/v2\/media?parent=201"}],"curies":[{"name":"wp","href":"https:\/\/api.w.org\/{rel}","templated":true}]}}