{"id":1327,"date":"2021-04-06T11:24:02","date_gmt":"2021-04-06T09:24:02","guid":{"rendered":"https:\/\/strangercam.com\/?page_id=1327"},"modified":"2023-08-21T12:24:41","modified_gmt":"2023-08-21T10:24:41","slug":"chatrad","status":"publish","type":"page","link":"https:\/\/strangercam.com\/sv\/chatrad\/","title":{"rendered":"Chatrad"},"content":{"rendered":"<p>Vill du <a href=\"https:\/\/strangercam.com\/sv\/coomeet\/\">tr\u00e4ffas<\/a> nya och intressanta m\u00e4nniskor varje dag? Prova ChatRad online <a href=\"https:\/\/strangercam.com\/sv\/rabbit-video-chat\/\">video<\/a> <a href=\"https:\/\/strangercam.com\/sv\/chatroulette\/\">chatt<\/a> plattform. Det h\u00e4r \u00e4r en webbplats som hj\u00e4lper dig att tr\u00e4ffa dussintals m\u00e4nniskor varje dag via din webbkamera. Att ansluta till slumpm\u00e4ssiga fr\u00e4mlingar fr\u00e5n hela v\u00e4rlden \u00e4r enkelt och omedelbart. S\u00e5ledes, om du vill f\u00e5 nya v\u00e4nner eller g\u00e5 till dejting, \u00e4r ChatRad den perfekta plattformen f\u00f6r dig.<\/p>\n<p>Dessutom till\u00e5ter ChatRad dig ocks\u00e5 att hitta en ny dejtingpartner eller ger dig en bra tid f\u00f6r att umg\u00e5s.<\/p>\n<h2>Vad \u00e4r ChatRad?<\/h2>\n<p>ChatRad lanserades 2013. <a href=\"https:\/\/strangercam.com\/sv\/chatingly\/\">Chattar<\/a> genom webbkamerateknik var aldrig s\u00e5 l\u00e4tt. Men med hj\u00e4lp av ChatRad-plattformen g\u00f6rs chatt fr\u00e5n webbkameran enkelt f\u00f6r sina anv\u00e4ndare genom \u00e5r av innovation och h\u00e5rt arbete.<\/p>\n<p>ChatRad \u00e4r chattprogramvara som ger sina anv\u00e4ndare m\u00f6jlighet att kommunicera med slumpm\u00e4ssiga fr\u00e4mlingar genom att anv\u00e4nda webbkameran via en videoplattform. ChatRad l\u00e5ter dig ocks\u00e5 chatta baserat p\u00e5 din smak och preferenser.<\/p>\n<h3>Vad \u00e4r s\u00e5 speciellt med ChatRad?<\/h3>\n<p>Det mest speciella med ChatRad \u00e4r att det \u00e4r <a href=\"https:\/\/strangercam.com\/sv\/chat4free\/\">fri<\/a>. Du beh\u00f6ver bara anv\u00e4nda din webbkamera f\u00f6r att chatta med fr\u00e4mlingar runt om i v\u00e4rlden. L\u00e5t oss kolla n\u00e5gra specialfunktioner i ChatRad.<\/p>\n<ul>\n<li>Tr\u00e4ffa nya m\u00e4nniskor - Att tr\u00e4ffa nya m\u00e4nniskor med ChatRad \u00e4r enkelt och smidigt. Du beh\u00f6ver bara trycka p\u00e5 \u201cstart\u201d f\u00f6r att aktivera din webbkamera, s\u00e5 \u00e4r du klar.<\/li>\n<li>Dessutom \u00e4r det en plattform som bara erbjuder gratis socialisering men det ger dig ocks\u00e5 m\u00f6jlighet att visa upp din talang f\u00f6r v\u00e4rlden. Om du \u00e4r en bra gitarrspelare eller har en fantastisk r\u00f6st kan du g\u00f6ra det ChatRad enkelt. Vidare kan du diskutera olika \u00e4mnen med fr\u00e4mlingar som mat, politik, kultur och m\u00e5nga fler. Att ansluta till fr\u00e4mlingar fr\u00e5n hela v\u00e4rlden i ChatRad via en webbkamera \u00e4r ocks\u00e5 intressant och roligt. Att anv\u00e4nda din webbkamera f\u00f6r att chatta med fr\u00e4mlingar p\u00e5 ChatRads webbplats \u00e4r gratis och sp\u00e4nnande.<\/li>\n<li>Hastighet - En annan speciell sak att n\u00e4mna om ChatRad \u00e4r dess ljushastighet. ChatRad g\u00f6r att du kan ansluta till slumpm\u00e4ssiga fr\u00e4mlingar med en ljushastighet, vilket g\u00f6r dina konversationer utan problem och problemfria.<\/li>\n<\/ul>\n<p>Teamet av ChatRad arbetar h\u00e5rt f\u00f6r att s\u00e4kerst\u00e4lla din s\u00e4kerhet f\u00f6r v\u00e4rlden. Det till\u00e5ter aldrig n\u00e5gon information att l\u00e4cka till n\u00e5gon tredje part eller n\u00e5gon annan anv\u00e4ndare f\u00f6r den delen. F\u00f6r detta \u00e4ndam\u00e5l b\u00f6r du aldrig skicka n\u00e5gra personliga uppgifter till n\u00e5gra fr\u00e4mlingar. Det \u00e4r b\u00e4ttre att h\u00e5lla sig s\u00e4ker snarare \u00e4n att vara den andra sidan av b\u00e5ten.<\/p>\n<p>Forts\u00e4tt att f\u00f6lja s\u00e4kerhetstipsen f\u00f6r att s\u00e4kerst\u00e4lla att dina uppgifter inte kan identifieras av ok\u00e4nda fr\u00e4mlingar, personer eller myndigheter.<\/p>","protected":false},"excerpt":{"rendered":"<p>Want to meet new and interesting people every day? Try ChatRad online video chat platform. This is a site that helps you to meet dozens of people every day through your webcam. Connecting with random strangers from across the globe is easy and instant. Thus, if you want to make new friends, or go for [&hellip;]<\/p>\n","protected":false},"author":6,"featured_media":559,"parent":0,"menu_order":0,"comment_status":"closed","ping_status":"closed","template":"","meta":{"footnotes":""},"class_list":["post-1327","page","type-page","status-publish","has-post-thumbnail","hentry"],"yoast_head":"<!-- This site is optimized with the Yoast SEO plugin v27.4 - https:\/\/yoast.com\/product\/yoast-seo-wordpress\/ -->\n<title>Chatrad - Talk To Strangers - Cam on StrangerCam.com<\/title>\n<meta name=\"description\" content=\"Like Chatrad? Come chat with more than 5.000.000 strangers on Stranger Cam for Free! Turn on your cam and find new friends &amp; maby a match!\" \/>\n<meta name=\"robots\" content=\"index, follow, max-snippet:-1, max-image-preview:large, max-video-preview:-1\" \/>\n<link rel=\"canonical\" href=\"https:\/\/strangercam.com\/sv\/chatrad\/\" \/>\n<meta property=\"og:locale\" content=\"sv_SE\" \/>\n<meta property=\"og:type\" content=\"article\" \/>\n<meta property=\"og:title\" content=\"Chatrad - Talk To Strangers - Cam on StrangerCam.com\" \/>\n<meta property=\"og:description\" content=\"Like Chatrad? Come chat with more than 5.000.000 strangers on Stranger Cam for Free! Turn on your cam and find new friends &amp; maby a match!\" \/>\n<meta property=\"og:url\" content=\"https:\/\/strangercam.com\/sv\/chatrad\/\" \/>\n<meta property=\"og:site_name\" content=\"Strangercam\" \/>\n<meta property=\"article:publisher\" content=\"https:\/\/www.facebook.com\/strangercam\" \/>\n<meta property=\"article:modified_time\" content=\"2023-08-21T10:24:41+00:00\" \/>\n<meta property=\"og:image\" content=\"https:\/\/strangercam.com\/wp-content\/uploads\/2020\/11\/stranger-cam-1.png\" \/>\n\t<meta property=\"og:image:width\" content=\"800\" \/>\n\t<meta property=\"og:image:height\" content=\"800\" \/>\n\t<meta property=\"og:image:type\" content=\"image\/png\" \/>\n<meta name=\"twitter:card\" content=\"summary_large_image\" \/>\n<meta name=\"twitter:site\" content=\"@strangercamapp\" \/>\n<meta name=\"twitter:label1\" content=\"Ber\u00e4knad l\u00e4stid\" \/>\n\t<meta name=\"twitter:data1\" content=\"2 minuter\" \/>\n<script type=\"application\/ld+json\" class=\"yoast-schema-graph\">{\"@context\":\"https:\\\/\\\/schema.org\",\"@graph\":[{\"@type\":\"WebPage\",\"@id\":\"https:\\\/\\\/strangercam.com\\\/chatrad\\\/\",\"url\":\"https:\\\/\\\/strangercam.com\\\/chatrad\\\/\",\"name\":\"Chatrad - Talk To Strangers - Cam on StrangerCam.com\",\"isPartOf\":{\"@id\":\"https:\\\/\\\/strangercam.com\\\/#website\"},\"primaryImageOfPage\":{\"@id\":\"https:\\\/\\\/strangercam.com\\\/chatrad\\\/#primaryimage\"},\"image\":{\"@id\":\"https:\\\/\\\/strangercam.com\\\/chatrad\\\/#primaryimage\"},\"thumbnailUrl\":\"https:\\\/\\\/strangercam.com\\\/wp-content\\\/uploads\\\/2020\\\/11\\\/stranger-cam-1.png\",\"datePublished\":\"2021-04-06T09:24:02+00:00\",\"dateModified\":\"2023-08-21T10:24:41+00:00\",\"description\":\"Like Chatrad? Come chat with more than 5.000.000 strangers on Stranger Cam for Free! Turn on your cam and find new friends & maby a match!\",\"breadcrumb\":{\"@id\":\"https:\\\/\\\/strangercam.com\\\/chatrad\\\/#breadcrumb\"},\"inLanguage\":\"sv-SE\",\"potentialAction\":[{\"@type\":\"ReadAction\",\"target\":[\"https:\\\/\\\/strangercam.com\\\/chatrad\\\/\"]}]},{\"@type\":\"ImageObject\",\"inLanguage\":\"sv-SE\",\"@id\":\"https:\\\/\\\/strangercam.com\\\/chatrad\\\/#primaryimage\",\"url\":\"https:\\\/\\\/strangercam.com\\\/wp-content\\\/uploads\\\/2020\\\/11\\\/stranger-cam-1.png\",\"contentUrl\":\"https:\\\/\\\/strangercam.com\\\/wp-content\\\/uploads\\\/2020\\\/11\\\/stranger-cam-1.png\",\"width\":800,\"height\":800,\"caption\":\"stranger cam random video chat\"},{\"@type\":\"BreadcrumbList\",\"@id\":\"https:\\\/\\\/strangercam.com\\\/chatrad\\\/#breadcrumb\",\"itemListElement\":[{\"@type\":\"ListItem\",\"position\":1,\"name\":\"Home\",\"item\":\"https:\\\/\\\/strangercam.com\\\/\"},{\"@type\":\"ListItem\",\"position\":2,\"name\":\"Chatrad\"}]},{\"@type\":\"WebSite\",\"@id\":\"https:\\\/\\\/strangercam.com\\\/#website\",\"url\":\"https:\\\/\\\/strangercam.com\\\/\",\"name\":\"Strangercam\",\"description\":\"Random Video Chat with Strangers\",\"publisher\":{\"@id\":\"https:\\\/\\\/strangercam.com\\\/#organization\"},\"alternateName\":\"Strangercam.com\",\"potentialAction\":[{\"@type\":\"SearchAction\",\"target\":{\"@type\":\"EntryPoint\",\"urlTemplate\":\"https:\\\/\\\/strangercam.com\\\/?s={search_term_string}\"},\"query-input\":{\"@type\":\"PropertyValueSpecification\",\"valueRequired\":true,\"valueName\":\"search_term_string\"}}],\"inLanguage\":\"sv-SE\"},{\"@type\":\"Organization\",\"@id\":\"https:\\\/\\\/strangercam.com\\\/#organization\",\"name\":\"Strangercam\",\"alternateName\":\"Strangercam.com\",\"url\":\"https:\\\/\\\/strangercam.com\\\/\",\"logo\":{\"@type\":\"ImageObject\",\"inLanguage\":\"sv-SE\",\"@id\":\"https:\\\/\\\/strangercam.com\\\/#\\\/schema\\\/logo\\\/image\\\/\",\"url\":\"https:\\\/\\\/strangercam.com\\\/wp-content\\\/uploads\\\/2020\\\/11\\\/cropped-new-favicon-black.png\",\"contentUrl\":\"https:\\\/\\\/strangercam.com\\\/wp-content\\\/uploads\\\/2020\\\/11\\\/cropped-new-favicon-black.png\",\"width\":512,\"height\":512,\"caption\":\"Strangercam\"},\"image\":{\"@id\":\"https:\\\/\\\/strangercam.com\\\/#\\\/schema\\\/logo\\\/image\\\/\"},\"sameAs\":[\"https:\\\/\\\/www.facebook.com\\\/strangercam\",\"https:\\\/\\\/x.com\\\/strangercamapp\"]}]}<\/script>\n<!-- \/ Yoast SEO plugin. -->","yoast_head_json":{"title":"Chatrad - Prata med fr\u00e4mlingar - Cam p\u00e5 StrangerCam.com","description":"Gillar du Chatrad? Kom och chatta med mer \u00e4n 5.000.000 fr\u00e4mlingar p\u00e5 Stranger Cam helt gratis! Sl\u00e5 p\u00e5 din kamera och hitta nya v\u00e4nner och kanske en match!","robots":{"index":"index","follow":"follow","max-snippet":"max-snippet:-1","max-image-preview":"max-image-preview:large","max-video-preview":"max-video-preview:-1"},"canonical":"https:\/\/strangercam.com\/sv\/chatrad\/","og_locale":"sv_SE","og_type":"article","og_title":"Chatrad - Talk To Strangers - Cam on StrangerCam.com","og_description":"Like Chatrad? Come chat with more than 5.000.000 strangers on Stranger Cam for Free! Turn on your cam and find new friends & maby a match!","og_url":"https:\/\/strangercam.com\/sv\/chatrad\/","og_site_name":"Strangercam","article_publisher":"https:\/\/www.facebook.com\/strangercam","article_modified_time":"2023-08-21T10:24:41+00:00","og_image":[{"width":800,"height":800,"url":"https:\/\/strangercam.com\/wp-content\/uploads\/2020\/11\/stranger-cam-1.png","type":"image\/png"}],"twitter_card":"summary_large_image","twitter_site":"@strangercamapp","twitter_misc":{"Ber\u00e4knad l\u00e4stid":"2 minuter"},"schema":{"@context":"https:\/\/schema.org","@graph":[{"@type":"WebPage","@id":"https:\/\/strangercam.com\/chatrad\/","url":"https:\/\/strangercam.com\/chatrad\/","name":"Chatrad - Prata med fr\u00e4mlingar - Cam p\u00e5 StrangerCam.com","isPartOf":{"@id":"https:\/\/strangercam.com\/#website"},"primaryImageOfPage":{"@id":"https:\/\/strangercam.com\/chatrad\/#primaryimage"},"image":{"@id":"https:\/\/strangercam.com\/chatrad\/#primaryimage"},"thumbnailUrl":"https:\/\/strangercam.com\/wp-content\/uploads\/2020\/11\/stranger-cam-1.png","datePublished":"2021-04-06T09:24:02+00:00","dateModified":"2023-08-21T10:24:41+00:00","description":"Gillar du Chatrad? Kom och chatta med mer \u00e4n 5.000.000 fr\u00e4mlingar p\u00e5 Stranger Cam helt gratis! Sl\u00e5 p\u00e5 din kamera och hitta nya v\u00e4nner och kanske en match!","breadcrumb":{"@id":"https:\/\/strangercam.com\/chatrad\/#breadcrumb"},"inLanguage":"sv-SE","potentialAction":[{"@type":"ReadAction","target":["https:\/\/strangercam.com\/chatrad\/"]}]},{"@type":"ImageObject","inLanguage":"sv-SE","@id":"https:\/\/strangercam.com\/chatrad\/#primaryimage","url":"https:\/\/strangercam.com\/wp-content\/uploads\/2020\/11\/stranger-cam-1.png","contentUrl":"https:\/\/strangercam.com\/wp-content\/uploads\/2020\/11\/stranger-cam-1.png","width":800,"height":800,"caption":"stranger cam random video chat"},{"@type":"BreadcrumbList","@id":"https:\/\/strangercam.com\/chatrad\/#breadcrumb","itemListElement":[{"@type":"ListItem","position":1,"name":"Home","item":"https:\/\/strangercam.com\/"},{"@type":"ListItem","position":2,"name":"Chatrad"}]},{"@type":"WebSite","@id":"https:\/\/strangercam.com\/#website","url":"https:\/\/strangercam.com\/","name":"Strangercam","description":"Slumpm\u00e4ssig videochatt med fr\u00e4mlingar","publisher":{"@id":"https:\/\/strangercam.com\/#organization"},"alternateName":"Strangercam.com","potentialAction":[{"@type":"SearchAction","target":{"@type":"EntryPoint","urlTemplate":"https:\/\/strangercam.com\/?s={search_term_string}"},"query-input":{"@type":"PropertyValueSpecification","valueRequired":true,"valueName":"search_term_string"}}],"inLanguage":"sv-SE"},{"@type":"Organization","@id":"https:\/\/strangercam.com\/#organization","name":"Strangercam","alternateName":"Strangercam.com","url":"https:\/\/strangercam.com\/","logo":{"@type":"ImageObject","inLanguage":"sv-SE","@id":"https:\/\/strangercam.com\/#\/schema\/logo\/image\/","url":"https:\/\/strangercam.com\/wp-content\/uploads\/2020\/11\/cropped-new-favicon-black.png","contentUrl":"https:\/\/strangercam.com\/wp-content\/uploads\/2020\/11\/cropped-new-favicon-black.png","width":512,"height":512,"caption":"Strangercam"},"image":{"@id":"https:\/\/strangercam.com\/#\/schema\/logo\/image\/"},"sameAs":["https:\/\/www.facebook.com\/strangercam","https:\/\/x.com\/strangercamapp"]}]}},"_links":{"self":[{"href":"https:\/\/strangercam.com\/sv\/wp-json\/wp\/v2\/pages\/1327","targetHints":{"allow":["GET"]}}],"collection":[{"href":"https:\/\/strangercam.com\/sv\/wp-json\/wp\/v2\/pages"}],"about":[{"href":"https:\/\/strangercam.com\/sv\/wp-json\/wp\/v2\/types\/page"}],"author":[{"embeddable":true,"href":"https:\/\/strangercam.com\/sv\/wp-json\/wp\/v2\/users\/6"}],"replies":[{"embeddable":true,"href":"https:\/\/strangercam.com\/sv\/wp-json\/wp\/v2\/comments?post=1327"}],"version-history":[{"count":0,"href":"https:\/\/strangercam.com\/sv\/wp-json\/wp\/v2\/pages\/1327\/revisions"}],"wp:featuredmedia":[{"embeddable":true,"href":"https:\/\/strangercam.com\/sv\/wp-json\/wp\/v2\/media\/559"}],"wp:attachment":[{"href":"https:\/\/strangercam.com\/sv\/wp-json\/wp\/v2\/media?parent=1327"}],"curies":[{"name":"wp","href":"https:\/\/api.w.org\/{rel}","templated":true}]}}